{"id":148138,"date":"2020-03-16T10:45:30","date_gmt":"2020-03-16T10:45:30","guid":{"rendered":"https:\/\/theomm.com\/product\/flow-tee-zip-l-s-w\/"},"modified":"2025-09-10T15:05:40","modified_gmt":"2025-09-10T15:05:40","slug":"flow-tee-zip-l-s-w","status":"publish","type":"product","link":"https:\/\/theomm.com\/de\/product\/flow-tee-zip-l-s-w\/","title":{"rendered":"Flow Tee Zip L\/S (W)"},"content":{"rendered":"","protected":false},"excerpt":{"rendered":"<p>Das Flow Tee Zip L\/S ist ein atmungsaktives, lang\u00e4rmeliges Lauf-Shirt mit einer Passform speziell f\u00fcr Damen. Die nahtlose Schulterkonstruktion reduziert den Abrieb durch den Rucksack und antibakterielles Polygiene sorgt f\u00fcr ein frisches Gef\u00fchl, auch nach l\u00e4ngerer Benutzung.<\/p>\n","protected":false},"featured_media":141503,"template":"","meta":{"_acf_changed":false,"_et_pb_use_builder":"","_et_pb_old_content":"","_et_gb_content_width":""},"locations":[1195,1196],"product_brand":[],"product_cat":[147,612],"product_tag":[1002,1003,1007,1008,1009,998,1004,1005,849],"class_list":{"0":"post-148138","1":"product","2":"type-product","3":"status-publish","4":"has-post-thumbnail","6":"locations-eu","7":"locations-uk","8":"product_cat-bekleidung-de","9":"product_cat-erste-schicht","10":"product_tag-flow-running-tee-de","11":"product_tag-flow-tee-de","12":"product_tag-flow-tee-zip-de","13":"product_tag-flow-tee-zip-l-s-womens-de","14":"product_tag-langarmliges-dametop","15":"product_tag-langarmliges-oberteil-fur-damen","16":"product_tag-omm-flow-running-tee-de","17":"product_tag-omm-flow-tee-de","18":"product_tag-sp-de","19":"pa_color-blau","20":"pa_colour-blau","21":"pa_colour-grau","22":"pa_gender-damen","23":"pa_size-gross","24":"pa_size-klein","25":"pa_size-mittel","26":"pa_size-x-gross","27":"pa_size-x-klein","28":"pa_technology-polygiene","29":"pa_weight-100-200g","31":"first","32":"outofstock","33":"taxable","34":"shipping-taxable","35":"purchasable","36":"product-type-variable","37":"wvs-archive-product-wrapper"},"acf":[],"yoast_head":"<!-- This site is optimized with the Yoast SEO plugin v27.3 - https:\/\/yoast.com\/product\/yoast-seo-wordpress\/ -->\n<title>Flow Tee Zip L\/S (W) - OMM<\/title>\n<meta name=\"robots\" content=\"index, follow, max-snippet:-1, max-image-preview:large, max-video-preview:-1\" \/>\n<link rel=\"canonical\" href=\"https:\/\/theomm.com\/de\/product\/flow-tee-zip-l-s-w\/\" \/>\n<meta property=\"og:locale\" content=\"de_DE\" \/>\n<meta property=\"og:type\" content=\"article\" \/>\n<meta property=\"og:title\" content=\"Flow Tee Zip L\/S (W) - OMM\" \/>\n<meta property=\"og:description\" content=\"Das Flow Tee Zip L\/S ist ein atmungsaktives, lang\u00e4rmeliges Lauf-Shirt mit einer Passform speziell f\u00fcr Damen. Die nahtlose Schulterkonstruktion reduziert den Abrieb durch den Rucksack und antibakterielles Polygiene sorgt f\u00fcr ein frisches Gef\u00fchl, auch nach l\u00e4ngerer Benutzung.\" \/>\n<meta property=\"og:url\" content=\"https:\/\/theomm.com\/de\/product\/flow-tee-zip-l-s-w\/\" \/>\n<meta property=\"og:site_name\" content=\"OMM\" \/>\n<meta property=\"article:publisher\" content=\"https:\/\/www.facebook.com\/OMMrunning?_ga=2.203172945.1541616462.1665402953-280172632.1649426001\" \/>\n<meta property=\"article:modified_time\" content=\"2025-09-10T15:05:40+00:00\" \/>\n<meta property=\"og:image\" content=\"https:\/\/theomm.com\/wp-content\/uploads\/2022\/10\/Simple_OC146_Flow-Tee-LS-W_Blue.jpg\" \/>\n\t<meta property=\"og:image:width\" content=\"600\" \/>\n\t<meta property=\"og:image:height\" content=\"600\" \/>\n\t<meta property=\"og:image:type\" content=\"image\/jpeg\" \/>\n<meta name=\"twitter:card\" content=\"summary_large_image\" \/>\n<script type=\"application\/ld+json\" class=\"yoast-schema-graph\">{\"@context\":\"https:\\\/\\\/schema.org\",\"@graph\":[{\"@type\":\"WebPage\",\"@id\":\"https:\\\/\\\/theomm.com\\\/de\\\/product\\\/flow-tee-zip-l-s-w\\\/\",\"url\":\"https:\\\/\\\/theomm.com\\\/de\\\/product\\\/flow-tee-zip-l-s-w\\\/\",\"name\":\"Flow Tee Zip L\\\/S (W) - OMM\",\"isPartOf\":{\"@id\":\"https:\\\/\\\/theomm.com\\\/#website\"},\"primaryImageOfPage\":{\"@id\":\"https:\\\/\\\/theomm.com\\\/de\\\/product\\\/flow-tee-zip-l-s-w\\\/#primaryimage\"},\"image\":{\"@id\":\"https:\\\/\\\/theomm.com\\\/de\\\/product\\\/flow-tee-zip-l-s-w\\\/#primaryimage\"},\"thumbnailUrl\":\"https:\\\/\\\/theomm.com\\\/wp-content\\\/uploads\\\/2022\\\/10\\\/Simple_OC146_Flow-Tee-LS-W_Blue.jpg\",\"datePublished\":\"2020-03-16T10:45:30+00:00\",\"dateModified\":\"2025-09-10T15:05:40+00:00\",\"breadcrumb\":{\"@id\":\"https:\\\/\\\/theomm.com\\\/de\\\/product\\\/flow-tee-zip-l-s-w\\\/#breadcrumb\"},\"inLanguage\":\"de\",\"potentialAction\":[{\"@type\":\"ReadAction\",\"target\":[\"https:\\\/\\\/theomm.com\\\/de\\\/product\\\/flow-tee-zip-l-s-w\\\/\"]}]},{\"@type\":\"ImageObject\",\"inLanguage\":\"de\",\"@id\":\"https:\\\/\\\/theomm.com\\\/de\\\/product\\\/flow-tee-zip-l-s-w\\\/#primaryimage\",\"url\":\"https:\\\/\\\/theomm.com\\\/wp-content\\\/uploads\\\/2022\\\/10\\\/Simple_OC146_Flow-Tee-LS-W_Blue.jpg\",\"contentUrl\":\"https:\\\/\\\/theomm.com\\\/wp-content\\\/uploads\\\/2022\\\/10\\\/Simple_OC146_Flow-Tee-LS-W_Blue.jpg\",\"width\":600,\"height\":600},{\"@type\":\"BreadcrumbList\",\"@id\":\"https:\\\/\\\/theomm.com\\\/de\\\/product\\\/flow-tee-zip-l-s-w\\\/#breadcrumb\",\"itemListElement\":[{\"@type\":\"ListItem\",\"position\":1,\"name\":\"Home\",\"item\":\"https:\\\/\\\/theomm.com\\\/\"},{\"@type\":\"ListItem\",\"position\":2,\"name\":\"Einkaufen\",\"item\":\"https:\\\/\\\/theomm.com\\\/original-mountain-marathon\\\/products\\\/\"},{\"@type\":\"ListItem\",\"position\":3,\"name\":\"Flow Tee Zip L\\\/S (W)\"}]},{\"@type\":\"WebSite\",\"@id\":\"https:\\\/\\\/theomm.com\\\/#website\",\"url\":\"https:\\\/\\\/theomm.com\\\/\",\"name\":\"OMM\",\"description\":\"OMM is Technical clothing and equipment made for running in the mountains. Designed to the specifications of Original Mountain Marathon.\",\"alternateName\":\"Original Mountain Marathon\",\"potentialAction\":[{\"@type\":\"SearchAction\",\"target\":{\"@type\":\"EntryPoint\",\"urlTemplate\":\"https:\\\/\\\/theomm.com\\\/?s={search_term_string}\"},\"query-input\":{\"@type\":\"PropertyValueSpecification\",\"valueRequired\":true,\"valueName\":\"search_term_string\"}}],\"inLanguage\":\"de\"}]}<\/script>\n<!-- \/ Yoast SEO plugin. -->","yoast_head_json":{"title":"Flow Tee Zip L\/S (W) - OMM","robots":{"index":"index","follow":"follow","max-snippet":"max-snippet:-1","max-image-preview":"max-image-preview:large","max-video-preview":"max-video-preview:-1"},"canonical":"https:\/\/theomm.com\/de\/product\/flow-tee-zip-l-s-w\/","og_locale":"de_DE","og_type":"article","og_title":"Flow Tee Zip L\/S (W) - OMM","og_description":"Das Flow Tee Zip L\/S ist ein atmungsaktives, lang\u00e4rmeliges Lauf-Shirt mit einer Passform speziell f\u00fcr Damen. Die nahtlose Schulterkonstruktion reduziert den Abrieb durch den Rucksack und antibakterielles Polygiene sorgt f\u00fcr ein frisches Gef\u00fchl, auch nach l\u00e4ngerer Benutzung.","og_url":"https:\/\/theomm.com\/de\/product\/flow-tee-zip-l-s-w\/","og_site_name":"OMM","article_publisher":"https:\/\/www.facebook.com\/OMMrunning?_ga=2.203172945.1541616462.1665402953-280172632.1649426001","article_modified_time":"2025-09-10T15:05:40+00:00","og_image":[{"width":600,"height":600,"url":"https:\/\/theomm.com\/wp-content\/uploads\/2022\/10\/Simple_OC146_Flow-Tee-LS-W_Blue.jpg","type":"image\/jpeg"}],"twitter_card":"summary_large_image","schema":{"@context":"https:\/\/schema.org","@graph":[{"@type":"WebPage","@id":"https:\/\/theomm.com\/de\/product\/flow-tee-zip-l-s-w\/","url":"https:\/\/theomm.com\/de\/product\/flow-tee-zip-l-s-w\/","name":"Flow Tee Zip L\/S (W) - OMM","isPartOf":{"@id":"https:\/\/theomm.com\/#website"},"primaryImageOfPage":{"@id":"https:\/\/theomm.com\/de\/product\/flow-tee-zip-l-s-w\/#primaryimage"},"image":{"@id":"https:\/\/theomm.com\/de\/product\/flow-tee-zip-l-s-w\/#primaryimage"},"thumbnailUrl":"https:\/\/theomm.com\/wp-content\/uploads\/2022\/10\/Simple_OC146_Flow-Tee-LS-W_Blue.jpg","datePublished":"2020-03-16T10:45:30+00:00","dateModified":"2025-09-10T15:05:40+00:00","breadcrumb":{"@id":"https:\/\/theomm.com\/de\/product\/flow-tee-zip-l-s-w\/#breadcrumb"},"inLanguage":"de","potentialAction":[{"@type":"ReadAction","target":["https:\/\/theomm.com\/de\/product\/flow-tee-zip-l-s-w\/"]}]},{"@type":"ImageObject","inLanguage":"de","@id":"https:\/\/theomm.com\/de\/product\/flow-tee-zip-l-s-w\/#primaryimage","url":"https:\/\/theomm.com\/wp-content\/uploads\/2022\/10\/Simple_OC146_Flow-Tee-LS-W_Blue.jpg","contentUrl":"https:\/\/theomm.com\/wp-content\/uploads\/2022\/10\/Simple_OC146_Flow-Tee-LS-W_Blue.jpg","width":600,"height":600},{"@type":"BreadcrumbList","@id":"https:\/\/theomm.com\/de\/product\/flow-tee-zip-l-s-w\/#breadcrumb","itemListElement":[{"@type":"ListItem","position":1,"name":"Home","item":"https:\/\/theomm.com\/"},{"@type":"ListItem","position":2,"name":"Einkaufen","item":"https:\/\/theomm.com\/original-mountain-marathon\/products\/"},{"@type":"ListItem","position":3,"name":"Flow Tee Zip L\/S (W)"}]},{"@type":"WebSite","@id":"https:\/\/theomm.com\/#website","url":"https:\/\/theomm.com\/","name":"OMM","description":"OMM is Technical clothing and equipment made for running in the mountains. Designed to the specifications of Original Mountain Marathon.","alternateName":"Original Mountain Marathon","potentialAction":[{"@type":"SearchAction","target":{"@type":"EntryPoint","urlTemplate":"https:\/\/theomm.com\/?s={search_term_string}"},"query-input":{"@type":"PropertyValueSpecification","valueRequired":true,"valueName":"search_term_string"}}],"inLanguage":"de"}]}},"_links":{"self":[{"href":"https:\/\/theomm.com\/de\/wp-json\/wp\/v2\/product\/148138","targetHints":{"allow":["GET"]}}],"collection":[{"href":"https:\/\/theomm.com\/de\/wp-json\/wp\/v2\/product"}],"about":[{"href":"https:\/\/theomm.com\/de\/wp-json\/wp\/v2\/types\/product"}],"wp:featuredmedia":[{"embeddable":true,"href":"https:\/\/theomm.com\/de\/wp-json\/wp\/v2\/media\/141503"}],"wp:attachment":[{"href":"https:\/\/theomm.com\/de\/wp-json\/wp\/v2\/media?parent=148138"}],"wp:term":[{"taxonomy":"locations","embeddable":true,"href":"https:\/\/theomm.com\/de\/wp-json\/wp\/v2\/locations?post=148138"},{"taxonomy":"product_brand","embeddable":true,"href":"https:\/\/theomm.com\/de\/wp-json\/wp\/v2\/product_brand?post=148138"},{"taxonomy":"product_cat","embeddable":true,"href":"https:\/\/theomm.com\/de\/wp-json\/wp\/v2\/product_cat?post=148138"},{"taxonomy":"product_tag","embeddable":true,"href":"https:\/\/theomm.com\/de\/wp-json\/wp\/v2\/product_tag?post=148138"}],"curies":[{"name":"wp","href":"https:\/\/api.w.org\/{rel}","templated":true}]}}