{"id":148151,"date":"2020-03-16T10:45:30","date_gmt":"2020-03-16T10:45:30","guid":{"rendered":"https:\/\/theomm.com\/product\/flow-tee\/"},"modified":"2025-09-10T15:05:41","modified_gmt":"2025-09-10T15:05:41","slug":"flow-tee","status":"publish","type":"product","link":"https:\/\/theomm.com\/de\/product\/flow-tee\/","title":{"rendered":"Flow Tee"},"content":{"rendered":"","protected":false},"excerpt":{"rendered":"<p>Unser Race Shirt \u00fcberzeugt durch ein durchdachtes Design. Das Hochleistungs-Top f\u00fcr extreme Bedingungen mit nahtloser Schulterkonstruktion reduziert den Abrieb durch den Rucksack und verbessert die Bel\u00fcftung und Bewegungsfreiheit. Ein auff\u00e4lliges Konturendesign an den \u00c4rmeln erinnert an die Entwicklungsgeschichte von OMM.<\/p>\n","protected":false},"featured_media":141463,"template":"","meta":{"_acf_changed":false,"_et_pb_use_builder":"","_et_pb_old_content":"","_et_gb_content_width":""},"locations":[],"product_brand":[],"product_cat":[147,2133,612,2102],"product_tag":[1002,1003,1004,1005,849],"class_list":{"0":"post-148151","1":"product","2":"type-product","3":"status-publish","4":"has-post-thumbnail","6":"product_cat-bekleidung-de","7":"product_cat-clothing-equipment-de","8":"product_cat-erste-schicht","9":"product_cat-sale-de-de","10":"product_tag-flow-running-tee-de","11":"product_tag-flow-tee-de","12":"product_tag-omm-flow-running-tee-de","13":"product_tag-omm-flow-tee-de","14":"product_tag-sp-de","15":"pa_color-blau","16":"pa_color-grau","17":"pa_color-grun","18":"pa_colour-blau","19":"pa_colour-blau-grua","20":"pa_colour-grau","21":"pa_colour-gruen-grau","22":"pa_gender-mens-de","23":"pa_size-gross","24":"pa_size-klein","25":"pa_size-mittel","26":"pa_size-x-gross","27":"pa_size-x-klein","28":"pa_technology-polygiene","29":"pa_weight-100-200g","31":"first","32":"outofstock","33":"taxable","34":"shipping-taxable","35":"purchasable","36":"product-type-variable","37":"wvs-archive-product-wrapper"},"acf":[],"yoast_head":"<!-- This site is optimized with the Yoast SEO plugin v27.4 - https:\/\/yoast.com\/product\/yoast-seo-wordpress\/ -->\n<title>Flow Tee - OMM<\/title>\n<meta name=\"robots\" content=\"index, follow, max-snippet:-1, max-image-preview:large, max-video-preview:-1\" \/>\n<link rel=\"canonical\" href=\"https:\/\/theomm.com\/de\/product\/flow-tee\/\" \/>\n<meta property=\"og:locale\" content=\"de_DE\" \/>\n<meta property=\"og:type\" content=\"article\" \/>\n<meta property=\"og:title\" content=\"Flow Tee - OMM\" \/>\n<meta property=\"og:description\" content=\"Unser Race Shirt \u00fcberzeugt durch ein durchdachtes Design. Das Hochleistungs-Top f\u00fcr extreme Bedingungen mit nahtloser Schulterkonstruktion reduziert den Abrieb durch den Rucksack und verbessert die Bel\u00fcftung und Bewegungsfreiheit. Ein auff\u00e4lliges Konturendesign an den \u00c4rmeln erinnert an die Entwicklungsgeschichte von OMM.\" \/>\n<meta property=\"og:url\" content=\"https:\/\/theomm.com\/de\/product\/flow-tee\/\" \/>\n<meta property=\"og:site_name\" content=\"OMM\" \/>\n<meta property=\"article:publisher\" content=\"https:\/\/www.facebook.com\/OMMrunning?_ga=2.203172945.1541616462.1665402953-280172632.1649426001\" \/>\n<meta property=\"article:modified_time\" content=\"2025-09-10T15:05:41+00:00\" \/>\n<meta property=\"og:image\" content=\"https:\/\/theomm.com\/wp-content\/uploads\/2022\/10\/OC142-Flow-Tee-Simple_0008_flowblgr.jpg\" \/>\n\t<meta property=\"og:image:width\" content=\"600\" \/>\n\t<meta property=\"og:image:height\" content=\"600\" \/>\n\t<meta property=\"og:image:type\" content=\"image\/jpeg\" \/>\n<meta name=\"twitter:card\" content=\"summary_large_image\" \/>\n<script type=\"application\/ld+json\" class=\"yoast-schema-graph\">{\"@context\":\"https:\\\/\\\/schema.org\",\"@graph\":[{\"@type\":\"WebPage\",\"@id\":\"https:\\\/\\\/theomm.com\\\/de\\\/product\\\/flow-tee\\\/\",\"url\":\"https:\\\/\\\/theomm.com\\\/de\\\/product\\\/flow-tee\\\/\",\"name\":\"Flow Tee - OMM\",\"isPartOf\":{\"@id\":\"https:\\\/\\\/theomm.com\\\/#website\"},\"primaryImageOfPage\":{\"@id\":\"https:\\\/\\\/theomm.com\\\/de\\\/product\\\/flow-tee\\\/#primaryimage\"},\"image\":{\"@id\":\"https:\\\/\\\/theomm.com\\\/de\\\/product\\\/flow-tee\\\/#primaryimage\"},\"thumbnailUrl\":\"https:\\\/\\\/theomm.com\\\/wp-content\\\/uploads\\\/2022\\\/10\\\/OC142-Flow-Tee-Simple_0008_flowblgr.jpg\",\"datePublished\":\"2020-03-16T10:45:30+00:00\",\"dateModified\":\"2025-09-10T15:05:41+00:00\",\"breadcrumb\":{\"@id\":\"https:\\\/\\\/theomm.com\\\/de\\\/product\\\/flow-tee\\\/#breadcrumb\"},\"inLanguage\":\"de\",\"potentialAction\":[{\"@type\":\"ReadAction\",\"target\":[\"https:\\\/\\\/theomm.com\\\/de\\\/product\\\/flow-tee\\\/\"]}]},{\"@type\":\"ImageObject\",\"inLanguage\":\"de\",\"@id\":\"https:\\\/\\\/theomm.com\\\/de\\\/product\\\/flow-tee\\\/#primaryimage\",\"url\":\"https:\\\/\\\/theomm.com\\\/wp-content\\\/uploads\\\/2022\\\/10\\\/OC142-Flow-Tee-Simple_0008_flowblgr.jpg\",\"contentUrl\":\"https:\\\/\\\/theomm.com\\\/wp-content\\\/uploads\\\/2022\\\/10\\\/OC142-Flow-Tee-Simple_0008_flowblgr.jpg\",\"width\":600,\"height\":600},{\"@type\":\"BreadcrumbList\",\"@id\":\"https:\\\/\\\/theomm.com\\\/de\\\/product\\\/flow-tee\\\/#breadcrumb\",\"itemListElement\":[{\"@type\":\"ListItem\",\"position\":1,\"name\":\"Home\",\"item\":\"https:\\\/\\\/theomm.com\\\/\"},{\"@type\":\"ListItem\",\"position\":2,\"name\":\"Einkaufen\",\"item\":\"https:\\\/\\\/theomm.com\\\/original-mountain-marathon\\\/products\\\/\"},{\"@type\":\"ListItem\",\"position\":3,\"name\":\"Flow Tee\"}]},{\"@type\":\"WebSite\",\"@id\":\"https:\\\/\\\/theomm.com\\\/#website\",\"url\":\"https:\\\/\\\/theomm.com\\\/\",\"name\":\"OMM\",\"description\":\"OMM is Technical clothing and equipment made for running in the mountains. Designed to the specifications of Original Mountain Marathon.\",\"alternateName\":\"Original Mountain Marathon\",\"potentialAction\":[{\"@type\":\"SearchAction\",\"target\":{\"@type\":\"EntryPoint\",\"urlTemplate\":\"https:\\\/\\\/theomm.com\\\/?s={search_term_string}\"},\"query-input\":{\"@type\":\"PropertyValueSpecification\",\"valueRequired\":true,\"valueName\":\"search_term_string\"}}],\"inLanguage\":\"de\"}]}<\/script>\n<!-- \/ Yoast SEO plugin. -->","yoast_head_json":{"title":"Flow Tee - OMM","robots":{"index":"index","follow":"follow","max-snippet":"max-snippet:-1","max-image-preview":"max-image-preview:large","max-video-preview":"max-video-preview:-1"},"canonical":"https:\/\/theomm.com\/de\/product\/flow-tee\/","og_locale":"de_DE","og_type":"article","og_title":"Flow Tee - OMM","og_description":"Unser Race Shirt \u00fcberzeugt durch ein durchdachtes Design. Das Hochleistungs-Top f\u00fcr extreme Bedingungen mit nahtloser Schulterkonstruktion reduziert den Abrieb durch den Rucksack und verbessert die Bel\u00fcftung und Bewegungsfreiheit. Ein auff\u00e4lliges Konturendesign an den \u00c4rmeln erinnert an die Entwicklungsgeschichte von OMM.","og_url":"https:\/\/theomm.com\/de\/product\/flow-tee\/","og_site_name":"OMM","article_publisher":"https:\/\/www.facebook.com\/OMMrunning?_ga=2.203172945.1541616462.1665402953-280172632.1649426001","article_modified_time":"2025-09-10T15:05:41+00:00","og_image":[{"width":600,"height":600,"url":"https:\/\/theomm.com\/wp-content\/uploads\/2022\/10\/OC142-Flow-Tee-Simple_0008_flowblgr.jpg","type":"image\/jpeg"}],"twitter_card":"summary_large_image","schema":{"@context":"https:\/\/schema.org","@graph":[{"@type":"WebPage","@id":"https:\/\/theomm.com\/de\/product\/flow-tee\/","url":"https:\/\/theomm.com\/de\/product\/flow-tee\/","name":"Flow Tee - OMM","isPartOf":{"@id":"https:\/\/theomm.com\/#website"},"primaryImageOfPage":{"@id":"https:\/\/theomm.com\/de\/product\/flow-tee\/#primaryimage"},"image":{"@id":"https:\/\/theomm.com\/de\/product\/flow-tee\/#primaryimage"},"thumbnailUrl":"https:\/\/theomm.com\/wp-content\/uploads\/2022\/10\/OC142-Flow-Tee-Simple_0008_flowblgr.jpg","datePublished":"2020-03-16T10:45:30+00:00","dateModified":"2025-09-10T15:05:41+00:00","breadcrumb":{"@id":"https:\/\/theomm.com\/de\/product\/flow-tee\/#breadcrumb"},"inLanguage":"de","potentialAction":[{"@type":"ReadAction","target":["https:\/\/theomm.com\/de\/product\/flow-tee\/"]}]},{"@type":"ImageObject","inLanguage":"de","@id":"https:\/\/theomm.com\/de\/product\/flow-tee\/#primaryimage","url":"https:\/\/theomm.com\/wp-content\/uploads\/2022\/10\/OC142-Flow-Tee-Simple_0008_flowblgr.jpg","contentUrl":"https:\/\/theomm.com\/wp-content\/uploads\/2022\/10\/OC142-Flow-Tee-Simple_0008_flowblgr.jpg","width":600,"height":600},{"@type":"BreadcrumbList","@id":"https:\/\/theomm.com\/de\/product\/flow-tee\/#breadcrumb","itemListElement":[{"@type":"ListItem","position":1,"name":"Home","item":"https:\/\/theomm.com\/"},{"@type":"ListItem","position":2,"name":"Einkaufen","item":"https:\/\/theomm.com\/original-mountain-marathon\/products\/"},{"@type":"ListItem","position":3,"name":"Flow Tee"}]},{"@type":"WebSite","@id":"https:\/\/theomm.com\/#website","url":"https:\/\/theomm.com\/","name":"OMM","description":"OMM is Technical clothing and equipment made for running in the mountains. Designed to the specifications of Original Mountain Marathon.","alternateName":"Original Mountain Marathon","potentialAction":[{"@type":"SearchAction","target":{"@type":"EntryPoint","urlTemplate":"https:\/\/theomm.com\/?s={search_term_string}"},"query-input":{"@type":"PropertyValueSpecification","valueRequired":true,"valueName":"search_term_string"}}],"inLanguage":"de"}]}},"_links":{"self":[{"href":"https:\/\/theomm.com\/de\/wp-json\/wp\/v2\/product\/148151","targetHints":{"allow":["GET"]}}],"collection":[{"href":"https:\/\/theomm.com\/de\/wp-json\/wp\/v2\/product"}],"about":[{"href":"https:\/\/theomm.com\/de\/wp-json\/wp\/v2\/types\/product"}],"wp:featuredmedia":[{"embeddable":true,"href":"https:\/\/theomm.com\/de\/wp-json\/wp\/v2\/media\/141463"}],"wp:attachment":[{"href":"https:\/\/theomm.com\/de\/wp-json\/wp\/v2\/media?parent=148151"}],"wp:term":[{"taxonomy":"locations","embeddable":true,"href":"https:\/\/theomm.com\/de\/wp-json\/wp\/v2\/locations?post=148151"},{"taxonomy":"product_brand","embeddable":true,"href":"https:\/\/theomm.com\/de\/wp-json\/wp\/v2\/product_brand?post=148151"},{"taxonomy":"product_cat","embeddable":true,"href":"https:\/\/theomm.com\/de\/wp-json\/wp\/v2\/product_cat?post=148151"},{"taxonomy":"product_tag","embeddable":true,"href":"https:\/\/theomm.com\/de\/wp-json\/wp\/v2\/product_tag?post=148151"}],"curies":[{"name":"wp","href":"https:\/\/api.w.org\/{rel}","templated":true}]}}