{"id":148224,"date":"2021-03-16T10:46:17","date_gmt":"2021-03-16T10:46:17","guid":{"rendered":"https:\/\/theomm.com\/product\/waistbelt-3\/"},"modified":"2025-09-10T17:04:24","modified_gmt":"2025-09-10T17:04:24","slug":"waistbelt-3","status":"publish","type":"product","link":"https:\/\/theomm.com\/de\/product\/waistbelt-3\/","title":{"rendered":"WaistBelt 3"},"content":{"rendered":"","protected":false},"excerpt":{"rendered":"<p>Eine leichtgewichtige H\u00fcfttasche f\u00fcr obligatorische Ausr\u00fcstung bei Rennen oder anderer Basics am Berg, stets leicht zug\u00e4nglich, aber stabil verstaut. Das Material ist atmungsaktiv.<\/p>\n","protected":false},"featured_media":141055,"template":"","meta":{"_acf_changed":false,"_et_pb_use_builder":"","_et_pb_old_content":"","_et_gb_content_width":""},"locations":[],"product_brand":[],"product_cat":[652,668],"product_tag":[1029,1030,1031,670,671,1032],"class_list":{"0":"post-148224","1":"product","2":"type-product","3":"status-publish","4":"has-post-thumbnail","6":"product_cat-packungen","7":"product_cat-taillengurtel","8":"product_tag-3-liter-hufttasche","9":"product_tag-classic-waist-pouch-de","10":"product_tag-omm-bumbag-de","11":"product_tag-omm-hufttasche","12":"product_tag-omm-taillengurtel","13":"product_tag-waistbelt-3-de","14":"pa_color-blau","15":"pa_color-grau","16":"pa_color-grun","17":"pa_color-orange-de","18":"pa_color-rosa","19":"pa_color-violett","20":"pa_colour-blau","21":"pa_colour-grau","22":"pa_colour-grun","23":"pa_colour-lila","24":"pa_colour-orange-de","25":"pa_colour-rosa","26":"pa_gender-damen","27":"pa_gender-mens-de","28":"pa_weight-50-100g","30":"first","31":"instock","32":"taxable","33":"shipping-taxable","34":"purchasable","35":"product-type-variable","36":"wvs-archive-product-wrapper"},"acf":[],"yoast_head":"<!-- This site is optimized with the Yoast SEO plugin v27.3 - https:\/\/yoast.com\/product\/yoast-seo-wordpress\/ -->\n<title>WaistBelt 3 - OMM<\/title>\n<meta name=\"robots\" content=\"index, follow, max-snippet:-1, max-image-preview:large, max-video-preview:-1\" \/>\n<link rel=\"canonical\" href=\"https:\/\/theomm.com\/de\/product\/waistbelt-3\/\" \/>\n<meta property=\"og:locale\" content=\"de_DE\" \/>\n<meta property=\"og:type\" content=\"article\" \/>\n<meta property=\"og:title\" content=\"WaistBelt 3 - OMM\" \/>\n<meta property=\"og:description\" content=\"Eine leichtgewichtige H\u00fcfttasche f\u00fcr obligatorische Ausr\u00fcstung bei Rennen oder anderer Basics am Berg, stets leicht zug\u00e4nglich, aber stabil verstaut. Das Material ist atmungsaktiv.\" \/>\n<meta property=\"og:url\" content=\"https:\/\/theomm.com\/de\/product\/waistbelt-3\/\" \/>\n<meta property=\"og:site_name\" content=\"OMM\" \/>\n<meta property=\"article:publisher\" content=\"https:\/\/www.facebook.com\/OMMrunning?_ga=2.203172945.1541616462.1665402953-280172632.1649426001\" \/>\n<meta property=\"article:modified_time\" content=\"2025-09-10T17:04:24+00:00\" \/>\n<meta property=\"og:image\" content=\"https:\/\/theomm.com\/wp-content\/uploads\/2022\/10\/OF043_Waistbelt_3_Orange_Angle.jpg\" \/>\n\t<meta property=\"og:image:width\" content=\"600\" \/>\n\t<meta property=\"og:image:height\" content=\"600\" \/>\n\t<meta property=\"og:image:type\" content=\"image\/jpeg\" \/>\n<meta name=\"twitter:card\" content=\"summary_large_image\" \/>\n<script type=\"application\/ld+json\" class=\"yoast-schema-graph\">{\"@context\":\"https:\\\/\\\/schema.org\",\"@graph\":[{\"@type\":\"WebPage\",\"@id\":\"https:\\\/\\\/theomm.com\\\/de\\\/product\\\/waistbelt-3\\\/\",\"url\":\"https:\\\/\\\/theomm.com\\\/de\\\/product\\\/waistbelt-3\\\/\",\"name\":\"WaistBelt 3 - OMM\",\"isPartOf\":{\"@id\":\"https:\\\/\\\/theomm.com\\\/#website\"},\"primaryImageOfPage\":{\"@id\":\"https:\\\/\\\/theomm.com\\\/de\\\/product\\\/waistbelt-3\\\/#primaryimage\"},\"image\":{\"@id\":\"https:\\\/\\\/theomm.com\\\/de\\\/product\\\/waistbelt-3\\\/#primaryimage\"},\"thumbnailUrl\":\"https:\\\/\\\/theomm.com\\\/wp-content\\\/uploads\\\/2022\\\/10\\\/OF043_Waistbelt_3_Orange_Angle.jpg\",\"datePublished\":\"2021-03-16T10:46:17+00:00\",\"dateModified\":\"2025-09-10T17:04:24+00:00\",\"breadcrumb\":{\"@id\":\"https:\\\/\\\/theomm.com\\\/de\\\/product\\\/waistbelt-3\\\/#breadcrumb\"},\"inLanguage\":\"de\",\"potentialAction\":[{\"@type\":\"ReadAction\",\"target\":[\"https:\\\/\\\/theomm.com\\\/de\\\/product\\\/waistbelt-3\\\/\"]}]},{\"@type\":\"ImageObject\",\"inLanguage\":\"de\",\"@id\":\"https:\\\/\\\/theomm.com\\\/de\\\/product\\\/waistbelt-3\\\/#primaryimage\",\"url\":\"https:\\\/\\\/theomm.com\\\/wp-content\\\/uploads\\\/2022\\\/10\\\/OF043_Waistbelt_3_Orange_Angle.jpg\",\"contentUrl\":\"https:\\\/\\\/theomm.com\\\/wp-content\\\/uploads\\\/2022\\\/10\\\/OF043_Waistbelt_3_Orange_Angle.jpg\",\"width\":600,\"height\":600},{\"@type\":\"BreadcrumbList\",\"@id\":\"https:\\\/\\\/theomm.com\\\/de\\\/product\\\/waistbelt-3\\\/#breadcrumb\",\"itemListElement\":[{\"@type\":\"ListItem\",\"position\":1,\"name\":\"Home\",\"item\":\"https:\\\/\\\/theomm.com\\\/\"},{\"@type\":\"ListItem\",\"position\":2,\"name\":\"Einkaufen\",\"item\":\"https:\\\/\\\/theomm.com\\\/original-mountain-marathon\\\/products\\\/\"},{\"@type\":\"ListItem\",\"position\":3,\"name\":\"WaistBelt 3\"}]},{\"@type\":\"WebSite\",\"@id\":\"https:\\\/\\\/theomm.com\\\/#website\",\"url\":\"https:\\\/\\\/theomm.com\\\/\",\"name\":\"OMM\",\"description\":\"OMM is Technical clothing and equipment made for running in the mountains. Designed to the specifications of Original Mountain Marathon.\",\"alternateName\":\"Original Mountain Marathon\",\"potentialAction\":[{\"@type\":\"SearchAction\",\"target\":{\"@type\":\"EntryPoint\",\"urlTemplate\":\"https:\\\/\\\/theomm.com\\\/?s={search_term_string}\"},\"query-input\":{\"@type\":\"PropertyValueSpecification\",\"valueRequired\":true,\"valueName\":\"search_term_string\"}}],\"inLanguage\":\"de\"}]}<\/script>\n<!-- \/ Yoast SEO plugin. -->","yoast_head_json":{"title":"WaistBelt 3 - OMM","robots":{"index":"index","follow":"follow","max-snippet":"max-snippet:-1","max-image-preview":"max-image-preview:large","max-video-preview":"max-video-preview:-1"},"canonical":"https:\/\/theomm.com\/de\/product\/waistbelt-3\/","og_locale":"de_DE","og_type":"article","og_title":"WaistBelt 3 - OMM","og_description":"Eine leichtgewichtige H\u00fcfttasche f\u00fcr obligatorische Ausr\u00fcstung bei Rennen oder anderer Basics am Berg, stets leicht zug\u00e4nglich, aber stabil verstaut. Das Material ist atmungsaktiv.","og_url":"https:\/\/theomm.com\/de\/product\/waistbelt-3\/","og_site_name":"OMM","article_publisher":"https:\/\/www.facebook.com\/OMMrunning?_ga=2.203172945.1541616462.1665402953-280172632.1649426001","article_modified_time":"2025-09-10T17:04:24+00:00","og_image":[{"width":600,"height":600,"url":"https:\/\/theomm.com\/wp-content\/uploads\/2022\/10\/OF043_Waistbelt_3_Orange_Angle.jpg","type":"image\/jpeg"}],"twitter_card":"summary_large_image","schema":{"@context":"https:\/\/schema.org","@graph":[{"@type":"WebPage","@id":"https:\/\/theomm.com\/de\/product\/waistbelt-3\/","url":"https:\/\/theomm.com\/de\/product\/waistbelt-3\/","name":"WaistBelt 3 - OMM","isPartOf":{"@id":"https:\/\/theomm.com\/#website"},"primaryImageOfPage":{"@id":"https:\/\/theomm.com\/de\/product\/waistbelt-3\/#primaryimage"},"image":{"@id":"https:\/\/theomm.com\/de\/product\/waistbelt-3\/#primaryimage"},"thumbnailUrl":"https:\/\/theomm.com\/wp-content\/uploads\/2022\/10\/OF043_Waistbelt_3_Orange_Angle.jpg","datePublished":"2021-03-16T10:46:17+00:00","dateModified":"2025-09-10T17:04:24+00:00","breadcrumb":{"@id":"https:\/\/theomm.com\/de\/product\/waistbelt-3\/#breadcrumb"},"inLanguage":"de","potentialAction":[{"@type":"ReadAction","target":["https:\/\/theomm.com\/de\/product\/waistbelt-3\/"]}]},{"@type":"ImageObject","inLanguage":"de","@id":"https:\/\/theomm.com\/de\/product\/waistbelt-3\/#primaryimage","url":"https:\/\/theomm.com\/wp-content\/uploads\/2022\/10\/OF043_Waistbelt_3_Orange_Angle.jpg","contentUrl":"https:\/\/theomm.com\/wp-content\/uploads\/2022\/10\/OF043_Waistbelt_3_Orange_Angle.jpg","width":600,"height":600},{"@type":"BreadcrumbList","@id":"https:\/\/theomm.com\/de\/product\/waistbelt-3\/#breadcrumb","itemListElement":[{"@type":"ListItem","position":1,"name":"Home","item":"https:\/\/theomm.com\/"},{"@type":"ListItem","position":2,"name":"Einkaufen","item":"https:\/\/theomm.com\/original-mountain-marathon\/products\/"},{"@type":"ListItem","position":3,"name":"WaistBelt 3"}]},{"@type":"WebSite","@id":"https:\/\/theomm.com\/#website","url":"https:\/\/theomm.com\/","name":"OMM","description":"OMM is Technical clothing and equipment made for running in the mountains. Designed to the specifications of Original Mountain Marathon.","alternateName":"Original Mountain Marathon","potentialAction":[{"@type":"SearchAction","target":{"@type":"EntryPoint","urlTemplate":"https:\/\/theomm.com\/?s={search_term_string}"},"query-input":{"@type":"PropertyValueSpecification","valueRequired":true,"valueName":"search_term_string"}}],"inLanguage":"de"}]}},"_links":{"self":[{"href":"https:\/\/theomm.com\/de\/wp-json\/wp\/v2\/product\/148224","targetHints":{"allow":["GET"]}}],"collection":[{"href":"https:\/\/theomm.com\/de\/wp-json\/wp\/v2\/product"}],"about":[{"href":"https:\/\/theomm.com\/de\/wp-json\/wp\/v2\/types\/product"}],"wp:featuredmedia":[{"embeddable":true,"href":"https:\/\/theomm.com\/de\/wp-json\/wp\/v2\/media\/141055"}],"wp:attachment":[{"href":"https:\/\/theomm.com\/de\/wp-json\/wp\/v2\/media?parent=148224"}],"wp:term":[{"taxonomy":"locations","embeddable":true,"href":"https:\/\/theomm.com\/de\/wp-json\/wp\/v2\/locations?post=148224"},{"taxonomy":"product_brand","embeddable":true,"href":"https:\/\/theomm.com\/de\/wp-json\/wp\/v2\/product_brand?post=148224"},{"taxonomy":"product_cat","embeddable":true,"href":"https:\/\/theomm.com\/de\/wp-json\/wp\/v2\/product_cat?post=148224"},{"taxonomy":"product_tag","embeddable":true,"href":"https:\/\/theomm.com\/de\/wp-json\/wp\/v2\/product_tag?post=148224"}],"curies":[{"name":"wp","href":"https:\/\/api.w.org\/{rel}","templated":true}]}}