{"id":148339,"date":"2022-08-31T10:47:13","date_gmt":"2022-08-31T10:47:13","guid":{"rendered":"https:\/\/theomm.com\/product\/kamleika-jacket-w-2\/"},"modified":"2026-01-03T00:03:54","modified_gmt":"2026-01-03T00:03:54","slug":"kamleika-jacket-w-2","status":"publish","type":"product","link":"https:\/\/theomm.com\/de\/product\/kamleika-jacket-w-2\/","title":{"rendered":"Kamleika Jacket (W)"},"content":{"rendered":"","protected":false},"excerpt":{"rendered":"<p>Das Kamleika Jacket ist unser Original in Sachen wasserdichte Stretch-Jacken! Das Laufen in den Bergen stellt bei schlechtem Wetter die Ausr\u00fcstung vor ebenso viele Herausforderungen wie uns selbst. Das gilt ganz besonders bei der Entwicklung eines wasserdichten Materials, auf dessen Eigenschaften wir uns immer verlassen wollen: Rubustheit, Komfort, Stretch, zuverl\u00e4ssiger Schutz vor dem Wetter, geringes Gewicht, Wasserdichtigkeit und Atmungsaktivit\u00e4t. OMMs Antwort darauf ist das Kamleka Jacket. Im Winter 2020 gibt es sie in einer ganz neuen Version mit einem Au\u00dfenmaterial mit Nylon, was sie so robust macht wie noch nie zuvor. Probiere es aus&#8230; auch im Winter ist es dein zuverl\u00e4ssiger Begleiter in den Bergen!<\/p>\n<p>Ein Ausflug in die Geschichte: Die Jacke gibt es nun in der 5. Generation. In seinen Anf\u00e4ngen erfand OMM elastisches und gleichzeitig wasserdichtes Material, und so war vor 20 Jahren das Kamleika Jacket auch die erste Regenjacke mit echtem Stretch. Um das zu erreichen, ersetzten wir das normalerweise gewebte Obermaterial einer Jacke durch ein gestricktes &#8211; obwohl es uns vor einige Herausforderungen stellte, die Elastizi\u00e4t in der Membran zu erm\u00f6glichen und die beiden miteinander zu verbinden. Diese Technologie verbesserten wir im Laufe der Jahre, um das Gewicht zu reduzieren, die Atmungsaktivit\u00e4t zu verbessern und weitere Features hinzuzuf\u00fcgen. Die Grundidee ist aber noch immer die gleiche!<\/p>\n","protected":false},"featured_media":140307,"template":"","meta":{"_acf_changed":false,"_et_pb_use_builder":"","_et_pb_old_content":"","_et_gb_content_width":""},"locations":[],"product_brand":[],"product_cat":[149,649,147,1445,2102],"product_tag":[1083,1084,1085,1086],"class_list":{"0":"post-148339","1":"product","2":"type-product","3":"status-publish","4":"has-post-thumbnail","6":"product_cat-ausruestungsliste","7":"product_cat-ausere-schicht","8":"product_cat-bekleidung-de","9":"product_cat-kamleika-de","10":"product_cat-sale-de-de","11":"product_tag-ladies-kamleika-jacket-de","12":"product_tag-ladies-running-jacket-de","13":"product_tag-leichte-damen-laufjacke","14":"product_tag-wasserdichte-damen-laufjacke","15":"pa_color-blau","16":"pa_color-gelb","17":"pa_color-grau","18":"pa_color-marineblau","19":"pa_colour-blau","20":"pa_colour-gelb","21":"pa_colour-grau","22":"pa_colour-marineblau","23":"pa_gender-damen","24":"pa_size-gross","25":"pa_size-klein","26":"pa_size-mittel","27":"pa_size-x-gross","28":"pa_size-x-klein","29":"pa_technology-37-5-technology","30":"pa_technology-kamleika-4-way-stretch","31":"pa_weight-200-300g","33":"first","34":"instock","35":"taxable","36":"shipping-taxable","37":"purchasable","38":"product-type-variable","39":"wvs-archive-product-wrapper"},"acf":[],"yoast_head":"<!-- This site is optimized with the Yoast SEO plugin v27.3 - https:\/\/yoast.com\/product\/yoast-seo-wordpress\/ -->\n<title>Kamleika Jacket (W) - OMM<\/title>\n<meta name=\"robots\" content=\"index, follow, max-snippet:-1, max-image-preview:large, max-video-preview:-1\" \/>\n<link rel=\"canonical\" href=\"https:\/\/theomm.com\/de\/product\/kamleika-jacket-w-2\/\" \/>\n<meta property=\"og:locale\" content=\"de_DE\" \/>\n<meta property=\"og:type\" content=\"article\" \/>\n<meta property=\"og:title\" content=\"Kamleika Jacket (W) - OMM\" \/>\n<meta property=\"og:description\" content=\"Das Kamleika Jacket ist unser Original in Sachen wasserdichte Stretch-Jacken! Das Laufen in den Bergen stellt bei schlechtem Wetter die Ausr\u00fcstung vor ebenso viele Herausforderungen wie uns selbst. Das gilt ganz besonders bei der Entwicklung eines wasserdichten Materials, auf dessen Eigenschaften wir uns immer verlassen wollen: Rubustheit, Komfort, Stretch, zuverl\u00e4ssiger Schutz vor dem Wetter, geringes Gewicht, Wasserdichtigkeit und Atmungsaktivit\u00e4t. OMMs Antwort darauf ist das Kamleka Jacket. Im Winter 2020 gibt es sie in einer ganz neuen Version mit einem Au\u00dfenmaterial mit Nylon, was sie so robust macht wie noch nie zuvor. Probiere es aus... auch im Winter ist es dein zuverl\u00e4ssiger Begleiter in den Bergen!Ein Ausflug in die Geschichte: Die Jacke gibt es nun in der 5. Generation. In seinen Anf\u00e4ngen erfand OMM elastisches und gleichzeitig wasserdichtes Material, und so war vor 20 Jahren das Kamleika Jacket auch die erste Regenjacke mit echtem Stretch. Um das zu erreichen, ersetzten wir das normalerweise gewebte Obermaterial einer Jacke durch ein gestricktes - obwohl es uns vor einige Herausforderungen stellte, die Elastizi\u00e4t in der Membran zu erm\u00f6glichen und die beiden miteinander zu verbinden. Diese Technologie verbesserten wir im Laufe der Jahre, um das Gewicht zu reduzieren, die Atmungsaktivit\u00e4t zu verbessern und weitere Features hinzuzuf\u00fcgen. Die Grundidee ist aber noch immer die gleiche!\" \/>\n<meta property=\"og:url\" content=\"https:\/\/theomm.com\/de\/product\/kamleika-jacket-w-2\/\" \/>\n<meta property=\"og:site_name\" content=\"OMM\" \/>\n<meta property=\"article:publisher\" content=\"https:\/\/www.facebook.com\/OMMrunning?_ga=2.203172945.1541616462.1665402953-280172632.1649426001\" \/>\n<meta property=\"article:modified_time\" content=\"2026-01-03T00:03:54+00:00\" \/>\n<meta property=\"og:image\" content=\"https:\/\/theomm.com\/wp-content\/uploads\/2022\/10\/OC151_Kamleika_Jacket_W_Navy_Front_hood_down.jpg\" \/>\n\t<meta property=\"og:image:width\" content=\"600\" \/>\n\t<meta property=\"og:image:height\" content=\"600\" \/>\n\t<meta property=\"og:image:type\" content=\"image\/jpeg\" \/>\n<meta name=\"twitter:card\" content=\"summary_large_image\" \/>\n<script type=\"application\/ld+json\" class=\"yoast-schema-graph\">{\"@context\":\"https:\\\/\\\/schema.org\",\"@graph\":[{\"@type\":\"WebPage\",\"@id\":\"https:\\\/\\\/theomm.com\\\/de\\\/product\\\/kamleika-jacket-w-2\\\/\",\"url\":\"https:\\\/\\\/theomm.com\\\/de\\\/product\\\/kamleika-jacket-w-2\\\/\",\"name\":\"Kamleika Jacket (W) - OMM\",\"isPartOf\":{\"@id\":\"https:\\\/\\\/theomm.com\\\/#website\"},\"primaryImageOfPage\":{\"@id\":\"https:\\\/\\\/theomm.com\\\/de\\\/product\\\/kamleika-jacket-w-2\\\/#primaryimage\"},\"image\":{\"@id\":\"https:\\\/\\\/theomm.com\\\/de\\\/product\\\/kamleika-jacket-w-2\\\/#primaryimage\"},\"thumbnailUrl\":\"https:\\\/\\\/theomm.com\\\/wp-content\\\/uploads\\\/2022\\\/10\\\/OC151_Kamleika_Jacket_W_Navy_Front_hood_down.jpg\",\"datePublished\":\"2022-08-31T10:47:13+00:00\",\"dateModified\":\"2026-01-03T00:03:54+00:00\",\"breadcrumb\":{\"@id\":\"https:\\\/\\\/theomm.com\\\/de\\\/product\\\/kamleika-jacket-w-2\\\/#breadcrumb\"},\"inLanguage\":\"de\",\"potentialAction\":[{\"@type\":\"ReadAction\",\"target\":[\"https:\\\/\\\/theomm.com\\\/de\\\/product\\\/kamleika-jacket-w-2\\\/\"]}]},{\"@type\":\"ImageObject\",\"inLanguage\":\"de\",\"@id\":\"https:\\\/\\\/theomm.com\\\/de\\\/product\\\/kamleika-jacket-w-2\\\/#primaryimage\",\"url\":\"https:\\\/\\\/theomm.com\\\/wp-content\\\/uploads\\\/2022\\\/10\\\/OC151_Kamleika_Jacket_W_Navy_Front_hood_down.jpg\",\"contentUrl\":\"https:\\\/\\\/theomm.com\\\/wp-content\\\/uploads\\\/2022\\\/10\\\/OC151_Kamleika_Jacket_W_Navy_Front_hood_down.jpg\",\"width\":600,\"height\":600},{\"@type\":\"BreadcrumbList\",\"@id\":\"https:\\\/\\\/theomm.com\\\/de\\\/product\\\/kamleika-jacket-w-2\\\/#breadcrumb\",\"itemListElement\":[{\"@type\":\"ListItem\",\"position\":1,\"name\":\"Home\",\"item\":\"https:\\\/\\\/theomm.com\\\/\"},{\"@type\":\"ListItem\",\"position\":2,\"name\":\"Einkaufen\",\"item\":\"https:\\\/\\\/theomm.com\\\/original-mountain-marathon\\\/products\\\/\"},{\"@type\":\"ListItem\",\"position\":3,\"name\":\"Kamleika Jacket (W)\"}]},{\"@type\":\"WebSite\",\"@id\":\"https:\\\/\\\/theomm.com\\\/#website\",\"url\":\"https:\\\/\\\/theomm.com\\\/\",\"name\":\"OMM\",\"description\":\"OMM is Technical clothing and equipment made for running in the mountains. Designed to the specifications of Original Mountain Marathon.\",\"alternateName\":\"Original Mountain Marathon\",\"potentialAction\":[{\"@type\":\"SearchAction\",\"target\":{\"@type\":\"EntryPoint\",\"urlTemplate\":\"https:\\\/\\\/theomm.com\\\/?s={search_term_string}\"},\"query-input\":{\"@type\":\"PropertyValueSpecification\",\"valueRequired\":true,\"valueName\":\"search_term_string\"}}],\"inLanguage\":\"de\"}]}<\/script>\n<!-- \/ Yoast SEO plugin. -->","yoast_head_json":{"title":"Kamleika Jacket (W) - OMM","robots":{"index":"index","follow":"follow","max-snippet":"max-snippet:-1","max-image-preview":"max-image-preview:large","max-video-preview":"max-video-preview:-1"},"canonical":"https:\/\/theomm.com\/de\/product\/kamleika-jacket-w-2\/","og_locale":"de_DE","og_type":"article","og_title":"Kamleika Jacket (W) - OMM","og_description":"Das Kamleika Jacket ist unser Original in Sachen wasserdichte Stretch-Jacken! Das Laufen in den Bergen stellt bei schlechtem Wetter die Ausr\u00fcstung vor ebenso viele Herausforderungen wie uns selbst. Das gilt ganz besonders bei der Entwicklung eines wasserdichten Materials, auf dessen Eigenschaften wir uns immer verlassen wollen: Rubustheit, Komfort, Stretch, zuverl\u00e4ssiger Schutz vor dem Wetter, geringes Gewicht, Wasserdichtigkeit und Atmungsaktivit\u00e4t. OMMs Antwort darauf ist das Kamleka Jacket. Im Winter 2020 gibt es sie in einer ganz neuen Version mit einem Au\u00dfenmaterial mit Nylon, was sie so robust macht wie noch nie zuvor. Probiere es aus... auch im Winter ist es dein zuverl\u00e4ssiger Begleiter in den Bergen!Ein Ausflug in die Geschichte: Die Jacke gibt es nun in der 5. Generation. In seinen Anf\u00e4ngen erfand OMM elastisches und gleichzeitig wasserdichtes Material, und so war vor 20 Jahren das Kamleika Jacket auch die erste Regenjacke mit echtem Stretch. Um das zu erreichen, ersetzten wir das normalerweise gewebte Obermaterial einer Jacke durch ein gestricktes - obwohl es uns vor einige Herausforderungen stellte, die Elastizi\u00e4t in der Membran zu erm\u00f6glichen und die beiden miteinander zu verbinden. Diese Technologie verbesserten wir im Laufe der Jahre, um das Gewicht zu reduzieren, die Atmungsaktivit\u00e4t zu verbessern und weitere Features hinzuzuf\u00fcgen. Die Grundidee ist aber noch immer die gleiche!","og_url":"https:\/\/theomm.com\/de\/product\/kamleika-jacket-w-2\/","og_site_name":"OMM","article_publisher":"https:\/\/www.facebook.com\/OMMrunning?_ga=2.203172945.1541616462.1665402953-280172632.1649426001","article_modified_time":"2026-01-03T00:03:54+00:00","og_image":[{"width":600,"height":600,"url":"https:\/\/theomm.com\/wp-content\/uploads\/2022\/10\/OC151_Kamleika_Jacket_W_Navy_Front_hood_down.jpg","type":"image\/jpeg"}],"twitter_card":"summary_large_image","schema":{"@context":"https:\/\/schema.org","@graph":[{"@type":"WebPage","@id":"https:\/\/theomm.com\/de\/product\/kamleika-jacket-w-2\/","url":"https:\/\/theomm.com\/de\/product\/kamleika-jacket-w-2\/","name":"Kamleika Jacket (W) - OMM","isPartOf":{"@id":"https:\/\/theomm.com\/#website"},"primaryImageOfPage":{"@id":"https:\/\/theomm.com\/de\/product\/kamleika-jacket-w-2\/#primaryimage"},"image":{"@id":"https:\/\/theomm.com\/de\/product\/kamleika-jacket-w-2\/#primaryimage"},"thumbnailUrl":"https:\/\/theomm.com\/wp-content\/uploads\/2022\/10\/OC151_Kamleika_Jacket_W_Navy_Front_hood_down.jpg","datePublished":"2022-08-31T10:47:13+00:00","dateModified":"2026-01-03T00:03:54+00:00","breadcrumb":{"@id":"https:\/\/theomm.com\/de\/product\/kamleika-jacket-w-2\/#breadcrumb"},"inLanguage":"de","potentialAction":[{"@type":"ReadAction","target":["https:\/\/theomm.com\/de\/product\/kamleika-jacket-w-2\/"]}]},{"@type":"ImageObject","inLanguage":"de","@id":"https:\/\/theomm.com\/de\/product\/kamleika-jacket-w-2\/#primaryimage","url":"https:\/\/theomm.com\/wp-content\/uploads\/2022\/10\/OC151_Kamleika_Jacket_W_Navy_Front_hood_down.jpg","contentUrl":"https:\/\/theomm.com\/wp-content\/uploads\/2022\/10\/OC151_Kamleika_Jacket_W_Navy_Front_hood_down.jpg","width":600,"height":600},{"@type":"BreadcrumbList","@id":"https:\/\/theomm.com\/de\/product\/kamleika-jacket-w-2\/#breadcrumb","itemListElement":[{"@type":"ListItem","position":1,"name":"Home","item":"https:\/\/theomm.com\/"},{"@type":"ListItem","position":2,"name":"Einkaufen","item":"https:\/\/theomm.com\/original-mountain-marathon\/products\/"},{"@type":"ListItem","position":3,"name":"Kamleika Jacket (W)"}]},{"@type":"WebSite","@id":"https:\/\/theomm.com\/#website","url":"https:\/\/theomm.com\/","name":"OMM","description":"OMM is Technical clothing and equipment made for running in the mountains. Designed to the specifications of Original Mountain Marathon.","alternateName":"Original Mountain Marathon","potentialAction":[{"@type":"SearchAction","target":{"@type":"EntryPoint","urlTemplate":"https:\/\/theomm.com\/?s={search_term_string}"},"query-input":{"@type":"PropertyValueSpecification","valueRequired":true,"valueName":"search_term_string"}}],"inLanguage":"de"}]}},"_links":{"self":[{"href":"https:\/\/theomm.com\/de\/wp-json\/wp\/v2\/product\/148339","targetHints":{"allow":["GET"]}}],"collection":[{"href":"https:\/\/theomm.com\/de\/wp-json\/wp\/v2\/product"}],"about":[{"href":"https:\/\/theomm.com\/de\/wp-json\/wp\/v2\/types\/product"}],"wp:featuredmedia":[{"embeddable":true,"href":"https:\/\/theomm.com\/de\/wp-json\/wp\/v2\/media\/140307"}],"wp:attachment":[{"href":"https:\/\/theomm.com\/de\/wp-json\/wp\/v2\/media?parent=148339"}],"wp:term":[{"taxonomy":"locations","embeddable":true,"href":"https:\/\/theomm.com\/de\/wp-json\/wp\/v2\/locations?post=148339"},{"taxonomy":"product_brand","embeddable":true,"href":"https:\/\/theomm.com\/de\/wp-json\/wp\/v2\/product_brand?post=148339"},{"taxonomy":"product_cat","embeddable":true,"href":"https:\/\/theomm.com\/de\/wp-json\/wp\/v2\/product_cat?post=148339"},{"taxonomy":"product_tag","embeddable":true,"href":"https:\/\/theomm.com\/de\/wp-json\/wp\/v2\/product_tag?post=148339"}],"curies":[{"name":"wp","href":"https:\/\/api.w.org\/{rel}","templated":true}]}}