{"id":148376,"date":"2020-09-16T10:47:31","date_gmt":"2020-09-16T10:47:31","guid":{"rendered":"https:\/\/theomm.com\/product\/core-vest\/"},"modified":"2025-12-14T22:49:30","modified_gmt":"2025-12-14T22:49:30","slug":"core-vest","status":"publish","type":"product","link":"https:\/\/theomm.com\/de\/product\/core-vest\/","title":{"rendered":"Core Vest"},"content":{"rendered":"","protected":false},"excerpt":{"rendered":"<p>Die Thermo-Weste aus isolierendem Material mit der PRIMALOFT\u00ae ACTIVE Technologie. Er l\u00e4sst sich alleine oder in Kombination mit anderen Schichten tragen.<\/p>\n<p>Die ultraleichte Core-Reihe l\u00e4sst dich eine ganz neue Art von Isolation erleben. Daf\u00fcr wurden synthetische Fasern direkt auf ein einlagiges Netzgewebe gewebt. Die OMM Core Produkte bestehen vollst\u00e4ndig aus isolierendem Material der PRIMALOFT\u00ae ACTIVE Technologie und bieten die gleiche W\u00e4rme wie andere synthetische Isolationsprodukte, jedoch mit der H\u00e4lfte an Gewicht und einer besseren Atmungsaktivit\u00e4t als bei einem lang\u00e4rmeligen Shirt.<\/p>\n<p>Der Look der Core-Serie ist genauso au\u00dfergew\u00f6hnlich wie seine Performance. Die vielseitige Weste eignet sich f\u00fcr Aktivit\u00e4ten mit verschiedenen Belastungsniveaus: Als \u00e4u\u00dfere Schicht gibt das Netzgewebe \u00fcberm\u00e4\u00dfige W\u00e4rme und Feuchtigkeit ab. Als zus\u00e4tzliche Schicht bewahrt sie W\u00e4rme zuverl\u00e4ssig. <\/p>\n<p>Die Core Weste verwendet die 75g PRIMALOFT\u00ae ACTIVE Insulating Fabric Technologie, die leichtere Version des 125g PRIMALOFT\u00ae ACTIVE Materials, das in dem Core Jacket verwendet wird.<\/p>\n","protected":false},"featured_media":140339,"template":"","meta":{"_acf_changed":false,"_et_pb_use_builder":"","_et_pb_old_content":"","_et_gb_content_width":""},"locations":[1195,1196],"product_brand":[],"product_cat":[147,1175,708],"product_tag":[2088,2060,1091,978],"class_list":{"0":"post-148376","1":"product","2":"type-product","3":"status-publish","4":"has-post-thumbnail","6":"locations-eu","7":"locations-uk","8":"product_cat-bekleidung-de","9":"product_cat-core-de","10":"product_cat-mittelschicht","11":"product_tag-gilet-de","12":"product_tag-insulated-gillet-de","13":"product_tag-omm-core-vest-de","14":"product_tag-thermo-laufweste","15":"pa_color-blau","16":"pa_color-orange-de","17":"pa_color-schwarz","18":"pa_colour-blau","19":"pa_colour-orange-de","20":"pa_colour-schwarz","21":"pa_gender-mens-de","22":"pa_size-gross","23":"pa_size-klein","24":"pa_size-mittel","25":"pa_size-x-gross","26":"pa_size-x-klein","27":"pa_technology-primaloft-active","28":"pa_weight-50-100g","30":"first","31":"instock","32":"taxable","33":"shipping-taxable","34":"purchasable","35":"product-type-variable","36":"wvs-archive-product-wrapper"},"acf":[],"yoast_head":"<!-- This site is optimized with the Yoast SEO plugin v27.4 - https:\/\/yoast.com\/product\/yoast-seo-wordpress\/ -->\n<title>Core Vest - OMM<\/title>\n<meta name=\"robots\" content=\"index, follow, max-snippet:-1, max-image-preview:large, max-video-preview:-1\" \/>\n<link rel=\"canonical\" href=\"https:\/\/theomm.com\/de\/product\/core-vest\/\" \/>\n<meta property=\"og:locale\" content=\"de_DE\" \/>\n<meta property=\"og:type\" content=\"article\" \/>\n<meta property=\"og:title\" content=\"Core Vest - OMM\" \/>\n<meta property=\"og:description\" content=\"Die Thermo-Weste aus isolierendem Material mit der PRIMALOFT\u00ae ACTIVE Technologie. Er l\u00e4sst sich alleine oder in Kombination mit anderen Schichten tragen.Die ultraleichte Core-Reihe l\u00e4sst dich eine ganz neue Art von Isolation erleben. Daf\u00fcr wurden synthetische Fasern direkt auf ein einlagiges Netzgewebe gewebt. Die OMM Core Produkte bestehen vollst\u00e4ndig aus isolierendem Material der PRIMALOFT\u00ae ACTIVE Technologie und bieten die gleiche W\u00e4rme wie andere synthetische Isolationsprodukte, jedoch mit der H\u00e4lfte an Gewicht und einer besseren Atmungsaktivit\u00e4t als bei einem lang\u00e4rmeligen Shirt.Der Look der Core-Serie ist genauso au\u00dfergew\u00f6hnlich wie seine Performance. Die vielseitige Weste eignet sich f\u00fcr Aktivit\u00e4ten mit verschiedenen Belastungsniveaus: Als \u00e4u\u00dfere Schicht gibt das Netzgewebe \u00fcberm\u00e4\u00dfige W\u00e4rme und Feuchtigkeit ab. Als zus\u00e4tzliche Schicht bewahrt sie W\u00e4rme zuverl\u00e4ssig. Die Core Weste verwendet die 75g PRIMALOFT\u00ae ACTIVE Insulating Fabric Technologie, die leichtere Version des 125g PRIMALOFT\u00ae ACTIVE Materials, das in dem Core Jacket verwendet wird.\" \/>\n<meta property=\"og:url\" content=\"https:\/\/theomm.com\/de\/product\/core-vest\/\" \/>\n<meta property=\"og:site_name\" content=\"OMM\" \/>\n<meta property=\"article:publisher\" content=\"https:\/\/www.facebook.com\/OMMrunning?_ga=2.203172945.1541616462.1665402953-280172632.1649426001\" \/>\n<meta property=\"article:modified_time\" content=\"2025-12-14T22:49:30+00:00\" \/>\n<meta property=\"og:image\" content=\"https:\/\/theomm.com\/wp-content\/uploads\/2022\/10\/OC153_Core_Vest_Blue_Front.jpg\" \/>\n\t<meta property=\"og:image:width\" content=\"600\" \/>\n\t<meta property=\"og:image:height\" content=\"600\" \/>\n\t<meta property=\"og:image:type\" content=\"image\/jpeg\" \/>\n<meta name=\"twitter:card\" content=\"summary_large_image\" \/>\n<script type=\"application\/ld+json\" class=\"yoast-schema-graph\">{\"@context\":\"https:\\\/\\\/schema.org\",\"@graph\":[{\"@type\":\"WebPage\",\"@id\":\"https:\\\/\\\/theomm.com\\\/de\\\/product\\\/core-vest\\\/\",\"url\":\"https:\\\/\\\/theomm.com\\\/de\\\/product\\\/core-vest\\\/\",\"name\":\"Core Vest - OMM\",\"isPartOf\":{\"@id\":\"https:\\\/\\\/theomm.com\\\/#website\"},\"primaryImageOfPage\":{\"@id\":\"https:\\\/\\\/theomm.com\\\/de\\\/product\\\/core-vest\\\/#primaryimage\"},\"image\":{\"@id\":\"https:\\\/\\\/theomm.com\\\/de\\\/product\\\/core-vest\\\/#primaryimage\"},\"thumbnailUrl\":\"https:\\\/\\\/theomm.com\\\/wp-content\\\/uploads\\\/2022\\\/10\\\/OC153_Core_Vest_Blue_Front.jpg\",\"datePublished\":\"2020-09-16T10:47:31+00:00\",\"dateModified\":\"2025-12-14T22:49:30+00:00\",\"breadcrumb\":{\"@id\":\"https:\\\/\\\/theomm.com\\\/de\\\/product\\\/core-vest\\\/#breadcrumb\"},\"inLanguage\":\"de\",\"potentialAction\":[{\"@type\":\"ReadAction\",\"target\":[\"https:\\\/\\\/theomm.com\\\/de\\\/product\\\/core-vest\\\/\"]}]},{\"@type\":\"ImageObject\",\"inLanguage\":\"de\",\"@id\":\"https:\\\/\\\/theomm.com\\\/de\\\/product\\\/core-vest\\\/#primaryimage\",\"url\":\"https:\\\/\\\/theomm.com\\\/wp-content\\\/uploads\\\/2022\\\/10\\\/OC153_Core_Vest_Blue_Front.jpg\",\"contentUrl\":\"https:\\\/\\\/theomm.com\\\/wp-content\\\/uploads\\\/2022\\\/10\\\/OC153_Core_Vest_Blue_Front.jpg\",\"width\":600,\"height\":600},{\"@type\":\"BreadcrumbList\",\"@id\":\"https:\\\/\\\/theomm.com\\\/de\\\/product\\\/core-vest\\\/#breadcrumb\",\"itemListElement\":[{\"@type\":\"ListItem\",\"position\":1,\"name\":\"Home\",\"item\":\"https:\\\/\\\/theomm.com\\\/\"},{\"@type\":\"ListItem\",\"position\":2,\"name\":\"Einkaufen\",\"item\":\"https:\\\/\\\/theomm.com\\\/original-mountain-marathon\\\/products\\\/\"},{\"@type\":\"ListItem\",\"position\":3,\"name\":\"Core Vest\"}]},{\"@type\":\"WebSite\",\"@id\":\"https:\\\/\\\/theomm.com\\\/#website\",\"url\":\"https:\\\/\\\/theomm.com\\\/\",\"name\":\"OMM\",\"description\":\"OMM is Technical clothing and equipment made for running in the mountains. Designed to the specifications of Original Mountain Marathon.\",\"alternateName\":\"Original Mountain Marathon\",\"potentialAction\":[{\"@type\":\"SearchAction\",\"target\":{\"@type\":\"EntryPoint\",\"urlTemplate\":\"https:\\\/\\\/theomm.com\\\/?s={search_term_string}\"},\"query-input\":{\"@type\":\"PropertyValueSpecification\",\"valueRequired\":true,\"valueName\":\"search_term_string\"}}],\"inLanguage\":\"de\"}]}<\/script>\n<!-- \/ Yoast SEO plugin. -->","yoast_head_json":{"title":"Core Vest - OMM","robots":{"index":"index","follow":"follow","max-snippet":"max-snippet:-1","max-image-preview":"max-image-preview:large","max-video-preview":"max-video-preview:-1"},"canonical":"https:\/\/theomm.com\/de\/product\/core-vest\/","og_locale":"de_DE","og_type":"article","og_title":"Core Vest - OMM","og_description":"Die Thermo-Weste aus isolierendem Material mit der PRIMALOFT\u00ae ACTIVE Technologie. Er l\u00e4sst sich alleine oder in Kombination mit anderen Schichten tragen.Die ultraleichte Core-Reihe l\u00e4sst dich eine ganz neue Art von Isolation erleben. Daf\u00fcr wurden synthetische Fasern direkt auf ein einlagiges Netzgewebe gewebt. Die OMM Core Produkte bestehen vollst\u00e4ndig aus isolierendem Material der PRIMALOFT\u00ae ACTIVE Technologie und bieten die gleiche W\u00e4rme wie andere synthetische Isolationsprodukte, jedoch mit der H\u00e4lfte an Gewicht und einer besseren Atmungsaktivit\u00e4t als bei einem lang\u00e4rmeligen Shirt.Der Look der Core-Serie ist genauso au\u00dfergew\u00f6hnlich wie seine Performance. Die vielseitige Weste eignet sich f\u00fcr Aktivit\u00e4ten mit verschiedenen Belastungsniveaus: Als \u00e4u\u00dfere Schicht gibt das Netzgewebe \u00fcberm\u00e4\u00dfige W\u00e4rme und Feuchtigkeit ab. Als zus\u00e4tzliche Schicht bewahrt sie W\u00e4rme zuverl\u00e4ssig. Die Core Weste verwendet die 75g PRIMALOFT\u00ae ACTIVE Insulating Fabric Technologie, die leichtere Version des 125g PRIMALOFT\u00ae ACTIVE Materials, das in dem Core Jacket verwendet wird.","og_url":"https:\/\/theomm.com\/de\/product\/core-vest\/","og_site_name":"OMM","article_publisher":"https:\/\/www.facebook.com\/OMMrunning?_ga=2.203172945.1541616462.1665402953-280172632.1649426001","article_modified_time":"2025-12-14T22:49:30+00:00","og_image":[{"width":600,"height":600,"url":"https:\/\/theomm.com\/wp-content\/uploads\/2022\/10\/OC153_Core_Vest_Blue_Front.jpg","type":"image\/jpeg"}],"twitter_card":"summary_large_image","schema":{"@context":"https:\/\/schema.org","@graph":[{"@type":"WebPage","@id":"https:\/\/theomm.com\/de\/product\/core-vest\/","url":"https:\/\/theomm.com\/de\/product\/core-vest\/","name":"Core Vest - OMM","isPartOf":{"@id":"https:\/\/theomm.com\/#website"},"primaryImageOfPage":{"@id":"https:\/\/theomm.com\/de\/product\/core-vest\/#primaryimage"},"image":{"@id":"https:\/\/theomm.com\/de\/product\/core-vest\/#primaryimage"},"thumbnailUrl":"https:\/\/theomm.com\/wp-content\/uploads\/2022\/10\/OC153_Core_Vest_Blue_Front.jpg","datePublished":"2020-09-16T10:47:31+00:00","dateModified":"2025-12-14T22:49:30+00:00","breadcrumb":{"@id":"https:\/\/theomm.com\/de\/product\/core-vest\/#breadcrumb"},"inLanguage":"de","potentialAction":[{"@type":"ReadAction","target":["https:\/\/theomm.com\/de\/product\/core-vest\/"]}]},{"@type":"ImageObject","inLanguage":"de","@id":"https:\/\/theomm.com\/de\/product\/core-vest\/#primaryimage","url":"https:\/\/theomm.com\/wp-content\/uploads\/2022\/10\/OC153_Core_Vest_Blue_Front.jpg","contentUrl":"https:\/\/theomm.com\/wp-content\/uploads\/2022\/10\/OC153_Core_Vest_Blue_Front.jpg","width":600,"height":600},{"@type":"BreadcrumbList","@id":"https:\/\/theomm.com\/de\/product\/core-vest\/#breadcrumb","itemListElement":[{"@type":"ListItem","position":1,"name":"Home","item":"https:\/\/theomm.com\/"},{"@type":"ListItem","position":2,"name":"Einkaufen","item":"https:\/\/theomm.com\/original-mountain-marathon\/products\/"},{"@type":"ListItem","position":3,"name":"Core Vest"}]},{"@type":"WebSite","@id":"https:\/\/theomm.com\/#website","url":"https:\/\/theomm.com\/","name":"OMM","description":"OMM is Technical clothing and equipment made for running in the mountains. Designed to the specifications of Original Mountain Marathon.","alternateName":"Original Mountain Marathon","potentialAction":[{"@type":"SearchAction","target":{"@type":"EntryPoint","urlTemplate":"https:\/\/theomm.com\/?s={search_term_string}"},"query-input":{"@type":"PropertyValueSpecification","valueRequired":true,"valueName":"search_term_string"}}],"inLanguage":"de"}]}},"_links":{"self":[{"href":"https:\/\/theomm.com\/de\/wp-json\/wp\/v2\/product\/148376","targetHints":{"allow":["GET"]}}],"collection":[{"href":"https:\/\/theomm.com\/de\/wp-json\/wp\/v2\/product"}],"about":[{"href":"https:\/\/theomm.com\/de\/wp-json\/wp\/v2\/types\/product"}],"wp:featuredmedia":[{"embeddable":true,"href":"https:\/\/theomm.com\/de\/wp-json\/wp\/v2\/media\/140339"}],"wp:attachment":[{"href":"https:\/\/theomm.com\/de\/wp-json\/wp\/v2\/media?parent=148376"}],"wp:term":[{"taxonomy":"locations","embeddable":true,"href":"https:\/\/theomm.com\/de\/wp-json\/wp\/v2\/locations?post=148376"},{"taxonomy":"product_brand","embeddable":true,"href":"https:\/\/theomm.com\/de\/wp-json\/wp\/v2\/product_brand?post=148376"},{"taxonomy":"product_cat","embeddable":true,"href":"https:\/\/theomm.com\/de\/wp-json\/wp\/v2\/product_cat?post=148376"},{"taxonomy":"product_tag","embeddable":true,"href":"https:\/\/theomm.com\/de\/wp-json\/wp\/v2\/product_tag?post=148376"}],"curies":[{"name":"wp","href":"https:\/\/api.w.org\/{rel}","templated":true}]}}