{"id":148394,"date":"2023-02-27T10:47:41","date_gmt":"2023-02-27T10:47:41","guid":{"rendered":"https:\/\/theomm.com\/product\/core-fleece-jacket\/"},"modified":"2026-01-20T13:09:48","modified_gmt":"2026-01-20T13:09:48","slug":"core-fleece-jacket","status":"publish","type":"product","link":"https:\/\/theomm.com\/de\/product\/core-fleece-jacket\/","title":{"rendered":"Core Fleece Jacket"},"content":{"rendered":"<p>Core Fleece Jacket &#8211; A new concept in active insulation, the OMM Core Range is made entirely from PrimaLoft\u00ae ACTIVE ultra-light insulating fabric. Built from a synthetic plume woven through a knitted mesh, Core offers the warmth of a fleece but at less-than half the weight. Paired with a shell, the Core is an incredibly effective insulator but thanks to near-total air permeability, the lightest breeze can take away that heat. This allows you to keep your Core layer on even when you have warmed up and you can thermoregulate by removing\/unzipping your shell (eg. Sonic windproof at 49g). A true valley to summit piece. Core works wet or dry with incredible wicking properties to ensure you won&#8217;t stay wet for long.<\/p>\n<p>With a full length zip and handwarmer pockets, this is a great mid-layer equally at home on the fells as it is on a rest day mooch.<\/p>\n<p>The Core Fleece Jacket uses the midweight 125g\/m2 PrimaLoft\u00ae ACTIVE Insulating Fabric Technology, the heavier version of the 75g\/m2 PrimaLoft\u00ae Active fabric used in the Core Vest and Core Hoodie LIGHTWEIGHT AIR-PERMEABLE PRIMALOFT\u00ae INSULATION ADAPTABLE INSULATION PrimaLoft\u00ae ACTIVE Insulating Fabric weaves PrimaLoft\u00ae fibres onto a mesh, giving a super high volume and open structure. Fabrics insulate by trapping pockets of air that the wearer&#8217;s heat cannot pass through. Core structure is exceptional at creating these pockets. However the openness also allows for a light breeze to disturb these air pockets and remove the insulation effect. Core uses this to its advantage; put a light shell on over the top for the best possible warmth to weight layer and then when you get too hot adjust\/remove only the shell and you can keep pushing hard to the summit without a bulky layer to stash. HALF THE WEIGHT &amp; PACK SIZE A single mesh fabric holds the insulation plume in place, reducing the need for extra fabric layers and halving the weight and pack size. FINEST QUALITY SYNTHETIC INSULATION At OMM we always choose synthetic insulation over down to be sure that we can get warm even when everything is wet. We believe PrimaLoft\u00ae make the best synthetic insulation and so it is an easy choice for us. 125g\/m2 PrimaLoft\u00ae ACTIVE uses 64% post-consumer recycled material, it is also bluesign and Oeke-Tex approved. Continues to insulate even if wet<br \/>Flatlock seams positioned away from shoulders<br \/>Full length zip<br \/>Handwarmer pockets<br \/>Soft rolled collar<br \/>Reflective logo Colours: Dark Green, Navy, Grey, Black<br \/>Fabric: PrimaLoft\u00ae ACTIVE 125g\/m2<br \/>Weight: 195g<br \/>Sizes: XS \/ S \/ M \/ L \/ XL<\/p>\n","protected":false},"excerpt":{"rendered":"<p>Die Thermo-Jacke aus isolierendem Material mit der PRIMALOFT\u00ae ACTIVE Technologie. Sie l\u00e4sst sich alleine oder in Kombination mit anderen Schichten tragen.<\/p>\n<p>Die ultraleichte Core-Reihe l\u00e4sst dich eine ganz neue Art von Isolation erleben. Daf\u00fcr wurden synthetische Fasern direkt auf ein einlagiges Netzgewebe gewebt. Die OMM Core-Produkte bestehen vollst\u00e4ndig aus isolierendem Material der PRIMALOFT\u00ae NEXT Technologie und bieten die gleiche W\u00e4rme wie andere synthetische Isolationsprodukte, jedoch mit der H\u00e4lfte an Gewicht und einer besseren Atmungsaktivit\u00e4t als bei einem lang\u00e4rmeligen Shirt.<\/p>\n<p>Der Look der Core-Serie ist genauso au\u00dfergew\u00f6hnlich wie seine Performance. Die vielseitige Jacke eignet sich f\u00fcr Aktivit\u00e4ten mit verschiedenen Belastungsniveaus: Als \u00e4u\u00dfere Schicht, gibt das Netzgewebe \u00fcberm\u00e4\u00dfige W\u00e4rme und Feuchtigkeit ab. Als zus\u00e4tzliche Schicht bewahrt sie W\u00e4rme zuverl\u00e4ssig. <\/p>\n<p>Die Core Jacke verwendet die 125g PRIMALOFT\u00ae ACTIVE Insulating Fabric Technologie, die dickere Version des 75g PRIMALOFT\u00ae ACTIVE Materials, das in der Core Tee verwendet wird.<\/p>\n","protected":false},"featured_media":140401,"template":"","meta":{"_acf_changed":false,"_et_pb_use_builder":"","_et_pb_old_content":"","_et_gb_content_width":""},"locations":[],"product_brand":[],"product_cat":[147,1175,708],"product_tag":[701,3120,1094,1093,1092],"class_list":{"0":"post-148394","1":"product","2":"type-product","3":"status-publish","4":"has-post-thumbnail","6":"product_cat-bekleidung-de","7":"product_cat-core-de","8":"product_cat-mittelschicht","9":"product_tag-core-de","10":"product_tag-insulated-jacket","11":"product_tag-laufende-isolierung","12":"product_tag-omm-core-jacket-de","13":"product_tag-primaloft-insulation-de","14":"pa_color-grau","15":"pa_color-grun","16":"pa_color-marineblau","17":"pa_color-schwarz","18":"pa_colour-dunkelgrun","19":"pa_colour-grau","20":"pa_colour-marineblau","21":"pa_colour-schwarz","22":"pa_gender-mens-de","23":"pa_size-gross","24":"pa_size-klein","25":"pa_size-mittel","26":"pa_size-x-gross","27":"pa_size-x-klein","28":"pa_technology-primaloft-active","29":"pa_weight-100-200g","31":"first","32":"instock","33":"taxable","34":"shipping-taxable","35":"purchasable","36":"product-type-variable","37":"wvs-archive-product-wrapper"},"acf":[],"yoast_head":"<!-- This site is optimized with the Yoast SEO plugin v27.3 - https:\/\/yoast.com\/product\/yoast-seo-wordpress\/ -->\n<title>Core Fleece Jacket - OMM<\/title>\n<meta name=\"description\" content=\"The Core Fleece Jacket, Lightweight Air-Permeable Primaloft\u00ae Adaptable Insulation. Half The Weight &amp; Pack Size, quick drying &amp; warm\" \/>\n<meta name=\"robots\" content=\"index, follow, max-snippet:-1, max-image-preview:large, max-video-preview:-1\" \/>\n<link rel=\"canonical\" href=\"https:\/\/theomm.com\/de\/product\/core-fleece-jacket\/\" \/>\n<meta property=\"og:locale\" content=\"de_DE\" \/>\n<meta property=\"og:type\" content=\"article\" \/>\n<meta property=\"og:title\" content=\"Core Fleece Jacket - OMM\" \/>\n<meta property=\"og:description\" content=\"The Core Fleece Jacket, Lightweight Air-Permeable Primaloft\u00ae Adaptable Insulation. Half The Weight &amp; Pack Size, quick drying &amp; warm\" \/>\n<meta property=\"og:url\" content=\"https:\/\/theomm.com\/de\/product\/core-fleece-jacket\/\" \/>\n<meta property=\"og:site_name\" content=\"OMM\" \/>\n<meta property=\"article:publisher\" content=\"https:\/\/www.facebook.com\/OMMrunning?_ga=2.203172945.1541616462.1665402953-280172632.1649426001\" \/>\n<meta property=\"article:modified_time\" content=\"2026-01-20T13:09:48+00:00\" \/>\n<meta property=\"og:image\" content=\"https:\/\/theomm.com\/wp-content\/uploads\/2022\/10\/OC155_Core_Jacket_Navy_Front.jpg\" \/>\n\t<meta property=\"og:image:width\" content=\"600\" \/>\n\t<meta property=\"og:image:height\" content=\"600\" \/>\n\t<meta property=\"og:image:type\" content=\"image\/jpeg\" \/>\n<meta name=\"twitter:card\" content=\"summary_large_image\" \/>\n<meta name=\"twitter:label1\" content=\"Gesch\u00e4tzte Lesezeit\" \/>\n\t<meta name=\"twitter:data1\" content=\"2\u00a0Minuten\" \/>\n<script type=\"application\/ld+json\" class=\"yoast-schema-graph\">{\"@context\":\"https:\\\/\\\/schema.org\",\"@graph\":[{\"@type\":\"WebPage\",\"@id\":\"https:\\\/\\\/theomm.com\\\/de\\\/product\\\/core-fleece-jacket\\\/\",\"url\":\"https:\\\/\\\/theomm.com\\\/de\\\/product\\\/core-fleece-jacket\\\/\",\"name\":\"Core Fleece Jacket - OMM\",\"isPartOf\":{\"@id\":\"https:\\\/\\\/theomm.com\\\/#website\"},\"primaryImageOfPage\":{\"@id\":\"https:\\\/\\\/theomm.com\\\/de\\\/product\\\/core-fleece-jacket\\\/#primaryimage\"},\"image\":{\"@id\":\"https:\\\/\\\/theomm.com\\\/de\\\/product\\\/core-fleece-jacket\\\/#primaryimage\"},\"thumbnailUrl\":\"https:\\\/\\\/theomm.com\\\/wp-content\\\/uploads\\\/2022\\\/10\\\/OC155_Core_Jacket_Navy_Front.jpg\",\"datePublished\":\"2023-02-27T10:47:41+00:00\",\"dateModified\":\"2026-01-20T13:09:48+00:00\",\"description\":\"The Core Fleece Jacket, Lightweight Air-Permeable Primaloft\u00ae Adaptable Insulation. Half The Weight & Pack Size, quick drying & warm\",\"breadcrumb\":{\"@id\":\"https:\\\/\\\/theomm.com\\\/de\\\/product\\\/core-fleece-jacket\\\/#breadcrumb\"},\"inLanguage\":\"de\",\"potentialAction\":[{\"@type\":\"ReadAction\",\"target\":[\"https:\\\/\\\/theomm.com\\\/de\\\/product\\\/core-fleece-jacket\\\/\"]}]},{\"@type\":\"ImageObject\",\"inLanguage\":\"de\",\"@id\":\"https:\\\/\\\/theomm.com\\\/de\\\/product\\\/core-fleece-jacket\\\/#primaryimage\",\"url\":\"https:\\\/\\\/theomm.com\\\/wp-content\\\/uploads\\\/2022\\\/10\\\/OC155_Core_Jacket_Navy_Front.jpg\",\"contentUrl\":\"https:\\\/\\\/theomm.com\\\/wp-content\\\/uploads\\\/2022\\\/10\\\/OC155_Core_Jacket_Navy_Front.jpg\",\"width\":600,\"height\":600},{\"@type\":\"BreadcrumbList\",\"@id\":\"https:\\\/\\\/theomm.com\\\/de\\\/product\\\/core-fleece-jacket\\\/#breadcrumb\",\"itemListElement\":[{\"@type\":\"ListItem\",\"position\":1,\"name\":\"Home\",\"item\":\"https:\\\/\\\/theomm.com\\\/\"},{\"@type\":\"ListItem\",\"position\":2,\"name\":\"Einkaufen\",\"item\":\"https:\\\/\\\/theomm.com\\\/original-mountain-marathon\\\/products\\\/\"},{\"@type\":\"ListItem\",\"position\":3,\"name\":\"Core Fleece Jacket\"}]},{\"@type\":\"WebSite\",\"@id\":\"https:\\\/\\\/theomm.com\\\/#website\",\"url\":\"https:\\\/\\\/theomm.com\\\/\",\"name\":\"OMM\",\"description\":\"OMM is Technical clothing and equipment made for running in the mountains. Designed to the specifications of Original Mountain Marathon.\",\"alternateName\":\"Original Mountain Marathon\",\"potentialAction\":[{\"@type\":\"SearchAction\",\"target\":{\"@type\":\"EntryPoint\",\"urlTemplate\":\"https:\\\/\\\/theomm.com\\\/?s={search_term_string}\"},\"query-input\":{\"@type\":\"PropertyValueSpecification\",\"valueRequired\":true,\"valueName\":\"search_term_string\"}}],\"inLanguage\":\"de\"}]}<\/script>\n<!-- \/ Yoast SEO plugin. -->","yoast_head_json":{"title":"Core Fleece Jacket - OMM","description":"The Core Fleece Jacket, Lightweight Air-Permeable Primaloft\u00ae Adaptable Insulation. Half The Weight & Pack Size, quick drying & warm","robots":{"index":"index","follow":"follow","max-snippet":"max-snippet:-1","max-image-preview":"max-image-preview:large","max-video-preview":"max-video-preview:-1"},"canonical":"https:\/\/theomm.com\/de\/product\/core-fleece-jacket\/","og_locale":"de_DE","og_type":"article","og_title":"Core Fleece Jacket - OMM","og_description":"The Core Fleece Jacket, Lightweight Air-Permeable Primaloft\u00ae Adaptable Insulation. Half The Weight & Pack Size, quick drying & warm","og_url":"https:\/\/theomm.com\/de\/product\/core-fleece-jacket\/","og_site_name":"OMM","article_publisher":"https:\/\/www.facebook.com\/OMMrunning?_ga=2.203172945.1541616462.1665402953-280172632.1649426001","article_modified_time":"2026-01-20T13:09:48+00:00","og_image":[{"width":600,"height":600,"url":"https:\/\/theomm.com\/wp-content\/uploads\/2022\/10\/OC155_Core_Jacket_Navy_Front.jpg","type":"image\/jpeg"}],"twitter_card":"summary_large_image","twitter_misc":{"Gesch\u00e4tzte Lesezeit":"2\u00a0Minuten"},"schema":{"@context":"https:\/\/schema.org","@graph":[{"@type":"WebPage","@id":"https:\/\/theomm.com\/de\/product\/core-fleece-jacket\/","url":"https:\/\/theomm.com\/de\/product\/core-fleece-jacket\/","name":"Core Fleece Jacket - OMM","isPartOf":{"@id":"https:\/\/theomm.com\/#website"},"primaryImageOfPage":{"@id":"https:\/\/theomm.com\/de\/product\/core-fleece-jacket\/#primaryimage"},"image":{"@id":"https:\/\/theomm.com\/de\/product\/core-fleece-jacket\/#primaryimage"},"thumbnailUrl":"https:\/\/theomm.com\/wp-content\/uploads\/2022\/10\/OC155_Core_Jacket_Navy_Front.jpg","datePublished":"2023-02-27T10:47:41+00:00","dateModified":"2026-01-20T13:09:48+00:00","description":"The Core Fleece Jacket, Lightweight Air-Permeable Primaloft\u00ae Adaptable Insulation. Half The Weight & Pack Size, quick drying & warm","breadcrumb":{"@id":"https:\/\/theomm.com\/de\/product\/core-fleece-jacket\/#breadcrumb"},"inLanguage":"de","potentialAction":[{"@type":"ReadAction","target":["https:\/\/theomm.com\/de\/product\/core-fleece-jacket\/"]}]},{"@type":"ImageObject","inLanguage":"de","@id":"https:\/\/theomm.com\/de\/product\/core-fleece-jacket\/#primaryimage","url":"https:\/\/theomm.com\/wp-content\/uploads\/2022\/10\/OC155_Core_Jacket_Navy_Front.jpg","contentUrl":"https:\/\/theomm.com\/wp-content\/uploads\/2022\/10\/OC155_Core_Jacket_Navy_Front.jpg","width":600,"height":600},{"@type":"BreadcrumbList","@id":"https:\/\/theomm.com\/de\/product\/core-fleece-jacket\/#breadcrumb","itemListElement":[{"@type":"ListItem","position":1,"name":"Home","item":"https:\/\/theomm.com\/"},{"@type":"ListItem","position":2,"name":"Einkaufen","item":"https:\/\/theomm.com\/original-mountain-marathon\/products\/"},{"@type":"ListItem","position":3,"name":"Core Fleece Jacket"}]},{"@type":"WebSite","@id":"https:\/\/theomm.com\/#website","url":"https:\/\/theomm.com\/","name":"OMM","description":"OMM is Technical clothing and equipment made for running in the mountains. Designed to the specifications of Original Mountain Marathon.","alternateName":"Original Mountain Marathon","potentialAction":[{"@type":"SearchAction","target":{"@type":"EntryPoint","urlTemplate":"https:\/\/theomm.com\/?s={search_term_string}"},"query-input":{"@type":"PropertyValueSpecification","valueRequired":true,"valueName":"search_term_string"}}],"inLanguage":"de"}]}},"_links":{"self":[{"href":"https:\/\/theomm.com\/de\/wp-json\/wp\/v2\/product\/148394","targetHints":{"allow":["GET"]}}],"collection":[{"href":"https:\/\/theomm.com\/de\/wp-json\/wp\/v2\/product"}],"about":[{"href":"https:\/\/theomm.com\/de\/wp-json\/wp\/v2\/types\/product"}],"wp:featuredmedia":[{"embeddable":true,"href":"https:\/\/theomm.com\/de\/wp-json\/wp\/v2\/media\/140401"}],"wp:attachment":[{"href":"https:\/\/theomm.com\/de\/wp-json\/wp\/v2\/media?parent=148394"}],"wp:term":[{"taxonomy":"locations","embeddable":true,"href":"https:\/\/theomm.com\/de\/wp-json\/wp\/v2\/locations?post=148394"},{"taxonomy":"product_brand","embeddable":true,"href":"https:\/\/theomm.com\/de\/wp-json\/wp\/v2\/product_brand?post=148394"},{"taxonomy":"product_cat","embeddable":true,"href":"https:\/\/theomm.com\/de\/wp-json\/wp\/v2\/product_cat?post=148394"},{"taxonomy":"product_tag","embeddable":true,"href":"https:\/\/theomm.com\/de\/wp-json\/wp\/v2\/product_tag?post=148394"}],"curies":[{"name":"wp","href":"https:\/\/api.w.org\/{rel}","templated":true}]}}