{"id":148462,"date":"2020-09-16T10:48:13","date_gmt":"2020-09-16T10:48:13","guid":{"rendered":"https:\/\/theomm.com\/product\/core-liner\/"},"modified":"2026-02-21T19:43:07","modified_gmt":"2026-02-21T19:43:07","slug":"core-liner","status":"publish","type":"product","link":"https:\/\/theomm.com\/de\/product\/core-liner\/","title":{"rendered":"Core Liner"},"content":{"rendered":"","protected":false},"excerpt":{"rendered":"<p>Die w\u00e4rmste, synthetische Isolierung mit geringstem Gewicht. Der Core Liner wurde als zus\u00e4tzliches Innenfutter f\u00fcr noch mehr W\u00e4rme im Schlafsack entwickelt. Au\u00dferdem l\u00e4sst er sich auch wunderbar als Decke nutzen, wenn man im Overnight Camp ankommt. Die gro\u00dfe \u00d6ffnung und eine 3D-Kapuze erm\u00f6glichen es, vollst\u00e4ndig darin zu sitzen, gleichzeitig aber die Arme frei zu haben. Mit dem au\u00dfergew\u00f6hnlichen Stretch der PRIMALOFT\u00ae ACTIVE Insulating Fabric Technologie l\u00e4sst sich die 3D-Kapuze um das Gesicht ziehen, wenn du maximale W\u00e4rmeleistung brauchst.<\/p>\n","protected":false},"featured_media":182182,"template":"","meta":{"_acf_changed":false,"_et_pb_use_builder":"","_et_pb_old_content":"","_et_gb_content_width":""},"locations":[1195,1196],"product_brand":[],"product_cat":[1175,842,718],"product_tag":[1100,1101,849],"class_list":{"0":"post-148462","1":"product","2":"type-product","3":"status-publish","4":"has-post-thumbnail","6":"locations-eu","7":"locations-uk","8":"product_cat-core-de","9":"product_cat-schlafen","10":"product_cat-other-de","11":"product_tag-omm-core-liner-de","12":"product_tag-schlafsackfutter","13":"product_tag-sp-de","14":"pa_color-dunkelrot","15":"pa_color-orange-de","16":"pa_colour-dunkelrot","17":"pa_colour-orange-de","18":"pa_gender-damen","19":"pa_gender-mens-de","20":"pa_size-regular-de","21":"pa_size-x-gross","22":"pa_technology-primaloft-active","23":"pa_weight-100-200g","25":"first","26":"instock","27":"taxable","28":"shipping-taxable","29":"purchasable","30":"product-type-variable","31":"has-default-attributes","32":"wvs-archive-product-wrapper"},"acf":[],"yoast_head":"<!-- This site is optimized with the Yoast SEO plugin v27.4 - https:\/\/yoast.com\/product\/yoast-seo-wordpress\/ -->\n<title>Core Liner - OMM<\/title>\n<meta name=\"robots\" content=\"index, follow, max-snippet:-1, max-image-preview:large, max-video-preview:-1\" \/>\n<link rel=\"canonical\" href=\"https:\/\/theomm.com\/de\/product\/core-liner\/\" \/>\n<meta property=\"og:locale\" content=\"de_DE\" \/>\n<meta property=\"og:type\" content=\"article\" \/>\n<meta property=\"og:title\" content=\"Core Liner - OMM\" \/>\n<meta property=\"og:description\" content=\"Die w\u00e4rmste, synthetische Isolierung mit geringstem Gewicht. Der Core Liner wurde als zus\u00e4tzliches Innenfutter f\u00fcr noch mehr W\u00e4rme im Schlafsack entwickelt. Au\u00dferdem l\u00e4sst er sich auch wunderbar als Decke nutzen, wenn man im Overnight Camp ankommt. Die gro\u00dfe \u00d6ffnung und eine 3D-Kapuze erm\u00f6glichen es, vollst\u00e4ndig darin zu sitzen, gleichzeitig aber die Arme frei zu haben. Mit dem au\u00dfergew\u00f6hnlichen Stretch der PRIMALOFT\u00ae ACTIVE Insulating Fabric Technologie l\u00e4sst sich die 3D-Kapuze um das Gesicht ziehen, wenn du maximale W\u00e4rmeleistung brauchst.\" \/>\n<meta property=\"og:url\" content=\"https:\/\/theomm.com\/de\/product\/core-liner\/\" \/>\n<meta property=\"og:site_name\" content=\"OMM\" \/>\n<meta property=\"article:publisher\" content=\"https:\/\/www.facebook.com\/OMMrunning?_ga=2.203172945.1541616462.1665402953-280172632.1649426001\" \/>\n<meta property=\"article:modified_time\" content=\"2026-02-21T19:43:07+00:00\" \/>\n<meta property=\"og:image\" content=\"https:\/\/theomm.com\/wp-content\/uploads\/2022\/10\/OH013_Core_Liner_Orange.jpg\" \/>\n\t<meta property=\"og:image:width\" content=\"600\" \/>\n\t<meta property=\"og:image:height\" content=\"600\" \/>\n\t<meta property=\"og:image:type\" content=\"image\/jpeg\" \/>\n<meta name=\"twitter:card\" content=\"summary_large_image\" \/>\n<script type=\"application\/ld+json\" class=\"yoast-schema-graph\">{\"@context\":\"https:\\\/\\\/schema.org\",\"@graph\":[{\"@type\":\"WebPage\",\"@id\":\"https:\\\/\\\/theomm.com\\\/de\\\/product\\\/core-liner\\\/\",\"url\":\"https:\\\/\\\/theomm.com\\\/de\\\/product\\\/core-liner\\\/\",\"name\":\"Core Liner - OMM\",\"isPartOf\":{\"@id\":\"https:\\\/\\\/theomm.com\\\/#website\"},\"primaryImageOfPage\":{\"@id\":\"https:\\\/\\\/theomm.com\\\/de\\\/product\\\/core-liner\\\/#primaryimage\"},\"image\":{\"@id\":\"https:\\\/\\\/theomm.com\\\/de\\\/product\\\/core-liner\\\/#primaryimage\"},\"thumbnailUrl\":\"https:\\\/\\\/theomm.com\\\/wp-content\\\/uploads\\\/2024\\\/03\\\/OH013_Core_Liner_XL_Dark_Red_Folded.jpg\",\"datePublished\":\"2020-09-16T10:48:13+00:00\",\"dateModified\":\"2026-02-21T19:43:07+00:00\",\"breadcrumb\":{\"@id\":\"https:\\\/\\\/theomm.com\\\/de\\\/product\\\/core-liner\\\/#breadcrumb\"},\"inLanguage\":\"de\",\"potentialAction\":[{\"@type\":\"ReadAction\",\"target\":[\"https:\\\/\\\/theomm.com\\\/de\\\/product\\\/core-liner\\\/\"]}]},{\"@type\":\"ImageObject\",\"inLanguage\":\"de\",\"@id\":\"https:\\\/\\\/theomm.com\\\/de\\\/product\\\/core-liner\\\/#primaryimage\",\"url\":\"https:\\\/\\\/theomm.com\\\/wp-content\\\/uploads\\\/2024\\\/03\\\/OH013_Core_Liner_XL_Dark_Red_Folded.jpg\",\"contentUrl\":\"https:\\\/\\\/theomm.com\\\/wp-content\\\/uploads\\\/2024\\\/03\\\/OH013_Core_Liner_XL_Dark_Red_Folded.jpg\",\"width\":1000,\"height\":1000},{\"@type\":\"BreadcrumbList\",\"@id\":\"https:\\\/\\\/theomm.com\\\/de\\\/product\\\/core-liner\\\/#breadcrumb\",\"itemListElement\":[{\"@type\":\"ListItem\",\"position\":1,\"name\":\"Home\",\"item\":\"https:\\\/\\\/theomm.com\\\/\"},{\"@type\":\"ListItem\",\"position\":2,\"name\":\"Einkaufen\",\"item\":\"https:\\\/\\\/theomm.com\\\/original-mountain-marathon\\\/products\\\/\"},{\"@type\":\"ListItem\",\"position\":3,\"name\":\"Core Liner\"}]},{\"@type\":\"WebSite\",\"@id\":\"https:\\\/\\\/theomm.com\\\/#website\",\"url\":\"https:\\\/\\\/theomm.com\\\/\",\"name\":\"OMM\",\"description\":\"OMM is Technical clothing and equipment made for running in the mountains. Designed to the specifications of Original Mountain Marathon.\",\"alternateName\":\"Original Mountain Marathon\",\"potentialAction\":[{\"@type\":\"SearchAction\",\"target\":{\"@type\":\"EntryPoint\",\"urlTemplate\":\"https:\\\/\\\/theomm.com\\\/?s={search_term_string}\"},\"query-input\":{\"@type\":\"PropertyValueSpecification\",\"valueRequired\":true,\"valueName\":\"search_term_string\"}}],\"inLanguage\":\"de\"}]}<\/script>\n<!-- \/ Yoast SEO plugin. -->","yoast_head_json":{"title":"Core Liner - OMM","robots":{"index":"index","follow":"follow","max-snippet":"max-snippet:-1","max-image-preview":"max-image-preview:large","max-video-preview":"max-video-preview:-1"},"canonical":"https:\/\/theomm.com\/de\/product\/core-liner\/","og_locale":"de_DE","og_type":"article","og_title":"Core Liner - OMM","og_description":"Die w\u00e4rmste, synthetische Isolierung mit geringstem Gewicht. Der Core Liner wurde als zus\u00e4tzliches Innenfutter f\u00fcr noch mehr W\u00e4rme im Schlafsack entwickelt. Au\u00dferdem l\u00e4sst er sich auch wunderbar als Decke nutzen, wenn man im Overnight Camp ankommt. Die gro\u00dfe \u00d6ffnung und eine 3D-Kapuze erm\u00f6glichen es, vollst\u00e4ndig darin zu sitzen, gleichzeitig aber die Arme frei zu haben. Mit dem au\u00dfergew\u00f6hnlichen Stretch der PRIMALOFT\u00ae ACTIVE Insulating Fabric Technologie l\u00e4sst sich die 3D-Kapuze um das Gesicht ziehen, wenn du maximale W\u00e4rmeleistung brauchst.","og_url":"https:\/\/theomm.com\/de\/product\/core-liner\/","og_site_name":"OMM","article_publisher":"https:\/\/www.facebook.com\/OMMrunning?_ga=2.203172945.1541616462.1665402953-280172632.1649426001","article_modified_time":"2026-02-21T19:43:07+00:00","og_image":[{"width":600,"height":600,"url":"https:\/\/theomm.com\/wp-content\/uploads\/2022\/10\/OH013_Core_Liner_Orange.jpg","type":"image\/jpeg"}],"twitter_card":"summary_large_image","schema":{"@context":"https:\/\/schema.org","@graph":[{"@type":"WebPage","@id":"https:\/\/theomm.com\/de\/product\/core-liner\/","url":"https:\/\/theomm.com\/de\/product\/core-liner\/","name":"Core Liner - OMM","isPartOf":{"@id":"https:\/\/theomm.com\/#website"},"primaryImageOfPage":{"@id":"https:\/\/theomm.com\/de\/product\/core-liner\/#primaryimage"},"image":{"@id":"https:\/\/theomm.com\/de\/product\/core-liner\/#primaryimage"},"thumbnailUrl":"https:\/\/theomm.com\/wp-content\/uploads\/2024\/03\/OH013_Core_Liner_XL_Dark_Red_Folded.jpg","datePublished":"2020-09-16T10:48:13+00:00","dateModified":"2026-02-21T19:43:07+00:00","breadcrumb":{"@id":"https:\/\/theomm.com\/de\/product\/core-liner\/#breadcrumb"},"inLanguage":"de","potentialAction":[{"@type":"ReadAction","target":["https:\/\/theomm.com\/de\/product\/core-liner\/"]}]},{"@type":"ImageObject","inLanguage":"de","@id":"https:\/\/theomm.com\/de\/product\/core-liner\/#primaryimage","url":"https:\/\/theomm.com\/wp-content\/uploads\/2024\/03\/OH013_Core_Liner_XL_Dark_Red_Folded.jpg","contentUrl":"https:\/\/theomm.com\/wp-content\/uploads\/2024\/03\/OH013_Core_Liner_XL_Dark_Red_Folded.jpg","width":1000,"height":1000},{"@type":"BreadcrumbList","@id":"https:\/\/theomm.com\/de\/product\/core-liner\/#breadcrumb","itemListElement":[{"@type":"ListItem","position":1,"name":"Home","item":"https:\/\/theomm.com\/"},{"@type":"ListItem","position":2,"name":"Einkaufen","item":"https:\/\/theomm.com\/original-mountain-marathon\/products\/"},{"@type":"ListItem","position":3,"name":"Core Liner"}]},{"@type":"WebSite","@id":"https:\/\/theomm.com\/#website","url":"https:\/\/theomm.com\/","name":"OMM","description":"OMM is Technical clothing and equipment made for running in the mountains. Designed to the specifications of Original Mountain Marathon.","alternateName":"Original Mountain Marathon","potentialAction":[{"@type":"SearchAction","target":{"@type":"EntryPoint","urlTemplate":"https:\/\/theomm.com\/?s={search_term_string}"},"query-input":{"@type":"PropertyValueSpecification","valueRequired":true,"valueName":"search_term_string"}}],"inLanguage":"de"}]}},"_links":{"self":[{"href":"https:\/\/theomm.com\/de\/wp-json\/wp\/v2\/product\/148462","targetHints":{"allow":["GET"]}}],"collection":[{"href":"https:\/\/theomm.com\/de\/wp-json\/wp\/v2\/product"}],"about":[{"href":"https:\/\/theomm.com\/de\/wp-json\/wp\/v2\/types\/product"}],"wp:featuredmedia":[{"embeddable":true,"href":"https:\/\/theomm.com\/de\/wp-json\/wp\/v2\/media\/182182"}],"wp:attachment":[{"href":"https:\/\/theomm.com\/de\/wp-json\/wp\/v2\/media?parent=148462"}],"wp:term":[{"taxonomy":"locations","embeddable":true,"href":"https:\/\/theomm.com\/de\/wp-json\/wp\/v2\/locations?post=148462"},{"taxonomy":"product_brand","embeddable":true,"href":"https:\/\/theomm.com\/de\/wp-json\/wp\/v2\/product_brand?post=148462"},{"taxonomy":"product_cat","embeddable":true,"href":"https:\/\/theomm.com\/de\/wp-json\/wp\/v2\/product_cat?post=148462"},{"taxonomy":"product_tag","embeddable":true,"href":"https:\/\/theomm.com\/de\/wp-json\/wp\/v2\/product_tag?post=148462"}],"curies":[{"name":"wp","href":"https:\/\/api.w.org\/{rel}","templated":true}]}}