{"id":148554,"date":"2020-03-16T10:48:54","date_gmt":"2020-03-16T10:48:54","guid":{"rendered":"https:\/\/theomm.com\/product\/whistle-buckle\/"},"modified":"2025-09-10T17:04:20","modified_gmt":"2025-09-10T17:04:20","slug":"whistle-buckle","status":"publish","type":"product","link":"https:\/\/theomm.com\/de\/product\/whistle-buckle\/","title":{"rendered":"Whistle Buckle"},"content":{"rendered":"","protected":false},"excerpt":{"rendered":"<p>Verleihe deiner Ausr\u00fcstung ein neues Leben oder passe es mit unserem Sortiment an Zubeh\u00f6r und Ersatzteilen an genau deine Bed\u00fcrfnisse an.<br \/>Einfach zu montieren und perfekt f\u00fcr l\u00e4ngere Distanzen, bei denen eine verlorene oder kaputte Schnalle wirklich einen Unterschied macht.<\/p>\n","protected":false},"featured_media":141725,"template":"","meta":{"_acf_changed":false,"_et_pb_use_builder":"","_et_pb_old_content":"","_et_gb_content_width":""},"locations":[1195],"product_brand":[],"product_cat":[841,718],"product_tag":[1126,1115,1108,1119,858,1116,1117,849,1111],"class_list":{"0":"post-148554","1":"product","2":"type-product","3":"status-publish","4":"has-post-thumbnail","6":"locations-eu","7":"product_cat-reparieren-anpassen","8":"product_cat-other-de","9":"product_tag-15mm-buckle-de","10":"product_tag-omm-buckle-de","11":"product_tag-omm-toggle-de","12":"product_tag-pfeife","13":"product_tag-reparatur","14":"product_tag-rucksack-buckle-de","15":"product_tag-side-release-buckle-de","16":"product_tag-sp-de","17":"product_tag-toggle-de","18":"pa_color-orange-de","19":"pa_color-schwarz","20":"pa_colour-schwarz","21":"pa_size-15mm-de","22":"pa_size-20mm-de","23":"pa_weight-0-50g","25":"first","26":"instock","27":"taxable","28":"shipping-taxable","29":"purchasable","30":"product-type-variable","31":"has-default-attributes","32":"wvs-archive-product-wrapper"},"acf":[],"yoast_head":"<!-- This site is optimized with the Yoast SEO plugin v27.4 - https:\/\/yoast.com\/product\/yoast-seo-wordpress\/ -->\n<title>Whistle Buckle - OMM<\/title>\n<meta name=\"robots\" content=\"index, follow, max-snippet:-1, max-image-preview:large, max-video-preview:-1\" \/>\n<link rel=\"canonical\" href=\"https:\/\/theomm.com\/product\/whistle-buckle\/\" \/>\n<meta property=\"og:locale\" content=\"de_DE\" \/>\n<meta property=\"og:type\" content=\"article\" \/>\n<meta property=\"og:title\" content=\"Whistle Buckle - OMM\" \/>\n<meta property=\"og:description\" content=\"Verleihe deiner Ausr\u00fcstung ein neues Leben oder passe es mit unserem Sortiment an Zubeh\u00f6r und Ersatzteilen an genau deine Bed\u00fcrfnisse an.Einfach zu montieren und perfekt f\u00fcr l\u00e4ngere Distanzen, bei denen eine verlorene oder kaputte Schnalle wirklich einen Unterschied macht.\" \/>\n<meta property=\"og:url\" content=\"https:\/\/theomm.com\/product\/whistle-buckle\/\" \/>\n<meta property=\"og:site_name\" content=\"OMM\" \/>\n<meta property=\"article:publisher\" content=\"https:\/\/www.facebook.com\/OMMrunning?_ga=2.203172945.1541616462.1665402953-280172632.1649426001\" \/>\n<meta property=\"article:modified_time\" content=\"2025-09-10T17:04:20+00:00\" \/>\n<meta property=\"og:image\" content=\"https:\/\/theomm.com\/wp-content\/uploads\/2022\/10\/Simple_0000_OG036-Whistle-Buckle-20mm.jpg\" \/>\n\t<meta property=\"og:image:width\" content=\"600\" \/>\n\t<meta property=\"og:image:height\" content=\"600\" \/>\n\t<meta property=\"og:image:type\" content=\"image\/jpeg\" \/>\n<meta name=\"twitter:card\" content=\"summary_large_image\" \/>\n<script type=\"application\/ld+json\" class=\"yoast-schema-graph\">{\"@context\":\"https:\\\/\\\/schema.org\",\"@graph\":[{\"@type\":\"WebPage\",\"@id\":\"https:\\\/\\\/theomm.com\\\/product\\\/whistle-buckle\\\/\",\"url\":\"https:\\\/\\\/theomm.com\\\/product\\\/whistle-buckle\\\/\",\"name\":\"Whistle Buckle - OMM\",\"isPartOf\":{\"@id\":\"https:\\\/\\\/theomm.com\\\/#website\"},\"primaryImageOfPage\":{\"@id\":\"https:\\\/\\\/theomm.com\\\/product\\\/whistle-buckle\\\/#primaryimage\"},\"image\":{\"@id\":\"https:\\\/\\\/theomm.com\\\/product\\\/whistle-buckle\\\/#primaryimage\"},\"thumbnailUrl\":\"https:\\\/\\\/theomm.com\\\/wp-content\\\/uploads\\\/2022\\\/10\\\/Simple_0000_OG036-Whistle-Buckle-20mm.jpg\",\"datePublished\":\"2020-03-16T10:48:54+00:00\",\"dateModified\":\"2025-09-10T17:04:20+00:00\",\"breadcrumb\":{\"@id\":\"https:\\\/\\\/theomm.com\\\/product\\\/whistle-buckle\\\/#breadcrumb\"},\"inLanguage\":\"de\",\"potentialAction\":[{\"@type\":\"ReadAction\",\"target\":[\"https:\\\/\\\/theomm.com\\\/product\\\/whistle-buckle\\\/\"]}]},{\"@type\":\"ImageObject\",\"inLanguage\":\"de\",\"@id\":\"https:\\\/\\\/theomm.com\\\/product\\\/whistle-buckle\\\/#primaryimage\",\"url\":\"https:\\\/\\\/theomm.com\\\/wp-content\\\/uploads\\\/2022\\\/10\\\/Simple_0000_OG036-Whistle-Buckle-20mm.jpg\",\"contentUrl\":\"https:\\\/\\\/theomm.com\\\/wp-content\\\/uploads\\\/2022\\\/10\\\/Simple_0000_OG036-Whistle-Buckle-20mm.jpg\",\"width\":600,\"height\":600},{\"@type\":\"BreadcrumbList\",\"@id\":\"https:\\\/\\\/theomm.com\\\/product\\\/whistle-buckle\\\/#breadcrumb\",\"itemListElement\":[{\"@type\":\"ListItem\",\"position\":1,\"name\":\"Home\",\"item\":\"https:\\\/\\\/theomm.com\\\/\"},{\"@type\":\"ListItem\",\"position\":2,\"name\":\"Einkaufen\",\"item\":\"https:\\\/\\\/theomm.com\\\/original-mountain-marathon\\\/products\\\/\"},{\"@type\":\"ListItem\",\"position\":3,\"name\":\"Whistle Buckle\"}]},{\"@type\":\"WebSite\",\"@id\":\"https:\\\/\\\/theomm.com\\\/#website\",\"url\":\"https:\\\/\\\/theomm.com\\\/\",\"name\":\"OMM\",\"description\":\"OMM is Technical clothing and equipment made for running in the mountains. Designed to the specifications of Original Mountain Marathon.\",\"alternateName\":\"Original Mountain Marathon\",\"potentialAction\":[{\"@type\":\"SearchAction\",\"target\":{\"@type\":\"EntryPoint\",\"urlTemplate\":\"https:\\\/\\\/theomm.com\\\/?s={search_term_string}\"},\"query-input\":{\"@type\":\"PropertyValueSpecification\",\"valueRequired\":true,\"valueName\":\"search_term_string\"}}],\"inLanguage\":\"de\"}]}<\/script>\n<!-- \/ Yoast SEO plugin. -->","yoast_head_json":{"title":"Whistle Buckle - OMM","robots":{"index":"index","follow":"follow","max-snippet":"max-snippet:-1","max-image-preview":"max-image-preview:large","max-video-preview":"max-video-preview:-1"},"canonical":"https:\/\/theomm.com\/product\/whistle-buckle\/","og_locale":"de_DE","og_type":"article","og_title":"Whistle Buckle - OMM","og_description":"Verleihe deiner Ausr\u00fcstung ein neues Leben oder passe es mit unserem Sortiment an Zubeh\u00f6r und Ersatzteilen an genau deine Bed\u00fcrfnisse an.Einfach zu montieren und perfekt f\u00fcr l\u00e4ngere Distanzen, bei denen eine verlorene oder kaputte Schnalle wirklich einen Unterschied macht.","og_url":"https:\/\/theomm.com\/product\/whistle-buckle\/","og_site_name":"OMM","article_publisher":"https:\/\/www.facebook.com\/OMMrunning?_ga=2.203172945.1541616462.1665402953-280172632.1649426001","article_modified_time":"2025-09-10T17:04:20+00:00","og_image":[{"width":600,"height":600,"url":"https:\/\/theomm.com\/wp-content\/uploads\/2022\/10\/Simple_0000_OG036-Whistle-Buckle-20mm.jpg","type":"image\/jpeg"}],"twitter_card":"summary_large_image","schema":{"@context":"https:\/\/schema.org","@graph":[{"@type":"WebPage","@id":"https:\/\/theomm.com\/product\/whistle-buckle\/","url":"https:\/\/theomm.com\/product\/whistle-buckle\/","name":"Whistle Buckle - OMM","isPartOf":{"@id":"https:\/\/theomm.com\/#website"},"primaryImageOfPage":{"@id":"https:\/\/theomm.com\/product\/whistle-buckle\/#primaryimage"},"image":{"@id":"https:\/\/theomm.com\/product\/whistle-buckle\/#primaryimage"},"thumbnailUrl":"https:\/\/theomm.com\/wp-content\/uploads\/2022\/10\/Simple_0000_OG036-Whistle-Buckle-20mm.jpg","datePublished":"2020-03-16T10:48:54+00:00","dateModified":"2025-09-10T17:04:20+00:00","breadcrumb":{"@id":"https:\/\/theomm.com\/product\/whistle-buckle\/#breadcrumb"},"inLanguage":"de","potentialAction":[{"@type":"ReadAction","target":["https:\/\/theomm.com\/product\/whistle-buckle\/"]}]},{"@type":"ImageObject","inLanguage":"de","@id":"https:\/\/theomm.com\/product\/whistle-buckle\/#primaryimage","url":"https:\/\/theomm.com\/wp-content\/uploads\/2022\/10\/Simple_0000_OG036-Whistle-Buckle-20mm.jpg","contentUrl":"https:\/\/theomm.com\/wp-content\/uploads\/2022\/10\/Simple_0000_OG036-Whistle-Buckle-20mm.jpg","width":600,"height":600},{"@type":"BreadcrumbList","@id":"https:\/\/theomm.com\/product\/whistle-buckle\/#breadcrumb","itemListElement":[{"@type":"ListItem","position":1,"name":"Home","item":"https:\/\/theomm.com\/"},{"@type":"ListItem","position":2,"name":"Einkaufen","item":"https:\/\/theomm.com\/original-mountain-marathon\/products\/"},{"@type":"ListItem","position":3,"name":"Whistle Buckle"}]},{"@type":"WebSite","@id":"https:\/\/theomm.com\/#website","url":"https:\/\/theomm.com\/","name":"OMM","description":"OMM is Technical clothing and equipment made for running in the mountains. Designed to the specifications of Original Mountain Marathon.","alternateName":"Original Mountain Marathon","potentialAction":[{"@type":"SearchAction","target":{"@type":"EntryPoint","urlTemplate":"https:\/\/theomm.com\/?s={search_term_string}"},"query-input":{"@type":"PropertyValueSpecification","valueRequired":true,"valueName":"search_term_string"}}],"inLanguage":"de"}]}},"_links":{"self":[{"href":"https:\/\/theomm.com\/de\/wp-json\/wp\/v2\/product\/148554","targetHints":{"allow":["GET"]}}],"collection":[{"href":"https:\/\/theomm.com\/de\/wp-json\/wp\/v2\/product"}],"about":[{"href":"https:\/\/theomm.com\/de\/wp-json\/wp\/v2\/types\/product"}],"wp:featuredmedia":[{"embeddable":true,"href":"https:\/\/theomm.com\/de\/wp-json\/wp\/v2\/media\/141725"}],"wp:attachment":[{"href":"https:\/\/theomm.com\/de\/wp-json\/wp\/v2\/media?parent=148554"}],"wp:term":[{"taxonomy":"locations","embeddable":true,"href":"https:\/\/theomm.com\/de\/wp-json\/wp\/v2\/locations?post=148554"},{"taxonomy":"product_brand","embeddable":true,"href":"https:\/\/theomm.com\/de\/wp-json\/wp\/v2\/product_brand?post=148554"},{"taxonomy":"product_cat","embeddable":true,"href":"https:\/\/theomm.com\/de\/wp-json\/wp\/v2\/product_cat?post=148554"},{"taxonomy":"product_tag","embeddable":true,"href":"https:\/\/theomm.com\/de\/wp-json\/wp\/v2\/product_tag?post=148554"}],"curies":[{"name":"wp","href":"https:\/\/api.w.org\/{rel}","templated":true}]}}