{"id":148971,"date":"2019-03-16T10:41:21","date_gmt":"2019-03-16T10:41:21","guid":{"rendered":"https:\/\/theomm.com\/product\/ultra-flexi-flask-250ml-bite-valve\/"},"modified":"2025-09-10T17:04:31","modified_gmt":"2025-09-10T17:04:31","slug":"ultra-flexi-flask-250ml-bite-valve","status":"publish","type":"product","link":"https:\/\/theomm.com\/de\/product\/ultra-flexi-flask-250ml-bite-valve\/","title":{"rendered":"Ultra Flexi Flask 250ml &#8211; Bite Valve"},"content":{"rendered":"","protected":false},"excerpt":{"rendered":"<p>OMM Flasks sind flexibel und verkleinern ihr Volumen beim Trinken. Dadurch schwappt das Wasser nicht mehr im Inneren und man kann leichter trinken. Durch das langlebige, thermoplastische lassen sie sich unterwegs gut verstauen. <br \/>Die Bei\u00dfventile und Strohhalme sind \u00fcbrigens austauschbar (siehe die OMM Ersatzteile), um den Lebenszyklus der Flaschen zu verl\u00e4ngern.<\/p>\n","protected":false},"featured_media":141662,"template":"","meta":{"_acf_changed":false,"_et_pb_use_builder":"","_et_pb_old_content":"","_et_gb_content_width":""},"locations":[],"product_brand":[],"product_cat":[718,837],"product_tag":[1136,1135,859,849],"class_list":{"0":"post-148971","1":"product","2":"type-product","3":"status-publish","4":"has-post-thumbnail","6":"product_cat-other-de","7":"product_cat-trinksysteme","8":"product_tag-250-ml-flasche","9":"product_tag-laufende-flasche","10":"product_tag-omm-bottle-de","11":"product_tag-sp-de","12":"pa_color-clear-de","13":"pa_colour-clear-de","14":"pa_gender-damen","15":"pa_gender-mens-de","16":"pa_weight-0-50g","18":"first","19":"instock","20":"taxable","21":"shipping-taxable","22":"purchasable","23":"product-type-variable","24":"has-default-attributes","25":"wvs-archive-product-wrapper"},"acf":[],"yoast_head":"<!-- This site is optimized with the Yoast SEO plugin v27.3 - https:\/\/yoast.com\/product\/yoast-seo-wordpress\/ -->\n<title>Ultra Flexi Flask 250ml - Bite Valve - OMM<\/title>\n<meta name=\"robots\" content=\"index, follow, max-snippet:-1, max-image-preview:large, max-video-preview:-1\" \/>\n<link rel=\"canonical\" href=\"https:\/\/theomm.com\/product\/ultra-flexi-flask-250ml-bite-valve\/\" \/>\n<meta property=\"og:locale\" content=\"de_DE\" \/>\n<meta property=\"og:type\" content=\"article\" \/>\n<meta property=\"og:title\" content=\"Ultra Flexi Flask 250ml - Bite Valve - OMM\" \/>\n<meta property=\"og:description\" content=\"OMM Flasks sind flexibel und verkleinern ihr Volumen beim Trinken. Dadurch schwappt das Wasser nicht mehr im Inneren und man kann leichter trinken. Durch das langlebige, thermoplastische lassen sie sich unterwegs gut verstauen. Die Bei\u00dfventile und Strohhalme sind \u00fcbrigens austauschbar (siehe die OMM Ersatzteile), um den Lebenszyklus der Flaschen zu verl\u00e4ngern.\" \/>\n<meta property=\"og:url\" content=\"https:\/\/theomm.com\/product\/ultra-flexi-flask-250ml-bite-valve\/\" \/>\n<meta property=\"og:site_name\" content=\"OMM\" \/>\n<meta property=\"article:publisher\" content=\"https:\/\/www.facebook.com\/OMMrunning?_ga=2.203172945.1541616462.1665402953-280172632.1649426001\" \/>\n<meta property=\"article:modified_time\" content=\"2025-09-10T17:04:31+00:00\" \/>\n<meta property=\"og:image\" content=\"https:\/\/theomm.com\/wp-content\/uploads\/2022\/10\/OG007-Flexi-Flask-250ml-Simple_0000_Flexi-Flask-250ml-front.jpg\" \/>\n\t<meta property=\"og:image:width\" content=\"600\" \/>\n\t<meta property=\"og:image:height\" content=\"600\" \/>\n\t<meta property=\"og:image:type\" content=\"image\/jpeg\" \/>\n<meta name=\"twitter:card\" content=\"summary_large_image\" \/>\n<script type=\"application\/ld+json\" class=\"yoast-schema-graph\">{\"@context\":\"https:\\\/\\\/schema.org\",\"@graph\":[{\"@type\":\"WebPage\",\"@id\":\"https:\\\/\\\/theomm.com\\\/product\\\/ultra-flexi-flask-250ml-bite-valve\\\/\",\"url\":\"https:\\\/\\\/theomm.com\\\/product\\\/ultra-flexi-flask-250ml-bite-valve\\\/\",\"name\":\"Ultra Flexi Flask 250ml - Bite Valve - OMM\",\"isPartOf\":{\"@id\":\"https:\\\/\\\/theomm.com\\\/#website\"},\"primaryImageOfPage\":{\"@id\":\"https:\\\/\\\/theomm.com\\\/product\\\/ultra-flexi-flask-250ml-bite-valve\\\/#primaryimage\"},\"image\":{\"@id\":\"https:\\\/\\\/theomm.com\\\/product\\\/ultra-flexi-flask-250ml-bite-valve\\\/#primaryimage\"},\"thumbnailUrl\":\"https:\\\/\\\/theomm.com\\\/wp-content\\\/uploads\\\/2022\\\/10\\\/OG007-Flexi-Flask-250ml-Simple_0000_Flexi-Flask-250ml-front.jpg\",\"datePublished\":\"2019-03-16T10:41:21+00:00\",\"dateModified\":\"2025-09-10T17:04:31+00:00\",\"breadcrumb\":{\"@id\":\"https:\\\/\\\/theomm.com\\\/product\\\/ultra-flexi-flask-250ml-bite-valve\\\/#breadcrumb\"},\"inLanguage\":\"de\",\"potentialAction\":[{\"@type\":\"ReadAction\",\"target\":[\"https:\\\/\\\/theomm.com\\\/product\\\/ultra-flexi-flask-250ml-bite-valve\\\/\"]}]},{\"@type\":\"ImageObject\",\"inLanguage\":\"de\",\"@id\":\"https:\\\/\\\/theomm.com\\\/product\\\/ultra-flexi-flask-250ml-bite-valve\\\/#primaryimage\",\"url\":\"https:\\\/\\\/theomm.com\\\/wp-content\\\/uploads\\\/2022\\\/10\\\/OG007-Flexi-Flask-250ml-Simple_0000_Flexi-Flask-250ml-front.jpg\",\"contentUrl\":\"https:\\\/\\\/theomm.com\\\/wp-content\\\/uploads\\\/2022\\\/10\\\/OG007-Flexi-Flask-250ml-Simple_0000_Flexi-Flask-250ml-front.jpg\",\"width\":600,\"height\":600},{\"@type\":\"BreadcrumbList\",\"@id\":\"https:\\\/\\\/theomm.com\\\/product\\\/ultra-flexi-flask-250ml-bite-valve\\\/#breadcrumb\",\"itemListElement\":[{\"@type\":\"ListItem\",\"position\":1,\"name\":\"Home\",\"item\":\"https:\\\/\\\/theomm.com\\\/\"},{\"@type\":\"ListItem\",\"position\":2,\"name\":\"Einkaufen\",\"item\":\"https:\\\/\\\/theomm.com\\\/original-mountain-marathon\\\/products\\\/\"},{\"@type\":\"ListItem\",\"position\":3,\"name\":\"Ultra Flexi Flask 250ml &#8211; Bite Valve\"}]},{\"@type\":\"WebSite\",\"@id\":\"https:\\\/\\\/theomm.com\\\/#website\",\"url\":\"https:\\\/\\\/theomm.com\\\/\",\"name\":\"OMM\",\"description\":\"OMM is Technical clothing and equipment made for running in the mountains. Designed to the specifications of Original Mountain Marathon.\",\"alternateName\":\"Original Mountain Marathon\",\"potentialAction\":[{\"@type\":\"SearchAction\",\"target\":{\"@type\":\"EntryPoint\",\"urlTemplate\":\"https:\\\/\\\/theomm.com\\\/?s={search_term_string}\"},\"query-input\":{\"@type\":\"PropertyValueSpecification\",\"valueRequired\":true,\"valueName\":\"search_term_string\"}}],\"inLanguage\":\"de\"}]}<\/script>\n<!-- \/ Yoast SEO plugin. -->","yoast_head_json":{"title":"Ultra Flexi Flask 250ml - Bite Valve - OMM","robots":{"index":"index","follow":"follow","max-snippet":"max-snippet:-1","max-image-preview":"max-image-preview:large","max-video-preview":"max-video-preview:-1"},"canonical":"https:\/\/theomm.com\/product\/ultra-flexi-flask-250ml-bite-valve\/","og_locale":"de_DE","og_type":"article","og_title":"Ultra Flexi Flask 250ml - Bite Valve - OMM","og_description":"OMM Flasks sind flexibel und verkleinern ihr Volumen beim Trinken. Dadurch schwappt das Wasser nicht mehr im Inneren und man kann leichter trinken. Durch das langlebige, thermoplastische lassen sie sich unterwegs gut verstauen. Die Bei\u00dfventile und Strohhalme sind \u00fcbrigens austauschbar (siehe die OMM Ersatzteile), um den Lebenszyklus der Flaschen zu verl\u00e4ngern.","og_url":"https:\/\/theomm.com\/product\/ultra-flexi-flask-250ml-bite-valve\/","og_site_name":"OMM","article_publisher":"https:\/\/www.facebook.com\/OMMrunning?_ga=2.203172945.1541616462.1665402953-280172632.1649426001","article_modified_time":"2025-09-10T17:04:31+00:00","og_image":[{"width":600,"height":600,"url":"https:\/\/theomm.com\/wp-content\/uploads\/2022\/10\/OG007-Flexi-Flask-250ml-Simple_0000_Flexi-Flask-250ml-front.jpg","type":"image\/jpeg"}],"twitter_card":"summary_large_image","schema":{"@context":"https:\/\/schema.org","@graph":[{"@type":"WebPage","@id":"https:\/\/theomm.com\/product\/ultra-flexi-flask-250ml-bite-valve\/","url":"https:\/\/theomm.com\/product\/ultra-flexi-flask-250ml-bite-valve\/","name":"Ultra Flexi Flask 250ml - Bite Valve - OMM","isPartOf":{"@id":"https:\/\/theomm.com\/#website"},"primaryImageOfPage":{"@id":"https:\/\/theomm.com\/product\/ultra-flexi-flask-250ml-bite-valve\/#primaryimage"},"image":{"@id":"https:\/\/theomm.com\/product\/ultra-flexi-flask-250ml-bite-valve\/#primaryimage"},"thumbnailUrl":"https:\/\/theomm.com\/wp-content\/uploads\/2022\/10\/OG007-Flexi-Flask-250ml-Simple_0000_Flexi-Flask-250ml-front.jpg","datePublished":"2019-03-16T10:41:21+00:00","dateModified":"2025-09-10T17:04:31+00:00","breadcrumb":{"@id":"https:\/\/theomm.com\/product\/ultra-flexi-flask-250ml-bite-valve\/#breadcrumb"},"inLanguage":"de","potentialAction":[{"@type":"ReadAction","target":["https:\/\/theomm.com\/product\/ultra-flexi-flask-250ml-bite-valve\/"]}]},{"@type":"ImageObject","inLanguage":"de","@id":"https:\/\/theomm.com\/product\/ultra-flexi-flask-250ml-bite-valve\/#primaryimage","url":"https:\/\/theomm.com\/wp-content\/uploads\/2022\/10\/OG007-Flexi-Flask-250ml-Simple_0000_Flexi-Flask-250ml-front.jpg","contentUrl":"https:\/\/theomm.com\/wp-content\/uploads\/2022\/10\/OG007-Flexi-Flask-250ml-Simple_0000_Flexi-Flask-250ml-front.jpg","width":600,"height":600},{"@type":"BreadcrumbList","@id":"https:\/\/theomm.com\/product\/ultra-flexi-flask-250ml-bite-valve\/#breadcrumb","itemListElement":[{"@type":"ListItem","position":1,"name":"Home","item":"https:\/\/theomm.com\/"},{"@type":"ListItem","position":2,"name":"Einkaufen","item":"https:\/\/theomm.com\/original-mountain-marathon\/products\/"},{"@type":"ListItem","position":3,"name":"Ultra Flexi Flask 250ml &#8211; Bite Valve"}]},{"@type":"WebSite","@id":"https:\/\/theomm.com\/#website","url":"https:\/\/theomm.com\/","name":"OMM","description":"OMM is Technical clothing and equipment made for running in the mountains. Designed to the specifications of Original Mountain Marathon.","alternateName":"Original Mountain Marathon","potentialAction":[{"@type":"SearchAction","target":{"@type":"EntryPoint","urlTemplate":"https:\/\/theomm.com\/?s={search_term_string}"},"query-input":{"@type":"PropertyValueSpecification","valueRequired":true,"valueName":"search_term_string"}}],"inLanguage":"de"}]}},"_links":{"self":[{"href":"https:\/\/theomm.com\/de\/wp-json\/wp\/v2\/product\/148971","targetHints":{"allow":["GET"]}}],"collection":[{"href":"https:\/\/theomm.com\/de\/wp-json\/wp\/v2\/product"}],"about":[{"href":"https:\/\/theomm.com\/de\/wp-json\/wp\/v2\/types\/product"}],"wp:featuredmedia":[{"embeddable":true,"href":"https:\/\/theomm.com\/de\/wp-json\/wp\/v2\/media\/141662"}],"wp:attachment":[{"href":"https:\/\/theomm.com\/de\/wp-json\/wp\/v2\/media?parent=148971"}],"wp:term":[{"taxonomy":"locations","embeddable":true,"href":"https:\/\/theomm.com\/de\/wp-json\/wp\/v2\/locations?post=148971"},{"taxonomy":"product_brand","embeddable":true,"href":"https:\/\/theomm.com\/de\/wp-json\/wp\/v2\/product_brand?post=148971"},{"taxonomy":"product_cat","embeddable":true,"href":"https:\/\/theomm.com\/de\/wp-json\/wp\/v2\/product_cat?post=148971"},{"taxonomy":"product_tag","embeddable":true,"href":"https:\/\/theomm.com\/de\/wp-json\/wp\/v2\/product_tag?post=148971"}],"curies":[{"name":"wp","href":"https:\/\/api.w.org\/{rel}","templated":true}]}}