{"id":149016,"date":"2021-03-16T10:49:16","date_gmt":"2021-03-16T10:49:16","guid":{"rendered":"https:\/\/theomm.com\/product\/ultrafire-5-vest\/"},"modified":"2025-09-10T17:04:07","modified_gmt":"2025-09-10T17:04:07","slug":"ultrafire-5-vest","status":"publish","type":"product","link":"https:\/\/theomm.com\/de\/product\/ultrafire-5-vest\/","title":{"rendered":"UltraFire 5 Vest"},"content":{"rendered":"","protected":false},"excerpt":{"rendered":"<p>Die UltraFire Vest bietet mit ihren sieben leicht zug\u00e4nglichen Taschen gen\u00fcgend Platz f\u00fcr alles was du zum Laufen brauchst. Zus\u00e4tzlich hat sie am R\u00fccken eine 5-Liter-Rolltop-Tasche. An l\u00e4ngeren und k\u00e4lteren Tagen kannst du hier zus\u00e4tzliche Ausr\u00fcstung oder Wechselkleidung, die trocken bleiben soll, verstauen. Das ergonomische Design der UltraFire Laufweste stabilisiert sie an den Schultern und am Zwerchfell, sodass die Lunge nicht eingeschr\u00e4nkt wird. So kannst du mit voller Leistung laufen.<\/p>\n","protected":false},"featured_media":141200,"template":"","meta":{"_acf_changed":false,"_et_pb_use_builder":"","_et_pb_old_content":"","_et_gb_content_width":""},"locations":[1195,1196],"product_brand":[],"product_cat":[652,653],"product_tag":[664,663,656,655,727,728],"class_list":{"0":"post-149016","1":"product","2":"type-product","3":"status-publish","4":"has-post-thumbnail","6":"locations-eu","7":"locations-uk","8":"product_cat-packungen","9":"product_cat-laufwesten","10":"product_tag-laufweste","11":"product_tag-omm-weste","12":"product_tag-rennweste","13":"product_tag-trinkweste","14":"product_tag-ultra-fire-de","15":"product_tag-ultrafire-de","16":"pa_color-blau","17":"pa_color-grau","18":"pa_color-orange-de","19":"pa_colour-blau","20":"pa_colour-grau","21":"pa_colour-orange-de","22":"pa_size-gross","23":"pa_size-klein","24":"pa_size-mittel","26":"first","27":"instock","28":"taxable","29":"shipping-taxable","30":"purchasable","31":"product-type-variable","32":"wvs-archive-product-wrapper"},"acf":[],"yoast_head":"<!-- This site is optimized with the Yoast SEO plugin v27.4 - https:\/\/yoast.com\/product\/yoast-seo-wordpress\/ -->\n<title>UltraFire 5 Vest - OMM<\/title>\n<meta name=\"robots\" content=\"index, follow, max-snippet:-1, max-image-preview:large, max-video-preview:-1\" \/>\n<link rel=\"canonical\" href=\"https:\/\/theomm.com\/de\/product\/ultrafire-5-vest\/\" \/>\n<meta property=\"og:locale\" content=\"de_DE\" \/>\n<meta property=\"og:type\" content=\"article\" \/>\n<meta property=\"og:title\" content=\"UltraFire 5 Vest - OMM\" \/>\n<meta property=\"og:description\" content=\"Die UltraFire Vest bietet mit ihren sieben leicht zug\u00e4nglichen Taschen gen\u00fcgend Platz f\u00fcr alles was du zum Laufen brauchst. Zus\u00e4tzlich hat sie am R\u00fccken eine 5-Liter-Rolltop-Tasche. An l\u00e4ngeren und k\u00e4lteren Tagen kannst du hier zus\u00e4tzliche Ausr\u00fcstung oder Wechselkleidung, die trocken bleiben soll, verstauen. Das ergonomische Design der UltraFire Laufweste stabilisiert sie an den Schultern und am Zwerchfell, sodass die Lunge nicht eingeschr\u00e4nkt wird. So kannst du mit voller Leistung laufen.\" \/>\n<meta property=\"og:url\" content=\"https:\/\/theomm.com\/de\/product\/ultrafire-5-vest\/\" \/>\n<meta property=\"og:site_name\" content=\"OMM\" \/>\n<meta property=\"article:publisher\" content=\"https:\/\/www.facebook.com\/OMMrunning?_ga=2.203172945.1541616462.1665402953-280172632.1649426001\" \/>\n<meta property=\"article:modified_time\" content=\"2025-09-10T17:04:07+00:00\" \/>\n<meta property=\"og:image\" content=\"https:\/\/theomm.com\/wp-content\/uploads\/2022\/10\/MicrosoftTeams-image-42.jpg\" \/>\n\t<meta property=\"og:image:width\" content=\"600\" \/>\n\t<meta property=\"og:image:height\" content=\"600\" \/>\n\t<meta property=\"og:image:type\" content=\"image\/jpeg\" \/>\n<meta name=\"twitter:card\" content=\"summary_large_image\" \/>\n<script type=\"application\/ld+json\" class=\"yoast-schema-graph\">{\"@context\":\"https:\\\/\\\/schema.org\",\"@graph\":[{\"@type\":\"WebPage\",\"@id\":\"https:\\\/\\\/theomm.com\\\/de\\\/product\\\/ultrafire-5-vest\\\/\",\"url\":\"https:\\\/\\\/theomm.com\\\/de\\\/product\\\/ultrafire-5-vest\\\/\",\"name\":\"UltraFire 5 Vest - OMM\",\"isPartOf\":{\"@id\":\"https:\\\/\\\/theomm.com\\\/#website\"},\"primaryImageOfPage\":{\"@id\":\"https:\\\/\\\/theomm.com\\\/de\\\/product\\\/ultrafire-5-vest\\\/#primaryimage\"},\"image\":{\"@id\":\"https:\\\/\\\/theomm.com\\\/de\\\/product\\\/ultrafire-5-vest\\\/#primaryimage\"},\"thumbnailUrl\":\"https:\\\/\\\/theomm.com\\\/wp-content\\\/uploads\\\/2022\\\/10\\\/MicrosoftTeams-image-42.jpg\",\"datePublished\":\"2021-03-16T10:49:16+00:00\",\"dateModified\":\"2025-09-10T17:04:07+00:00\",\"breadcrumb\":{\"@id\":\"https:\\\/\\\/theomm.com\\\/de\\\/product\\\/ultrafire-5-vest\\\/#breadcrumb\"},\"inLanguage\":\"de\",\"potentialAction\":[{\"@type\":\"ReadAction\",\"target\":[\"https:\\\/\\\/theomm.com\\\/de\\\/product\\\/ultrafire-5-vest\\\/\"]}]},{\"@type\":\"ImageObject\",\"inLanguage\":\"de\",\"@id\":\"https:\\\/\\\/theomm.com\\\/de\\\/product\\\/ultrafire-5-vest\\\/#primaryimage\",\"url\":\"https:\\\/\\\/theomm.com\\\/wp-content\\\/uploads\\\/2022\\\/10\\\/MicrosoftTeams-image-42.jpg\",\"contentUrl\":\"https:\\\/\\\/theomm.com\\\/wp-content\\\/uploads\\\/2022\\\/10\\\/MicrosoftTeams-image-42.jpg\",\"width\":600,\"height\":600},{\"@type\":\"BreadcrumbList\",\"@id\":\"https:\\\/\\\/theomm.com\\\/de\\\/product\\\/ultrafire-5-vest\\\/#breadcrumb\",\"itemListElement\":[{\"@type\":\"ListItem\",\"position\":1,\"name\":\"Home\",\"item\":\"https:\\\/\\\/theomm.com\\\/\"},{\"@type\":\"ListItem\",\"position\":2,\"name\":\"Einkaufen\",\"item\":\"https:\\\/\\\/theomm.com\\\/original-mountain-marathon\\\/products\\\/\"},{\"@type\":\"ListItem\",\"position\":3,\"name\":\"UltraFire 5 Vest\"}]},{\"@type\":\"WebSite\",\"@id\":\"https:\\\/\\\/theomm.com\\\/#website\",\"url\":\"https:\\\/\\\/theomm.com\\\/\",\"name\":\"OMM\",\"description\":\"OMM is Technical clothing and equipment made for running in the mountains. Designed to the specifications of Original Mountain Marathon.\",\"alternateName\":\"Original Mountain Marathon\",\"potentialAction\":[{\"@type\":\"SearchAction\",\"target\":{\"@type\":\"EntryPoint\",\"urlTemplate\":\"https:\\\/\\\/theomm.com\\\/?s={search_term_string}\"},\"query-input\":{\"@type\":\"PropertyValueSpecification\",\"valueRequired\":true,\"valueName\":\"search_term_string\"}}],\"inLanguage\":\"de\"}]}<\/script>\n<!-- \/ Yoast SEO plugin. -->","yoast_head_json":{"title":"UltraFire 5 Vest - OMM","robots":{"index":"index","follow":"follow","max-snippet":"max-snippet:-1","max-image-preview":"max-image-preview:large","max-video-preview":"max-video-preview:-1"},"canonical":"https:\/\/theomm.com\/de\/product\/ultrafire-5-vest\/","og_locale":"de_DE","og_type":"article","og_title":"UltraFire 5 Vest - OMM","og_description":"Die UltraFire Vest bietet mit ihren sieben leicht zug\u00e4nglichen Taschen gen\u00fcgend Platz f\u00fcr alles was du zum Laufen brauchst. Zus\u00e4tzlich hat sie am R\u00fccken eine 5-Liter-Rolltop-Tasche. An l\u00e4ngeren und k\u00e4lteren Tagen kannst du hier zus\u00e4tzliche Ausr\u00fcstung oder Wechselkleidung, die trocken bleiben soll, verstauen. Das ergonomische Design der UltraFire Laufweste stabilisiert sie an den Schultern und am Zwerchfell, sodass die Lunge nicht eingeschr\u00e4nkt wird. So kannst du mit voller Leistung laufen.","og_url":"https:\/\/theomm.com\/de\/product\/ultrafire-5-vest\/","og_site_name":"OMM","article_publisher":"https:\/\/www.facebook.com\/OMMrunning?_ga=2.203172945.1541616462.1665402953-280172632.1649426001","article_modified_time":"2025-09-10T17:04:07+00:00","og_image":[{"width":600,"height":600,"url":"https:\/\/theomm.com\/wp-content\/uploads\/2022\/10\/MicrosoftTeams-image-42.jpg","type":"image\/jpeg"}],"twitter_card":"summary_large_image","schema":{"@context":"https:\/\/schema.org","@graph":[{"@type":"WebPage","@id":"https:\/\/theomm.com\/de\/product\/ultrafire-5-vest\/","url":"https:\/\/theomm.com\/de\/product\/ultrafire-5-vest\/","name":"UltraFire 5 Vest - OMM","isPartOf":{"@id":"https:\/\/theomm.com\/#website"},"primaryImageOfPage":{"@id":"https:\/\/theomm.com\/de\/product\/ultrafire-5-vest\/#primaryimage"},"image":{"@id":"https:\/\/theomm.com\/de\/product\/ultrafire-5-vest\/#primaryimage"},"thumbnailUrl":"https:\/\/theomm.com\/wp-content\/uploads\/2022\/10\/MicrosoftTeams-image-42.jpg","datePublished":"2021-03-16T10:49:16+00:00","dateModified":"2025-09-10T17:04:07+00:00","breadcrumb":{"@id":"https:\/\/theomm.com\/de\/product\/ultrafire-5-vest\/#breadcrumb"},"inLanguage":"de","potentialAction":[{"@type":"ReadAction","target":["https:\/\/theomm.com\/de\/product\/ultrafire-5-vest\/"]}]},{"@type":"ImageObject","inLanguage":"de","@id":"https:\/\/theomm.com\/de\/product\/ultrafire-5-vest\/#primaryimage","url":"https:\/\/theomm.com\/wp-content\/uploads\/2022\/10\/MicrosoftTeams-image-42.jpg","contentUrl":"https:\/\/theomm.com\/wp-content\/uploads\/2022\/10\/MicrosoftTeams-image-42.jpg","width":600,"height":600},{"@type":"BreadcrumbList","@id":"https:\/\/theomm.com\/de\/product\/ultrafire-5-vest\/#breadcrumb","itemListElement":[{"@type":"ListItem","position":1,"name":"Home","item":"https:\/\/theomm.com\/"},{"@type":"ListItem","position":2,"name":"Einkaufen","item":"https:\/\/theomm.com\/original-mountain-marathon\/products\/"},{"@type":"ListItem","position":3,"name":"UltraFire 5 Vest"}]},{"@type":"WebSite","@id":"https:\/\/theomm.com\/#website","url":"https:\/\/theomm.com\/","name":"OMM","description":"OMM is Technical clothing and equipment made for running in the mountains. Designed to the specifications of Original Mountain Marathon.","alternateName":"Original Mountain Marathon","potentialAction":[{"@type":"SearchAction","target":{"@type":"EntryPoint","urlTemplate":"https:\/\/theomm.com\/?s={search_term_string}"},"query-input":{"@type":"PropertyValueSpecification","valueRequired":true,"valueName":"search_term_string"}}],"inLanguage":"de"}]}},"_links":{"self":[{"href":"https:\/\/theomm.com\/de\/wp-json\/wp\/v2\/product\/149016","targetHints":{"allow":["GET"]}}],"collection":[{"href":"https:\/\/theomm.com\/de\/wp-json\/wp\/v2\/product"}],"about":[{"href":"https:\/\/theomm.com\/de\/wp-json\/wp\/v2\/types\/product"}],"wp:featuredmedia":[{"embeddable":true,"href":"https:\/\/theomm.com\/de\/wp-json\/wp\/v2\/media\/141200"}],"wp:attachment":[{"href":"https:\/\/theomm.com\/de\/wp-json\/wp\/v2\/media?parent=149016"}],"wp:term":[{"taxonomy":"locations","embeddable":true,"href":"https:\/\/theomm.com\/de\/wp-json\/wp\/v2\/locations?post=149016"},{"taxonomy":"product_brand","embeddable":true,"href":"https:\/\/theomm.com\/de\/wp-json\/wp\/v2\/product_brand?post=149016"},{"taxonomy":"product_cat","embeddable":true,"href":"https:\/\/theomm.com\/de\/wp-json\/wp\/v2\/product_cat?post=149016"},{"taxonomy":"product_tag","embeddable":true,"href":"https:\/\/theomm.com\/de\/wp-json\/wp\/v2\/product_tag?post=149016"}],"curies":[{"name":"wp","href":"https:\/\/api.w.org\/{rel}","templated":true}]}}