{"id":149036,"date":"2020-03-16T10:49:06","date_gmt":"2020-03-16T10:49:06","guid":{"rendered":"https:\/\/theomm.com\/product\/squeeze-cordlocs\/"},"modified":"2026-01-03T00:03:57","modified_gmt":"2026-01-03T00:03:57","slug":"squeeze-cordlocs","status":"publish","type":"product","link":"https:\/\/theomm.com\/de\/product\/squeeze-cordlocs\/","title":{"rendered":"Squeeze Cordlocs"},"content":{"rendered":"","protected":false},"excerpt":{"rendered":"<p>Verleihe deiner Ausr\u00fcstung ein neues Leben oder passe es mit unserem Sortiment an Zubeh\u00f6r und Ersatzteilen an genau deine Bed\u00fcrfnisse an.<br \/>Einfach zu montieren und perfekt f\u00fcr l\u00e4ngere Distanzen, bei denen ein verlorener oder kaputter Kordelstopper wirklich einen Unterschied macht.<\/p>\n","protected":false},"featured_media":141739,"template":"","meta":{"_acf_changed":false,"_et_pb_use_builder":"","_et_pb_old_content":"","_et_gb_content_width":""},"locations":[],"product_brand":[],"product_cat":[841,718],"product_tag":[1129,1130,1131,1108,858,849,1111],"class_list":{"0":"post-149036","1":"product","2":"type-product","3":"status-publish","4":"has-post-thumbnail","6":"product_cat-reparieren-anpassen","7":"product_cat-other-de","8":"product_tag-adjuster-de","9":"product_tag-cordloc-de","10":"product_tag-cordlocs-de","11":"product_tag-omm-toggle-de","12":"product_tag-reparatur","13":"product_tag-sp-de","14":"product_tag-toggle-de","15":"pa_color-schwarz","16":"pa_colour-schwarz","17":"pa_weight-0-50g","19":"first","20":"instock","21":"taxable","22":"shipping-taxable","23":"purchasable","24":"product-type-variable","25":"has-default-attributes","26":"wvs-archive-product-wrapper"},"acf":[],"yoast_head":"<!-- This site is optimized with the Yoast SEO plugin v27.4 - https:\/\/yoast.com\/product\/yoast-seo-wordpress\/ -->\n<title>Squeeze Cordlocs - OMM<\/title>\n<meta name=\"robots\" content=\"index, follow, max-snippet:-1, max-image-preview:large, max-video-preview:-1\" \/>\n<link rel=\"canonical\" href=\"https:\/\/theomm.com\/de\/product\/squeeze-cordlocs\/\" \/>\n<meta property=\"og:locale\" content=\"de_DE\" \/>\n<meta property=\"og:type\" content=\"article\" \/>\n<meta property=\"og:title\" content=\"Squeeze Cordlocs - OMM\" \/>\n<meta property=\"og:description\" content=\"Verleihe deiner Ausr\u00fcstung ein neues Leben oder passe es mit unserem Sortiment an Zubeh\u00f6r und Ersatzteilen an genau deine Bed\u00fcrfnisse an.Einfach zu montieren und perfekt f\u00fcr l\u00e4ngere Distanzen, bei denen ein verlorener oder kaputter Kordelstopper wirklich einen Unterschied macht.\" \/>\n<meta property=\"og:url\" content=\"https:\/\/theomm.com\/de\/product\/squeeze-cordlocs\/\" \/>\n<meta property=\"og:site_name\" content=\"OMM\" \/>\n<meta property=\"article:publisher\" content=\"https:\/\/www.facebook.com\/OMMrunning?_ga=2.203172945.1541616462.1665402953-280172632.1649426001\" \/>\n<meta property=\"article:modified_time\" content=\"2026-01-03T00:03:57+00:00\" \/>\n<meta property=\"og:image\" content=\"https:\/\/theomm.com\/wp-content\/uploads\/2022\/10\/OG041-Squeeze-Cordlocs-Simple-.jpg\" \/>\n\t<meta property=\"og:image:width\" content=\"600\" \/>\n\t<meta property=\"og:image:height\" content=\"600\" \/>\n\t<meta property=\"og:image:type\" content=\"image\/jpeg\" \/>\n<meta name=\"twitter:card\" content=\"summary_large_image\" \/>\n<script type=\"application\/ld+json\" class=\"yoast-schema-graph\">{\"@context\":\"https:\\\/\\\/schema.org\",\"@graph\":[{\"@type\":\"WebPage\",\"@id\":\"https:\\\/\\\/theomm.com\\\/de\\\/product\\\/squeeze-cordlocs\\\/\",\"url\":\"https:\\\/\\\/theomm.com\\\/de\\\/product\\\/squeeze-cordlocs\\\/\",\"name\":\"Squeeze Cordlocs - OMM\",\"isPartOf\":{\"@id\":\"https:\\\/\\\/theomm.com\\\/#website\"},\"primaryImageOfPage\":{\"@id\":\"https:\\\/\\\/theomm.com\\\/de\\\/product\\\/squeeze-cordlocs\\\/#primaryimage\"},\"image\":{\"@id\":\"https:\\\/\\\/theomm.com\\\/de\\\/product\\\/squeeze-cordlocs\\\/#primaryimage\"},\"thumbnailUrl\":\"https:\\\/\\\/theomm.com\\\/wp-content\\\/uploads\\\/2022\\\/10\\\/OG041-Squeeze-Cordlocs-Simple-.jpg\",\"datePublished\":\"2020-03-16T10:49:06+00:00\",\"dateModified\":\"2026-01-03T00:03:57+00:00\",\"breadcrumb\":{\"@id\":\"https:\\\/\\\/theomm.com\\\/de\\\/product\\\/squeeze-cordlocs\\\/#breadcrumb\"},\"inLanguage\":\"de\",\"potentialAction\":[{\"@type\":\"ReadAction\",\"target\":[\"https:\\\/\\\/theomm.com\\\/de\\\/product\\\/squeeze-cordlocs\\\/\"]}]},{\"@type\":\"ImageObject\",\"inLanguage\":\"de\",\"@id\":\"https:\\\/\\\/theomm.com\\\/de\\\/product\\\/squeeze-cordlocs\\\/#primaryimage\",\"url\":\"https:\\\/\\\/theomm.com\\\/wp-content\\\/uploads\\\/2022\\\/10\\\/OG041-Squeeze-Cordlocs-Simple-.jpg\",\"contentUrl\":\"https:\\\/\\\/theomm.com\\\/wp-content\\\/uploads\\\/2022\\\/10\\\/OG041-Squeeze-Cordlocs-Simple-.jpg\",\"width\":600,\"height\":600},{\"@type\":\"BreadcrumbList\",\"@id\":\"https:\\\/\\\/theomm.com\\\/de\\\/product\\\/squeeze-cordlocs\\\/#breadcrumb\",\"itemListElement\":[{\"@type\":\"ListItem\",\"position\":1,\"name\":\"Home\",\"item\":\"https:\\\/\\\/theomm.com\\\/\"},{\"@type\":\"ListItem\",\"position\":2,\"name\":\"Einkaufen\",\"item\":\"https:\\\/\\\/theomm.com\\\/original-mountain-marathon\\\/products\\\/\"},{\"@type\":\"ListItem\",\"position\":3,\"name\":\"Squeeze Cordlocs\"}]},{\"@type\":\"WebSite\",\"@id\":\"https:\\\/\\\/theomm.com\\\/#website\",\"url\":\"https:\\\/\\\/theomm.com\\\/\",\"name\":\"OMM\",\"description\":\"OMM is Technical clothing and equipment made for running in the mountains. Designed to the specifications of Original Mountain Marathon.\",\"alternateName\":\"Original Mountain Marathon\",\"potentialAction\":[{\"@type\":\"SearchAction\",\"target\":{\"@type\":\"EntryPoint\",\"urlTemplate\":\"https:\\\/\\\/theomm.com\\\/?s={search_term_string}\"},\"query-input\":{\"@type\":\"PropertyValueSpecification\",\"valueRequired\":true,\"valueName\":\"search_term_string\"}}],\"inLanguage\":\"de\"}]}<\/script>\n<!-- \/ Yoast SEO plugin. -->","yoast_head_json":{"title":"Squeeze Cordlocs - OMM","robots":{"index":"index","follow":"follow","max-snippet":"max-snippet:-1","max-image-preview":"max-image-preview:large","max-video-preview":"max-video-preview:-1"},"canonical":"https:\/\/theomm.com\/de\/product\/squeeze-cordlocs\/","og_locale":"de_DE","og_type":"article","og_title":"Squeeze Cordlocs - OMM","og_description":"Verleihe deiner Ausr\u00fcstung ein neues Leben oder passe es mit unserem Sortiment an Zubeh\u00f6r und Ersatzteilen an genau deine Bed\u00fcrfnisse an.Einfach zu montieren und perfekt f\u00fcr l\u00e4ngere Distanzen, bei denen ein verlorener oder kaputter Kordelstopper wirklich einen Unterschied macht.","og_url":"https:\/\/theomm.com\/de\/product\/squeeze-cordlocs\/","og_site_name":"OMM","article_publisher":"https:\/\/www.facebook.com\/OMMrunning?_ga=2.203172945.1541616462.1665402953-280172632.1649426001","article_modified_time":"2026-01-03T00:03:57+00:00","og_image":[{"width":600,"height":600,"url":"https:\/\/theomm.com\/wp-content\/uploads\/2022\/10\/OG041-Squeeze-Cordlocs-Simple-.jpg","type":"image\/jpeg"}],"twitter_card":"summary_large_image","schema":{"@context":"https:\/\/schema.org","@graph":[{"@type":"WebPage","@id":"https:\/\/theomm.com\/de\/product\/squeeze-cordlocs\/","url":"https:\/\/theomm.com\/de\/product\/squeeze-cordlocs\/","name":"Squeeze Cordlocs - OMM","isPartOf":{"@id":"https:\/\/theomm.com\/#website"},"primaryImageOfPage":{"@id":"https:\/\/theomm.com\/de\/product\/squeeze-cordlocs\/#primaryimage"},"image":{"@id":"https:\/\/theomm.com\/de\/product\/squeeze-cordlocs\/#primaryimage"},"thumbnailUrl":"https:\/\/theomm.com\/wp-content\/uploads\/2022\/10\/OG041-Squeeze-Cordlocs-Simple-.jpg","datePublished":"2020-03-16T10:49:06+00:00","dateModified":"2026-01-03T00:03:57+00:00","breadcrumb":{"@id":"https:\/\/theomm.com\/de\/product\/squeeze-cordlocs\/#breadcrumb"},"inLanguage":"de","potentialAction":[{"@type":"ReadAction","target":["https:\/\/theomm.com\/de\/product\/squeeze-cordlocs\/"]}]},{"@type":"ImageObject","inLanguage":"de","@id":"https:\/\/theomm.com\/de\/product\/squeeze-cordlocs\/#primaryimage","url":"https:\/\/theomm.com\/wp-content\/uploads\/2022\/10\/OG041-Squeeze-Cordlocs-Simple-.jpg","contentUrl":"https:\/\/theomm.com\/wp-content\/uploads\/2022\/10\/OG041-Squeeze-Cordlocs-Simple-.jpg","width":600,"height":600},{"@type":"BreadcrumbList","@id":"https:\/\/theomm.com\/de\/product\/squeeze-cordlocs\/#breadcrumb","itemListElement":[{"@type":"ListItem","position":1,"name":"Home","item":"https:\/\/theomm.com\/"},{"@type":"ListItem","position":2,"name":"Einkaufen","item":"https:\/\/theomm.com\/original-mountain-marathon\/products\/"},{"@type":"ListItem","position":3,"name":"Squeeze Cordlocs"}]},{"@type":"WebSite","@id":"https:\/\/theomm.com\/#website","url":"https:\/\/theomm.com\/","name":"OMM","description":"OMM is Technical clothing and equipment made for running in the mountains. Designed to the specifications of Original Mountain Marathon.","alternateName":"Original Mountain Marathon","potentialAction":[{"@type":"SearchAction","target":{"@type":"EntryPoint","urlTemplate":"https:\/\/theomm.com\/?s={search_term_string}"},"query-input":{"@type":"PropertyValueSpecification","valueRequired":true,"valueName":"search_term_string"}}],"inLanguage":"de"}]}},"_links":{"self":[{"href":"https:\/\/theomm.com\/de\/wp-json\/wp\/v2\/product\/149036","targetHints":{"allow":["GET"]}}],"collection":[{"href":"https:\/\/theomm.com\/de\/wp-json\/wp\/v2\/product"}],"about":[{"href":"https:\/\/theomm.com\/de\/wp-json\/wp\/v2\/types\/product"}],"wp:featuredmedia":[{"embeddable":true,"href":"https:\/\/theomm.com\/de\/wp-json\/wp\/v2\/media\/141739"}],"wp:attachment":[{"href":"https:\/\/theomm.com\/de\/wp-json\/wp\/v2\/media?parent=149036"}],"wp:term":[{"taxonomy":"locations","embeddable":true,"href":"https:\/\/theomm.com\/de\/wp-json\/wp\/v2\/locations?post=149036"},{"taxonomy":"product_brand","embeddable":true,"href":"https:\/\/theomm.com\/de\/wp-json\/wp\/v2\/product_brand?post=149036"},{"taxonomy":"product_cat","embeddable":true,"href":"https:\/\/theomm.com\/de\/wp-json\/wp\/v2\/product_cat?post=149036"},{"taxonomy":"product_tag","embeddable":true,"href":"https:\/\/theomm.com\/de\/wp-json\/wp\/v2\/product_tag?post=149036"}],"curies":[{"name":"wp","href":"https:\/\/api.w.org\/{rel}","templated":true}]}}