{"id":149042,"date":"2022-03-16T10:49:06","date_gmt":"2022-03-16T10:49:06","guid":{"rendered":"https:\/\/theomm.com\/product\/trailfire-vest-2\/"},"modified":"2024-04-23T11:39:40","modified_gmt":"2024-04-23T11:39:40","slug":"trailfire-vest-2","status":"publish","type":"product","link":"https:\/\/theomm.com\/de\/product\/trailfire-vest-2\/","title":{"rendered":"TrailFire Vest"},"content":{"rendered":"","protected":false},"excerpt":{"rendered":"<p>Die TrailFire wurde entwickelt, um Platz f\u00fcr das N\u00f6tigste f\u00fcr t\u00e4gliche L\u00e4ufe und k\u00fcrzere Rennen zu bieten. Einfach anziehen und loslaufen! Durch das ergonomische Design liegt sie an Schulter und Zwerchfell an, so dass sich die Lunge f\u00fcr eine optimale Leistung in der Laufbewegung ungehindert ausdehnen kann. Die TrailFire Vest hat sieben leicht zug\u00e4ngliche Taschen f\u00fcr alle wichtigen Dinge, die du unterwegs brauchst. Au\u00dferdem bietet eine 3-Liter-Netztasche auf der R\u00fcckseite Platz f\u00fcr weniger h\u00e4ufig ben\u00f6tigte Gegenst\u00e4nde und eine Trinkblase.<\/p>\n","protected":false},"featured_media":141100,"template":"","meta":{"_acf_changed":false,"_et_pb_use_builder":"","_et_pb_old_content":"","_et_gb_content_width":""},"locations":[],"product_brand":[],"product_cat":[652,653],"product_tag":[664,663,656,1143,1144,655,709],"class_list":{"0":"post-149042","1":"product","2":"type-product","3":"status-publish","4":"has-post-thumbnail","6":"product_cat-packungen","7":"product_cat-laufwesten","8":"product_tag-laufweste","9":"product_tag-omm-weste","10":"product_tag-rennweste","11":"product_tag-trail-fire-de","12":"product_tag-trailfire-de","13":"product_tag-trinkweste","14":"product_tag-ultralauf","15":"pa_color-blau","16":"pa_color-gelb","17":"pa_color-schwarz","18":"pa_colour-blau","19":"pa_colour-gelb","20":"pa_colour-schwarz","21":"pa_size-gross","22":"pa_size-klein","23":"pa_size-mittel","25":"first","26":"instock","27":"taxable","28":"shipping-taxable","29":"purchasable","30":"product-type-variable","31":"wvs-archive-product-wrapper"},"acf":[],"yoast_head":"<!-- This site is optimized with the Yoast SEO plugin v27.3 - https:\/\/yoast.com\/product\/yoast-seo-wordpress\/ -->\n<title>TrailFire Vest - OMM<\/title>\n<meta name=\"robots\" content=\"index, follow, max-snippet:-1, max-image-preview:large, max-video-preview:-1\" \/>\n<link rel=\"canonical\" href=\"https:\/\/theomm.com\/de\/product\/trailfire-vest-2\/\" \/>\n<meta property=\"og:locale\" content=\"de_DE\" \/>\n<meta property=\"og:type\" content=\"article\" \/>\n<meta property=\"og:title\" content=\"TrailFire Vest - OMM\" \/>\n<meta property=\"og:description\" content=\"Die TrailFire wurde entwickelt, um Platz f\u00fcr das N\u00f6tigste f\u00fcr t\u00e4gliche L\u00e4ufe und k\u00fcrzere Rennen zu bieten. Einfach anziehen und loslaufen! Durch das ergonomische Design liegt sie an Schulter und Zwerchfell an, so dass sich die Lunge f\u00fcr eine optimale Leistung in der Laufbewegung ungehindert ausdehnen kann. Die TrailFire Vest hat sieben leicht zug\u00e4ngliche Taschen f\u00fcr alle wichtigen Dinge, die du unterwegs brauchst. Au\u00dferdem bietet eine 3-Liter-Netztasche auf der R\u00fcckseite Platz f\u00fcr weniger h\u00e4ufig ben\u00f6tigte Gegenst\u00e4nde und eine Trinkblase.\" \/>\n<meta property=\"og:url\" content=\"https:\/\/theomm.com\/de\/product\/trailfire-vest-2\/\" \/>\n<meta property=\"og:site_name\" content=\"OMM\" \/>\n<meta property=\"article:publisher\" content=\"https:\/\/www.facebook.com\/OMMrunning?_ga=2.203172945.1541616462.1665402953-280172632.1649426001\" \/>\n<meta property=\"article:modified_time\" content=\"2024-04-23T11:39:40+00:00\" \/>\n<meta property=\"og:image\" content=\"https:\/\/theomm.com\/wp-content\/uploads\/2022\/10\/OF044_TrailFire_Vest_Yellow_Back.jpg\" \/>\n\t<meta property=\"og:image:width\" content=\"600\" \/>\n\t<meta property=\"og:image:height\" content=\"600\" \/>\n\t<meta property=\"og:image:type\" content=\"image\/jpeg\" \/>\n<meta name=\"twitter:card\" content=\"summary_large_image\" \/>\n<script type=\"application\/ld+json\" class=\"yoast-schema-graph\">{\"@context\":\"https:\\\/\\\/schema.org\",\"@graph\":[{\"@type\":\"WebPage\",\"@id\":\"https:\\\/\\\/theomm.com\\\/de\\\/product\\\/trailfire-vest-2\\\/\",\"url\":\"https:\\\/\\\/theomm.com\\\/de\\\/product\\\/trailfire-vest-2\\\/\",\"name\":\"TrailFire Vest - OMM\",\"isPartOf\":{\"@id\":\"https:\\\/\\\/theomm.com\\\/#website\"},\"primaryImageOfPage\":{\"@id\":\"https:\\\/\\\/theomm.com\\\/de\\\/product\\\/trailfire-vest-2\\\/#primaryimage\"},\"image\":{\"@id\":\"https:\\\/\\\/theomm.com\\\/de\\\/product\\\/trailfire-vest-2\\\/#primaryimage\"},\"thumbnailUrl\":\"https:\\\/\\\/theomm.com\\\/wp-content\\\/uploads\\\/2022\\\/10\\\/OF044_TrailFire_Vest_Yellow_Back.jpg\",\"datePublished\":\"2022-03-16T10:49:06+00:00\",\"dateModified\":\"2024-04-23T11:39:40+00:00\",\"breadcrumb\":{\"@id\":\"https:\\\/\\\/theomm.com\\\/de\\\/product\\\/trailfire-vest-2\\\/#breadcrumb\"},\"inLanguage\":\"de\",\"potentialAction\":[{\"@type\":\"ReadAction\",\"target\":[\"https:\\\/\\\/theomm.com\\\/de\\\/product\\\/trailfire-vest-2\\\/\"]}]},{\"@type\":\"ImageObject\",\"inLanguage\":\"de\",\"@id\":\"https:\\\/\\\/theomm.com\\\/de\\\/product\\\/trailfire-vest-2\\\/#primaryimage\",\"url\":\"https:\\\/\\\/theomm.com\\\/wp-content\\\/uploads\\\/2022\\\/10\\\/OF044_TrailFire_Vest_Yellow_Back.jpg\",\"contentUrl\":\"https:\\\/\\\/theomm.com\\\/wp-content\\\/uploads\\\/2022\\\/10\\\/OF044_TrailFire_Vest_Yellow_Back.jpg\",\"width\":600,\"height\":600},{\"@type\":\"BreadcrumbList\",\"@id\":\"https:\\\/\\\/theomm.com\\\/de\\\/product\\\/trailfire-vest-2\\\/#breadcrumb\",\"itemListElement\":[{\"@type\":\"ListItem\",\"position\":1,\"name\":\"Home\",\"item\":\"https:\\\/\\\/theomm.com\\\/\"},{\"@type\":\"ListItem\",\"position\":2,\"name\":\"Einkaufen\",\"item\":\"https:\\\/\\\/theomm.com\\\/original-mountain-marathon\\\/products\\\/\"},{\"@type\":\"ListItem\",\"position\":3,\"name\":\"TrailFire Vest\"}]},{\"@type\":\"WebSite\",\"@id\":\"https:\\\/\\\/theomm.com\\\/#website\",\"url\":\"https:\\\/\\\/theomm.com\\\/\",\"name\":\"OMM\",\"description\":\"OMM is Technical clothing and equipment made for running in the mountains. Designed to the specifications of Original Mountain Marathon.\",\"alternateName\":\"Original Mountain Marathon\",\"potentialAction\":[{\"@type\":\"SearchAction\",\"target\":{\"@type\":\"EntryPoint\",\"urlTemplate\":\"https:\\\/\\\/theomm.com\\\/?s={search_term_string}\"},\"query-input\":{\"@type\":\"PropertyValueSpecification\",\"valueRequired\":true,\"valueName\":\"search_term_string\"}}],\"inLanguage\":\"de\"}]}<\/script>\n<!-- \/ Yoast SEO plugin. -->","yoast_head_json":{"title":"TrailFire Vest - OMM","robots":{"index":"index","follow":"follow","max-snippet":"max-snippet:-1","max-image-preview":"max-image-preview:large","max-video-preview":"max-video-preview:-1"},"canonical":"https:\/\/theomm.com\/de\/product\/trailfire-vest-2\/","og_locale":"de_DE","og_type":"article","og_title":"TrailFire Vest - OMM","og_description":"Die TrailFire wurde entwickelt, um Platz f\u00fcr das N\u00f6tigste f\u00fcr t\u00e4gliche L\u00e4ufe und k\u00fcrzere Rennen zu bieten. Einfach anziehen und loslaufen! Durch das ergonomische Design liegt sie an Schulter und Zwerchfell an, so dass sich die Lunge f\u00fcr eine optimale Leistung in der Laufbewegung ungehindert ausdehnen kann. Die TrailFire Vest hat sieben leicht zug\u00e4ngliche Taschen f\u00fcr alle wichtigen Dinge, die du unterwegs brauchst. Au\u00dferdem bietet eine 3-Liter-Netztasche auf der R\u00fcckseite Platz f\u00fcr weniger h\u00e4ufig ben\u00f6tigte Gegenst\u00e4nde und eine Trinkblase.","og_url":"https:\/\/theomm.com\/de\/product\/trailfire-vest-2\/","og_site_name":"OMM","article_publisher":"https:\/\/www.facebook.com\/OMMrunning?_ga=2.203172945.1541616462.1665402953-280172632.1649426001","article_modified_time":"2024-04-23T11:39:40+00:00","og_image":[{"width":600,"height":600,"url":"https:\/\/theomm.com\/wp-content\/uploads\/2022\/10\/OF044_TrailFire_Vest_Yellow_Back.jpg","type":"image\/jpeg"}],"twitter_card":"summary_large_image","schema":{"@context":"https:\/\/schema.org","@graph":[{"@type":"WebPage","@id":"https:\/\/theomm.com\/de\/product\/trailfire-vest-2\/","url":"https:\/\/theomm.com\/de\/product\/trailfire-vest-2\/","name":"TrailFire Vest - OMM","isPartOf":{"@id":"https:\/\/theomm.com\/#website"},"primaryImageOfPage":{"@id":"https:\/\/theomm.com\/de\/product\/trailfire-vest-2\/#primaryimage"},"image":{"@id":"https:\/\/theomm.com\/de\/product\/trailfire-vest-2\/#primaryimage"},"thumbnailUrl":"https:\/\/theomm.com\/wp-content\/uploads\/2022\/10\/OF044_TrailFire_Vest_Yellow_Back.jpg","datePublished":"2022-03-16T10:49:06+00:00","dateModified":"2024-04-23T11:39:40+00:00","breadcrumb":{"@id":"https:\/\/theomm.com\/de\/product\/trailfire-vest-2\/#breadcrumb"},"inLanguage":"de","potentialAction":[{"@type":"ReadAction","target":["https:\/\/theomm.com\/de\/product\/trailfire-vest-2\/"]}]},{"@type":"ImageObject","inLanguage":"de","@id":"https:\/\/theomm.com\/de\/product\/trailfire-vest-2\/#primaryimage","url":"https:\/\/theomm.com\/wp-content\/uploads\/2022\/10\/OF044_TrailFire_Vest_Yellow_Back.jpg","contentUrl":"https:\/\/theomm.com\/wp-content\/uploads\/2022\/10\/OF044_TrailFire_Vest_Yellow_Back.jpg","width":600,"height":600},{"@type":"BreadcrumbList","@id":"https:\/\/theomm.com\/de\/product\/trailfire-vest-2\/#breadcrumb","itemListElement":[{"@type":"ListItem","position":1,"name":"Home","item":"https:\/\/theomm.com\/"},{"@type":"ListItem","position":2,"name":"Einkaufen","item":"https:\/\/theomm.com\/original-mountain-marathon\/products\/"},{"@type":"ListItem","position":3,"name":"TrailFire Vest"}]},{"@type":"WebSite","@id":"https:\/\/theomm.com\/#website","url":"https:\/\/theomm.com\/","name":"OMM","description":"OMM is Technical clothing and equipment made for running in the mountains. Designed to the specifications of Original Mountain Marathon.","alternateName":"Original Mountain Marathon","potentialAction":[{"@type":"SearchAction","target":{"@type":"EntryPoint","urlTemplate":"https:\/\/theomm.com\/?s={search_term_string}"},"query-input":{"@type":"PropertyValueSpecification","valueRequired":true,"valueName":"search_term_string"}}],"inLanguage":"de"}]}},"_links":{"self":[{"href":"https:\/\/theomm.com\/de\/wp-json\/wp\/v2\/product\/149042","targetHints":{"allow":["GET"]}}],"collection":[{"href":"https:\/\/theomm.com\/de\/wp-json\/wp\/v2\/product"}],"about":[{"href":"https:\/\/theomm.com\/de\/wp-json\/wp\/v2\/types\/product"}],"wp:featuredmedia":[{"embeddable":true,"href":"https:\/\/theomm.com\/de\/wp-json\/wp\/v2\/media\/141100"}],"wp:attachment":[{"href":"https:\/\/theomm.com\/de\/wp-json\/wp\/v2\/media?parent=149042"}],"wp:term":[{"taxonomy":"locations","embeddable":true,"href":"https:\/\/theomm.com\/de\/wp-json\/wp\/v2\/locations?post=149042"},{"taxonomy":"product_brand","embeddable":true,"href":"https:\/\/theomm.com\/de\/wp-json\/wp\/v2\/product_brand?post=149042"},{"taxonomy":"product_cat","embeddable":true,"href":"https:\/\/theomm.com\/de\/wp-json\/wp\/v2\/product_cat?post=149042"},{"taxonomy":"product_tag","embeddable":true,"href":"https:\/\/theomm.com\/de\/wp-json\/wp\/v2\/product_tag?post=149042"}],"curies":[{"name":"wp","href":"https:\/\/api.w.org\/{rel}","templated":true}]}}