{"id":149062,"date":"2022-03-16T10:50:42","date_gmt":"2022-03-16T10:50:42","guid":{"rendered":"https:\/\/theomm.com\/product\/mountain-raid-233\/"},"modified":"2025-10-28T00:00:43","modified_gmt":"2025-10-28T00:00:43","slug":"mountain-raid-233","status":"publish","type":"product","link":"https:\/\/theomm.com\/de\/product\/mountain-raid-233\/","title":{"rendered":"Mountain Raid 233"},"content":{"rendered":"<p>Der Mountain Raid 233 Schlafsack verwendet die dickere Primaloft Cross-Core GOLD-Isolierung, um den Temperaturbereich der Tasche zu erweitern, und die aus einer Kombination von Materialien besteht, um f\u00fcr maximale Leistung zu sorgen.<\/p>\n<p>Die PointZero-Shell verf\u00fcgt \u00fcber eine DWR-Behandlung zur Unterst\u00fctzung der Wasserabweisung und eine Primaloft-Isolierung, die auch bei N\u00e4sse funktioniert.<\/p>\n<p>Ein halblanger Reissverschluss reduziert kalte Stellen und das Gesamtgewicht, w\u00e4hrend eine eng-anliegende, verstellbare Kapuze im Mumienstil hilft, das Maximum an W\u00e4rme einzufangen. Eine ausged\u00fcnnte Passform reduziert tote Luft und die geformte Fussbox sorgt f\u00fcr eine bequemere Schlafposition.<\/p>\n<p>Der Mountain Raid 233 ist unser w\u00e4rmster Schlafsack und dennoch perfekt f\u00fcr Abenteuer mit leichtem Gewicht in den k\u00e4lteren Monaten oder f\u00fcr Teilnehmer am Bergmarathon, die nach einer besseren Nachtruhe suchen.<\/p>\n","protected":false},"excerpt":{"rendered":"<p>Der Mountain Raid 233 Schladsack verwendet die dickere Primaloft Cross-Core GOLD-Isolierung, um den Temperaturbereich der Tasche zu erweitern, und die aus einer Kombination von Materialien besteht, um f\u00fcr maximale Leistung zu sorgen.<\/p>\n<p>Die PointZero-Shell verf\u00fcgt \u00fcber eine DWR-Behandlung zur Unterst\u00fctzung der Wasserabweisung und eine Primaloft-Isolierung, die auch bei N\u00e4sse funktioniert.<\/p>\n<p>Ein halblanger Reissverschluss reduziert kalte Stellen und das Gesamtgewicht, w\u00e4hrend eine eng-anliegende, verstellbare Kapuze im Mumienstil hilft, das Maximum an W\u00e4rme einzufangen. Eine ausged\u00fcnnte Passform reduziert tote Luft und die geformte Fussbox sorgt f\u00fcr eine bequemere Schlafposition.<\/p>\n<p>Der Mountain Raid 233 ist unser w\u00e4rmster Schlafsack und dennoch perfekt f\u00fcr Abenteuer mit leichtem Gewicht in den k\u00e4lteren Monaten oder f\u00fcr Teilnehmer am Bergmarathon, die nach einer besseren Nachtruhe suchen.<\/p>\n","protected":false},"featured_media":171291,"template":"","meta":{"_acf_changed":false,"_et_pb_use_builder":"","_et_pb_old_content":"","_et_gb_content_width":""},"locations":[1195,1196],"product_brand":[],"product_cat":[149,610,842,718],"product_tag":[868,873,869,970,705,1092,874],"class_list":{"0":"post-149062","1":"product","2":"type-product","3":"status-publish","4":"has-post-thumbnail","6":"locations-eu","7":"locations-uk","8":"product_cat-ausruestungsliste","9":"product_cat-neue-ankunfte","10":"product_cat-schlafen","11":"product_cat-other-de","12":"product_tag-leichter-schlafsack","13":"product_tag-minimaler-schlafsack","14":"product_tag-mountain-raid-de","15":"product_tag-omm-mountain-raid-de","16":"product_tag-primaloft-de","17":"product_tag-primaloft-insulation-de","18":"product_tag-schlafsack","19":"pa_color-aqua-de","20":"pa_color-dunkelrot","21":"pa_color-gelb","22":"pa_color-rosa","23":"pa_colour-gelb","24":"pa_colour-mehrfarbig","25":"pa_technology-point-zero","26":"pa_technology-primaloft-cross-core-gold-eco","27":"pa_weight-400g","29":"first","30":"instock","31":"taxable","32":"shipping-taxable","33":"purchasable","34":"product-type-variable","35":"has-default-attributes","36":"wvs-archive-product-wrapper"},"acf":[],"yoast_head":"<!-- This site is optimized with the Yoast SEO plugin v27.3 - https:\/\/yoast.com\/product\/yoast-seo-wordpress\/ -->\n<title>Mountain Raid 233 - OMM<\/title>\n<meta name=\"description\" content=\"The Mountain Raid 233, Our Warmest Sleeping Bag With Primaloft\u00ae Cross-Core Gold For The Highest Possible Performance.. Warmth To Weight. Sustainable Warm When Wet\" \/>\n<meta name=\"robots\" content=\"index, follow, max-snippet:-1, max-image-preview:large, max-video-preview:-1\" \/>\n<link rel=\"canonical\" href=\"https:\/\/theomm.com\/de\/product\/mountain-raid-233\/\" \/>\n<meta property=\"og:locale\" content=\"de_DE\" \/>\n<meta property=\"og:type\" content=\"article\" \/>\n<meta property=\"og:title\" content=\"Mountain Raid 233 - OMM\" \/>\n<meta property=\"og:description\" content=\"The Mountain Raid 233, Our Warmest Sleeping Bag With Primaloft\u00ae Cross-Core Gold For The Highest Possible Performance.. Warmth To Weight. Sustainable Warm When Wet\" \/>\n<meta property=\"og:url\" content=\"https:\/\/theomm.com\/de\/product\/mountain-raid-233\/\" \/>\n<meta property=\"og:site_name\" content=\"OMM\" \/>\n<meta property=\"article:publisher\" content=\"https:\/\/www.facebook.com\/OMMrunning?_ga=2.203172945.1541616462.1665402953-280172632.1649426001\" \/>\n<meta property=\"article:modified_time\" content=\"2025-10-28T00:00:43+00:00\" \/>\n<meta property=\"og:image\" content=\"https:\/\/theomm.com\/wp-content\/uploads\/2023\/08\/STUDIO_0002_OH015_Mountain_Raid_233_Open.jpg\" \/>\n\t<meta property=\"og:image:width\" content=\"600\" \/>\n\t<meta property=\"og:image:height\" content=\"600\" \/>\n\t<meta property=\"og:image:type\" content=\"image\/jpeg\" \/>\n<meta name=\"twitter:card\" content=\"summary_large_image\" \/>\n<meta name=\"twitter:label1\" content=\"Gesch\u00e4tzte Lesezeit\" \/>\n\t<meta name=\"twitter:data1\" content=\"1\u00a0Minute\" \/>\n<script type=\"application\/ld+json\" class=\"yoast-schema-graph\">{\"@context\":\"https:\\\/\\\/schema.org\",\"@graph\":[{\"@type\":\"WebPage\",\"@id\":\"https:\\\/\\\/theomm.com\\\/de\\\/product\\\/mountain-raid-233\\\/\",\"url\":\"https:\\\/\\\/theomm.com\\\/de\\\/product\\\/mountain-raid-233\\\/\",\"name\":\"Mountain Raid 233 - OMM\",\"isPartOf\":{\"@id\":\"https:\\\/\\\/theomm.com\\\/#website\"},\"primaryImageOfPage\":{\"@id\":\"https:\\\/\\\/theomm.com\\\/de\\\/product\\\/mountain-raid-233\\\/#primaryimage\"},\"image\":{\"@id\":\"https:\\\/\\\/theomm.com\\\/de\\\/product\\\/mountain-raid-233\\\/#primaryimage\"},\"thumbnailUrl\":\"https:\\\/\\\/theomm.com\\\/wp-content\\\/uploads\\\/2023\\\/08\\\/STUDIO_0002_OH015_Mountain_Raid_233_Open.jpg\",\"datePublished\":\"2022-03-16T10:50:42+00:00\",\"dateModified\":\"2025-10-28T00:00:43+00:00\",\"description\":\"The Mountain Raid 233, Our Warmest Sleeping Bag With Primaloft\u00ae Cross-Core Gold For The Highest Possible Performance.. Warmth To Weight. Sustainable Warm When Wet\",\"breadcrumb\":{\"@id\":\"https:\\\/\\\/theomm.com\\\/de\\\/product\\\/mountain-raid-233\\\/#breadcrumb\"},\"inLanguage\":\"de\",\"potentialAction\":[{\"@type\":\"ReadAction\",\"target\":[\"https:\\\/\\\/theomm.com\\\/de\\\/product\\\/mountain-raid-233\\\/\"]}]},{\"@type\":\"ImageObject\",\"inLanguage\":\"de\",\"@id\":\"https:\\\/\\\/theomm.com\\\/de\\\/product\\\/mountain-raid-233\\\/#primaryimage\",\"url\":\"https:\\\/\\\/theomm.com\\\/wp-content\\\/uploads\\\/2023\\\/08\\\/STUDIO_0002_OH015_Mountain_Raid_233_Open.jpg\",\"contentUrl\":\"https:\\\/\\\/theomm.com\\\/wp-content\\\/uploads\\\/2023\\\/08\\\/STUDIO_0002_OH015_Mountain_Raid_233_Open.jpg\",\"width\":600,\"height\":600},{\"@type\":\"BreadcrumbList\",\"@id\":\"https:\\\/\\\/theomm.com\\\/de\\\/product\\\/mountain-raid-233\\\/#breadcrumb\",\"itemListElement\":[{\"@type\":\"ListItem\",\"position\":1,\"name\":\"Home\",\"item\":\"https:\\\/\\\/theomm.com\\\/\"},{\"@type\":\"ListItem\",\"position\":2,\"name\":\"Einkaufen\",\"item\":\"https:\\\/\\\/theomm.com\\\/original-mountain-marathon\\\/products\\\/\"},{\"@type\":\"ListItem\",\"position\":3,\"name\":\"Mountain Raid 233\"}]},{\"@type\":\"WebSite\",\"@id\":\"https:\\\/\\\/theomm.com\\\/#website\",\"url\":\"https:\\\/\\\/theomm.com\\\/\",\"name\":\"OMM\",\"description\":\"OMM is Technical clothing and equipment made for running in the mountains. Designed to the specifications of Original Mountain Marathon.\",\"alternateName\":\"Original Mountain Marathon\",\"potentialAction\":[{\"@type\":\"SearchAction\",\"target\":{\"@type\":\"EntryPoint\",\"urlTemplate\":\"https:\\\/\\\/theomm.com\\\/?s={search_term_string}\"},\"query-input\":{\"@type\":\"PropertyValueSpecification\",\"valueRequired\":true,\"valueName\":\"search_term_string\"}}],\"inLanguage\":\"de\"}]}<\/script>\n<!-- \/ Yoast SEO plugin. -->","yoast_head_json":{"title":"Mountain Raid 233 - OMM","description":"The Mountain Raid 233, Our Warmest Sleeping Bag With Primaloft\u00ae Cross-Core Gold For The Highest Possible Performance.. Warmth To Weight. Sustainable Warm When Wet","robots":{"index":"index","follow":"follow","max-snippet":"max-snippet:-1","max-image-preview":"max-image-preview:large","max-video-preview":"max-video-preview:-1"},"canonical":"https:\/\/theomm.com\/de\/product\/mountain-raid-233\/","og_locale":"de_DE","og_type":"article","og_title":"Mountain Raid 233 - OMM","og_description":"The Mountain Raid 233, Our Warmest Sleeping Bag With Primaloft\u00ae Cross-Core Gold For The Highest Possible Performance.. Warmth To Weight. Sustainable Warm When Wet","og_url":"https:\/\/theomm.com\/de\/product\/mountain-raid-233\/","og_site_name":"OMM","article_publisher":"https:\/\/www.facebook.com\/OMMrunning?_ga=2.203172945.1541616462.1665402953-280172632.1649426001","article_modified_time":"2025-10-28T00:00:43+00:00","og_image":[{"width":600,"height":600,"url":"https:\/\/theomm.com\/wp-content\/uploads\/2023\/08\/STUDIO_0002_OH015_Mountain_Raid_233_Open.jpg","type":"image\/jpeg"}],"twitter_card":"summary_large_image","twitter_misc":{"Gesch\u00e4tzte Lesezeit":"1\u00a0Minute"},"schema":{"@context":"https:\/\/schema.org","@graph":[{"@type":"WebPage","@id":"https:\/\/theomm.com\/de\/product\/mountain-raid-233\/","url":"https:\/\/theomm.com\/de\/product\/mountain-raid-233\/","name":"Mountain Raid 233 - OMM","isPartOf":{"@id":"https:\/\/theomm.com\/#website"},"primaryImageOfPage":{"@id":"https:\/\/theomm.com\/de\/product\/mountain-raid-233\/#primaryimage"},"image":{"@id":"https:\/\/theomm.com\/de\/product\/mountain-raid-233\/#primaryimage"},"thumbnailUrl":"https:\/\/theomm.com\/wp-content\/uploads\/2023\/08\/STUDIO_0002_OH015_Mountain_Raid_233_Open.jpg","datePublished":"2022-03-16T10:50:42+00:00","dateModified":"2025-10-28T00:00:43+00:00","description":"The Mountain Raid 233, Our Warmest Sleeping Bag With Primaloft\u00ae Cross-Core Gold For The Highest Possible Performance.. Warmth To Weight. Sustainable Warm When Wet","breadcrumb":{"@id":"https:\/\/theomm.com\/de\/product\/mountain-raid-233\/#breadcrumb"},"inLanguage":"de","potentialAction":[{"@type":"ReadAction","target":["https:\/\/theomm.com\/de\/product\/mountain-raid-233\/"]}]},{"@type":"ImageObject","inLanguage":"de","@id":"https:\/\/theomm.com\/de\/product\/mountain-raid-233\/#primaryimage","url":"https:\/\/theomm.com\/wp-content\/uploads\/2023\/08\/STUDIO_0002_OH015_Mountain_Raid_233_Open.jpg","contentUrl":"https:\/\/theomm.com\/wp-content\/uploads\/2023\/08\/STUDIO_0002_OH015_Mountain_Raid_233_Open.jpg","width":600,"height":600},{"@type":"BreadcrumbList","@id":"https:\/\/theomm.com\/de\/product\/mountain-raid-233\/#breadcrumb","itemListElement":[{"@type":"ListItem","position":1,"name":"Home","item":"https:\/\/theomm.com\/"},{"@type":"ListItem","position":2,"name":"Einkaufen","item":"https:\/\/theomm.com\/original-mountain-marathon\/products\/"},{"@type":"ListItem","position":3,"name":"Mountain Raid 233"}]},{"@type":"WebSite","@id":"https:\/\/theomm.com\/#website","url":"https:\/\/theomm.com\/","name":"OMM","description":"OMM is Technical clothing and equipment made for running in the mountains. Designed to the specifications of Original Mountain Marathon.","alternateName":"Original Mountain Marathon","potentialAction":[{"@type":"SearchAction","target":{"@type":"EntryPoint","urlTemplate":"https:\/\/theomm.com\/?s={search_term_string}"},"query-input":{"@type":"PropertyValueSpecification","valueRequired":true,"valueName":"search_term_string"}}],"inLanguage":"de"}]}},"_links":{"self":[{"href":"https:\/\/theomm.com\/de\/wp-json\/wp\/v2\/product\/149062","targetHints":{"allow":["GET"]}}],"collection":[{"href":"https:\/\/theomm.com\/de\/wp-json\/wp\/v2\/product"}],"about":[{"href":"https:\/\/theomm.com\/de\/wp-json\/wp\/v2\/types\/product"}],"wp:featuredmedia":[{"embeddable":true,"href":"https:\/\/theomm.com\/de\/wp-json\/wp\/v2\/media\/171291"}],"wp:attachment":[{"href":"https:\/\/theomm.com\/de\/wp-json\/wp\/v2\/media?parent=149062"}],"wp:term":[{"taxonomy":"locations","embeddable":true,"href":"https:\/\/theomm.com\/de\/wp-json\/wp\/v2\/locations?post=149062"},{"taxonomy":"product_brand","embeddable":true,"href":"https:\/\/theomm.com\/de\/wp-json\/wp\/v2\/product_brand?post=149062"},{"taxonomy":"product_cat","embeddable":true,"href":"https:\/\/theomm.com\/de\/wp-json\/wp\/v2\/product_cat?post=149062"},{"taxonomy":"product_tag","embeddable":true,"href":"https:\/\/theomm.com\/de\/wp-json\/wp\/v2\/product_tag?post=149062"}],"curies":[{"name":"wp","href":"https:\/\/api.w.org\/{rel}","templated":true}]}}