{"id":149095,"date":"2022-08-16T10:52:12","date_gmt":"2022-08-16T10:52:12","guid":{"rendered":"https:\/\/theomm.com\/product\/core-beanie\/"},"modified":"2025-11-04T14:29:54","modified_gmt":"2025-11-04T14:29:54","slug":"core-beanie","status":"publish","type":"product","link":"https:\/\/theomm.com\/de\/product\/core-beanie\/","title":{"rendered":"Core Beanie"},"content":{"rendered":"","protected":false},"excerpt":{"rendered":"<p>Eine eng anliegende M\u00fctze, die aus dem revolution\u00e4ren PRIMALOFT ACTIVE Isolationsstoff gefertigt ist. Da sie nur minimal gro\u00df und schwer ist, kann sie leicht bis zum Gebrauch verstaut werden. Wird sie in Kombination mit einer windfesten Schicht, so wie einem wasserdichten Hut oder einer Kaputze getragen, kann sie helfen die K\u00f6rperw\u00e4rme effektiv zu speichern. PRIMALOFT ACTIVE: Bei dieser Technologie werden wattierte Isolation und Stoff eins; bei Primaloft ACTIVE wird in der Branche f\u00fchrendes, isolierendes F\u00fcllmaterial lose mit einem Mesh aus Polyester verwoben. Das Endergebnis ist ein Material, dass w\u00e4rmer als gew\u00f6hnliches Vliesmaterial ist aber gleichzeitig mehr als die H\u00e4lfte weniger wiegt. Dabei bietet es aber die gleiche Leistungsf\u00e4higkeit wie Daunenmaterial sowohl bei Trockenheit als auch wenn nass.<\/p>\n","protected":false},"featured_media":140897,"template":"","meta":{"_acf_changed":false,"_et_pb_use_builder":"off","_et_pb_old_content":"","_et_gb_content_width":""},"locations":[],"product_brand":[],"product_cat":[681,149,147,1175],"product_tag":[999,701,2087,1000],"class_list":{"0":"post-149095","1":"product","2":"type-product","3":"status-publish","4":"has-post-thumbnail","6":"product_cat-kleidung","7":"product_cat-ausruestungsliste","8":"product_cat-bekleidung-de","9":"product_cat-core-de","10":"product_tag-beanie-de","11":"product_tag-core-de","12":"product_tag-fleece-de","13":"product_tag-fleece-beanie-de","14":"pa_color-gelb","15":"pa_color-grau","16":"pa_color-marineblau","17":"pa_color-schwarz","18":"pa_colour-gelb","19":"pa_colour-grau","20":"pa_colour-marineblau","21":"pa_colour-schwarz","23":"first","24":"instock","25":"taxable","26":"shipping-taxable","27":"purchasable","28":"product-type-variable","29":"wvs-archive-product-wrapper"},"acf":[],"yoast_head":"<!-- This site is optimized with the Yoast SEO plugin v27.3 - https:\/\/yoast.com\/product\/yoast-seo-wordpress\/ -->\n<title>Core Beanie - OMM<\/title>\n<meta name=\"robots\" content=\"index, follow, max-snippet:-1, max-image-preview:large, max-video-preview:-1\" \/>\n<link rel=\"canonical\" href=\"https:\/\/theomm.com\/de\/product\/core-beanie\/\" \/>\n<meta property=\"og:locale\" content=\"de_DE\" \/>\n<meta property=\"og:type\" content=\"article\" \/>\n<meta property=\"og:title\" content=\"Core Beanie - OMM\" \/>\n<meta property=\"og:description\" content=\"Eine eng anliegende M\u00fctze, die aus dem revolution\u00e4ren PRIMALOFT ACTIVE Isolationsstoff gefertigt ist. Da sie nur minimal gro\u00df und schwer ist, kann sie leicht bis zum Gebrauch verstaut werden. Wird sie in Kombination mit einer windfesten Schicht, so wie einem wasserdichten Hut oder einer Kaputze getragen, kann sie helfen die K\u00f6rperw\u00e4rme effektiv zu speichern. PRIMALOFT ACTIVE: Bei dieser Technologie werden wattierte Isolation und Stoff eins; bei Primaloft ACTIVE wird in der Branche f\u00fchrendes, isolierendes F\u00fcllmaterial lose mit einem Mesh aus Polyester verwoben. Das Endergebnis ist ein Material, dass w\u00e4rmer als gew\u00f6hnliches Vliesmaterial ist aber gleichzeitig mehr als die H\u00e4lfte weniger wiegt. Dabei bietet es aber die gleiche Leistungsf\u00e4higkeit wie Daunenmaterial sowohl bei Trockenheit als auch wenn nass.\" \/>\n<meta property=\"og:url\" content=\"https:\/\/theomm.com\/de\/product\/core-beanie\/\" \/>\n<meta property=\"og:site_name\" content=\"OMM\" \/>\n<meta property=\"article:publisher\" content=\"https:\/\/www.facebook.com\/OMMrunning?_ga=2.203172945.1541616462.1665402953-280172632.1649426001\" \/>\n<meta property=\"article:modified_time\" content=\"2025-11-04T14:29:54+00:00\" \/>\n<meta property=\"og:image\" content=\"https:\/\/theomm.com\/wp-content\/uploads\/2022\/10\/OC179-Core-Beanie-Grey.jpg\" \/>\n\t<meta property=\"og:image:width\" content=\"600\" \/>\n\t<meta property=\"og:image:height\" content=\"600\" \/>\n\t<meta property=\"og:image:type\" content=\"image\/jpeg\" \/>\n<meta name=\"twitter:card\" content=\"summary_large_image\" \/>\n<script type=\"application\/ld+json\" class=\"yoast-schema-graph\">{\"@context\":\"https:\\\/\\\/schema.org\",\"@graph\":[{\"@type\":\"WebPage\",\"@id\":\"https:\\\/\\\/theomm.com\\\/de\\\/product\\\/core-beanie\\\/\",\"url\":\"https:\\\/\\\/theomm.com\\\/de\\\/product\\\/core-beanie\\\/\",\"name\":\"Core Beanie - OMM\",\"isPartOf\":{\"@id\":\"https:\\\/\\\/theomm.com\\\/#website\"},\"primaryImageOfPage\":{\"@id\":\"https:\\\/\\\/theomm.com\\\/de\\\/product\\\/core-beanie\\\/#primaryimage\"},\"image\":{\"@id\":\"https:\\\/\\\/theomm.com\\\/de\\\/product\\\/core-beanie\\\/#primaryimage\"},\"thumbnailUrl\":\"https:\\\/\\\/theomm.com\\\/wp-content\\\/uploads\\\/2022\\\/10\\\/OC179-Core-Beanie-Grey.jpg\",\"datePublished\":\"2022-08-16T10:52:12+00:00\",\"dateModified\":\"2025-11-04T14:29:54+00:00\",\"breadcrumb\":{\"@id\":\"https:\\\/\\\/theomm.com\\\/de\\\/product\\\/core-beanie\\\/#breadcrumb\"},\"inLanguage\":\"de\",\"potentialAction\":[{\"@type\":\"ReadAction\",\"target\":[\"https:\\\/\\\/theomm.com\\\/de\\\/product\\\/core-beanie\\\/\"]}]},{\"@type\":\"ImageObject\",\"inLanguage\":\"de\",\"@id\":\"https:\\\/\\\/theomm.com\\\/de\\\/product\\\/core-beanie\\\/#primaryimage\",\"url\":\"https:\\\/\\\/theomm.com\\\/wp-content\\\/uploads\\\/2022\\\/10\\\/OC179-Core-Beanie-Grey.jpg\",\"contentUrl\":\"https:\\\/\\\/theomm.com\\\/wp-content\\\/uploads\\\/2022\\\/10\\\/OC179-Core-Beanie-Grey.jpg\",\"width\":600,\"height\":600},{\"@type\":\"BreadcrumbList\",\"@id\":\"https:\\\/\\\/theomm.com\\\/de\\\/product\\\/core-beanie\\\/#breadcrumb\",\"itemListElement\":[{\"@type\":\"ListItem\",\"position\":1,\"name\":\"Home\",\"item\":\"https:\\\/\\\/theomm.com\\\/\"},{\"@type\":\"ListItem\",\"position\":2,\"name\":\"Einkaufen\",\"item\":\"https:\\\/\\\/theomm.com\\\/original-mountain-marathon\\\/products\\\/\"},{\"@type\":\"ListItem\",\"position\":3,\"name\":\"Core Beanie\"}]},{\"@type\":\"WebSite\",\"@id\":\"https:\\\/\\\/theomm.com\\\/#website\",\"url\":\"https:\\\/\\\/theomm.com\\\/\",\"name\":\"OMM\",\"description\":\"OMM is Technical clothing and equipment made for running in the mountains. Designed to the specifications of Original Mountain Marathon.\",\"alternateName\":\"Original Mountain Marathon\",\"potentialAction\":[{\"@type\":\"SearchAction\",\"target\":{\"@type\":\"EntryPoint\",\"urlTemplate\":\"https:\\\/\\\/theomm.com\\\/?s={search_term_string}\"},\"query-input\":{\"@type\":\"PropertyValueSpecification\",\"valueRequired\":true,\"valueName\":\"search_term_string\"}}],\"inLanguage\":\"de\"}]}<\/script>\n<!-- \/ Yoast SEO plugin. -->","yoast_head_json":{"title":"Core Beanie - OMM","robots":{"index":"index","follow":"follow","max-snippet":"max-snippet:-1","max-image-preview":"max-image-preview:large","max-video-preview":"max-video-preview:-1"},"canonical":"https:\/\/theomm.com\/de\/product\/core-beanie\/","og_locale":"de_DE","og_type":"article","og_title":"Core Beanie - OMM","og_description":"Eine eng anliegende M\u00fctze, die aus dem revolution\u00e4ren PRIMALOFT ACTIVE Isolationsstoff gefertigt ist. Da sie nur minimal gro\u00df und schwer ist, kann sie leicht bis zum Gebrauch verstaut werden. Wird sie in Kombination mit einer windfesten Schicht, so wie einem wasserdichten Hut oder einer Kaputze getragen, kann sie helfen die K\u00f6rperw\u00e4rme effektiv zu speichern. PRIMALOFT ACTIVE: Bei dieser Technologie werden wattierte Isolation und Stoff eins; bei Primaloft ACTIVE wird in der Branche f\u00fchrendes, isolierendes F\u00fcllmaterial lose mit einem Mesh aus Polyester verwoben. Das Endergebnis ist ein Material, dass w\u00e4rmer als gew\u00f6hnliches Vliesmaterial ist aber gleichzeitig mehr als die H\u00e4lfte weniger wiegt. Dabei bietet es aber die gleiche Leistungsf\u00e4higkeit wie Daunenmaterial sowohl bei Trockenheit als auch wenn nass.","og_url":"https:\/\/theomm.com\/de\/product\/core-beanie\/","og_site_name":"OMM","article_publisher":"https:\/\/www.facebook.com\/OMMrunning?_ga=2.203172945.1541616462.1665402953-280172632.1649426001","article_modified_time":"2025-11-04T14:29:54+00:00","og_image":[{"width":600,"height":600,"url":"https:\/\/theomm.com\/wp-content\/uploads\/2022\/10\/OC179-Core-Beanie-Grey.jpg","type":"image\/jpeg"}],"twitter_card":"summary_large_image","schema":{"@context":"https:\/\/schema.org","@graph":[{"@type":"WebPage","@id":"https:\/\/theomm.com\/de\/product\/core-beanie\/","url":"https:\/\/theomm.com\/de\/product\/core-beanie\/","name":"Core Beanie - OMM","isPartOf":{"@id":"https:\/\/theomm.com\/#website"},"primaryImageOfPage":{"@id":"https:\/\/theomm.com\/de\/product\/core-beanie\/#primaryimage"},"image":{"@id":"https:\/\/theomm.com\/de\/product\/core-beanie\/#primaryimage"},"thumbnailUrl":"https:\/\/theomm.com\/wp-content\/uploads\/2022\/10\/OC179-Core-Beanie-Grey.jpg","datePublished":"2022-08-16T10:52:12+00:00","dateModified":"2025-11-04T14:29:54+00:00","breadcrumb":{"@id":"https:\/\/theomm.com\/de\/product\/core-beanie\/#breadcrumb"},"inLanguage":"de","potentialAction":[{"@type":"ReadAction","target":["https:\/\/theomm.com\/de\/product\/core-beanie\/"]}]},{"@type":"ImageObject","inLanguage":"de","@id":"https:\/\/theomm.com\/de\/product\/core-beanie\/#primaryimage","url":"https:\/\/theomm.com\/wp-content\/uploads\/2022\/10\/OC179-Core-Beanie-Grey.jpg","contentUrl":"https:\/\/theomm.com\/wp-content\/uploads\/2022\/10\/OC179-Core-Beanie-Grey.jpg","width":600,"height":600},{"@type":"BreadcrumbList","@id":"https:\/\/theomm.com\/de\/product\/core-beanie\/#breadcrumb","itemListElement":[{"@type":"ListItem","position":1,"name":"Home","item":"https:\/\/theomm.com\/"},{"@type":"ListItem","position":2,"name":"Einkaufen","item":"https:\/\/theomm.com\/original-mountain-marathon\/products\/"},{"@type":"ListItem","position":3,"name":"Core Beanie"}]},{"@type":"WebSite","@id":"https:\/\/theomm.com\/#website","url":"https:\/\/theomm.com\/","name":"OMM","description":"OMM is Technical clothing and equipment made for running in the mountains. Designed to the specifications of Original Mountain Marathon.","alternateName":"Original Mountain Marathon","potentialAction":[{"@type":"SearchAction","target":{"@type":"EntryPoint","urlTemplate":"https:\/\/theomm.com\/?s={search_term_string}"},"query-input":{"@type":"PropertyValueSpecification","valueRequired":true,"valueName":"search_term_string"}}],"inLanguage":"de"}]}},"_links":{"self":[{"href":"https:\/\/theomm.com\/de\/wp-json\/wp\/v2\/product\/149095","targetHints":{"allow":["GET"]}}],"collection":[{"href":"https:\/\/theomm.com\/de\/wp-json\/wp\/v2\/product"}],"about":[{"href":"https:\/\/theomm.com\/de\/wp-json\/wp\/v2\/types\/product"}],"wp:featuredmedia":[{"embeddable":true,"href":"https:\/\/theomm.com\/de\/wp-json\/wp\/v2\/media\/140897"}],"wp:attachment":[{"href":"https:\/\/theomm.com\/de\/wp-json\/wp\/v2\/media?parent=149095"}],"wp:term":[{"taxonomy":"locations","embeddable":true,"href":"https:\/\/theomm.com\/de\/wp-json\/wp\/v2\/locations?post=149095"},{"taxonomy":"product_brand","embeddable":true,"href":"https:\/\/theomm.com\/de\/wp-json\/wp\/v2\/product_brand?post=149095"},{"taxonomy":"product_cat","embeddable":true,"href":"https:\/\/theomm.com\/de\/wp-json\/wp\/v2\/product_cat?post=149095"},{"taxonomy":"product_tag","embeddable":true,"href":"https:\/\/theomm.com\/de\/wp-json\/wp\/v2\/product_tag?post=149095"}],"curies":[{"name":"wp","href":"https:\/\/api.w.org\/{rel}","templated":true}]}}