{"id":155704,"date":"2023-02-28T15:10:26","date_gmt":"2023-02-28T15:10:26","guid":{"rendered":"https:\/\/theomm.com\/?post_type=product&#038;p=155704"},"modified":"2025-09-10T17:04:05","modified_gmt":"2025-09-10T17:04:05","slug":"nitro-tank-w-copy","status":"publish","type":"product","link":"https:\/\/theomm.com\/de\/product\/nitro-tank-w-copy\/","title":{"rendered":"Nitro Tee (W)"},"content":{"rendered":"","protected":false},"excerpt":{"rendered":"<p>Das Nitro Shirt f\u00fchlt sich wie nichts anderes an. In Wirklichkeit, f\u00fchlt es sich an wie nichts.<br \/>\nDas Performance Shirt aus ultraweichem 4-fach Stretchmaterial f\u00fcr ein kaum wahrnembares Erlebnis. Das Nitro Shirt sieht toll aus, ohne dass es W\u00e4rme oder Gewicht hinzuf\u00fcgt. Mit schenellem Feuchtigkeitstranpsort und schnellem Trocknen ist es perfekt zum Laufen in warmen Wetter.<\/p>\n","protected":false},"featured_media":156399,"template":"","meta":{"_acf_changed":false,"_et_pb_use_builder":"off","_et_pb_old_content":"","_et_gb_content_width":""},"locations":[],"product_brand":[],"product_cat":[147,612,610],"product_tag":[613,611,615,614,616,849,2035,617,618],"class_list":{"0":"post-155704","1":"product","2":"type-product","3":"status-publish","4":"has-post-thumbnail","6":"product_cat-bekleidung-de","7":"product_cat-erste-schicht","8":"product_cat-neue-ankunfte","9":"product_tag-erste-schicht","10":"product_tag-grundschicht","11":"product_tag-leichtes-lauftop","12":"product_tag-lightweight-de","13":"product_tag-omm-nitro-tank-w-de","14":"product_tag-sp-de","15":"product_tag-womens-tee-de","16":"product_tag-womens-running-tee-de","17":"product_tag-womens-short-sleeve-top-de","18":"pa_color-gelb","19":"pa_color-grau","20":"pa_color-grun","21":"pa_color-marineblau","22":"pa_color-orange-de","23":"pa_colour-dunkelgrun","24":"pa_colour-gelb","25":"pa_colour-grau","26":"pa_colour-marineblau","27":"pa_colour-orange-de","28":"pa_size-gross","29":"pa_size-klein","30":"pa_size-mittel","31":"pa_size-x-gross","32":"pa_size-x-klein","33":"pa_technology-airflex","34":"pa_weight-0-50g","36":"first","37":"instock","38":"taxable","39":"shipping-taxable","40":"purchasable","41":"product-type-variable","42":"wvs-archive-product-wrapper"},"acf":[],"yoast_head":"<!-- This site is optimized with the Yoast SEO plugin v27.4 - https:\/\/yoast.com\/product\/yoast-seo-wordpress\/ -->\n<title>Nitro Tee (W) - OMM<\/title>\n<meta name=\"description\" content=\"Superleichtes Shirt f\u00fcrs trainieren and rennen. Federleichte Performance. Lightweight Performance. H\u00e4lt K\u00fchl. Super-Weicher Komfort. Super-Soft Comfort\" \/>\n<meta name=\"robots\" content=\"index, follow, max-snippet:-1, max-image-preview:large, max-video-preview:-1\" \/>\n<link rel=\"canonical\" href=\"https:\/\/theomm.com\/de\/product\/nitro-tank-w-copy\/\" \/>\n<meta property=\"og:locale\" content=\"de_DE\" \/>\n<meta property=\"og:type\" content=\"article\" \/>\n<meta property=\"og:title\" content=\"Nitro Tee (W) - OMM\" \/>\n<meta property=\"og:description\" content=\"Superleichtes Shirt f\u00fcrs trainieren and rennen. Federleichte Performance. Lightweight Performance. H\u00e4lt K\u00fchl. Super-Weicher Komfort. Super-Soft Comfort\" \/>\n<meta property=\"og:url\" content=\"https:\/\/theomm.com\/de\/product\/nitro-tank-w-copy\/\" \/>\n<meta property=\"og:site_name\" content=\"OMM\" \/>\n<meta property=\"article:publisher\" content=\"https:\/\/www.facebook.com\/OMMrunning?_ga=2.203172945.1541616462.1665402953-280172632.1649426001\" \/>\n<meta property=\"article:modified_time\" content=\"2025-09-10T17:04:05+00:00\" \/>\n<meta property=\"og:image\" content=\"https:\/\/theomm.com\/wp-content\/uploads\/2023\/02\/OC181_Nitro_Tee_Womens_Navy_Front.jpg\" \/>\n\t<meta property=\"og:image:width\" content=\"600\" \/>\n\t<meta property=\"og:image:height\" content=\"600\" \/>\n\t<meta property=\"og:image:type\" content=\"image\/jpeg\" \/>\n<meta name=\"twitter:card\" content=\"summary_large_image\" \/>\n<meta name=\"twitter:label1\" content=\"Gesch\u00e4tzte Lesezeit\" \/>\n\t<meta name=\"twitter:data1\" content=\"1\u00a0Minute\" \/>\n<script type=\"application\/ld+json\" class=\"yoast-schema-graph\">{\"@context\":\"https:\\\/\\\/schema.org\",\"@graph\":[{\"@type\":\"WebPage\",\"@id\":\"https:\\\/\\\/theomm.com\\\/de\\\/product\\\/nitro-tank-w-copy\\\/\",\"url\":\"https:\\\/\\\/theomm.com\\\/de\\\/product\\\/nitro-tank-w-copy\\\/\",\"name\":\"Nitro Tee (W) - OMM\",\"isPartOf\":{\"@id\":\"https:\\\/\\\/theomm.com\\\/#website\"},\"primaryImageOfPage\":{\"@id\":\"https:\\\/\\\/theomm.com\\\/de\\\/product\\\/nitro-tank-w-copy\\\/#primaryimage\"},\"image\":{\"@id\":\"https:\\\/\\\/theomm.com\\\/de\\\/product\\\/nitro-tank-w-copy\\\/#primaryimage\"},\"thumbnailUrl\":\"https:\\\/\\\/theomm.com\\\/wp-content\\\/uploads\\\/2023\\\/02\\\/OC181_Nitro_Tee_Womens_Navy_Front.jpg\",\"datePublished\":\"2023-02-28T15:10:26+00:00\",\"dateModified\":\"2025-09-10T17:04:05+00:00\",\"description\":\"Superleichtes Shirt f\u00fcrs trainieren and rennen. Federleichte Performance. Lightweight Performance. H\u00e4lt K\u00fchl. Super-Weicher Komfort. Super-Soft Comfort\",\"breadcrumb\":{\"@id\":\"https:\\\/\\\/theomm.com\\\/de\\\/product\\\/nitro-tank-w-copy\\\/#breadcrumb\"},\"inLanguage\":\"de\",\"potentialAction\":[{\"@type\":\"ReadAction\",\"target\":[\"https:\\\/\\\/theomm.com\\\/de\\\/product\\\/nitro-tank-w-copy\\\/\"]}]},{\"@type\":\"ImageObject\",\"inLanguage\":\"de\",\"@id\":\"https:\\\/\\\/theomm.com\\\/de\\\/product\\\/nitro-tank-w-copy\\\/#primaryimage\",\"url\":\"https:\\\/\\\/theomm.com\\\/wp-content\\\/uploads\\\/2023\\\/02\\\/OC181_Nitro_Tee_Womens_Navy_Front.jpg\",\"contentUrl\":\"https:\\\/\\\/theomm.com\\\/wp-content\\\/uploads\\\/2023\\\/02\\\/OC181_Nitro_Tee_Womens_Navy_Front.jpg\",\"width\":600,\"height\":600},{\"@type\":\"BreadcrumbList\",\"@id\":\"https:\\\/\\\/theomm.com\\\/de\\\/product\\\/nitro-tank-w-copy\\\/#breadcrumb\",\"itemListElement\":[{\"@type\":\"ListItem\",\"position\":1,\"name\":\"Home\",\"item\":\"https:\\\/\\\/theomm.com\\\/\"},{\"@type\":\"ListItem\",\"position\":2,\"name\":\"Einkaufen\",\"item\":\"https:\\\/\\\/theomm.com\\\/original-mountain-marathon\\\/products\\\/\"},{\"@type\":\"ListItem\",\"position\":3,\"name\":\"Nitro Tee (W)\"}]},{\"@type\":\"WebSite\",\"@id\":\"https:\\\/\\\/theomm.com\\\/#website\",\"url\":\"https:\\\/\\\/theomm.com\\\/\",\"name\":\"OMM\",\"description\":\"OMM is Technical clothing and equipment made for running in the mountains. Designed to the specifications of Original Mountain Marathon.\",\"alternateName\":\"Original Mountain Marathon\",\"potentialAction\":[{\"@type\":\"SearchAction\",\"target\":{\"@type\":\"EntryPoint\",\"urlTemplate\":\"https:\\\/\\\/theomm.com\\\/?s={search_term_string}\"},\"query-input\":{\"@type\":\"PropertyValueSpecification\",\"valueRequired\":true,\"valueName\":\"search_term_string\"}}],\"inLanguage\":\"de\"}]}<\/script>\n<!-- \/ Yoast SEO plugin. -->","yoast_head_json":{"title":"Nitro Tee (W) - OMM","description":"Superleichtes Shirt f\u00fcrs trainieren and rennen. Federleichte Performance. Lightweight Performance. H\u00e4lt K\u00fchl. Super-Weicher Komfort. Super-Soft Comfort","robots":{"index":"index","follow":"follow","max-snippet":"max-snippet:-1","max-image-preview":"max-image-preview:large","max-video-preview":"max-video-preview:-1"},"canonical":"https:\/\/theomm.com\/de\/product\/nitro-tank-w-copy\/","og_locale":"de_DE","og_type":"article","og_title":"Nitro Tee (W) - OMM","og_description":"Superleichtes Shirt f\u00fcrs trainieren and rennen. Federleichte Performance. Lightweight Performance. H\u00e4lt K\u00fchl. Super-Weicher Komfort. Super-Soft Comfort","og_url":"https:\/\/theomm.com\/de\/product\/nitro-tank-w-copy\/","og_site_name":"OMM","article_publisher":"https:\/\/www.facebook.com\/OMMrunning?_ga=2.203172945.1541616462.1665402953-280172632.1649426001","article_modified_time":"2025-09-10T17:04:05+00:00","og_image":[{"width":600,"height":600,"url":"https:\/\/theomm.com\/wp-content\/uploads\/2023\/02\/OC181_Nitro_Tee_Womens_Navy_Front.jpg","type":"image\/jpeg"}],"twitter_card":"summary_large_image","twitter_misc":{"Gesch\u00e4tzte Lesezeit":"1\u00a0Minute"},"schema":{"@context":"https:\/\/schema.org","@graph":[{"@type":"WebPage","@id":"https:\/\/theomm.com\/de\/product\/nitro-tank-w-copy\/","url":"https:\/\/theomm.com\/de\/product\/nitro-tank-w-copy\/","name":"Nitro Tee (W) - OMM","isPartOf":{"@id":"https:\/\/theomm.com\/#website"},"primaryImageOfPage":{"@id":"https:\/\/theomm.com\/de\/product\/nitro-tank-w-copy\/#primaryimage"},"image":{"@id":"https:\/\/theomm.com\/de\/product\/nitro-tank-w-copy\/#primaryimage"},"thumbnailUrl":"https:\/\/theomm.com\/wp-content\/uploads\/2023\/02\/OC181_Nitro_Tee_Womens_Navy_Front.jpg","datePublished":"2023-02-28T15:10:26+00:00","dateModified":"2025-09-10T17:04:05+00:00","description":"Superleichtes Shirt f\u00fcrs trainieren and rennen. Federleichte Performance. Lightweight Performance. H\u00e4lt K\u00fchl. Super-Weicher Komfort. Super-Soft Comfort","breadcrumb":{"@id":"https:\/\/theomm.com\/de\/product\/nitro-tank-w-copy\/#breadcrumb"},"inLanguage":"de","potentialAction":[{"@type":"ReadAction","target":["https:\/\/theomm.com\/de\/product\/nitro-tank-w-copy\/"]}]},{"@type":"ImageObject","inLanguage":"de","@id":"https:\/\/theomm.com\/de\/product\/nitro-tank-w-copy\/#primaryimage","url":"https:\/\/theomm.com\/wp-content\/uploads\/2023\/02\/OC181_Nitro_Tee_Womens_Navy_Front.jpg","contentUrl":"https:\/\/theomm.com\/wp-content\/uploads\/2023\/02\/OC181_Nitro_Tee_Womens_Navy_Front.jpg","width":600,"height":600},{"@type":"BreadcrumbList","@id":"https:\/\/theomm.com\/de\/product\/nitro-tank-w-copy\/#breadcrumb","itemListElement":[{"@type":"ListItem","position":1,"name":"Home","item":"https:\/\/theomm.com\/"},{"@type":"ListItem","position":2,"name":"Einkaufen","item":"https:\/\/theomm.com\/original-mountain-marathon\/products\/"},{"@type":"ListItem","position":3,"name":"Nitro Tee (W)"}]},{"@type":"WebSite","@id":"https:\/\/theomm.com\/#website","url":"https:\/\/theomm.com\/","name":"OMM","description":"OMM is Technical clothing and equipment made for running in the mountains. Designed to the specifications of Original Mountain Marathon.","alternateName":"Original Mountain Marathon","potentialAction":[{"@type":"SearchAction","target":{"@type":"EntryPoint","urlTemplate":"https:\/\/theomm.com\/?s={search_term_string}"},"query-input":{"@type":"PropertyValueSpecification","valueRequired":true,"valueName":"search_term_string"}}],"inLanguage":"de"}]}},"_links":{"self":[{"href":"https:\/\/theomm.com\/de\/wp-json\/wp\/v2\/product\/155704","targetHints":{"allow":["GET"]}}],"collection":[{"href":"https:\/\/theomm.com\/de\/wp-json\/wp\/v2\/product"}],"about":[{"href":"https:\/\/theomm.com\/de\/wp-json\/wp\/v2\/types\/product"}],"wp:featuredmedia":[{"embeddable":true,"href":"https:\/\/theomm.com\/de\/wp-json\/wp\/v2\/media\/156399"}],"wp:attachment":[{"href":"https:\/\/theomm.com\/de\/wp-json\/wp\/v2\/media?parent=155704"}],"wp:term":[{"taxonomy":"locations","embeddable":true,"href":"https:\/\/theomm.com\/de\/wp-json\/wp\/v2\/locations?post=155704"},{"taxonomy":"product_brand","embeddable":true,"href":"https:\/\/theomm.com\/de\/wp-json\/wp\/v2\/product_brand?post=155704"},{"taxonomy":"product_cat","embeddable":true,"href":"https:\/\/theomm.com\/de\/wp-json\/wp\/v2\/product_cat?post=155704"},{"taxonomy":"product_tag","embeddable":true,"href":"https:\/\/theomm.com\/de\/wp-json\/wp\/v2\/product_tag?post=155704"}],"curies":[{"name":"wp","href":"https:\/\/api.w.org\/{rel}","templated":true}]}}