{"id":156757,"date":"2022-08-16T10:52:22","date_gmt":"2022-08-16T10:52:22","guid":{"rendered":"https:\/\/theomm.com\/product\/rotor-foot-pod-2\/"},"modified":"2025-09-10T15:05:58","modified_gmt":"2025-09-10T15:05:58","slug":"rotor-foot-pod-2","status":"publish","type":"product","link":"https:\/\/theomm.com\/de\/product\/rotor-foot-pod-2\/","title":{"rendered":"Rotor Foot Pod"},"content":{"rendered":"<h1>Rotor Foot Pod<\/h1>\n<p>Der\u00a0 Rotor Foot Pod ist mit 60g\/m2 of PRIMALOFT CROSS-CORE ECO GOLD. Er kann mit der Rotor Pant verbunden werden um das Rotor Sleep System zu komplimentieren, kann aber auch alleinstehend benutzt werden um das bisschen extra W\u00e4rme zu jeder \u00dcbernachtung, bei der auf jedes Gramm geachtet wird, hinzuzuf\u00fcgen. Perfekt auch in schlechtem Wetter wenn euere Ausr\u00fcstung nicht immer trocken bleibt da PRIMALOFT auch nass noch gut isoliert. Das PointZero Au\u00dfengewebe ist wasserabweisend und winddicht.\u00a0 Isolierendes Fu\u00dfteil welches das Rotor Sleep System komplimentiert. Kann man mit der Rotor Hood Jacket &amp; Rotor Pant zu einem leichten und anpassungsf\u00e4higen Schlafsystem kombinieren, perfekt f\u00fcr Wettk\u00e4mpfe und Abenteuer wo geringes Gewicht wichtig ist.\u00a0 MINIMALES GEWICHT + PACKMA\u00df\u00a0 Nur 55g mit kleinstes Packma\u00df (im integrierten Packsack) und trotzdem so warm wie jedes andere Schlafsystem mit dem Ziel speziell die Extremit\u00e4ten zu w\u00e4rmen.\u00a0 W\u00c4RMT AUCH IM NASSEN ZUSTAND\u00a0 PRIMALOFT CROSS CORE ECO GOLD verliert auch im nassen Zustand nicht seine isolierende Wirkung. Perfekt wenn die Wettervorhersage vage ist und schlechtes Wetter zur Herausforderung wird. Wird in den integrierten 10&#215;12 cm gro\u00dfen\u00a0 Packsack gestopft. W\u00e4hrend das Innenfutter durchgen\u00e4ht ist, ist die Au\u00dfenh\u00fclle lose geschichtet. Schnelltrocknend und einfach zu waschen. DWR (Durable Water Repellancy) 90% PCR (Post Consumer Recycled content) Isolierend TROCKEN: 3.0 TOG, Isolierend NASS: 2.2 TOG.\u00a0 Farbe: Schwarz\/Gelb\u00a0 Material: PointZero (Nylon), PrimaLoft\u00ae Gold 60g\/m2\u00a0 Gewicht: 55g<\/p>\n","protected":false},"excerpt":{"rendered":"<p>Der\u00a0 Rotor Foot Pod ist mit 60g\/m2 of PRIMALOFT CROSS-CORE ECO GOLD. Er kann mit der Rotor Pant verbunden werden um das Rotor Sleep System zu komplimentieren, kann aber auch alleinstehend benutzt werden um das bisschen extra W\u00e4rme zu jeder \u00dcbernachtung, bei der auf jedes Gramm geachtet wird, hinzuzuf\u00fcgen. Perfekt auch in schlechtem Wetter wenn euere Ausr\u00fcstung nicht immer trocken bleibt da PRIMALOFT auch nass noch gut isoliert. Das PointZero Au\u00dfengewebe ist wasserabweisend und winddicht.<\/p>\n","protected":false},"featured_media":141841,"template":"","meta":{"_acf_changed":false,"_et_pb_use_builder":"","_et_pb_old_content":"","_et_gb_content_width":""},"locations":[1195],"product_brand":[],"product_cat":[842,718],"product_tag":[701,1208,705,706,1107,849],"class_list":{"0":"post-156757","1":"product","2":"type-product","3":"status-publish","4":"has-post-thumbnail","6":"locations-eu","7":"product_cat-schlafen","8":"product_cat-other-de","9":"product_tag-core-de","10":"product_tag-fussack","11":"product_tag-primaloft-de","12":"product_tag-rotor-de","13":"product_tag-schlafsystem","14":"product_tag-sp-de","15":"pa_colour-schwarz","16":"pa_size-einheitsgrose","18":"first","19":"outofstock","20":"taxable","21":"shipping-taxable","22":"purchasable","23":"product-type-variable","24":"has-default-attributes","25":"wvs-archive-product-wrapper"},"acf":[],"yoast_head":"<!-- This site is optimized with the Yoast SEO plugin v27.3 - https:\/\/yoast.com\/product\/yoast-seo-wordpress\/ -->\n<title>Rotor Foot Pod - OMM<\/title>\n<meta name=\"description\" content=\"Filled with 60g\/m2 of PRIMALOFT CROSS-CORE ECO GOLD, the Rotor Foot Pod adds warmth to any lightweight camp or can be connected to the Rotor Pant.\" \/>\n<meta name=\"robots\" content=\"index, follow, max-snippet:-1, max-image-preview:large, max-video-preview:-1\" \/>\n<link rel=\"canonical\" href=\"https:\/\/theomm.com\/de\/product\/rotor-foot-pod-2\/\" \/>\n<meta property=\"og:locale\" content=\"de_DE\" \/>\n<meta property=\"og:type\" content=\"article\" \/>\n<meta property=\"og:title\" content=\"Rotor Foot Pod - OMM\" \/>\n<meta property=\"og:description\" content=\"Filled with 60g\/m2 of PRIMALOFT CROSS-CORE ECO GOLD, the Rotor Foot Pod adds warmth to any lightweight camp or can be connected to the Rotor Pant.\" \/>\n<meta property=\"og:url\" content=\"https:\/\/theomm.com\/de\/product\/rotor-foot-pod-2\/\" \/>\n<meta property=\"og:site_name\" content=\"OMM\" \/>\n<meta property=\"article:publisher\" content=\"https:\/\/www.facebook.com\/OMMrunning?_ga=2.203172945.1541616462.1665402953-280172632.1649426001\" \/>\n<meta property=\"article:modified_time\" content=\"2025-09-10T15:05:58+00:00\" \/>\n<meta property=\"og:image\" content=\"https:\/\/theomm.com\/wp-content\/uploads\/2022\/10\/Simple_0001_OH016_Rotor_Foot_Pod_Black_Front.jpg\" \/>\n\t<meta property=\"og:image:width\" content=\"600\" \/>\n\t<meta property=\"og:image:height\" content=\"600\" \/>\n\t<meta property=\"og:image:type\" content=\"image\/jpeg\" \/>\n<meta name=\"twitter:card\" content=\"summary_large_image\" \/>\n<meta name=\"twitter:label1\" content=\"Gesch\u00e4tzte Lesezeit\" \/>\n\t<meta name=\"twitter:data1\" content=\"1\u00a0Minute\" \/>\n<script type=\"application\/ld+json\" class=\"yoast-schema-graph\">{\"@context\":\"https:\\\/\\\/schema.org\",\"@graph\":[{\"@type\":\"WebPage\",\"@id\":\"https:\\\/\\\/theomm.com\\\/de\\\/product\\\/rotor-foot-pod-2\\\/\",\"url\":\"https:\\\/\\\/theomm.com\\\/de\\\/product\\\/rotor-foot-pod-2\\\/\",\"name\":\"Rotor Foot Pod - OMM\",\"isPartOf\":{\"@id\":\"https:\\\/\\\/theomm.com\\\/#website\"},\"primaryImageOfPage\":{\"@id\":\"https:\\\/\\\/theomm.com\\\/de\\\/product\\\/rotor-foot-pod-2\\\/#primaryimage\"},\"image\":{\"@id\":\"https:\\\/\\\/theomm.com\\\/de\\\/product\\\/rotor-foot-pod-2\\\/#primaryimage\"},\"thumbnailUrl\":\"https:\\\/\\\/theomm.com\\\/wp-content\\\/uploads\\\/2022\\\/10\\\/Simple_0001_OH016_Rotor_Foot_Pod_Black_Front.jpg\",\"datePublished\":\"2022-08-16T10:52:22+00:00\",\"dateModified\":\"2025-09-10T15:05:58+00:00\",\"description\":\"Filled with 60g\\\/m2 of PRIMALOFT CROSS-CORE ECO GOLD, the Rotor Foot Pod adds warmth to any lightweight camp or can be connected to the Rotor Pant.\",\"breadcrumb\":{\"@id\":\"https:\\\/\\\/theomm.com\\\/de\\\/product\\\/rotor-foot-pod-2\\\/#breadcrumb\"},\"inLanguage\":\"de\",\"potentialAction\":[{\"@type\":\"ReadAction\",\"target\":[\"https:\\\/\\\/theomm.com\\\/de\\\/product\\\/rotor-foot-pod-2\\\/\"]}]},{\"@type\":\"ImageObject\",\"inLanguage\":\"de\",\"@id\":\"https:\\\/\\\/theomm.com\\\/de\\\/product\\\/rotor-foot-pod-2\\\/#primaryimage\",\"url\":\"https:\\\/\\\/theomm.com\\\/wp-content\\\/uploads\\\/2022\\\/10\\\/Simple_0001_OH016_Rotor_Foot_Pod_Black_Front.jpg\",\"contentUrl\":\"https:\\\/\\\/theomm.com\\\/wp-content\\\/uploads\\\/2022\\\/10\\\/Simple_0001_OH016_Rotor_Foot_Pod_Black_Front.jpg\",\"width\":600,\"height\":600,\"caption\":\"Rotor Foot Pod\"},{\"@type\":\"BreadcrumbList\",\"@id\":\"https:\\\/\\\/theomm.com\\\/de\\\/product\\\/rotor-foot-pod-2\\\/#breadcrumb\",\"itemListElement\":[{\"@type\":\"ListItem\",\"position\":1,\"name\":\"Home\",\"item\":\"https:\\\/\\\/theomm.com\\\/\"},{\"@type\":\"ListItem\",\"position\":2,\"name\":\"Einkaufen\",\"item\":\"https:\\\/\\\/theomm.com\\\/original-mountain-marathon\\\/products\\\/\"},{\"@type\":\"ListItem\",\"position\":3,\"name\":\"Rotor Foot Pod\"}]},{\"@type\":\"WebSite\",\"@id\":\"https:\\\/\\\/theomm.com\\\/#website\",\"url\":\"https:\\\/\\\/theomm.com\\\/\",\"name\":\"OMM\",\"description\":\"OMM is Technical clothing and equipment made for running in the mountains. Designed to the specifications of Original Mountain Marathon.\",\"alternateName\":\"Original Mountain Marathon\",\"potentialAction\":[{\"@type\":\"SearchAction\",\"target\":{\"@type\":\"EntryPoint\",\"urlTemplate\":\"https:\\\/\\\/theomm.com\\\/?s={search_term_string}\"},\"query-input\":{\"@type\":\"PropertyValueSpecification\",\"valueRequired\":true,\"valueName\":\"search_term_string\"}}],\"inLanguage\":\"de\"}]}<\/script>\n<!-- \/ Yoast SEO plugin. -->","yoast_head_json":{"title":"Rotor Foot Pod - OMM","description":"Filled with 60g\/m2 of PRIMALOFT CROSS-CORE ECO GOLD, the Rotor Foot Pod adds warmth to any lightweight camp or can be connected to the Rotor Pant.","robots":{"index":"index","follow":"follow","max-snippet":"max-snippet:-1","max-image-preview":"max-image-preview:large","max-video-preview":"max-video-preview:-1"},"canonical":"https:\/\/theomm.com\/de\/product\/rotor-foot-pod-2\/","og_locale":"de_DE","og_type":"article","og_title":"Rotor Foot Pod - OMM","og_description":"Filled with 60g\/m2 of PRIMALOFT CROSS-CORE ECO GOLD, the Rotor Foot Pod adds warmth to any lightweight camp or can be connected to the Rotor Pant.","og_url":"https:\/\/theomm.com\/de\/product\/rotor-foot-pod-2\/","og_site_name":"OMM","article_publisher":"https:\/\/www.facebook.com\/OMMrunning?_ga=2.203172945.1541616462.1665402953-280172632.1649426001","article_modified_time":"2025-09-10T15:05:58+00:00","og_image":[{"width":600,"height":600,"url":"https:\/\/theomm.com\/wp-content\/uploads\/2022\/10\/Simple_0001_OH016_Rotor_Foot_Pod_Black_Front.jpg","type":"image\/jpeg"}],"twitter_card":"summary_large_image","twitter_misc":{"Gesch\u00e4tzte Lesezeit":"1\u00a0Minute"},"schema":{"@context":"https:\/\/schema.org","@graph":[{"@type":"WebPage","@id":"https:\/\/theomm.com\/de\/product\/rotor-foot-pod-2\/","url":"https:\/\/theomm.com\/de\/product\/rotor-foot-pod-2\/","name":"Rotor Foot Pod - OMM","isPartOf":{"@id":"https:\/\/theomm.com\/#website"},"primaryImageOfPage":{"@id":"https:\/\/theomm.com\/de\/product\/rotor-foot-pod-2\/#primaryimage"},"image":{"@id":"https:\/\/theomm.com\/de\/product\/rotor-foot-pod-2\/#primaryimage"},"thumbnailUrl":"https:\/\/theomm.com\/wp-content\/uploads\/2022\/10\/Simple_0001_OH016_Rotor_Foot_Pod_Black_Front.jpg","datePublished":"2022-08-16T10:52:22+00:00","dateModified":"2025-09-10T15:05:58+00:00","description":"Filled with 60g\/m2 of PRIMALOFT CROSS-CORE ECO GOLD, the Rotor Foot Pod adds warmth to any lightweight camp or can be connected to the Rotor Pant.","breadcrumb":{"@id":"https:\/\/theomm.com\/de\/product\/rotor-foot-pod-2\/#breadcrumb"},"inLanguage":"de","potentialAction":[{"@type":"ReadAction","target":["https:\/\/theomm.com\/de\/product\/rotor-foot-pod-2\/"]}]},{"@type":"ImageObject","inLanguage":"de","@id":"https:\/\/theomm.com\/de\/product\/rotor-foot-pod-2\/#primaryimage","url":"https:\/\/theomm.com\/wp-content\/uploads\/2022\/10\/Simple_0001_OH016_Rotor_Foot_Pod_Black_Front.jpg","contentUrl":"https:\/\/theomm.com\/wp-content\/uploads\/2022\/10\/Simple_0001_OH016_Rotor_Foot_Pod_Black_Front.jpg","width":600,"height":600,"caption":"Rotor Foot Pod"},{"@type":"BreadcrumbList","@id":"https:\/\/theomm.com\/de\/product\/rotor-foot-pod-2\/#breadcrumb","itemListElement":[{"@type":"ListItem","position":1,"name":"Home","item":"https:\/\/theomm.com\/"},{"@type":"ListItem","position":2,"name":"Einkaufen","item":"https:\/\/theomm.com\/original-mountain-marathon\/products\/"},{"@type":"ListItem","position":3,"name":"Rotor Foot Pod"}]},{"@type":"WebSite","@id":"https:\/\/theomm.com\/#website","url":"https:\/\/theomm.com\/","name":"OMM","description":"OMM is Technical clothing and equipment made for running in the mountains. Designed to the specifications of Original Mountain Marathon.","alternateName":"Original Mountain Marathon","potentialAction":[{"@type":"SearchAction","target":{"@type":"EntryPoint","urlTemplate":"https:\/\/theomm.com\/?s={search_term_string}"},"query-input":{"@type":"PropertyValueSpecification","valueRequired":true,"valueName":"search_term_string"}}],"inLanguage":"de"}]}},"_links":{"self":[{"href":"https:\/\/theomm.com\/de\/wp-json\/wp\/v2\/product\/156757","targetHints":{"allow":["GET"]}}],"collection":[{"href":"https:\/\/theomm.com\/de\/wp-json\/wp\/v2\/product"}],"about":[{"href":"https:\/\/theomm.com\/de\/wp-json\/wp\/v2\/types\/product"}],"wp:featuredmedia":[{"embeddable":true,"href":"https:\/\/theomm.com\/de\/wp-json\/wp\/v2\/media\/141841"}],"wp:attachment":[{"href":"https:\/\/theomm.com\/de\/wp-json\/wp\/v2\/media?parent=156757"}],"wp:term":[{"taxonomy":"locations","embeddable":true,"href":"https:\/\/theomm.com\/de\/wp-json\/wp\/v2\/locations?post=156757"},{"taxonomy":"product_brand","embeddable":true,"href":"https:\/\/theomm.com\/de\/wp-json\/wp\/v2\/product_brand?post=156757"},{"taxonomy":"product_cat","embeddable":true,"href":"https:\/\/theomm.com\/de\/wp-json\/wp\/v2\/product_cat?post=156757"},{"taxonomy":"product_tag","embeddable":true,"href":"https:\/\/theomm.com\/de\/wp-json\/wp\/v2\/product_tag?post=156757"}],"curies":[{"name":"wp","href":"https:\/\/api.w.org\/{rel}","templated":true}]}}