{"id":158735,"date":"2023-03-09T16:55:45","date_gmt":"2023-03-09T16:55:45","guid":{"rendered":"https:\/\/theomm.com\/?post_type=product&#038;p=158735"},"modified":"2026-01-03T00:03:56","modified_gmt":"2026-01-03T00:03:56","slug":"classic-18","status":"publish","type":"product","link":"https:\/\/theomm.com\/de\/product\/classic-18\/","title":{"rendered":"Classic 18"},"content":{"rendered":"<p>Der Classic 18 ist ein Laufrucksack mit einem relativ gro\u00dfem Volumen, gebaut f\u00fcr l\u00e4ngere L\u00e4ufe auf technischen Trails. Anders als der Classic 25 &amp; 32 ist er auch ideal f\u00fcr L\u00e4uferInnen mit einem kleineren K\u00f6rperbau oder k\u00fcrzerem R\u00fccken. Er kombiniert ein geringes Gewicht mit einer stabilen Konstriktion und innovativen Extras. Dem Classic 18\u00a0 \u00a0ist es egal ob du ihn als Handgep\u00e4ck auf deinem Flug mitnimmst oder mit ihm eine steile Bergflanke angreifst, sein wirkliches zu Hause ist jedoch die Startlinie eines Mountain Marathons.<\/p>\n<p>Der Classic Rucksack wurde 1973 nach Vorgaben von Sir Chris Brasher, Olympiasieger und sp\u00e4ter Gr\u00fcnder des London Marathon, entwickelt. Er war der erste Rucksack, bei dem in Sachen Funktionalit\u00e4t das Gewicht eine entscheidende Rolle spielte. Nun gibt es ihn in einer neuen Version. Er findet die perfekte Balance zwischen Komfort (bei jeder Wander- und Laufgeschwindigkeit), macht deine Ausr\u00fcstung leicht zug\u00e4nglich und \u00fcberzeugt mit seiner Multifunktionalit\u00e4t, indem er sich mit verschiedenen Komponenten erg\u00e4nzen l\u00e4sst. Der Classic ist ein Rucksack, der funktioniert, und das beim OMM genauso wie bei anderen Events wie dem UTMB, dem Spine Race, Dragons Back, Grand2Grand, 4 Deserts Fire, MDS, Ice Ultra, Everest Camino oder deinen anderen Abenteuern. Er macht einfach alles richtig. Er ist eben ein Klassiker.\u00a0 THE MOUNTAIN MARATHON PACK KOMFORT UND STABILIT\u00c4T Der Classic wurde ergonomisch designed, um beim Laufen in den Bergen Stabilit\u00e4t und Halt zu bieten. Sein geschlossenzelliger, gepolsterter EVA-Schultergurt hat keine Seitenn\u00e4hte, damit sich das Polster den nat\u00fcrlichen Konturen des K\u00f6rpers anpassen kann. Der H\u00fcftgurt kann verwendet werden, um bei schwereren Lasten Gewicht auf die H\u00fcfte zu verlagern. Bist du schneller und leichter unterwegs, kannst du ihn abnehmen und das Gewicht auf den Schultern tragen. Das R\u00fcckenpolster des Classic besteht aus der OMM EVA Duomat. LEICHT ERREICHBARER STAURAUM AUSSEN Ein gutes Mountain-Marathon-Team nutzt sicherlich die Vorteile der \u00e4u\u00dferen Taschen aus Stretch-Mesh: Alles, was schnell erreichbar sein muss, wie z.B. eine Regenjacke, Wasser oder Essen wird im Rucksack des Laufpartners verstaut, sodass man sie beim Nachlaufen mit einem Griff herausholen kann. F\u00fcr den Rest von uns hei\u00dft das ganz einfach: Leicht erreichbare Stretch-Seitentaschen, die dir Platz f\u00fcr je eine Flasche bieten. Auf der R\u00fcckseite ist gen\u00fcgend Stauraum f\u00fcr schmutzige Laufschuhe oder alles andere, was das aktuelle Wetter aush\u00e4lt. Der Deckelriemen kann f\u00fcr noch mehr Volumen verschoben und oben an der Tasche befestigt werden. Die G\u00fcrteltaschen vorne haben ein Fassungsverm\u00f6gen von insgesamt 2 Litern und besitzen Schl\u00fcsselclips. Vom Handy bis zu deinen Lieblingssnacks &#8211; es passt alles hinein. PASSE DEN RUCKSACK AN DEINE BED\u00dcRFNISSE AN Der Classic wurde f\u00fcr 700 km Solo-Expeditionen genauso wie f\u00fcr das t\u00e4gliche Training entwickelt. Er bietet dir eine Vielzahl an Befestigungspunkten, damit du ger\u00fcstet bis, egal welche Ausr\u00fcstung du mitnehmen willst. F\u00fcr mehrt\u00e4gige Rennen kannst du den OMM Chest Pod und Flaschenhalter an den vorderen Gurten anbringen. Bist du bei winterlichen Bedingungen unterwegs, kannst du \u2013 wenn n\u00f6tig \u2013 Eispickel oder Wanderst\u00f6cke an der Tragevorrichtung befestigen. Willst du einen superleichten Dash Bag, nimmst du die Duomat-R\u00fcckenpolsterung heraus und den H\u00fcftgurt ab.\u00a0 UGR &#8211; Universal Gear Rail Gro\u00dfe Tasche an der R\u00fcckseite Rei\u00dfverschlusstaschen im Deckel &amp; H\u00fcftgurt Gurtsystem f\u00fcr schnelles \u00d6ffnen\u00a0 \u00a0Abnehmbare H\u00fcfttaschen Seitentaschen aus Stretch-Mesh Herausnehmbare Duomat (Sitzkissen oder minimalistische Schlafmatte) am R\u00fccken\u00a0 <span style=\"font-family: 'Helvetica',sans-serif; background: #F6F6F6;\">R\u00fcckenl\u00e4nge: 45cm\u00a0 \u00a0<\/span>Farben: Grau, Blau, Orange, Gr\u00fcn, Pink, Lila\u00a0 Material: Nylon, TPU verst\u00e4rktes Nylon, 3D Air-Mesh, Stretch-Mesh\u00a0Gewicht: 480g\/350g<\/p>\n","protected":false},"excerpt":{"rendered":"<p>Der Classic Rucksack wurde 1973 nach Vorgaben von Sir Chris Brasher, Olympiasieger und sp\u00e4ter Gr\u00fcnder des London Marathon, entwickelt. Er war der erste Rucksack, bei dem in Sachen Funktionalit\u00e4t das Gewicht eine entscheidende Rolle spielte.<\/p>\n<p>Nun gibt es ihn in einer neuen Version.<\/p>\n<p>Er findet die perfekte Balance zwischen Komfort (bei jeder Wander- und Laufgeschwindigkeit), macht deine Ausr\u00fcstung leicht zug\u00e4nglich und \u00fcberzeugt mit seiner Multifunktionalit\u00e4t, indem er sich mit verschiedenen Komponenten erg\u00e4nzen l\u00e4sst.<\/p>\n<p>Der Classic ist ein Rucksack, der funktioniert, und das beim OMM genauso wie bei anderen Events wie dem UTMB, dem Spine Race, Dragons Back, Grand2Grand, 4 Deserts Fire, MDS, Ice Ultra, Everest Camino oder deinen anderen Abenteuern.<\/p>\n<p>Er macht einfach alles richtig. Er ist eben ein Klassiker.<\/p>\n","protected":false},"featured_media":156590,"template":"","meta":{"_acf_changed":false,"_et_pb_use_builder":"","_et_pb_old_content":"","_et_gb_content_width":""},"locations":[],"product_brand":[],"product_cat":[652,149,610,654,2102],"product_tag":[2064,2057,1047,2066,2065,2058,1051],"class_list":{"0":"post-158735","1":"product","2":"type-product","3":"status-publish","4":"has-post-thumbnail","6":"product_cat-packungen","7":"product_cat-ausruestungsliste","8":"product_cat-neue-ankunfte","9":"product_cat-rucksack","10":"product_cat-sale-de-de","11":"product_tag-bergmarathon-paket-de","12":"product_tag-classic-18-de","13":"product_tag-classic-pack-de","14":"product_tag-laufrucksack-de","15":"product_tag-mehrteagespaket-de","16":"product_tag-omm-classic-18-de","17":"product_tag-omm-running-pack-de","18":"pa_color-blau","19":"pa_color-grau","20":"pa_color-grun","21":"pa_color-orange-de","22":"pa_colour-blau","23":"pa_colour-grau","24":"pa_colour-grun","25":"pa_colour-orange-de","26":"pa_gender-damen","27":"pa_gender-mens-de","28":"pa_weight-400g","30":"first","31":"instock","32":"taxable","33":"shipping-taxable","34":"purchasable","35":"product-type-variable","36":"wvs-archive-product-wrapper"},"acf":[],"yoast_head":"<!-- This site is optimized with the Yoast SEO plugin v27.3 - https:\/\/yoast.com\/product\/yoast-seo-wordpress\/ -->\n<title>Classic 18 - OMM<\/title>\n<meta name=\"description\" content=\"The Classic 18, The Smaller Mountain Marathon Pack. Comfort And Stability. Visible Quick Storage Adapt The Pack To Your Needs\" \/>\n<meta name=\"robots\" content=\"index, follow, max-snippet:-1, max-image-preview:large, max-video-preview:-1\" \/>\n<link rel=\"canonical\" href=\"https:\/\/theomm.com\/de\/product\/classic-18\/\" \/>\n<meta property=\"og:locale\" content=\"de_DE\" \/>\n<meta property=\"og:type\" content=\"article\" \/>\n<meta property=\"og:title\" content=\"Classic 18 - OMM\" \/>\n<meta property=\"og:description\" content=\"The Classic 18, The Smaller Mountain Marathon Pack. Comfort And Stability. Visible Quick Storage Adapt The Pack To Your Needs\" \/>\n<meta property=\"og:url\" content=\"https:\/\/theomm.com\/de\/product\/classic-18\/\" \/>\n<meta property=\"og:site_name\" content=\"OMM\" \/>\n<meta property=\"article:publisher\" content=\"https:\/\/www.facebook.com\/OMMrunning?_ga=2.203172945.1541616462.1665402953-280172632.1649426001\" \/>\n<meta property=\"article:modified_time\" content=\"2026-01-03T00:03:56+00:00\" \/>\n<meta property=\"og:image\" content=\"https:\/\/theomm.com\/wp-content\/uploads\/2023\/02\/OF039_Classic_18_Blue_Front.jpg\" \/>\n\t<meta property=\"og:image:width\" content=\"600\" \/>\n\t<meta property=\"og:image:height\" content=\"600\" \/>\n\t<meta property=\"og:image:type\" content=\"image\/jpeg\" \/>\n<meta name=\"twitter:card\" content=\"summary_large_image\" \/>\n<meta name=\"twitter:label1\" content=\"Gesch\u00e4tzte Lesezeit\" \/>\n\t<meta name=\"twitter:data1\" content=\"3\u00a0Minuten\" \/>\n<script type=\"application\/ld+json\" class=\"yoast-schema-graph\">{\"@context\":\"https:\\\/\\\/schema.org\",\"@graph\":[{\"@type\":\"WebPage\",\"@id\":\"https:\\\/\\\/theomm.com\\\/de\\\/product\\\/classic-18\\\/\",\"url\":\"https:\\\/\\\/theomm.com\\\/de\\\/product\\\/classic-18\\\/\",\"name\":\"Classic 18 - OMM\",\"isPartOf\":{\"@id\":\"https:\\\/\\\/theomm.com\\\/#website\"},\"primaryImageOfPage\":{\"@id\":\"https:\\\/\\\/theomm.com\\\/de\\\/product\\\/classic-18\\\/#primaryimage\"},\"image\":{\"@id\":\"https:\\\/\\\/theomm.com\\\/de\\\/product\\\/classic-18\\\/#primaryimage\"},\"thumbnailUrl\":\"https:\\\/\\\/theomm.com\\\/wp-content\\\/uploads\\\/2023\\\/02\\\/OF039_Classic_18_Blue_Front.jpg\",\"datePublished\":\"2023-03-09T16:55:45+00:00\",\"dateModified\":\"2026-01-03T00:03:56+00:00\",\"description\":\"The Classic 18, The Smaller Mountain Marathon Pack. Comfort And Stability. Visible Quick Storage Adapt The Pack To Your Needs\",\"breadcrumb\":{\"@id\":\"https:\\\/\\\/theomm.com\\\/de\\\/product\\\/classic-18\\\/#breadcrumb\"},\"inLanguage\":\"de\",\"potentialAction\":[{\"@type\":\"ReadAction\",\"target\":[\"https:\\\/\\\/theomm.com\\\/de\\\/product\\\/classic-18\\\/\"]}]},{\"@type\":\"ImageObject\",\"inLanguage\":\"de\",\"@id\":\"https:\\\/\\\/theomm.com\\\/de\\\/product\\\/classic-18\\\/#primaryimage\",\"url\":\"https:\\\/\\\/theomm.com\\\/wp-content\\\/uploads\\\/2023\\\/02\\\/OF039_Classic_18_Blue_Front.jpg\",\"contentUrl\":\"https:\\\/\\\/theomm.com\\\/wp-content\\\/uploads\\\/2023\\\/02\\\/OF039_Classic_18_Blue_Front.jpg\",\"width\":600,\"height\":600},{\"@type\":\"BreadcrumbList\",\"@id\":\"https:\\\/\\\/theomm.com\\\/de\\\/product\\\/classic-18\\\/#breadcrumb\",\"itemListElement\":[{\"@type\":\"ListItem\",\"position\":1,\"name\":\"Home\",\"item\":\"https:\\\/\\\/theomm.com\\\/\"},{\"@type\":\"ListItem\",\"position\":2,\"name\":\"Einkaufen\",\"item\":\"https:\\\/\\\/theomm.com\\\/original-mountain-marathon\\\/products\\\/\"},{\"@type\":\"ListItem\",\"position\":3,\"name\":\"Classic 18\"}]},{\"@type\":\"WebSite\",\"@id\":\"https:\\\/\\\/theomm.com\\\/#website\",\"url\":\"https:\\\/\\\/theomm.com\\\/\",\"name\":\"OMM\",\"description\":\"OMM is Technical clothing and equipment made for running in the mountains. Designed to the specifications of Original Mountain Marathon.\",\"alternateName\":\"Original Mountain Marathon\",\"potentialAction\":[{\"@type\":\"SearchAction\",\"target\":{\"@type\":\"EntryPoint\",\"urlTemplate\":\"https:\\\/\\\/theomm.com\\\/?s={search_term_string}\"},\"query-input\":{\"@type\":\"PropertyValueSpecification\",\"valueRequired\":true,\"valueName\":\"search_term_string\"}}],\"inLanguage\":\"de\"}]}<\/script>\n<!-- \/ Yoast SEO plugin. -->","yoast_head_json":{"title":"Classic 18 - OMM","description":"The Classic 18, The Smaller Mountain Marathon Pack. Comfort And Stability. Visible Quick Storage Adapt The Pack To Your Needs","robots":{"index":"index","follow":"follow","max-snippet":"max-snippet:-1","max-image-preview":"max-image-preview:large","max-video-preview":"max-video-preview:-1"},"canonical":"https:\/\/theomm.com\/de\/product\/classic-18\/","og_locale":"de_DE","og_type":"article","og_title":"Classic 18 - OMM","og_description":"The Classic 18, The Smaller Mountain Marathon Pack. Comfort And Stability. Visible Quick Storage Adapt The Pack To Your Needs","og_url":"https:\/\/theomm.com\/de\/product\/classic-18\/","og_site_name":"OMM","article_publisher":"https:\/\/www.facebook.com\/OMMrunning?_ga=2.203172945.1541616462.1665402953-280172632.1649426001","article_modified_time":"2026-01-03T00:03:56+00:00","og_image":[{"width":600,"height":600,"url":"https:\/\/theomm.com\/wp-content\/uploads\/2023\/02\/OF039_Classic_18_Blue_Front.jpg","type":"image\/jpeg"}],"twitter_card":"summary_large_image","twitter_misc":{"Gesch\u00e4tzte Lesezeit":"3\u00a0Minuten"},"schema":{"@context":"https:\/\/schema.org","@graph":[{"@type":"WebPage","@id":"https:\/\/theomm.com\/de\/product\/classic-18\/","url":"https:\/\/theomm.com\/de\/product\/classic-18\/","name":"Classic 18 - OMM","isPartOf":{"@id":"https:\/\/theomm.com\/#website"},"primaryImageOfPage":{"@id":"https:\/\/theomm.com\/de\/product\/classic-18\/#primaryimage"},"image":{"@id":"https:\/\/theomm.com\/de\/product\/classic-18\/#primaryimage"},"thumbnailUrl":"https:\/\/theomm.com\/wp-content\/uploads\/2023\/02\/OF039_Classic_18_Blue_Front.jpg","datePublished":"2023-03-09T16:55:45+00:00","dateModified":"2026-01-03T00:03:56+00:00","description":"The Classic 18, The Smaller Mountain Marathon Pack. Comfort And Stability. Visible Quick Storage Adapt The Pack To Your Needs","breadcrumb":{"@id":"https:\/\/theomm.com\/de\/product\/classic-18\/#breadcrumb"},"inLanguage":"de","potentialAction":[{"@type":"ReadAction","target":["https:\/\/theomm.com\/de\/product\/classic-18\/"]}]},{"@type":"ImageObject","inLanguage":"de","@id":"https:\/\/theomm.com\/de\/product\/classic-18\/#primaryimage","url":"https:\/\/theomm.com\/wp-content\/uploads\/2023\/02\/OF039_Classic_18_Blue_Front.jpg","contentUrl":"https:\/\/theomm.com\/wp-content\/uploads\/2023\/02\/OF039_Classic_18_Blue_Front.jpg","width":600,"height":600},{"@type":"BreadcrumbList","@id":"https:\/\/theomm.com\/de\/product\/classic-18\/#breadcrumb","itemListElement":[{"@type":"ListItem","position":1,"name":"Home","item":"https:\/\/theomm.com\/"},{"@type":"ListItem","position":2,"name":"Einkaufen","item":"https:\/\/theomm.com\/original-mountain-marathon\/products\/"},{"@type":"ListItem","position":3,"name":"Classic 18"}]},{"@type":"WebSite","@id":"https:\/\/theomm.com\/#website","url":"https:\/\/theomm.com\/","name":"OMM","description":"OMM is Technical clothing and equipment made for running in the mountains. Designed to the specifications of Original Mountain Marathon.","alternateName":"Original Mountain Marathon","potentialAction":[{"@type":"SearchAction","target":{"@type":"EntryPoint","urlTemplate":"https:\/\/theomm.com\/?s={search_term_string}"},"query-input":{"@type":"PropertyValueSpecification","valueRequired":true,"valueName":"search_term_string"}}],"inLanguage":"de"}]}},"_links":{"self":[{"href":"https:\/\/theomm.com\/de\/wp-json\/wp\/v2\/product\/158735","targetHints":{"allow":["GET"]}}],"collection":[{"href":"https:\/\/theomm.com\/de\/wp-json\/wp\/v2\/product"}],"about":[{"href":"https:\/\/theomm.com\/de\/wp-json\/wp\/v2\/types\/product"}],"wp:featuredmedia":[{"embeddable":true,"href":"https:\/\/theomm.com\/de\/wp-json\/wp\/v2\/media\/156590"}],"wp:attachment":[{"href":"https:\/\/theomm.com\/de\/wp-json\/wp\/v2\/media?parent=158735"}],"wp:term":[{"taxonomy":"locations","embeddable":true,"href":"https:\/\/theomm.com\/de\/wp-json\/wp\/v2\/locations?post=158735"},{"taxonomy":"product_brand","embeddable":true,"href":"https:\/\/theomm.com\/de\/wp-json\/wp\/v2\/product_brand?post=158735"},{"taxonomy":"product_cat","embeddable":true,"href":"https:\/\/theomm.com\/de\/wp-json\/wp\/v2\/product_cat?post=158735"},{"taxonomy":"product_tag","embeddable":true,"href":"https:\/\/theomm.com\/de\/wp-json\/wp\/v2\/product_tag?post=158735"}],"curies":[{"name":"wp","href":"https:\/\/api.w.org\/{rel}","templated":true}]}}