{"id":189416,"date":"2024-05-23T11:21:54","date_gmt":"2024-05-23T11:21:54","guid":{"rendered":"https:\/\/theomm.com\/product\/ultra-8-2\/"},"modified":"2025-09-10T17:04:23","modified_gmt":"2025-09-10T17:04:23","slug":"ultra-8-2","status":"publish","type":"product","link":"https:\/\/theomm.com\/de\/product\/ultra-8-2\/","title":{"rendered":"Ultra 8"},"content":{"rendered":"<p class=\"p2\"><b>ULTRA 8 <\/b><\/p>\n<p class=\"p3\"><span class=\"s2\"><b>OF053<\/b><\/span><\/p>\n<p>KLEINER RUCKSACK F\u00dcR TRAINING UND RENNEN Der NEUE Ultra 8 ist f\u00fcr Training und Rennen konzipiert. Der innovative Diaphragm-Gurt erm\u00f6glicht eine Anpassung der Passform w\u00e4hrend der Bewegung f\u00fcr Stabilit\u00e4t und Komfort bei Bedarf. Ein erweiterbarer Seitentaschenzugang erm\u00f6glicht das Tragen von wasserdichten Kleidungsst\u00fccken bis hin zu Wasserflaschen.<\/p>\n<p>Diese neueste Version eines bereits beliebten Rucksacks bietet die gleiche Stabilit\u00e4t und Kapazit\u00e4t wie die vorherige Generation, nun jedoch mit dem zus\u00e4tzlichen Vorteil einer nachhaltigeren Konstruktion.<\/p>\n<p>Die ULTRA RANGE nutzt jetzt den INFINIOMM Herstellungsprozess, der einen einzigen Polymer (in diesem Fall Nylon) verwendet, um die Recyclingf\u00e4higkeit und Weiterverarbeitung zu verbessern.<\/p>\n<p>INFINIOMM:<br \/>KREISLAUFWIRTSCHAFT MIT MONOPLASTIKEN<\/p>\n<p>PROBLEM: Aktuelle Recyclingpraktiken k\u00f6nnen Polymere nicht leicht trennen. Produkte mit einer Mischung wie Nylon und Polyester k\u00f6nnen nur (wenn \u00fcberhaupt) in minderwertigere Produkte mit einem hohen Grad an Abfall recycelt werden. Dies f\u00fchrt zu einem weniger n\u00fctzlichen Endprodukt, w\u00e4hrend der Rest auf Deponien landet. F\u00fcr die Herstellung neuer Produkte wird mehr jungfr\u00e4uliches Material ben\u00f6tigt (oft Roh\u00f6l) und ein gr\u00f6\u00dferer Ressourcenverbrauch.<\/p>\n<p>ZIEL: Reduzierung der weltweiten Ressourcennachfrage, Deponierung und Abfall<\/p>\n<p>L\u00d6SUNG: Kreislaufwirtschaft &#8211; zielt darauf ab, ein Produkt zu 100% wiederzuverwenden, ohne dabei die Qualit\u00e4t zu beeintr\u00e4chtigen, ohne die Notwendigkeit von Erstverwendung von \u201ejungfr\u00e4ulichen\u201c Materialien und ohne Abfall.<\/p>\n<p>WIE: Die Ultra Pack Range wurde aktualisiert, um durchgehend einen einzigen Polymer zu verwenden. Jeder Rucksack besteht vollst\u00e4ndig aus hochwertigem Nylon; einschlie\u00dflich Rei\u00dfverschl\u00fcssen, Stoffen, B\u00e4ndern und Schnallen; das volle Programm!<\/p>\n<p>INFINIOMM &#8211; Kein zus\u00e4tzlicher Abfall. Keine neuen Ressourcen. Unendliche Schleife<\/p>\n<p>YOKE HARNESS<br \/>Das Y-f\u00f6rmige Gurtsystem verteilt das Gewicht des Rucksacks \u00fcber eine gr\u00f6\u00dfere Fl\u00e4che und reduziert so den Druck auf die Schultern. Die breitere Verteilung sorgt auch f\u00fcr eine stabilere Tragweise.<\/p>\n<p>KOMBINIERTER BRUST- UND H\u00dcFTGURT<br \/>Hoch auf dem R\u00fccken f\u00fcr bessere Stabilit\u00e4t erm\u00f6glicht dies auch die Verwendung eines Diaphragm-Gurts, der Brust- und H\u00fcftgurt in einem kombiniert. Dieser kann w\u00e4hrend der Belastungs\u00e4nderung angepasst werden. Kompatibel mit OMM Rucksackzubeh\u00f6r.<\/p>\n<p>EINFACHER ZUGANG<br \/>Die gro\u00dfen Netzabwurftaschen auf jeder Seite eignen sich perfekt f\u00fcr Wasserflaschen oder Snacks und k\u00f6nnen w\u00e4hrend der Bewegung leicht erreicht werden.<\/p>\n<p>MERKMALE<\/p>\n<p>Leanweight Chassis<\/p>\n<p>Yoke Harness<\/p>\n<p>Kombinierter Brust- und H\u00fcftgurt<\/p>\n<p>Pfeife am Brustgurt<\/p>\n<p>3D Mesh-Gurtsystem<\/p>\n<p>R\u00fcckenl\u00e4nge 38 cm<\/p>\n<p>Sicherheits-Rei\u00dfverschlusstasche<\/p>\n<p>2 umwickelbare Seitentaschen<\/p>\n<p>UGR \u2013 Universal Gear Rail<\/p>\n<p>Kompatibel mit Leanweight-Kit<\/p>\n<p>TECHNISCHE DETAILS<\/p>\n<p>235 g<\/p>\n<p>Nylon 210T<\/p>\n<p>500D Cordura Nylon<\/p>\n<p>R\u00fcckenpolsterung: 9 mm EVA-Pad<\/p>\n","protected":false},"excerpt":{"rendered":"<p>Der NEUE Ultra 8 ist f\u00fcr Training und Wettk\u00e4mpfe konzipiert. Der innovative Zwerchfellgurt erm\u00f6glicht es, die Passform w\u00e4hrend der Bewegung zu lockern oder anzuziehen, um Stabilit\u00e4t und Komfort bei Bedarf zu gew\u00e4hrleisten. Erweiterbarer Seitentaschenzugang erm\u00f6glicht das Tragen von wasserdichten Artikeln bis hin zu Wasserflaschen.<\/p>\n<p>Diese neueste Version eines bereits beliebten Rucksacks bietet die gleiche Stabilit\u00e4t und Kapazit\u00e4t wie die vorherige Generation, jedoch jetzt mit dem zus\u00e4tzlichen Vorteil einer nachhaltigeren Konstruktion.<\/p>\n<p>Die ULTRA RANGE nutzt jetzt den INFINIOMM-Herstellungsprozess, der einen einzigen Polymer (in diesem Fall Nylon) verwendet, um die Recyclingf\u00e4higkeit und Weiterverarbeitung zu verbessern.<\/p>\n<p>INFINIOMM:<br \/>KREISLAUFWIRTSCHAFT MIT MONOPLASTIK<\/p>\n<p>PROBLEM: Aktuelle Recyclingpraktiken k\u00f6nnen Polymere nicht leicht trennen. Produkte mit einer Mischung wie Nylon und Polyester k\u00f6nnen nur in minderwertigere Produkte recycelt werden (falls \u00fcberhaupt), was zu einer weniger n\u00fctzlichen Endprodukt f\u00fchrt und der Rest landet auf Deponien. Zur Herstellung neuer Produkte ist der Einsatz von mehr Virgin-Material erforderlich (oft Erd\u00f6l), was zu einer erh\u00f6hten Nachfrage nach Ressourcen f\u00fchrt.<\/p>\n<p>ZIEL: Reduzierung des weltweiten Ressourcenbedarfs, der Deponierung und des Abfalls.<\/p>\n<p>L\u00d6SUNG: Kreislaufwirtschaft &#8211; zielt darauf ab, 100% eines Produkts wiederholt zu verwenden, w\u00e4hrend die Qualit\u00e4t erhalten bleibt, ohne dass Erstverwendung von &#8222;Virgin&#8220;-Materialien und ohne Abfall erforderlich ist.<\/p>\n<p>WIE: Die Ultra Pack Range wurde aktualisiert, um durchgehend einen einzigen Polymer zu verwenden. Jeder Rucksack ist vollst\u00e4ndig aus hochwertigem Nylon gefertigt, einschlie\u00dflich Rei\u00dfverschl\u00fcsse, Stoffe, Gurtb\u00e4nder und Schnallen.<\/p>\n<p>INFINIOMM &#8211; Kein zus\u00e4tzlicher Abfall. Keine neuen Ressourcen. Unendliche Schleife.<\/p>\n","protected":false},"featured_media":183136,"template":"","meta":{"_acf_changed":false,"_et_pb_use_builder":"","_et_pb_old_content":"","_et_gb_content_width":""},"locations":[],"product_brand":[],"product_cat":[652,2133,2527,610,654],"product_tag":[691,664,614,663,656,2530,2529,2528,655,2532,2531,665],"class_list":{"0":"post-189416","1":"product","2":"type-product","3":"status-publish","4":"has-post-thumbnail","6":"product_cat-packungen","7":"product_cat-clothing-equipment-de","8":"product_cat-infiniomm-de","9":"product_cat-neue-ankunfte","10":"product_cat-rucksack","11":"product_tag-laufpaket","12":"product_tag-laufweste","13":"product_tag-lightweight-de","14":"product_tag-omm-weste","15":"product_tag-rennweste","16":"product_tag-rucksack","17":"product_tag-small-pack-de","18":"product_tag-small-running-pack-de","19":"product_tag-trinkweste","20":"product_tag-ultra-8-de","21":"product_tag-ultra8-de","22":"product_tag-westentasche","23":"pa_color-blau","24":"pa_color-gelb","25":"pa_color-grau","26":"pa_color-grun","27":"pa_color-orange-de","28":"pa_color-rosa","29":"pa_color-violett","30":"pa_colour-blau","31":"pa_colour-gelb","32":"pa_colour-grau","33":"pa_colour-grun","34":"pa_colour-lila","35":"pa_colour-orange-de","36":"pa_colour-rosa","37":"pa_technology-infiniomm","38":"pa_weight-200-300g","40":"first","41":"instock","42":"taxable","43":"shipping-taxable","44":"purchasable","45":"product-type-variable","46":"wvs-archive-product-wrapper"},"acf":[],"yoast_head":"<!-- This site is optimized with the Yoast SEO plugin v27.4 - https:\/\/yoast.com\/product\/yoast-seo-wordpress\/ -->\n<title>Ultra 8 - OMM<\/title>\n<meta name=\"description\" content=\"The Ultra 8 ist ein Rucksack mit kleinerer Kapazit\u00e4t f\u00fcr Training und Wettkampf mit INFINIOMM Mono-Polymer Konstruktion. Entwickelt f\u00fcr lange Trainingseinheiten und k\u00fcrzere Ultral\u00e4ufe.\" \/>\n<meta name=\"robots\" content=\"index, follow, max-snippet:-1, max-image-preview:large, max-video-preview:-1\" \/>\n<link rel=\"canonical\" href=\"https:\/\/theomm.com\/de\/product\/ultra-8-2\/\" \/>\n<meta property=\"og:locale\" content=\"de_DE\" \/>\n<meta property=\"og:type\" content=\"article\" \/>\n<meta property=\"og:title\" content=\"Ultra 8 - OMM\" \/>\n<meta property=\"og:description\" content=\"The Ultra 8 ist ein Rucksack mit kleinerer Kapazit\u00e4t f\u00fcr Training und Wettkampf mit INFINIOMM Mono-Polymer Konstruktion. Entwickelt f\u00fcr lange Trainingseinheiten und k\u00fcrzere Ultral\u00e4ufe.\" \/>\n<meta property=\"og:url\" content=\"https:\/\/theomm.com\/de\/product\/ultra-8-2\/\" \/>\n<meta property=\"og:site_name\" content=\"OMM\" \/>\n<meta property=\"article:publisher\" content=\"https:\/\/www.facebook.com\/OMMrunning?_ga=2.203172945.1541616462.1665402953-280172632.1649426001\" \/>\n<meta property=\"article:modified_time\" content=\"2025-09-10T17:04:23+00:00\" \/>\n<meta property=\"og:image\" content=\"https:\/\/theomm.com\/wp-content\/uploads\/2024\/04\/OF053_Ultra-8_Orange_Front.jpg\" \/>\n\t<meta property=\"og:image:width\" content=\"1000\" \/>\n\t<meta property=\"og:image:height\" content=\"1000\" \/>\n\t<meta property=\"og:image:type\" content=\"image\/jpeg\" \/>\n<meta name=\"twitter:card\" content=\"summary_large_image\" \/>\n<meta name=\"twitter:label1\" content=\"Gesch\u00e4tzte Lesezeit\" \/>\n\t<meta name=\"twitter:data1\" content=\"2\u00a0Minuten\" \/>\n<script type=\"application\/ld+json\" class=\"yoast-schema-graph\">{\"@context\":\"https:\\\/\\\/schema.org\",\"@graph\":[{\"@type\":\"WebPage\",\"@id\":\"https:\\\/\\\/theomm.com\\\/de\\\/product\\\/ultra-8-2\\\/\",\"url\":\"https:\\\/\\\/theomm.com\\\/de\\\/product\\\/ultra-8-2\\\/\",\"name\":\"Ultra 8 - OMM\",\"isPartOf\":{\"@id\":\"https:\\\/\\\/theomm.com\\\/#website\"},\"primaryImageOfPage\":{\"@id\":\"https:\\\/\\\/theomm.com\\\/de\\\/product\\\/ultra-8-2\\\/#primaryimage\"},\"image\":{\"@id\":\"https:\\\/\\\/theomm.com\\\/de\\\/product\\\/ultra-8-2\\\/#primaryimage\"},\"thumbnailUrl\":\"https:\\\/\\\/theomm.com\\\/wp-content\\\/uploads\\\/2024\\\/04\\\/OF053_Ultra-8_Orange_Front.jpg\",\"datePublished\":\"2024-05-23T11:21:54+00:00\",\"dateModified\":\"2025-09-10T17:04:23+00:00\",\"description\":\"The Ultra 8 ist ein Rucksack mit kleinerer Kapazit\u00e4t f\u00fcr Training und Wettkampf mit INFINIOMM Mono-Polymer Konstruktion. Entwickelt f\u00fcr lange Trainingseinheiten und k\u00fcrzere Ultral\u00e4ufe.\",\"breadcrumb\":{\"@id\":\"https:\\\/\\\/theomm.com\\\/de\\\/product\\\/ultra-8-2\\\/#breadcrumb\"},\"inLanguage\":\"de\",\"potentialAction\":[{\"@type\":\"ReadAction\",\"target\":[\"https:\\\/\\\/theomm.com\\\/de\\\/product\\\/ultra-8-2\\\/\"]}]},{\"@type\":\"ImageObject\",\"inLanguage\":\"de\",\"@id\":\"https:\\\/\\\/theomm.com\\\/de\\\/product\\\/ultra-8-2\\\/#primaryimage\",\"url\":\"https:\\\/\\\/theomm.com\\\/wp-content\\\/uploads\\\/2024\\\/04\\\/OF053_Ultra-8_Orange_Front.jpg\",\"contentUrl\":\"https:\\\/\\\/theomm.com\\\/wp-content\\\/uploads\\\/2024\\\/04\\\/OF053_Ultra-8_Orange_Front.jpg\",\"width\":1000,\"height\":1000},{\"@type\":\"BreadcrumbList\",\"@id\":\"https:\\\/\\\/theomm.com\\\/de\\\/product\\\/ultra-8-2\\\/#breadcrumb\",\"itemListElement\":[{\"@type\":\"ListItem\",\"position\":1,\"name\":\"Home\",\"item\":\"https:\\\/\\\/theomm.com\\\/\"},{\"@type\":\"ListItem\",\"position\":2,\"name\":\"Einkaufen\",\"item\":\"https:\\\/\\\/theomm.com\\\/original-mountain-marathon\\\/products\\\/\"},{\"@type\":\"ListItem\",\"position\":3,\"name\":\"Ultra 8\"}]},{\"@type\":\"WebSite\",\"@id\":\"https:\\\/\\\/theomm.com\\\/#website\",\"url\":\"https:\\\/\\\/theomm.com\\\/\",\"name\":\"OMM\",\"description\":\"OMM is Technical clothing and equipment made for running in the mountains. Designed to the specifications of Original Mountain Marathon.\",\"alternateName\":\"Original Mountain Marathon\",\"potentialAction\":[{\"@type\":\"SearchAction\",\"target\":{\"@type\":\"EntryPoint\",\"urlTemplate\":\"https:\\\/\\\/theomm.com\\\/?s={search_term_string}\"},\"query-input\":{\"@type\":\"PropertyValueSpecification\",\"valueRequired\":true,\"valueName\":\"search_term_string\"}}],\"inLanguage\":\"de\"}]}<\/script>\n<!-- \/ Yoast SEO plugin. -->","yoast_head_json":{"title":"Ultra 8 - OMM","description":"The Ultra 8 ist ein Rucksack mit kleinerer Kapazit\u00e4t f\u00fcr Training und Wettkampf mit INFINIOMM Mono-Polymer Konstruktion. Entwickelt f\u00fcr lange Trainingseinheiten und k\u00fcrzere Ultral\u00e4ufe.","robots":{"index":"index","follow":"follow","max-snippet":"max-snippet:-1","max-image-preview":"max-image-preview:large","max-video-preview":"max-video-preview:-1"},"canonical":"https:\/\/theomm.com\/de\/product\/ultra-8-2\/","og_locale":"de_DE","og_type":"article","og_title":"Ultra 8 - OMM","og_description":"The Ultra 8 ist ein Rucksack mit kleinerer Kapazit\u00e4t f\u00fcr Training und Wettkampf mit INFINIOMM Mono-Polymer Konstruktion. Entwickelt f\u00fcr lange Trainingseinheiten und k\u00fcrzere Ultral\u00e4ufe.","og_url":"https:\/\/theomm.com\/de\/product\/ultra-8-2\/","og_site_name":"OMM","article_publisher":"https:\/\/www.facebook.com\/OMMrunning?_ga=2.203172945.1541616462.1665402953-280172632.1649426001","article_modified_time":"2025-09-10T17:04:23+00:00","og_image":[{"width":1000,"height":1000,"url":"https:\/\/theomm.com\/wp-content\/uploads\/2024\/04\/OF053_Ultra-8_Orange_Front.jpg","type":"image\/jpeg"}],"twitter_card":"summary_large_image","twitter_misc":{"Gesch\u00e4tzte Lesezeit":"2\u00a0Minuten"},"schema":{"@context":"https:\/\/schema.org","@graph":[{"@type":"WebPage","@id":"https:\/\/theomm.com\/de\/product\/ultra-8-2\/","url":"https:\/\/theomm.com\/de\/product\/ultra-8-2\/","name":"Ultra 8 - OMM","isPartOf":{"@id":"https:\/\/theomm.com\/#website"},"primaryImageOfPage":{"@id":"https:\/\/theomm.com\/de\/product\/ultra-8-2\/#primaryimage"},"image":{"@id":"https:\/\/theomm.com\/de\/product\/ultra-8-2\/#primaryimage"},"thumbnailUrl":"https:\/\/theomm.com\/wp-content\/uploads\/2024\/04\/OF053_Ultra-8_Orange_Front.jpg","datePublished":"2024-05-23T11:21:54+00:00","dateModified":"2025-09-10T17:04:23+00:00","description":"The Ultra 8 ist ein Rucksack mit kleinerer Kapazit\u00e4t f\u00fcr Training und Wettkampf mit INFINIOMM Mono-Polymer Konstruktion. Entwickelt f\u00fcr lange Trainingseinheiten und k\u00fcrzere Ultral\u00e4ufe.","breadcrumb":{"@id":"https:\/\/theomm.com\/de\/product\/ultra-8-2\/#breadcrumb"},"inLanguage":"de","potentialAction":[{"@type":"ReadAction","target":["https:\/\/theomm.com\/de\/product\/ultra-8-2\/"]}]},{"@type":"ImageObject","inLanguage":"de","@id":"https:\/\/theomm.com\/de\/product\/ultra-8-2\/#primaryimage","url":"https:\/\/theomm.com\/wp-content\/uploads\/2024\/04\/OF053_Ultra-8_Orange_Front.jpg","contentUrl":"https:\/\/theomm.com\/wp-content\/uploads\/2024\/04\/OF053_Ultra-8_Orange_Front.jpg","width":1000,"height":1000},{"@type":"BreadcrumbList","@id":"https:\/\/theomm.com\/de\/product\/ultra-8-2\/#breadcrumb","itemListElement":[{"@type":"ListItem","position":1,"name":"Home","item":"https:\/\/theomm.com\/"},{"@type":"ListItem","position":2,"name":"Einkaufen","item":"https:\/\/theomm.com\/original-mountain-marathon\/products\/"},{"@type":"ListItem","position":3,"name":"Ultra 8"}]},{"@type":"WebSite","@id":"https:\/\/theomm.com\/#website","url":"https:\/\/theomm.com\/","name":"OMM","description":"OMM is Technical clothing and equipment made for running in the mountains. Designed to the specifications of Original Mountain Marathon.","alternateName":"Original Mountain Marathon","potentialAction":[{"@type":"SearchAction","target":{"@type":"EntryPoint","urlTemplate":"https:\/\/theomm.com\/?s={search_term_string}"},"query-input":{"@type":"PropertyValueSpecification","valueRequired":true,"valueName":"search_term_string"}}],"inLanguage":"de"}]}},"_links":{"self":[{"href":"https:\/\/theomm.com\/de\/wp-json\/wp\/v2\/product\/189416","targetHints":{"allow":["GET"]}}],"collection":[{"href":"https:\/\/theomm.com\/de\/wp-json\/wp\/v2\/product"}],"about":[{"href":"https:\/\/theomm.com\/de\/wp-json\/wp\/v2\/types\/product"}],"wp:featuredmedia":[{"embeddable":true,"href":"https:\/\/theomm.com\/de\/wp-json\/wp\/v2\/media\/183136"}],"wp:attachment":[{"href":"https:\/\/theomm.com\/de\/wp-json\/wp\/v2\/media?parent=189416"}],"wp:term":[{"taxonomy":"locations","embeddable":true,"href":"https:\/\/theomm.com\/de\/wp-json\/wp\/v2\/locations?post=189416"},{"taxonomy":"product_brand","embeddable":true,"href":"https:\/\/theomm.com\/de\/wp-json\/wp\/v2\/product_brand?post=189416"},{"taxonomy":"product_cat","embeddable":true,"href":"https:\/\/theomm.com\/de\/wp-json\/wp\/v2\/product_cat?post=189416"},{"taxonomy":"product_tag","embeddable":true,"href":"https:\/\/theomm.com\/de\/wp-json\/wp\/v2\/product_tag?post=189416"}],"curies":[{"name":"wp","href":"https:\/\/api.w.org\/{rel}","templated":true}]}}