{"id":197863,"date":"2024-10-18T15:55:11","date_gmt":"2024-10-18T15:55:11","guid":{"rendered":"https:\/\/theomm.com\/product\/kamleika-jacket-2\/"},"modified":"2025-09-10T17:04:04","modified_gmt":"2025-09-10T17:04:04","slug":"kamleika-jacket-2","status":"publish","type":"product","link":"https:\/\/theomm.com\/de\/product\/kamleika-jacket-2\/","title":{"rendered":"Kamleika Jacket"},"content":{"rendered":"<div class=\"et_pb_section et_pb_section_0_tb_body et-show-more-container et_section_regular\">\n<div class=\"et_pb_sticky--has-transform et_pb_row et_pb_row_2_tb_body et_pb_sticky_module et_pb_gutters1 et_pb_sticky et_pb_sticky--top\">\n<div class=\"et_pb_column et_pb_column_4_4 et_pb_column_3_tb_body et_pb_css_mix_blend_mode_passthrough et-last-child\">\n<div class=\"et_pb_module et_pb_wc_title et_pb_wc_title_0_tb_body et_pb_bg_layout_light\">\n<div class=\"et_pb_module_inner\">\n<h1>KAMLEIKA JACKET<\/h1>\n<\/div>\n<\/div>\n<div class=\"et_pb_module et_pb_wc_price et_pb_wc_price_0_tb_body et_pb_text_align_left\">\n<div class=\"et_pb_module_inner\"><\/div>\n<\/div>\n<div class=\"et_pb_button_module_wrapper et_pb_button_3_tb_body_wrapper et_pb_button_alignment_center et_pb_module \"><span style=\"color: #333333; font-size: 30px;\" data-mce-style=\"color: #333333; font-size: 30px;\">KAMLEIKA JACKET<\/span><\/div>\n<\/div>\n<\/div>\n<div class=\"et_pb_sticky--has-transform et_pb_row et_pb_row_2_tb_body et_pb_sticky_module et_pb_gutters1 et_pb_sticky_placeholder\" data-sticky-placeholder-id=\"et_pb_row_2_tb_body\">\n<div class=\"et_pb_column et_pb_column_4_4 et_pb_column_3_tb_body et_pb_css_mix_blend_mode_passthrough et-last-child\">\n<div class=\"et_pb_module et_pb_text et_pb_text_2_tb_body et_pb_text_align_center et_pb_bg_layout_light\">\n<div class=\"et_pb_text_inner\">6. GENERATION 4-WEGE Kamleika-JACKE STRETCH WASSERDICHTES SOFTSHELL, JETZT PFC- &amp; PFAS-FREI<\/div>\n<\/div>\n<div class=\"et_pb_button_module_wrapper et_pb_button_3_tb_body_wrapper et_pb_button_alignment_center et_pb_module \"><a class=\"et_pb_button et_pb_button_3_tb_body et-show-more-toggle-1 et_pb_bg_layout_light\" href=\"https:\/\/theomm.com\/?post_type=product&amp;p=181843&amp;preview=true#toggle3\" data-icon=\"P\" data-mce-href=\"https:\/\/theomm.com\/?post_type=product&amp;p=181843&amp;preview=true#toggle3\">Mehr Erfahren<\/a><\/div>\n<\/div>\n<\/div>\n<\/div>\n<div class=\"et_pb_section et_pb_section_1_tb_body et-show-more-container et_section_regular\">\n<div class=\"et_pb_row et_pb_row_3_tb_body et_pb_gutters1\">\n<div class=\"et_pb_column et_pb_column_2_5 et_pb_column_4_tb_body et_pb_css_mix_blend_mode_passthrough\">\n<div class=\"et_pb_module et_pb_image et_pb_image_4_tb_body et_pb_image_sticky\"><\/div>\n<\/div>\n<\/div>\n<div id=\"toggle3\" class=\"et_pb_row et_pb_row_7_tb_body et_pb_gutters1\">\n<div class=\"et_pb_column et_pb_column_4_4 et_pb_column_11_tb_body et_pb_css_mix_blend_mode_passthrough et-last-child\">\n<div class=\"et_pb_module et_pb_text et_pb_text_4_tb_body et_pb_text_align_center et_pb_bg_layout_light\">\n<div class=\"et_pb_text_inner\">GEWICHT 215g<br \/>WASSERS\u00c4ULE 20.000mm<br \/>ATMUNGSAKTIVIT\u00c4T 20.000g\/m\u00b2<\/div>\n<\/div>\n<\/div>\n<\/div>\n<div class=\"et_pb_with_border et_pb_row et_pb_row_8_tb_body et_pb_gutters1\">\n<div class=\"et_pb_column et_pb_column_4_4 et_pb_column_12_tb_body et_pb_css_mix_blend_mode_passthrough et-last-child\">\n<div class=\"et_pb_button_module_wrapper et_pb_button_11_tb_body_wrapper et_pb_button_alignment_left et_pb_module \"><a class=\"et_pb_button et_pb_button_11_tb_body et-show-more-toggle-1 et_pb_bg_layout_light\" href=\"https:\/\/theomm.com\/?post_type=product&amp;p=181843&amp;preview=true\" data-icon=\"P\" data-mce-href=\"https:\/\/theomm.com\/?post_type=product&amp;p=181843&amp;preview=true\">Beschreibung<\/a><\/div>\n<\/div>\n<\/div>\n<div class=\"et_pb_row et_pb_row_9_tb_body et-show-more-content-1 et_pb_gutters1\">\n<div class=\"et_pb_column et_pb_column_4_4 et_pb_column_13_tb_body et_pb_css_mix_blend_mode_passthrough et-last-child\">\n<div class=\"et_pb_module et_pb_text et_pb_text_7_tb_body et_pb_text_align_left et_pb_bg_layout_light\">\n<div class=\"et_pb_text_inner\">\n<div class=\"woocommerce et-dynamic-content-woo et-dynamic-content-woo--product_short_description\">\n<div class=\"ewa-rteLine\">\n<p><strong>Nun in seiner 6. Generation<\/strong> \u2013 Die urspr\u00fcngliche Kamleika Stretch-Wasserdicht-Jacke wurde erstmals 2005 herausgebracht und erlangte schnell eine gro\u00dfe Fangemeinde sowie einige Nachahmer. Bekannt f\u00fcr ihren un\u00fcbertroffenen Tragekomfort auf der Haut, Bewegungsfreiheit und Schutz bei extremen Bedingungen, wurde die Kamleika speziell f\u00fcr die Anforderungen von Bergl\u00e4ufern entwickelt. Benannt nach dem Kleidungsst\u00fcck der Aleuten im hohen Norden am Beringmeer, wird sie heutzutage zwar nicht mehr aus den Innereien von Seeottern hergestellt, doch genauso wie die Aleuten ben\u00f6tigen Bergl\u00e4ufer eine wasserdichte und sch\u00fctzende, dabei leichte und gut verstaubare Jacke, die keine Bewegung einschr\u00e4nkt und sich anpasst.<\/p>\n<p>Die 5. Generation der Kamleika f\u00fchrte das robuste Nylon-Obermaterial ein, w\u00e4hrend die 6. Generation nun eine PFAS-freie Biomembran und eine PFC-freie DWR-Impr\u00e4gnierung enth\u00e4lt. Dadurch konnten wir die Umweltbelastung bei der Herstellung und Nutzung der Jacke erheblich reduzieren und verzichten nun auf die sogenannten \u201eEwigkeitschemikalien\u201c, die der Umwelt extrem schaden, ohne die Leistung der Jacke bei extremen Bedingungen zu beeintr\u00e4chtigen.<\/p>\n<p>Erfahren Sie <strong>HIER<\/strong> mehr \u00fcber PFC- &amp; PFAS-freie Stoffe.<\/p>\n<\/div>\n<\/div>\n<\/div>\n<\/div>\n<div class=\"et_pb_module et_pb_code et_pb_code_1_tb_body\">\n<div class=\"et_pb_code_inner\"><\/div>\n<\/div>\n<div class=\"et_pb_button_module_wrapper et_pb_button_13_tb_body_wrapper et_pb_button_alignment_center et_pb_module \"><a class=\"et_pb_button et_pb_button_13_tb_body et_pb_bg_layout_light\" href=\"\/?p=160666\" data-icon=\"5\" data-mce-href=\"https:\/\/theomm.com\/project\/kamleika-technology\/\">KAMLEIKA EXPLAINED<\/a><\/div>\n<\/div>\n<\/div>\n<div class=\"et_pb_with_border et_pb_row et_pb_row_10_tb_body et_pb_gutters1\">\n<div class=\"et_pb_column et_pb_column_4_4 et_pb_column_14_tb_body et_pb_css_mix_blend_mode_passthrough et-last-child\">\n<div class=\"et_pb_button_module_wrapper et_pb_button_14_tb_body_wrapper et_pb_button_alignment_left et_pb_module \"><a class=\"et_pb_button et_pb_button_14_tb_body et-show-more-toggle-2 et_pb_bg_layout_light et-show-more-toggle-2_active\" href=\"https:\/\/theomm.com\/?post_type=product&amp;p=181843&amp;preview=true\" data-icon=\"P\" data-mce-href=\"https:\/\/theomm.com\/?post_type=product&amp;p=181843&amp;preview=true\">Product Highlights<\/a><\/div>\n<\/div>\n<\/div>\n<div class=\"et_pb_row et_pb_row_11_tb_body et-show-more-content-2 et_pb_gutters1\">\n<div class=\"et_pb_column et_pb_column_3_5 et_pb_column_15_tb_body et_pb_css_mix_blend_mode_passthrough\">\n<div class=\"et_pb_module et_pb_text et_pb_text_8_tb_body et_pb_text_align_center et_pb_bg_layout_light\">\n<div class=\"et_pb_text_inner\">\n<p><strong>SOFTSHELL-KOMFORT, WASSERDICHTE LEISTUNG<\/strong><\/p>\n<p>Mit 4-Wege-Stretch, weichem Griff und hoher Atmungsaktivit\u00e4t f\u00fchlt sich das Kamleika-Material wie ein Softshell an und klingt sogar so, aber dank der vollst\u00e4ndig wasserdichten Membran, versiegelten N\u00e4hte und DWR-Impr\u00e4gnierung bietet es den wasserdichten Schutz, der bei schlechtem Wetter Sicherheit gibt.<\/p>\n<p><strong>C-ZERO KONSTRUKTION &amp; PFLANZENBASIERTE MEMBRAN<\/strong><\/p>\n<p>Durch die Verwendung einer PFC-freien DWR-Impr\u00e4gnierung und einer PFAS-freien Biomembran wurden langkettige Kohlenstoffe und \u201eEwigkeitschemikalien\u201c aus der Herstellung und Nutzung der Kamleika entfernt. Dadurch wird die Umweltbelastung des Materials reduziert, w\u00e4hrend die Leistung erhalten bleibt. Die neue Biomembran besteht aus pflanzenbasierten Materialien und ist eine viel nachhaltigere Option, die an der Spitze der Membrantechnologie steht.<\/p>\n<p><strong>BERGFUNKTIONEN IN EINER LAUFJACKE<\/strong><\/p>\n<p>Die Kamleika bietet die erweiterten Funktionen einer Bergjacke in einer Laufjacke. Mit voll einstellbaren \u00c4rmelb\u00fcndchen und integrierten Daumenschlaufen, einem dynamischen Verl\u00e4ngerungssaum, vollst\u00e4ndig anpassbarer, drahtverst\u00e4rkter und laminierter Kapuze sowie 2 Handtaschen und YKK AquaGuard-Rei\u00dfverschl\u00fcssen bietet die Kamleika zahlreiche Extras, ohne unn\u00f6tiges Gewicht hinzuzuf\u00fcgen.<\/p>\n<\/div>\n<\/div>\n<\/div>\n<\/div>\n<div class=\"et_pb_with_border et_pb_row et_pb_row_14_tb_body et_pb_gutters1\">\n<div class=\"et_pb_column et_pb_column_4_4 et_pb_column_21_tb_body et_pb_css_mix_blend_mode_passthrough et-last-child\">\n<div class=\"et_pb_button_module_wrapper et_pb_button_15_tb_body_wrapper et_pb_button_alignment_left et_pb_module \"><a class=\"et_pb_button et_pb_button_15_tb_body et-show-more-toggle-3 et_pb_bg_layout_light et-show-more-toggle-3_active\" href=\"https:\/\/theomm.com\/?post_type=product&amp;p=181843&amp;preview=true\" data-icon=\"P\" data-mce-href=\"https:\/\/theomm.com\/?post_type=product&amp;p=181843&amp;preview=true\">Feats &amp; Deets<\/a><\/div>\n<\/div>\n<\/div>\n<div class=\"et_pb_row et_pb_row_15_tb_body et-show-more-content-3 et_pb_gutters2\">\n<div class=\"et_pb_column et_pb_column_1_2 et_pb_column_22_tb_body pa-inline-text et_pb_css_mix_blend_mode_passthrough\">\n<div class=\"et_pb_module et_pb_text et_pb_text_14_tb_body et_pb_text_align_center et_pb_bg_layout_light\">\n<div class=\"et_pb_text_inner\">\n<p><strong>FEATURES<\/strong><\/p>\n<ul>\n<li>37.5-Technologie sorgt f\u00fcr eine angenehme Hauttemperatur<\/li>\n<li>Klettverschluss am \u00c4rmelb\u00fcndchen mit integriertem Daumenschlaufe<\/li>\n<li>YKK\u00ae Aquaguard Rei\u00dfverschluss in voller L\u00e4nge<\/li>\n<li>2 Rei\u00dfverschlusstaschen f\u00fcr die H\u00e4nde<\/li>\n<li>Vollst\u00e4ndig einstellbare Kapuze mit drahtverst\u00e4rktem Schirm<\/li>\n<li>Verstellbarer, elastischer Saum mit dynamischem Verl\u00e4ngerungssaum<\/li>\n<\/ul>\n<p><strong>TECHNISCHE DETAILS<\/strong><\/p>\n<ul>\n<li>Gewicht: 265g<\/li>\n<li>Flexile: Nylon\/Spandex-Mischung<\/li>\n<li>4-Wege-Stretch<\/li>\n<li>Wasserdicht<\/li>\n<li>Winddicht<\/li>\n<li>PFAS-freie Biomembran<\/li>\n<li>PFC-freie DWR-Impr\u00e4gnierung: dauerhafte Wasserabweisung<\/li>\n<\/ul>\n<\/div>\n<\/div>\n<\/div>\n<\/div>\n<\/div>\n","protected":false},"excerpt":{"rendered":"<div class=\"ewa-rteLine\">\n<p><strong>Nun in der 6. Generation:<\/strong> Die urspr\u00fcngliche Kamleika Stretch-Wasserdicht-Jacke wurde 2005 erstmals ver\u00f6ffentlicht und zog schnell eine gro\u00dfe Fangemeinde an \u2013 und einige Nachahmer. Bekannt f\u00fcr ihren un\u00fcbertroffenen Hautkomfort, die Bewegungsfreiheit und den Schutz unter extremen Bedingungen, wurde die Kamleika speziell f\u00fcr die Anforderungen von Bergl\u00e4ufern entwickelt. Benannt nach dem Kleidungsst\u00fcck der Aleuten im hohen Norden an den Ufern des Beringmeeres, wird sie heutzutage zwar nicht mehr aus Seeotter-Innereien hergestellt. Aber wie die Aleuten ben\u00f6tigen Bergl\u00e4ufer eine wasserdichte und sch\u00fctzende, gleichzeitig leichte und verpackbare Jacke, die nicht einengt und sich an jede Bewegung anpasst.<\/p>\n<p>Die 5. Generation der Kamleika f\u00fchrte ein robustes Nylon-Au\u00dfenmaterial ein, w\u00e4hrend die 6. Generation nun eine PFAS-freie Biomembran und eine PFC-freie DWR-Impr\u00e4gnierung enth\u00e4lt. Dies hat es uns erm\u00f6glicht, die Umweltbelastung bei der Herstellung und Nutzung der Jacke erheblich zu reduzieren, indem wir auf die sogenannten \u201eEwigkeitschemikalien\u201c verzichten, die der Umwelt extrem schaden \u2013 und das ohne Einbu\u00dfen in der Leistungsf\u00e4higkeit der Jacke bei extremen Bedingungen.<\/p>\n<p>Lesen Sie <strong>HIER<\/strong> mehr \u00fcber PFC- und PFAS-freie Materialien.<\/p>\n<\/div>\n","protected":false},"featured_media":181966,"template":"","meta":{"_acf_changed":false,"_et_pb_use_builder":"","_et_pb_old_content":"","_et_gb_content_width":""},"locations":[1196],"product_brand":[],"product_cat":[149,649,147,1445,610],"product_tag":[1157,1080,2759,2758,2757,948,952,615,711,854],"class_list":{"0":"post-197863","1":"product","2":"type-product","3":"status-publish","4":"has-post-thumbnail","6":"locations-uk","7":"product_cat-ausruestungsliste","8":"product_cat-ausere-schicht","9":"product_cat-bekleidung-de","10":"product_cat-kamleika-de","11":"product_cat-neue-ankunfte","12":"product_tag-kamleika-de","13":"product_tag-kamleika-jacket-de","14":"product_tag-kamlieka-de","15":"product_tag-kamlika-de","16":"product_tag-kamlike-de","17":"product_tag-leichte-laufjacke","18":"product_tag-leichte-wasserdichte-jacke","19":"product_tag-leichtes-lauftop","20":"product_tag-mountain-marathon-de","21":"product_tag-wasserdicht","22":"pa_color-blau","23":"pa_color-grau","24":"pa_color-grun","25":"pa_color-orange-de","26":"pa_colour-blau","27":"pa_colour-dunkelgrun","28":"pa_colour-grau","29":"pa_colour-orange-de","30":"pa_gender-mens-de","31":"pa_size-gross","32":"pa_size-klein","33":"pa_size-mittel","34":"pa_size-x-gross","35":"pa_size-x-klein","36":"pa_technology-37-5-technology","37":"pa_technology-kamleika-4-way-stretch","38":"pa_weight-200-300g","40":"first","41":"instock","42":"taxable","43":"shipping-taxable","44":"purchasable","45":"product-type-variable","46":"wvs-archive-product-wrapper"},"acf":[],"yoast_head":"<!-- This site is optimized with the Yoast SEO plugin v27.4 - https:\/\/yoast.com\/product\/yoast-seo-wordpress\/ -->\n<title>Kamleika Jacket - OMM<\/title>\n<meta name=\"description\" content=\"6. GENERATION KAMLEIKA-JACKE 4-WEGE STRETCH WASSERDICHTES SOFTSHELL, JETZT PFC- &amp; PFAS-FREI. KOMFORT &amp; SCHUTZ F\u00dcR ANSPRUCHSVOLLE BEDINGUNGEN.\" \/>\n<meta name=\"robots\" content=\"index, follow, max-snippet:-1, max-image-preview:large, max-video-preview:-1\" \/>\n<link rel=\"canonical\" href=\"https:\/\/theomm.com\/product\/kamleika-jacket\/\" \/>\n<meta property=\"og:locale\" content=\"de_DE\" \/>\n<meta property=\"og:type\" content=\"article\" \/>\n<meta property=\"og:title\" content=\"Kamleika Jacket - OMM\" \/>\n<meta property=\"og:description\" content=\"6. GENERATION KAMLEIKA-JACKE 4-WEGE STRETCH WASSERDICHTES SOFTSHELL, JETZT PFC- &amp; PFAS-FREI. KOMFORT &amp; SCHUTZ F\u00dcR ANSPRUCHSVOLLE BEDINGUNGEN.\" \/>\n<meta property=\"og:url\" content=\"https:\/\/theomm.com\/product\/kamleika-jacket\/\" \/>\n<meta property=\"og:site_name\" content=\"OMM\" \/>\n<meta property=\"article:publisher\" content=\"https:\/\/www.facebook.com\/OMMrunning?_ga=2.203172945.1541616462.1665402953-280172632.1649426001\" \/>\n<meta property=\"article:modified_time\" content=\"2025-09-10T17:04:04+00:00\" \/>\n<meta property=\"og:image\" content=\"https:\/\/theomm.com\/wp-content\/uploads\/2024\/03\/OC195_Kamleika_Jacket_Orange_Front.jpg\" \/>\n\t<meta property=\"og:image:width\" content=\"1000\" \/>\n\t<meta property=\"og:image:height\" content=\"1000\" \/>\n\t<meta property=\"og:image:type\" content=\"image\/jpeg\" \/>\n<meta name=\"twitter:card\" content=\"summary_large_image\" \/>\n<meta name=\"twitter:label1\" content=\"Gesch\u00e4tzte Lesezeit\" \/>\n\t<meta name=\"twitter:data1\" content=\"2\u00a0Minuten\" \/>\n<script type=\"application\/ld+json\" class=\"yoast-schema-graph\">{\"@context\":\"https:\\\/\\\/schema.org\",\"@graph\":[{\"@type\":\"WebPage\",\"@id\":\"https:\\\/\\\/theomm.com\\\/product\\\/kamleika-jacket\\\/\",\"url\":\"https:\\\/\\\/theomm.com\\\/product\\\/kamleika-jacket\\\/\",\"name\":\"Kamleika Jacket - OMM\",\"isPartOf\":{\"@id\":\"https:\\\/\\\/theomm.com\\\/#website\"},\"primaryImageOfPage\":{\"@id\":\"https:\\\/\\\/theomm.com\\\/product\\\/kamleika-jacket\\\/#primaryimage\"},\"image\":{\"@id\":\"https:\\\/\\\/theomm.com\\\/product\\\/kamleika-jacket\\\/#primaryimage\"},\"thumbnailUrl\":\"https:\\\/\\\/theomm.com\\\/wp-content\\\/uploads\\\/2024\\\/03\\\/OC195_Kamleika_Jacket_Orange_Front.jpg\",\"datePublished\":\"2024-10-18T15:55:11+00:00\",\"dateModified\":\"2025-09-10T17:04:04+00:00\",\"description\":\"6. GENERATION KAMLEIKA-JACKE 4-WEGE STRETCH WASSERDICHTES SOFTSHELL, JETZT PFC- & PFAS-FREI. KOMFORT & SCHUTZ F\u00dcR ANSPRUCHSVOLLE BEDINGUNGEN.\",\"breadcrumb\":{\"@id\":\"https:\\\/\\\/theomm.com\\\/product\\\/kamleika-jacket\\\/#breadcrumb\"},\"inLanguage\":\"de\",\"potentialAction\":[{\"@type\":\"ReadAction\",\"target\":[\"https:\\\/\\\/theomm.com\\\/product\\\/kamleika-jacket\\\/\"]}]},{\"@type\":\"ImageObject\",\"inLanguage\":\"de\",\"@id\":\"https:\\\/\\\/theomm.com\\\/product\\\/kamleika-jacket\\\/#primaryimage\",\"url\":\"https:\\\/\\\/theomm.com\\\/wp-content\\\/uploads\\\/2024\\\/03\\\/OC195_Kamleika_Jacket_Orange_Front.jpg\",\"contentUrl\":\"https:\\\/\\\/theomm.com\\\/wp-content\\\/uploads\\\/2024\\\/03\\\/OC195_Kamleika_Jacket_Orange_Front.jpg\",\"width\":1000,\"height\":1000},{\"@type\":\"BreadcrumbList\",\"@id\":\"https:\\\/\\\/theomm.com\\\/product\\\/kamleika-jacket\\\/#breadcrumb\",\"itemListElement\":[{\"@type\":\"ListItem\",\"position\":1,\"name\":\"Home\",\"item\":\"https:\\\/\\\/theomm.com\\\/\"},{\"@type\":\"ListItem\",\"position\":2,\"name\":\"Einkaufen\",\"item\":\"https:\\\/\\\/theomm.com\\\/original-mountain-marathon\\\/products\\\/\"},{\"@type\":\"ListItem\",\"position\":3,\"name\":\"Kamleika Jacket\"}]},{\"@type\":\"WebSite\",\"@id\":\"https:\\\/\\\/theomm.com\\\/#website\",\"url\":\"https:\\\/\\\/theomm.com\\\/\",\"name\":\"OMM\",\"description\":\"OMM is Technical clothing and equipment made for running in the mountains. Designed to the specifications of Original Mountain Marathon.\",\"alternateName\":\"Original Mountain Marathon\",\"potentialAction\":[{\"@type\":\"SearchAction\",\"target\":{\"@type\":\"EntryPoint\",\"urlTemplate\":\"https:\\\/\\\/theomm.com\\\/?s={search_term_string}\"},\"query-input\":{\"@type\":\"PropertyValueSpecification\",\"valueRequired\":true,\"valueName\":\"search_term_string\"}}],\"inLanguage\":\"de\"}]}<\/script>\n<!-- \/ Yoast SEO plugin. -->","yoast_head_json":{"title":"Kamleika Jacket - OMM","description":"6. GENERATION KAMLEIKA-JACKE 4-WEGE STRETCH WASSERDICHTES SOFTSHELL, JETZT PFC- & PFAS-FREI. KOMFORT & SCHUTZ F\u00dcR ANSPRUCHSVOLLE BEDINGUNGEN.","robots":{"index":"index","follow":"follow","max-snippet":"max-snippet:-1","max-image-preview":"max-image-preview:large","max-video-preview":"max-video-preview:-1"},"canonical":"https:\/\/theomm.com\/product\/kamleika-jacket\/","og_locale":"de_DE","og_type":"article","og_title":"Kamleika Jacket - OMM","og_description":"6. GENERATION KAMLEIKA-JACKE 4-WEGE STRETCH WASSERDICHTES SOFTSHELL, JETZT PFC- & PFAS-FREI. KOMFORT & SCHUTZ F\u00dcR ANSPRUCHSVOLLE BEDINGUNGEN.","og_url":"https:\/\/theomm.com\/product\/kamleika-jacket\/","og_site_name":"OMM","article_publisher":"https:\/\/www.facebook.com\/OMMrunning?_ga=2.203172945.1541616462.1665402953-280172632.1649426001","article_modified_time":"2025-09-10T17:04:04+00:00","og_image":[{"width":1000,"height":1000,"url":"https:\/\/theomm.com\/wp-content\/uploads\/2024\/03\/OC195_Kamleika_Jacket_Orange_Front.jpg","type":"image\/jpeg"}],"twitter_card":"summary_large_image","twitter_misc":{"Gesch\u00e4tzte Lesezeit":"2\u00a0Minuten"},"schema":{"@context":"https:\/\/schema.org","@graph":[{"@type":"WebPage","@id":"https:\/\/theomm.com\/product\/kamleika-jacket\/","url":"https:\/\/theomm.com\/product\/kamleika-jacket\/","name":"Kamleika Jacket - OMM","isPartOf":{"@id":"https:\/\/theomm.com\/#website"},"primaryImageOfPage":{"@id":"https:\/\/theomm.com\/product\/kamleika-jacket\/#primaryimage"},"image":{"@id":"https:\/\/theomm.com\/product\/kamleika-jacket\/#primaryimage"},"thumbnailUrl":"https:\/\/theomm.com\/wp-content\/uploads\/2024\/03\/OC195_Kamleika_Jacket_Orange_Front.jpg","datePublished":"2024-10-18T15:55:11+00:00","dateModified":"2025-09-10T17:04:04+00:00","description":"6. GENERATION KAMLEIKA-JACKE 4-WEGE STRETCH WASSERDICHTES SOFTSHELL, JETZT PFC- & PFAS-FREI. KOMFORT & SCHUTZ F\u00dcR ANSPRUCHSVOLLE BEDINGUNGEN.","breadcrumb":{"@id":"https:\/\/theomm.com\/product\/kamleika-jacket\/#breadcrumb"},"inLanguage":"de","potentialAction":[{"@type":"ReadAction","target":["https:\/\/theomm.com\/product\/kamleika-jacket\/"]}]},{"@type":"ImageObject","inLanguage":"de","@id":"https:\/\/theomm.com\/product\/kamleika-jacket\/#primaryimage","url":"https:\/\/theomm.com\/wp-content\/uploads\/2024\/03\/OC195_Kamleika_Jacket_Orange_Front.jpg","contentUrl":"https:\/\/theomm.com\/wp-content\/uploads\/2024\/03\/OC195_Kamleika_Jacket_Orange_Front.jpg","width":1000,"height":1000},{"@type":"BreadcrumbList","@id":"https:\/\/theomm.com\/product\/kamleika-jacket\/#breadcrumb","itemListElement":[{"@type":"ListItem","position":1,"name":"Home","item":"https:\/\/theomm.com\/"},{"@type":"ListItem","position":2,"name":"Einkaufen","item":"https:\/\/theomm.com\/original-mountain-marathon\/products\/"},{"@type":"ListItem","position":3,"name":"Kamleika Jacket"}]},{"@type":"WebSite","@id":"https:\/\/theomm.com\/#website","url":"https:\/\/theomm.com\/","name":"OMM","description":"OMM is Technical clothing and equipment made for running in the mountains. Designed to the specifications of Original Mountain Marathon.","alternateName":"Original Mountain Marathon","potentialAction":[{"@type":"SearchAction","target":{"@type":"EntryPoint","urlTemplate":"https:\/\/theomm.com\/?s={search_term_string}"},"query-input":{"@type":"PropertyValueSpecification","valueRequired":true,"valueName":"search_term_string"}}],"inLanguage":"de"}]}},"_links":{"self":[{"href":"https:\/\/theomm.com\/de\/wp-json\/wp\/v2\/product\/197863","targetHints":{"allow":["GET"]}}],"collection":[{"href":"https:\/\/theomm.com\/de\/wp-json\/wp\/v2\/product"}],"about":[{"href":"https:\/\/theomm.com\/de\/wp-json\/wp\/v2\/types\/product"}],"wp:featuredmedia":[{"embeddable":true,"href":"https:\/\/theomm.com\/de\/wp-json\/wp\/v2\/media\/181966"}],"wp:attachment":[{"href":"https:\/\/theomm.com\/de\/wp-json\/wp\/v2\/media?parent=197863"}],"wp:term":[{"taxonomy":"locations","embeddable":true,"href":"https:\/\/theomm.com\/de\/wp-json\/wp\/v2\/locations?post=197863"},{"taxonomy":"product_brand","embeddable":true,"href":"https:\/\/theomm.com\/de\/wp-json\/wp\/v2\/product_brand?post=197863"},{"taxonomy":"product_cat","embeddable":true,"href":"https:\/\/theomm.com\/de\/wp-json\/wp\/v2\/product_cat?post=197863"},{"taxonomy":"product_tag","embeddable":true,"href":"https:\/\/theomm.com\/de\/wp-json\/wp\/v2\/product_tag?post=197863"}],"curies":[{"name":"wp","href":"https:\/\/api.w.org\/{rel}","templated":true}]}}