{"id":217177,"date":"2025-11-21T11:21:11","date_gmt":"2025-11-21T11:21:11","guid":{"rendered":"https:\/\/theomm.com\/product\/fell-shoe\/"},"modified":"2026-03-05T17:53:18","modified_gmt":"2026-03-05T17:53:18","slug":"fell-shoe","status":"publish","type":"product","link":"https:\/\/theomm.com\/de\/product\/fell-shoe\/","title":{"rendered":"Fell Shoe"},"content":{"rendered":"","protected":false},"excerpt":{"rendered":"<div data-ogsb=\"rgb(255, 255, 255)\">\n<p>Nach 55 Jahren im Herzen des britischen Berglaufs hat sich OMM mit den Traktionsexperten von Vibram zusammengetan, um sein erstes Schuhwerk zu entwickeln \u2013 den Fell Shoe. Ein speziell entwickelter Fell-Laufschuh, der auf der Bergtradition und technischen Innovation von OMM basiert.<\/p>\n<p>Wir haben uns zum Ziel gesetzt, einen Schuh zu entwickeln, der Vertrauen in den Bergen schafft. Einen Schuh, der nicht zu \u00fcberholen ist. Einen Schuh, der dort Halt bietet, wo es darauf ankommt \u2013 im Schlamm, im Moor und auf unwegsamem Berggrund \u2013, egal ob Sie auf einem markierten Weg oder weit davon entfernt unterwegs sind.<\/p>\n<p>In Zusammenarbeit mit Vibram haben wir drei ihrer fortschrittlichen Traktionstechnologien mit der praktischen Erfahrung von OMM im Berglauf kombiniert, um eine extrem aggressive Sohle und ein ma\u00dfgeschneidertes Stollenprofil zu entwickeln. Die Profiltiefe reicht von 8 bis 11 mm f\u00fcr maximalen Halt auf weichem Untergrund und Felsen, w\u00e4hrend ein 4-mm-Absatz und ein Gewicht von 272 g ein leichtes, pr\u00e4zises und agiles Gef\u00fchl auf technischem Terrain vermitteln.<\/p>\n<p>Der Fell Shoe h\u00e4lt auch bei schlechten Bedingungen die Spur \u2013 beim Erklimmen durchn\u00e4sster H\u00e4nge, beim Folgen schmaler Schafspfade \u00fcber steiles Gel\u00e4nde oder beim Hinunterst\u00fcrzen bei Wetterbedingungen, die die meisten L\u00e4ufe schon vor dem Start beenden w\u00fcrden.<\/p>\n<\/div>\n","protected":false},"featured_media":215661,"template":"","meta":{"_acf_changed":false,"_et_pb_use_builder":"off","_et_pb_old_content":"<p>Der OMM Fell Shoe ist unser aggressivster Fell-Laufschuh, der mit Vibram f\u00fcr Griffigkeit in Schlamm, Moor und Fels entwickelt wurde. Entworfen f\u00fcr die Fells und Gel\u00e4nde abseits der Wege.<\/p><p>Nach 55 Jahren im Herzen des britischen Berglaufs hat sich OMM mit den Traktionsexperten von Vibram zusammengetan, um sein erstes Schuhwerk zu entwickeln \u2013 den Fell Shoe. Ein speziell entwickelter Fell-Laufschuh, der auf der Bergtradition und technischen Innovation von OMM basiert.<\/p><p>Wir haben uns zum Ziel gesetzt, einen Schuh zu entwickeln, der Vertrauen in den Bergen schafft. Einen Schuh, der nicht zu \u00fcberholen ist. Einen Schuh, der dort Halt bietet, wo es darauf ankommt \u2013 in Schlamm, Moor und unwegsamem Berggel\u00e4nde \u2013, egal ob Sie auf einem markierten Weg oder weit davon entfernt sind.<\/p><p>In Zusammenarbeit mit Vibram haben wir drei ihrer fortschrittlichen Traktionstechnologien mit der praktischen Erfahrung von OMM im Berglauf kombiniert, um eine extrem aggressive Sohle und ein ma\u00dfgeschneidertes Stollenprofil zu entwickeln. Die Profiltiefe reicht von 8 bis 11 mm f\u00fcr maximalen Halt auf weichem Untergrund und Felsen, w\u00e4hrend ein 4-mm-Absatz und ein Gewicht von 272 g ein leichtes, pr\u00e4zises und agiles Gef\u00fchl auf technischem Terrain vermitteln.<\/p><p>Der Fell Shoe h\u00e4lt auch bei schlechten Bedingungen die Spur \u2013 beim Erklimmen durchn\u00e4sster H\u00e4nge, beim Folgen schmaler Schafspfade \u00fcber steiles Gel\u00e4nde oder beim Hinunterst\u00fcrzen bei Wetterbedingungen, die die meisten L\u00e4ufe schon vor dem Start beenden w\u00fcrden.<\/p><div data-ogsb=\"rgb(255, 255, 255)\"><p><strong>STOLLENPROFIL<\/strong><\/p><p>Speziell f\u00fcr die britischen Fells entwickelt, basierend auf der umfangreichen Bergerfahrung von OMM. Der Fell Shoe verf\u00fcgt \u00fcber ein ma\u00dfgeschneidertes Stollenprofil, das beim Auf- und Abstieg, beim Queren oder Bremsen f\u00fcr hervorragende Griffigkeit sorgt. Au\u00dferdem haben wir alle Stollen versetzt angeordnet, sodass keine Sichtlinie durch die Sohle entsteht. Das bedeutet, dass alle Stollen stets gleichm\u00e4\u00dfig greifen und maximale Griffigkeit bieten.<\/p><p><br><strong>VIBRAM TRACTION LUG<\/strong><\/p><p>Die Stollen wurden mit Noppen versehen. Stollen auf Stollen, wenn man so will. Laut Vibram vergr\u00f6\u00dfern diese Noppen die Oberfl\u00e4che der Stollen um 50 % und verbessern so die Griffigkeit und Traktion. Wir finden, dass dies sehr sinnvoll ist. Wenn die Stollen in den Boden dr\u00fccken, greifen die kleineren Stollen in Bereiche ein, die einem Verrutschen entgegenwirken und die Antriebs- und Bremskraft verbessern.<\/p><\/div><div data-ogsb=\"rgb(255, 255, 255)\"><p class=\"Paragraph SCXW231105341 BCX8\" dir=\"ltr\" data-ogsc=\"rgb(71, 71, 71)\"><br><\/p><\/div><div data-ogsb=\"rgb(255, 255, 255)\"><p><strong>VIBRAM LITEBASE<\/strong><\/p><p>Vibram Litebase ist die Gummibasis des Schuhs. Leichtigkeit ist grundlegend f\u00fcr die Energieeinsparung und Leistungssteigerung: Vibram Litebase reduziert das Gesamtgewicht der Sohle um 30 % durch eine Verringerung der Sohlendicke um 50 %, wobei die Vibram-Qualit\u00e4t in Bezug auf Griffigkeit, Traktion und Haltbarkeit erhalten bleibt.<\/p><p><br><strong>VIBRAM MEGAGRIP<\/strong><\/p><p>Vibram Megagrip ist eine hochleistungsf\u00e4hige Gummimischung, die sowohl auf trockenem als auch auf nassem Untergrund unvergleichliche Griffigkeit bietet. Sie ist extrem strapazierf\u00e4hig, vermittelt Ihnen Sicherheit und Kontrolle und sorgt gleichzeitig f\u00fcr ein optimales Gleichgewicht zwischen Stabilit\u00e4t und Flexibilit\u00e4t f\u00fcr eine optimale Anpassung an den Untergrund.<\/p><\/div><div data-ogsb=\"rgb(255, 255, 255)\"><p class=\"Paragraph SCXW231105341 BCX8\" dir=\"ltr\" data-ogsc=\"rgb(71, 71, 71)\"><br><\/p><\/div><div data-ogsb=\"rgb(255, 255, 255)\"><p class=\"Paragraph SCXW231105341 BCX8\" dir=\"ltr\" data-ogsc=\"rgb(71, 71, 71)\"><b>WAVE TECHNOLOGY<\/b><\/p><\/div><div data-ogsb=\"rgb(255, 255, 255)\"><p>Durch die Verwendung einer Vibram-Au\u00dfensohle und einer Vibram-Zwischensohle k\u00f6nnen wir eine Wellenform in die Sohle des Schuhs einformen. Dies hat mehrere Vorteile: Zun\u00e4chst einmal reduziert die Welle die innere Kompression der Zwischensohle, was weniger Bewegung im Schuh und ein geringeres Risiko f\u00fcr Druckstellen und Blasen bedeutet. Au\u00dferdem verteilt sie die Energie \u00fcber die gesamte L\u00e4nge des Fu\u00dfes, gl\u00e4ttet ihn und bietet Halt w\u00e4hrend des gesamten Gangzyklus. Wenn sich Ihr Fu\u00df beugt, verringert die Welle die Scherkr\u00e4fte zwischen den Schichten des Schuhs und verl\u00e4ngert so deren Lebensdauer. Durch die Anordnung der Stollen auf dieser Welle erreichen wir schlie\u00dflich eine unterschiedliche Stollentiefe \u00fcber die gesamte Sohle \u2013 von 8 mm bis zu \u00fcber 11 mm.<\/p><p><br><strong>X-LOCK<\/strong><\/p><p>Ein verstellbares Schn\u00fcrmuster am Obermaterial, das Druckstellen am Fu\u00df reduziert. Dadurch wird die Spannung aufrechterhalten, das Vertrauen unter den F\u00fc\u00dfen gest\u00e4rkt und Reibungspunkte reduziert. Das X-Lock fixiert au\u00dferdem die Zunge und h\u00e4lt Ihren Fu\u00df auch bei steilen Abstiegen sicher, sodass Sie Ihre F\u00fc\u00dfe nicht mit engen Schn\u00fcrsenkeln \u201eeinschn\u00fcren\u201c m\u00fcssen.<\/p><\/div><div data-ogsb=\"rgb(255, 255, 255)\"><p class=\"Paragraph SCXW231105341 BCX8\" dir=\"ltr\" data-ogsc=\"rgb(71, 71, 71)\"><br><\/p><\/div><div data-ogsb=\"rgb(255, 255, 255)\"><p><strong>ROCK PLATE<\/strong><\/p><p>Eine kleine EVA-Platte ist zwischen der Mittelsohle und der Au\u00dfensohle eingebettet, wo Sie mit dem Vorfu\u00df auftreten. Diese verteilt die St\u00f6\u00dfe und sch\u00fctzt den Fu\u00df vor scharfen Steinen oder unebenem Gel\u00e4nde.<\/p><p><br><strong>SCH\u00dcTZENDES OBERMATERIAL<\/strong><\/p><p>Das robuste Obermaterial aus Ripstop-Nylon-Mesh ist mit TPU verst\u00e4rkt. TPU-Teile (Thermoplastisches Polyurethan) befinden sich an wichtigen Kontaktpunkten, um die Haltbarkeit zu verbessern, ohne die Flexibilit\u00e4t einzuschr\u00e4nken, und die Widerstandsf\u00e4higkeit gegen\u00fcber h\u00e4rtesten Bedingungen zu erh\u00f6hen. TPU wurde einer Vielzahl von Schuhkomponenten hinzugef\u00fcgt, darunter Zehenkappe, \u00d6sen und Fersenkappen, um Schutz vor Steinen, Dornen, Heidekraut und allem anderen zu bieten, was die Berge zu bieten haben.<\/p><p><br><strong>INTERNES SKELETT<\/strong><\/p><p>Im Inneren des Schuhs befindet sich ein strukturelles Skelett, das dem Schuh Halt gibt und den Fu\u00df an wichtigen Kontaktpunkten zus\u00e4tzlich sch\u00fctzt. Es befindet sich rund um die Basis des Schuhs und erstreckt sich bis in die Zehenkappe, die \u00d6sen und die Fersenkappen.<\/p><\/div><div data-ogsb=\"rgb(255, 255, 255)\"><p class=\"Paragraph SCXW231105341 BCX8\" dir=\"ltr\" data-ogsc=\"rgb(0, 0, 0)\"><br><\/p><\/div><div data-ogsb=\"rgb(255, 255, 255)\"><p><strong>EIGENSCHAFTEN<\/strong><\/p><p>Vibram Megagrip<\/p><p>Vibram Litebase<\/p><p>Vibram Traction Lug<\/p><p>X-Lock-Passformsystem<\/p><p>Felsplattenschutz<\/p><p>Atmungsaktiv<\/p><p>Wave-Technologie<\/p><p>Reflektierende Details<\/p><p>Schnelltrocknend<\/p><p><br><\/p><p><br><strong>TECHNISCHE DETAILS<\/strong><\/p><p>Farben: Orange \/ Grau<\/p><p>Material: Ripstop-Nylon<\/p><p>Profilh\u00f6he: 8\u201311 mm<\/p><p>Sohlenh\u00f6he: 23,5 mm<\/p><p>Sprengung: 4 mm<\/p><p>Gewicht: 272 g<\/p><p>Weite: Normal<\/p><\/div>","_et_gb_content_width":""},"locations":[],"product_brand":[],"product_cat":[3037,3145,3036],"product_tag":[3041,3045,3038,1123,3044,3043,3047,3040,3046,3039,3042],"class_list":{"0":"post-217177","1":"product","2":"type-product","3":"status-publish","4":"has-post-thumbnail","6":"product_cat-fell","7":"product_cat-schuhe","8":"product_cat-sko","9":"product_tag-best-grip","10":"product_tag-fell-racing-shoe","11":"product_tag-fell-shoe","12":"product_tag-fiel-rennend","13":"product_tag-litebase","14":"product_tag-megagrip","15":"product_tag-omm-shoe","16":"product_tag-running-shoe","17":"product_tag-trail-racing-shoe","18":"product_tag-trail-running","19":"product_tag-vibram","20":"pa_color-grau","21":"pa_color-orange-de","22":"pa_colour-orange-grey","23":"pa_size-36-2-3","24":"pa_size-37-1-3","25":"pa_size-2933","26":"pa_size-38-2-3","27":"pa_size-39-1-3","28":"pa_size-2942","29":"pa_size-40-2-3","30":"pa_size-41-1-3","31":"pa_size-2951","32":"pa_size-42-2-3","33":"pa_size-43-1-3","34":"pa_size-2960","35":"pa_size-44-2-3","36":"pa_size-45-1-3","37":"pa_size-2969","38":"pa_size-46-2-3","39":"pa_size-47-1-3","41":"first","42":"instock","43":"taxable","44":"shipping-taxable","45":"purchasable","46":"product-type-variable","47":"has-default-attributes","48":"wvs-archive-product-wrapper"},"acf":[],"yoast_head":"<!-- This site is optimized with the Yoast SEO plugin v27.3 - https:\/\/yoast.com\/product\/yoast-seo-wordpress\/ -->\n<title>OMM Fell-Laufschuh | Aggressiver Fell-Laufschuh<\/title>\n<meta name=\"description\" content=\"Der OMM Fell Shoe ist unser aggressivster Fell-Laufschuh, der mit Vibram f\u00fcr Griffigkeit in Schlamm, Moor und Fels ausgestattet ist. Entwickelt f\u00fcr Fells und Gel\u00e4nde abseits der Wege.\" \/>\n<meta name=\"robots\" content=\"index, follow, max-snippet:-1, max-image-preview:large, max-video-preview:-1, noarchive\" \/>\n<link rel=\"canonical\" href=\"https:\/\/theomm.com\/de\/product\/fell-shoe\/\" \/>\n<meta property=\"og:locale\" content=\"de_DE\" \/>\n<meta property=\"og:type\" content=\"article\" \/>\n<meta property=\"og:title\" content=\"OMM Fell Schuh\" \/>\n<meta property=\"og:description\" content=\"Der OMM Fell Shoe ist unser aggressivster Fell-Laufschuh, der mit Vibram f\u00fcr Griffigkeit in Schlamm, Moor und Fels ausgestattet ist. Entwickelt f\u00fcr Fells und Gel\u00e4nde abseits der Wege.\" \/>\n<meta property=\"og:url\" content=\"https:\/\/theomm.com\/de\/product\/fell-shoe\/\" \/>\n<meta property=\"og:site_name\" content=\"OMM\" \/>\n<meta property=\"article:publisher\" content=\"https:\/\/www.facebook.com\/OMMrunning?_ga=2.203172945.1541616462.1665402953-280172632.1649426001\" \/>\n<meta property=\"article:modified_time\" content=\"2026-03-05T17:53:18+00:00\" \/>\n<meta property=\"og:image\" content=\"https:\/\/theomm.com\/wp-content\/uploads\/2025\/12\/DSC01574-900x600.jpg\" \/>\n<meta name=\"twitter:card\" content=\"summary_large_image\" \/>\n<meta name=\"twitter:title\" content=\"OMM Fell Schuh\" \/>\n<meta name=\"twitter:description\" content=\"Der OMM Fell Shoe ist unser aggressivster Fell-Laufschuh, der mit Vibram f\u00fcr Griffigkeit in Schlamm, Moor und Fels ausgestattet ist. Entwickelt f\u00fcr Fells und Gel\u00e4nde abseits der Wege.\" \/>\n<meta name=\"twitter:image\" content=\"https:\/\/theomm.com\/wp-content\/uploads\/2025\/12\/DSC01574-900x600.jpg\" \/>\n<script type=\"application\/ld+json\" class=\"yoast-schema-graph\">{\"@context\":\"https:\\\/\\\/schema.org\",\"@graph\":[{\"@type\":\"WebPage\",\"@id\":\"https:\\\/\\\/theomm.com\\\/de\\\/product\\\/fell-shoe\\\/\",\"url\":\"https:\\\/\\\/theomm.com\\\/de\\\/product\\\/fell-shoe\\\/\",\"name\":\"OMM Fell-Laufschuh | Aggressiver Fell-Laufschuh\",\"isPartOf\":{\"@id\":\"https:\\\/\\\/theomm.com\\\/#website\"},\"primaryImageOfPage\":{\"@id\":\"https:\\\/\\\/theomm.com\\\/de\\\/product\\\/fell-shoe\\\/#primaryimage\"},\"image\":{\"@id\":\"https:\\\/\\\/theomm.com\\\/de\\\/product\\\/fell-shoe\\\/#primaryimage\"},\"thumbnailUrl\":\"https:\\\/\\\/theomm.com\\\/wp-content\\\/uploads\\\/2025\\\/11\\\/OSR01_Fell_Shoe_Orange_Top_Pair-scaled.jpg\",\"datePublished\":\"2025-11-21T11:21:11+00:00\",\"dateModified\":\"2026-03-05T17:53:18+00:00\",\"description\":\"Der OMM Fell Shoe ist unser aggressivster Fell-Laufschuh, der mit Vibram f\u00fcr Griffigkeit in Schlamm, Moor und Fels ausgestattet ist. Entwickelt f\u00fcr Fells und Gel\u00e4nde abseits der Wege.\",\"breadcrumb\":{\"@id\":\"https:\\\/\\\/theomm.com\\\/de\\\/product\\\/fell-shoe\\\/#breadcrumb\"},\"inLanguage\":\"de\",\"potentialAction\":[{\"@type\":\"ReadAction\",\"target\":[\"https:\\\/\\\/theomm.com\\\/de\\\/product\\\/fell-shoe\\\/\"]}]},{\"@type\":\"ImageObject\",\"inLanguage\":\"de\",\"@id\":\"https:\\\/\\\/theomm.com\\\/de\\\/product\\\/fell-shoe\\\/#primaryimage\",\"url\":\"https:\\\/\\\/theomm.com\\\/wp-content\\\/uploads\\\/2025\\\/11\\\/OSR01_Fell_Shoe_Orange_Top_Pair-scaled.jpg\",\"contentUrl\":\"https:\\\/\\\/theomm.com\\\/wp-content\\\/uploads\\\/2025\\\/11\\\/OSR01_Fell_Shoe_Orange_Top_Pair-scaled.jpg\",\"width\":2560,\"height\":2560},{\"@type\":\"BreadcrumbList\",\"@id\":\"https:\\\/\\\/theomm.com\\\/de\\\/product\\\/fell-shoe\\\/#breadcrumb\",\"itemListElement\":[{\"@type\":\"ListItem\",\"position\":1,\"name\":\"Home\",\"item\":\"https:\\\/\\\/theomm.com\\\/\"},{\"@type\":\"ListItem\",\"position\":2,\"name\":\"Einkaufen\",\"item\":\"https:\\\/\\\/theomm.com\\\/original-mountain-marathon\\\/products\\\/\"},{\"@type\":\"ListItem\",\"position\":3,\"name\":\"Fell Shoe\"}]},{\"@type\":\"WebSite\",\"@id\":\"https:\\\/\\\/theomm.com\\\/#website\",\"url\":\"https:\\\/\\\/theomm.com\\\/\",\"name\":\"OMM\",\"description\":\"OMM is Technical clothing and equipment made for running in the mountains. Designed to the specifications of Original Mountain Marathon.\",\"alternateName\":\"Original Mountain Marathon\",\"potentialAction\":[{\"@type\":\"SearchAction\",\"target\":{\"@type\":\"EntryPoint\",\"urlTemplate\":\"https:\\\/\\\/theomm.com\\\/?s={search_term_string}\"},\"query-input\":{\"@type\":\"PropertyValueSpecification\",\"valueRequired\":true,\"valueName\":\"search_term_string\"}}],\"inLanguage\":\"de\"}]}<\/script>\n<!-- \/ Yoast SEO plugin. -->","yoast_head_json":{"title":"OMM Fell-Laufschuh | Aggressiver Fell-Laufschuh","description":"Der OMM Fell Shoe ist unser aggressivster Fell-Laufschuh, der mit Vibram f\u00fcr Griffigkeit in Schlamm, Moor und Fels ausgestattet ist. Entwickelt f\u00fcr Fells und Gel\u00e4nde abseits der Wege.","robots":{"index":"index","follow":"follow","max-snippet":"max-snippet:-1","max-image-preview":"max-image-preview:large","max-video-preview":"max-video-preview:-1","archive":"noarchive"},"canonical":"https:\/\/theomm.com\/de\/product\/fell-shoe\/","og_locale":"de_DE","og_type":"article","og_title":"OMM Fell Schuh","og_description":"Der OMM Fell Shoe ist unser aggressivster Fell-Laufschuh, der mit Vibram f\u00fcr Griffigkeit in Schlamm, Moor und Fels ausgestattet ist. Entwickelt f\u00fcr Fells und Gel\u00e4nde abseits der Wege.","og_url":"https:\/\/theomm.com\/de\/product\/fell-shoe\/","og_site_name":"OMM","article_publisher":"https:\/\/www.facebook.com\/OMMrunning?_ga=2.203172945.1541616462.1665402953-280172632.1649426001","article_modified_time":"2026-03-05T17:53:18+00:00","og_image":[{"url":"https:\/\/theomm.com\/wp-content\/uploads\/2025\/12\/DSC01574-900x600.jpg","type":"","width":"","height":""}],"twitter_card":"summary_large_image","twitter_title":"OMM Fell Schuh","twitter_description":"Der OMM Fell Shoe ist unser aggressivster Fell-Laufschuh, der mit Vibram f\u00fcr Griffigkeit in Schlamm, Moor und Fels ausgestattet ist. Entwickelt f\u00fcr Fells und Gel\u00e4nde abseits der Wege.","twitter_image":"https:\/\/theomm.com\/wp-content\/uploads\/2025\/12\/DSC01574-900x600.jpg","schema":{"@context":"https:\/\/schema.org","@graph":[{"@type":"WebPage","@id":"https:\/\/theomm.com\/de\/product\/fell-shoe\/","url":"https:\/\/theomm.com\/de\/product\/fell-shoe\/","name":"OMM Fell-Laufschuh | Aggressiver Fell-Laufschuh","isPartOf":{"@id":"https:\/\/theomm.com\/#website"},"primaryImageOfPage":{"@id":"https:\/\/theomm.com\/de\/product\/fell-shoe\/#primaryimage"},"image":{"@id":"https:\/\/theomm.com\/de\/product\/fell-shoe\/#primaryimage"},"thumbnailUrl":"https:\/\/theomm.com\/wp-content\/uploads\/2025\/11\/OSR01_Fell_Shoe_Orange_Top_Pair-scaled.jpg","datePublished":"2025-11-21T11:21:11+00:00","dateModified":"2026-03-05T17:53:18+00:00","description":"Der OMM Fell Shoe ist unser aggressivster Fell-Laufschuh, der mit Vibram f\u00fcr Griffigkeit in Schlamm, Moor und Fels ausgestattet ist. Entwickelt f\u00fcr Fells und Gel\u00e4nde abseits der Wege.","breadcrumb":{"@id":"https:\/\/theomm.com\/de\/product\/fell-shoe\/#breadcrumb"},"inLanguage":"de","potentialAction":[{"@type":"ReadAction","target":["https:\/\/theomm.com\/de\/product\/fell-shoe\/"]}]},{"@type":"ImageObject","inLanguage":"de","@id":"https:\/\/theomm.com\/de\/product\/fell-shoe\/#primaryimage","url":"https:\/\/theomm.com\/wp-content\/uploads\/2025\/11\/OSR01_Fell_Shoe_Orange_Top_Pair-scaled.jpg","contentUrl":"https:\/\/theomm.com\/wp-content\/uploads\/2025\/11\/OSR01_Fell_Shoe_Orange_Top_Pair-scaled.jpg","width":2560,"height":2560},{"@type":"BreadcrumbList","@id":"https:\/\/theomm.com\/de\/product\/fell-shoe\/#breadcrumb","itemListElement":[{"@type":"ListItem","position":1,"name":"Home","item":"https:\/\/theomm.com\/"},{"@type":"ListItem","position":2,"name":"Einkaufen","item":"https:\/\/theomm.com\/original-mountain-marathon\/products\/"},{"@type":"ListItem","position":3,"name":"Fell Shoe"}]},{"@type":"WebSite","@id":"https:\/\/theomm.com\/#website","url":"https:\/\/theomm.com\/","name":"OMM","description":"OMM is Technical clothing and equipment made for running in the mountains. Designed to the specifications of Original Mountain Marathon.","alternateName":"Original Mountain Marathon","potentialAction":[{"@type":"SearchAction","target":{"@type":"EntryPoint","urlTemplate":"https:\/\/theomm.com\/?s={search_term_string}"},"query-input":{"@type":"PropertyValueSpecification","valueRequired":true,"valueName":"search_term_string"}}],"inLanguage":"de"}]}},"_links":{"self":[{"href":"https:\/\/theomm.com\/de\/wp-json\/wp\/v2\/product\/217177","targetHints":{"allow":["GET"]}}],"collection":[{"href":"https:\/\/theomm.com\/de\/wp-json\/wp\/v2\/product"}],"about":[{"href":"https:\/\/theomm.com\/de\/wp-json\/wp\/v2\/types\/product"}],"wp:featuredmedia":[{"embeddable":true,"href":"https:\/\/theomm.com\/de\/wp-json\/wp\/v2\/media\/215661"}],"wp:attachment":[{"href":"https:\/\/theomm.com\/de\/wp-json\/wp\/v2\/media?parent=217177"}],"wp:term":[{"taxonomy":"locations","embeddable":true,"href":"https:\/\/theomm.com\/de\/wp-json\/wp\/v2\/locations?post=217177"},{"taxonomy":"product_brand","embeddable":true,"href":"https:\/\/theomm.com\/de\/wp-json\/wp\/v2\/product_brand?post=217177"},{"taxonomy":"product_cat","embeddable":true,"href":"https:\/\/theomm.com\/de\/wp-json\/wp\/v2\/product_cat?post=217177"},{"taxonomy":"product_tag","embeddable":true,"href":"https:\/\/theomm.com\/de\/wp-json\/wp\/v2\/product_tag?post=217177"}],"curies":[{"name":"wp","href":"https:\/\/api.w.org\/{rel}","templated":true}]}}