{"id":3447,"date":"2021-09-16T10:50:03","date_gmt":"2021-09-16T10:50:03","guid":{"rendered":"https:\/\/theomm.com\/product\/kamleika-skirt\/"},"modified":"2026-01-03T00:03:56","modified_gmt":"2026-01-03T00:03:56","slug":"kamleika-skirt","status":"publish","type":"product","link":"https:\/\/theomm.com\/de\/product\/kamleika-skirt\/","title":{"rendered":"Kamleika Skirt"},"content":{"rendered":"","protected":false},"excerpt":{"rendered":"<p>Die perfekte Erg\u00e4nzung deiner Regenbekleidung: Der Kamleika Skirt aus unserem beliebten, weichen und dehnbaren Kamleika-Material. Im Vergleich zu einer vollst\u00e4ndigen \u00dcberhose schr\u00e4nkt er dich nicht ein. Diese Bewegungsfreiheit, die Atmungsaktivit\u00e4t, das geringe Gewicht und das kleine Packma\u00df machen den Rock zu einer leichten Wahl bei fragw\u00fcrdigen Wettervorhersagen. Der Kamleika Skirt wird \u00fcber der normalen Tight oder Shorts getragen und erweitert den Schutz vor N\u00e4sse, den du von der Regenjacke bekommst, indem er das Wasser von den wichtigsten Bewegungsbereichen fernh\u00e4lt.<\/p>\n","protected":false},"featured_media":140667,"template":"","meta":{"_acf_changed":false,"_et_pb_use_builder":"","_et_pb_old_content":"","_et_gb_content_width":""},"locations":[],"product_brand":[],"product_cat":[649,147,692,1445,2102],"product_tag":[],"class_list":{"0":"post-3447","1":"product","2":"type-product","3":"status-publish","4":"has-post-thumbnail","6":"product_cat-ausere-schicht","7":"product_cat-bekleidung-de","8":"product_cat-hosen","9":"product_cat-kamleika-de","10":"product_cat-sale-de-de","11":"pa_color-gelb","12":"pa_color-grau","13":"pa_color-marineblau","14":"pa_colour-gelb","15":"pa_colour-grau","16":"pa_colour-marineblau","17":"pa_gender-damen","18":"pa_size-regular-de","19":"pa_size-x-klein","21":"first","22":"instock","23":"taxable","24":"shipping-taxable","25":"purchasable","26":"product-type-variable","27":"wvs-archive-product-wrapper"},"acf":[],"yoast_head":"<!-- This site is optimized with the Yoast SEO plugin v27.3 - https:\/\/yoast.com\/product\/yoast-seo-wordpress\/ -->\n<title>Kamleika Skirt - OMM<\/title>\n<meta name=\"robots\" content=\"index, follow, max-snippet:-1, max-image-preview:large, max-video-preview:-1\" \/>\n<link rel=\"canonical\" href=\"https:\/\/theomm.com\/de\/product\/kamleika-skirt\/\" \/>\n<meta property=\"og:locale\" content=\"de_DE\" \/>\n<meta property=\"og:type\" content=\"article\" \/>\n<meta property=\"og:title\" content=\"Kamleika Skirt - OMM\" \/>\n<meta property=\"og:description\" content=\"Die perfekte Erg\u00e4nzung deiner Regenbekleidung: Der Kamleika Skirt aus unserem beliebten, weichen und dehnbaren Kamleika-Material. Im Vergleich zu einer vollst\u00e4ndigen \u00dcberhose schr\u00e4nkt er dich nicht ein. Diese Bewegungsfreiheit, die Atmungsaktivit\u00e4t, das geringe Gewicht und das kleine Packma\u00df machen den Rock zu einer leichten Wahl bei fragw\u00fcrdigen Wettervorhersagen. Der Kamleika Skirt wird \u00fcber der normalen Tight oder Shorts getragen und erweitert den Schutz vor N\u00e4sse, den du von der Regenjacke bekommst, indem er das Wasser von den wichtigsten Bewegungsbereichen fernh\u00e4lt.\" \/>\n<meta property=\"og:url\" content=\"https:\/\/theomm.com\/de\/product\/kamleika-skirt\/\" \/>\n<meta property=\"og:site_name\" content=\"OMM\" \/>\n<meta property=\"article:publisher\" content=\"https:\/\/www.facebook.com\/OMMrunning?_ga=2.203172945.1541616462.1665402953-280172632.1649426001\" \/>\n<meta property=\"article:modified_time\" content=\"2026-01-03T00:03:56+00:00\" \/>\n<meta property=\"og:image\" content=\"https:\/\/theomm.com\/wp-content\/uploads\/2022\/10\/NAVY_SKIRT_FRONT.jpg\" \/>\n\t<meta property=\"og:image:width\" content=\"600\" \/>\n\t<meta property=\"og:image:height\" content=\"600\" \/>\n\t<meta property=\"og:image:type\" content=\"image\/jpeg\" \/>\n<meta name=\"twitter:card\" content=\"summary_large_image\" \/>\n<script type=\"application\/ld+json\" class=\"yoast-schema-graph\">{\"@context\":\"https:\\\/\\\/schema.org\",\"@graph\":[{\"@type\":\"WebPage\",\"@id\":\"https:\\\/\\\/theomm.com\\\/de\\\/product\\\/kamleika-skirt\\\/\",\"url\":\"https:\\\/\\\/theomm.com\\\/de\\\/product\\\/kamleika-skirt\\\/\",\"name\":\"Kamleika Skirt - OMM\",\"isPartOf\":{\"@id\":\"https:\\\/\\\/theomm.com\\\/#website\"},\"primaryImageOfPage\":{\"@id\":\"https:\\\/\\\/theomm.com\\\/de\\\/product\\\/kamleika-skirt\\\/#primaryimage\"},\"image\":{\"@id\":\"https:\\\/\\\/theomm.com\\\/de\\\/product\\\/kamleika-skirt\\\/#primaryimage\"},\"thumbnailUrl\":\"https:\\\/\\\/theomm.com\\\/wp-content\\\/uploads\\\/2022\\\/10\\\/NAVY_SKIRT_FRONT.jpg\",\"datePublished\":\"2021-09-16T10:50:03+00:00\",\"dateModified\":\"2026-01-03T00:03:56+00:00\",\"breadcrumb\":{\"@id\":\"https:\\\/\\\/theomm.com\\\/de\\\/product\\\/kamleika-skirt\\\/#breadcrumb\"},\"inLanguage\":\"de\",\"potentialAction\":[{\"@type\":\"ReadAction\",\"target\":[\"https:\\\/\\\/theomm.com\\\/de\\\/product\\\/kamleika-skirt\\\/\"]}]},{\"@type\":\"ImageObject\",\"inLanguage\":\"de\",\"@id\":\"https:\\\/\\\/theomm.com\\\/de\\\/product\\\/kamleika-skirt\\\/#primaryimage\",\"url\":\"https:\\\/\\\/theomm.com\\\/wp-content\\\/uploads\\\/2022\\\/10\\\/NAVY_SKIRT_FRONT.jpg\",\"contentUrl\":\"https:\\\/\\\/theomm.com\\\/wp-content\\\/uploads\\\/2022\\\/10\\\/NAVY_SKIRT_FRONT.jpg\",\"width\":600,\"height\":600},{\"@type\":\"BreadcrumbList\",\"@id\":\"https:\\\/\\\/theomm.com\\\/de\\\/product\\\/kamleika-skirt\\\/#breadcrumb\",\"itemListElement\":[{\"@type\":\"ListItem\",\"position\":1,\"name\":\"Home\",\"item\":\"https:\\\/\\\/theomm.com\\\/\"},{\"@type\":\"ListItem\",\"position\":2,\"name\":\"Einkaufen\",\"item\":\"https:\\\/\\\/theomm.com\\\/original-mountain-marathon\\\/products\\\/\"},{\"@type\":\"ListItem\",\"position\":3,\"name\":\"Kamleika Skirt\"}]},{\"@type\":\"WebSite\",\"@id\":\"https:\\\/\\\/theomm.com\\\/#website\",\"url\":\"https:\\\/\\\/theomm.com\\\/\",\"name\":\"OMM\",\"description\":\"OMM is Technical clothing and equipment made for running in the mountains. Designed to the specifications of Original Mountain Marathon.\",\"alternateName\":\"Original Mountain Marathon\",\"potentialAction\":[{\"@type\":\"SearchAction\",\"target\":{\"@type\":\"EntryPoint\",\"urlTemplate\":\"https:\\\/\\\/theomm.com\\\/?s={search_term_string}\"},\"query-input\":{\"@type\":\"PropertyValueSpecification\",\"valueRequired\":true,\"valueName\":\"search_term_string\"}}],\"inLanguage\":\"de\"}]}<\/script>\n<!-- \/ Yoast SEO plugin. -->","yoast_head_json":{"title":"Kamleika Skirt - OMM","robots":{"index":"index","follow":"follow","max-snippet":"max-snippet:-1","max-image-preview":"max-image-preview:large","max-video-preview":"max-video-preview:-1"},"canonical":"https:\/\/theomm.com\/de\/product\/kamleika-skirt\/","og_locale":"de_DE","og_type":"article","og_title":"Kamleika Skirt - OMM","og_description":"Die perfekte Erg\u00e4nzung deiner Regenbekleidung: Der Kamleika Skirt aus unserem beliebten, weichen und dehnbaren Kamleika-Material. Im Vergleich zu einer vollst\u00e4ndigen \u00dcberhose schr\u00e4nkt er dich nicht ein. Diese Bewegungsfreiheit, die Atmungsaktivit\u00e4t, das geringe Gewicht und das kleine Packma\u00df machen den Rock zu einer leichten Wahl bei fragw\u00fcrdigen Wettervorhersagen. Der Kamleika Skirt wird \u00fcber der normalen Tight oder Shorts getragen und erweitert den Schutz vor N\u00e4sse, den du von der Regenjacke bekommst, indem er das Wasser von den wichtigsten Bewegungsbereichen fernh\u00e4lt.","og_url":"https:\/\/theomm.com\/de\/product\/kamleika-skirt\/","og_site_name":"OMM","article_publisher":"https:\/\/www.facebook.com\/OMMrunning?_ga=2.203172945.1541616462.1665402953-280172632.1649426001","article_modified_time":"2026-01-03T00:03:56+00:00","og_image":[{"width":600,"height":600,"url":"https:\/\/theomm.com\/wp-content\/uploads\/2022\/10\/NAVY_SKIRT_FRONT.jpg","type":"image\/jpeg"}],"twitter_card":"summary_large_image","schema":{"@context":"https:\/\/schema.org","@graph":[{"@type":"WebPage","@id":"https:\/\/theomm.com\/de\/product\/kamleika-skirt\/","url":"https:\/\/theomm.com\/de\/product\/kamleika-skirt\/","name":"Kamleika Skirt - OMM","isPartOf":{"@id":"https:\/\/theomm.com\/#website"},"primaryImageOfPage":{"@id":"https:\/\/theomm.com\/de\/product\/kamleika-skirt\/#primaryimage"},"image":{"@id":"https:\/\/theomm.com\/de\/product\/kamleika-skirt\/#primaryimage"},"thumbnailUrl":"https:\/\/theomm.com\/wp-content\/uploads\/2022\/10\/NAVY_SKIRT_FRONT.jpg","datePublished":"2021-09-16T10:50:03+00:00","dateModified":"2026-01-03T00:03:56+00:00","breadcrumb":{"@id":"https:\/\/theomm.com\/de\/product\/kamleika-skirt\/#breadcrumb"},"inLanguage":"de","potentialAction":[{"@type":"ReadAction","target":["https:\/\/theomm.com\/de\/product\/kamleika-skirt\/"]}]},{"@type":"ImageObject","inLanguage":"de","@id":"https:\/\/theomm.com\/de\/product\/kamleika-skirt\/#primaryimage","url":"https:\/\/theomm.com\/wp-content\/uploads\/2022\/10\/NAVY_SKIRT_FRONT.jpg","contentUrl":"https:\/\/theomm.com\/wp-content\/uploads\/2022\/10\/NAVY_SKIRT_FRONT.jpg","width":600,"height":600},{"@type":"BreadcrumbList","@id":"https:\/\/theomm.com\/de\/product\/kamleika-skirt\/#breadcrumb","itemListElement":[{"@type":"ListItem","position":1,"name":"Home","item":"https:\/\/theomm.com\/"},{"@type":"ListItem","position":2,"name":"Einkaufen","item":"https:\/\/theomm.com\/original-mountain-marathon\/products\/"},{"@type":"ListItem","position":3,"name":"Kamleika Skirt"}]},{"@type":"WebSite","@id":"https:\/\/theomm.com\/#website","url":"https:\/\/theomm.com\/","name":"OMM","description":"OMM is Technical clothing and equipment made for running in the mountains. Designed to the specifications of Original Mountain Marathon.","alternateName":"Original Mountain Marathon","potentialAction":[{"@type":"SearchAction","target":{"@type":"EntryPoint","urlTemplate":"https:\/\/theomm.com\/?s={search_term_string}"},"query-input":{"@type":"PropertyValueSpecification","valueRequired":true,"valueName":"search_term_string"}}],"inLanguage":"de"}]}},"_links":{"self":[{"href":"https:\/\/theomm.com\/de\/wp-json\/wp\/v2\/product\/3447","targetHints":{"allow":["GET"]}}],"collection":[{"href":"https:\/\/theomm.com\/de\/wp-json\/wp\/v2\/product"}],"about":[{"href":"https:\/\/theomm.com\/de\/wp-json\/wp\/v2\/types\/product"}],"wp:featuredmedia":[{"embeddable":true,"href":"https:\/\/theomm.com\/de\/wp-json\/wp\/v2\/media\/140667"}],"wp:attachment":[{"href":"https:\/\/theomm.com\/de\/wp-json\/wp\/v2\/media?parent=3447"}],"wp:term":[{"taxonomy":"locations","embeddable":true,"href":"https:\/\/theomm.com\/de\/wp-json\/wp\/v2\/locations?post=3447"},{"taxonomy":"product_brand","embeddable":true,"href":"https:\/\/theomm.com\/de\/wp-json\/wp\/v2\/product_brand?post=3447"},{"taxonomy":"product_cat","embeddable":true,"href":"https:\/\/theomm.com\/de\/wp-json\/wp\/v2\/product_cat?post=3447"},{"taxonomy":"product_tag","embeddable":true,"href":"https:\/\/theomm.com\/de\/wp-json\/wp\/v2\/product_tag?post=3447"}],"curies":[{"name":"wp","href":"https:\/\/api.w.org\/{rel}","templated":true}]}}