{"id":3503,"date":"2025-08-16T10:49:54","date_gmt":"2025-08-16T10:49:54","guid":{"rendered":"https:\/\/theomm.com\/product\/rotor-hood-jacket-w\/"},"modified":"2026-01-03T00:03:56","modified_gmt":"2026-01-03T00:03:56","slug":"rotor-hood-jacket-w-2","status":"publish","type":"product","link":"https:\/\/theomm.com\/de\/product\/rotor-hood-jacket-w-2\/","title":{"rendered":"Rotor Hood Jacket (W)"},"content":{"rendered":"","protected":false},"excerpt":{"rendered":"<p>Das Rotor Hood Jacket kombiniert den Komfort von PRIMALOFT Gold mit der Cross Core Technologie (die wir auch in unseren Schlafs\u00e4cken verwenden) mit dem leichten und weniger sperrigen PRIMALOFT ACTIVE Isolationsmaterial. Wir haben es f\u00fcr mehrt\u00e4gige L\u00e4ufe entwickelt, bei denen du eine warme Jacke f\u00fcr die \u00dcbernachtung brauchst, die im Rucksack verstaut werden kann. Sie bietet unglaublichen Komfort und W\u00e4rme f\u00fcr kalte N\u00e4chte &#8211; und gerade einmal 310 g. Das winddichte Au\u00dfenmaterial bietet zus\u00e4tzlichen Schutz und W\u00e4rmespeicherung f\u00fcr lange, kalte Abende.<\/p>\n","protected":false},"featured_media":140734,"template":"","meta":{"_acf_changed":false,"_et_pb_use_builder":"","_et_pb_old_content":"","_et_gb_content_width":""},"locations":[],"product_brand":[],"product_cat":[147,1175,700,2102,842],"product_tag":[703,701,702,705,706,707,704],"class_list":{"0":"post-3503","1":"product","2":"type-product","3":"status-publish","4":"has-post-thumbnail","6":"product_cat-bekleidung-de","7":"product_cat-core-de","8":"product_cat-isolierung","9":"product_cat-sale-de-de","10":"product_cat-schlafen","11":"product_tag-aktiv","12":"product_tag-core-de","13":"product_tag-isolierung","14":"product_tag-primaloft-de","15":"product_tag-rotor-de","16":"product_tag-rotor-jacket-de","17":"product_tag-sicherungsjacke","18":"pa_color-aqua-de","19":"pa_color-marineblau","20":"pa_colour-aqua-de","21":"pa_colour-marineblau","22":"pa_gender-damen","23":"pa_size-gross","24":"pa_size-klein","25":"pa_size-mittel","26":"pa_size-x-gross","27":"pa_size-x-klein","28":"pa_technology-point-zero","29":"pa_technology-primaloft-cross-core-gold-eco","30":"pa_technology-primaloft-active","32":"first","33":"instock","34":"taxable","35":"shipping-taxable","36":"purchasable","37":"product-type-variable","38":"wvs-archive-product-wrapper"},"acf":[],"yoast_head":"<!-- This site is optimized with the Yoast SEO plugin v27.4 - https:\/\/yoast.com\/product\/yoast-seo-wordpress\/ -->\n<title>Rotor Hood Jacket (W) - OMM<\/title>\n<meta name=\"robots\" content=\"index, follow, max-snippet:-1, max-image-preview:large, max-video-preview:-1\" \/>\n<link rel=\"canonical\" href=\"https:\/\/theomm.com\/de\/product\/rotor-hood-jacket-w-2\/\" \/>\n<meta property=\"og:locale\" content=\"de_DE\" \/>\n<meta property=\"og:type\" content=\"article\" \/>\n<meta property=\"og:title\" content=\"Rotor Hood Jacket (W) - OMM\" \/>\n<meta property=\"og:description\" content=\"Das Rotor Hood Jacket kombiniert den Komfort von PRIMALOFT Gold mit der Cross Core Technologie (die wir auch in unseren Schlafs\u00e4cken verwenden) mit dem leichten und weniger sperrigen PRIMALOFT ACTIVE Isolationsmaterial. Wir haben es f\u00fcr mehrt\u00e4gige L\u00e4ufe entwickelt, bei denen du eine warme Jacke f\u00fcr die \u00dcbernachtung brauchst, die im Rucksack verstaut werden kann. Sie bietet unglaublichen Komfort und W\u00e4rme f\u00fcr kalte N\u00e4chte - und gerade einmal 310 g. Das winddichte Au\u00dfenmaterial bietet zus\u00e4tzlichen Schutz und W\u00e4rmespeicherung f\u00fcr lange, kalte Abende.\" \/>\n<meta property=\"og:url\" content=\"https:\/\/theomm.com\/de\/product\/rotor-hood-jacket-w-2\/\" \/>\n<meta property=\"og:site_name\" content=\"OMM\" \/>\n<meta property=\"article:publisher\" content=\"https:\/\/www.facebook.com\/OMMrunning?_ga=2.203172945.1541616462.1665402953-280172632.1649426001\" \/>\n<meta property=\"article:modified_time\" content=\"2026-01-03T00:03:56+00:00\" \/>\n<meta property=\"og:image\" content=\"https:\/\/theomm.com\/wp-content\/uploads\/2022\/10\/OC170_Rotor_Hood_W_Jacket_Aqua_Front_Hood_Down.jpg\" \/>\n\t<meta property=\"og:image:width\" content=\"600\" \/>\n\t<meta property=\"og:image:height\" content=\"600\" \/>\n\t<meta property=\"og:image:type\" content=\"image\/jpeg\" \/>\n<meta name=\"twitter:card\" content=\"summary_large_image\" \/>\n<script type=\"application\/ld+json\" class=\"yoast-schema-graph\">{\"@context\":\"https:\\\/\\\/schema.org\",\"@graph\":[{\"@type\":\"WebPage\",\"@id\":\"https:\\\/\\\/theomm.com\\\/de\\\/product\\\/rotor-hood-jacket-w-2\\\/\",\"url\":\"https:\\\/\\\/theomm.com\\\/de\\\/product\\\/rotor-hood-jacket-w-2\\\/\",\"name\":\"Rotor Hood Jacket (W) - OMM\",\"isPartOf\":{\"@id\":\"https:\\\/\\\/theomm.com\\\/#website\"},\"primaryImageOfPage\":{\"@id\":\"https:\\\/\\\/theomm.com\\\/de\\\/product\\\/rotor-hood-jacket-w-2\\\/#primaryimage\"},\"image\":{\"@id\":\"https:\\\/\\\/theomm.com\\\/de\\\/product\\\/rotor-hood-jacket-w-2\\\/#primaryimage\"},\"thumbnailUrl\":\"https:\\\/\\\/theomm.com\\\/wp-content\\\/uploads\\\/2022\\\/10\\\/OC170_Rotor_Hood_W_Jacket_Aqua_Front_Hood_Down.jpg\",\"datePublished\":\"2025-08-16T10:49:54+00:00\",\"dateModified\":\"2026-01-03T00:03:56+00:00\",\"breadcrumb\":{\"@id\":\"https:\\\/\\\/theomm.com\\\/de\\\/product\\\/rotor-hood-jacket-w-2\\\/#breadcrumb\"},\"inLanguage\":\"de\",\"potentialAction\":[{\"@type\":\"ReadAction\",\"target\":[\"https:\\\/\\\/theomm.com\\\/de\\\/product\\\/rotor-hood-jacket-w-2\\\/\"]}]},{\"@type\":\"ImageObject\",\"inLanguage\":\"de\",\"@id\":\"https:\\\/\\\/theomm.com\\\/de\\\/product\\\/rotor-hood-jacket-w-2\\\/#primaryimage\",\"url\":\"https:\\\/\\\/theomm.com\\\/wp-content\\\/uploads\\\/2022\\\/10\\\/OC170_Rotor_Hood_W_Jacket_Aqua_Front_Hood_Down.jpg\",\"contentUrl\":\"https:\\\/\\\/theomm.com\\\/wp-content\\\/uploads\\\/2022\\\/10\\\/OC170_Rotor_Hood_W_Jacket_Aqua_Front_Hood_Down.jpg\",\"width\":600,\"height\":600},{\"@type\":\"BreadcrumbList\",\"@id\":\"https:\\\/\\\/theomm.com\\\/de\\\/product\\\/rotor-hood-jacket-w-2\\\/#breadcrumb\",\"itemListElement\":[{\"@type\":\"ListItem\",\"position\":1,\"name\":\"Home\",\"item\":\"https:\\\/\\\/theomm.com\\\/\"},{\"@type\":\"ListItem\",\"position\":2,\"name\":\"Einkaufen\",\"item\":\"https:\\\/\\\/theomm.com\\\/original-mountain-marathon\\\/products\\\/\"},{\"@type\":\"ListItem\",\"position\":3,\"name\":\"Rotor Hood Jacket (W)\"}]},{\"@type\":\"WebSite\",\"@id\":\"https:\\\/\\\/theomm.com\\\/#website\",\"url\":\"https:\\\/\\\/theomm.com\\\/\",\"name\":\"OMM\",\"description\":\"OMM is Technical clothing and equipment made for running in the mountains. Designed to the specifications of Original Mountain Marathon.\",\"alternateName\":\"Original Mountain Marathon\",\"potentialAction\":[{\"@type\":\"SearchAction\",\"target\":{\"@type\":\"EntryPoint\",\"urlTemplate\":\"https:\\\/\\\/theomm.com\\\/?s={search_term_string}\"},\"query-input\":{\"@type\":\"PropertyValueSpecification\",\"valueRequired\":true,\"valueName\":\"search_term_string\"}}],\"inLanguage\":\"de\"}]}<\/script>\n<!-- \/ Yoast SEO plugin. -->","yoast_head_json":{"title":"Rotor Hood Jacket (W) - OMM","robots":{"index":"index","follow":"follow","max-snippet":"max-snippet:-1","max-image-preview":"max-image-preview:large","max-video-preview":"max-video-preview:-1"},"canonical":"https:\/\/theomm.com\/de\/product\/rotor-hood-jacket-w-2\/","og_locale":"de_DE","og_type":"article","og_title":"Rotor Hood Jacket (W) - OMM","og_description":"Das Rotor Hood Jacket kombiniert den Komfort von PRIMALOFT Gold mit der Cross Core Technologie (die wir auch in unseren Schlafs\u00e4cken verwenden) mit dem leichten und weniger sperrigen PRIMALOFT ACTIVE Isolationsmaterial. Wir haben es f\u00fcr mehrt\u00e4gige L\u00e4ufe entwickelt, bei denen du eine warme Jacke f\u00fcr die \u00dcbernachtung brauchst, die im Rucksack verstaut werden kann. Sie bietet unglaublichen Komfort und W\u00e4rme f\u00fcr kalte N\u00e4chte - und gerade einmal 310 g. Das winddichte Au\u00dfenmaterial bietet zus\u00e4tzlichen Schutz und W\u00e4rmespeicherung f\u00fcr lange, kalte Abende.","og_url":"https:\/\/theomm.com\/de\/product\/rotor-hood-jacket-w-2\/","og_site_name":"OMM","article_publisher":"https:\/\/www.facebook.com\/OMMrunning?_ga=2.203172945.1541616462.1665402953-280172632.1649426001","article_modified_time":"2026-01-03T00:03:56+00:00","og_image":[{"width":600,"height":600,"url":"https:\/\/theomm.com\/wp-content\/uploads\/2022\/10\/OC170_Rotor_Hood_W_Jacket_Aqua_Front_Hood_Down.jpg","type":"image\/jpeg"}],"twitter_card":"summary_large_image","schema":{"@context":"https:\/\/schema.org","@graph":[{"@type":"WebPage","@id":"https:\/\/theomm.com\/de\/product\/rotor-hood-jacket-w-2\/","url":"https:\/\/theomm.com\/de\/product\/rotor-hood-jacket-w-2\/","name":"Rotor Hood Jacket (W) - OMM","isPartOf":{"@id":"https:\/\/theomm.com\/#website"},"primaryImageOfPage":{"@id":"https:\/\/theomm.com\/de\/product\/rotor-hood-jacket-w-2\/#primaryimage"},"image":{"@id":"https:\/\/theomm.com\/de\/product\/rotor-hood-jacket-w-2\/#primaryimage"},"thumbnailUrl":"https:\/\/theomm.com\/wp-content\/uploads\/2022\/10\/OC170_Rotor_Hood_W_Jacket_Aqua_Front_Hood_Down.jpg","datePublished":"2025-08-16T10:49:54+00:00","dateModified":"2026-01-03T00:03:56+00:00","breadcrumb":{"@id":"https:\/\/theomm.com\/de\/product\/rotor-hood-jacket-w-2\/#breadcrumb"},"inLanguage":"de","potentialAction":[{"@type":"ReadAction","target":["https:\/\/theomm.com\/de\/product\/rotor-hood-jacket-w-2\/"]}]},{"@type":"ImageObject","inLanguage":"de","@id":"https:\/\/theomm.com\/de\/product\/rotor-hood-jacket-w-2\/#primaryimage","url":"https:\/\/theomm.com\/wp-content\/uploads\/2022\/10\/OC170_Rotor_Hood_W_Jacket_Aqua_Front_Hood_Down.jpg","contentUrl":"https:\/\/theomm.com\/wp-content\/uploads\/2022\/10\/OC170_Rotor_Hood_W_Jacket_Aqua_Front_Hood_Down.jpg","width":600,"height":600},{"@type":"BreadcrumbList","@id":"https:\/\/theomm.com\/de\/product\/rotor-hood-jacket-w-2\/#breadcrumb","itemListElement":[{"@type":"ListItem","position":1,"name":"Home","item":"https:\/\/theomm.com\/"},{"@type":"ListItem","position":2,"name":"Einkaufen","item":"https:\/\/theomm.com\/original-mountain-marathon\/products\/"},{"@type":"ListItem","position":3,"name":"Rotor Hood Jacket (W)"}]},{"@type":"WebSite","@id":"https:\/\/theomm.com\/#website","url":"https:\/\/theomm.com\/","name":"OMM","description":"OMM is Technical clothing and equipment made for running in the mountains. Designed to the specifications of Original Mountain Marathon.","alternateName":"Original Mountain Marathon","potentialAction":[{"@type":"SearchAction","target":{"@type":"EntryPoint","urlTemplate":"https:\/\/theomm.com\/?s={search_term_string}"},"query-input":{"@type":"PropertyValueSpecification","valueRequired":true,"valueName":"search_term_string"}}],"inLanguage":"de"}]}},"_links":{"self":[{"href":"https:\/\/theomm.com\/de\/wp-json\/wp\/v2\/product\/3503","targetHints":{"allow":["GET"]}}],"collection":[{"href":"https:\/\/theomm.com\/de\/wp-json\/wp\/v2\/product"}],"about":[{"href":"https:\/\/theomm.com\/de\/wp-json\/wp\/v2\/types\/product"}],"wp:featuredmedia":[{"embeddable":true,"href":"https:\/\/theomm.com\/de\/wp-json\/wp\/v2\/media\/140734"}],"wp:attachment":[{"href":"https:\/\/theomm.com\/de\/wp-json\/wp\/v2\/media?parent=3503"}],"wp:term":[{"taxonomy":"locations","embeddable":true,"href":"https:\/\/theomm.com\/de\/wp-json\/wp\/v2\/locations?post=3503"},{"taxonomy":"product_brand","embeddable":true,"href":"https:\/\/theomm.com\/de\/wp-json\/wp\/v2\/product_brand?post=3503"},{"taxonomy":"product_cat","embeddable":true,"href":"https:\/\/theomm.com\/de\/wp-json\/wp\/v2\/product_cat?post=3503"},{"taxonomy":"product_tag","embeddable":true,"href":"https:\/\/theomm.com\/de\/wp-json\/wp\/v2\/product_tag?post=3503"}],"curies":[{"name":"wp","href":"https:\/\/api.w.org\/{rel}","templated":true}]}}