{"id":3543,"date":"2018-09-16T10:49:35","date_gmt":"2018-09-16T10:49:35","guid":{"rendered":"https:\/\/theomm.com\/product\/ultra-flexi-flask-500ml-straw\/"},"modified":"2024-02-05T15:43:47","modified_gmt":"2024-02-05T15:43:47","slug":"ultra-flexi-flask-500ml-straw-2","status":"publish","type":"product","link":"https:\/\/theomm.com\/de\/product\/ultra-flexi-flask-500ml-straw-2\/","title":{"rendered":"Ultra Flexi Flask 500ml + Straw"},"content":{"rendered":"","protected":false},"excerpt":{"rendered":"<p>Die Ultra Bottle wurde auf eines ausgelegt: Performance. Sie verf\u00fcgt \u00fcber das neue OMM Bei\u00dfventil mit einer gro\u00dfen \u00d6ffnung f\u00fcr einen hervorragenden Wasserfluss. Du kannst trinken, ohne das Ventil \u00f6ffnen zu m\u00fcssen. Die Bei\u00dfventile und Trinkhalme sind \u00fcbrigens austauschbar (siehe die OMM Ersatzteile), um den Lebenszyklus der Flaschen zu verl\u00e4ngern.<\/p>\n","protected":false},"featured_media":141749,"template":"","meta":{"_acf_changed":false,"_et_pb_use_builder":"","_et_pb_old_content":"","_et_gb_content_width":""},"locations":[],"product_brand":[],"product_cat":[718,837],"product_tag":[720,721,722,849,723],"class_list":{"0":"post-3543","1":"product","2":"type-product","3":"status-publish","4":"has-post-thumbnail","6":"product_cat-other-de","7":"product_cat-trinksysteme","8":"product_tag-500ml-de","9":"product_tag-flussigkeitszufuhr","10":"product_tag-soft-flask-de","11":"product_tag-sp-de","12":"product_tag-water-flask-de","14":"first","15":"outofstock","16":"taxable","17":"shipping-taxable","18":"product-type-simple"},"acf":[],"yoast_head":"<!-- This site is optimized with the Yoast SEO plugin v27.3 - https:\/\/yoast.com\/product\/yoast-seo-wordpress\/ -->\n<title>Ultra Flexi Flask 500ml + Straw - OMM<\/title>\n<meta name=\"robots\" content=\"index, follow, max-snippet:-1, max-image-preview:large, max-video-preview:-1\" \/>\n<link rel=\"canonical\" href=\"https:\/\/theomm.com\/de\/product\/ultra-flexi-flask-500ml-straw-2\/\" \/>\n<meta property=\"og:locale\" content=\"de_DE\" \/>\n<meta property=\"og:type\" content=\"article\" \/>\n<meta property=\"og:title\" content=\"Ultra Flexi Flask 500ml + Straw - OMM\" \/>\n<meta property=\"og:description\" content=\"Die Ultra Bottle wurde auf eines ausgelegt: Performance. Sie verf\u00fcgt \u00fcber das neue OMM Bei\u00dfventil mit einer gro\u00dfen \u00d6ffnung f\u00fcr einen hervorragenden Wasserfluss. Du kannst trinken, ohne das Ventil \u00f6ffnen zu m\u00fcssen. Die Bei\u00dfventile und Trinkhalme sind \u00fcbrigens austauschbar (siehe die OMM Ersatzteile), um den Lebenszyklus der Flaschen zu verl\u00e4ngern.\" \/>\n<meta property=\"og:url\" content=\"https:\/\/theomm.com\/de\/product\/ultra-flexi-flask-500ml-straw-2\/\" \/>\n<meta property=\"og:site_name\" content=\"OMM\" \/>\n<meta property=\"article:publisher\" content=\"https:\/\/www.facebook.com\/OMMrunning?_ga=2.203172945.1541616462.1665402953-280172632.1649426001\" \/>\n<meta property=\"article:modified_time\" content=\"2024-02-05T15:43:47+00:00\" \/>\n<meta property=\"og:image\" content=\"https:\/\/theomm.com\/wp-content\/uploads\/2022\/10\/OG046-Simple_0001_Flexi-Flask-500ml-straw-front.jpg\" \/>\n\t<meta property=\"og:image:width\" content=\"600\" \/>\n\t<meta property=\"og:image:height\" content=\"600\" \/>\n\t<meta property=\"og:image:type\" content=\"image\/jpeg\" \/>\n<meta name=\"twitter:card\" content=\"summary_large_image\" \/>\n<meta name=\"twitter:label1\" content=\"Gesch\u00e4tzte Lesezeit\" \/>\n\t<meta name=\"twitter:data1\" content=\"1\u00a0Minute\" \/>\n<script type=\"application\/ld+json\" class=\"yoast-schema-graph\">{\"@context\":\"https:\\\/\\\/schema.org\",\"@graph\":[{\"@type\":\"WebPage\",\"@id\":\"https:\\\/\\\/theomm.com\\\/de\\\/product\\\/ultra-flexi-flask-500ml-straw-2\\\/\",\"url\":\"https:\\\/\\\/theomm.com\\\/de\\\/product\\\/ultra-flexi-flask-500ml-straw-2\\\/\",\"name\":\"Ultra Flexi Flask 500ml + Straw - OMM\",\"isPartOf\":{\"@id\":\"https:\\\/\\\/theomm.com\\\/#website\"},\"primaryImageOfPage\":{\"@id\":\"https:\\\/\\\/theomm.com\\\/de\\\/product\\\/ultra-flexi-flask-500ml-straw-2\\\/#primaryimage\"},\"image\":{\"@id\":\"https:\\\/\\\/theomm.com\\\/de\\\/product\\\/ultra-flexi-flask-500ml-straw-2\\\/#primaryimage\"},\"thumbnailUrl\":\"https:\\\/\\\/theomm.com\\\/wp-content\\\/uploads\\\/2022\\\/10\\\/OG046-Simple_0001_Flexi-Flask-500ml-straw-front.jpg\",\"datePublished\":\"2018-09-16T10:49:35+00:00\",\"dateModified\":\"2024-02-05T15:43:47+00:00\",\"breadcrumb\":{\"@id\":\"https:\\\/\\\/theomm.com\\\/de\\\/product\\\/ultra-flexi-flask-500ml-straw-2\\\/#breadcrumb\"},\"inLanguage\":\"de\",\"potentialAction\":[{\"@type\":\"ReadAction\",\"target\":[\"https:\\\/\\\/theomm.com\\\/de\\\/product\\\/ultra-flexi-flask-500ml-straw-2\\\/\"]}]},{\"@type\":\"ImageObject\",\"inLanguage\":\"de\",\"@id\":\"https:\\\/\\\/theomm.com\\\/de\\\/product\\\/ultra-flexi-flask-500ml-straw-2\\\/#primaryimage\",\"url\":\"https:\\\/\\\/theomm.com\\\/wp-content\\\/uploads\\\/2022\\\/10\\\/OG046-Simple_0001_Flexi-Flask-500ml-straw-front.jpg\",\"contentUrl\":\"https:\\\/\\\/theomm.com\\\/wp-content\\\/uploads\\\/2022\\\/10\\\/OG046-Simple_0001_Flexi-Flask-500ml-straw-front.jpg\",\"width\":600,\"height\":600},{\"@type\":\"BreadcrumbList\",\"@id\":\"https:\\\/\\\/theomm.com\\\/de\\\/product\\\/ultra-flexi-flask-500ml-straw-2\\\/#breadcrumb\",\"itemListElement\":[{\"@type\":\"ListItem\",\"position\":1,\"name\":\"Home\",\"item\":\"https:\\\/\\\/theomm.com\\\/\"},{\"@type\":\"ListItem\",\"position\":2,\"name\":\"Einkaufen\",\"item\":\"https:\\\/\\\/theomm.com\\\/original-mountain-marathon\\\/products\\\/\"},{\"@type\":\"ListItem\",\"position\":3,\"name\":\"Ultra Flexi Flask 500ml + Straw\"}]},{\"@type\":\"WebSite\",\"@id\":\"https:\\\/\\\/theomm.com\\\/#website\",\"url\":\"https:\\\/\\\/theomm.com\\\/\",\"name\":\"OMM\",\"description\":\"OMM is Technical clothing and equipment made for running in the mountains. Designed to the specifications of Original Mountain Marathon.\",\"alternateName\":\"Original Mountain Marathon\",\"potentialAction\":[{\"@type\":\"SearchAction\",\"target\":{\"@type\":\"EntryPoint\",\"urlTemplate\":\"https:\\\/\\\/theomm.com\\\/?s={search_term_string}\"},\"query-input\":{\"@type\":\"PropertyValueSpecification\",\"valueRequired\":true,\"valueName\":\"search_term_string\"}}],\"inLanguage\":\"de\"}]}<\/script>\n<!-- \/ Yoast SEO plugin. -->","yoast_head_json":{"title":"Ultra Flexi Flask 500ml + Straw - OMM","robots":{"index":"index","follow":"follow","max-snippet":"max-snippet:-1","max-image-preview":"max-image-preview:large","max-video-preview":"max-video-preview:-1"},"canonical":"https:\/\/theomm.com\/de\/product\/ultra-flexi-flask-500ml-straw-2\/","og_locale":"de_DE","og_type":"article","og_title":"Ultra Flexi Flask 500ml + Straw - OMM","og_description":"Die Ultra Bottle wurde auf eines ausgelegt: Performance. Sie verf\u00fcgt \u00fcber das neue OMM Bei\u00dfventil mit einer gro\u00dfen \u00d6ffnung f\u00fcr einen hervorragenden Wasserfluss. Du kannst trinken, ohne das Ventil \u00f6ffnen zu m\u00fcssen. Die Bei\u00dfventile und Trinkhalme sind \u00fcbrigens austauschbar (siehe die OMM Ersatzteile), um den Lebenszyklus der Flaschen zu verl\u00e4ngern.","og_url":"https:\/\/theomm.com\/de\/product\/ultra-flexi-flask-500ml-straw-2\/","og_site_name":"OMM","article_publisher":"https:\/\/www.facebook.com\/OMMrunning?_ga=2.203172945.1541616462.1665402953-280172632.1649426001","article_modified_time":"2024-02-05T15:43:47+00:00","og_image":[{"width":600,"height":600,"url":"https:\/\/theomm.com\/wp-content\/uploads\/2022\/10\/OG046-Simple_0001_Flexi-Flask-500ml-straw-front.jpg","type":"image\/jpeg"}],"twitter_card":"summary_large_image","twitter_misc":{"Gesch\u00e4tzte Lesezeit":"1\u00a0Minute"},"schema":{"@context":"https:\/\/schema.org","@graph":[{"@type":"WebPage","@id":"https:\/\/theomm.com\/de\/product\/ultra-flexi-flask-500ml-straw-2\/","url":"https:\/\/theomm.com\/de\/product\/ultra-flexi-flask-500ml-straw-2\/","name":"Ultra Flexi Flask 500ml + Straw - OMM","isPartOf":{"@id":"https:\/\/theomm.com\/#website"},"primaryImageOfPage":{"@id":"https:\/\/theomm.com\/de\/product\/ultra-flexi-flask-500ml-straw-2\/#primaryimage"},"image":{"@id":"https:\/\/theomm.com\/de\/product\/ultra-flexi-flask-500ml-straw-2\/#primaryimage"},"thumbnailUrl":"https:\/\/theomm.com\/wp-content\/uploads\/2022\/10\/OG046-Simple_0001_Flexi-Flask-500ml-straw-front.jpg","datePublished":"2018-09-16T10:49:35+00:00","dateModified":"2024-02-05T15:43:47+00:00","breadcrumb":{"@id":"https:\/\/theomm.com\/de\/product\/ultra-flexi-flask-500ml-straw-2\/#breadcrumb"},"inLanguage":"de","potentialAction":[{"@type":"ReadAction","target":["https:\/\/theomm.com\/de\/product\/ultra-flexi-flask-500ml-straw-2\/"]}]},{"@type":"ImageObject","inLanguage":"de","@id":"https:\/\/theomm.com\/de\/product\/ultra-flexi-flask-500ml-straw-2\/#primaryimage","url":"https:\/\/theomm.com\/wp-content\/uploads\/2022\/10\/OG046-Simple_0001_Flexi-Flask-500ml-straw-front.jpg","contentUrl":"https:\/\/theomm.com\/wp-content\/uploads\/2022\/10\/OG046-Simple_0001_Flexi-Flask-500ml-straw-front.jpg","width":600,"height":600},{"@type":"BreadcrumbList","@id":"https:\/\/theomm.com\/de\/product\/ultra-flexi-flask-500ml-straw-2\/#breadcrumb","itemListElement":[{"@type":"ListItem","position":1,"name":"Home","item":"https:\/\/theomm.com\/"},{"@type":"ListItem","position":2,"name":"Einkaufen","item":"https:\/\/theomm.com\/original-mountain-marathon\/products\/"},{"@type":"ListItem","position":3,"name":"Ultra Flexi Flask 500ml + Straw"}]},{"@type":"WebSite","@id":"https:\/\/theomm.com\/#website","url":"https:\/\/theomm.com\/","name":"OMM","description":"OMM is Technical clothing and equipment made for running in the mountains. Designed to the specifications of Original Mountain Marathon.","alternateName":"Original Mountain Marathon","potentialAction":[{"@type":"SearchAction","target":{"@type":"EntryPoint","urlTemplate":"https:\/\/theomm.com\/?s={search_term_string}"},"query-input":{"@type":"PropertyValueSpecification","valueRequired":true,"valueName":"search_term_string"}}],"inLanguage":"de"}]}},"_links":{"self":[{"href":"https:\/\/theomm.com\/de\/wp-json\/wp\/v2\/product\/3543","targetHints":{"allow":["GET"]}}],"collection":[{"href":"https:\/\/theomm.com\/de\/wp-json\/wp\/v2\/product"}],"about":[{"href":"https:\/\/theomm.com\/de\/wp-json\/wp\/v2\/types\/product"}],"wp:featuredmedia":[{"embeddable":true,"href":"https:\/\/theomm.com\/de\/wp-json\/wp\/v2\/media\/141749"}],"wp:attachment":[{"href":"https:\/\/theomm.com\/de\/wp-json\/wp\/v2\/media?parent=3543"}],"wp:term":[{"taxonomy":"locations","embeddable":true,"href":"https:\/\/theomm.com\/de\/wp-json\/wp\/v2\/locations?post=3543"},{"taxonomy":"product_brand","embeddable":true,"href":"https:\/\/theomm.com\/de\/wp-json\/wp\/v2\/product_brand?post=3543"},{"taxonomy":"product_cat","embeddable":true,"href":"https:\/\/theomm.com\/de\/wp-json\/wp\/v2\/product_cat?post=3543"},{"taxonomy":"product_tag","embeddable":true,"href":"https:\/\/theomm.com\/de\/wp-json\/wp\/v2\/product_tag?post=3543"}],"curies":[{"name":"wp","href":"https:\/\/api.w.org\/{rel}","templated":true}]}}