{"id":3545,"date":"2022-03-16T10:49:26","date_gmt":"2022-03-16T10:49:26","guid":{"rendered":"https:\/\/theomm.com\/product\/ultrafire-5-vest-2-x-350ml-flexi-flask\/"},"modified":"2025-10-09T14:04:46","modified_gmt":"2025-10-09T14:04:46","slug":"ultrafire-5-vest-2-x-350ml-flexi-flask-2","status":"publish","type":"product","link":"https:\/\/theomm.com\/de\/product\/ultrafire-5-vest-2-x-350ml-flexi-flask-2\/","title":{"rendered":"UltraFire 5 Vest + 2 x 350ml Flexi Flask"},"content":{"rendered":"","protected":false},"excerpt":{"rendered":"<p>Die UltraFire Vest bietet mit ihren sieben leicht zug\u00e4nglichen Taschen gen\u00fcgend Platz f\u00fcr alles was du zum Laufen brauchst. Zus\u00e4tzlich hat sie am R\u00fccken eine 5-Liter-Rolltop-Tasche. An l\u00e4ngeren und k\u00e4lteren Tagen kannst du hier zus\u00e4tzliche Ausr\u00fcstung oder Wechselkleidung, die trocken bleiben soll, verstauen. Das ergonomische Design der UltraFire Laufweste stabilisiert sie an den Schultern und am Zwerchfell, sodass die Lunge nicht eingeschr\u00e4nkt wird. So kannst du mit voller Leistung laufen. Enth\u00e4lt zwei 350-ml-Flexi-Flaschen With all the easy on the move access as the TrailFire the UltraFire adds a 5ltr secure expandable rolltop bag on the back allowing for proper stowing of less accessed kit.<\/p>\n","protected":false},"featured_media":141171,"template":"","meta":{"_acf_changed":false,"_et_pb_use_builder":"","_et_pb_old_content":"","_et_gb_content_width":""},"locations":[1195,1196],"product_brand":[],"product_cat":[652,653],"product_tag":[664,663,656,655,727,729,728],"class_list":{"0":"post-3545","1":"product","2":"type-product","3":"status-publish","4":"has-post-thumbnail","6":"locations-eu","7":"locations-uk","8":"product_cat-packungen","9":"product_cat-laufwesten","10":"product_tag-laufweste","11":"product_tag-omm-weste","12":"product_tag-rennweste","13":"product_tag-trinkweste","14":"product_tag-ultra-fire-de","15":"product_tag-ultra-vest-de","16":"product_tag-ultrafire-de","17":"pa_color-blau","18":"pa_color-grau","19":"pa_color-orange-de","20":"pa_colour-blau","21":"pa_colour-grau","22":"pa_colour-orange-de","23":"pa_size-gross","24":"pa_size-klein","25":"pa_size-mittel","27":"first","28":"instock","29":"taxable","30":"shipping-taxable","31":"purchasable","32":"product-type-variable","33":"wvs-archive-product-wrapper"},"acf":[],"yoast_head":"<!-- This site is optimized with the Yoast SEO plugin v27.3 - https:\/\/yoast.com\/product\/yoast-seo-wordpress\/ -->\n<title>UltraFire 5 Vest + 2 x 350ml Flexi Flask - OMM<\/title>\n<meta name=\"robots\" content=\"index, follow, max-snippet:-1, max-image-preview:large, max-video-preview:-1\" \/>\n<link rel=\"canonical\" href=\"https:\/\/theomm.com\/de\/product\/ultrafire-5-vest-2-x-350ml-flexi-flask-2\/\" \/>\n<meta property=\"og:locale\" content=\"de_DE\" \/>\n<meta property=\"og:type\" content=\"article\" \/>\n<meta property=\"og:title\" content=\"UltraFire 5 Vest + 2 x 350ml Flexi Flask - OMM\" \/>\n<meta property=\"og:description\" content=\"Die UltraFire Vest bietet mit ihren sieben leicht zug\u00e4nglichen Taschen gen\u00fcgend Platz f\u00fcr alles was du zum Laufen brauchst. Zus\u00e4tzlich hat sie am R\u00fccken eine 5-Liter-Rolltop-Tasche. An l\u00e4ngeren und k\u00e4lteren Tagen kannst du hier zus\u00e4tzliche Ausr\u00fcstung oder Wechselkleidung, die trocken bleiben soll, verstauen. Das ergonomische Design der UltraFire Laufweste stabilisiert sie an den Schultern und am Zwerchfell, sodass die Lunge nicht eingeschr\u00e4nkt wird. So kannst du mit voller Leistung laufen. Enth\u00e4lt zwei 350-ml-Flexi-Flaschen With all the easy on the move access as the TrailFire the UltraFire adds a 5ltr secure expandable rolltop bag on the back allowing for proper stowing of less accessed kit.\" \/>\n<meta property=\"og:url\" content=\"https:\/\/theomm.com\/de\/product\/ultrafire-5-vest-2-x-350ml-flexi-flask-2\/\" \/>\n<meta property=\"og:site_name\" content=\"OMM\" \/>\n<meta property=\"article:publisher\" content=\"https:\/\/www.facebook.com\/OMMrunning?_ga=2.203172945.1541616462.1665402953-280172632.1649426001\" \/>\n<meta property=\"article:modified_time\" content=\"2025-10-09T14:04:46+00:00\" \/>\n<meta property=\"og:image\" content=\"https:\/\/theomm.com\/wp-content\/uploads\/2022\/10\/OF047_UltraFire_5_Vest_Blue_Bottles_Front.jpg\" \/>\n\t<meta property=\"og:image:width\" content=\"600\" \/>\n\t<meta property=\"og:image:height\" content=\"600\" \/>\n\t<meta property=\"og:image:type\" content=\"image\/jpeg\" \/>\n<meta name=\"twitter:card\" content=\"summary_large_image\" \/>\n<script type=\"application\/ld+json\" class=\"yoast-schema-graph\">{\"@context\":\"https:\\\/\\\/schema.org\",\"@graph\":[{\"@type\":\"WebPage\",\"@id\":\"https:\\\/\\\/theomm.com\\\/de\\\/product\\\/ultrafire-5-vest-2-x-350ml-flexi-flask-2\\\/\",\"url\":\"https:\\\/\\\/theomm.com\\\/de\\\/product\\\/ultrafire-5-vest-2-x-350ml-flexi-flask-2\\\/\",\"name\":\"UltraFire 5 Vest + 2 x 350ml Flexi Flask - OMM\",\"isPartOf\":{\"@id\":\"https:\\\/\\\/theomm.com\\\/#website\"},\"primaryImageOfPage\":{\"@id\":\"https:\\\/\\\/theomm.com\\\/de\\\/product\\\/ultrafire-5-vest-2-x-350ml-flexi-flask-2\\\/#primaryimage\"},\"image\":{\"@id\":\"https:\\\/\\\/theomm.com\\\/de\\\/product\\\/ultrafire-5-vest-2-x-350ml-flexi-flask-2\\\/#primaryimage\"},\"thumbnailUrl\":\"https:\\\/\\\/theomm.com\\\/wp-content\\\/uploads\\\/2022\\\/10\\\/OF047_UltraFire_5_Vest_Blue_Bottles_Front.jpg\",\"datePublished\":\"2022-03-16T10:49:26+00:00\",\"dateModified\":\"2025-10-09T14:04:46+00:00\",\"breadcrumb\":{\"@id\":\"https:\\\/\\\/theomm.com\\\/de\\\/product\\\/ultrafire-5-vest-2-x-350ml-flexi-flask-2\\\/#breadcrumb\"},\"inLanguage\":\"de\",\"potentialAction\":[{\"@type\":\"ReadAction\",\"target\":[\"https:\\\/\\\/theomm.com\\\/de\\\/product\\\/ultrafire-5-vest-2-x-350ml-flexi-flask-2\\\/\"]}]},{\"@type\":\"ImageObject\",\"inLanguage\":\"de\",\"@id\":\"https:\\\/\\\/theomm.com\\\/de\\\/product\\\/ultrafire-5-vest-2-x-350ml-flexi-flask-2\\\/#primaryimage\",\"url\":\"https:\\\/\\\/theomm.com\\\/wp-content\\\/uploads\\\/2022\\\/10\\\/OF047_UltraFire_5_Vest_Blue_Bottles_Front.jpg\",\"contentUrl\":\"https:\\\/\\\/theomm.com\\\/wp-content\\\/uploads\\\/2022\\\/10\\\/OF047_UltraFire_5_Vest_Blue_Bottles_Front.jpg\",\"width\":600,\"height\":600},{\"@type\":\"BreadcrumbList\",\"@id\":\"https:\\\/\\\/theomm.com\\\/de\\\/product\\\/ultrafire-5-vest-2-x-350ml-flexi-flask-2\\\/#breadcrumb\",\"itemListElement\":[{\"@type\":\"ListItem\",\"position\":1,\"name\":\"Home\",\"item\":\"https:\\\/\\\/theomm.com\\\/\"},{\"@type\":\"ListItem\",\"position\":2,\"name\":\"Einkaufen\",\"item\":\"https:\\\/\\\/theomm.com\\\/original-mountain-marathon\\\/products\\\/\"},{\"@type\":\"ListItem\",\"position\":3,\"name\":\"UltraFire 5 Vest + 2 x 350ml Flexi Flask\"}]},{\"@type\":\"WebSite\",\"@id\":\"https:\\\/\\\/theomm.com\\\/#website\",\"url\":\"https:\\\/\\\/theomm.com\\\/\",\"name\":\"OMM\",\"description\":\"OMM is Technical clothing and equipment made for running in the mountains. Designed to the specifications of Original Mountain Marathon.\",\"alternateName\":\"Original Mountain Marathon\",\"potentialAction\":[{\"@type\":\"SearchAction\",\"target\":{\"@type\":\"EntryPoint\",\"urlTemplate\":\"https:\\\/\\\/theomm.com\\\/?s={search_term_string}\"},\"query-input\":{\"@type\":\"PropertyValueSpecification\",\"valueRequired\":true,\"valueName\":\"search_term_string\"}}],\"inLanguage\":\"de\"}]}<\/script>\n<!-- \/ Yoast SEO plugin. -->","yoast_head_json":{"title":"UltraFire 5 Vest + 2 x 350ml Flexi Flask - OMM","robots":{"index":"index","follow":"follow","max-snippet":"max-snippet:-1","max-image-preview":"max-image-preview:large","max-video-preview":"max-video-preview:-1"},"canonical":"https:\/\/theomm.com\/de\/product\/ultrafire-5-vest-2-x-350ml-flexi-flask-2\/","og_locale":"de_DE","og_type":"article","og_title":"UltraFire 5 Vest + 2 x 350ml Flexi Flask - OMM","og_description":"Die UltraFire Vest bietet mit ihren sieben leicht zug\u00e4nglichen Taschen gen\u00fcgend Platz f\u00fcr alles was du zum Laufen brauchst. Zus\u00e4tzlich hat sie am R\u00fccken eine 5-Liter-Rolltop-Tasche. An l\u00e4ngeren und k\u00e4lteren Tagen kannst du hier zus\u00e4tzliche Ausr\u00fcstung oder Wechselkleidung, die trocken bleiben soll, verstauen. Das ergonomische Design der UltraFire Laufweste stabilisiert sie an den Schultern und am Zwerchfell, sodass die Lunge nicht eingeschr\u00e4nkt wird. So kannst du mit voller Leistung laufen. Enth\u00e4lt zwei 350-ml-Flexi-Flaschen With all the easy on the move access as the TrailFire the UltraFire adds a 5ltr secure expandable rolltop bag on the back allowing for proper stowing of less accessed kit.","og_url":"https:\/\/theomm.com\/de\/product\/ultrafire-5-vest-2-x-350ml-flexi-flask-2\/","og_site_name":"OMM","article_publisher":"https:\/\/www.facebook.com\/OMMrunning?_ga=2.203172945.1541616462.1665402953-280172632.1649426001","article_modified_time":"2025-10-09T14:04:46+00:00","og_image":[{"width":600,"height":600,"url":"https:\/\/theomm.com\/wp-content\/uploads\/2022\/10\/OF047_UltraFire_5_Vest_Blue_Bottles_Front.jpg","type":"image\/jpeg"}],"twitter_card":"summary_large_image","schema":{"@context":"https:\/\/schema.org","@graph":[{"@type":"WebPage","@id":"https:\/\/theomm.com\/de\/product\/ultrafire-5-vest-2-x-350ml-flexi-flask-2\/","url":"https:\/\/theomm.com\/de\/product\/ultrafire-5-vest-2-x-350ml-flexi-flask-2\/","name":"UltraFire 5 Vest + 2 x 350ml Flexi Flask - OMM","isPartOf":{"@id":"https:\/\/theomm.com\/#website"},"primaryImageOfPage":{"@id":"https:\/\/theomm.com\/de\/product\/ultrafire-5-vest-2-x-350ml-flexi-flask-2\/#primaryimage"},"image":{"@id":"https:\/\/theomm.com\/de\/product\/ultrafire-5-vest-2-x-350ml-flexi-flask-2\/#primaryimage"},"thumbnailUrl":"https:\/\/theomm.com\/wp-content\/uploads\/2022\/10\/OF047_UltraFire_5_Vest_Blue_Bottles_Front.jpg","datePublished":"2022-03-16T10:49:26+00:00","dateModified":"2025-10-09T14:04:46+00:00","breadcrumb":{"@id":"https:\/\/theomm.com\/de\/product\/ultrafire-5-vest-2-x-350ml-flexi-flask-2\/#breadcrumb"},"inLanguage":"de","potentialAction":[{"@type":"ReadAction","target":["https:\/\/theomm.com\/de\/product\/ultrafire-5-vest-2-x-350ml-flexi-flask-2\/"]}]},{"@type":"ImageObject","inLanguage":"de","@id":"https:\/\/theomm.com\/de\/product\/ultrafire-5-vest-2-x-350ml-flexi-flask-2\/#primaryimage","url":"https:\/\/theomm.com\/wp-content\/uploads\/2022\/10\/OF047_UltraFire_5_Vest_Blue_Bottles_Front.jpg","contentUrl":"https:\/\/theomm.com\/wp-content\/uploads\/2022\/10\/OF047_UltraFire_5_Vest_Blue_Bottles_Front.jpg","width":600,"height":600},{"@type":"BreadcrumbList","@id":"https:\/\/theomm.com\/de\/product\/ultrafire-5-vest-2-x-350ml-flexi-flask-2\/#breadcrumb","itemListElement":[{"@type":"ListItem","position":1,"name":"Home","item":"https:\/\/theomm.com\/"},{"@type":"ListItem","position":2,"name":"Einkaufen","item":"https:\/\/theomm.com\/original-mountain-marathon\/products\/"},{"@type":"ListItem","position":3,"name":"UltraFire 5 Vest + 2 x 350ml Flexi Flask"}]},{"@type":"WebSite","@id":"https:\/\/theomm.com\/#website","url":"https:\/\/theomm.com\/","name":"OMM","description":"OMM is Technical clothing and equipment made for running in the mountains. Designed to the specifications of Original Mountain Marathon.","alternateName":"Original Mountain Marathon","potentialAction":[{"@type":"SearchAction","target":{"@type":"EntryPoint","urlTemplate":"https:\/\/theomm.com\/?s={search_term_string}"},"query-input":{"@type":"PropertyValueSpecification","valueRequired":true,"valueName":"search_term_string"}}],"inLanguage":"de"}]}},"_links":{"self":[{"href":"https:\/\/theomm.com\/de\/wp-json\/wp\/v2\/product\/3545","targetHints":{"allow":["GET"]}}],"collection":[{"href":"https:\/\/theomm.com\/de\/wp-json\/wp\/v2\/product"}],"about":[{"href":"https:\/\/theomm.com\/de\/wp-json\/wp\/v2\/types\/product"}],"wp:featuredmedia":[{"embeddable":true,"href":"https:\/\/theomm.com\/de\/wp-json\/wp\/v2\/media\/141171"}],"wp:attachment":[{"href":"https:\/\/theomm.com\/de\/wp-json\/wp\/v2\/media?parent=3545"}],"wp:term":[{"taxonomy":"locations","embeddable":true,"href":"https:\/\/theomm.com\/de\/wp-json\/wp\/v2\/locations?post=3545"},{"taxonomy":"product_brand","embeddable":true,"href":"https:\/\/theomm.com\/de\/wp-json\/wp\/v2\/product_brand?post=3545"},{"taxonomy":"product_cat","embeddable":true,"href":"https:\/\/theomm.com\/de\/wp-json\/wp\/v2\/product_cat?post=3545"},{"taxonomy":"product_tag","embeddable":true,"href":"https:\/\/theomm.com\/de\/wp-json\/wp\/v2\/product_tag?post=3545"}],"curies":[{"name":"wp","href":"https:\/\/api.w.org\/{rel}","templated":true}]}}