{"id":163372,"date":"2019-11-11T10:53:45","date_gmt":"2019-11-11T10:53:45","guid":{"rendered":"https:\/\/theomm.com\/tack\/"},"modified":"2023-06-12T09:38:27","modified_gmt":"2023-06-12T09:38:27","slug":"tack","status":"publish","type":"page","link":"https:\/\/theomm.com\/sv\/tack\/","title":{"rendered":"Tack"},"content":{"rendered":"<p>[et_pb_section fb_built=&#8221;1&#8243; _builder_version=&#8221;4.19.4&#8243; _module_preset=&#8221;default&#8221; background_image=&#8221;https:\/\/theomm.com\/wp-content\/uploads\/2022\/11\/MicrosoftTeams-image-61.jpg&#8221; min_height=&#8221;40vh&#8221; background_last_edited=&#8221;on|phone&#8221; background_image_phone=&#8221;https:\/\/theomm.com\/wp-content\/uploads\/2023\/01\/MicrosoftTeams-image-64.jpg&#8221; background_enable_image_phone=&#8221;on&#8221; global_colors_info=&#8221;{}&#8221;][et_pb_row _builder_version=&#8221;4.18.1&#8243; _module_preset=&#8221;default&#8221; global_colors_info=&#8221;{}&#8221;][et_pb_column type=&#8221;4_4&#8243; _builder_version=&#8221;4.18.1&#8243; _module_preset=&#8221;default&#8221; global_colors_info=&#8221;{}&#8221;][\/et_pb_column][\/et_pb_row][\/et_pb_section][et_pb_section fb_built=&#8221;1&#8243; _builder_version=&#8221;4.18.1&#8243; _module_preset=&#8221;default&#8221; custom_padding=&#8221;2vh||0px||false|false&#8221; global_colors_info=&#8221;{}&#8221;][et_pb_row _builder_version=&#8221;4.18.1&#8243; _module_preset=&#8221;default&#8221; global_colors_info=&#8221;{}&#8221;][et_pb_column type=&#8221;4_4&#8243; _builder_version=&#8221;4.18.1&#8243; _module_preset=&#8221;default&#8221; global_colors_info=&#8221;{}&#8221;][et_pb_text _builder_version=&#8221;4.18.1&#8243; _module_preset=&#8221;default&#8221; header_font=&#8221;|600||on|||||&#8221; header_text_align=&#8221;center&#8221; custom_margin=&#8221;||5vh||false|false&#8221; global_colors_info=&#8221;{}&#8221;]<\/p>\n<p>Vi har mottagit din best\u00e4llning.<\/p>\n<p>[\/et_pb_text][et_pb_text _builder_version=&#8221;4.21.0&#8243; _module_preset=&#8221;default&#8221; hover_enabled=&#8221;0&#8243; global_colors_info=&#8221;{}&#8221; sticky_enabled=&#8221;0&#8243;]<\/p>\n<p>Du kommer att f\u00e5 en bekr\u00e4ftelse p\u00e5 din best\u00e4llning via e-post och vi kommer att skicka dig sp\u00e5rningsinformation n\u00e4r best\u00e4llningen har skickats.<\/p>\n<p>[\/et_pb_text][et_pb_text _builder_version=&#8221;4.18.1&#8243; _module_preset=&#8221;default&#8221; custom_margin=&#8221;5vh||||false|false&#8221; global_colors_info=&#8221;{}&#8221;]<\/p>\n<p>Tack f\u00f6r att du handlar hos oss.<\/p>\n<p>[\/et_pb_text][\/et_pb_column][\/et_pb_row][\/et_pb_section]<\/p>\n","protected":false},"excerpt":{"rendered":"<p>Vi har mottagit din best\u00e4llning.Du kommer att f\u00e5 en bekr\u00e4ftelse p\u00e5 din best\u00e4llning via e-post och vi kommer att skicka dig sp\u00e5rningsinformation n\u00e4r best\u00e4llningen har skickats.Tack f\u00f6r att du handlar hos oss.<\/p>\n","protected":false},"author":1,"featured_media":0,"parent":0,"menu_order":0,"comment_status":"closed","ping_status":"closed","template":"","meta":{"_acf_changed":false,"_et_pb_use_builder":"on","_et_pb_old_content":"","_et_gb_content_width":"","footnotes":""},"class_list":["post-163372","page","type-page","status-publish","hentry"],"acf":[],"yoast_head":"<!-- This site is optimized with the Yoast SEO plugin v27.3 - https:\/\/yoast.com\/product\/yoast-seo-wordpress\/ -->\n<title>Tack - OMM<\/title>\n<meta name=\"robots\" content=\"index, follow, max-snippet:-1, max-image-preview:large, max-video-preview:-1\" \/>\n<link rel=\"canonical\" href=\"https:\/\/theomm.com\/thank-you\/\" \/>\n<meta property=\"og:locale\" content=\"sv_SE\" \/>\n<meta property=\"og:type\" content=\"article\" \/>\n<meta property=\"og:title\" content=\"Tack - OMM\" \/>\n<meta property=\"og:description\" content=\"Vi har mottagit din best\u00e4llning.Du kommer att f\u00e5 en bekr\u00e4ftelse p\u00e5 din best\u00e4llning via e-post och vi kommer att skicka dig sp\u00e5rningsinformation n\u00e4r best\u00e4llningen har skickats.Tack f\u00f6r att du handlar hos oss.\" \/>\n<meta property=\"og:url\" content=\"https:\/\/theomm.com\/thank-you\/\" \/>\n<meta property=\"og:site_name\" content=\"OMM\" \/>\n<meta property=\"article:publisher\" content=\"https:\/\/www.facebook.com\/OMMrunning?_ga=2.203172945.1541616462.1665402953-280172632.1649426001\" \/>\n<meta property=\"article:modified_time\" content=\"2023-06-12T09:38:27+00:00\" \/>\n<meta name=\"twitter:card\" content=\"summary_large_image\" \/>\n<meta name=\"twitter:label1\" content=\"Ber\u00e4knad l\u00e4stid\" \/>\n\t<meta name=\"twitter:data1\" content=\"1 minute\" \/>\n<script type=\"application\/ld+json\" class=\"yoast-schema-graph\">{\"@context\":\"https:\\\/\\\/schema.org\",\"@graph\":[{\"@type\":\"WebPage\",\"@id\":\"https:\\\/\\\/theomm.com\\\/thank-you\\\/\",\"url\":\"https:\\\/\\\/theomm.com\\\/thank-you\\\/\",\"name\":\"Tack - OMM\",\"isPartOf\":{\"@id\":\"https:\\\/\\\/theomm.com\\\/#website\"},\"datePublished\":\"2019-11-11T10:53:45+00:00\",\"dateModified\":\"2023-06-12T09:38:27+00:00\",\"breadcrumb\":{\"@id\":\"https:\\\/\\\/theomm.com\\\/thank-you\\\/#breadcrumb\"},\"inLanguage\":\"sv-SE\",\"potentialAction\":[{\"@type\":\"ReadAction\",\"target\":[\"https:\\\/\\\/theomm.com\\\/thank-you\\\/\"]}]},{\"@type\":\"BreadcrumbList\",\"@id\":\"https:\\\/\\\/theomm.com\\\/thank-you\\\/#breadcrumb\",\"itemListElement\":[{\"@type\":\"ListItem\",\"position\":1,\"name\":\"Home\",\"item\":\"https:\\\/\\\/theomm.com\\\/sv\\\/original-mountain-marathon\\\/\"},{\"@type\":\"ListItem\",\"position\":2,\"name\":\"Tack\"}]},{\"@type\":\"WebSite\",\"@id\":\"https:\\\/\\\/theomm.com\\\/#website\",\"url\":\"https:\\\/\\\/theomm.com\\\/\",\"name\":\"OMM\",\"description\":\"OMM is Technical clothing and equipment made for running in the mountains. Designed to the specifications of Original Mountain Marathon.\",\"alternateName\":\"Original Mountain Marathon\",\"potentialAction\":[{\"@type\":\"SearchAction\",\"target\":{\"@type\":\"EntryPoint\",\"urlTemplate\":\"https:\\\/\\\/theomm.com\\\/?s={search_term_string}\"},\"query-input\":{\"@type\":\"PropertyValueSpecification\",\"valueRequired\":true,\"valueName\":\"search_term_string\"}}],\"inLanguage\":\"sv-SE\"}]}<\/script>\n<!-- \/ Yoast SEO plugin. -->","yoast_head_json":{"title":"Tack - OMM","robots":{"index":"index","follow":"follow","max-snippet":"max-snippet:-1","max-image-preview":"max-image-preview:large","max-video-preview":"max-video-preview:-1"},"canonical":"https:\/\/theomm.com\/thank-you\/","og_locale":"sv_SE","og_type":"article","og_title":"Tack - OMM","og_description":"Vi har mottagit din best\u00e4llning.Du kommer att f\u00e5 en bekr\u00e4ftelse p\u00e5 din best\u00e4llning via e-post och vi kommer att skicka dig sp\u00e5rningsinformation n\u00e4r best\u00e4llningen har skickats.Tack f\u00f6r att du handlar hos oss.","og_url":"https:\/\/theomm.com\/thank-you\/","og_site_name":"OMM","article_publisher":"https:\/\/www.facebook.com\/OMMrunning?_ga=2.203172945.1541616462.1665402953-280172632.1649426001","article_modified_time":"2023-06-12T09:38:27+00:00","twitter_card":"summary_large_image","twitter_misc":{"Ber\u00e4knad l\u00e4stid":"1 minute"},"schema":{"@context":"https:\/\/schema.org","@graph":[{"@type":"WebPage","@id":"https:\/\/theomm.com\/thank-you\/","url":"https:\/\/theomm.com\/thank-you\/","name":"Tack - OMM","isPartOf":{"@id":"https:\/\/theomm.com\/#website"},"datePublished":"2019-11-11T10:53:45+00:00","dateModified":"2023-06-12T09:38:27+00:00","breadcrumb":{"@id":"https:\/\/theomm.com\/thank-you\/#breadcrumb"},"inLanguage":"sv-SE","potentialAction":[{"@type":"ReadAction","target":["https:\/\/theomm.com\/thank-you\/"]}]},{"@type":"BreadcrumbList","@id":"https:\/\/theomm.com\/thank-you\/#breadcrumb","itemListElement":[{"@type":"ListItem","position":1,"name":"Home","item":"https:\/\/theomm.com\/sv\/original-mountain-marathon\/"},{"@type":"ListItem","position":2,"name":"Tack"}]},{"@type":"WebSite","@id":"https:\/\/theomm.com\/#website","url":"https:\/\/theomm.com\/","name":"OMM","description":"OMM is Technical clothing and equipment made for running in the mountains. Designed to the specifications of Original Mountain Marathon.","alternateName":"Original Mountain Marathon","potentialAction":[{"@type":"SearchAction","target":{"@type":"EntryPoint","urlTemplate":"https:\/\/theomm.com\/?s={search_term_string}"},"query-input":{"@type":"PropertyValueSpecification","valueRequired":true,"valueName":"search_term_string"}}],"inLanguage":"sv-SE"}]}},"_links":{"self":[{"href":"https:\/\/theomm.com\/sv\/wp-json\/wp\/v2\/pages\/163372","targetHints":{"allow":["GET"]}}],"collection":[{"href":"https:\/\/theomm.com\/sv\/wp-json\/wp\/v2\/pages"}],"about":[{"href":"https:\/\/theomm.com\/sv\/wp-json\/wp\/v2\/types\/page"}],"author":[{"embeddable":true,"href":"https:\/\/theomm.com\/sv\/wp-json\/wp\/v2\/users\/1"}],"replies":[{"embeddable":true,"href":"https:\/\/theomm.com\/sv\/wp-json\/wp\/v2\/comments?post=163372"}],"version-history":[{"count":0,"href":"https:\/\/theomm.com\/sv\/wp-json\/wp\/v2\/pages\/163372\/revisions"}],"wp:attachment":[{"href":"https:\/\/theomm.com\/sv\/wp-json\/wp\/v2\/media?parent=163372"}],"curies":[{"name":"wp","href":"https:\/\/api.w.org\/{rel}","templated":true}]}}