{"id":163378,"date":"2019-03-11T11:29:50","date_gmt":"2019-03-11T11:29:50","guid":{"rendered":"https:\/\/theomm.com\/produktvardinstruktioner\/"},"modified":"2025-01-13T13:43:33","modified_gmt":"2025-01-13T13:43:33","slug":"produktvardinstruktioner","status":"publish","type":"page","link":"https:\/\/theomm.com\/sv\/produktvardinstruktioner\/","title":{"rendered":"Produktv\u00e5rdinstruktioner"},"content":{"rendered":"<p>[et_pb_section fb_built=&#8221;1&#8243; admin_label=&#8221;section&#8221; _builder_version=&#8221;4.27.4&#8243; background_image=&#8221;https:\/\/theomm.com\/wp-content\/uploads\/2024\/03\/womens_grey_header.jpg&#8221; global_colors_info=&#8221;{}&#8221;][et_pb_row admin_label=&#8221;rad&#8221; _builder_version=&#8221;4.16&#8243; background_size=&#8221;initial&#8221; background_position=&#8221;top_left&#8221; background_repeat=&#8221;repeat&#8221; global_colors_info=&#8221;{}&#8221;][et_pb_column type=&#8221;4_4&#8243; _builder_version=&#8221;4.16&#8243; custom_padding=&#8221;|||&#8221; global_colors_info=&#8221;{}&#8221; custom_padding__hover=&#8221;|||&#8221;][et_pb_text _builder_version=&#8221;4.27.4&#8243; _module_preset=&#8221;default&#8221; header_text_align=&#8221;center&#8221; header_font_size=&#8221;50px&#8221; custom_padding=&#8221;15vh||15vh||true|false&#8221; hover_enabled=&#8221;0&#8243; global_colors_info=&#8221;{}&#8221; sticky_enabled=&#8221;0&#8243;]<\/p>\n<h1 style=\"text-align: center;\"><span style=\"color: #ffffff;\">PRODUCT CARE GUIDE\u00a0<\/span><\/h1>\n<p>[\/et_pb_text][\/et_pb_column][\/et_pb_row][\/et_pb_section][et_pb_section fb_built=&#8221;1&#8243; _builder_version=&#8221;4.18.0&#8243; _module_preset=&#8221;default&#8221; global_colors_info=&#8221;{}&#8221;][et_pb_row column_structure=&#8221;1_3,1_3,1_3&#8243; _builder_version=&#8221;4.27.4&#8243; _module_preset=&#8221;default&#8221; global_colors_info=&#8221;{}&#8221;][et_pb_column type=&#8221;1_3&#8243; _builder_version=&#8221;4.27.4&#8243; _module_preset=&#8221;default&#8221; global_colors_info=&#8221;{}&#8221;][et_pb_image src=&#8221;https:\/\/theomm.com\/wp-content\/uploads\/2025\/01\/beading-1.jpg&#8221; title_text=&#8221;beading&#8221; _builder_version=&#8221;4.27.4&#8243; _module_preset=&#8221;default&#8221; width=&#8221;100%&#8221; custom_padding=&#8221;|0px||||&#8221; global_colors_info=&#8221;{}&#8221;][\/et_pb_image][\/et_pb_column][et_pb_column type=&#8221;1_3&#8243; _builder_version=&#8221;4.27.4&#8243; _module_preset=&#8221;default&#8221; global_colors_info=&#8221;{}&#8221;][et_pb_text _builder_version=&#8221;4.27.4&#8243; _module_preset=&#8221;default&#8221; custom_padding=&#8221;|30px||30px|false|false&#8221; global_colors_info=&#8221;{}&#8221;]<\/p>\n<p>Alla v\u00e5ra produkter \u00e4r utformade f\u00f6r att ge exceptionellt v\u00e4derskydd och andningsf\u00f6rm\u00e5ga s\u00e5 att du kan stanna kvar i bergen l\u00e4ngre.<\/p>\n<p>\u00c4ven om m\u00e5nga m\u00e4nniskor oroar sig f\u00f6r att reng\u00f6ra sina tekniska kl\u00e4der \u00e4r det viktigt att h\u00e5lla koll p\u00e5 produktv\u00e5rden. Men f\u00f6r att du ska f\u00e5 ut mesta m\u00f6jliga av din utrustning och f\u00f6r att den ska fungera \u00e4nnu l\u00e4ngre har vi sammanst\u00e4llt n\u00e5gra enkla tips f\u00f6r rutinm\u00e4ssig produktv\u00e5rd och underh\u00e5ll.<\/p>\n<p style=\"background: white;\">\u00a0<\/p>\n<p style=\"background: white;\">\u00a0<\/p>\n<p>[\/et_pb_text][\/et_pb_column][et_pb_column type=&#8221;1_3&#8243; _builder_version=&#8221;4.27.4&#8243; _module_preset=&#8221;default&#8221; global_colors_info=&#8221;{}&#8221;][et_pb_image src=&#8221;https:\/\/theomm.com\/wp-content\/uploads\/2025\/01\/beading-2-1.jpg&#8221; title_text=&#8221;beading 2&#8243; align=&#8221;right&#8221; _builder_version=&#8221;4.27.4&#8243; _module_preset=&#8221;default&#8221; width=&#8221;100%&#8221; global_colors_info=&#8221;{}&#8221;][\/et_pb_image][\/et_pb_column][\/et_pb_row][et_pb_row _builder_version=&#8221;4.27.4&#8243; _module_preset=&#8221;default&#8221; global_colors_info=&#8221;{}&#8221;][et_pb_column type=&#8221;4_4&#8243; _builder_version=&#8221;4.27.4&#8243; _module_preset=&#8221;default&#8221; global_colors_info=&#8221;{}&#8221;][et_pb_accordion _builder_version=&#8221;4.27.4&#8243; _module_preset=&#8221;default&#8221; hover_enabled=&#8221;0&#8243; global_colors_info=&#8221;{}&#8221; toggle_level=&#8221;h2&#8243; sticky_enabled=&#8221;0&#8243;][et_pb_accordion_item title=&#8221;VARF\u00d6R SKA JAG TV\u00c4TTA MIN UTRUSTNING?&#8221; _builder_version=&#8221;4.27.4&#8243; _module_preset=&#8221;default&#8221; global_colors_info=&#8221;{}&#8221; open=&#8221;on&#8221;]<\/p>\n<p>Det finns tre huvudsakliga fallgropar med att inte tv\u00e4tta dina OMM-plagg:<\/p>\n<p>F\u00f6rs\u00e4mrad prestanda: En ansamling av smuts och andra ytf\u00f6roreningar som kroppsolja, salt, solskyddsmedel och svett kan minska effektiviteten hos textilens DWR-behandling (durable water-repellent), vilket p\u00e5verkar prestanda och andningsf\u00f6rm\u00e5ga. Smuts g\u00f6r ocks\u00e5 att vattenmolekyler kan dras in i ansiktstyget, vilket m\u00e4ttar eller \u201dfuktar\u201d tyget och leder till \u00f6kade kondensniv\u00e5er p\u00e5 insidan av plagget.<br \/>Beh\u00e5ller synligt slitage: Oljor kan ha en nedbrytande effekt p\u00e5 tyger och behandlingar, medan salt och skr\u00e4p kan slita p\u00e5 membran och fibrer med tiden. Om du tv\u00e4ttar din OMM-produkt p\u00e5 r\u00e4tt s\u00e4tt avl\u00e4gsnas smuts och andra f\u00f6roreningar fr\u00e5n plagget, vilket \u00e5terst\u00e4ller dess vattenavvisande egenskaper och andningsf\u00f6rm\u00e5ga.<br \/>Dessutom kan de lukta lite illa om du inte g\u00f6r det.<\/p>\n<p>[\/et_pb_accordion_item][et_pb_accordion_item title=&#8221;HUR F\u00d6RBEREDER JAG MINA PLAGG F\u00d6R TV\u00c4TT?&#8221; open=&#8221;off&#8221; _builder_version=&#8221;4.27.4&#8243; _module_preset=&#8221;default&#8221; global_colors_info=&#8221;{}&#8221;]<\/p>\n<p>Innan du b\u00f6rjar tv\u00e4tta din utrustning ska du borsta bort \u00f6verfl\u00f6dig lera eller smuts, st\u00e4nga huvuddragkedjorna, \u00f6ppna fickdragkedjorna och lossa p\u00e5 alla elastiska dragband.<\/p>\n<p>[\/et_pb_accordion_item][et_pb_accordion_item title=&#8221;Hur tv\u00e4ttar jag mina OMM-kl\u00e4der (t.ex. t-shirtar, leggings och shorts)?&#8221; _builder_version=&#8221;4.27.4&#8243; _module_preset=&#8221;default&#8221; global_colors_info=&#8221;{}&#8221; open=&#8221;off&#8221;]<\/p>\n<p>Du kan tv\u00e4tta dina OMM-kl\u00e4der (icke-tekniska kl\u00e4der) i en vanlig tv\u00e4ttmaskin med tv\u00e4ttmedel, men vi rekommenderar att du anv\u00e4nder ett tv\u00e4ttmedel som \u00e4r avsett f\u00f6r aktivkl\u00e4der (t.ex. Granger&#8217;s Active Wash) eftersom det \u00e4r mer sannolikt att det klarar av att hantera de bakterier som leder till illaluktande kl\u00e4der, samtidigt som det \u00e4r tillr\u00e4ckligt skonsamt f\u00f6r att skydda nylon- och lycratyger.<\/p>\n<p>[\/et_pb_accordion_item][et_pb_accordion_item title=&#8221;HUR TV\u00c4TTAR JAG MINA TEKNISKA VATTENT\u00c4TA OMM-KL\u00c4DER? (T.EX. KAMLEIKA, Wisp, AETHER)&#8221; _builder_version=&#8221;4.27.4&#8243; _module_preset=&#8221;default&#8221; global_colors_info=&#8221;{}&#8221; open=&#8221;off&#8221;]<\/p>\n<p>F\u00f6r alla tekniska vattent\u00e4ta material, inklusive Kamleika, Wisp, Aether eller andra fr\u00e5n v\u00e5rt sortiment, rekommenderar vi ENDAST att du anv\u00e4nder ett reng\u00f6ringsmedel som \u00e4r s\u00e4rskilt framtaget f\u00f6r funktionsmaterial.<\/p>\n<p>Det finns flera m\u00e4rken p\u00e5 marknaden som du kan hitta i din lokala friluftsbutik. Vi rekommenderar Grangers Performance Wash. Dessa specialtv\u00e4ttmedel \u00e4r utformade f\u00f6r att vara skonsamma och f\u00f6r att sk\u00f6lja helt. Tv\u00e4ttmedelsrester kan f\u00f6rorena och f\u00f6rs\u00e4mra funktionen hos membrantyget och dess vattenavst\u00f6tande behandling. N\u00e4r du anv\u00e4nder tv\u00e4ttmedel som \u00e4r specifika f\u00f6r friluftskl\u00e4der, f\u00f6lj bara instruktionerna. Se till att maskinens tv\u00e4ttmedelsl\u00e5da reng\u00f6rs fr\u00e5n eventuella rester av tv\u00e4ttmedel. Vanliga tv\u00e4ttmedel inneh\u00e5ller doft\u00e4mnen, f\u00e4rg\u00e4mnen, optiska vitmedel, enzymer, tensider och sk\u00f6ljmedel som f\u00f6rs\u00e4mrar plaggets funktion och kan orsaka skador.<\/p>\n<p>F\u00f6r mer information, g\u00e5 till v\u00e5r\u00a0 <strong><span style=\"text-decoration: underline;\"><a href=\"https:\/\/youtu.be\/Aocvv2M4_2k\">Youtube Channel<\/a><\/span><\/strong>.<\/p>\n<p>[\/et_pb_accordion_item][et_pb_accordion_item title=&#8221;HUR DU \u00c5TER VATTENS\u00c4KRAR DIN UTRUSTNING&#8221; _builder_version=&#8221;4.27.4&#8243; _module_preset=&#8221;default&#8221; global_colors_info=&#8221;{}&#8221; open=&#8221;off&#8221;]<\/p>\n<p>DWR-bel\u00e4ggningen (DWR st\u00e5r f\u00f6r durable water repellent) \u00e4r en polymer som appliceras p\u00e5 plaggets yttertyg. N\u00e4r plagget inte avger vatten som det brukade, \u00e4ven efter att det har tv\u00e4ttats och torkats, \u00e4r det dags att applicera DWR igen.<\/p>\n<p>Vi rekommenderar att du anv\u00e4nder Grangers Performance Repel. St\u00e4ng alla blixtl\u00e5s efter tv\u00e4tten, h\u00e4ng det v\u00e5ta plagget p\u00e5 en galge och spraya DWR j\u00e4mnt och gener\u00f6st p\u00e5 plaggets v\u00e5ta yta, med fokus p\u00e5 omr\u00e5den med h\u00f6gt slitage, t.ex. midja, axlar och \u00e4rmar.<\/p>\n<p>L\u00e4gg sedan plagget i en torktumlare p\u00e5 l\u00e5g v\u00e4rme (~30\u00b0C \/104\u00b0F) i upp till 15 minuter, inte f\u00f6r att torka det helt utan f\u00f6r att f\u00f6rsiktigt tillf\u00f6ra v\u00e4rme. Om du inte har n\u00e5gon torktumlare kan du h\u00e4nga plagget p\u00e5 en varm plats, t.ex. ovanf\u00f6r ett element (dock inte p\u00e5 eller i kontakt med). V\u00e4rmen hj\u00e4lper till att binda den kemiska behandlingen till fibrerna.<\/p>\n<p>Du kanske ocks\u00e5 vill impregnera plagget p\u00e5 nytt genom att anv\u00e4nda en tv\u00e4ttbehandling. 2-i-1 Wash &amp; Proof \u00e4r ocks\u00e5 ett bra alternativ om du uppt\u00e4cker att du tv\u00e4ttar och impregnerar regelbundet, kanske om du tr\u00e4nar h\u00e5rt under vintern eller f\u00f6r utomhusproffs som tillbringar varje dag i sina vattent\u00e4ta kl\u00e4der!<\/p>\n<p>F\u00f6r mer information, g\u00e5 till v\u00e5r\u00a0 <strong><span style=\"text-decoration: underline;\"><a href=\"https:\/\/youtu.be\/Aocvv2M4_2k\">Youtube Channel<\/a><\/span><\/strong>.<\/p>\n<p>[\/et_pb_accordion_item][et_pb_accordion_item title=&#8221;HUR SKILJER SIG SK\u00d6TSELN AV NYA PFC-FRIA PLAGG? &#8221; _builder_version=&#8221;4.27.4&#8243; _module_preset=&#8221;default&#8221; global_colors_info=&#8221;{}&#8221; open=&#8221;off&#8221;]<\/p>\n<p>P\u00e5 OMM har vi bytt ut skadliga PFC-vattenavvisande behandlingar i v\u00e5ra plagg mot mer milj\u00f6v\u00e4nliga PFC-fria behandlingar (du kan kontrollera om du har ett PFC-fritt plagg genom att titta p\u00e5 sk\u00f6tselr\u00e5den p\u00e5 din jacka). En av de saker som gjorde PFC:er s\u00e5 anv\u00e4ndbara var deras h\u00e5llbarhet, men det som g\u00f6r en bra vattenavvisande behandling \u00e4r det som g\u00f6r den s\u00e5 skadlig f\u00f6r milj\u00f6n.<\/p>\n<p>Av den anledningen kr\u00e4ver den nya generationens vattenavvisande tekniker lite mer frekvent sk\u00f6tsel och uppm\u00e4rksamhet f\u00f6r att fungera p\u00e5 samma niv\u00e5. Lyckligtvis \u00e4r detta l\u00e4tt att uppn\u00e5 med regelbunden tv\u00e4tt och impregnering. Vi rekommenderar att du \u00e5ter impregnerar ditt PFC-fria plagg var 1-2:e m\u00e5nad vid regelbunden anv\u00e4ndning.<\/p>\n<p>F\u00f6r att l\u00e4sa mer om \u00f6verg\u00e5ngen till PFC-fritt\u00a0 &#8211; <a href=\"https:\/\/theomm.com\/sv\/?post_type=project&#038;p=196141\">Click here<\/a><\/p>\n<p>[\/et_pb_accordion_item][et_pb_accordion_item title=&#8221;N\u00c4R SKA JAG TV\u00c4TTA MITT OMM-PLAGG?&#8221; _builder_version=&#8221;4.27.4&#8243; _module_preset=&#8221;default&#8221; global_colors_info=&#8221;{}&#8221; open=&#8221;off&#8221;]<\/p>\n<p>N\u00e4r plagget ska tv\u00e4ttas beror p\u00e5 hur ofta du anv\u00e4nder det. Vid h\u00f6g aktivitet rekommenderar vi tv\u00e4tt var 10:e till 12:e dag och vid l\u00e4tt aktivitet var 20:e till 30:e dag. Anv\u00e4nd ditt b\u00e4sta omd\u00f6me. Om plagget ser smutsigt ut, om du b\u00f6rjar k\u00e4nna dig fuktig eller kladdig eller om plagget inte l\u00e4ngre sl\u00e4pper igenom vatten utan b\u00f6rjar bli fuktigt \u00e4r det dags att tv\u00e4tta det. Ta hand om din utrustning s\u00e5 kommer den att ta hand om dig.<\/p>\n<p>[\/et_pb_accordion_item][et_pb_accordion_item title=&#8221;HUR TV\u00c4TTAR JAG MITT ISOLERADE PLAGG?&#8221; _builder_version=&#8221;4.27.4&#8243; _module_preset=&#8221;default&#8221; global_colors_info=&#8221;{}&#8221; open=&#8221;off&#8221;]<\/p>\n<p>Vi rekommenderar starkt att du tv\u00e4ttar din isolerade jacka i en FRONTLADDANDE tv\u00e4ttmaskin. V\u00e4lj skonsamt program med tv\u00e5 sk\u00f6ljningar och en tv\u00e4ttemperatur p\u00e5 30\u00b0C \/ 86\u00b0F. Torktumla plagget ut och in p\u00e5 en medelh\u00f6g temperatur (60\u00b0C\/140\u00b0F) i ca 15-20 minuter och l\u00e5t sedan lufttorka. F\u00f6r att ta bort envisa fl\u00e4ckar, reng\u00f6r f\u00f6rst det fl\u00e4ckade omr\u00e5det med Grangers Performance Wash och l\u00e5t det fl\u00e4ckade omr\u00e5det ligga i 10-15 minuter, eller anv\u00e4nd ett fl\u00e4ckgummi p\u00e5 det f\u00f6rorenade omr\u00e5det. Tv\u00e4tta och torka sedan plagget enligt anvisningarna ovan.<\/p>\n<p>[\/et_pb_accordion_item][et_pb_accordion_item title=&#8221;HUR TV\u00c4TTAR JAG MITT K\u00c4RNPLAGG?&#8221; _builder_version=&#8221;4.27.4&#8243; _module_preset=&#8221;default&#8221; global_colors_info=&#8221;{}&#8221; open=&#8221;off&#8221;]<\/p>\n<p>Du kan tv\u00e4tta ditt Core-plagg i tv\u00e4ttmaskinen med dina vanliga kl\u00e4der, men var f\u00f6rsiktig med andra plagg med kardborreband eller vassa delar som jeansknappar, metalltandade blixtl\u00e5s etc. eftersom dessa kan fastna i tyget. I s\u00e5 fall \u00e4r det b\u00e4st att l\u00e4gga Core-plagget i en tv\u00e4ttp\u00e5se av n\u00e4t (f\u00f6r fin- och sportkl\u00e4der). V\u00e4nd alltid plagget ut och in n\u00e4r du tv\u00e4ttar det. Det \u00e4r b\u00e4st att tv\u00e4tta det med andra mjuka kl\u00e4der och sportkl\u00e4der om det \u00e4r m\u00f6jligt.<\/p>\n<p>V\u00e4lj en tv\u00e4ttemperatur p\u00e5 30\u00b0C eller l\u00e4gre. Du kan anv\u00e4nda ditt vanliga tv\u00e4ttmedel eller ett tekniskt tv\u00e4ttmedel, men anv\u00e4nd inte sk\u00f6ljmedel eller doftf\u00f6rst\u00e4rkare. Core-plagg \u00e4r s\u00e4kra att anv\u00e4nda med antibakteriell tv\u00e4ttsteriliseringsv\u00e4tska (f\u00f6lj produktanvisningarna f\u00f6r dosering). Plagget kommer att vara n\u00e4stan torrt efter centrifugeringen, s\u00e5 det \u00e4r b\u00e4st att torka det naturligt. Om du \u00e4nd\u00e5 v\u00e4ljer att torktumla kan du g\u00f6ra det p\u00e5 l\u00e5g v\u00e4rme och ta ut plagget n\u00e4r det fortfarande \u00e4r mycket l\u00e4tt fuktigt.<\/p>\n<p>[\/et_pb_accordion_item][et_pb_accordion_item title=&#8221;HUR TV\u00c4TTAR JAG MIN RYGGS\u00c4CK?&#8221; _builder_version=&#8221;4.27.4&#8243; _module_preset=&#8221;default&#8221; global_colors_info=&#8221;{}&#8221; open=&#8221;off&#8221;]<\/p>\n<p>Det b\u00e4sta s\u00e4ttet att tv\u00e4tta din ryggs\u00e4ck \u00e4r helt enkelt med vatten. Du kan antingen gnugga bort smutsen med h\u00e4nderna eller skrubba ryggs\u00e4cken med en mjuk borste. Du b\u00f6r kunna f\u00e5 bort det mesta av smutsen p\u00e5 det h\u00e4r s\u00e4ttet. Om du k\u00e4nner att du m\u00e5ste anv\u00e4nda tv\u00e5l, anv\u00e4nd en mild eller ren tv\u00e5l eller en utomhustv\u00e5l som Grangers Performance Wash och sk\u00f6lj f\u00f6rpackningen noggrant f\u00f6r att f\u00e5 bort alla rester. H\u00e4ng upp f\u00f6rpackningen f\u00f6r att torka (anv\u00e4nd inte torktumlare eller n\u00e5gon annan v\u00e4rmek\u00e4lla). Om du h\u00e4nger upp f\u00f6rpackningen utomhus ska du l\u00e4mna den i skuggan. Den b\u00f6r torka \u00f6ver natten, men det kan ta l\u00e4ngre tid beroende p\u00e5 klimatet. Ta bort ryggdynan f\u00f6re tv\u00e4tt f\u00f6r att p\u00e5skynda torktiden.<\/p>\n<p>[\/et_pb_accordion_item][\/et_pb_accordion][\/et_pb_column][\/et_pb_row][et_pb_row column_structure=&#8221;1_3,1_3,1_3&#8243; _builder_version=&#8221;4.27.4&#8243; _module_preset=&#8221;default&#8221; global_colors_info=&#8221;{}&#8221;][et_pb_column type=&#8221;1_3&#8243; _builder_version=&#8221;4.27.4&#8243; _module_preset=&#8221;default&#8221; global_colors_info=&#8221;{}&#8221;][et_pb_image src=&#8221;https:\/\/theomm.com\/wp-content\/uploads\/2025\/01\/BEADING-3.jpg&#8221; title_text=&#8221;BEADING 3&#8243; _builder_version=&#8221;4.27.4&#8243; _module_preset=&#8221;default&#8221; width=&#8221;100%&#8221; custom_padding=&#8221;|0px||||&#8221; global_colors_info=&#8221;{}&#8221;][\/et_pb_image][\/et_pb_column][et_pb_column type=&#8221;1_3&#8243; _builder_version=&#8221;4.27.4&#8243; _module_preset=&#8221;default&#8221; global_colors_info=&#8221;{}&#8221;][et_pb_text _builder_version=&#8221;4.27.4&#8243; _module_preset=&#8221;default&#8221; custom_padding=&#8221;|30px||30px|false|false&#8221; global_colors_info=&#8221;{}&#8221;]<\/p>\n<p>Om du \u00e4r os\u00e4ker p\u00e5 n\u00e5gra sk\u00f6tselkrav eller har ytterligare fr\u00e5gor, hj\u00e4lper vi dig g\u00e4rna!<\/p>\n<p>Kontakta v\u00e5r kundtj\u00e4nst:<\/p>\n<p>EMAIL: support@theomm.com<\/p>\n<p style=\"background: white;\">\u00a0<\/p>\n<p style=\"background: white;\">\u00a0<\/p>\n<p>[\/et_pb_text][\/et_pb_column][et_pb_column type=&#8221;1_3&#8243; _builder_version=&#8221;4.27.4&#8243; _module_preset=&#8221;default&#8221; global_colors_info=&#8221;{}&#8221;][et_pb_image src=&#8221;https:\/\/theomm.com\/wp-content\/uploads\/2025\/01\/BEADING-4.jpg&#8221; title_text=&#8221;BEADING 4&#8243; align=&#8221;right&#8221; _builder_version=&#8221;4.27.4&#8243; _module_preset=&#8221;default&#8221; width=&#8221;100%&#8221; global_colors_info=&#8221;{}&#8221;][\/et_pb_image][\/et_pb_column][\/et_pb_row][et_pb_row _builder_version=&#8221;4.21.0&#8243; _module_preset=&#8221;default&#8221; global_colors_info=&#8221;{}&#8221;][et_pb_column type=&#8221;4_4&#8243; _builder_version=&#8221;4.21.0&#8243; _module_preset=&#8221;default&#8221; global_colors_info=&#8221;{}&#8221;][et_pb_heading title=&#8221;F\u00d6R MER TIPS&#8221; _builder_version=&#8221;4.27.4&#8243; _module_preset=&#8221;default&#8221; title_font=&#8221;Eurostile|&#8211;et_global_heading_font_weight|||||||&#8221; title_text_align=&#8221;center&#8221; title_text_color=&#8221;#66656F&#8221; global_colors_info=&#8221;{}&#8221;][\/et_pb_heading][et_pb_video_slider _builder_version=&#8221;4.27.4&#8243; _module_preset=&#8221;default&#8221; global_colors_info=&#8221;{}&#8221;][et_pb_video_slider_item src=&#8221;https:\/\/youtu.be\/Aocvv2M4_2k&#8221; _builder_version=&#8221;4.27.4&#8243; _module_preset=&#8221;default&#8221; global_colors_info=&#8221;{}&#8221; show_image_overlay=&#8221;off&#8221;][\/et_pb_video_slider_item][et_pb_video_slider_item src=&#8221;https:\/\/youtu.be\/bbvqH3s5-iw&#8221; _builder_version=&#8221;4.27.4&#8243; _module_preset=&#8221;default&#8221; global_colors_info=&#8221;{}&#8221; show_image_overlay=&#8221;off&#8221;][\/et_pb_video_slider_item][et_pb_video_slider_item src=&#8221;https:\/\/youtube.com\/live\/pBX3P8r47nw&#8221; _builder_version=&#8221;4.27.4&#8243; _module_preset=&#8221;default&#8221; global_colors_info=&#8221;{}&#8221; show_image_overlay=&#8221;off&#8221;][\/et_pb_video_slider_item][\/et_pb_video_slider][\/et_pb_column][\/et_pb_row][\/et_pb_section]<\/p>\n","protected":false},"excerpt":{"rendered":"<p>PRODUCT CARE GUIDE\u00a0Alla v\u00e5ra produkter \u00e4r utformade f\u00f6r att ge exceptionellt v\u00e4derskydd och andningsf\u00f6rm\u00e5ga s\u00e5 att du kan stanna kvar i bergen l\u00e4ngre. \u00c4ven om m\u00e5nga m\u00e4nniskor oroar sig f\u00f6r att reng\u00f6ra sina tekniska kl\u00e4der \u00e4r det viktigt att h\u00e5lla koll p\u00e5 produktv\u00e5rden. Men f\u00f6r att du ska f\u00e5 ut mesta m\u00f6jliga av din utrustning [&hellip;]<\/p>\n","protected":false},"author":1,"featured_media":0,"parent":0,"menu_order":0,"comment_status":"closed","ping_status":"closed","template":"","meta":{"_acf_changed":false,"_et_pb_use_builder":"on","_et_pb_old_content":"","_et_gb_content_width":"","footnotes":""},"class_list":["post-163378","page","type-page","status-publish","hentry"],"acf":[],"yoast_head":"<!-- This site is optimized with the Yoast SEO plugin v27.3 - https:\/\/yoast.com\/product\/yoast-seo-wordpress\/ -->\n<title>Produktv\u00e5rdinstruktioner - OMM<\/title>\n<meta name=\"description\" content=\"OMM-kl\u00e4der \u00e4r designade f\u00f6r exceptionellt skydd och andningsf\u00f6rm\u00e5ga. Rutinm\u00e4ssig produktsk\u00f6tsel s\u00e4kerst\u00e4ller optimal prestanda f\u00f6r ditt plagg.\" \/>\n<meta name=\"robots\" content=\"index, follow, max-snippet:-1, max-image-preview:large, max-video-preview:-1\" \/>\n<link rel=\"canonical\" href=\"https:\/\/theomm.com\/sv\/produktvardinstruktioner\/\" \/>\n<meta property=\"og:locale\" content=\"sv_SE\" \/>\n<meta property=\"og:type\" content=\"article\" \/>\n<meta property=\"og:title\" content=\"Produktv\u00e5rdinstruktioner - OMM\" \/>\n<meta property=\"og:description\" content=\"OMM-kl\u00e4der \u00e4r designade f\u00f6r exceptionellt skydd och andningsf\u00f6rm\u00e5ga. Rutinm\u00e4ssig produktsk\u00f6tsel s\u00e4kerst\u00e4ller optimal prestanda f\u00f6r ditt plagg.\" \/>\n<meta property=\"og:url\" content=\"https:\/\/theomm.com\/sv\/produktvardinstruktioner\/\" \/>\n<meta property=\"og:site_name\" content=\"OMM\" \/>\n<meta property=\"article:publisher\" content=\"https:\/\/www.facebook.com\/OMMrunning?_ga=2.203172945.1541616462.1665402953-280172632.1649426001\" \/>\n<meta property=\"article:modified_time\" content=\"2025-01-13T13:43:33+00:00\" \/>\n<meta name=\"twitter:card\" content=\"summary_large_image\" \/>\n<meta name=\"twitter:label1\" content=\"Ber\u00e4knad l\u00e4stid\" \/>\n\t<meta name=\"twitter:data1\" content=\"12 minutes\" \/>\n<script type=\"application\/ld+json\" class=\"yoast-schema-graph\">{\"@context\":\"https:\\\/\\\/schema.org\",\"@graph\":[{\"@type\":\"WebPage\",\"@id\":\"https:\\\/\\\/theomm.com\\\/sv\\\/produktvardinstruktioner\\\/\",\"url\":\"https:\\\/\\\/theomm.com\\\/sv\\\/produktvardinstruktioner\\\/\",\"name\":\"Produktv\u00e5rdinstruktioner - OMM\",\"isPartOf\":{\"@id\":\"https:\\\/\\\/theomm.com\\\/#website\"},\"datePublished\":\"2019-03-11T11:29:50+00:00\",\"dateModified\":\"2025-01-13T13:43:33+00:00\",\"description\":\"OMM-kl\u00e4der \u00e4r designade f\u00f6r exceptionellt skydd och andningsf\u00f6rm\u00e5ga. Rutinm\u00e4ssig produktsk\u00f6tsel s\u00e4kerst\u00e4ller optimal prestanda f\u00f6r ditt plagg.\",\"breadcrumb\":{\"@id\":\"https:\\\/\\\/theomm.com\\\/sv\\\/produktvardinstruktioner\\\/#breadcrumb\"},\"inLanguage\":\"sv-SE\",\"potentialAction\":[{\"@type\":\"ReadAction\",\"target\":[\"https:\\\/\\\/theomm.com\\\/sv\\\/produktvardinstruktioner\\\/\"]}]},{\"@type\":\"BreadcrumbList\",\"@id\":\"https:\\\/\\\/theomm.com\\\/sv\\\/produktvardinstruktioner\\\/#breadcrumb\",\"itemListElement\":[{\"@type\":\"ListItem\",\"position\":1,\"name\":\"Home\",\"item\":\"https:\\\/\\\/theomm.com\\\/sv\\\/original-mountain-marathon\\\/\"},{\"@type\":\"ListItem\",\"position\":2,\"name\":\"Produktv\u00e5rdinstruktioner\"}]},{\"@type\":\"WebSite\",\"@id\":\"https:\\\/\\\/theomm.com\\\/#website\",\"url\":\"https:\\\/\\\/theomm.com\\\/\",\"name\":\"OMM\",\"description\":\"OMM is Technical clothing and equipment made for running in the mountains. Designed to the specifications of Original Mountain Marathon.\",\"alternateName\":\"Original Mountain Marathon\",\"potentialAction\":[{\"@type\":\"SearchAction\",\"target\":{\"@type\":\"EntryPoint\",\"urlTemplate\":\"https:\\\/\\\/theomm.com\\\/?s={search_term_string}\"},\"query-input\":{\"@type\":\"PropertyValueSpecification\",\"valueRequired\":true,\"valueName\":\"search_term_string\"}}],\"inLanguage\":\"sv-SE\"}]}<\/script>\n<!-- \/ Yoast SEO plugin. -->","yoast_head_json":{"title":"Produktv\u00e5rdinstruktioner - OMM","description":"OMM-kl\u00e4der \u00e4r designade f\u00f6r exceptionellt skydd och andningsf\u00f6rm\u00e5ga. Rutinm\u00e4ssig produktsk\u00f6tsel s\u00e4kerst\u00e4ller optimal prestanda f\u00f6r ditt plagg.","robots":{"index":"index","follow":"follow","max-snippet":"max-snippet:-1","max-image-preview":"max-image-preview:large","max-video-preview":"max-video-preview:-1"},"canonical":"https:\/\/theomm.com\/sv\/produktvardinstruktioner\/","og_locale":"sv_SE","og_type":"article","og_title":"Produktv\u00e5rdinstruktioner - OMM","og_description":"OMM-kl\u00e4der \u00e4r designade f\u00f6r exceptionellt skydd och andningsf\u00f6rm\u00e5ga. Rutinm\u00e4ssig produktsk\u00f6tsel s\u00e4kerst\u00e4ller optimal prestanda f\u00f6r ditt plagg.","og_url":"https:\/\/theomm.com\/sv\/produktvardinstruktioner\/","og_site_name":"OMM","article_publisher":"https:\/\/www.facebook.com\/OMMrunning?_ga=2.203172945.1541616462.1665402953-280172632.1649426001","article_modified_time":"2025-01-13T13:43:33+00:00","twitter_card":"summary_large_image","twitter_misc":{"Ber\u00e4knad l\u00e4stid":"12 minutes"},"schema":{"@context":"https:\/\/schema.org","@graph":[{"@type":"WebPage","@id":"https:\/\/theomm.com\/sv\/produktvardinstruktioner\/","url":"https:\/\/theomm.com\/sv\/produktvardinstruktioner\/","name":"Produktv\u00e5rdinstruktioner - OMM","isPartOf":{"@id":"https:\/\/theomm.com\/#website"},"datePublished":"2019-03-11T11:29:50+00:00","dateModified":"2025-01-13T13:43:33+00:00","description":"OMM-kl\u00e4der \u00e4r designade f\u00f6r exceptionellt skydd och andningsf\u00f6rm\u00e5ga. Rutinm\u00e4ssig produktsk\u00f6tsel s\u00e4kerst\u00e4ller optimal prestanda f\u00f6r ditt plagg.","breadcrumb":{"@id":"https:\/\/theomm.com\/sv\/produktvardinstruktioner\/#breadcrumb"},"inLanguage":"sv-SE","potentialAction":[{"@type":"ReadAction","target":["https:\/\/theomm.com\/sv\/produktvardinstruktioner\/"]}]},{"@type":"BreadcrumbList","@id":"https:\/\/theomm.com\/sv\/produktvardinstruktioner\/#breadcrumb","itemListElement":[{"@type":"ListItem","position":1,"name":"Home","item":"https:\/\/theomm.com\/sv\/original-mountain-marathon\/"},{"@type":"ListItem","position":2,"name":"Produktv\u00e5rdinstruktioner"}]},{"@type":"WebSite","@id":"https:\/\/theomm.com\/#website","url":"https:\/\/theomm.com\/","name":"OMM","description":"OMM is Technical clothing and equipment made for running in the mountains. Designed to the specifications of Original Mountain Marathon.","alternateName":"Original Mountain Marathon","potentialAction":[{"@type":"SearchAction","target":{"@type":"EntryPoint","urlTemplate":"https:\/\/theomm.com\/?s={search_term_string}"},"query-input":{"@type":"PropertyValueSpecification","valueRequired":true,"valueName":"search_term_string"}}],"inLanguage":"sv-SE"}]}},"_links":{"self":[{"href":"https:\/\/theomm.com\/sv\/wp-json\/wp\/v2\/pages\/163378","targetHints":{"allow":["GET"]}}],"collection":[{"href":"https:\/\/theomm.com\/sv\/wp-json\/wp\/v2\/pages"}],"about":[{"href":"https:\/\/theomm.com\/sv\/wp-json\/wp\/v2\/types\/page"}],"author":[{"embeddable":true,"href":"https:\/\/theomm.com\/sv\/wp-json\/wp\/v2\/users\/1"}],"replies":[{"embeddable":true,"href":"https:\/\/theomm.com\/sv\/wp-json\/wp\/v2\/comments?post=163378"}],"version-history":[{"count":9,"href":"https:\/\/theomm.com\/sv\/wp-json\/wp\/v2\/pages\/163378\/revisions"}],"predecessor-version":[{"id":202962,"href":"https:\/\/theomm.com\/sv\/wp-json\/wp\/v2\/pages\/163378\/revisions\/202962"}],"wp:attachment":[{"href":"https:\/\/theomm.com\/sv\/wp-json\/wp\/v2\/media?parent=163378"}],"curies":[{"name":"wp","href":"https:\/\/api.w.org\/{rel}","templated":true}]}}