{"id":163580,"date":"2023-02-28T16:33:01","date_gmt":"2023-02-28T16:33:01","guid":{"rendered":"https:\/\/theomm.com\/product\/mountain-core-250-2\/"},"modified":"2026-02-19T07:49:55","modified_gmt":"2026-02-19T07:49:55","slug":"mountain-core-250-2","status":"publish","type":"product","link":"https:\/\/theomm.com\/sv\/product\/mountain-core-250-2\/","title":{"rendered":"Mountain Core 250"},"content":{"rendered":"<p>Mountain Core 250 &#8211; Ett l\u00e4ttviktssystem f\u00f6r s\u00f6mn med utm\u00e4rkt komfort n\u00e4rmast huden och god andningsf\u00f6rm\u00e5ga. Med en vikt p\u00e5 250g\/m2 anv\u00e4nds PrimaLoft\u00ae ACTIVE som fodertyg i Mountain Core 250, vilket ger en k\u00e4nsla av \u00f6ppen fleece men med f\u00f6rdelen av en o\u00f6vertr\u00e4ffad v\u00e4rme-till-vikt-f\u00f6rh\u00e5llande f\u00f6r alla tyger.<\/p>\n<p>Genom att anv\u00e4nda det tjockaste 250g\/m2 viktfodertyget fr\u00e5n PrimaLoft\u00ae ACTIVE erbjuder Mountain Core 250 en varmare sovs\u00e4ck \u00e4n den l\u00e4ttare Mountain Core 125, men med alla f\u00f6rdelar med en bekv\u00e4m sovmilj\u00f6.<\/p>\n<p>Extern t\u00e4tning av PointZero-tyget ger utm\u00e4rkt vindskydd med DWR (h\u00e5llbart vattenavvisande) f\u00f6r n\u00e4r din packning tar en doppning p\u00e5 v\u00e4g till l\u00e4gerplatsen. Den totala f\u00f6rpackningen beh\u00e5ller den packbarhet som du f\u00f6rv\u00e4ntar dig fr\u00e5n OMM.<\/p>\n<p>PrimaLoft\u00ae ACTIVE suddar ut gr\u00e4nsen mellan stoppning och tyg; PrimaLoft\u00ae ACTIVE v\u00e4ver l\u00f6st PrimaLoft\u00ae&#8217;s ledande isolerande fibrer genom ett fint polyestern\u00e4t. Den resulterande strukturen \u00e4r varmare och mindre \u00e4n h\u00e4lften s\u00e5 tung som en konventionell fleeceprodukt &#8211; Dunliknande prestanda n\u00e4r den \u00e4r torr och fungerar fortfarande n\u00e4r den \u00e4r v\u00e5t. L\u00c4TTVIKTSSOVS\u00c4CK MED UTM\u00c4RKT KOMFORT N\u00c4RMASST HUDEN. Trots att det inte \u00e4r den varmaste sovs\u00e4cken som vi erbjuder, f\u00e5r vi f\u00f6rdelen med att anv\u00e4nda PrimaLoft\u00ae ACTIVE ist\u00e4llet f\u00f6r traditionell stoppning som ger ett mycket mer bekv\u00e4mt inre klimat. Med f\u00f6rb\u00e4ttrad fukttransport och andningsf\u00f6rm\u00e5ga till\u00e5ter det \u00f6ppna fl\u00e4tade fleecefodertyget mycket b\u00e4ttre luftfl\u00f6de samtidigt som det fluffiga dunet fortfarande ger fantastiska isoleringsv\u00e4rden. F\u00d6R VARIERANDE F\u00d6RH\u00c5LLANDEN PointZero-ansiktstyget \u00e4r vindt\u00e4tt med god vattenmotst\u00e5nd tack vare DWR-bel\u00e4ggningen, medan PrimaLoft\u00ae beh\u00e5ller sina isolerande egenskaper \u00e4ven n\u00e4r det \u00e4r v\u00e5tt, perfekt f\u00f6r v\u00e4xlande f\u00f6rh\u00e5llanden. FINASTE KVALITETEN P\u00c5 SYNTETISK ISOLATION P\u00e5 OMM v\u00e4ljer vi alltid syntetisk isolering ist\u00e4llet f\u00f6r dun f\u00f6r att vara s\u00e4kra p\u00e5 att vi kan h\u00e5lla oss varma \u00e4ven n\u00e4r allt \u00e4r bl\u00f6tt. PrimaLoft\u00ae tillverkar den b\u00e4sta syntetiska isoleringen. PrimaLoft\u00ae ACTIVE anv\u00e4nder 64% postkonsumerade \u00e5tervunna material, \u00e4r Bluesign och Oeke-Tex godk\u00e4nda. Mjukt texturerat PrimaLoft\u00ae Active<\/p>\n<p>Isolerar \u00e4ven om den \u00e4r v\u00e5t 2,0\/1,4 tog (torr\/v\u00e5t) Halv YKK-dragkedja Sydd genom innerfodret med l\u00f6st yttre skikt DWR (h\u00e5llbar vattenavvisning) Snabbtorkande och enkel att sk\u00f6ta om Mumieformad L\u00e4ngd: 195cm Axelbredd: 65cm Packstorlek: 27 x 16cm Huvudjusteringsdragsko H\u00e4ng\u00f6gla i botten F\u00e4rg: Navy\/Grey Material: PointZero (Nylon), PrimaLoft\u00ae ACTIVE 250g\/m2 Vikt: 700g<\/p>\n","protected":false},"excerpt":{"rendered":"<p>En l\u00e4tt sovsystem med utm\u00e4rkt komfort och andningsf\u00f6rm\u00e5ga n\u00e4rmast huden. Med 250g\/m2 PrimaLoft\u00ae ACTIVE som innerfoder, ger Mountain Core 250 en k\u00e4nsla av \u00f6ppen fleece men med den extra f\u00f6rdelen av en oslagbar v\u00e4rm-vikt-f\u00f6rh\u00e5llande f\u00f6r alla tyger.<\/p>\n<p>Genom att anv\u00e4nda det tjockaste 250g\/m2 PrimaLoft\u00ae ACTIVE-tyget erbjuder Mountain Core 250 en varmare sovs\u00e4ck \u00e4n den l\u00e4ttare Mountain Core 125 men med alla f\u00f6rdelarna med en bekv\u00e4m sovmilj\u00f6.<\/p>\n<p>Externt ger PointZero-tyget utm\u00e4rkt vindskydd med en DWR (H\u00e5llbar vattenavst\u00f6tning) f\u00f6r n\u00e4r din packning tar en dunkande p\u00e5 v\u00e4g till l\u00e4gret. Det totala paketet bibeh\u00e5ller packbarheten du kan f\u00f6rv\u00e4nta dig fr\u00e5n OMM.<\/p>\n<p>PrimaLoft\u00ae ACTIVE suddar ut gr\u00e4nsen mellan stoppning och tyg; PrimaLoft\u00ae ACTIVE l\u00f6st v\u00e4ver PrimaLoft\u00ae ledande isolerande fibrer genom ett fint polyestermesh. Resultatet \u00e4r varmare och mindre \u00e4n h\u00e4lften av vikten hos en konventionell fleecepordukt &#8211; Dunliknande prestanda n\u00e4r det \u00e4r torrt och fortfarande fungerar n\u00e4r det \u00e4r v\u00e5tt.<\/p>\n","protected":false},"featured_media":157026,"template":"","meta":{"_acf_changed":false,"_et_pb_use_builder":"","_et_pb_old_content":"","_et_gb_content_width":""},"locations":[],"product_brand":[],"product_cat":[1272],"product_tag":[2306,2336,2337,2338,2648,2310,2339],"class_list":{"0":"post-163580","1":"product","2":"type-product","3":"status-publish","4":"has-post-thumbnail","6":"product_cat-klader","7":"product_tag-core-sv","8":"product_tag-fastpacking-sv","9":"product_tag-lightweight-sleeping-bag-sv","10":"product_tag-minimal-sleeping-bag-sv","11":"product_tag-mountain-core-250-sv","12":"product_tag-sleep-system-sv","13":"product_tag-sleeping-bag-sv","14":"pa_color-navy-sv","15":"pa_colour-navy-sv","16":"pa_gender-mens-sv","17":"pa_gender-womens-sv","18":"pa_technology-primaloft-active","19":"pa_weight-400g","21":"first","22":"instock","23":"taxable","24":"shipping-taxable","25":"purchasable","26":"product-type-variable","27":"has-default-attributes","28":"wvs-archive-product-wrapper"},"acf":[],"yoast_head":"<!-- This site is optimized with the Yoast SEO plugin v27.3 - https:\/\/yoast.com\/product\/yoast-seo-wordpress\/ -->\n<title>Mountain Core 250 - OMM<\/title>\n<meta name=\"description\" content=\"The Mountain Core 250, L\u00e4ttviktssovs\u00e4ck med utm\u00e4rkt komfort n\u00e4rmast huden. Bekv\u00e4m sovmilj\u00f6. F\u00f6r varierande v\u00e4derf\u00f6rh\u00e5llanden. Finest kvalitet syntetisk isolering.\" \/>\n<meta name=\"robots\" content=\"index, follow, max-snippet:-1, max-image-preview:large, max-video-preview:-1\" \/>\n<link rel=\"canonical\" href=\"https:\/\/theomm.com\/sv\/product\/mountain-core-250-2\/\" \/>\n<meta property=\"og:locale\" content=\"sv_SE\" \/>\n<meta property=\"og:type\" content=\"article\" \/>\n<meta property=\"og:title\" content=\"Mountain Core 250 - OMM\" \/>\n<meta property=\"og:description\" content=\"The Mountain Core 250, L\u00e4ttviktssovs\u00e4ck med utm\u00e4rkt komfort n\u00e4rmast huden. Bekv\u00e4m sovmilj\u00f6. F\u00f6r varierande v\u00e4derf\u00f6rh\u00e5llanden. Finest kvalitet syntetisk isolering.\" \/>\n<meta property=\"og:url\" content=\"https:\/\/theomm.com\/sv\/product\/mountain-core-250-2\/\" \/>\n<meta property=\"og:site_name\" content=\"OMM\" \/>\n<meta property=\"article:publisher\" content=\"https:\/\/www.facebook.com\/OMMrunning?_ga=2.203172945.1541616462.1665402953-280172632.1649426001\" \/>\n<meta property=\"article:modified_time\" content=\"2026-02-19T07:49:55+00:00\" \/>\n<meta property=\"og:image\" content=\"https:\/\/theomm.com\/wp-content\/uploads\/2023\/02\/OH017_Mountain_Core_250_Blue_Grey_Front.jpg\" \/>\n\t<meta property=\"og:image:width\" content=\"600\" \/>\n\t<meta property=\"og:image:height\" content=\"600\" \/>\n\t<meta property=\"og:image:type\" content=\"image\/jpeg\" \/>\n<meta name=\"twitter:card\" content=\"summary_large_image\" \/>\n<meta name=\"twitter:label1\" content=\"Ber\u00e4knad l\u00e4stid\" \/>\n\t<meta name=\"twitter:data1\" content=\"2 minutes\" \/>\n<script type=\"application\/ld+json\" class=\"yoast-schema-graph\">{\"@context\":\"https:\\\/\\\/schema.org\",\"@graph\":[{\"@type\":\"WebPage\",\"@id\":\"https:\\\/\\\/theomm.com\\\/sv\\\/product\\\/mountain-core-250-2\\\/\",\"url\":\"https:\\\/\\\/theomm.com\\\/sv\\\/product\\\/mountain-core-250-2\\\/\",\"name\":\"Mountain Core 250 - OMM\",\"isPartOf\":{\"@id\":\"https:\\\/\\\/theomm.com\\\/#website\"},\"primaryImageOfPage\":{\"@id\":\"https:\\\/\\\/theomm.com\\\/sv\\\/product\\\/mountain-core-250-2\\\/#primaryimage\"},\"image\":{\"@id\":\"https:\\\/\\\/theomm.com\\\/sv\\\/product\\\/mountain-core-250-2\\\/#primaryimage\"},\"thumbnailUrl\":\"https:\\\/\\\/theomm.com\\\/wp-content\\\/uploads\\\/2023\\\/02\\\/OH017_Mountain_Core_250_Blue_Grey_Front.jpg\",\"datePublished\":\"2023-02-28T16:33:01+00:00\",\"dateModified\":\"2026-02-19T07:49:55+00:00\",\"description\":\"The Mountain Core 250, L\u00e4ttviktssovs\u00e4ck med utm\u00e4rkt komfort n\u00e4rmast huden. Bekv\u00e4m sovmilj\u00f6. F\u00f6r varierande v\u00e4derf\u00f6rh\u00e5llanden. Finest kvalitet syntetisk isolering.\",\"breadcrumb\":{\"@id\":\"https:\\\/\\\/theomm.com\\\/sv\\\/product\\\/mountain-core-250-2\\\/#breadcrumb\"},\"inLanguage\":\"sv-SE\",\"potentialAction\":[{\"@type\":\"ReadAction\",\"target\":[\"https:\\\/\\\/theomm.com\\\/sv\\\/product\\\/mountain-core-250-2\\\/\"]}]},{\"@type\":\"ImageObject\",\"inLanguage\":\"sv-SE\",\"@id\":\"https:\\\/\\\/theomm.com\\\/sv\\\/product\\\/mountain-core-250-2\\\/#primaryimage\",\"url\":\"https:\\\/\\\/theomm.com\\\/wp-content\\\/uploads\\\/2023\\\/02\\\/OH017_Mountain_Core_250_Blue_Grey_Front.jpg\",\"contentUrl\":\"https:\\\/\\\/theomm.com\\\/wp-content\\\/uploads\\\/2023\\\/02\\\/OH017_Mountain_Core_250_Blue_Grey_Front.jpg\",\"width\":600,\"height\":600},{\"@type\":\"BreadcrumbList\",\"@id\":\"https:\\\/\\\/theomm.com\\\/sv\\\/product\\\/mountain-core-250-2\\\/#breadcrumb\",\"itemListElement\":[{\"@type\":\"ListItem\",\"position\":1,\"name\":\"Home\",\"item\":\"https:\\\/\\\/theomm.com\\\/sv\\\/original-mountain-marathon\\\/\"},{\"@type\":\"ListItem\",\"position\":2,\"name\":\"Produkter\",\"item\":\"https:\\\/\\\/theomm.com\\\/sv\\\/original-mountain-marathon\\\/produkter\\\/\"},{\"@type\":\"ListItem\",\"position\":3,\"name\":\"Mountain Core 250\"}]},{\"@type\":\"WebSite\",\"@id\":\"https:\\\/\\\/theomm.com\\\/#website\",\"url\":\"https:\\\/\\\/theomm.com\\\/\",\"name\":\"OMM\",\"description\":\"OMM is Technical clothing and equipment made for running in the mountains. Designed to the specifications of Original Mountain Marathon.\",\"alternateName\":\"Original Mountain Marathon\",\"potentialAction\":[{\"@type\":\"SearchAction\",\"target\":{\"@type\":\"EntryPoint\",\"urlTemplate\":\"https:\\\/\\\/theomm.com\\\/?s={search_term_string}\"},\"query-input\":{\"@type\":\"PropertyValueSpecification\",\"valueRequired\":true,\"valueName\":\"search_term_string\"}}],\"inLanguage\":\"sv-SE\"}]}<\/script>\n<!-- \/ Yoast SEO plugin. -->","yoast_head_json":{"title":"Mountain Core 250 - OMM","description":"The Mountain Core 250, L\u00e4ttviktssovs\u00e4ck med utm\u00e4rkt komfort n\u00e4rmast huden. Bekv\u00e4m sovmilj\u00f6. F\u00f6r varierande v\u00e4derf\u00f6rh\u00e5llanden. Finest kvalitet syntetisk isolering.","robots":{"index":"index","follow":"follow","max-snippet":"max-snippet:-1","max-image-preview":"max-image-preview:large","max-video-preview":"max-video-preview:-1"},"canonical":"https:\/\/theomm.com\/sv\/product\/mountain-core-250-2\/","og_locale":"sv_SE","og_type":"article","og_title":"Mountain Core 250 - OMM","og_description":"The Mountain Core 250, L\u00e4ttviktssovs\u00e4ck med utm\u00e4rkt komfort n\u00e4rmast huden. Bekv\u00e4m sovmilj\u00f6. F\u00f6r varierande v\u00e4derf\u00f6rh\u00e5llanden. Finest kvalitet syntetisk isolering.","og_url":"https:\/\/theomm.com\/sv\/product\/mountain-core-250-2\/","og_site_name":"OMM","article_publisher":"https:\/\/www.facebook.com\/OMMrunning?_ga=2.203172945.1541616462.1665402953-280172632.1649426001","article_modified_time":"2026-02-19T07:49:55+00:00","og_image":[{"width":600,"height":600,"url":"https:\/\/theomm.com\/wp-content\/uploads\/2023\/02\/OH017_Mountain_Core_250_Blue_Grey_Front.jpg","type":"image\/jpeg"}],"twitter_card":"summary_large_image","twitter_misc":{"Ber\u00e4knad l\u00e4stid":"2 minutes"},"schema":{"@context":"https:\/\/schema.org","@graph":[{"@type":"WebPage","@id":"https:\/\/theomm.com\/sv\/product\/mountain-core-250-2\/","url":"https:\/\/theomm.com\/sv\/product\/mountain-core-250-2\/","name":"Mountain Core 250 - OMM","isPartOf":{"@id":"https:\/\/theomm.com\/#website"},"primaryImageOfPage":{"@id":"https:\/\/theomm.com\/sv\/product\/mountain-core-250-2\/#primaryimage"},"image":{"@id":"https:\/\/theomm.com\/sv\/product\/mountain-core-250-2\/#primaryimage"},"thumbnailUrl":"https:\/\/theomm.com\/wp-content\/uploads\/2023\/02\/OH017_Mountain_Core_250_Blue_Grey_Front.jpg","datePublished":"2023-02-28T16:33:01+00:00","dateModified":"2026-02-19T07:49:55+00:00","description":"The Mountain Core 250, L\u00e4ttviktssovs\u00e4ck med utm\u00e4rkt komfort n\u00e4rmast huden. Bekv\u00e4m sovmilj\u00f6. F\u00f6r varierande v\u00e4derf\u00f6rh\u00e5llanden. Finest kvalitet syntetisk isolering.","breadcrumb":{"@id":"https:\/\/theomm.com\/sv\/product\/mountain-core-250-2\/#breadcrumb"},"inLanguage":"sv-SE","potentialAction":[{"@type":"ReadAction","target":["https:\/\/theomm.com\/sv\/product\/mountain-core-250-2\/"]}]},{"@type":"ImageObject","inLanguage":"sv-SE","@id":"https:\/\/theomm.com\/sv\/product\/mountain-core-250-2\/#primaryimage","url":"https:\/\/theomm.com\/wp-content\/uploads\/2023\/02\/OH017_Mountain_Core_250_Blue_Grey_Front.jpg","contentUrl":"https:\/\/theomm.com\/wp-content\/uploads\/2023\/02\/OH017_Mountain_Core_250_Blue_Grey_Front.jpg","width":600,"height":600},{"@type":"BreadcrumbList","@id":"https:\/\/theomm.com\/sv\/product\/mountain-core-250-2\/#breadcrumb","itemListElement":[{"@type":"ListItem","position":1,"name":"Home","item":"https:\/\/theomm.com\/sv\/original-mountain-marathon\/"},{"@type":"ListItem","position":2,"name":"Produkter","item":"https:\/\/theomm.com\/sv\/original-mountain-marathon\/produkter\/"},{"@type":"ListItem","position":3,"name":"Mountain Core 250"}]},{"@type":"WebSite","@id":"https:\/\/theomm.com\/#website","url":"https:\/\/theomm.com\/","name":"OMM","description":"OMM is Technical clothing and equipment made for running in the mountains. Designed to the specifications of Original Mountain Marathon.","alternateName":"Original Mountain Marathon","potentialAction":[{"@type":"SearchAction","target":{"@type":"EntryPoint","urlTemplate":"https:\/\/theomm.com\/?s={search_term_string}"},"query-input":{"@type":"PropertyValueSpecification","valueRequired":true,"valueName":"search_term_string"}}],"inLanguage":"sv-SE"}]}},"_links":{"self":[{"href":"https:\/\/theomm.com\/sv\/wp-json\/wp\/v2\/product\/163580","targetHints":{"allow":["GET"]}}],"collection":[{"href":"https:\/\/theomm.com\/sv\/wp-json\/wp\/v2\/product"}],"about":[{"href":"https:\/\/theomm.com\/sv\/wp-json\/wp\/v2\/types\/product"}],"wp:featuredmedia":[{"embeddable":true,"href":"https:\/\/theomm.com\/sv\/wp-json\/wp\/v2\/media\/157026"}],"wp:attachment":[{"href":"https:\/\/theomm.com\/sv\/wp-json\/wp\/v2\/media?parent=163580"}],"wp:term":[{"taxonomy":"locations","embeddable":true,"href":"https:\/\/theomm.com\/sv\/wp-json\/wp\/v2\/locations?post=163580"},{"taxonomy":"product_brand","embeddable":true,"href":"https:\/\/theomm.com\/sv\/wp-json\/wp\/v2\/product_brand?post=163580"},{"taxonomy":"product_cat","embeddable":true,"href":"https:\/\/theomm.com\/sv\/wp-json\/wp\/v2\/product_cat?post=163580"},{"taxonomy":"product_tag","embeddable":true,"href":"https:\/\/theomm.com\/sv\/wp-json\/wp\/v2\/product_tag?post=163580"}],"curies":[{"name":"wp","href":"https:\/\/api.w.org\/{rel}","templated":true}]}}