{"id":163599,"date":"2023-02-28T16:06:47","date_gmt":"2023-02-28T16:06:47","guid":{"rendered":"https:\/\/theomm.com\/product\/core-tee-2\/"},"modified":"2025-09-10T17:04:13","modified_gmt":"2025-09-10T17:04:13","slug":"core-tee-2","status":"publish","type":"product","link":"https:\/\/theomm.com\/sv\/product\/core-tee-2\/","title":{"rendered":"Core Tee"},"content":{"rendered":"<p>Core Tee &#8211; Core Tee tar den l\u00e4ttaste 75 g\/m2-versionen av PrimaLoft\u00ae ACTIVE, som anv\u00e4nds i Core Vest &amp; Hoodie, f\u00f6r att skapa ett otroligt varmt men l\u00e4tt lager, antingen som en frist\u00e5ende eller som en del av ett kallt v\u00e4derlageringssystem.<\/p>\n<p>Core kan b\u00e4ras n\u00e4rmast huden eller dras p\u00e5 \u00f6ver en f\u00f6rsta lager som ytterligare isolering, men vid endast 87 g och med en minimal packstorlek kan den b\u00e4ras utan viktpenalty n\u00e4r den inte beh\u00f6vs.<\/p>\n<p>PrimaLoft\u00ae ACTIVE har en otrolig luftpermeabilitet, vilket inneb\u00e4r att \u00f6verskottsv\u00e4rme enkelt kan avges n\u00e4r den b\u00e4rs ensam, bortskalad av all luftcirkulation. Men n\u00e4r den t\u00e4cks med ett skal eller vindt\u00e4tt material, f\u00e5ngas v\u00e4rmen n\u00e4ra huden. Detta m\u00f6jligg\u00f6r enkel kontroll av temperaturen under varierande output eller f\u00f6r\u00e4nderliga f\u00f6rh\u00e5llanden.<\/p>\n<p>PrimaLoft\u00ae ACTIVE suddar ut gr\u00e4nsen mellan vaddisolering och tyg; PrimaLoft\u00ae ACTIVE v\u00e4ver l\u00f6st PrimaLoft\u00ae industri-ledande isoleringsfibrer genom ett fint polyestermesh. Resultatet \u00e4r varmare och mindre \u00e4n h\u00e4lften s\u00e5 tungt som en konventionell fleeceproukt &#8211; Dunliknande prestanda n\u00e4r det \u00e4r torrt samtidigt som det fortfarande fungerar n\u00e4r det \u00e4r v\u00e5tt. L\u00c4TTVIKTIG ISOLERING MED MINIMAL VIKT ELLER VOLYM ANPASSNINGSBAR ISOLERING PrimaLoft\u00ae ACTIVE Isolerande Tyg v\u00e4ver PrimaLoft\u00ae fibrer p\u00e5 ett mesh, vilket ger en superh\u00f6g volym och \u00f6ppen struktur. Tyger isolerar genom att f\u00e4lla luftfickor som b\u00e4rarens v\u00e4rme inte kan passera igenom. Core-strukturen \u00e4r exceptionell p\u00e5 att skapa dessa fickor. Men \u00f6ppenheten till\u00e5ter ocks\u00e5 en l\u00e4tt bris att st\u00f6ra dessa luftfickor och ta bort isoleringseffekten. Core anv\u00e4nder detta till sin f\u00f6rdel; s\u00e4tt en l\u00e4tt skal \u00f6verst f\u00f6r det b\u00e4sta m\u00f6jliga v\u00e4rme-vikt-lagret och n\u00e4r du blir f\u00f6r varm, justera\/ta bort bara skalet och du kan forts\u00e4tta k\u00e4mpa h\u00e5rt mot toppen utan en klumpig lager att stuva undan. HALVA VIKTEN OCH PACKSTORLEKEN En enda meshtyg h\u00e5ller isoleringsplumen p\u00e5 plats och minskar behovet av extra tyglager och halverar vikten och packstorleken. FINASTE KVALITETEN SYNTETISK ISOLERING P\u00e5 OMM v\u00e4ljer vi alltid syntetisk isolering \u00f6ver dun f\u00f6r att vara s\u00e4kra p\u00e5 att vi kan bli varma \u00e4ven n\u00e4r allt \u00e4r v\u00e5tt. PrimaLoft\u00ae g\u00f6r den b\u00e4sta syntetiska isoleringen. PrimaLoft\u00ae ACTIVE Isolerande Tygteknologi anv\u00e4nder 58% postkonsument\u00e5tervunnet material, den \u00e4r Bluesign- och Oeke-Tex-godk\u00e4nd. Forts\u00e4tter att isolera \u00e4ven om den \u00e4r v\u00e5t.\u00a0<\/p>\n<p>Flatlock-s\u00f6mmar som \u00e4r placerade bort fr\u00e5n axlarna 58% \u00e5tervunnen tyg Mjuk krage Reflekterande logga F\u00e4rger: M\u00f6rkr\u00f6d, Svart, Bl\u00e5 Tyg: PrimaLoft\u00ae ACTIVE 75g\/m2 Vikt: 765g Storlekar: XS \/ S \/ M \/ L \/ XL<\/p>\n","protected":false},"excerpt":{"rendered":"<p>Core Tee tar den l\u00e4ttaste 75g\/m2-versionen av PrimaLoft\u00ae ACTIVE, som anv\u00e4nds i Core Vest &amp; Hoodie, f\u00f6r att skapa en otroligt varm men \u00e4nd\u00e5 l\u00e4tt lager, antingen som en frist\u00e5ende produkt eller som en del av ett lager-p\u00e5-lager-system f\u00f6r kallt v\u00e4der.<\/p>\n<p>Core kan b\u00e4ras n\u00e4rmast huden eller dras p\u00e5 \u00f6ver ett f\u00f6rsta lager som extra isolering, men med en vikt p\u00e5 bara 87 g och en liten packstorlek kan den b\u00e4ras utan extra vikt n\u00e4r den inte beh\u00f6vs.<\/p>\n<p>PrimaLoft\u00ae ACTIVE har en fantastisk luftgenomsl\u00e4pplighet, vilket inneb\u00e4r att n\u00e4r den b\u00e4rs ensam, sl\u00e4pper den l\u00e4tt bort \u00f6verfl\u00f6dig v\u00e4rme som tas bort av luftstr\u00f6mmar, men n\u00e4r den t\u00e4cks med ett skal eller vindt\u00e4tt material, f\u00e5ngas v\u00e4rmen n\u00e4ra huden. Detta m\u00f6jligg\u00f6r enkel kontroll av temperaturen under varierande f\u00f6ruts\u00e4ttningar.<\/p>\n<p>PrimaLoft\u00ae ACTIVE suddar ut gr\u00e4nsen mellan vaddisolering och tyg; PrimaLoft\u00ae ACTIVE v\u00e4ver l\u00f6st PrimaLoft\u00ae&#8217;s branschledande isoleringsfibrer genom ett fint polyester-n\u00e4t. Den resulterande strukturen \u00e4r varmare och mindre \u00e4n h\u00e4lften av vikten p\u00e5 en konventionell fleecefiberprodukt &#8211; med dun-liknande prestanda n\u00e4r den \u00e4r torr samtidigt som den forts\u00e4tter att prestera n\u00e4r den \u00e4r v\u00e5t.<\/p>\n","protected":false},"featured_media":156440,"template":"","meta":{"_acf_changed":false,"_et_pb_use_builder":"","_et_pb_old_content":"","_et_gb_content_width":""},"locations":[1196],"product_brand":[],"product_cat":[1279,1273,1272,1277],"product_tag":[2306,2422,2420,2394],"class_list":{"0":"post-163599","1":"product","2":"type-product","3":"status-publish","4":"has-post-thumbnail","6":"locations-uk","7":"product_cat-core-sv","8":"product_cat-forsta-lagret","9":"product_cat-klader","10":"product_cat-mellanlager","11":"product_tag-core-sv","12":"product_tag-insulated-gillet-sv","13":"product_tag-omm-core-vest-sv","14":"product_tag-primaloft-active-sv","15":"pa_color-bla-sv","16":"pa_color-morkrod","17":"pa_color-svart","18":"pa_colour-bla-sv","19":"pa_colour-morkrod","20":"pa_colour-svart","21":"pa_gender-mens-sv","22":"pa_size-stor-sv","23":"pa_size-medium-sv","24":"pa_size-sma","25":"pa_size-x-stor-sv","26":"pa_size-x-sma","27":"pa_technology-primaloft-active","28":"pa_weight-50-100g","30":"first","31":"instock","32":"taxable","33":"shipping-taxable","34":"purchasable","35":"product-type-variable","36":"wvs-archive-product-wrapper"},"acf":[],"yoast_head":"<!-- This site is optimized with the Yoast SEO plugin v27.3 - https:\/\/yoast.com\/product\/yoast-seo-wordpress\/ -->\n<title>Core Tee - OMM<\/title>\n<meta name=\"description\" content=\"The Core Tee, L\u00e4ttviktsisolering med minimal vikt eller bulk. Anpassningsbar isolering. Halva vikten och packstorleken. B\u00e4sta m\u00f6jliga syntetiska isolering av finaste kvalitet.\" \/>\n<meta name=\"robots\" content=\"index, follow, max-snippet:-1, max-image-preview:large, max-video-preview:-1\" \/>\n<link rel=\"canonical\" href=\"https:\/\/theomm.com\/product\/core-tee\/\" \/>\n<meta property=\"og:locale\" content=\"sv_SE\" \/>\n<meta property=\"og:type\" content=\"article\" \/>\n<meta property=\"og:title\" content=\"Core Tee - OMM\" \/>\n<meta property=\"og:description\" content=\"The Core Tee, L\u00e4ttviktsisolering med minimal vikt eller bulk. Anpassningsbar isolering. Halva vikten och packstorleken. B\u00e4sta m\u00f6jliga syntetiska isolering av finaste kvalitet.\" \/>\n<meta property=\"og:url\" content=\"https:\/\/theomm.com\/product\/core-tee\/\" \/>\n<meta property=\"og:site_name\" content=\"OMM\" \/>\n<meta property=\"article:publisher\" content=\"https:\/\/www.facebook.com\/OMMrunning?_ga=2.203172945.1541616462.1665402953-280172632.1649426001\" \/>\n<meta property=\"article:modified_time\" content=\"2025-09-10T17:04:13+00:00\" \/>\n<meta property=\"og:image\" content=\"https:\/\/theomm.com\/wp-content\/uploads\/2023\/02\/OC183_Core_Tee_Black_Front.jpg\" \/>\n\t<meta property=\"og:image:width\" content=\"600\" \/>\n\t<meta property=\"og:image:height\" content=\"600\" \/>\n\t<meta property=\"og:image:type\" content=\"image\/jpeg\" \/>\n<meta name=\"twitter:card\" content=\"summary_large_image\" \/>\n<meta name=\"twitter:label1\" content=\"Ber\u00e4knad l\u00e4stid\" \/>\n\t<meta name=\"twitter:data1\" content=\"2 minutes\" \/>\n<script type=\"application\/ld+json\" class=\"yoast-schema-graph\">{\"@context\":\"https:\\\/\\\/schema.org\",\"@graph\":[{\"@type\":\"WebPage\",\"@id\":\"https:\\\/\\\/theomm.com\\\/product\\\/core-tee\\\/\",\"url\":\"https:\\\/\\\/theomm.com\\\/product\\\/core-tee\\\/\",\"name\":\"Core Tee - OMM\",\"isPartOf\":{\"@id\":\"https:\\\/\\\/theomm.com\\\/#website\"},\"primaryImageOfPage\":{\"@id\":\"https:\\\/\\\/theomm.com\\\/product\\\/core-tee\\\/#primaryimage\"},\"image\":{\"@id\":\"https:\\\/\\\/theomm.com\\\/product\\\/core-tee\\\/#primaryimage\"},\"thumbnailUrl\":\"https:\\\/\\\/theomm.com\\\/wp-content\\\/uploads\\\/2023\\\/02\\\/OC183_Core_Tee_Black_Front.jpg\",\"datePublished\":\"2023-02-28T16:06:47+00:00\",\"dateModified\":\"2025-09-10T17:04:13+00:00\",\"description\":\"The Core Tee, L\u00e4ttviktsisolering med minimal vikt eller bulk. Anpassningsbar isolering. Halva vikten och packstorleken. B\u00e4sta m\u00f6jliga syntetiska isolering av finaste kvalitet.\",\"breadcrumb\":{\"@id\":\"https:\\\/\\\/theomm.com\\\/product\\\/core-tee\\\/#breadcrumb\"},\"inLanguage\":\"sv-SE\",\"potentialAction\":[{\"@type\":\"ReadAction\",\"target\":[\"https:\\\/\\\/theomm.com\\\/product\\\/core-tee\\\/\"]}]},{\"@type\":\"ImageObject\",\"inLanguage\":\"sv-SE\",\"@id\":\"https:\\\/\\\/theomm.com\\\/product\\\/core-tee\\\/#primaryimage\",\"url\":\"https:\\\/\\\/theomm.com\\\/wp-content\\\/uploads\\\/2023\\\/02\\\/OC183_Core_Tee_Black_Front.jpg\",\"contentUrl\":\"https:\\\/\\\/theomm.com\\\/wp-content\\\/uploads\\\/2023\\\/02\\\/OC183_Core_Tee_Black_Front.jpg\",\"width\":600,\"height\":600},{\"@type\":\"BreadcrumbList\",\"@id\":\"https:\\\/\\\/theomm.com\\\/product\\\/core-tee\\\/#breadcrumb\",\"itemListElement\":[{\"@type\":\"ListItem\",\"position\":1,\"name\":\"Home\",\"item\":\"https:\\\/\\\/theomm.com\\\/sv\\\/original-mountain-marathon\\\/\"},{\"@type\":\"ListItem\",\"position\":2,\"name\":\"Produkter\",\"item\":\"https:\\\/\\\/theomm.com\\\/sv\\\/original-mountain-marathon\\\/produkter\\\/\"},{\"@type\":\"ListItem\",\"position\":3,\"name\":\"Core Tee\"}]},{\"@type\":\"WebSite\",\"@id\":\"https:\\\/\\\/theomm.com\\\/#website\",\"url\":\"https:\\\/\\\/theomm.com\\\/\",\"name\":\"OMM\",\"description\":\"OMM is Technical clothing and equipment made for running in the mountains. Designed to the specifications of Original Mountain Marathon.\",\"alternateName\":\"Original Mountain Marathon\",\"potentialAction\":[{\"@type\":\"SearchAction\",\"target\":{\"@type\":\"EntryPoint\",\"urlTemplate\":\"https:\\\/\\\/theomm.com\\\/?s={search_term_string}\"},\"query-input\":{\"@type\":\"PropertyValueSpecification\",\"valueRequired\":true,\"valueName\":\"search_term_string\"}}],\"inLanguage\":\"sv-SE\"}]}<\/script>\n<!-- \/ Yoast SEO plugin. -->","yoast_head_json":{"title":"Core Tee - OMM","description":"The Core Tee, L\u00e4ttviktsisolering med minimal vikt eller bulk. Anpassningsbar isolering. Halva vikten och packstorleken. B\u00e4sta m\u00f6jliga syntetiska isolering av finaste kvalitet.","robots":{"index":"index","follow":"follow","max-snippet":"max-snippet:-1","max-image-preview":"max-image-preview:large","max-video-preview":"max-video-preview:-1"},"canonical":"https:\/\/theomm.com\/product\/core-tee\/","og_locale":"sv_SE","og_type":"article","og_title":"Core Tee - OMM","og_description":"The Core Tee, L\u00e4ttviktsisolering med minimal vikt eller bulk. Anpassningsbar isolering. Halva vikten och packstorleken. B\u00e4sta m\u00f6jliga syntetiska isolering av finaste kvalitet.","og_url":"https:\/\/theomm.com\/product\/core-tee\/","og_site_name":"OMM","article_publisher":"https:\/\/www.facebook.com\/OMMrunning?_ga=2.203172945.1541616462.1665402953-280172632.1649426001","article_modified_time":"2025-09-10T17:04:13+00:00","og_image":[{"width":600,"height":600,"url":"https:\/\/theomm.com\/wp-content\/uploads\/2023\/02\/OC183_Core_Tee_Black_Front.jpg","type":"image\/jpeg"}],"twitter_card":"summary_large_image","twitter_misc":{"Ber\u00e4knad l\u00e4stid":"2 minutes"},"schema":{"@context":"https:\/\/schema.org","@graph":[{"@type":"WebPage","@id":"https:\/\/theomm.com\/product\/core-tee\/","url":"https:\/\/theomm.com\/product\/core-tee\/","name":"Core Tee - OMM","isPartOf":{"@id":"https:\/\/theomm.com\/#website"},"primaryImageOfPage":{"@id":"https:\/\/theomm.com\/product\/core-tee\/#primaryimage"},"image":{"@id":"https:\/\/theomm.com\/product\/core-tee\/#primaryimage"},"thumbnailUrl":"https:\/\/theomm.com\/wp-content\/uploads\/2023\/02\/OC183_Core_Tee_Black_Front.jpg","datePublished":"2023-02-28T16:06:47+00:00","dateModified":"2025-09-10T17:04:13+00:00","description":"The Core Tee, L\u00e4ttviktsisolering med minimal vikt eller bulk. Anpassningsbar isolering. Halva vikten och packstorleken. B\u00e4sta m\u00f6jliga syntetiska isolering av finaste kvalitet.","breadcrumb":{"@id":"https:\/\/theomm.com\/product\/core-tee\/#breadcrumb"},"inLanguage":"sv-SE","potentialAction":[{"@type":"ReadAction","target":["https:\/\/theomm.com\/product\/core-tee\/"]}]},{"@type":"ImageObject","inLanguage":"sv-SE","@id":"https:\/\/theomm.com\/product\/core-tee\/#primaryimage","url":"https:\/\/theomm.com\/wp-content\/uploads\/2023\/02\/OC183_Core_Tee_Black_Front.jpg","contentUrl":"https:\/\/theomm.com\/wp-content\/uploads\/2023\/02\/OC183_Core_Tee_Black_Front.jpg","width":600,"height":600},{"@type":"BreadcrumbList","@id":"https:\/\/theomm.com\/product\/core-tee\/#breadcrumb","itemListElement":[{"@type":"ListItem","position":1,"name":"Home","item":"https:\/\/theomm.com\/sv\/original-mountain-marathon\/"},{"@type":"ListItem","position":2,"name":"Produkter","item":"https:\/\/theomm.com\/sv\/original-mountain-marathon\/produkter\/"},{"@type":"ListItem","position":3,"name":"Core Tee"}]},{"@type":"WebSite","@id":"https:\/\/theomm.com\/#website","url":"https:\/\/theomm.com\/","name":"OMM","description":"OMM is Technical clothing and equipment made for running in the mountains. Designed to the specifications of Original Mountain Marathon.","alternateName":"Original Mountain Marathon","potentialAction":[{"@type":"SearchAction","target":{"@type":"EntryPoint","urlTemplate":"https:\/\/theomm.com\/?s={search_term_string}"},"query-input":{"@type":"PropertyValueSpecification","valueRequired":true,"valueName":"search_term_string"}}],"inLanguage":"sv-SE"}]}},"_links":{"self":[{"href":"https:\/\/theomm.com\/sv\/wp-json\/wp\/v2\/product\/163599","targetHints":{"allow":["GET"]}}],"collection":[{"href":"https:\/\/theomm.com\/sv\/wp-json\/wp\/v2\/product"}],"about":[{"href":"https:\/\/theomm.com\/sv\/wp-json\/wp\/v2\/types\/product"}],"wp:featuredmedia":[{"embeddable":true,"href":"https:\/\/theomm.com\/sv\/wp-json\/wp\/v2\/media\/156440"}],"wp:attachment":[{"href":"https:\/\/theomm.com\/sv\/wp-json\/wp\/v2\/media?parent=163599"}],"wp:term":[{"taxonomy":"locations","embeddable":true,"href":"https:\/\/theomm.com\/sv\/wp-json\/wp\/v2\/locations?post=163599"},{"taxonomy":"product_brand","embeddable":true,"href":"https:\/\/theomm.com\/sv\/wp-json\/wp\/v2\/product_brand?post=163599"},{"taxonomy":"product_cat","embeddable":true,"href":"https:\/\/theomm.com\/sv\/wp-json\/wp\/v2\/product_cat?post=163599"},{"taxonomy":"product_tag","embeddable":true,"href":"https:\/\/theomm.com\/sv\/wp-json\/wp\/v2\/product_tag?post=163599"}],"curies":[{"name":"wp","href":"https:\/\/api.w.org\/{rel}","templated":true}]}}