{"id":163618,"date":"2023-02-28T15:10:26","date_gmt":"2023-02-28T15:10:26","guid":{"rendered":"https:\/\/theomm.com\/product\/nitro-tee-w-2\/"},"modified":"2025-09-10T17:04:05","modified_gmt":"2025-09-10T17:04:05","slug":"nitro-tee-w","status":"publish","type":"product","link":"https:\/\/theomm.com\/sv\/product\/nitro-tee-w\/","title":{"rendered":"Nitro Tee (W)"},"content":{"rendered":"","protected":false},"excerpt":{"rendered":"<p>Nitro Tee k\u00e4nns som ingenting annat. Faktum \u00e4r att det k\u00e4nns som ingenting alls.<\/p>\n<p>Denna kvinnliga prestationstee anv\u00e4nder en ultral\u00e4tt 4-v\u00e4gs stretchtyg f\u00f6r en knappt m\u00e4rkbar upplevelse. Nitro Tee ser bra ut utan att l\u00e4gga till v\u00e4rme eller vikt. Snabb fukttransport och snabbtorkande perfekt f\u00f6r l\u00f6pning i varmt v\u00e4der.<\/p>\n","protected":false},"featured_media":156400,"template":"","meta":{"_acf_changed":false,"_et_pb_use_builder":"off","_et_pb_old_content":"","_et_gb_content_width":""},"locations":[],"product_brand":[],"product_cat":[1273,1272,1281],"product_tag":[2540,2459,2681,2286,2324],"class_list":{"0":"post-163618","1":"product","2":"type-product","3":"status-publish","4":"has-post-thumbnail","6":"product_cat-forsta-lagret","7":"product_cat-klader","8":"product_cat-nyheter","9":"product_tag-forsta-lagret","10":"product_tag-lightweight-sv","11":"product_tag-lightweight-running-top-sv","12":"product_tag-sp-sv","13":"product_tag-womens-running-tee-sv","14":"pa_color-gra-sv","15":"pa_color-gron-sv","16":"pa_color-gul-sv","17":"pa_color-navy-sv","18":"pa_color-orange-sv","19":"pa_colour-gra-sv","20":"pa_colour-gul-sv","21":"pa_colour-morkgron","22":"pa_colour-navy-sv","23":"pa_colour-orange-sv","24":"pa_size-stor-sv","25":"pa_size-medium-sv","26":"pa_size-sma","27":"pa_size-x-stor-sv","28":"pa_size-x-sma","29":"pa_technology-airflex","30":"pa_weight-0-50g","32":"first","33":"instock","34":"taxable","35":"shipping-taxable","36":"purchasable","37":"product-type-variable","38":"wvs-archive-product-wrapper"},"acf":[],"yoast_head":"<!-- This site is optimized with the Yoast SEO plugin v27.4 - https:\/\/yoast.com\/product\/yoast-seo-wordpress\/ -->\n<title>Nitro Tee (W) - OMM<\/title>\n<meta name=\"description\" content=\"Superl\u00e4tt tr\u00e4ningsoverall f\u00f6r kvinnor. L\u00e4tt prestanda. H\u00e5ll dig sval med \u00f6verl\u00e4gsen komfort.\" \/>\n<meta name=\"robots\" content=\"index, follow, max-snippet:-1, max-image-preview:large, max-video-preview:-1\" \/>\n<link rel=\"canonical\" href=\"https:\/\/theomm.com\/sv\/product\/nitro-tee-w\/\" \/>\n<meta property=\"og:locale\" content=\"sv_SE\" \/>\n<meta property=\"og:type\" content=\"article\" \/>\n<meta property=\"og:title\" content=\"Nitro Tee (W) - OMM\" \/>\n<meta property=\"og:description\" content=\"Superl\u00e4tt tr\u00e4ningsoverall f\u00f6r kvinnor. L\u00e4tt prestanda. H\u00e5ll dig sval med \u00f6verl\u00e4gsen komfort.\" \/>\n<meta property=\"og:url\" content=\"https:\/\/theomm.com\/sv\/product\/nitro-tee-w\/\" \/>\n<meta property=\"og:site_name\" content=\"OMM\" \/>\n<meta property=\"article:publisher\" content=\"https:\/\/www.facebook.com\/OMMrunning?_ga=2.203172945.1541616462.1665402953-280172632.1649426001\" \/>\n<meta property=\"article:modified_time\" content=\"2025-09-10T17:04:05+00:00\" \/>\n<meta property=\"og:image\" content=\"https:\/\/theomm.com\/wp-content\/uploads\/2023\/02\/OC181_Nitro_Tee_Womens_Navy_Front.jpg\" \/>\n\t<meta property=\"og:image:width\" content=\"600\" \/>\n\t<meta property=\"og:image:height\" content=\"600\" \/>\n\t<meta property=\"og:image:type\" content=\"image\/jpeg\" \/>\n<meta name=\"twitter:card\" content=\"summary_large_image\" \/>\n<script type=\"application\/ld+json\" class=\"yoast-schema-graph\">{\"@context\":\"https:\\\/\\\/schema.org\",\"@graph\":[{\"@type\":\"WebPage\",\"@id\":\"https:\\\/\\\/theomm.com\\\/sv\\\/product\\\/nitro-tee-w\\\/\",\"url\":\"https:\\\/\\\/theomm.com\\\/sv\\\/product\\\/nitro-tee-w\\\/\",\"name\":\"Nitro Tee (W) - OMM\",\"isPartOf\":{\"@id\":\"https:\\\/\\\/theomm.com\\\/#website\"},\"primaryImageOfPage\":{\"@id\":\"https:\\\/\\\/theomm.com\\\/sv\\\/product\\\/nitro-tee-w\\\/#primaryimage\"},\"image\":{\"@id\":\"https:\\\/\\\/theomm.com\\\/sv\\\/product\\\/nitro-tee-w\\\/#primaryimage\"},\"thumbnailUrl\":\"https:\\\/\\\/theomm.com\\\/wp-content\\\/uploads\\\/2023\\\/02\\\/OC181_Nitro_Tee_Womens_Navy_Front.jpg\",\"datePublished\":\"2023-02-28T15:10:26+00:00\",\"dateModified\":\"2025-09-10T17:04:05+00:00\",\"description\":\"Superl\u00e4tt tr\u00e4ningsoverall f\u00f6r kvinnor. L\u00e4tt prestanda. H\u00e5ll dig sval med \u00f6verl\u00e4gsen komfort.\",\"breadcrumb\":{\"@id\":\"https:\\\/\\\/theomm.com\\\/sv\\\/product\\\/nitro-tee-w\\\/#breadcrumb\"},\"inLanguage\":\"sv-SE\",\"potentialAction\":[{\"@type\":\"ReadAction\",\"target\":[\"https:\\\/\\\/theomm.com\\\/sv\\\/product\\\/nitro-tee-w\\\/\"]}]},{\"@type\":\"ImageObject\",\"inLanguage\":\"sv-SE\",\"@id\":\"https:\\\/\\\/theomm.com\\\/sv\\\/product\\\/nitro-tee-w\\\/#primaryimage\",\"url\":\"https:\\\/\\\/theomm.com\\\/wp-content\\\/uploads\\\/2023\\\/02\\\/OC181_Nitro_Tee_Womens_Navy_Front.jpg\",\"contentUrl\":\"https:\\\/\\\/theomm.com\\\/wp-content\\\/uploads\\\/2023\\\/02\\\/OC181_Nitro_Tee_Womens_Navy_Front.jpg\",\"width\":600,\"height\":600},{\"@type\":\"BreadcrumbList\",\"@id\":\"https:\\\/\\\/theomm.com\\\/sv\\\/product\\\/nitro-tee-w\\\/#breadcrumb\",\"itemListElement\":[{\"@type\":\"ListItem\",\"position\":1,\"name\":\"Home\",\"item\":\"https:\\\/\\\/theomm.com\\\/sv\\\/original-mountain-marathon\\\/\"},{\"@type\":\"ListItem\",\"position\":2,\"name\":\"Produkter\",\"item\":\"https:\\\/\\\/theomm.com\\\/sv\\\/original-mountain-marathon\\\/produkter\\\/\"},{\"@type\":\"ListItem\",\"position\":3,\"name\":\"Nitro Tee (W)\"}]},{\"@type\":\"WebSite\",\"@id\":\"https:\\\/\\\/theomm.com\\\/#website\",\"url\":\"https:\\\/\\\/theomm.com\\\/\",\"name\":\"OMM\",\"description\":\"OMM is Technical clothing and equipment made for running in the mountains. Designed to the specifications of Original Mountain Marathon.\",\"alternateName\":\"Original Mountain Marathon\",\"potentialAction\":[{\"@type\":\"SearchAction\",\"target\":{\"@type\":\"EntryPoint\",\"urlTemplate\":\"https:\\\/\\\/theomm.com\\\/?s={search_term_string}\"},\"query-input\":{\"@type\":\"PropertyValueSpecification\",\"valueRequired\":true,\"valueName\":\"search_term_string\"}}],\"inLanguage\":\"sv-SE\"}]}<\/script>\n<!-- \/ Yoast SEO plugin. -->","yoast_head_json":{"title":"Nitro Tee (W) - OMM","description":"Superl\u00e4tt tr\u00e4ningsoverall f\u00f6r kvinnor. L\u00e4tt prestanda. H\u00e5ll dig sval med \u00f6verl\u00e4gsen komfort.","robots":{"index":"index","follow":"follow","max-snippet":"max-snippet:-1","max-image-preview":"max-image-preview:large","max-video-preview":"max-video-preview:-1"},"canonical":"https:\/\/theomm.com\/sv\/product\/nitro-tee-w\/","og_locale":"sv_SE","og_type":"article","og_title":"Nitro Tee (W) - OMM","og_description":"Superl\u00e4tt tr\u00e4ningsoverall f\u00f6r kvinnor. L\u00e4tt prestanda. H\u00e5ll dig sval med \u00f6verl\u00e4gsen komfort.","og_url":"https:\/\/theomm.com\/sv\/product\/nitro-tee-w\/","og_site_name":"OMM","article_publisher":"https:\/\/www.facebook.com\/OMMrunning?_ga=2.203172945.1541616462.1665402953-280172632.1649426001","article_modified_time":"2025-09-10T17:04:05+00:00","og_image":[{"width":600,"height":600,"url":"https:\/\/theomm.com\/wp-content\/uploads\/2023\/02\/OC181_Nitro_Tee_Womens_Navy_Front.jpg","type":"image\/jpeg"}],"twitter_card":"summary_large_image","schema":{"@context":"https:\/\/schema.org","@graph":[{"@type":"WebPage","@id":"https:\/\/theomm.com\/sv\/product\/nitro-tee-w\/","url":"https:\/\/theomm.com\/sv\/product\/nitro-tee-w\/","name":"Nitro Tee (W) - OMM","isPartOf":{"@id":"https:\/\/theomm.com\/#website"},"primaryImageOfPage":{"@id":"https:\/\/theomm.com\/sv\/product\/nitro-tee-w\/#primaryimage"},"image":{"@id":"https:\/\/theomm.com\/sv\/product\/nitro-tee-w\/#primaryimage"},"thumbnailUrl":"https:\/\/theomm.com\/wp-content\/uploads\/2023\/02\/OC181_Nitro_Tee_Womens_Navy_Front.jpg","datePublished":"2023-02-28T15:10:26+00:00","dateModified":"2025-09-10T17:04:05+00:00","description":"Superl\u00e4tt tr\u00e4ningsoverall f\u00f6r kvinnor. L\u00e4tt prestanda. H\u00e5ll dig sval med \u00f6verl\u00e4gsen komfort.","breadcrumb":{"@id":"https:\/\/theomm.com\/sv\/product\/nitro-tee-w\/#breadcrumb"},"inLanguage":"sv-SE","potentialAction":[{"@type":"ReadAction","target":["https:\/\/theomm.com\/sv\/product\/nitro-tee-w\/"]}]},{"@type":"ImageObject","inLanguage":"sv-SE","@id":"https:\/\/theomm.com\/sv\/product\/nitro-tee-w\/#primaryimage","url":"https:\/\/theomm.com\/wp-content\/uploads\/2023\/02\/OC181_Nitro_Tee_Womens_Navy_Front.jpg","contentUrl":"https:\/\/theomm.com\/wp-content\/uploads\/2023\/02\/OC181_Nitro_Tee_Womens_Navy_Front.jpg","width":600,"height":600},{"@type":"BreadcrumbList","@id":"https:\/\/theomm.com\/sv\/product\/nitro-tee-w\/#breadcrumb","itemListElement":[{"@type":"ListItem","position":1,"name":"Home","item":"https:\/\/theomm.com\/sv\/original-mountain-marathon\/"},{"@type":"ListItem","position":2,"name":"Produkter","item":"https:\/\/theomm.com\/sv\/original-mountain-marathon\/produkter\/"},{"@type":"ListItem","position":3,"name":"Nitro Tee (W)"}]},{"@type":"WebSite","@id":"https:\/\/theomm.com\/#website","url":"https:\/\/theomm.com\/","name":"OMM","description":"OMM is Technical clothing and equipment made for running in the mountains. Designed to the specifications of Original Mountain Marathon.","alternateName":"Original Mountain Marathon","potentialAction":[{"@type":"SearchAction","target":{"@type":"EntryPoint","urlTemplate":"https:\/\/theomm.com\/?s={search_term_string}"},"query-input":{"@type":"PropertyValueSpecification","valueRequired":true,"valueName":"search_term_string"}}],"inLanguage":"sv-SE"}]}},"_links":{"self":[{"href":"https:\/\/theomm.com\/sv\/wp-json\/wp\/v2\/product\/163618","targetHints":{"allow":["GET"]}}],"collection":[{"href":"https:\/\/theomm.com\/sv\/wp-json\/wp\/v2\/product"}],"about":[{"href":"https:\/\/theomm.com\/sv\/wp-json\/wp\/v2\/types\/product"}],"wp:featuredmedia":[{"embeddable":true,"href":"https:\/\/theomm.com\/sv\/wp-json\/wp\/v2\/media\/156400"}],"wp:attachment":[{"href":"https:\/\/theomm.com\/sv\/wp-json\/wp\/v2\/media?parent=163618"}],"wp:term":[{"taxonomy":"locations","embeddable":true,"href":"https:\/\/theomm.com\/sv\/wp-json\/wp\/v2\/locations?post=163618"},{"taxonomy":"product_brand","embeddable":true,"href":"https:\/\/theomm.com\/sv\/wp-json\/wp\/v2\/product_brand?post=163618"},{"taxonomy":"product_cat","embeddable":true,"href":"https:\/\/theomm.com\/sv\/wp-json\/wp\/v2\/product_cat?post=163618"},{"taxonomy":"product_tag","embeddable":true,"href":"https:\/\/theomm.com\/sv\/wp-json\/wp\/v2\/product_tag?post=163618"}],"curies":[{"name":"wp","href":"https:\/\/api.w.org\/{rel}","templated":true}]}}