{"id":163650,"date":"2022-03-16T10:50:32","date_gmt":"2022-03-16T10:50:32","guid":{"rendered":"https:\/\/theomm.com\/product\/mtnfire-15-2-x-350ml-flexi-flask-2\/"},"modified":"2025-10-09T13:32:20","modified_gmt":"2025-10-09T13:32:20","slug":"mtnfire-15-2-x-350ml-flexi-flask-2","status":"publish","type":"product","link":"https:\/\/theomm.com\/sv\/product\/mtnfire-15-2-x-350ml-flexi-flask-2\/","title":{"rendered":"MtnFire 15 + 2 X 350ml  Flexi Flask"},"content":{"rendered":"","protected":false},"excerpt":{"rendered":"<p>MtnFire 15 har en \u00f6kad volym med roll-top-ficka p\u00e5 baksidan med 15 liter, vilket g\u00f6r att du till och med kan packa f\u00f6r en 2-dagars Mountain Marathon. Levereras komplett med 2 x 350 ml Flexi Flaskor.<\/p>\n<p>Denna till\u00e4gg f\u00f6rbereder l\u00f6paren att h\u00e5lla sig s\u00e4ker med mindre \u00e5tkomst till n\u00f6dutrustning s\u00e5som extra torra lager, mat och f\u00f6rsta hj\u00e4lpen. Ytterligare fack f\u00f6r bl\u00e5sa.<\/p>\n<p>Stretchig mesh-harness och fickor minskar hopp under l\u00f6pning och h\u00e5ller din utrustning n\u00e4ra kroppen. Och med 7 stora stretch-fickor framtill finns det gott om utrymme f\u00f6r dina viktigaste tillbeh\u00f6r under r\u00f6relse.<\/p>\n","protected":false},"featured_media":153431,"template":"","meta":{"_acf_changed":false,"_et_pb_use_builder":"off","_et_pb_old_content":"<p>MtnFire 15 + 2 X 350ml Flexi Flask - MtnFire 15 har en \u00f6kad volym rulltoppsficka p\u00e5 baksidan p\u00e5 15 liter, du kan till och med packa f\u00f6r en 2 dagars Mountain Marathon. Levereras komplett med 2 x 350 ml Flexi-flaskor. Detta till\u00e4gg f\u00f6rbereder l\u00f6paren att h\u00e5lla sig s\u00e4ker med mindre tillg\u00e4ngligt n\u00f6dutrustning som extra torra lager, mat och f\u00f6rsta hj\u00e4lpen. Ytterligare \u00e4rm f\u00f6r bl\u00e5sa. MtnFire 15 + 2 X 350ml Flexi Flask har str\u00e4ckbart meshsele och fickor minskar studsen medan du springer och h\u00e5ller din utrustning n\u00e4ra kroppen. Och med 7 stora str\u00e4ckfickor framtill finns det gott om plats f\u00f6r viktiga saker under r\u00f6relse. ROLL TOP RACE VEST MED EXTRA KAPACITET F\u00d6R L\u00c4NGRE EXCURSIONER &amp; MJUKA FLASKOR STABILT B\u00c4R Skr\u00e4ddarsydd passform och toppmoderna tyger s\u00e4kerst\u00e4ller ett stabilt b\u00e4rande under hela din l\u00f6prunda. Str\u00e4ckbart mesh h\u00e5ller utrustningen n\u00e4ra kroppen och minskar studsningen medan det bakre kompressionssystemet och rulltoppen h\u00e5ller reservutrustningen p\u00e5 plats. KAPACITET &amp; \u00c5TKOMST Med 7 stora stretch-meshfickor framtill, inklusive tv\u00e5 blixtl\u00e5sfickor, finns det gott om plats f\u00f6r mat, v\u00e4tska och viktiga saker under r\u00f6relse som karta, kompass, hatt och handskar. Den 15 liters bakre rulltoppsv\u00e4skan \u00e4r perfekt f\u00f6r extra lager, extra mat eller till och med din Mountain Marathon-utrustningslista. HYDRERING KOMPATIBEL Framfickor rymmer upp till 500 ml Flexi-flaskor plus bakre hydreringsficka kan rymma upp till 3 liters Ultra Bladder. Inkluderar 2 x 350 ml Flexi-flaskor Rulle-top v\u00e4derbest\u00e4ndig bakre fack 2 s\u00e4kra blixtl\u00e5sfickor Hydreringssystem kompatibelt Reflexdetaljer Passar 2 x Flexi-flaskor &amp; 2l Ultra Bladder F\u00e4rger: Gr\u00e5, Bl\u00e5, Orange Material: 3D Mesh, stretch-mesh, Nylon Vikt: 245g Storlekar: S\/M\/L V\u00e5r l\u00e4tta kl\u00e4der och utrustning \u00e4r speciellt utformad f\u00f6r behoven hos bergsl\u00f6pare, med specifikationer h\u00e4mtade direkt fr\u00e5n erfarenhet p\u00e5 Original Mountain Marathon. En 2-dagars resa genom n\u00e5gra av Storbritanniens tuffaste terr\u00e4ng, h\u00e5lls i slutet av varje oktober sedan 1968, f\u00f6r att s\u00e4kerst\u00e4lla utmanande v\u00e4derf\u00f6rh\u00e5llanden. En test av bergshantverk och motst\u00e5ndskraft, 'The OMM', erk\u00e4nns som guldstandarden inom bergsutmaningar. De h\u00f6ga kraven p\u00e5 evenemanget g\u00e5r vidare f\u00f6r att informera design och funktioner i v\u00e5r kl\u00e4der, vilket i sin tur anv\u00e4nds i n\u00e5gra av de tuffaste evenemangen och sv\u00e5raste utmaningarna \u00f6ver hela v\u00e4rlden. Lita p\u00e5 av bergsatleter och yrkesverksamma i \u00e5rtionden, OMM-sortimentet \u00e4r den perfekta f\u00f6ljeslagaren f\u00f6r ditt n\u00e4sta \u00e4ventyr.<\/p>","_et_gb_content_width":""},"locations":[],"product_brand":[],"product_cat":[1287,1281,1291],"product_tag":[2474,2884,2885,2292,2291,2294,2886,2296],"class_list":{"0":"post-163650","1":"product","2":"type-product","3":"status-publish","4":"has-post-thumbnail","6":"product_cat-bara-forvara","7":"product_cat-nyheter","8":"product_cat-racevests-sv","9":"product_tag-15-litre-running-pack-sv","10":"product_tag-15-litre-running-vest","11":"product_tag-350ml-bottle","12":"product_tag-350ml-running-bottle-sv","13":"product_tag-flexi-flask-sv","14":"product_tag-hydration-vest-sv","15":"product_tag-mountain-fire-vest-pack","16":"product_tag-race-vest-sv","17":"pa_color-bla-sv","18":"pa_color-gra-sv","19":"pa_color-orange-sv","20":"pa_colour-bla-sv","21":"pa_colour-gra-sv","22":"pa_colour-orange-sv","23":"pa_size-stor-sv","24":"pa_size-medium-sv","25":"pa_size-sma","26":"pa_weight-200-300g","28":"first","29":"instock","30":"taxable","31":"shipping-taxable","32":"purchasable","33":"product-type-variable","34":"wvs-archive-product-wrapper"},"acf":[],"yoast_head":"<!-- This site is optimized with the Yoast SEO plugin v27.3 - https:\/\/yoast.com\/product\/yoast-seo-wordpress\/ -->\n<title>MtnFire 15 + 2 X 350ml Flexi Flask - OMM<\/title>\n<meta name=\"description\" content=\"The Mtnfire 15 + 2 X 350Ml Flexi Flask, Rulltoppsl\u00f6parv\u00e4st med extra kapacitet f\u00f6r l\u00e4ngre utflykter och mjuka flaskor. Stabil b\u00e4rning.\" \/>\n<meta name=\"robots\" content=\"index, follow, max-snippet:-1, max-image-preview:large, max-video-preview:-1\" \/>\n<link rel=\"canonical\" href=\"https:\/\/theomm.com\/sv\/product\/mtnfire-15-2-x-350ml-flexi-flask-2\/\" \/>\n<meta property=\"og:locale\" content=\"sv_SE\" \/>\n<meta property=\"og:type\" content=\"article\" \/>\n<meta property=\"og:title\" content=\"MtnFire 15 + 2 X 350ml Flexi Flask - OMM\" \/>\n<meta property=\"og:description\" content=\"The Mtnfire 15 + 2 X 350Ml Flexi Flask, Rulltoppsl\u00f6parv\u00e4st med extra kapacitet f\u00f6r l\u00e4ngre utflykter och mjuka flaskor. Stabil b\u00e4rning.\" \/>\n<meta property=\"og:url\" content=\"https:\/\/theomm.com\/sv\/product\/mtnfire-15-2-x-350ml-flexi-flask-2\/\" \/>\n<meta property=\"og:site_name\" content=\"OMM\" \/>\n<meta property=\"article:publisher\" content=\"https:\/\/www.facebook.com\/OMMrunning?_ga=2.203172945.1541616462.1665402953-280172632.1649426001\" \/>\n<meta property=\"article:modified_time\" content=\"2025-10-09T13:32:20+00:00\" \/>\n<meta property=\"og:image\" content=\"https:\/\/theomm.com\/wp-content\/uploads\/2022\/10\/OF049_MtnFire_15_Blue_Front_Packed.jpg\" \/>\n\t<meta property=\"og:image:width\" content=\"600\" \/>\n\t<meta property=\"og:image:height\" content=\"600\" \/>\n\t<meta property=\"og:image:type\" content=\"image\/jpeg\" \/>\n<meta name=\"twitter:card\" content=\"summary_large_image\" \/>\n<script type=\"application\/ld+json\" class=\"yoast-schema-graph\">{\"@context\":\"https:\\\/\\\/schema.org\",\"@graph\":[{\"@type\":\"WebPage\",\"@id\":\"https:\\\/\\\/theomm.com\\\/sv\\\/product\\\/mtnfire-15-2-x-350ml-flexi-flask-2\\\/\",\"url\":\"https:\\\/\\\/theomm.com\\\/sv\\\/product\\\/mtnfire-15-2-x-350ml-flexi-flask-2\\\/\",\"name\":\"MtnFire 15 + 2 X 350ml Flexi Flask - OMM\",\"isPartOf\":{\"@id\":\"https:\\\/\\\/theomm.com\\\/#website\"},\"primaryImageOfPage\":{\"@id\":\"https:\\\/\\\/theomm.com\\\/sv\\\/product\\\/mtnfire-15-2-x-350ml-flexi-flask-2\\\/#primaryimage\"},\"image\":{\"@id\":\"https:\\\/\\\/theomm.com\\\/sv\\\/product\\\/mtnfire-15-2-x-350ml-flexi-flask-2\\\/#primaryimage\"},\"thumbnailUrl\":\"https:\\\/\\\/theomm.com\\\/wp-content\\\/uploads\\\/2022\\\/10\\\/OF049_MtnFire_15_Blue_Front_Packed.jpg\",\"datePublished\":\"2022-03-16T10:50:32+00:00\",\"dateModified\":\"2025-10-09T13:32:20+00:00\",\"description\":\"The Mtnfire 15 + 2 X 350Ml Flexi Flask, Rulltoppsl\u00f6parv\u00e4st med extra kapacitet f\u00f6r l\u00e4ngre utflykter och mjuka flaskor. Stabil b\u00e4rning.\",\"breadcrumb\":{\"@id\":\"https:\\\/\\\/theomm.com\\\/sv\\\/product\\\/mtnfire-15-2-x-350ml-flexi-flask-2\\\/#breadcrumb\"},\"inLanguage\":\"sv-SE\",\"potentialAction\":[{\"@type\":\"ReadAction\",\"target\":[\"https:\\\/\\\/theomm.com\\\/sv\\\/product\\\/mtnfire-15-2-x-350ml-flexi-flask-2\\\/\"]}]},{\"@type\":\"ImageObject\",\"inLanguage\":\"sv-SE\",\"@id\":\"https:\\\/\\\/theomm.com\\\/sv\\\/product\\\/mtnfire-15-2-x-350ml-flexi-flask-2\\\/#primaryimage\",\"url\":\"https:\\\/\\\/theomm.com\\\/wp-content\\\/uploads\\\/2022\\\/10\\\/OF049_MtnFire_15_Blue_Front_Packed.jpg\",\"contentUrl\":\"https:\\\/\\\/theomm.com\\\/wp-content\\\/uploads\\\/2022\\\/10\\\/OF049_MtnFire_15_Blue_Front_Packed.jpg\",\"width\":600,\"height\":600},{\"@type\":\"BreadcrumbList\",\"@id\":\"https:\\\/\\\/theomm.com\\\/sv\\\/product\\\/mtnfire-15-2-x-350ml-flexi-flask-2\\\/#breadcrumb\",\"itemListElement\":[{\"@type\":\"ListItem\",\"position\":1,\"name\":\"Home\",\"item\":\"https:\\\/\\\/theomm.com\\\/sv\\\/original-mountain-marathon\\\/\"},{\"@type\":\"ListItem\",\"position\":2,\"name\":\"Produkter\",\"item\":\"https:\\\/\\\/theomm.com\\\/sv\\\/original-mountain-marathon\\\/produkter\\\/\"},{\"@type\":\"ListItem\",\"position\":3,\"name\":\"MtnFire 15 + 2 X 350ml Flexi Flask\"}]},{\"@type\":\"WebSite\",\"@id\":\"https:\\\/\\\/theomm.com\\\/#website\",\"url\":\"https:\\\/\\\/theomm.com\\\/\",\"name\":\"OMM\",\"description\":\"OMM is Technical clothing and equipment made for running in the mountains. Designed to the specifications of Original Mountain Marathon.\",\"alternateName\":\"Original Mountain Marathon\",\"potentialAction\":[{\"@type\":\"SearchAction\",\"target\":{\"@type\":\"EntryPoint\",\"urlTemplate\":\"https:\\\/\\\/theomm.com\\\/?s={search_term_string}\"},\"query-input\":{\"@type\":\"PropertyValueSpecification\",\"valueRequired\":true,\"valueName\":\"search_term_string\"}}],\"inLanguage\":\"sv-SE\"}]}<\/script>\n<!-- \/ Yoast SEO plugin. -->","yoast_head_json":{"title":"MtnFire 15 + 2 X 350ml Flexi Flask - OMM","description":"The Mtnfire 15 + 2 X 350Ml Flexi Flask, Rulltoppsl\u00f6parv\u00e4st med extra kapacitet f\u00f6r l\u00e4ngre utflykter och mjuka flaskor. Stabil b\u00e4rning.","robots":{"index":"index","follow":"follow","max-snippet":"max-snippet:-1","max-image-preview":"max-image-preview:large","max-video-preview":"max-video-preview:-1"},"canonical":"https:\/\/theomm.com\/sv\/product\/mtnfire-15-2-x-350ml-flexi-flask-2\/","og_locale":"sv_SE","og_type":"article","og_title":"MtnFire 15 + 2 X 350ml Flexi Flask - OMM","og_description":"The Mtnfire 15 + 2 X 350Ml Flexi Flask, Rulltoppsl\u00f6parv\u00e4st med extra kapacitet f\u00f6r l\u00e4ngre utflykter och mjuka flaskor. Stabil b\u00e4rning.","og_url":"https:\/\/theomm.com\/sv\/product\/mtnfire-15-2-x-350ml-flexi-flask-2\/","og_site_name":"OMM","article_publisher":"https:\/\/www.facebook.com\/OMMrunning?_ga=2.203172945.1541616462.1665402953-280172632.1649426001","article_modified_time":"2025-10-09T13:32:20+00:00","og_image":[{"width":600,"height":600,"url":"https:\/\/theomm.com\/wp-content\/uploads\/2022\/10\/OF049_MtnFire_15_Blue_Front_Packed.jpg","type":"image\/jpeg"}],"twitter_card":"summary_large_image","schema":{"@context":"https:\/\/schema.org","@graph":[{"@type":"WebPage","@id":"https:\/\/theomm.com\/sv\/product\/mtnfire-15-2-x-350ml-flexi-flask-2\/","url":"https:\/\/theomm.com\/sv\/product\/mtnfire-15-2-x-350ml-flexi-flask-2\/","name":"MtnFire 15 + 2 X 350ml Flexi Flask - OMM","isPartOf":{"@id":"https:\/\/theomm.com\/#website"},"primaryImageOfPage":{"@id":"https:\/\/theomm.com\/sv\/product\/mtnfire-15-2-x-350ml-flexi-flask-2\/#primaryimage"},"image":{"@id":"https:\/\/theomm.com\/sv\/product\/mtnfire-15-2-x-350ml-flexi-flask-2\/#primaryimage"},"thumbnailUrl":"https:\/\/theomm.com\/wp-content\/uploads\/2022\/10\/OF049_MtnFire_15_Blue_Front_Packed.jpg","datePublished":"2022-03-16T10:50:32+00:00","dateModified":"2025-10-09T13:32:20+00:00","description":"The Mtnfire 15 + 2 X 350Ml Flexi Flask, Rulltoppsl\u00f6parv\u00e4st med extra kapacitet f\u00f6r l\u00e4ngre utflykter och mjuka flaskor. Stabil b\u00e4rning.","breadcrumb":{"@id":"https:\/\/theomm.com\/sv\/product\/mtnfire-15-2-x-350ml-flexi-flask-2\/#breadcrumb"},"inLanguage":"sv-SE","potentialAction":[{"@type":"ReadAction","target":["https:\/\/theomm.com\/sv\/product\/mtnfire-15-2-x-350ml-flexi-flask-2\/"]}]},{"@type":"ImageObject","inLanguage":"sv-SE","@id":"https:\/\/theomm.com\/sv\/product\/mtnfire-15-2-x-350ml-flexi-flask-2\/#primaryimage","url":"https:\/\/theomm.com\/wp-content\/uploads\/2022\/10\/OF049_MtnFire_15_Blue_Front_Packed.jpg","contentUrl":"https:\/\/theomm.com\/wp-content\/uploads\/2022\/10\/OF049_MtnFire_15_Blue_Front_Packed.jpg","width":600,"height":600},{"@type":"BreadcrumbList","@id":"https:\/\/theomm.com\/sv\/product\/mtnfire-15-2-x-350ml-flexi-flask-2\/#breadcrumb","itemListElement":[{"@type":"ListItem","position":1,"name":"Home","item":"https:\/\/theomm.com\/sv\/original-mountain-marathon\/"},{"@type":"ListItem","position":2,"name":"Produkter","item":"https:\/\/theomm.com\/sv\/original-mountain-marathon\/produkter\/"},{"@type":"ListItem","position":3,"name":"MtnFire 15 + 2 X 350ml Flexi Flask"}]},{"@type":"WebSite","@id":"https:\/\/theomm.com\/#website","url":"https:\/\/theomm.com\/","name":"OMM","description":"OMM is Technical clothing and equipment made for running in the mountains. Designed to the specifications of Original Mountain Marathon.","alternateName":"Original Mountain Marathon","potentialAction":[{"@type":"SearchAction","target":{"@type":"EntryPoint","urlTemplate":"https:\/\/theomm.com\/?s={search_term_string}"},"query-input":{"@type":"PropertyValueSpecification","valueRequired":true,"valueName":"search_term_string"}}],"inLanguage":"sv-SE"}]}},"_links":{"self":[{"href":"https:\/\/theomm.com\/sv\/wp-json\/wp\/v2\/product\/163650","targetHints":{"allow":["GET"]}}],"collection":[{"href":"https:\/\/theomm.com\/sv\/wp-json\/wp\/v2\/product"}],"about":[{"href":"https:\/\/theomm.com\/sv\/wp-json\/wp\/v2\/types\/product"}],"wp:featuredmedia":[{"embeddable":true,"href":"https:\/\/theomm.com\/sv\/wp-json\/wp\/v2\/media\/153431"}],"wp:attachment":[{"href":"https:\/\/theomm.com\/sv\/wp-json\/wp\/v2\/media?parent=163650"}],"wp:term":[{"taxonomy":"locations","embeddable":true,"href":"https:\/\/theomm.com\/sv\/wp-json\/wp\/v2\/locations?post=163650"},{"taxonomy":"product_brand","embeddable":true,"href":"https:\/\/theomm.com\/sv\/wp-json\/wp\/v2\/product_brand?post=163650"},{"taxonomy":"product_cat","embeddable":true,"href":"https:\/\/theomm.com\/sv\/wp-json\/wp\/v2\/product_cat?post=163650"},{"taxonomy":"product_tag","embeddable":true,"href":"https:\/\/theomm.com\/sv\/wp-json\/wp\/v2\/product_tag?post=163650"}],"curies":[{"name":"wp","href":"https:\/\/api.w.org\/{rel}","templated":true}]}}