{"id":171135,"date":"2023-10-01T12:45:11","date_gmt":"2023-10-01T12:45:11","guid":{"rendered":"https:\/\/theomm.com\/?post_type=product&#038;p=171135"},"modified":"2025-09-10T17:04:24","modified_gmt":"2025-09-10T17:04:24","slug":"core-zipped-vest-w","status":"publish","type":"product","link":"https:\/\/theomm.com\/sv\/product\/core-zipped-vest-w\/","title":{"rendered":"Core Zipped Vest (W)"},"content":{"rendered":"<p>Core Zipped Vest (W) L\u00c4TTVIKTIG LUFTGENOMSL\u00c4PPLIG PRIMALOFT\u00ae ISOLERING<\/p>\n<p>En ny koncept inom aktiv isolering, OMM Core Range \u00e4r helt tillverkad av PrimaLoft\u00ae ACTIVE ultral\u00e4tt isoleringsmaterial. Byggd av en syntetisk plym v\u00e4vd genom en stickad n\u00e4tstruktur, erbjuder Core v\u00e4rmen fr\u00e5n en fleecefodrad jacka, men till mindre \u00e4n h\u00e4lften av vikten. I kombination med ett skal ger Core en otroligt effektiv isoleringseffekt, men tack vare n\u00e4stan total luftgenomsl\u00e4pplighet kan den l\u00e4ttaste brisen ta bort v\u00e4rmen. Detta g\u00f6r att du kan beh\u00e5lla ditt Core-lager \u00e4ven n\u00e4r du har blivit varm och du kan reglera temperaturen genom att ta av\/plocka av ditt skal (t.ex. Sonic vindt\u00e4t vid 49g). Ett riktigt plagg f\u00f6r allt fr\u00e5n dal till topp. Core fungerar i v\u00e5tt eller torrt v\u00e4der med otroliga fukttransporterande egenskaper f\u00f6r att se till att du inte f\u00f6rblir bl\u00f6t l\u00e4nge.<\/p>\n<p>Med en hel l\u00e4ngd dragkedja och en varm kragkonstruktion f\u00f6r att h\u00e5lla ut drag, \u00e4r detta ett utm\u00e4rkt mellanlager som \u00e4r lika bra f\u00f6r f\u00e4ltet som f\u00f6r en vilodag. West-fit modellen ger god isolering utan extra bulk eller \u00f6verhettning.<\/p>\n<p>Core Zipped Vest (W) anv\u00e4nder den mellersta 125g\/m2 PrimaLoft\u00ae ACTIVE isoleringsteknologin, den tyngre versionen av det 75g\/m2 PrimaLoft\u00ae Active tyget som anv\u00e4nds i Core Vest och Core Hoodie.<\/p>\n<p>JUSTERBAR ISOLERING PrimaLoft\u00ae ACTIVE Isoleringsmaterial v\u00e4ver PrimaLoft\u00ae fibrer p\u00e5 ett n\u00e4t, vilket ger en superh\u00f6g volym och \u00f6ppen struktur. Tyger isolerar genom att f\u00e4lla fickor av luft som b\u00e4rarens v\u00e4rme inte kan passera igenom. Cores struktur \u00e4r exceptionell n\u00e4r det g\u00e4ller att skapa dessa fickor. Men \u00f6ppenheten till\u00e5ter ocks\u00e5 en l\u00e4tt bris att st\u00f6ra dessa luftfickor och ta bort isoleringseffekten. Core utnyttjar detta till sin f\u00f6rdel; s\u00e4tt p\u00e5 ett l\u00e4tt skal ovanp\u00e5 f\u00f6r den b\u00e4sta m\u00f6jliga v\u00e4rme-till-viktf\u00f6rh\u00e5llandet och n\u00e4r du blir f\u00f6r varm justerar\/avl\u00e4gsnar du bara skalet och du kan forts\u00e4tta att pressa dig sj\u00e4lv till toppen utan ett klumpigt lager att f\u00f6rvara.<\/p>\n<p>HALVA VIKTEN &amp; PACKSTORLEKEN Ett enda n\u00e4ttyg h\u00e5ller isoleringsplymen p\u00e5 plats, vilket minskar behovet av extra tyglager och halverar vikten och packstorleken.<\/p>\n<p>SYNTETISK ISOLERING AV FINASTE KVALITET Hos OMM v\u00e4ljer vi alltid syntetisk isolering \u00f6ver dun f\u00f6r att vara s\u00e4kra p\u00e5 att vi kan h\u00e5lla oss varma \u00e4ven n\u00e4r allt \u00e4r bl\u00f6tt. Vi anser att PrimaLoft\u00ae g\u00f6r den b\u00e4sta syntetiska isoleringen och det \u00e4r d\u00e4rf\u00f6r ett enkelt val f\u00f6r oss. 125g\/m2 PrimaLoft\u00ae ACTIVE anv\u00e4nder 64% post-konsument\u00e5tervunnet material, det \u00e4r ocks\u00e5 bluesign och Oeke-Tex godk\u00e4nt.<\/p>\n<p>Forts\u00e4tter att isolera \u00e4ven om det \u00e4r v\u00e5tt Flatlocks\u00f6mmar placerade bort fr\u00e5n axlarna Hel l\u00e4ngd dragkedja Mjuk uppvikt krage Reflekterande logotyp Ficka med dragkedja p\u00e5 br\u00f6stet<\/p>\n<p>F\u00e4rger: Navy, Grey Material: PrimaLoft\u00ae ACTIVE 125g\/m2 Vikt: 135g Storlekar: XS \/ S \/ M \/ L \/ XL<\/p>\n","protected":false},"excerpt":{"rendered":"<p>Ett nytt koncept inom aktiv isolering, OMM Core Range \u00e4r helt tillverkad av PrimaLoft\u00ae ACTIVE ultral\u00e4tt isoleringsmaterial. Byggd av en syntetisk plym v\u00e4vd genom en stickad n\u00e4tstruktur, erbjuder Core v\u00e4rmen fr\u00e5n en fleecefodrad jacka, men till mindre \u00e4n h\u00e4lften av vikten. I kombination med ett skal ger Core en otroligt effektiv isoleringseffekt, men tack vare n\u00e4stan total luftgenomsl\u00e4pplighet kan den l\u00e4ttaste brisen ta bort v\u00e4rmen. Detta g\u00f6r att du kan beh\u00e5lla ditt Core-lager \u00e4ven n\u00e4r du har blivit varm och du kan reglera temperaturen genom att ta av\/plocka av ditt skal (t.ex. Sonic vindt\u00e4t vid 49g). Ett \u00e4kta plagg fr\u00e5n dal till topp. Core fungerar i v\u00e5tt eller torrt v\u00e4der med otroliga fukttransporterande egenskaper f\u00f6r att se till att du inte f\u00f6rblir bl\u00f6t l\u00e4nge.<\/p>\n<p>Med en hel l\u00e4ngd dragkedja och en varm dragutslutande krage, \u00e4r detta ett utm\u00e4rkt mellanlager som \u00e4r lika bra f\u00f6r f\u00e4ltet som f\u00f6r en vilodag. Vest-fit modellen ger god isolering utan extra bulk eller \u00f6verhettning.<\/p>\n<p>Core Zipped Vest (W) anv\u00e4nder den mellersta 125g\/m2 PrimaLoft\u00ae ACTIVE isoleringsteknologin, den tyngre versionen av det 75g\/m2 PrimaLoft\u00ae Active tyget som anv\u00e4nds i Core Vest och Core Hoodie.<\/p>\n","protected":false},"featured_media":156493,"template":"","meta":{"_acf_changed":false,"_et_pb_use_builder":"","_et_pb_old_content":"","_et_gb_content_width":""},"locations":[],"product_brand":[],"product_cat":[1279,1272,1277,1281],"product_tag":[2306,2309,2421,2458],"class_list":{"0":"post-171135","1":"product","2":"type-product","3":"status-publish","4":"has-post-thumbnail","6":"product_cat-core-sv","7":"product_cat-klader","8":"product_cat-mellanlager","9":"product_cat-nyheter","10":"product_tag-core-sv","11":"product_tag-fleece-sv","12":"product_tag-gilet-sv","13":"product_tag-vest-sv","14":"pa_color-gra-sv","15":"pa_color-svart","16":"pa_colour-gra-sv","17":"pa_colour-svart","18":"pa_gender-womens-sv","19":"pa_size-stor-sv","20":"pa_size-medium-sv","21":"pa_size-sma","22":"pa_size-x-stor-sv","23":"pa_size-x-sma","24":"pa_technology-primaloft-active","25":"pa_weight-100-200g","27":"first","28":"instock","29":"taxable","30":"shipping-taxable","31":"purchasable","32":"product-type-variable","33":"wvs-archive-product-wrapper"},"acf":[],"yoast_head":"<!-- This site is optimized with the Yoast SEO plugin v27.4 - https:\/\/yoast.com\/product\/yoast-seo-wordpress\/ -->\n<title>Core Zipped Vest (W) - OMM<\/title>\n<meta name=\"description\" content=\"Ett nytt koncept inom aktiv isolering, Core Zipped Vest (W), \u00e4r helt tillverkad av PrimaLoft\u00ae ACTIVE ultral\u00e4tt isoleringsmaterial.\" \/>\n<meta name=\"robots\" content=\"index, follow, max-snippet:-1, max-image-preview:large, max-video-preview:-1\" \/>\n<link rel=\"canonical\" href=\"https:\/\/theomm.com\/sv\/product\/core-zipped-vest-w\/\" \/>\n<meta property=\"og:locale\" content=\"sv_SE\" \/>\n<meta property=\"og:type\" content=\"article\" \/>\n<meta property=\"og:title\" content=\"Core Zipped Vest (W) - OMM\" \/>\n<meta property=\"og:description\" content=\"Ett nytt koncept inom aktiv isolering, Core Zipped Vest (W), \u00e4r helt tillverkad av PrimaLoft\u00ae ACTIVE ultral\u00e4tt isoleringsmaterial.\" \/>\n<meta property=\"og:url\" content=\"https:\/\/theomm.com\/sv\/product\/core-zipped-vest-w\/\" \/>\n<meta property=\"og:site_name\" content=\"OMM\" \/>\n<meta property=\"article:publisher\" content=\"https:\/\/www.facebook.com\/OMMrunning?_ga=2.203172945.1541616462.1665402953-280172632.1649426001\" \/>\n<meta property=\"article:modified_time\" content=\"2025-09-10T17:04:24+00:00\" \/>\n<meta property=\"og:image\" content=\"https:\/\/theomm.com\/wp-content\/uploads\/2023\/02\/OC186_Core_Zipped_Vest_W_Grey_Front.jpg\" \/>\n\t<meta property=\"og:image:width\" content=\"600\" \/>\n\t<meta property=\"og:image:height\" content=\"600\" \/>\n\t<meta property=\"og:image:type\" content=\"image\/jpeg\" \/>\n<meta name=\"twitter:card\" content=\"summary_large_image\" \/>\n<meta name=\"twitter:label1\" content=\"Ber\u00e4knad l\u00e4stid\" \/>\n\t<meta name=\"twitter:data1\" content=\"3 minutes\" \/>\n<script type=\"application\/ld+json\" class=\"yoast-schema-graph\">{\"@context\":\"https:\\\/\\\/schema.org\",\"@graph\":[{\"@type\":\"WebPage\",\"@id\":\"https:\\\/\\\/theomm.com\\\/sv\\\/product\\\/core-zipped-vest-w\\\/\",\"url\":\"https:\\\/\\\/theomm.com\\\/sv\\\/product\\\/core-zipped-vest-w\\\/\",\"name\":\"Core Zipped Vest (W) - OMM\",\"isPartOf\":{\"@id\":\"https:\\\/\\\/theomm.com\\\/#website\"},\"primaryImageOfPage\":{\"@id\":\"https:\\\/\\\/theomm.com\\\/sv\\\/product\\\/core-zipped-vest-w\\\/#primaryimage\"},\"image\":{\"@id\":\"https:\\\/\\\/theomm.com\\\/sv\\\/product\\\/core-zipped-vest-w\\\/#primaryimage\"},\"thumbnailUrl\":\"https:\\\/\\\/theomm.com\\\/wp-content\\\/uploads\\\/2023\\\/02\\\/OC186_Core_Zipped_Vest_W_Grey_Front.jpg\",\"datePublished\":\"2023-10-01T12:45:11+00:00\",\"dateModified\":\"2025-09-10T17:04:24+00:00\",\"description\":\"Ett nytt koncept inom aktiv isolering, Core Zipped Vest (W), \u00e4r helt tillverkad av PrimaLoft\u00ae ACTIVE ultral\u00e4tt isoleringsmaterial.\",\"breadcrumb\":{\"@id\":\"https:\\\/\\\/theomm.com\\\/sv\\\/product\\\/core-zipped-vest-w\\\/#breadcrumb\"},\"inLanguage\":\"sv-SE\",\"potentialAction\":[{\"@type\":\"ReadAction\",\"target\":[\"https:\\\/\\\/theomm.com\\\/sv\\\/product\\\/core-zipped-vest-w\\\/\"]}]},{\"@type\":\"ImageObject\",\"inLanguage\":\"sv-SE\",\"@id\":\"https:\\\/\\\/theomm.com\\\/sv\\\/product\\\/core-zipped-vest-w\\\/#primaryimage\",\"url\":\"https:\\\/\\\/theomm.com\\\/wp-content\\\/uploads\\\/2023\\\/02\\\/OC186_Core_Zipped_Vest_W_Grey_Front.jpg\",\"contentUrl\":\"https:\\\/\\\/theomm.com\\\/wp-content\\\/uploads\\\/2023\\\/02\\\/OC186_Core_Zipped_Vest_W_Grey_Front.jpg\",\"width\":600,\"height\":600},{\"@type\":\"BreadcrumbList\",\"@id\":\"https:\\\/\\\/theomm.com\\\/sv\\\/product\\\/core-zipped-vest-w\\\/#breadcrumb\",\"itemListElement\":[{\"@type\":\"ListItem\",\"position\":1,\"name\":\"Home\",\"item\":\"https:\\\/\\\/theomm.com\\\/sv\\\/original-mountain-marathon\\\/\"},{\"@type\":\"ListItem\",\"position\":2,\"name\":\"Produkter\",\"item\":\"https:\\\/\\\/theomm.com\\\/sv\\\/original-mountain-marathon\\\/produkter\\\/\"},{\"@type\":\"ListItem\",\"position\":3,\"name\":\"Core Zipped Vest (W)\"}]},{\"@type\":\"WebSite\",\"@id\":\"https:\\\/\\\/theomm.com\\\/#website\",\"url\":\"https:\\\/\\\/theomm.com\\\/\",\"name\":\"OMM\",\"description\":\"OMM is Technical clothing and equipment made for running in the mountains. Designed to the specifications of Original Mountain Marathon.\",\"alternateName\":\"Original Mountain Marathon\",\"potentialAction\":[{\"@type\":\"SearchAction\",\"target\":{\"@type\":\"EntryPoint\",\"urlTemplate\":\"https:\\\/\\\/theomm.com\\\/?s={search_term_string}\"},\"query-input\":{\"@type\":\"PropertyValueSpecification\",\"valueRequired\":true,\"valueName\":\"search_term_string\"}}],\"inLanguage\":\"sv-SE\"}]}<\/script>\n<!-- \/ Yoast SEO plugin. -->","yoast_head_json":{"title":"Core Zipped Vest (W) - OMM","description":"Ett nytt koncept inom aktiv isolering, Core Zipped Vest (W), \u00e4r helt tillverkad av PrimaLoft\u00ae ACTIVE ultral\u00e4tt isoleringsmaterial.","robots":{"index":"index","follow":"follow","max-snippet":"max-snippet:-1","max-image-preview":"max-image-preview:large","max-video-preview":"max-video-preview:-1"},"canonical":"https:\/\/theomm.com\/sv\/product\/core-zipped-vest-w\/","og_locale":"sv_SE","og_type":"article","og_title":"Core Zipped Vest (W) - OMM","og_description":"Ett nytt koncept inom aktiv isolering, Core Zipped Vest (W), \u00e4r helt tillverkad av PrimaLoft\u00ae ACTIVE ultral\u00e4tt isoleringsmaterial.","og_url":"https:\/\/theomm.com\/sv\/product\/core-zipped-vest-w\/","og_site_name":"OMM","article_publisher":"https:\/\/www.facebook.com\/OMMrunning?_ga=2.203172945.1541616462.1665402953-280172632.1649426001","article_modified_time":"2025-09-10T17:04:24+00:00","og_image":[{"width":600,"height":600,"url":"https:\/\/theomm.com\/wp-content\/uploads\/2023\/02\/OC186_Core_Zipped_Vest_W_Grey_Front.jpg","type":"image\/jpeg"}],"twitter_card":"summary_large_image","twitter_misc":{"Ber\u00e4knad l\u00e4stid":"3 minutes"},"schema":{"@context":"https:\/\/schema.org","@graph":[{"@type":"WebPage","@id":"https:\/\/theomm.com\/sv\/product\/core-zipped-vest-w\/","url":"https:\/\/theomm.com\/sv\/product\/core-zipped-vest-w\/","name":"Core Zipped Vest (W) - OMM","isPartOf":{"@id":"https:\/\/theomm.com\/#website"},"primaryImageOfPage":{"@id":"https:\/\/theomm.com\/sv\/product\/core-zipped-vest-w\/#primaryimage"},"image":{"@id":"https:\/\/theomm.com\/sv\/product\/core-zipped-vest-w\/#primaryimage"},"thumbnailUrl":"https:\/\/theomm.com\/wp-content\/uploads\/2023\/02\/OC186_Core_Zipped_Vest_W_Grey_Front.jpg","datePublished":"2023-10-01T12:45:11+00:00","dateModified":"2025-09-10T17:04:24+00:00","description":"Ett nytt koncept inom aktiv isolering, Core Zipped Vest (W), \u00e4r helt tillverkad av PrimaLoft\u00ae ACTIVE ultral\u00e4tt isoleringsmaterial.","breadcrumb":{"@id":"https:\/\/theomm.com\/sv\/product\/core-zipped-vest-w\/#breadcrumb"},"inLanguage":"sv-SE","potentialAction":[{"@type":"ReadAction","target":["https:\/\/theomm.com\/sv\/product\/core-zipped-vest-w\/"]}]},{"@type":"ImageObject","inLanguage":"sv-SE","@id":"https:\/\/theomm.com\/sv\/product\/core-zipped-vest-w\/#primaryimage","url":"https:\/\/theomm.com\/wp-content\/uploads\/2023\/02\/OC186_Core_Zipped_Vest_W_Grey_Front.jpg","contentUrl":"https:\/\/theomm.com\/wp-content\/uploads\/2023\/02\/OC186_Core_Zipped_Vest_W_Grey_Front.jpg","width":600,"height":600},{"@type":"BreadcrumbList","@id":"https:\/\/theomm.com\/sv\/product\/core-zipped-vest-w\/#breadcrumb","itemListElement":[{"@type":"ListItem","position":1,"name":"Home","item":"https:\/\/theomm.com\/sv\/original-mountain-marathon\/"},{"@type":"ListItem","position":2,"name":"Produkter","item":"https:\/\/theomm.com\/sv\/original-mountain-marathon\/produkter\/"},{"@type":"ListItem","position":3,"name":"Core Zipped Vest (W)"}]},{"@type":"WebSite","@id":"https:\/\/theomm.com\/#website","url":"https:\/\/theomm.com\/","name":"OMM","description":"OMM is Technical clothing and equipment made for running in the mountains. Designed to the specifications of Original Mountain Marathon.","alternateName":"Original Mountain Marathon","potentialAction":[{"@type":"SearchAction","target":{"@type":"EntryPoint","urlTemplate":"https:\/\/theomm.com\/?s={search_term_string}"},"query-input":{"@type":"PropertyValueSpecification","valueRequired":true,"valueName":"search_term_string"}}],"inLanguage":"sv-SE"}]}},"_links":{"self":[{"href":"https:\/\/theomm.com\/sv\/wp-json\/wp\/v2\/product\/171135","targetHints":{"allow":["GET"]}}],"collection":[{"href":"https:\/\/theomm.com\/sv\/wp-json\/wp\/v2\/product"}],"about":[{"href":"https:\/\/theomm.com\/sv\/wp-json\/wp\/v2\/types\/product"}],"wp:featuredmedia":[{"embeddable":true,"href":"https:\/\/theomm.com\/sv\/wp-json\/wp\/v2\/media\/156493"}],"wp:attachment":[{"href":"https:\/\/theomm.com\/sv\/wp-json\/wp\/v2\/media?parent=171135"}],"wp:term":[{"taxonomy":"locations","embeddable":true,"href":"https:\/\/theomm.com\/sv\/wp-json\/wp\/v2\/locations?post=171135"},{"taxonomy":"product_brand","embeddable":true,"href":"https:\/\/theomm.com\/sv\/wp-json\/wp\/v2\/product_brand?post=171135"},{"taxonomy":"product_cat","embeddable":true,"href":"https:\/\/theomm.com\/sv\/wp-json\/wp\/v2\/product_cat?post=171135"},{"taxonomy":"product_tag","embeddable":true,"href":"https:\/\/theomm.com\/sv\/wp-json\/wp\/v2\/product_tag?post=171135"}],"curies":[{"name":"wp","href":"https:\/\/api.w.org\/{rel}","templated":true}]}}