{"id":171146,"date":"2023-08-23T12:41:19","date_gmt":"2023-08-23T12:41:19","guid":{"rendered":"https:\/\/theomm.com\/?post_type=product&#038;p=171146"},"modified":"2026-02-03T15:21:14","modified_gmt":"2026-02-03T15:21:14","slug":"wisp-pant-w","status":"publish","type":"product","link":"https:\/\/theomm.com\/sv\/product\/wisp-pant-w\/","title":{"rendered":"Wisp Pant (W)"},"content":{"rendered":"<p>Wisp Pant (W) \u00e4r perfekta f\u00f6r bergslopp eller terr\u00e4nglopp n\u00e4r vikt och packvolym \u00e4r lika viktigt som prestanda n\u00e4r v\u00e4dret sl\u00e5r till.<\/p>\n<table width=\"2707\">\n<tbody>\n<tr>\n<td width=\"131\">Wisp Pant (W)<\/td>\n<td width=\"83\">\u00a0<\/td>\n<td width=\"289\">80g ULTRAL\u00c4TT VATTENT\u00c4T BYXA<\/td>\n<td width=\"587\">En ultral\u00e4tt och ventilerande vattent\u00e4t byxa som packas ner till storleken av en tennisboll. Perfekt n\u00e4r du vill r\u00f6ra dig snabbt och l\u00e4tt med s\u00e4kerhet. Tillverkad med smalprofiliga, helt tejpade s\u00f6mmar i v\u00e5rt PointZero H20 2-lagers vattent\u00e4ta tyg. N\u00e4r det kombineras med Wisp Smock v\u00e4ger Wisp-dressen totalt 190g. Helt i enlighet med t\u00e4vlingsreglerna \u00e4r dessa \u00f6verbyxor utformade f\u00f6r att inte tynga ner i en ryggs\u00e4ck n\u00e4r de inte beh\u00f6vs, men \u00e4nd\u00e5 prestera p\u00e5 en h\u00f6g niv\u00e5 n\u00e4r v\u00e4dret v\u00e4nder. Den breda elastiska midjebanden \u00e4r bekv\u00e4mt n\u00e4r regnet forts\u00e4tter och byxorna stannar p\u00e5 l\u00e4ngre, medan den upph\u00f6jda baksidan hj\u00e4lper till att h\u00e5lla en t\u00e4tning mellan jacka och byxor under en ryggs\u00e4ck.<\/td>\n<td width=\"173\">200g VATTENT\u00c4T SET<\/td>\n<td width=\"299\">I kombination med Wisp Smock har Wisp Pant en sammanlagd vikt p\u00e5 190 g samtidigt som den fortfarande ger en h\u00f6g niv\u00e5 av skydd och prestanda. Wisp Pant \u00e4r idealisk f\u00f6r l\u00e4tt l\u00f6pning under blandade f\u00f6rh\u00e5llanden.<\/td>\n<td width=\"173\">MOUNTAIN SHELL PROTECTION<\/td>\n<td width=\"177\">Ultral\u00e4tt bergsskal tillverkat av ett 2-lagers statiskt tyg med en vattent\u00e4t belastning p\u00e5 10 000 mm och andningsf\u00f6rm\u00e5ga p\u00e5 10 000 g\/m\u00b2\/24h.<\/td>\n<td width=\"173\">MADE TO FITR\u00f6relsefrihet \u00e4r viktigt f\u00f6r h\u00f6genergiaktiviteter som OMM-evenemanget. Vi har designat en specifik passform f\u00f6r kvinnor och ledade kn\u00e4n i Wisp Pant (W), vilket ger dig obehindrad r\u00f6relse n\u00e4r du springer och kl\u00e4ttrar. Kombinerat med den breda elastiska midjebanden f\u00f6r hela dagens komfort och den upph\u00f6jda baksidan f\u00f6r fullst\u00e4ndig t\u00e4ckning under mer hands-on l\u00f6pning.<\/td>\n<td width=\"177\">\u00a0<\/td>\n<td width=\"230\">Vindt\u00e4t Vattent\u00e4t Mycket komprimerbar Ledade kn\u00e4n Kvinnospecifik passform Tejpade s\u00f6mmar Brett elastiskt midjeband Upph\u00f6jd baksida som str\u00e4cker sig till l\u00e4ndryggen Kardborreflikar vid anklarna f\u00f6r enklare av\/p\u00e5 Reflekterande logotyper Intern f\u00f6rvaringsficka<\/td>\n<td width=\"215\">\n<div class=\"flex-1 overflow-hidden\">\n<div class=\"react-scroll-to-bottom--css-flaoo-79elbk h-full dark:bg-gray-800\">\n<div class=\"react-scroll-to-bottom--css-flaoo-1n7m0yu\">\n<div class=\"flex flex-col text-sm dark:bg-gray-800\">\n<div class=\"group w-full text-token-text-primary border-b border-black\/10 dark:border-gray-900\/50 bg-gray-50 dark:bg-[#444654]\" data-testid=\"conversation-turn-119\">\n<div class=\"flex p-4 gap-4 text-base md:gap-6 md:max-w-2xl lg:max-w-[38rem] xl:max-w-3xl md:py-6 lg:px-0 m-auto\">\n<div class=\"relative flex w-[calc(100%-50px)] flex-col gap-1 md:gap-3 lg:w-[calc(100%-115px)]\">\n<div class=\"flex flex-grow flex-col gap-3 max-w-full\">\n<div class=\"min-h-[20px] flex flex-col items-start gap-3 overflow-x-auto whitespace-pre-wrap break-words\">\n<div class=\"markdown prose w-full break-words dark:prose-invert light\">\n<p>F\u00e4rger: Grey, Yellow\/Blue, Black Tyg: PointZero H20 Vikt: 80g Storlekar: XS \/ S \/ M \/ L \/ XL<\/p>\n<\/div>\n<\/div>\n<\/div>\n<div class=\"flex justify-between lg:block\">\n<div class=\"text-gray-400 flex self-end lg:self-center justify-center mt-2 gap-2 md:gap-3 lg:gap-1 lg:absolute lg:top-0 lg:translate-x-full lg:right-0 lg:mt-0 lg:pl-2 visible\"><button class=\"flex ml-auto gap-2 rounded-md p-1 hover:bg-gray-100 hover:text-gray-700 dark:text-gray-400 dark:hover:bg-gray-700 dark:hover:text-gray-200 disabled:dark:hover:text-gray-400\"><\/button><\/p>\n<div class=\"flex gap-1\">\u00a0<\/div>\n<\/div>\n<\/div>\n<\/div>\n<\/div>\n<\/div>\n<div class=\"h-32 md:h-48 flex-shrink-0\">\u00a0<\/div>\n<p><button class=\"cursor-pointer absolute right-6 bottom-[124px] md:bottom-[180px] lg:bottom-[120px] z-10 rounded-full border border-gray-200 bg-gray-50 text-gray-600 dark:border-white\/10 dark:bg-white\/10 dark:text-gray-200\"><\/button><\/div>\n<\/div>\n<\/div>\n<\/div>\n<div class=\"absolute bottom-0 left-0 w-full border-t md:border-t-0 dark:border-white\/20 md:border-transparent md:dark:border-transparent md:bg-vert-light-gradient bg-white dark:bg-gray-800 md:!bg-transparent dark:md:bg-vert-dark-gradient pt-2 md:pl-2 md:w-[calc(100%-.5rem)]\">\n<form class=\"stretch mx-2 flex flex-row gap-3 last:mb-2 md:mx-4 md:last:mb-6 lg:mx-auto lg:max-w-2xl xl:max-w-3xl\">\n<div class=\"relative flex h-full flex-1 items-stretch md:flex-col\">\n<div>\n<div class=\"h-full flex ml-1 md:w-full md:m-auto md:mb-4 gap-0 md:gap-2 justify-center\">\u00a0<\/div>\n<\/div>\n<\/div>\n<\/form>\n<\/div>\n<\/td>\n<\/tr>\n<\/tbody>\n<\/table>\n","protected":false},"excerpt":{"rendered":"<p>En ultral\u00e4tt och ventilerande vattent\u00e4t byxa som packas ner till storleken av en tennisboll. Perfekt n\u00e4r du vill r\u00f6ra dig snabbt och l\u00e4tt med s\u00e4kerhet. Tillverkad med smalprofiliga, helt tejpade s\u00f6mmar i v\u00e5rt PointZero H20 2-lagers vattent\u00e4ta tyg. N\u00e4r det kombineras med Wisp Smock v\u00e4ger Wisp-dressen totalt 190g. Helt i enlighet med t\u00e4vlingsreglerna \u00e4r dessa \u00f6verbyxor utformade f\u00f6r att inte tynga ner i en ryggs\u00e4ck n\u00e4r de inte beh\u00f6vs, men \u00e4nd\u00e5 prestera p\u00e5 en h\u00f6g niv\u00e5 n\u00e4r v\u00e4dret v\u00e4nder. Den breda elastiska midjebanden \u00e4r bekv\u00e4mt n\u00e4r regnet forts\u00e4tter och byxorna stannar p\u00e5 l\u00e4ngre, medan den upph\u00f6jda baksidan hj\u00e4lper till att h\u00e5lla en t\u00e4tning mellan jacka och byxor under en ryggs\u00e4ck.<\/p>\n","protected":false},"featured_media":156563,"template":"","meta":{"_acf_changed":false,"_et_pb_use_builder":"","_et_pb_old_content":"","_et_gb_content_width":""},"locations":[],"product_brand":[],"product_cat":[1276,1280,1272,1281,1278],"product_tag":[2558,2286,2380],"class_list":{"0":"post-171146","1":"product","2":"type-product","3":"status-publish","4":"has-post-thumbnail","6":"product_cat-byxor","7":"product_cat-kit-listar","8":"product_cat-klader","9":"product_cat-nyheter","10":"product_cat-yttre-lager","11":"product_tag-running-pant-sv","12":"product_tag-sp-sv","13":"product_tag-waterproof-sv","14":"pa_color-gra-sv","15":"pa_color-svart","16":"pa_colour-gra-sv","17":"pa_colour-svart","18":"pa_gender-womens-sv","19":"pa_size-stor-sv","20":"pa_size-medium-sv","21":"pa_size-sma","22":"pa_size-x-stor-sv","23":"pa_size-x-sma","24":"pa_technology-point-zero-h2o","25":"pa_weight-50-100g","27":"first","28":"instock","29":"taxable","30":"shipping-taxable","31":"purchasable","32":"product-type-variable","33":"wvs-archive-product-wrapper"},"acf":[],"yoast_head":"<!-- This site is optimized with the Yoast SEO plugin v27.3 - https:\/\/yoast.com\/product\/yoast-seo-wordpress\/ -->\n<title>Wisp Pant (W)<\/title>\n<meta name=\"description\" content=\"Wisp Pant (W) \u00e4r en ultral\u00e4tt och ventilerande vattent\u00e4t byxa med en kvinnospecifik passform som kan packas ner till storleken av en tennisboll.\" \/>\n<meta name=\"robots\" content=\"index, follow, max-snippet:-1, max-image-preview:large, max-video-preview:-1\" \/>\n<link rel=\"canonical\" href=\"https:\/\/theomm.com\/sv\/product\/wisp-pant-w\/\" \/>\n<meta property=\"og:locale\" content=\"sv_SE\" \/>\n<meta property=\"og:type\" content=\"article\" \/>\n<meta property=\"og:title\" content=\"Wisp Pant (W)\" \/>\n<meta property=\"og:description\" content=\"Wisp Pant (W) \u00e4r en ultral\u00e4tt och ventilerande vattent\u00e4t byxa med en kvinnospecifik passform som kan packas ner till storleken av en tennisboll.\" \/>\n<meta property=\"og:url\" content=\"https:\/\/theomm.com\/sv\/product\/wisp-pant-w\/\" \/>\n<meta property=\"og:site_name\" content=\"OMM\" \/>\n<meta property=\"article:publisher\" content=\"https:\/\/www.facebook.com\/OMMrunning?_ga=2.203172945.1541616462.1665402953-280172632.1649426001\" \/>\n<meta property=\"article:modified_time\" content=\"2026-02-03T15:21:14+00:00\" \/>\n<meta property=\"og:image\" content=\"https:\/\/theomm.com\/wp-content\/uploads\/2023\/02\/OC189_Halo_Pant_W_Grey_Front.jpg\" \/>\n\t<meta property=\"og:image:width\" content=\"600\" \/>\n\t<meta property=\"og:image:height\" content=\"600\" \/>\n\t<meta property=\"og:image:type\" content=\"image\/jpeg\" \/>\n<meta name=\"twitter:card\" content=\"summary_large_image\" \/>\n<meta name=\"twitter:label1\" content=\"Ber\u00e4knad l\u00e4stid\" \/>\n\t<meta name=\"twitter:data1\" content=\"2 minutes\" \/>\n<script type=\"application\/ld+json\" class=\"yoast-schema-graph\">{\"@context\":\"https:\\\/\\\/schema.org\",\"@graph\":[{\"@type\":\"WebPage\",\"@id\":\"https:\\\/\\\/theomm.com\\\/sv\\\/product\\\/wisp-pant-w\\\/\",\"url\":\"https:\\\/\\\/theomm.com\\\/sv\\\/product\\\/wisp-pant-w\\\/\",\"name\":\"Wisp Pant (W)\",\"isPartOf\":{\"@id\":\"https:\\\/\\\/theomm.com\\\/#website\"},\"primaryImageOfPage\":{\"@id\":\"https:\\\/\\\/theomm.com\\\/sv\\\/product\\\/wisp-pant-w\\\/#primaryimage\"},\"image\":{\"@id\":\"https:\\\/\\\/theomm.com\\\/sv\\\/product\\\/wisp-pant-w\\\/#primaryimage\"},\"thumbnailUrl\":\"https:\\\/\\\/theomm.com\\\/wp-content\\\/uploads\\\/2023\\\/02\\\/OC189_Halo_Pant_W_Grey_Front.jpg\",\"datePublished\":\"2023-08-23T12:41:19+00:00\",\"dateModified\":\"2026-02-03T15:21:14+00:00\",\"description\":\"Wisp Pant (W) \u00e4r en ultral\u00e4tt och ventilerande vattent\u00e4t byxa med en kvinnospecifik passform som kan packas ner till storleken av en tennisboll.\",\"breadcrumb\":{\"@id\":\"https:\\\/\\\/theomm.com\\\/sv\\\/product\\\/wisp-pant-w\\\/#breadcrumb\"},\"inLanguage\":\"sv-SE\",\"potentialAction\":[{\"@type\":\"ReadAction\",\"target\":[\"https:\\\/\\\/theomm.com\\\/sv\\\/product\\\/wisp-pant-w\\\/\"]}]},{\"@type\":\"ImageObject\",\"inLanguage\":\"sv-SE\",\"@id\":\"https:\\\/\\\/theomm.com\\\/sv\\\/product\\\/wisp-pant-w\\\/#primaryimage\",\"url\":\"https:\\\/\\\/theomm.com\\\/wp-content\\\/uploads\\\/2023\\\/02\\\/OC189_Halo_Pant_W_Grey_Front.jpg\",\"contentUrl\":\"https:\\\/\\\/theomm.com\\\/wp-content\\\/uploads\\\/2023\\\/02\\\/OC189_Halo_Pant_W_Grey_Front.jpg\",\"width\":600,\"height\":600},{\"@type\":\"BreadcrumbList\",\"@id\":\"https:\\\/\\\/theomm.com\\\/sv\\\/product\\\/wisp-pant-w\\\/#breadcrumb\",\"itemListElement\":[{\"@type\":\"ListItem\",\"position\":1,\"name\":\"Home\",\"item\":\"https:\\\/\\\/theomm.com\\\/sv\\\/original-mountain-marathon\\\/\"},{\"@type\":\"ListItem\",\"position\":2,\"name\":\"Produkter\",\"item\":\"https:\\\/\\\/theomm.com\\\/sv\\\/original-mountain-marathon\\\/produkter\\\/\"},{\"@type\":\"ListItem\",\"position\":3,\"name\":\"Wisp Pant (W)\"}]},{\"@type\":\"WebSite\",\"@id\":\"https:\\\/\\\/theomm.com\\\/#website\",\"url\":\"https:\\\/\\\/theomm.com\\\/\",\"name\":\"OMM\",\"description\":\"OMM is Technical clothing and equipment made for running in the mountains. Designed to the specifications of Original Mountain Marathon.\",\"alternateName\":\"Original Mountain Marathon\",\"potentialAction\":[{\"@type\":\"SearchAction\",\"target\":{\"@type\":\"EntryPoint\",\"urlTemplate\":\"https:\\\/\\\/theomm.com\\\/?s={search_term_string}\"},\"query-input\":{\"@type\":\"PropertyValueSpecification\",\"valueRequired\":true,\"valueName\":\"search_term_string\"}}],\"inLanguage\":\"sv-SE\"}]}<\/script>\n<!-- \/ Yoast SEO plugin. -->","yoast_head_json":{"title":"Wisp Pant (W)","description":"Wisp Pant (W) \u00e4r en ultral\u00e4tt och ventilerande vattent\u00e4t byxa med en kvinnospecifik passform som kan packas ner till storleken av en tennisboll.","robots":{"index":"index","follow":"follow","max-snippet":"max-snippet:-1","max-image-preview":"max-image-preview:large","max-video-preview":"max-video-preview:-1"},"canonical":"https:\/\/theomm.com\/sv\/product\/wisp-pant-w\/","og_locale":"sv_SE","og_type":"article","og_title":"Wisp Pant (W)","og_description":"Wisp Pant (W) \u00e4r en ultral\u00e4tt och ventilerande vattent\u00e4t byxa med en kvinnospecifik passform som kan packas ner till storleken av en tennisboll.","og_url":"https:\/\/theomm.com\/sv\/product\/wisp-pant-w\/","og_site_name":"OMM","article_publisher":"https:\/\/www.facebook.com\/OMMrunning?_ga=2.203172945.1541616462.1665402953-280172632.1649426001","article_modified_time":"2026-02-03T15:21:14+00:00","og_image":[{"width":600,"height":600,"url":"https:\/\/theomm.com\/wp-content\/uploads\/2023\/02\/OC189_Halo_Pant_W_Grey_Front.jpg","type":"image\/jpeg"}],"twitter_card":"summary_large_image","twitter_misc":{"Ber\u00e4knad l\u00e4stid":"2 minutes"},"schema":{"@context":"https:\/\/schema.org","@graph":[{"@type":"WebPage","@id":"https:\/\/theomm.com\/sv\/product\/wisp-pant-w\/","url":"https:\/\/theomm.com\/sv\/product\/wisp-pant-w\/","name":"Wisp Pant (W)","isPartOf":{"@id":"https:\/\/theomm.com\/#website"},"primaryImageOfPage":{"@id":"https:\/\/theomm.com\/sv\/product\/wisp-pant-w\/#primaryimage"},"image":{"@id":"https:\/\/theomm.com\/sv\/product\/wisp-pant-w\/#primaryimage"},"thumbnailUrl":"https:\/\/theomm.com\/wp-content\/uploads\/2023\/02\/OC189_Halo_Pant_W_Grey_Front.jpg","datePublished":"2023-08-23T12:41:19+00:00","dateModified":"2026-02-03T15:21:14+00:00","description":"Wisp Pant (W) \u00e4r en ultral\u00e4tt och ventilerande vattent\u00e4t byxa med en kvinnospecifik passform som kan packas ner till storleken av en tennisboll.","breadcrumb":{"@id":"https:\/\/theomm.com\/sv\/product\/wisp-pant-w\/#breadcrumb"},"inLanguage":"sv-SE","potentialAction":[{"@type":"ReadAction","target":["https:\/\/theomm.com\/sv\/product\/wisp-pant-w\/"]}]},{"@type":"ImageObject","inLanguage":"sv-SE","@id":"https:\/\/theomm.com\/sv\/product\/wisp-pant-w\/#primaryimage","url":"https:\/\/theomm.com\/wp-content\/uploads\/2023\/02\/OC189_Halo_Pant_W_Grey_Front.jpg","contentUrl":"https:\/\/theomm.com\/wp-content\/uploads\/2023\/02\/OC189_Halo_Pant_W_Grey_Front.jpg","width":600,"height":600},{"@type":"BreadcrumbList","@id":"https:\/\/theomm.com\/sv\/product\/wisp-pant-w\/#breadcrumb","itemListElement":[{"@type":"ListItem","position":1,"name":"Home","item":"https:\/\/theomm.com\/sv\/original-mountain-marathon\/"},{"@type":"ListItem","position":2,"name":"Produkter","item":"https:\/\/theomm.com\/sv\/original-mountain-marathon\/produkter\/"},{"@type":"ListItem","position":3,"name":"Wisp Pant (W)"}]},{"@type":"WebSite","@id":"https:\/\/theomm.com\/#website","url":"https:\/\/theomm.com\/","name":"OMM","description":"OMM is Technical clothing and equipment made for running in the mountains. Designed to the specifications of Original Mountain Marathon.","alternateName":"Original Mountain Marathon","potentialAction":[{"@type":"SearchAction","target":{"@type":"EntryPoint","urlTemplate":"https:\/\/theomm.com\/?s={search_term_string}"},"query-input":{"@type":"PropertyValueSpecification","valueRequired":true,"valueName":"search_term_string"}}],"inLanguage":"sv-SE"}]}},"_links":{"self":[{"href":"https:\/\/theomm.com\/sv\/wp-json\/wp\/v2\/product\/171146","targetHints":{"allow":["GET"]}}],"collection":[{"href":"https:\/\/theomm.com\/sv\/wp-json\/wp\/v2\/product"}],"about":[{"href":"https:\/\/theomm.com\/sv\/wp-json\/wp\/v2\/types\/product"}],"wp:featuredmedia":[{"embeddable":true,"href":"https:\/\/theomm.com\/sv\/wp-json\/wp\/v2\/media\/156563"}],"wp:attachment":[{"href":"https:\/\/theomm.com\/sv\/wp-json\/wp\/v2\/media?parent=171146"}],"wp:term":[{"taxonomy":"locations","embeddable":true,"href":"https:\/\/theomm.com\/sv\/wp-json\/wp\/v2\/locations?post=171146"},{"taxonomy":"product_brand","embeddable":true,"href":"https:\/\/theomm.com\/sv\/wp-json\/wp\/v2\/product_brand?post=171146"},{"taxonomy":"product_cat","embeddable":true,"href":"https:\/\/theomm.com\/sv\/wp-json\/wp\/v2\/product_cat?post=171146"},{"taxonomy":"product_tag","embeddable":true,"href":"https:\/\/theomm.com\/sv\/wp-json\/wp\/v2\/product_tag?post=171146"}],"curies":[{"name":"wp","href":"https:\/\/api.w.org\/{rel}","templated":true}]}}