{"id":171157,"date":"2023-11-20T09:45:29","date_gmt":"2023-11-20T09:45:29","guid":{"rendered":"https:\/\/theomm.com\/?post_type=product&#038;p=171157"},"modified":"2026-03-31T12:57:42","modified_gmt":"2026-03-31T12:57:42","slug":"wisp-pant","status":"publish","type":"product","link":"https:\/\/theomm.com\/sv\/product\/wisp-pant\/","title":{"rendered":"Wisp Pant"},"content":{"rendered":"<p>Wisp Pant \u00e4r perfekta f\u00f6r bergs- eller terr\u00e4ngl\u00f6pning n\u00e4r vikt och packvolym \u00e4r lika viktiga som prestandan n\u00e4r v\u00e4dret sl\u00e5r till.<\/p>\n<table width=\"2707\">\n<tbody>\n<tr>\n<td width=\"131\">Wisp Pant<\/td>\n<td width=\"83\">\u00a0<\/td>\n<td width=\"289\">95g ULTRAL\u00c4TT VATTENT\u00c4T BYXA<\/td>\n<td width=\"587\">En ultral\u00e4tt och ventilerande vattent\u00e4t byxa som kan packas ner till storleken av en tennisboll. Perfekt n\u00e4r du vill r\u00f6ra dig snabbt och l\u00e4tt med s\u00e4kerhet. Tillverkad med smalprofiliga, helt tejpade s\u00f6mmar i v\u00e5rt PointZero H20 2-lagers vattent\u00e4ta tyg. N\u00e4r den kombineras med Wisp Smock v\u00e4ger Wisp-dressen totalt 190 g. Helt i enlighet med t\u00e4vlingsbest\u00e4mmelserna \u00e4r dessa \u00f6verbyxor utformade f\u00f6r att inte tynga ner i en ryggs\u00e4ck n\u00e4r de inte beh\u00f6vs, men \u00e4nd\u00e5 prestera p\u00e5 en h\u00f6g niv\u00e5 n\u00e4r v\u00e4dret v\u00e4nder. Det breda elastiska midjebanden \u00e4r bekv\u00e4mt n\u00e4r regnet forts\u00e4tter, och byxorna sitter kvar l\u00e4ngre, medan det upph\u00f6jda bakstycket hj\u00e4lper till att h\u00e5lla en t\u00e4tning mellan jacka och byxor under en ryggs\u00e4ck.<\/td>\n<td width=\"173\">190g VATTENT\u00c4T SET<\/td>\n<td width=\"299\">Tillsammans med Wisp Smock har Wisp Pant en total vikt p\u00e5 190 g samtidigt som den fortfarande ger en h\u00f6g niv\u00e5 av skydd och prestanda. Wisp Pant \u00e4r idealiska f\u00f6r l\u00e4tt l\u00f6pning under varierande f\u00f6rh\u00e5llanden.<\/td>\n<td width=\"173\">MOUNTAIN SHELL PROTECTION<\/td>\n<td width=\"177\">Ultral\u00e4tt bergsskal tillverkat av ett 2-lagers statiskt tyg med en vattent\u00e4t belastning p\u00e5 10 000 mm och andningsf\u00f6rm\u00e5ga p\u00e5 10 000 g\/m\u00b2\/24h.<\/td>\n<td width=\"173\">MADE TO FIT<\/td>\n<td width=\"177\">R\u00f6relsefrihet \u00e4r viktigt f\u00f6r h\u00f6genergiaktiviteter som OMM-evenemanget. Vi har designat ledade kn\u00e4n i Wisp Pant f\u00f6r att ge dig obehindrad r\u00f6relse n\u00e4r du springer och kl\u00e4ttrar. Tillsammans med det breda elastiska midjebandet f\u00f6r hela dagens komfort och den upph\u00f6jda baksidan f\u00f6r fullst\u00e4ndig t\u00e4ckning under mer hands-on l\u00f6pning.<\/td>\n<td width=\"230\">Vindt\u00e4t Vattent\u00e4t Mycket komprimerbar Ledade kn\u00e4n Kvinnospecifik passform Tejpade s\u00f6mmar Brett elastiskt midjeband Upph\u00f6jd baksida som str\u00e4cker sig till l\u00e4ndryggen Kardborreflikar vid anklarna f\u00f6r enklare av\/p\u00e5 Reflekterande logotyper Intern f\u00f6rvaringsficka<\/td>\n<td width=\"215\">F\u00e4rger: Grey, Yellow\/Blue, Black Tyg: PointZero H20 Vikt: 80g Storlekar: XS \/ S \/ M \/ L \/ XL<\/td>\n<\/tr>\n<\/tbody>\n<\/table>\n","protected":false},"excerpt":{"rendered":"<p>En ultral\u00e4tt och ventilerande vattent\u00e4t byxa som kan packas ner till storleken av en tennisboll. Perfekt n\u00e4r du vill r\u00f6ra dig snabbt och l\u00e4tt med s\u00e4kerhet. Tillverkad med smalprofiliga, helt tejpade s\u00f6mmar i v\u00e5rt PointZero H20 2-lagers vattent\u00e4ta tyg. N\u00e4r den kombineras med Wisp Smock v\u00e4ger Wisp-dressen totalt 190 g. Helt i enlighet med t\u00e4vlingsbest\u00e4mmelserna \u00e4r dessa \u00f6verbyxor utformade f\u00f6r att inte tynga ner i en ryggs\u00e4ck n\u00e4r de inte beh\u00f6vs, men \u00e4nd\u00e5 prestera p\u00e5 en h\u00f6g niv\u00e5 n\u00e4r v\u00e4dret v\u00e4nder. Det breda elastiska midjebanden \u00e4r bekv\u00e4mt n\u00e4r regnet forts\u00e4tter, och byxorna sitter kvar l\u00e4ngre, medan det upph\u00f6jda bakstycket hj\u00e4lper till att h\u00e5lla en t\u00e4tning mellan jacka och byxor under en ryggs\u00e4ck.<\/p>\n","protected":false},"featured_media":156530,"template":"","meta":{"_acf_changed":false,"_et_pb_use_builder":"","_et_pb_old_content":"","_et_gb_content_width":""},"locations":[],"product_brand":[],"product_cat":[1276,1280,1272,1281,1278],"product_tag":[2558,2380],"class_list":{"0":"post-171157","1":"product","2":"type-product","3":"status-publish","4":"has-post-thumbnail","6":"product_cat-byxor","7":"product_cat-kit-listar","8":"product_cat-klader","9":"product_cat-nyheter","10":"product_cat-yttre-lager","11":"product_tag-running-pant-sv","12":"product_tag-waterproof-sv","13":"pa_color-bla-sv","14":"pa_color-gra-sv","15":"pa_color-gul-sv","16":"pa_color-svart","17":"pa_colour-bla-gul","18":"pa_colour-gra-sv","19":"pa_colour-svart","20":"pa_gender-mens-sv","21":"pa_size-stor-sv","22":"pa_size-medium-sv","23":"pa_size-sma","24":"pa_size-x-stor-sv","25":"pa_size-x-sma","26":"pa_technology-point-zero-h2o","27":"pa_weight-50-100g","29":"first","30":"instock","31":"taxable","32":"shipping-taxable","33":"purchasable","34":"product-type-variable","35":"wvs-archive-product-wrapper"},"acf":[],"yoast_head":"<!-- This site is optimized with the Yoast SEO plugin v27.3 - https:\/\/yoast.com\/product\/yoast-seo-wordpress\/ -->\n<title>Wisp Pant<\/title>\n<meta name=\"description\" content=\"Wisp Pant \u00e4r en ultral\u00e4tt och ventilerande vattent\u00e4t byxa som kan packas ner till storleken av en tennisboll. Perfekt n\u00e4r du vill r\u00f6ra dig snabbt och l\u00e4tt med s\u00e4kerhet.\" \/>\n<meta name=\"robots\" content=\"index, follow, max-snippet:-1, max-image-preview:large, max-video-preview:-1\" \/>\n<link rel=\"canonical\" href=\"https:\/\/theomm.com\/sv\/product\/wisp-pant\/\" \/>\n<meta property=\"og:locale\" content=\"sv_SE\" \/>\n<meta property=\"og:type\" content=\"article\" \/>\n<meta property=\"og:title\" content=\"Wisp Pant\" \/>\n<meta property=\"og:description\" content=\"Wisp Pant \u00e4r en ultral\u00e4tt och ventilerande vattent\u00e4t byxa som kan packas ner till storleken av en tennisboll. Perfekt n\u00e4r du vill r\u00f6ra dig snabbt och l\u00e4tt med s\u00e4kerhet.\" \/>\n<meta property=\"og:url\" content=\"https:\/\/theomm.com\/sv\/product\/wisp-pant\/\" \/>\n<meta property=\"og:site_name\" content=\"OMM\" \/>\n<meta property=\"article:publisher\" content=\"https:\/\/www.facebook.com\/OMMrunning?_ga=2.203172945.1541616462.1665402953-280172632.1649426001\" \/>\n<meta property=\"article:modified_time\" content=\"2026-03-31T12:57:42+00:00\" \/>\n<meta property=\"og:image\" content=\"https:\/\/theomm.com\/wp-content\/uploads\/2023\/02\/OC188_Halo_Pant_Black_Front-1.jpg\" \/>\n\t<meta property=\"og:image:width\" content=\"600\" \/>\n\t<meta property=\"og:image:height\" content=\"600\" \/>\n\t<meta property=\"og:image:type\" content=\"image\/jpeg\" \/>\n<meta name=\"twitter:card\" content=\"summary_large_image\" \/>\n<meta name=\"twitter:label1\" content=\"Ber\u00e4knad l\u00e4stid\" \/>\n\t<meta name=\"twitter:data1\" content=\"2 minutes\" \/>\n<script type=\"application\/ld+json\" class=\"yoast-schema-graph\">{\"@context\":\"https:\\\/\\\/schema.org\",\"@graph\":[{\"@type\":\"WebPage\",\"@id\":\"https:\\\/\\\/theomm.com\\\/sv\\\/product\\\/wisp-pant\\\/\",\"url\":\"https:\\\/\\\/theomm.com\\\/sv\\\/product\\\/wisp-pant\\\/\",\"name\":\"Wisp Pant\",\"isPartOf\":{\"@id\":\"https:\\\/\\\/theomm.com\\\/#website\"},\"primaryImageOfPage\":{\"@id\":\"https:\\\/\\\/theomm.com\\\/sv\\\/product\\\/wisp-pant\\\/#primaryimage\"},\"image\":{\"@id\":\"https:\\\/\\\/theomm.com\\\/sv\\\/product\\\/wisp-pant\\\/#primaryimage\"},\"thumbnailUrl\":\"https:\\\/\\\/theomm.com\\\/wp-content\\\/uploads\\\/2023\\\/02\\\/OC188_Halo_Pant_Black_Front-1.jpg\",\"datePublished\":\"2023-11-20T09:45:29+00:00\",\"dateModified\":\"2026-03-31T12:57:42+00:00\",\"description\":\"Wisp Pant \u00e4r en ultral\u00e4tt och ventilerande vattent\u00e4t byxa som kan packas ner till storleken av en tennisboll. Perfekt n\u00e4r du vill r\u00f6ra dig snabbt och l\u00e4tt med s\u00e4kerhet.\",\"breadcrumb\":{\"@id\":\"https:\\\/\\\/theomm.com\\\/sv\\\/product\\\/wisp-pant\\\/#breadcrumb\"},\"inLanguage\":\"sv-SE\",\"potentialAction\":[{\"@type\":\"ReadAction\",\"target\":[\"https:\\\/\\\/theomm.com\\\/sv\\\/product\\\/wisp-pant\\\/\"]}]},{\"@type\":\"ImageObject\",\"inLanguage\":\"sv-SE\",\"@id\":\"https:\\\/\\\/theomm.com\\\/sv\\\/product\\\/wisp-pant\\\/#primaryimage\",\"url\":\"https:\\\/\\\/theomm.com\\\/wp-content\\\/uploads\\\/2023\\\/02\\\/OC188_Halo_Pant_Black_Front-1.jpg\",\"contentUrl\":\"https:\\\/\\\/theomm.com\\\/wp-content\\\/uploads\\\/2023\\\/02\\\/OC188_Halo_Pant_Black_Front-1.jpg\",\"width\":600,\"height\":600},{\"@type\":\"BreadcrumbList\",\"@id\":\"https:\\\/\\\/theomm.com\\\/sv\\\/product\\\/wisp-pant\\\/#breadcrumb\",\"itemListElement\":[{\"@type\":\"ListItem\",\"position\":1,\"name\":\"Home\",\"item\":\"https:\\\/\\\/theomm.com\\\/sv\\\/original-mountain-marathon\\\/\"},{\"@type\":\"ListItem\",\"position\":2,\"name\":\"Produkter\",\"item\":\"https:\\\/\\\/theomm.com\\\/sv\\\/original-mountain-marathon\\\/produkter\\\/\"},{\"@type\":\"ListItem\",\"position\":3,\"name\":\"Wisp Pant\"}]},{\"@type\":\"WebSite\",\"@id\":\"https:\\\/\\\/theomm.com\\\/#website\",\"url\":\"https:\\\/\\\/theomm.com\\\/\",\"name\":\"OMM\",\"description\":\"OMM is Technical clothing and equipment made for running in the mountains. Designed to the specifications of Original Mountain Marathon.\",\"alternateName\":\"Original Mountain Marathon\",\"potentialAction\":[{\"@type\":\"SearchAction\",\"target\":{\"@type\":\"EntryPoint\",\"urlTemplate\":\"https:\\\/\\\/theomm.com\\\/?s={search_term_string}\"},\"query-input\":{\"@type\":\"PropertyValueSpecification\",\"valueRequired\":true,\"valueName\":\"search_term_string\"}}],\"inLanguage\":\"sv-SE\"}]}<\/script>\n<!-- \/ Yoast SEO plugin. -->","yoast_head_json":{"title":"Wisp Pant","description":"Wisp Pant \u00e4r en ultral\u00e4tt och ventilerande vattent\u00e4t byxa som kan packas ner till storleken av en tennisboll. Perfekt n\u00e4r du vill r\u00f6ra dig snabbt och l\u00e4tt med s\u00e4kerhet.","robots":{"index":"index","follow":"follow","max-snippet":"max-snippet:-1","max-image-preview":"max-image-preview:large","max-video-preview":"max-video-preview:-1"},"canonical":"https:\/\/theomm.com\/sv\/product\/wisp-pant\/","og_locale":"sv_SE","og_type":"article","og_title":"Wisp Pant","og_description":"Wisp Pant \u00e4r en ultral\u00e4tt och ventilerande vattent\u00e4t byxa som kan packas ner till storleken av en tennisboll. Perfekt n\u00e4r du vill r\u00f6ra dig snabbt och l\u00e4tt med s\u00e4kerhet.","og_url":"https:\/\/theomm.com\/sv\/product\/wisp-pant\/","og_site_name":"OMM","article_publisher":"https:\/\/www.facebook.com\/OMMrunning?_ga=2.203172945.1541616462.1665402953-280172632.1649426001","article_modified_time":"2026-03-31T12:57:42+00:00","og_image":[{"width":600,"height":600,"url":"https:\/\/theomm.com\/wp-content\/uploads\/2023\/02\/OC188_Halo_Pant_Black_Front-1.jpg","type":"image\/jpeg"}],"twitter_card":"summary_large_image","twitter_misc":{"Ber\u00e4knad l\u00e4stid":"2 minutes"},"schema":{"@context":"https:\/\/schema.org","@graph":[{"@type":"WebPage","@id":"https:\/\/theomm.com\/sv\/product\/wisp-pant\/","url":"https:\/\/theomm.com\/sv\/product\/wisp-pant\/","name":"Wisp Pant","isPartOf":{"@id":"https:\/\/theomm.com\/#website"},"primaryImageOfPage":{"@id":"https:\/\/theomm.com\/sv\/product\/wisp-pant\/#primaryimage"},"image":{"@id":"https:\/\/theomm.com\/sv\/product\/wisp-pant\/#primaryimage"},"thumbnailUrl":"https:\/\/theomm.com\/wp-content\/uploads\/2023\/02\/OC188_Halo_Pant_Black_Front-1.jpg","datePublished":"2023-11-20T09:45:29+00:00","dateModified":"2026-03-31T12:57:42+00:00","description":"Wisp Pant \u00e4r en ultral\u00e4tt och ventilerande vattent\u00e4t byxa som kan packas ner till storleken av en tennisboll. Perfekt n\u00e4r du vill r\u00f6ra dig snabbt och l\u00e4tt med s\u00e4kerhet.","breadcrumb":{"@id":"https:\/\/theomm.com\/sv\/product\/wisp-pant\/#breadcrumb"},"inLanguage":"sv-SE","potentialAction":[{"@type":"ReadAction","target":["https:\/\/theomm.com\/sv\/product\/wisp-pant\/"]}]},{"@type":"ImageObject","inLanguage":"sv-SE","@id":"https:\/\/theomm.com\/sv\/product\/wisp-pant\/#primaryimage","url":"https:\/\/theomm.com\/wp-content\/uploads\/2023\/02\/OC188_Halo_Pant_Black_Front-1.jpg","contentUrl":"https:\/\/theomm.com\/wp-content\/uploads\/2023\/02\/OC188_Halo_Pant_Black_Front-1.jpg","width":600,"height":600},{"@type":"BreadcrumbList","@id":"https:\/\/theomm.com\/sv\/product\/wisp-pant\/#breadcrumb","itemListElement":[{"@type":"ListItem","position":1,"name":"Home","item":"https:\/\/theomm.com\/sv\/original-mountain-marathon\/"},{"@type":"ListItem","position":2,"name":"Produkter","item":"https:\/\/theomm.com\/sv\/original-mountain-marathon\/produkter\/"},{"@type":"ListItem","position":3,"name":"Wisp Pant"}]},{"@type":"WebSite","@id":"https:\/\/theomm.com\/#website","url":"https:\/\/theomm.com\/","name":"OMM","description":"OMM is Technical clothing and equipment made for running in the mountains. Designed to the specifications of Original Mountain Marathon.","alternateName":"Original Mountain Marathon","potentialAction":[{"@type":"SearchAction","target":{"@type":"EntryPoint","urlTemplate":"https:\/\/theomm.com\/?s={search_term_string}"},"query-input":{"@type":"PropertyValueSpecification","valueRequired":true,"valueName":"search_term_string"}}],"inLanguage":"sv-SE"}]}},"_links":{"self":[{"href":"https:\/\/theomm.com\/sv\/wp-json\/wp\/v2\/product\/171157","targetHints":{"allow":["GET"]}}],"collection":[{"href":"https:\/\/theomm.com\/sv\/wp-json\/wp\/v2\/product"}],"about":[{"href":"https:\/\/theomm.com\/sv\/wp-json\/wp\/v2\/types\/product"}],"wp:featuredmedia":[{"embeddable":true,"href":"https:\/\/theomm.com\/sv\/wp-json\/wp\/v2\/media\/156530"}],"wp:attachment":[{"href":"https:\/\/theomm.com\/sv\/wp-json\/wp\/v2\/media?parent=171157"}],"wp:term":[{"taxonomy":"locations","embeddable":true,"href":"https:\/\/theomm.com\/sv\/wp-json\/wp\/v2\/locations?post=171157"},{"taxonomy":"product_brand","embeddable":true,"href":"https:\/\/theomm.com\/sv\/wp-json\/wp\/v2\/product_brand?post=171157"},{"taxonomy":"product_cat","embeddable":true,"href":"https:\/\/theomm.com\/sv\/wp-json\/wp\/v2\/product_cat?post=171157"},{"taxonomy":"product_tag","embeddable":true,"href":"https:\/\/theomm.com\/sv\/wp-json\/wp\/v2\/product_tag?post=171157"}],"curies":[{"name":"wp","href":"https:\/\/api.w.org\/{rel}","templated":true}]}}