{"id":184115,"date":"2023-07-14T14:47:55","date_gmt":"2023-07-14T14:47:55","guid":{"rendered":"https:\/\/theomm.com\/product\/go-pod-2\/"},"modified":"2025-09-10T17:04:32","modified_gmt":"2025-09-10T17:04:32","slug":"go-pod-2","status":"publish","type":"product","link":"https:\/\/theomm.com\/sv\/product\/go-pod-2\/","title":{"rendered":"Go Pod"},"content":{"rendered":"<p>Go Pod &#8211; Idealisk f\u00f6r alla dina l\u00f6pningsn\u00f6dv\u00e4ndigheter \u00e4r Go Pod en m\u00e5ngsidig f\u00f6rvaringsp\u00e5se f\u00f6r f\u00f6rem\u00e5l som kr\u00e4ver snabb \u00e5tkomst n\u00e4r du \u00e4r p\u00e5 spr\u00e5ng. De dubbla kompressionskoordinaterna g\u00f6r att du kan dra \u00e5t toppen eller komprimera huvuddelen av p\u00e5sen f\u00f6r att h\u00e5lla inneh\u00e5llet stabilt och s\u00e4kert. Perfekt f\u00f6r geler, flaskor, kompass eller snacks. SKULDERREM MONTERAD FICKA F\u00d6R OMM-RYGGS\u00c4CKAR Dubbla kompressionskoordinater Passar alla OMM-ryggs\u00e4ckar F\u00e4sts p\u00e5 axelremmar Kompatibel med snacks och flaskor F\u00e4rg: Orange, Gr\u00e5, Bl\u00e5, Gr\u00f6n, Gul, Rosa, Aqua Tyg: Nylon Vikt: 30g<\/p>\n<p>V\u00e5r l\u00e4ttviktiga kl\u00e4der &amp; utrustning \u00e4r specifikt utformad f\u00f6r bergslopparens behov, med specifikationer direkt h\u00e4mtade fr\u00e5n erfarenheterna p\u00e5 Original Mountain Marathon.<\/p>\n<p>En 2-dagars resa genom n\u00e5gra av Storbritanniens tuffaste terr\u00e4ng, h\u00e5lls i slutet av varje oktober sedan 1968, f\u00f6r att s\u00e4kerst\u00e4lla utmanande v\u00e4der. En test av bergskonst och uth\u00e5llighet, &#8216;The OMM&#8217;, erk\u00e4nns som guldstandarden inom bergsutmaningar.<\/p>\n<p>Evenemangets h\u00f6ga krav forts\u00e4tter att p\u00e5verka designen och funktionerna hos v\u00e5r kl\u00e4der, som i sin tur anv\u00e4nds i n\u00e5gra av de tuffaste evenemangen och sv\u00e5raste utmaningarna \u00f6ver hela v\u00e4rlden.<\/p>\n<p>Betrodd av bergsatleter och yrkesverksamma i \u00e5rtionden, \u00e4r OMM-sortimentet den perfekta f\u00f6ljeslagaren f\u00f6r ditt n\u00e4sta \u00e4ventyr.<\/p>\n<p>Perfekt f\u00f6r att h\u00e5lla karta, kompass, gel\u00e9b\u00f6nor och urs\u00e4kter n\u00e4ra till hands under l\u00e5ngdistansl\u00f6pningar och \u00e4ventyr. Kompatibel med hela OMM Pack-sortimentet, f\u00e4ster och lossnar enkelt fr\u00e5n axelremmen p\u00e5 din ryggs\u00e4ck f\u00f6r extra kapacitet.<\/p>\n","protected":false},"excerpt":{"rendered":"<p>Idealisk f\u00f6r alla dina l\u00f6pningsn\u00f6dv\u00e4ndigheter \u00e4r Go Pod en m\u00e5ngsidig f\u00f6rvaringsp\u00e5se f\u00f6r f\u00f6rem\u00e5l som kr\u00e4ver snabb \u00e5tkomst n\u00e4r du \u00e4r p\u00e5 spr\u00e5ng. De framtill monterade dubbla kompressionskoordinaterna g\u00f6r att du kan dra \u00e5t toppen och komprimera huvuddelen av p\u00e5sen f\u00f6r att h\u00e5lla inneh\u00e5llet stabilt och s\u00e4kert. Perfekt f\u00f6r geler, flaskor, kompass eller snacks.<\/p>\n","protected":false},"featured_media":156659,"template":"","meta":{"_acf_changed":false,"_et_pb_use_builder":"","_et_pb_old_content":"","_et_gb_content_width":""},"locations":[],"product_brand":[],"product_cat":[1287,1280,1290],"product_tag":[2715,2716],"class_list":{"0":"post-184115","1":"product","2":"type-product","3":"status-publish","4":"has-post-thumbnail","6":"product_cat-bara-forvara","7":"product_cat-kit-listar","8":"product_cat-tillbehor-och-tillagg","9":"product_tag-omm-bottle-holder-sv","10":"product_tag-omm-go-pod-sv","11":"pa_color-bla-sv","12":"pa_color-gra-sv","13":"pa_color-gron-sv","14":"pa_color-gul-sv","15":"pa_color-lila","16":"pa_color-orange-sv","17":"pa_color-pink-sv","18":"pa_colour-bla-sv","19":"pa_colour-gra-sv","20":"pa_colour-gron-sv","21":"pa_colour-gul-sv","22":"pa_colour-lila-sv","23":"pa_colour-orange-sv","24":"pa_colour-pink-sv","25":"pa_gender-mens-sv","26":"pa_gender-womens-sv","27":"pa_weight-0-50g","29":"first","30":"instock","31":"taxable","32":"shipping-taxable","33":"purchasable","34":"product-type-variable","35":"wvs-archive-product-wrapper"},"acf":[],"yoast_head":"<!-- This site is optimized with the Yoast SEO plugin v27.3 - https:\/\/yoast.com\/product\/yoast-seo-wordpress\/ -->\n<title>Go Pod - OMM<\/title>\n<meta name=\"description\" content=\"The Go Pod, Axelremmonterad ficka f\u00f6r OMM-ryggs\u00e4ckar. Perfekt f\u00f6r alla dina l\u00f6pningsn\u00f6dv\u00e4ndigheter, en m\u00e5ngsidig f\u00f6rvaringsp\u00e5se f\u00f6r f\u00f6rem\u00e5l som kr\u00e4ver snabb \u00e5tkomst.\" \/>\n<meta name=\"robots\" content=\"index, follow, max-snippet:-1, max-image-preview:large, max-video-preview:-1\" \/>\n<link rel=\"canonical\" href=\"https:\/\/theomm.com\/product\/go-pod-aw23\/\" \/>\n<meta property=\"og:locale\" content=\"sv_SE\" \/>\n<meta property=\"og:type\" content=\"article\" \/>\n<meta property=\"og:title\" content=\"Go Pod - OMM\" \/>\n<meta property=\"og:description\" content=\"The Go Pod, Axelremmonterad ficka f\u00f6r OMM-ryggs\u00e4ckar. Perfekt f\u00f6r alla dina l\u00f6pningsn\u00f6dv\u00e4ndigheter, en m\u00e5ngsidig f\u00f6rvaringsp\u00e5se f\u00f6r f\u00f6rem\u00e5l som kr\u00e4ver snabb \u00e5tkomst.\" \/>\n<meta property=\"og:url\" content=\"https:\/\/theomm.com\/product\/go-pod-aw23\/\" \/>\n<meta property=\"og:site_name\" content=\"OMM\" \/>\n<meta property=\"article:publisher\" content=\"https:\/\/www.facebook.com\/OMMrunning?_ga=2.203172945.1541616462.1665402953-280172632.1649426001\" \/>\n<meta property=\"article:modified_time\" content=\"2025-09-10T17:04:32+00:00\" \/>\n<meta property=\"og:image\" content=\"https:\/\/theomm.com\/wp-content\/uploads\/2023\/02\/OG048_Go_Pod_Blue.jpg\" \/>\n\t<meta property=\"og:image:width\" content=\"600\" \/>\n\t<meta property=\"og:image:height\" content=\"600\" \/>\n\t<meta property=\"og:image:type\" content=\"image\/jpeg\" \/>\n<meta name=\"twitter:card\" content=\"summary_large_image\" \/>\n<meta name=\"twitter:label1\" content=\"Ber\u00e4knad l\u00e4stid\" \/>\n\t<meta name=\"twitter:data1\" content=\"1 minute\" \/>\n<script type=\"application\/ld+json\" class=\"yoast-schema-graph\">{\"@context\":\"https:\\\/\\\/schema.org\",\"@graph\":[{\"@type\":\"WebPage\",\"@id\":\"https:\\\/\\\/theomm.com\\\/product\\\/go-pod-aw23\\\/\",\"url\":\"https:\\\/\\\/theomm.com\\\/product\\\/go-pod-aw23\\\/\",\"name\":\"Go Pod - OMM\",\"isPartOf\":{\"@id\":\"https:\\\/\\\/theomm.com\\\/#website\"},\"primaryImageOfPage\":{\"@id\":\"https:\\\/\\\/theomm.com\\\/product\\\/go-pod-aw23\\\/#primaryimage\"},\"image\":{\"@id\":\"https:\\\/\\\/theomm.com\\\/product\\\/go-pod-aw23\\\/#primaryimage\"},\"thumbnailUrl\":\"https:\\\/\\\/theomm.com\\\/wp-content\\\/uploads\\\/2023\\\/02\\\/OG048_Go_Pod_Blue.jpg\",\"datePublished\":\"2023-07-14T14:47:55+00:00\",\"dateModified\":\"2025-09-10T17:04:32+00:00\",\"description\":\"The Go Pod, Axelremmonterad ficka f\u00f6r OMM-ryggs\u00e4ckar. Perfekt f\u00f6r alla dina l\u00f6pningsn\u00f6dv\u00e4ndigheter, en m\u00e5ngsidig f\u00f6rvaringsp\u00e5se f\u00f6r f\u00f6rem\u00e5l som kr\u00e4ver snabb \u00e5tkomst.\",\"breadcrumb\":{\"@id\":\"https:\\\/\\\/theomm.com\\\/product\\\/go-pod-aw23\\\/#breadcrumb\"},\"inLanguage\":\"sv-SE\",\"potentialAction\":[{\"@type\":\"ReadAction\",\"target\":[\"https:\\\/\\\/theomm.com\\\/product\\\/go-pod-aw23\\\/\"]}]},{\"@type\":\"ImageObject\",\"inLanguage\":\"sv-SE\",\"@id\":\"https:\\\/\\\/theomm.com\\\/product\\\/go-pod-aw23\\\/#primaryimage\",\"url\":\"https:\\\/\\\/theomm.com\\\/wp-content\\\/uploads\\\/2023\\\/02\\\/OG048_Go_Pod_Blue.jpg\",\"contentUrl\":\"https:\\\/\\\/theomm.com\\\/wp-content\\\/uploads\\\/2023\\\/02\\\/OG048_Go_Pod_Blue.jpg\",\"width\":600,\"height\":600},{\"@type\":\"BreadcrumbList\",\"@id\":\"https:\\\/\\\/theomm.com\\\/product\\\/go-pod-aw23\\\/#breadcrumb\",\"itemListElement\":[{\"@type\":\"ListItem\",\"position\":1,\"name\":\"Home\",\"item\":\"https:\\\/\\\/theomm.com\\\/sv\\\/original-mountain-marathon\\\/\"},{\"@type\":\"ListItem\",\"position\":2,\"name\":\"Produkter\",\"item\":\"https:\\\/\\\/theomm.com\\\/sv\\\/original-mountain-marathon\\\/produkter\\\/\"},{\"@type\":\"ListItem\",\"position\":3,\"name\":\"Go Pod\"}]},{\"@type\":\"WebSite\",\"@id\":\"https:\\\/\\\/theomm.com\\\/#website\",\"url\":\"https:\\\/\\\/theomm.com\\\/\",\"name\":\"OMM\",\"description\":\"OMM is Technical clothing and equipment made for running in the mountains. Designed to the specifications of Original Mountain Marathon.\",\"alternateName\":\"Original Mountain Marathon\",\"potentialAction\":[{\"@type\":\"SearchAction\",\"target\":{\"@type\":\"EntryPoint\",\"urlTemplate\":\"https:\\\/\\\/theomm.com\\\/?s={search_term_string}\"},\"query-input\":{\"@type\":\"PropertyValueSpecification\",\"valueRequired\":true,\"valueName\":\"search_term_string\"}}],\"inLanguage\":\"sv-SE\"}]}<\/script>\n<!-- \/ Yoast SEO plugin. -->","yoast_head_json":{"title":"Go Pod - OMM","description":"The Go Pod, Axelremmonterad ficka f\u00f6r OMM-ryggs\u00e4ckar. Perfekt f\u00f6r alla dina l\u00f6pningsn\u00f6dv\u00e4ndigheter, en m\u00e5ngsidig f\u00f6rvaringsp\u00e5se f\u00f6r f\u00f6rem\u00e5l som kr\u00e4ver snabb \u00e5tkomst.","robots":{"index":"index","follow":"follow","max-snippet":"max-snippet:-1","max-image-preview":"max-image-preview:large","max-video-preview":"max-video-preview:-1"},"canonical":"https:\/\/theomm.com\/product\/go-pod-aw23\/","og_locale":"sv_SE","og_type":"article","og_title":"Go Pod - OMM","og_description":"The Go Pod, Axelremmonterad ficka f\u00f6r OMM-ryggs\u00e4ckar. Perfekt f\u00f6r alla dina l\u00f6pningsn\u00f6dv\u00e4ndigheter, en m\u00e5ngsidig f\u00f6rvaringsp\u00e5se f\u00f6r f\u00f6rem\u00e5l som kr\u00e4ver snabb \u00e5tkomst.","og_url":"https:\/\/theomm.com\/product\/go-pod-aw23\/","og_site_name":"OMM","article_publisher":"https:\/\/www.facebook.com\/OMMrunning?_ga=2.203172945.1541616462.1665402953-280172632.1649426001","article_modified_time":"2025-09-10T17:04:32+00:00","og_image":[{"width":600,"height":600,"url":"https:\/\/theomm.com\/wp-content\/uploads\/2023\/02\/OG048_Go_Pod_Blue.jpg","type":"image\/jpeg"}],"twitter_card":"summary_large_image","twitter_misc":{"Ber\u00e4knad l\u00e4stid":"1 minute"},"schema":{"@context":"https:\/\/schema.org","@graph":[{"@type":"WebPage","@id":"https:\/\/theomm.com\/product\/go-pod-aw23\/","url":"https:\/\/theomm.com\/product\/go-pod-aw23\/","name":"Go Pod - OMM","isPartOf":{"@id":"https:\/\/theomm.com\/#website"},"primaryImageOfPage":{"@id":"https:\/\/theomm.com\/product\/go-pod-aw23\/#primaryimage"},"image":{"@id":"https:\/\/theomm.com\/product\/go-pod-aw23\/#primaryimage"},"thumbnailUrl":"https:\/\/theomm.com\/wp-content\/uploads\/2023\/02\/OG048_Go_Pod_Blue.jpg","datePublished":"2023-07-14T14:47:55+00:00","dateModified":"2025-09-10T17:04:32+00:00","description":"The Go Pod, Axelremmonterad ficka f\u00f6r OMM-ryggs\u00e4ckar. Perfekt f\u00f6r alla dina l\u00f6pningsn\u00f6dv\u00e4ndigheter, en m\u00e5ngsidig f\u00f6rvaringsp\u00e5se f\u00f6r f\u00f6rem\u00e5l som kr\u00e4ver snabb \u00e5tkomst.","breadcrumb":{"@id":"https:\/\/theomm.com\/product\/go-pod-aw23\/#breadcrumb"},"inLanguage":"sv-SE","potentialAction":[{"@type":"ReadAction","target":["https:\/\/theomm.com\/product\/go-pod-aw23\/"]}]},{"@type":"ImageObject","inLanguage":"sv-SE","@id":"https:\/\/theomm.com\/product\/go-pod-aw23\/#primaryimage","url":"https:\/\/theomm.com\/wp-content\/uploads\/2023\/02\/OG048_Go_Pod_Blue.jpg","contentUrl":"https:\/\/theomm.com\/wp-content\/uploads\/2023\/02\/OG048_Go_Pod_Blue.jpg","width":600,"height":600},{"@type":"BreadcrumbList","@id":"https:\/\/theomm.com\/product\/go-pod-aw23\/#breadcrumb","itemListElement":[{"@type":"ListItem","position":1,"name":"Home","item":"https:\/\/theomm.com\/sv\/original-mountain-marathon\/"},{"@type":"ListItem","position":2,"name":"Produkter","item":"https:\/\/theomm.com\/sv\/original-mountain-marathon\/produkter\/"},{"@type":"ListItem","position":3,"name":"Go Pod"}]},{"@type":"WebSite","@id":"https:\/\/theomm.com\/#website","url":"https:\/\/theomm.com\/","name":"OMM","description":"OMM is Technical clothing and equipment made for running in the mountains. Designed to the specifications of Original Mountain Marathon.","alternateName":"Original Mountain Marathon","potentialAction":[{"@type":"SearchAction","target":{"@type":"EntryPoint","urlTemplate":"https:\/\/theomm.com\/?s={search_term_string}"},"query-input":{"@type":"PropertyValueSpecification","valueRequired":true,"valueName":"search_term_string"}}],"inLanguage":"sv-SE"}]}},"_links":{"self":[{"href":"https:\/\/theomm.com\/sv\/wp-json\/wp\/v2\/product\/184115","targetHints":{"allow":["GET"]}}],"collection":[{"href":"https:\/\/theomm.com\/sv\/wp-json\/wp\/v2\/product"}],"about":[{"href":"https:\/\/theomm.com\/sv\/wp-json\/wp\/v2\/types\/product"}],"wp:featuredmedia":[{"embeddable":true,"href":"https:\/\/theomm.com\/sv\/wp-json\/wp\/v2\/media\/156659"}],"wp:attachment":[{"href":"https:\/\/theomm.com\/sv\/wp-json\/wp\/v2\/media?parent=184115"}],"wp:term":[{"taxonomy":"locations","embeddable":true,"href":"https:\/\/theomm.com\/sv\/wp-json\/wp\/v2\/locations?post=184115"},{"taxonomy":"product_brand","embeddable":true,"href":"https:\/\/theomm.com\/sv\/wp-json\/wp\/v2\/product_brand?post=184115"},{"taxonomy":"product_cat","embeddable":true,"href":"https:\/\/theomm.com\/sv\/wp-json\/wp\/v2\/product_cat?post=184115"},{"taxonomy":"product_tag","embeddable":true,"href":"https:\/\/theomm.com\/sv\/wp-json\/wp\/v2\/product_tag?post=184115"}],"curies":[{"name":"wp","href":"https:\/\/api.w.org\/{rel}","templated":true}]}}