{"id":184134,"date":"2023-02-28T17:22:06","date_gmt":"2023-02-28T17:22:06","guid":{"rendered":"https:\/\/theomm.com\/product\/phantom-18-2\/"},"modified":"2025-09-10T17:04:20","modified_gmt":"2025-09-10T17:04:20","slug":"phantom-18-2","status":"publish","type":"product","link":"https:\/\/theomm.com\/sv\/product\/phantom-18-2\/","title":{"rendered":"Phantom 18"},"content":{"rendered":"<p>Phantom 18 &#8211; Phantom 18 \u00e4r en smidig VestPack f\u00f6r adventure racing. Stabiliserad runt din ryggrad, v\u00e5rt unika 7-punkts sele f\u00f6rbinder ryggs\u00e4cken med l\u00f6parens ryggrad via en \u00f6verdelad sele f\u00f6r att ge den mest stabila b\u00e4rf\u00f6rm\u00e5gan m\u00f6jligt. Den delade selen frig\u00f6r ocks\u00e5 axlarna och m\u00f6jligg\u00f6r en mer energieffektiv l\u00f6pning. Dubbla V-formade ankarpunkter omsluter midjan f\u00f6r att ge en s\u00e4ker passform och kontrollera studs och sv\u00e4ngningar n\u00e4r du \u00e4r p\u00e5 oj\u00e4mn terr\u00e4ng.<\/p>\n<p>Den kortare ryggl\u00e4ngden passar bra f\u00f6r mindre ramar eller kortare ryggar.<\/p>\n<p>Testad under utvecklingen p\u00e5 330 km Tor Des G\u00e9ants-loppet och anv\u00e4nd av OMM-hill laget under extrema f\u00f6rh\u00e5llanden. Den klarade det.<\/p>\n<p>Genom att kombinera kapaciteten hos en ryggs\u00e4ck med den fr\u00e4mre tillg\u00e4ngligheten hos en v\u00e4st, \u00e4r den idealisk f\u00f6r flerdagarsracing eller ultrautmaningar d\u00e4r regelbundna stopp f\u00f6r att h\u00e4mta utrustning inte \u00e4r ett alternativ. EN SMIDIGARE KAPACITET VESTPACK MED DEN L\u00c4TTVIKTIGA H\u00c5LLBARHETEN AV CORDURA-STABILISERING Stabiliserad runt din ryggrad, anv\u00e4nder Phantom Suspension-systemet en smal sele bakom nacken f\u00f6r att f\u00e4sta ryggs\u00e4cken vid ryggraden ist\u00e4llet f\u00f6r axlarna, vilket g\u00f6r att axlarna kan r\u00f6ra sig fritt och \u00f6kar effektiviteten i din handling. ST\u00d6TD\u00c4MPNING Tv\u00e5 st\u00f6td\u00e4mpande fj\u00e4drande rep \u00f6ver axeln arbetar tillsammans f\u00f6r att ytterligare minska sv\u00e4ngningen och h\u00e5lla ryggs\u00e4cken i linje med ryggraden.<\/p>\n<p>Ryggs\u00e4ckens vikt tas upp av f\u00e4stpunkten i selen medan st\u00f6td\u00e4mpningen och sv\u00e4ngningen kontrolleras av de sp\u00e4nda res\u00e5ren \u00f6ver varje axel. VERTIKAL STABILITET Vertikal r\u00f6relse minskas genom tv\u00e5 j\u00e4mnst\u00e4llda f\u00e4stpunkter matade till en gemensam justerare. Detta skapar en mycket stabil Y-form som omsluter v\u00e4stpacken i den nedre ryggraden. N\u00e4r l\u00f6paren trycker ifr\u00e5n drar vikten i den nedre remmen, n\u00e4r l\u00f6paren sjunker tillbaka drar den \u00f6vre remmen \u00e5t och f\u00f6rhindrar att axeln lossnar. Justerbar ryggl\u00e4ngd inklusive aluminium t\u00e4ltspik Dragsn\u00f6re st\u00e4ngning Avtagbara kolstavar (kan ers\u00e4ttas med t\u00e4ltpinnar) EVA-vadderad axelrem Stor bakre n\u00e4tficka Tv\u00e5 fr\u00e4mre flaskfickor (750 ml-flaskkompatibla) Tv\u00e5 stora blixtl\u00e5sfickor i midjan Avtagbar skumryggplatta Reflexdetaljer 3 liters hydreringsbl\u00e5sa kompatibel Framre mesh-fickor f\u00f6r v\u00e4sentligheter Ryggl\u00e4ngd: 42 cm &#8211; 50 cm F\u00e4rger: Black\/Orange, Grey\/Blue Tyger: CORDURA (Nylon), 3D-n\u00e4t Vikt: 525g\/450g<\/p>\n","protected":false},"excerpt":{"rendered":"<p>Phantom 18 \u00e4r en smidig VestPack f\u00f6r adventure racing. Stabiliserad runt din ryggrad, v\u00e5r unika 7-punkts sele f\u00f6rbinder ryggs\u00e4cken med l\u00f6parens ryggrad via en \u00f6verdelad sele f\u00f6r att ge den mest stabila b\u00e4rf\u00f6rm\u00e5gan m\u00f6jligt. Den delade selen frig\u00f6r ocks\u00e5 axlarna och m\u00f6jligg\u00f6r en mer energieffektiv l\u00f6pning. Dubbla V-formade ankarpunkter omsluter midjan f\u00f6r att ge en s\u00e4ker passform och kontrollera studs och sv\u00e4ngningar n\u00e4r du \u00e4r p\u00e5 oj\u00e4mn terr\u00e4ng.<\/p>\n<p>Den kortare ryggl\u00e4ngden passar bra f\u00f6r mindre ramar eller kortare ryggar.<\/p>\n<p>Testad under utvecklingen p\u00e5 330 km Tor Des G\u00e9ants-loppet och anv\u00e4nd av OMM-hill laget under extrema f\u00f6rh\u00e5llanden. Den klarade det.<\/p>\n<p>Genom att kombinera kapaciteten hos en ryggs\u00e4ck med den fr\u00e4mre tillg\u00e4ngligheten hos en v\u00e4st, \u00e4r den idealisk f\u00f6r flerdagarsracing eller ultrautmaningar d\u00e4r regelbundna stopp f\u00f6r att h\u00e4mta utrustning inte \u00e4r ett alternativ.<\/p>\n","protected":false},"featured_media":156643,"template":"","meta":{"_acf_changed":false,"_et_pb_use_builder":"","_et_pb_old_content":"","_et_gb_content_width":""},"locations":[],"product_brand":[],"product_cat":[1287,1281,1291,1288],"product_tag":[2496,2297,2497],"class_list":{"0":"post-184134","1":"product","2":"type-product","3":"status-publish","4":"has-post-thumbnail","6":"product_cat-bara-forvara","7":"product_cat-nyheter","8":"product_cat-racevests-sv","9":"product_cat-ryggsackar","10":"product_tag-running-pack-sv","11":"product_tag-running-vest-sv","12":"product_tag-vestpack-sv","13":"pa_color-gra-sv","14":"pa_color-svart","15":"pa_colour-gra-sv","16":"pa_colour-svart","17":"pa_gender-mens-sv","18":"pa_gender-womens-sv","19":"pa_weight-400g","21":"first","22":"instock","23":"taxable","24":"shipping-taxable","25":"purchasable","26":"product-type-variable","27":"wvs-archive-product-wrapper"},"acf":[],"yoast_head":"<!-- This site is optimized with the Yoast SEO plugin v27.3 - https:\/\/yoast.com\/product\/yoast-seo-wordpress\/ -->\n<title>Phantom 18 - OMM<\/title>\n<meta name=\"description\" content=\"The Phantom 18, En mindre kapacitet v\u00e4stryggs\u00e4ck med den l\u00e4tta h\u00e5llbarheten hos Cordura. Stabilisering. St\u00f6td\u00e4mpning. Vertikal stabilitet.\" \/>\n<meta name=\"robots\" content=\"index, follow, max-snippet:-1, max-image-preview:large, max-video-preview:-1\" \/>\n<link rel=\"canonical\" href=\"https:\/\/theomm.com\/product\/phantom-18\/\" \/>\n<meta property=\"og:locale\" content=\"sv_SE\" \/>\n<meta property=\"og:type\" content=\"article\" \/>\n<meta property=\"og:title\" content=\"Phantom 18 - OMM\" \/>\n<meta property=\"og:description\" content=\"The Phantom 18, En mindre kapacitet v\u00e4stryggs\u00e4ck med den l\u00e4tta h\u00e5llbarheten hos Cordura. Stabilisering. St\u00f6td\u00e4mpning. Vertikal stabilitet.\" \/>\n<meta property=\"og:url\" content=\"https:\/\/theomm.com\/product\/phantom-18\/\" \/>\n<meta property=\"og:site_name\" content=\"OMM\" \/>\n<meta property=\"article:publisher\" content=\"https:\/\/www.facebook.com\/OMMrunning?_ga=2.203172945.1541616462.1665402953-280172632.1649426001\" \/>\n<meta property=\"article:modified_time\" content=\"2025-09-10T17:04:20+00:00\" \/>\n<meta property=\"og:image\" content=\"https:\/\/theomm.com\/wp-content\/uploads\/2023\/02\/OF052_Phantom_18_Grey_Back.jpg\" \/>\n\t<meta property=\"og:image:width\" content=\"600\" \/>\n\t<meta property=\"og:image:height\" content=\"600\" \/>\n\t<meta property=\"og:image:type\" content=\"image\/jpeg\" \/>\n<meta name=\"twitter:card\" content=\"summary_large_image\" \/>\n<meta name=\"twitter:label1\" content=\"Ber\u00e4knad l\u00e4stid\" \/>\n\t<meta name=\"twitter:data1\" content=\"2 minutes\" \/>\n<script type=\"application\/ld+json\" class=\"yoast-schema-graph\">{\"@context\":\"https:\\\/\\\/schema.org\",\"@graph\":[{\"@type\":\"WebPage\",\"@id\":\"https:\\\/\\\/theomm.com\\\/product\\\/phantom-18\\\/\",\"url\":\"https:\\\/\\\/theomm.com\\\/product\\\/phantom-18\\\/\",\"name\":\"Phantom 18 - OMM\",\"isPartOf\":{\"@id\":\"https:\\\/\\\/theomm.com\\\/#website\"},\"primaryImageOfPage\":{\"@id\":\"https:\\\/\\\/theomm.com\\\/product\\\/phantom-18\\\/#primaryimage\"},\"image\":{\"@id\":\"https:\\\/\\\/theomm.com\\\/product\\\/phantom-18\\\/#primaryimage\"},\"thumbnailUrl\":\"https:\\\/\\\/theomm.com\\\/wp-content\\\/uploads\\\/2023\\\/02\\\/OF052_Phantom_18_Grey_Back.jpg\",\"datePublished\":\"2023-02-28T17:22:06+00:00\",\"dateModified\":\"2025-09-10T17:04:20+00:00\",\"description\":\"The Phantom 18, En mindre kapacitet v\u00e4stryggs\u00e4ck med den l\u00e4tta h\u00e5llbarheten hos Cordura. Stabilisering. St\u00f6td\u00e4mpning. Vertikal stabilitet.\",\"breadcrumb\":{\"@id\":\"https:\\\/\\\/theomm.com\\\/product\\\/phantom-18\\\/#breadcrumb\"},\"inLanguage\":\"sv-SE\",\"potentialAction\":[{\"@type\":\"ReadAction\",\"target\":[\"https:\\\/\\\/theomm.com\\\/product\\\/phantom-18\\\/\"]}]},{\"@type\":\"ImageObject\",\"inLanguage\":\"sv-SE\",\"@id\":\"https:\\\/\\\/theomm.com\\\/product\\\/phantom-18\\\/#primaryimage\",\"url\":\"https:\\\/\\\/theomm.com\\\/wp-content\\\/uploads\\\/2023\\\/02\\\/OF052_Phantom_18_Grey_Back.jpg\",\"contentUrl\":\"https:\\\/\\\/theomm.com\\\/wp-content\\\/uploads\\\/2023\\\/02\\\/OF052_Phantom_18_Grey_Back.jpg\",\"width\":600,\"height\":600},{\"@type\":\"BreadcrumbList\",\"@id\":\"https:\\\/\\\/theomm.com\\\/product\\\/phantom-18\\\/#breadcrumb\",\"itemListElement\":[{\"@type\":\"ListItem\",\"position\":1,\"name\":\"Home\",\"item\":\"https:\\\/\\\/theomm.com\\\/sv\\\/original-mountain-marathon\\\/\"},{\"@type\":\"ListItem\",\"position\":2,\"name\":\"Produkter\",\"item\":\"https:\\\/\\\/theomm.com\\\/sv\\\/original-mountain-marathon\\\/produkter\\\/\"},{\"@type\":\"ListItem\",\"position\":3,\"name\":\"Phantom 18\"}]},{\"@type\":\"WebSite\",\"@id\":\"https:\\\/\\\/theomm.com\\\/#website\",\"url\":\"https:\\\/\\\/theomm.com\\\/\",\"name\":\"OMM\",\"description\":\"OMM is Technical clothing and equipment made for running in the mountains. Designed to the specifications of Original Mountain Marathon.\",\"alternateName\":\"Original Mountain Marathon\",\"potentialAction\":[{\"@type\":\"SearchAction\",\"target\":{\"@type\":\"EntryPoint\",\"urlTemplate\":\"https:\\\/\\\/theomm.com\\\/?s={search_term_string}\"},\"query-input\":{\"@type\":\"PropertyValueSpecification\",\"valueRequired\":true,\"valueName\":\"search_term_string\"}}],\"inLanguage\":\"sv-SE\"}]}<\/script>\n<!-- \/ Yoast SEO plugin. -->","yoast_head_json":{"title":"Phantom 18 - OMM","description":"The Phantom 18, En mindre kapacitet v\u00e4stryggs\u00e4ck med den l\u00e4tta h\u00e5llbarheten hos Cordura. Stabilisering. St\u00f6td\u00e4mpning. Vertikal stabilitet.","robots":{"index":"index","follow":"follow","max-snippet":"max-snippet:-1","max-image-preview":"max-image-preview:large","max-video-preview":"max-video-preview:-1"},"canonical":"https:\/\/theomm.com\/product\/phantom-18\/","og_locale":"sv_SE","og_type":"article","og_title":"Phantom 18 - OMM","og_description":"The Phantom 18, En mindre kapacitet v\u00e4stryggs\u00e4ck med den l\u00e4tta h\u00e5llbarheten hos Cordura. Stabilisering. St\u00f6td\u00e4mpning. Vertikal stabilitet.","og_url":"https:\/\/theomm.com\/product\/phantom-18\/","og_site_name":"OMM","article_publisher":"https:\/\/www.facebook.com\/OMMrunning?_ga=2.203172945.1541616462.1665402953-280172632.1649426001","article_modified_time":"2025-09-10T17:04:20+00:00","og_image":[{"width":600,"height":600,"url":"https:\/\/theomm.com\/wp-content\/uploads\/2023\/02\/OF052_Phantom_18_Grey_Back.jpg","type":"image\/jpeg"}],"twitter_card":"summary_large_image","twitter_misc":{"Ber\u00e4knad l\u00e4stid":"2 minutes"},"schema":{"@context":"https:\/\/schema.org","@graph":[{"@type":"WebPage","@id":"https:\/\/theomm.com\/product\/phantom-18\/","url":"https:\/\/theomm.com\/product\/phantom-18\/","name":"Phantom 18 - OMM","isPartOf":{"@id":"https:\/\/theomm.com\/#website"},"primaryImageOfPage":{"@id":"https:\/\/theomm.com\/product\/phantom-18\/#primaryimage"},"image":{"@id":"https:\/\/theomm.com\/product\/phantom-18\/#primaryimage"},"thumbnailUrl":"https:\/\/theomm.com\/wp-content\/uploads\/2023\/02\/OF052_Phantom_18_Grey_Back.jpg","datePublished":"2023-02-28T17:22:06+00:00","dateModified":"2025-09-10T17:04:20+00:00","description":"The Phantom 18, En mindre kapacitet v\u00e4stryggs\u00e4ck med den l\u00e4tta h\u00e5llbarheten hos Cordura. Stabilisering. St\u00f6td\u00e4mpning. Vertikal stabilitet.","breadcrumb":{"@id":"https:\/\/theomm.com\/product\/phantom-18\/#breadcrumb"},"inLanguage":"sv-SE","potentialAction":[{"@type":"ReadAction","target":["https:\/\/theomm.com\/product\/phantom-18\/"]}]},{"@type":"ImageObject","inLanguage":"sv-SE","@id":"https:\/\/theomm.com\/product\/phantom-18\/#primaryimage","url":"https:\/\/theomm.com\/wp-content\/uploads\/2023\/02\/OF052_Phantom_18_Grey_Back.jpg","contentUrl":"https:\/\/theomm.com\/wp-content\/uploads\/2023\/02\/OF052_Phantom_18_Grey_Back.jpg","width":600,"height":600},{"@type":"BreadcrumbList","@id":"https:\/\/theomm.com\/product\/phantom-18\/#breadcrumb","itemListElement":[{"@type":"ListItem","position":1,"name":"Home","item":"https:\/\/theomm.com\/sv\/original-mountain-marathon\/"},{"@type":"ListItem","position":2,"name":"Produkter","item":"https:\/\/theomm.com\/sv\/original-mountain-marathon\/produkter\/"},{"@type":"ListItem","position":3,"name":"Phantom 18"}]},{"@type":"WebSite","@id":"https:\/\/theomm.com\/#website","url":"https:\/\/theomm.com\/","name":"OMM","description":"OMM is Technical clothing and equipment made for running in the mountains. Designed to the specifications of Original Mountain Marathon.","alternateName":"Original Mountain Marathon","potentialAction":[{"@type":"SearchAction","target":{"@type":"EntryPoint","urlTemplate":"https:\/\/theomm.com\/?s={search_term_string}"},"query-input":{"@type":"PropertyValueSpecification","valueRequired":true,"valueName":"search_term_string"}}],"inLanguage":"sv-SE"}]}},"_links":{"self":[{"href":"https:\/\/theomm.com\/sv\/wp-json\/wp\/v2\/product\/184134","targetHints":{"allow":["GET"]}}],"collection":[{"href":"https:\/\/theomm.com\/sv\/wp-json\/wp\/v2\/product"}],"about":[{"href":"https:\/\/theomm.com\/sv\/wp-json\/wp\/v2\/types\/product"}],"wp:featuredmedia":[{"embeddable":true,"href":"https:\/\/theomm.com\/sv\/wp-json\/wp\/v2\/media\/156643"}],"wp:attachment":[{"href":"https:\/\/theomm.com\/sv\/wp-json\/wp\/v2\/media?parent=184134"}],"wp:term":[{"taxonomy":"locations","embeddable":true,"href":"https:\/\/theomm.com\/sv\/wp-json\/wp\/v2\/locations?post=184134"},{"taxonomy":"product_brand","embeddable":true,"href":"https:\/\/theomm.com\/sv\/wp-json\/wp\/v2\/product_brand?post=184134"},{"taxonomy":"product_cat","embeddable":true,"href":"https:\/\/theomm.com\/sv\/wp-json\/wp\/v2\/product_cat?post=184134"},{"taxonomy":"product_tag","embeddable":true,"href":"https:\/\/theomm.com\/sv\/wp-json\/wp\/v2\/product_tag?post=184134"}],"curies":[{"name":"wp","href":"https:\/\/api.w.org\/{rel}","templated":true}]}}