{"id":184168,"date":"2019-03-16T10:42:13","date_gmt":"2019-03-16T10:42:13","guid":{"rendered":"https:\/\/theomm.com\/product\/ultra-bladder-3-0l-2\/"},"modified":"2019-03-16T10:42:13","modified_gmt":"2019-03-16T10:42:13","slug":"ultra-bladder-3-0l-2","status":"publish","type":"product","link":"https:\/\/theomm.com\/sv\/product\/ultra-bladder-3-0l-2\/","title":{"rendered":"Ultra Bladder 3.0L"},"content":{"rendered":"<p>Ultra Bladder 3.0L &#8211; Hydration p\u00e5 spr\u00e5ng med den flexibla och h\u00e5llbara Ultra Bladder. Kompatibel med alla OMM-ryggs\u00e4ckar och med en bitventil med snabbt fl\u00f6de som kan st\u00e4ngas oberoende av varandra. En bred glid\u00f6ppning h\u00f6gst upp g\u00f6r det m\u00f6jligt f\u00f6r snabb och spillfri p\u00e5fyllning.<\/p>\n<p><strong>Egenskaper:<\/strong><\/p>\n<ul>\n<li>Glid\u00f6ppning f\u00f6r enkel p\u00e5fyllning och l\u00e4ckagefritt f\u00f6rseglad<\/li>\n<li>Flexibel och icke-vikande dryckesslang<\/li>\n<li>Intern baffel f\u00f6r smal profil och stabilisering mot skvalpning<\/li>\n<li>Mjuk bitventil med h\u00f6gt fl\u00f6de<\/li>\n<li>L\u00e4tt att montera is\u00e4r f\u00f6r reng\u00f6ring<\/li>\n<li>L\u00e4ckages\u00e4kert kopplingssystem<\/li>\n<li>Skal f\u00f6r p\u00e5fyllning (ML och OZ)<\/li>\n<li>Fri fr\u00e5n BPA, PVC och ftalater<\/li>\n<\/ul>\n<p><strong>Specifikationer:<\/strong><\/p>\n<ul>\n<li>F\u00e4rg: Genomskinlig<\/li>\n<li>Volym: 3.0L \/ 100oz<\/li>\n<li>M\u00e5tt: 43x17x7cm<\/li>\n<li>Material: TPU (termoplastisk polyuretan)<\/li>\n<li>Vikt: 148g<\/li>\n<\/ul>\n","protected":false},"excerpt":{"rendered":"<p>Hydrering p\u00e5 spr\u00e5ng med den flexibla och h\u00e5llbara Ultra Bladder. Kompatibel med alla OMM-ryggs\u00e4ckar och med en bitventil med snabbt fl\u00f6de som kan st\u00e4ngas oberoende av varandra. En bred glid\u00f6ppning h\u00f6gst upp g\u00f6r det m\u00f6jligt f\u00f6r snabb och spillfri p\u00e5fyllning.<\/p>\n","protected":false},"featured_media":153905,"template":"","meta":{"_acf_changed":false,"_et_pb_use_builder":"","_et_pb_old_content":"","_et_gb_content_width":""},"locations":[],"product_brand":[],"product_cat":[1282,1283],"product_tag":[2286],"class_list":{"0":"post-184168","1":"product","2":"type-product","3":"status-publish","4":"has-post-thumbnail","6":"product_cat-andra-saker","7":"product_cat-hydrering-sv","8":"product_tag-sp-sv","9":"pa_color-clear-sv","10":"pa_colour-clear-sv","11":"pa_gender-mens-sv","12":"pa_gender-womens-sv","13":"pa_weight-100-200g","15":"first","16":"outofstock","17":"taxable","18":"shipping-taxable","19":"purchasable","20":"product-type-variable","21":"has-default-attributes","22":"wvs-archive-product-wrapper"},"acf":[],"yoast_head":"<!-- This site is optimized with the Yoast SEO plugin v27.4 - https:\/\/yoast.com\/product\/yoast-seo-wordpress\/ -->\n<title>Ultra Bladder 3.0L - OMM<\/title>\n<meta name=\"description\" content=\"The Ultra Bladder 3.0L, 3.0L Hydration Bladder. .\" \/>\n<meta name=\"robots\" content=\"index, follow, max-snippet:-1, max-image-preview:large, max-video-preview:-1\" \/>\n<link rel=\"canonical\" href=\"https:\/\/theomm.com\/product\/ultra-bladder-3-0l\/\" \/>\n<meta property=\"og:locale\" content=\"sv_SE\" \/>\n<meta property=\"og:type\" content=\"article\" \/>\n<meta property=\"og:title\" content=\"Ultra Bladder 3.0L - OMM\" \/>\n<meta property=\"og:description\" content=\"The Ultra Bladder 3.0L, 3.0L Hydration Bladder. .\" \/>\n<meta property=\"og:url\" content=\"https:\/\/theomm.com\/product\/ultra-bladder-3-0l\/\" \/>\n<meta property=\"og:site_name\" content=\"OMM\" \/>\n<meta property=\"article:publisher\" content=\"https:\/\/www.facebook.com\/OMMrunning?_ga=2.203172945.1541616462.1665402953-280172632.1649426001\" \/>\n<meta property=\"og:image\" content=\"https:\/\/theomm.com\/wp-content\/uploads\/2022\/10\/OG030-Simple_0001_OG030-Ultra-Bladder-3.0L.jpg\" \/>\n\t<meta property=\"og:image:width\" content=\"600\" \/>\n\t<meta property=\"og:image:height\" content=\"600\" \/>\n\t<meta property=\"og:image:type\" content=\"image\/jpeg\" \/>\n<meta name=\"twitter:card\" content=\"summary_large_image\" \/>\n<meta name=\"twitter:label1\" content=\"Ber\u00e4knad l\u00e4stid\" \/>\n\t<meta name=\"twitter:data1\" content=\"1 minute\" \/>\n<script type=\"application\/ld+json\" class=\"yoast-schema-graph\">{\"@context\":\"https:\\\/\\\/schema.org\",\"@graph\":[{\"@type\":\"WebPage\",\"@id\":\"https:\\\/\\\/theomm.com\\\/product\\\/ultra-bladder-3-0l\\\/\",\"url\":\"https:\\\/\\\/theomm.com\\\/product\\\/ultra-bladder-3-0l\\\/\",\"name\":\"Ultra Bladder 3.0L - OMM\",\"isPartOf\":{\"@id\":\"https:\\\/\\\/theomm.com\\\/#website\"},\"primaryImageOfPage\":{\"@id\":\"https:\\\/\\\/theomm.com\\\/product\\\/ultra-bladder-3-0l\\\/#primaryimage\"},\"image\":{\"@id\":\"https:\\\/\\\/theomm.com\\\/product\\\/ultra-bladder-3-0l\\\/#primaryimage\"},\"thumbnailUrl\":\"https:\\\/\\\/theomm.com\\\/wp-content\\\/uploads\\\/2022\\\/10\\\/OG030-Simple_0001_OG030-Ultra-Bladder-3.0L.jpg\",\"datePublished\":\"2019-03-16T10:42:13+00:00\",\"description\":\"The Ultra Bladder 3.0L, 3.0L Hydration Bladder. .\",\"breadcrumb\":{\"@id\":\"https:\\\/\\\/theomm.com\\\/product\\\/ultra-bladder-3-0l\\\/#breadcrumb\"},\"inLanguage\":\"sv-SE\",\"potentialAction\":[{\"@type\":\"ReadAction\",\"target\":[\"https:\\\/\\\/theomm.com\\\/product\\\/ultra-bladder-3-0l\\\/\"]}]},{\"@type\":\"ImageObject\",\"inLanguage\":\"sv-SE\",\"@id\":\"https:\\\/\\\/theomm.com\\\/product\\\/ultra-bladder-3-0l\\\/#primaryimage\",\"url\":\"https:\\\/\\\/theomm.com\\\/wp-content\\\/uploads\\\/2022\\\/10\\\/OG030-Simple_0001_OG030-Ultra-Bladder-3.0L.jpg\",\"contentUrl\":\"https:\\\/\\\/theomm.com\\\/wp-content\\\/uploads\\\/2022\\\/10\\\/OG030-Simple_0001_OG030-Ultra-Bladder-3.0L.jpg\",\"width\":600,\"height\":600},{\"@type\":\"BreadcrumbList\",\"@id\":\"https:\\\/\\\/theomm.com\\\/product\\\/ultra-bladder-3-0l\\\/#breadcrumb\",\"itemListElement\":[{\"@type\":\"ListItem\",\"position\":1,\"name\":\"Home\",\"item\":\"https:\\\/\\\/theomm.com\\\/sv\\\/original-mountain-marathon\\\/\"},{\"@type\":\"ListItem\",\"position\":2,\"name\":\"Produkter\",\"item\":\"https:\\\/\\\/theomm.com\\\/sv\\\/original-mountain-marathon\\\/produkter\\\/\"},{\"@type\":\"ListItem\",\"position\":3,\"name\":\"Ultra Bladder 3.0L\"}]},{\"@type\":\"WebSite\",\"@id\":\"https:\\\/\\\/theomm.com\\\/#website\",\"url\":\"https:\\\/\\\/theomm.com\\\/\",\"name\":\"OMM\",\"description\":\"OMM is Technical clothing and equipment made for running in the mountains. Designed to the specifications of Original Mountain Marathon.\",\"alternateName\":\"Original Mountain Marathon\",\"potentialAction\":[{\"@type\":\"SearchAction\",\"target\":{\"@type\":\"EntryPoint\",\"urlTemplate\":\"https:\\\/\\\/theomm.com\\\/?s={search_term_string}\"},\"query-input\":{\"@type\":\"PropertyValueSpecification\",\"valueRequired\":true,\"valueName\":\"search_term_string\"}}],\"inLanguage\":\"sv-SE\"}]}<\/script>\n<!-- \/ Yoast SEO plugin. -->","yoast_head_json":{"title":"Ultra Bladder 3.0L - OMM","description":"The Ultra Bladder 3.0L, 3.0L Hydration Bladder. .","robots":{"index":"index","follow":"follow","max-snippet":"max-snippet:-1","max-image-preview":"max-image-preview:large","max-video-preview":"max-video-preview:-1"},"canonical":"https:\/\/theomm.com\/product\/ultra-bladder-3-0l\/","og_locale":"sv_SE","og_type":"article","og_title":"Ultra Bladder 3.0L - OMM","og_description":"The Ultra Bladder 3.0L, 3.0L Hydration Bladder. .","og_url":"https:\/\/theomm.com\/product\/ultra-bladder-3-0l\/","og_site_name":"OMM","article_publisher":"https:\/\/www.facebook.com\/OMMrunning?_ga=2.203172945.1541616462.1665402953-280172632.1649426001","og_image":[{"width":600,"height":600,"url":"https:\/\/theomm.com\/wp-content\/uploads\/2022\/10\/OG030-Simple_0001_OG030-Ultra-Bladder-3.0L.jpg","type":"image\/jpeg"}],"twitter_card":"summary_large_image","twitter_misc":{"Ber\u00e4knad l\u00e4stid":"1 minute"},"schema":{"@context":"https:\/\/schema.org","@graph":[{"@type":"WebPage","@id":"https:\/\/theomm.com\/product\/ultra-bladder-3-0l\/","url":"https:\/\/theomm.com\/product\/ultra-bladder-3-0l\/","name":"Ultra Bladder 3.0L - OMM","isPartOf":{"@id":"https:\/\/theomm.com\/#website"},"primaryImageOfPage":{"@id":"https:\/\/theomm.com\/product\/ultra-bladder-3-0l\/#primaryimage"},"image":{"@id":"https:\/\/theomm.com\/product\/ultra-bladder-3-0l\/#primaryimage"},"thumbnailUrl":"https:\/\/theomm.com\/wp-content\/uploads\/2022\/10\/OG030-Simple_0001_OG030-Ultra-Bladder-3.0L.jpg","datePublished":"2019-03-16T10:42:13+00:00","description":"The Ultra Bladder 3.0L, 3.0L Hydration Bladder. .","breadcrumb":{"@id":"https:\/\/theomm.com\/product\/ultra-bladder-3-0l\/#breadcrumb"},"inLanguage":"sv-SE","potentialAction":[{"@type":"ReadAction","target":["https:\/\/theomm.com\/product\/ultra-bladder-3-0l\/"]}]},{"@type":"ImageObject","inLanguage":"sv-SE","@id":"https:\/\/theomm.com\/product\/ultra-bladder-3-0l\/#primaryimage","url":"https:\/\/theomm.com\/wp-content\/uploads\/2022\/10\/OG030-Simple_0001_OG030-Ultra-Bladder-3.0L.jpg","contentUrl":"https:\/\/theomm.com\/wp-content\/uploads\/2022\/10\/OG030-Simple_0001_OG030-Ultra-Bladder-3.0L.jpg","width":600,"height":600},{"@type":"BreadcrumbList","@id":"https:\/\/theomm.com\/product\/ultra-bladder-3-0l\/#breadcrumb","itemListElement":[{"@type":"ListItem","position":1,"name":"Home","item":"https:\/\/theomm.com\/sv\/original-mountain-marathon\/"},{"@type":"ListItem","position":2,"name":"Produkter","item":"https:\/\/theomm.com\/sv\/original-mountain-marathon\/produkter\/"},{"@type":"ListItem","position":3,"name":"Ultra Bladder 3.0L"}]},{"@type":"WebSite","@id":"https:\/\/theomm.com\/#website","url":"https:\/\/theomm.com\/","name":"OMM","description":"OMM is Technical clothing and equipment made for running in the mountains. Designed to the specifications of Original Mountain Marathon.","alternateName":"Original Mountain Marathon","potentialAction":[{"@type":"SearchAction","target":{"@type":"EntryPoint","urlTemplate":"https:\/\/theomm.com\/?s={search_term_string}"},"query-input":{"@type":"PropertyValueSpecification","valueRequired":true,"valueName":"search_term_string"}}],"inLanguage":"sv-SE"}]}},"_links":{"self":[{"href":"https:\/\/theomm.com\/sv\/wp-json\/wp\/v2\/product\/184168","targetHints":{"allow":["GET"]}}],"collection":[{"href":"https:\/\/theomm.com\/sv\/wp-json\/wp\/v2\/product"}],"about":[{"href":"https:\/\/theomm.com\/sv\/wp-json\/wp\/v2\/types\/product"}],"wp:featuredmedia":[{"embeddable":true,"href":"https:\/\/theomm.com\/sv\/wp-json\/wp\/v2\/media\/153905"}],"wp:attachment":[{"href":"https:\/\/theomm.com\/sv\/wp-json\/wp\/v2\/media?parent=184168"}],"wp:term":[{"taxonomy":"locations","embeddable":true,"href":"https:\/\/theomm.com\/sv\/wp-json\/wp\/v2\/locations?post=184168"},{"taxonomy":"product_brand","embeddable":true,"href":"https:\/\/theomm.com\/sv\/wp-json\/wp\/v2\/product_brand?post=184168"},{"taxonomy":"product_cat","embeddable":true,"href":"https:\/\/theomm.com\/sv\/wp-json\/wp\/v2\/product_cat?post=184168"},{"taxonomy":"product_tag","embeddable":true,"href":"https:\/\/theomm.com\/sv\/wp-json\/wp\/v2\/product_tag?post=184168"}],"curies":[{"name":"wp","href":"https:\/\/api.w.org\/{rel}","templated":true}]}}