{"id":184321,"date":"2022-03-16T10:50:03","date_gmt":"2022-03-16T10:50:03","guid":{"rendered":"https:\/\/theomm.com\/product\/nitro-tee-s-s-2\/"},"modified":"2025-09-10T17:04:12","modified_gmt":"2025-09-10T17:04:12","slug":"nitro-tee-s-s-2","status":"publish","type":"product","link":"https:\/\/theomm.com\/sv\/product\/nitro-tee-s-s-2\/","title":{"rendered":"Nitro Tee S\/S"},"content":{"rendered":"<p>Nitro Tee S\/S &#8211; Nitro Tee k\u00e4nns som ingenting annat. Faktum \u00e4r att det k\u00e4nns som ingenting alls!<\/p>\n<p>En prestations-T-shirt som anv\u00e4nder en ultral\u00e4tt 4-v\u00e4gs stretchtyg f\u00f6r en knappt m\u00e4rkbar upplevelse. Nitro Tee ser bra ut utan att l\u00e4gga till v\u00e4rme eller vikt. Snabb fukttransport och snabbtorkande, perfekt f\u00f6r l\u00f6pning i varmt v\u00e4der. SUPERL\u00c4TT T-SHIRT F\u00d6R TR\u00c4NING OCH T\u00c4VLING L\u00c4TTVIKTSPRESTATION Den otroligt l\u00e4tta nylonv\u00e4ven \u00e4r snabb fukttransporterande och snabbtorkande H\u00c5LL DIG KYLIG N\u00e4ra noll isoleringsv\u00e4rde och utm\u00e4rkt luftgenomsl\u00e4pplighet g\u00f6r att du snabbt kan sl\u00e4ppa v\u00e4rme \u00e4ven under de h\u00e5rdaste anstr\u00e4ngningarna eller p\u00e5 de varmaste dagarna SUPERMJUKT OCH BEKV\u00c4MT Det t\u00e4tt v\u00e4vda tyget och 4-v\u00e4gs stretch ger en otroligt mjuk k\u00e4nsla mot huden samtidigt som det l\u00e4tt kan anv\u00e4ndas som lager under en mellanlager p\u00e5 svalare dagar.<\/p>\n<p>Skapad f\u00f6r snabba bergslopp eller kullrace p\u00e5 dessa ljuvliga sommardagar, l\u00e4tt som en fj\u00e4der och bekv\u00e4m intill huden. Nitro Tee S\/S \u00e4r det perfekta baslagret f\u00f6r traill\u00f6pare.<\/p>\n<p>S\u00f6mmar borta fr\u00e5n axlarna Flatlock raglan\u00e4rm H\u00f6g fukttransport UPF &gt;15 skydd F\u00e4rger: Gul, Marinbl\u00e5, Grey, Blue Tyg: 100% Nylon Vikt: 55g Storlekar: XS \/ S \/ M \/ L \/ XL<\/p>\n<p>V\u00e5r l\u00e4ttviktiga kl\u00e4der och utrustning \u00e4r specifikt utformad f\u00f6r bergsl\u00f6parens behov, med specifikationer direkt h\u00e4mtade fr\u00e5n erfarenhet p\u00e5 Original Mountain Marathon.<\/p>\n<p>En 2-dagars resa genom n\u00e5gra av Storbritanniens tuffaste terr\u00e4ng, h\u00e5lls i slutet av varje oktober sedan 1968, f\u00f6r att garantera utmanande v\u00e4derf\u00f6rh\u00e5llanden. En test av bergskunskap och uth\u00e5llighet, &#8216;The OMM&#8217;, erk\u00e4nns som guldstandarden inom bergsutmaningar.<\/p>\n<p>Kraven fr\u00e5n evenemanget forts\u00e4tter att p\u00e5verka designen och funktionerna hos v\u00e5ra kl\u00e4der, vilket i sin tur anv\u00e4nds i n\u00e5gra av de tuffaste evenemangen och sv\u00e5raste utmaningarna runt om i v\u00e4rlden.<\/p>\n<p>Omtyckt av bergsatleter och proffs i \u00e5rtionden \u00e4r OMM-sortimentet den perfekta f\u00f6ljeslagaren f\u00f6r ditt n\u00e4sta \u00e4ventyr.<\/p>\n","protected":false},"excerpt":{"rendered":"<p>Nitro Tee k\u00e4nns som ingenting annat. Faktum \u00e4r att det k\u00e4nns som ingenting alls!<\/p>\n<p>En prestations-T-shirt som anv\u00e4nder ett ultral\u00e4tt 4-v\u00e4gs stretchtyg f\u00f6r en knappt m\u00e4rkbar upplevelse. Nitro Tee ser bra ut utan att l\u00e4gga till v\u00e4rme eller vikt. Snabb fukttransport och snabbtorkande, perfekt f\u00f6r l\u00f6pning i varmt v\u00e4der.<\/p>\n","protected":false},"featured_media":152991,"template":"","meta":{"_acf_changed":false,"_et_pb_use_builder":"","_et_pb_old_content":"","_et_gb_content_width":""},"locations":[1195,1196],"product_brand":[],"product_cat":[1273,1272],"product_tag":[2540,2681,2321,2704],"class_list":{"0":"post-184321","1":"product","2":"type-product","3":"status-publish","4":"has-post-thumbnail","6":"locations-eu","7":"locations-uk","8":"product_cat-forsta-lagret","9":"product_cat-klader","10":"product_tag-forsta-lagret","11":"product_tag-lightweight-running-top-sv","12":"product_tag-mens-running-tee-sv","13":"product_tag-omm-tee-sv","14":"pa_color-bla-sv","15":"pa_color-gra-sv","16":"pa_color-gron-sv","17":"pa_color-gul-sv","18":"pa_color-orange-sv","19":"pa_colour-bla-sv","20":"pa_colour-gra-sv","21":"pa_colour-gul-sv","22":"pa_colour-morkgron","23":"pa_colour-orange-sv","24":"pa_gender-mens-sv","25":"pa_size-stor-sv","26":"pa_size-medium-sv","27":"pa_size-sma","28":"pa_size-x-stor-sv","29":"pa_size-x-sma","30":"pa_technology-airflex","31":"pa_weight-50-100g","33":"first","34":"instock","35":"taxable","36":"shipping-taxable","37":"purchasable","38":"product-type-variable","39":"wvs-archive-product-wrapper"},"acf":[],"yoast_head":"<!-- This site is optimized with the Yoast SEO plugin v27.3 - https:\/\/yoast.com\/product\/yoast-seo-wordpress\/ -->\n<title>Nitro Tee S\/S - OMM<\/title>\n<meta name=\"description\" content=\"The Nitro Tee S\/S, Super Lightweight Tee For Training And Racing. Lightweight Performance. Keep Cool Super-Soft Summer Comfort\" \/>\n<meta name=\"robots\" content=\"index, follow, max-snippet:-1, max-image-preview:large, max-video-preview:-1\" \/>\n<link rel=\"canonical\" href=\"https:\/\/theomm.com\/product\/nitro-tee-s-s\/\" \/>\n<meta property=\"og:locale\" content=\"sv_SE\" \/>\n<meta property=\"og:type\" content=\"article\" \/>\n<meta property=\"og:title\" content=\"Nitro Tee S\/S - OMM\" \/>\n<meta property=\"og:description\" content=\"The Nitro Tee S\/S, Super Lightweight Tee For Training And Racing. Lightweight Performance. Keep Cool Super-Soft Summer Comfort\" \/>\n<meta property=\"og:url\" content=\"https:\/\/theomm.com\/product\/nitro-tee-s-s\/\" \/>\n<meta property=\"og:site_name\" content=\"OMM\" \/>\n<meta property=\"article:publisher\" content=\"https:\/\/www.facebook.com\/OMMrunning?_ga=2.203172945.1541616462.1665402953-280172632.1649426001\" \/>\n<meta property=\"article:modified_time\" content=\"2025-09-10T17:04:12+00:00\" \/>\n<meta property=\"og:image\" content=\"https:\/\/theomm.com\/wp-content\/uploads\/2022\/10\/OC173_Nitro_Tee_Grey_Front.jpg\" \/>\n\t<meta property=\"og:image:width\" content=\"600\" \/>\n\t<meta property=\"og:image:height\" content=\"600\" \/>\n\t<meta property=\"og:image:type\" content=\"image\/jpeg\" \/>\n<meta name=\"twitter:card\" content=\"summary_large_image\" \/>\n<meta name=\"twitter:label1\" content=\"Ber\u00e4knad l\u00e4stid\" \/>\n\t<meta name=\"twitter:data1\" content=\"2 minutes\" \/>\n<script type=\"application\/ld+json\" class=\"yoast-schema-graph\">{\"@context\":\"https:\\\/\\\/schema.org\",\"@graph\":[{\"@type\":\"WebPage\",\"@id\":\"https:\\\/\\\/theomm.com\\\/product\\\/nitro-tee-s-s\\\/\",\"url\":\"https:\\\/\\\/theomm.com\\\/product\\\/nitro-tee-s-s\\\/\",\"name\":\"Nitro Tee S\\\/S - OMM\",\"isPartOf\":{\"@id\":\"https:\\\/\\\/theomm.com\\\/#website\"},\"primaryImageOfPage\":{\"@id\":\"https:\\\/\\\/theomm.com\\\/product\\\/nitro-tee-s-s\\\/#primaryimage\"},\"image\":{\"@id\":\"https:\\\/\\\/theomm.com\\\/product\\\/nitro-tee-s-s\\\/#primaryimage\"},\"thumbnailUrl\":\"https:\\\/\\\/theomm.com\\\/wp-content\\\/uploads\\\/2022\\\/10\\\/OC173_Nitro_Tee_Grey_Front.jpg\",\"datePublished\":\"2022-03-16T10:50:03+00:00\",\"dateModified\":\"2025-09-10T17:04:12+00:00\",\"description\":\"The Nitro Tee S\\\/S, Super Lightweight Tee For Training And Racing. Lightweight Performance. Keep Cool Super-Soft Summer Comfort\",\"breadcrumb\":{\"@id\":\"https:\\\/\\\/theomm.com\\\/product\\\/nitro-tee-s-s\\\/#breadcrumb\"},\"inLanguage\":\"sv-SE\",\"potentialAction\":[{\"@type\":\"ReadAction\",\"target\":[\"https:\\\/\\\/theomm.com\\\/product\\\/nitro-tee-s-s\\\/\"]}]},{\"@type\":\"ImageObject\",\"inLanguage\":\"sv-SE\",\"@id\":\"https:\\\/\\\/theomm.com\\\/product\\\/nitro-tee-s-s\\\/#primaryimage\",\"url\":\"https:\\\/\\\/theomm.com\\\/wp-content\\\/uploads\\\/2022\\\/10\\\/OC173_Nitro_Tee_Grey_Front.jpg\",\"contentUrl\":\"https:\\\/\\\/theomm.com\\\/wp-content\\\/uploads\\\/2022\\\/10\\\/OC173_Nitro_Tee_Grey_Front.jpg\",\"width\":600,\"height\":600},{\"@type\":\"BreadcrumbList\",\"@id\":\"https:\\\/\\\/theomm.com\\\/product\\\/nitro-tee-s-s\\\/#breadcrumb\",\"itemListElement\":[{\"@type\":\"ListItem\",\"position\":1,\"name\":\"Home\",\"item\":\"https:\\\/\\\/theomm.com\\\/sv\\\/original-mountain-marathon\\\/\"},{\"@type\":\"ListItem\",\"position\":2,\"name\":\"Produkter\",\"item\":\"https:\\\/\\\/theomm.com\\\/sv\\\/original-mountain-marathon\\\/produkter\\\/\"},{\"@type\":\"ListItem\",\"position\":3,\"name\":\"Nitro Tee S\\\/S\"}]},{\"@type\":\"WebSite\",\"@id\":\"https:\\\/\\\/theomm.com\\\/#website\",\"url\":\"https:\\\/\\\/theomm.com\\\/\",\"name\":\"OMM\",\"description\":\"OMM is Technical clothing and equipment made for running in the mountains. Designed to the specifications of Original Mountain Marathon.\",\"alternateName\":\"Original Mountain Marathon\",\"potentialAction\":[{\"@type\":\"SearchAction\",\"target\":{\"@type\":\"EntryPoint\",\"urlTemplate\":\"https:\\\/\\\/theomm.com\\\/?s={search_term_string}\"},\"query-input\":{\"@type\":\"PropertyValueSpecification\",\"valueRequired\":true,\"valueName\":\"search_term_string\"}}],\"inLanguage\":\"sv-SE\"}]}<\/script>\n<!-- \/ Yoast SEO plugin. -->","yoast_head_json":{"title":"Nitro Tee S\/S - OMM","description":"The Nitro Tee S\/S, Super Lightweight Tee For Training And Racing. Lightweight Performance. Keep Cool Super-Soft Summer Comfort","robots":{"index":"index","follow":"follow","max-snippet":"max-snippet:-1","max-image-preview":"max-image-preview:large","max-video-preview":"max-video-preview:-1"},"canonical":"https:\/\/theomm.com\/product\/nitro-tee-s-s\/","og_locale":"sv_SE","og_type":"article","og_title":"Nitro Tee S\/S - OMM","og_description":"The Nitro Tee S\/S, Super Lightweight Tee For Training And Racing. Lightweight Performance. Keep Cool Super-Soft Summer Comfort","og_url":"https:\/\/theomm.com\/product\/nitro-tee-s-s\/","og_site_name":"OMM","article_publisher":"https:\/\/www.facebook.com\/OMMrunning?_ga=2.203172945.1541616462.1665402953-280172632.1649426001","article_modified_time":"2025-09-10T17:04:12+00:00","og_image":[{"width":600,"height":600,"url":"https:\/\/theomm.com\/wp-content\/uploads\/2022\/10\/OC173_Nitro_Tee_Grey_Front.jpg","type":"image\/jpeg"}],"twitter_card":"summary_large_image","twitter_misc":{"Ber\u00e4knad l\u00e4stid":"2 minutes"},"schema":{"@context":"https:\/\/schema.org","@graph":[{"@type":"WebPage","@id":"https:\/\/theomm.com\/product\/nitro-tee-s-s\/","url":"https:\/\/theomm.com\/product\/nitro-tee-s-s\/","name":"Nitro Tee S\/S - OMM","isPartOf":{"@id":"https:\/\/theomm.com\/#website"},"primaryImageOfPage":{"@id":"https:\/\/theomm.com\/product\/nitro-tee-s-s\/#primaryimage"},"image":{"@id":"https:\/\/theomm.com\/product\/nitro-tee-s-s\/#primaryimage"},"thumbnailUrl":"https:\/\/theomm.com\/wp-content\/uploads\/2022\/10\/OC173_Nitro_Tee_Grey_Front.jpg","datePublished":"2022-03-16T10:50:03+00:00","dateModified":"2025-09-10T17:04:12+00:00","description":"The Nitro Tee S\/S, Super Lightweight Tee For Training And Racing. Lightweight Performance. Keep Cool Super-Soft Summer Comfort","breadcrumb":{"@id":"https:\/\/theomm.com\/product\/nitro-tee-s-s\/#breadcrumb"},"inLanguage":"sv-SE","potentialAction":[{"@type":"ReadAction","target":["https:\/\/theomm.com\/product\/nitro-tee-s-s\/"]}]},{"@type":"ImageObject","inLanguage":"sv-SE","@id":"https:\/\/theomm.com\/product\/nitro-tee-s-s\/#primaryimage","url":"https:\/\/theomm.com\/wp-content\/uploads\/2022\/10\/OC173_Nitro_Tee_Grey_Front.jpg","contentUrl":"https:\/\/theomm.com\/wp-content\/uploads\/2022\/10\/OC173_Nitro_Tee_Grey_Front.jpg","width":600,"height":600},{"@type":"BreadcrumbList","@id":"https:\/\/theomm.com\/product\/nitro-tee-s-s\/#breadcrumb","itemListElement":[{"@type":"ListItem","position":1,"name":"Home","item":"https:\/\/theomm.com\/sv\/original-mountain-marathon\/"},{"@type":"ListItem","position":2,"name":"Produkter","item":"https:\/\/theomm.com\/sv\/original-mountain-marathon\/produkter\/"},{"@type":"ListItem","position":3,"name":"Nitro Tee S\/S"}]},{"@type":"WebSite","@id":"https:\/\/theomm.com\/#website","url":"https:\/\/theomm.com\/","name":"OMM","description":"OMM is Technical clothing and equipment made for running in the mountains. Designed to the specifications of Original Mountain Marathon.","alternateName":"Original Mountain Marathon","potentialAction":[{"@type":"SearchAction","target":{"@type":"EntryPoint","urlTemplate":"https:\/\/theomm.com\/?s={search_term_string}"},"query-input":{"@type":"PropertyValueSpecification","valueRequired":true,"valueName":"search_term_string"}}],"inLanguage":"sv-SE"}]}},"_links":{"self":[{"href":"https:\/\/theomm.com\/sv\/wp-json\/wp\/v2\/product\/184321","targetHints":{"allow":["GET"]}}],"collection":[{"href":"https:\/\/theomm.com\/sv\/wp-json\/wp\/v2\/product"}],"about":[{"href":"https:\/\/theomm.com\/sv\/wp-json\/wp\/v2\/types\/product"}],"wp:featuredmedia":[{"embeddable":true,"href":"https:\/\/theomm.com\/sv\/wp-json\/wp\/v2\/media\/152991"}],"wp:attachment":[{"href":"https:\/\/theomm.com\/sv\/wp-json\/wp\/v2\/media?parent=184321"}],"wp:term":[{"taxonomy":"locations","embeddable":true,"href":"https:\/\/theomm.com\/sv\/wp-json\/wp\/v2\/locations?post=184321"},{"taxonomy":"product_brand","embeddable":true,"href":"https:\/\/theomm.com\/sv\/wp-json\/wp\/v2\/product_brand?post=184321"},{"taxonomy":"product_cat","embeddable":true,"href":"https:\/\/theomm.com\/sv\/wp-json\/wp\/v2\/product_cat?post=184321"},{"taxonomy":"product_tag","embeddable":true,"href":"https:\/\/theomm.com\/sv\/wp-json\/wp\/v2\/product_tag?post=184321"}],"curies":[{"name":"wp","href":"https:\/\/api.w.org\/{rel}","templated":true}]}}