{"id":184364,"date":"2020-03-16T10:49:06","date_gmt":"2020-03-16T10:49:06","guid":{"rendered":"https:\/\/theomm.com\/product\/cordlocs-2\/"},"modified":"2026-01-03T00:03:57","modified_gmt":"2026-01-03T00:03:57","slug":"cordlocs-2","status":"publish","type":"product","link":"https:\/\/theomm.com\/sv\/product\/cordlocs-2\/","title":{"rendered":"Cordlocs"},"content":{"rendered":"<div class=\"flex-1 overflow-hidden\">\n<div class=\"react-scroll-to-bottom--css-bygom-79elbk h-full\">\n<div class=\"react-scroll-to-bottom--css-bygom-1n7m0yu\">\n<div>\n<div class=\"flex flex-col text-sm pb-9\">\n<div class=\"w-full text-token-text-primary\" dir=\"auto\" data-testid=\"conversation-turn-175\" data-scroll-anchor=\"true\">\n<div class=\"px-4 py-2 justify-center text-base md:gap-6 m-auto\">\n<div class=\"flex flex-1 text-base mx-auto gap-3 juice:gap-4 juice:md:gap-6 md:px-5 lg:px-1 xl:px-5 md:max-w-3xl lg:max-w-[40rem] xl:max-w-[48rem]\">\n<div class=\"relative flex w-full min-w-0 flex-col agent-turn\">\n<div class=\"flex-col gap-1 md:gap-3\">\n<div class=\"flex flex-grow flex-col max-w-full\">\n<div class=\"min-h-[20px] text-message flex flex-col items-start gap-3 whitespace-pre-wrap break-words [.text-message+&amp;]:mt-5 overflow-x-auto\" dir=\"auto\" data-message-author-role=\"assistant\" data-message-id=\"1812a9ae-e9df-4b68-b23b-9b59bbd577b0\">\n<div class=\"markdown prose w-full break-words dark:prose-invert light\">\n<p>Cordlocs &#8211; Ge din utrustning ett nytt liv eller bara anpassa den efter dina specifika behov med v\u00e5rt utbud av tillbeh\u00f6r och reservdelar. L\u00e4tt att montera och perfekt att b\u00e4ra med p\u00e5 l\u00e4ngre resor d\u00e4r en f\u00f6rlorad eller trasig dragsko eller sp\u00e4nne kan g\u00f6ra all skillnad. REPARERA ELLER ANPASSA DIN OMM-KL\u00c4DER &amp; UTRUSTNING L\u00c4TT ATT MONTERA Utformad f\u00f6r att anv\u00e4ndas utan verktyg eller specialutrustning f\u00f6r snabba och enkla reparationer och anpassningar L\u00c4TTVIKTIG &amp; KOMPAKT Att b\u00e4ra med sig n\u00e5gra reservdelar p\u00e5 l\u00e4ngre resor kan spara mycket huvudv\u00e4rk, perfekt f\u00f6r f\u00e4ltreparationer eller anpassningar efter behovet av ditt \u00e4ventyr BRED KOMPATIBILITET Utformad f\u00f6r att fungera med hela OMM-sortimentet, v\u00e5ra tillbeh\u00f6r passar ocks\u00e5 de flesta vanliga ryggs\u00e4ckar och kl\u00e4der F\u00f6rpackningen fungerar ocks\u00e5 som 1:25K &amp; 1:40K romer-verktyg F\u00f6rpackningen \u00e4r tillverkad av \u00e5tervunnet material F\u00f6rpackning med 2 stycken Kompatibel med alla OMM-sn\u00f6ren F\u00e4rg: Svart Material: Duraflex, Acatel<\/p>\n<\/div>\n<\/div>\n<\/div>\n<div class=\"mt-1 flex gap-3 empty:hidden\">\n<div class=\"text-gray-400 flex self-end lg:self-center items-center justify-center lg:justify-start mt-0 -ml-1 h-7 gap-[2px] visible\"><button class=\"flex items-center gap-1.5 rounded-md p-1 text-xs text-token-text-tertiary hover:text-token-text-primary\"><\/button><\/p>\n<div class=\"flex items-center gap-1.5 text-xs\">\u00a0<\/div>\n<div class=\"flex\">\u00a0<\/div>\n<\/div>\n<\/div>\n<div class=\"pr-2 lg:pr-0\">\u00a0<\/div>\n<\/div>\n<\/div>\n<\/div>\n<\/div>\n<\/div>\n<p><button class=\"cursor-pointer absolute z-10 rounded-full bg-clip-padding border text-token-text-secondary border-token-border-light right-1\/2 bg-token-main-surface-primary bottom-5\"><\/button><\/div>\n<\/div>\n<\/div>\n<\/div>\n<\/div>\n<div class=\"w-full pt-2 md:pt-0 dark:border-white\/20 md:border-transparent md:dark:border-transparent md:w-[calc(100%-.5rem)]\">\n<form class=\"stretch mx-2 flex flex-row gap-3 last:mb-2 md:mx-4 md:last:mb-6 lg:mx-auto lg:max-w-2xl xl:max-w-3xl\">\n<div class=\"relative flex h-full max-w-full flex-1 flex-col\">\n<div class=\"absolute bottom-full left-0 right-0\">\u00a0<\/div>\n<div class=\"flex w-full items-center\">\u00a0<\/div>\n<\/div>\n<\/form>\n<\/div>\n","protected":false},"excerpt":{"rendered":"<p>Ge din utrustning ett nytt liv eller modifiera den f\u00f6r att passa dina specifika behov med v\u00e5rt sortiment av tillbeh\u00f6r och reservdelar. Enkla att montera och perfekta att ta med p\u00e5 l\u00e4ngre resor d\u00e4r en f\u00f6rlorad eller trasig dragsko eller sp\u00e4nne kan g\u00f6ra hela skillnaden.<\/p>\n","protected":false},"featured_media":153925,"template":"","meta":{"_acf_changed":false,"_et_pb_use_builder":"","_et_pb_old_content":"","_et_gb_content_width":""},"locations":[],"product_brand":[],"product_cat":[1282,2603,1285],"product_tag":[2402,2401,2286,2405],"class_list":{"0":"post-184364","1":"product","2":"type-product","3":"status-publish","4":"has-post-thumbnail","6":"product_cat-andra-saker","7":"product_cat-rea","8":"product_cat-reparation-justering","9":"product_tag-omm-toggle-sv","10":"product_tag-repair-sv","11":"product_tag-sp-sv","12":"product_tag-toggle-sv","13":"pa_color-orange-sv","14":"pa_color-svart","15":"pa_colour-svart","16":"pa_weight-0-50g","18":"first","19":"instock","20":"taxable","21":"shipping-taxable","22":"purchasable","23":"product-type-variable","24":"has-default-attributes","25":"wvs-archive-product-wrapper"},"acf":[],"yoast_head":"<!-- This site is optimized with the Yoast SEO plugin v27.4 - https:\/\/yoast.com\/product\/yoast-seo-wordpress\/ -->\n<title>Cordlocs - OMM<\/title>\n<meta name=\"description\" content=\"The Cordlocs, Repair Or Customise Your OMM Clothing &amp; Equipment. Easy To Fit. Lightweight &amp; Compact Widely Compatible\" \/>\n<meta name=\"robots\" content=\"index, follow, max-snippet:-1, max-image-preview:large, max-video-preview:-1\" \/>\n<link rel=\"canonical\" href=\"https:\/\/theomm.com\/product\/cordlocs\/\" \/>\n<meta property=\"og:locale\" content=\"sv_SE\" \/>\n<meta property=\"og:type\" content=\"article\" \/>\n<meta property=\"og:title\" content=\"Cordlocs - OMM\" \/>\n<meta property=\"og:description\" content=\"The Cordlocs, Repair Or Customise Your OMM Clothing &amp; Equipment. Easy To Fit. Lightweight &amp; Compact Widely Compatible\" \/>\n<meta property=\"og:url\" content=\"https:\/\/theomm.com\/product\/cordlocs\/\" \/>\n<meta property=\"og:site_name\" content=\"OMM\" \/>\n<meta property=\"article:publisher\" content=\"https:\/\/www.facebook.com\/OMMrunning?_ga=2.203172945.1541616462.1665402953-280172632.1649426001\" \/>\n<meta property=\"article:modified_time\" content=\"2026-01-03T00:03:57+00:00\" \/>\n<meta property=\"og:image\" content=\"https:\/\/theomm.com\/wp-content\/uploads\/2022\/10\/OG040-Cordlocs-Black-Simple.jpg\" \/>\n\t<meta property=\"og:image:width\" content=\"600\" \/>\n\t<meta property=\"og:image:height\" content=\"600\" \/>\n\t<meta property=\"og:image:type\" content=\"image\/jpeg\" \/>\n<meta name=\"twitter:card\" content=\"summary_large_image\" \/>\n<meta name=\"twitter:label1\" content=\"Ber\u00e4knad l\u00e4stid\" \/>\n\t<meta name=\"twitter:data1\" content=\"1 minute\" \/>\n<script type=\"application\/ld+json\" class=\"yoast-schema-graph\">{\"@context\":\"https:\\\/\\\/schema.org\",\"@graph\":[{\"@type\":\"WebPage\",\"@id\":\"https:\\\/\\\/theomm.com\\\/product\\\/cordlocs\\\/\",\"url\":\"https:\\\/\\\/theomm.com\\\/product\\\/cordlocs\\\/\",\"name\":\"Cordlocs - OMM\",\"isPartOf\":{\"@id\":\"https:\\\/\\\/theomm.com\\\/#website\"},\"primaryImageOfPage\":{\"@id\":\"https:\\\/\\\/theomm.com\\\/product\\\/cordlocs\\\/#primaryimage\"},\"image\":{\"@id\":\"https:\\\/\\\/theomm.com\\\/product\\\/cordlocs\\\/#primaryimage\"},\"thumbnailUrl\":\"https:\\\/\\\/theomm.com\\\/wp-content\\\/uploads\\\/2022\\\/10\\\/OG040-Cordlocs-Black-Simple.jpg\",\"datePublished\":\"2020-03-16T10:49:06+00:00\",\"dateModified\":\"2026-01-03T00:03:57+00:00\",\"description\":\"The Cordlocs, Repair Or Customise Your OMM Clothing & Equipment. Easy To Fit. Lightweight & Compact Widely Compatible\",\"breadcrumb\":{\"@id\":\"https:\\\/\\\/theomm.com\\\/product\\\/cordlocs\\\/#breadcrumb\"},\"inLanguage\":\"sv-SE\",\"potentialAction\":[{\"@type\":\"ReadAction\",\"target\":[\"https:\\\/\\\/theomm.com\\\/product\\\/cordlocs\\\/\"]}]},{\"@type\":\"ImageObject\",\"inLanguage\":\"sv-SE\",\"@id\":\"https:\\\/\\\/theomm.com\\\/product\\\/cordlocs\\\/#primaryimage\",\"url\":\"https:\\\/\\\/theomm.com\\\/wp-content\\\/uploads\\\/2022\\\/10\\\/OG040-Cordlocs-Black-Simple.jpg\",\"contentUrl\":\"https:\\\/\\\/theomm.com\\\/wp-content\\\/uploads\\\/2022\\\/10\\\/OG040-Cordlocs-Black-Simple.jpg\",\"width\":600,\"height\":600},{\"@type\":\"BreadcrumbList\",\"@id\":\"https:\\\/\\\/theomm.com\\\/product\\\/cordlocs\\\/#breadcrumb\",\"itemListElement\":[{\"@type\":\"ListItem\",\"position\":1,\"name\":\"Home\",\"item\":\"https:\\\/\\\/theomm.com\\\/sv\\\/original-mountain-marathon\\\/\"},{\"@type\":\"ListItem\",\"position\":2,\"name\":\"Produkter\",\"item\":\"https:\\\/\\\/theomm.com\\\/sv\\\/original-mountain-marathon\\\/produkter\\\/\"},{\"@type\":\"ListItem\",\"position\":3,\"name\":\"Cordlocs\"}]},{\"@type\":\"WebSite\",\"@id\":\"https:\\\/\\\/theomm.com\\\/#website\",\"url\":\"https:\\\/\\\/theomm.com\\\/\",\"name\":\"OMM\",\"description\":\"OMM is Technical clothing and equipment made for running in the mountains. Designed to the specifications of Original Mountain Marathon.\",\"alternateName\":\"Original Mountain Marathon\",\"potentialAction\":[{\"@type\":\"SearchAction\",\"target\":{\"@type\":\"EntryPoint\",\"urlTemplate\":\"https:\\\/\\\/theomm.com\\\/?s={search_term_string}\"},\"query-input\":{\"@type\":\"PropertyValueSpecification\",\"valueRequired\":true,\"valueName\":\"search_term_string\"}}],\"inLanguage\":\"sv-SE\"}]}<\/script>\n<!-- \/ Yoast SEO plugin. -->","yoast_head_json":{"title":"Cordlocs - OMM","description":"The Cordlocs, Repair Or Customise Your OMM Clothing & Equipment. Easy To Fit. Lightweight & Compact Widely Compatible","robots":{"index":"index","follow":"follow","max-snippet":"max-snippet:-1","max-image-preview":"max-image-preview:large","max-video-preview":"max-video-preview:-1"},"canonical":"https:\/\/theomm.com\/product\/cordlocs\/","og_locale":"sv_SE","og_type":"article","og_title":"Cordlocs - OMM","og_description":"The Cordlocs, Repair Or Customise Your OMM Clothing & Equipment. Easy To Fit. Lightweight & Compact Widely Compatible","og_url":"https:\/\/theomm.com\/product\/cordlocs\/","og_site_name":"OMM","article_publisher":"https:\/\/www.facebook.com\/OMMrunning?_ga=2.203172945.1541616462.1665402953-280172632.1649426001","article_modified_time":"2026-01-03T00:03:57+00:00","og_image":[{"width":600,"height":600,"url":"https:\/\/theomm.com\/wp-content\/uploads\/2022\/10\/OG040-Cordlocs-Black-Simple.jpg","type":"image\/jpeg"}],"twitter_card":"summary_large_image","twitter_misc":{"Ber\u00e4knad l\u00e4stid":"1 minute"},"schema":{"@context":"https:\/\/schema.org","@graph":[{"@type":"WebPage","@id":"https:\/\/theomm.com\/product\/cordlocs\/","url":"https:\/\/theomm.com\/product\/cordlocs\/","name":"Cordlocs - OMM","isPartOf":{"@id":"https:\/\/theomm.com\/#website"},"primaryImageOfPage":{"@id":"https:\/\/theomm.com\/product\/cordlocs\/#primaryimage"},"image":{"@id":"https:\/\/theomm.com\/product\/cordlocs\/#primaryimage"},"thumbnailUrl":"https:\/\/theomm.com\/wp-content\/uploads\/2022\/10\/OG040-Cordlocs-Black-Simple.jpg","datePublished":"2020-03-16T10:49:06+00:00","dateModified":"2026-01-03T00:03:57+00:00","description":"The Cordlocs, Repair Or Customise Your OMM Clothing & Equipment. Easy To Fit. Lightweight & Compact Widely Compatible","breadcrumb":{"@id":"https:\/\/theomm.com\/product\/cordlocs\/#breadcrumb"},"inLanguage":"sv-SE","potentialAction":[{"@type":"ReadAction","target":["https:\/\/theomm.com\/product\/cordlocs\/"]}]},{"@type":"ImageObject","inLanguage":"sv-SE","@id":"https:\/\/theomm.com\/product\/cordlocs\/#primaryimage","url":"https:\/\/theomm.com\/wp-content\/uploads\/2022\/10\/OG040-Cordlocs-Black-Simple.jpg","contentUrl":"https:\/\/theomm.com\/wp-content\/uploads\/2022\/10\/OG040-Cordlocs-Black-Simple.jpg","width":600,"height":600},{"@type":"BreadcrumbList","@id":"https:\/\/theomm.com\/product\/cordlocs\/#breadcrumb","itemListElement":[{"@type":"ListItem","position":1,"name":"Home","item":"https:\/\/theomm.com\/sv\/original-mountain-marathon\/"},{"@type":"ListItem","position":2,"name":"Produkter","item":"https:\/\/theomm.com\/sv\/original-mountain-marathon\/produkter\/"},{"@type":"ListItem","position":3,"name":"Cordlocs"}]},{"@type":"WebSite","@id":"https:\/\/theomm.com\/#website","url":"https:\/\/theomm.com\/","name":"OMM","description":"OMM is Technical clothing and equipment made for running in the mountains. Designed to the specifications of Original Mountain Marathon.","alternateName":"Original Mountain Marathon","potentialAction":[{"@type":"SearchAction","target":{"@type":"EntryPoint","urlTemplate":"https:\/\/theomm.com\/?s={search_term_string}"},"query-input":{"@type":"PropertyValueSpecification","valueRequired":true,"valueName":"search_term_string"}}],"inLanguage":"sv-SE"}]}},"_links":{"self":[{"href":"https:\/\/theomm.com\/sv\/wp-json\/wp\/v2\/product\/184364","targetHints":{"allow":["GET"]}}],"collection":[{"href":"https:\/\/theomm.com\/sv\/wp-json\/wp\/v2\/product"}],"about":[{"href":"https:\/\/theomm.com\/sv\/wp-json\/wp\/v2\/types\/product"}],"wp:featuredmedia":[{"embeddable":true,"href":"https:\/\/theomm.com\/sv\/wp-json\/wp\/v2\/media\/153925"}],"wp:attachment":[{"href":"https:\/\/theomm.com\/sv\/wp-json\/wp\/v2\/media?parent=184364"}],"wp:term":[{"taxonomy":"locations","embeddable":true,"href":"https:\/\/theomm.com\/sv\/wp-json\/wp\/v2\/locations?post=184364"},{"taxonomy":"product_brand","embeddable":true,"href":"https:\/\/theomm.com\/sv\/wp-json\/wp\/v2\/product_brand?post=184364"},{"taxonomy":"product_cat","embeddable":true,"href":"https:\/\/theomm.com\/sv\/wp-json\/wp\/v2\/product_cat?post=184364"},{"taxonomy":"product_tag","embeddable":true,"href":"https:\/\/theomm.com\/sv\/wp-json\/wp\/v2\/product_tag?post=184364"}],"curies":[{"name":"wp","href":"https:\/\/api.w.org\/{rel}","templated":true}]}}