{"id":184366,"date":"2020-03-16T10:49:06","date_gmt":"2020-03-16T10:49:06","guid":{"rendered":"https:\/\/theomm.com\/product\/single-buckle-20mm-2\/"},"modified":"2020-03-16T10:49:06","modified_gmt":"2020-03-16T10:49:06","slug":"single-buckle-20mm-2","status":"publish","type":"product","link":"https:\/\/theomm.com\/sv\/product\/single-buckle-20mm-2\/","title":{"rendered":"Single Buckle (20mm)"},"content":{"rendered":"<p>Enkel sp\u00e4nne (20 mm) &#8211; Ge din utrustning nytt liv eller bara anpassa den efter dina specifika behov med v\u00e5rt sortiment av tillbeh\u00f6r och reservdelar. Enkla att montera och perfekta att ha med sig p\u00e5 l\u00e4ngre resor d\u00e4r en f\u00f6rlorad eller trasig dragkedja eller sp\u00e4nne kan g\u00f6ra all skillnad.<\/p>\n<p>REPARERA ELLER ANPASSA DIN OMM-KL\u00c4DER &amp; UTG\u00d6RNINGAR<\/p>\n<p>L\u00c4TT ATT MONTERA: Utformad f\u00f6r att anv\u00e4ndas utan verktyg eller specialverktyg f\u00f6r snabba och enkla reparationer och anpassningar.<\/p>\n<p>L\u00c4TTVIKTIG &amp; KOMPAKT: Att ha med n\u00e5gra reservdelar p\u00e5 l\u00e4ngre resor kan spara mycket huvudv\u00e4rk, perfekt f\u00f6r f\u00e4ltservice eller anpassning p\u00e5 plats till kraven f\u00f6r ditt \u00e4ventyr.<\/p>\n<p>BREDDA KOMPATIBILITET: Utformad f\u00f6r att fungera med hela OMM-sortimentet, v\u00e5ra tillbeh\u00f6r passar ocks\u00e5 de flesta vanliga ryggs\u00e4ckar.<\/p>\n<p>F\u00d6RPACKNINGEN: F\u00f6rpackningen fungerar ocks\u00e5 som en 1:25K &amp; 1:40K Romer-verktyg. F\u00f6rpackningen \u00e4r tillverkad av \u00e5tervunnet material.<\/p>\n<p>F\u00f6rpackning: 1 styck<br \/>20 mm<br \/>F\u00e4rg: Svart<br \/>Material: Duraflex, Acatel<\/p>\n","protected":false},"excerpt":{"rendered":"<p>Ge din utrustning nytt liv eller bara anpassa den efter dina specifika behov med v\u00e5rt sortiment av tillbeh\u00f6r och reservdelar. Enkla att montera och perfekta att ha med sig p\u00e5 l\u00e4ngre resor d\u00e4r en f\u00f6rlorad eller trasig dragkedja eller sp\u00e4nne kan g\u00f6ra all skillnad.<\/p>\n","protected":false},"featured_media":153923,"template":"","meta":{"_acf_changed":false,"_et_pb_use_builder":"","_et_pb_old_content":"","_et_gb_content_width":""},"locations":[],"product_brand":[],"product_cat":[1282,1285],"product_tag":[2402,2401,2286,2405],"class_list":{"0":"post-184366","1":"product","2":"type-product","3":"status-publish","4":"has-post-thumbnail","6":"product_cat-andra-saker","7":"product_cat-reparation-justering","8":"product_tag-omm-toggle-sv","9":"product_tag-repair-sv","10":"product_tag-sp-sv","11":"product_tag-toggle-sv","12":"pa_color-svart","13":"pa_colour-svart","14":"pa_size-20mm-sv","15":"pa_weight-0-50g","17":"first","18":"outofstock","19":"taxable","20":"shipping-taxable","21":"purchasable","22":"product-type-variable","23":"has-default-attributes","24":"wvs-archive-product-wrapper"},"acf":[],"yoast_head":"<!-- This site is optimized with the Yoast SEO plugin v27.4 - https:\/\/yoast.com\/product\/yoast-seo-wordpress\/ -->\n<title>Single Buckle (20mm) - OMM<\/title>\n<meta name=\"description\" content=\"The Single Buckle (20Mm), Repair Or Customise Your OMM Clothing &amp; Equipment. Easy To Fit. Lightweight &amp; Compact Widely Compatible\" \/>\n<meta name=\"robots\" content=\"index, follow, max-snippet:-1, max-image-preview:large, max-video-preview:-1\" \/>\n<link rel=\"canonical\" href=\"https:\/\/theomm.com\/product\/single-buckle-20mm\/\" \/>\n<meta property=\"og:locale\" content=\"sv_SE\" \/>\n<meta property=\"og:type\" content=\"article\" \/>\n<meta property=\"og:title\" content=\"Single Buckle (20mm) - OMM\" \/>\n<meta property=\"og:description\" content=\"The Single Buckle (20Mm), Repair Or Customise Your OMM Clothing &amp; Equipment. Easy To Fit. Lightweight &amp; Compact Widely Compatible\" \/>\n<meta property=\"og:url\" content=\"https:\/\/theomm.com\/product\/single-buckle-20mm\/\" \/>\n<meta property=\"og:site_name\" content=\"OMM\" \/>\n<meta property=\"article:publisher\" content=\"https:\/\/www.facebook.com\/OMMrunning?_ga=2.203172945.1541616462.1665402953-280172632.1649426001\" \/>\n<meta property=\"og:image\" content=\"https:\/\/theomm.com\/wp-content\/uploads\/2022\/10\/OG039-Buckle-20mm-Single-Simple.jpg\" \/>\n\t<meta property=\"og:image:width\" content=\"600\" \/>\n\t<meta property=\"og:image:height\" content=\"600\" \/>\n\t<meta property=\"og:image:type\" content=\"image\/jpeg\" \/>\n<meta name=\"twitter:card\" content=\"summary_large_image\" \/>\n<meta name=\"twitter:label1\" content=\"Ber\u00e4knad l\u00e4stid\" \/>\n\t<meta name=\"twitter:data1\" content=\"1 minute\" \/>\n<script type=\"application\/ld+json\" class=\"yoast-schema-graph\">{\"@context\":\"https:\\\/\\\/schema.org\",\"@graph\":[{\"@type\":\"WebPage\",\"@id\":\"https:\\\/\\\/theomm.com\\\/product\\\/single-buckle-20mm\\\/\",\"url\":\"https:\\\/\\\/theomm.com\\\/product\\\/single-buckle-20mm\\\/\",\"name\":\"Single Buckle (20mm) - OMM\",\"isPartOf\":{\"@id\":\"https:\\\/\\\/theomm.com\\\/#website\"},\"primaryImageOfPage\":{\"@id\":\"https:\\\/\\\/theomm.com\\\/product\\\/single-buckle-20mm\\\/#primaryimage\"},\"image\":{\"@id\":\"https:\\\/\\\/theomm.com\\\/product\\\/single-buckle-20mm\\\/#primaryimage\"},\"thumbnailUrl\":\"https:\\\/\\\/theomm.com\\\/wp-content\\\/uploads\\\/2022\\\/10\\\/OG039-Buckle-20mm-Single-Simple.jpg\",\"datePublished\":\"2020-03-16T10:49:06+00:00\",\"description\":\"The Single Buckle (20Mm), Repair Or Customise Your OMM Clothing & Equipment. Easy To Fit. Lightweight & Compact Widely Compatible\",\"breadcrumb\":{\"@id\":\"https:\\\/\\\/theomm.com\\\/product\\\/single-buckle-20mm\\\/#breadcrumb\"},\"inLanguage\":\"sv-SE\",\"potentialAction\":[{\"@type\":\"ReadAction\",\"target\":[\"https:\\\/\\\/theomm.com\\\/product\\\/single-buckle-20mm\\\/\"]}]},{\"@type\":\"ImageObject\",\"inLanguage\":\"sv-SE\",\"@id\":\"https:\\\/\\\/theomm.com\\\/product\\\/single-buckle-20mm\\\/#primaryimage\",\"url\":\"https:\\\/\\\/theomm.com\\\/wp-content\\\/uploads\\\/2022\\\/10\\\/OG039-Buckle-20mm-Single-Simple.jpg\",\"contentUrl\":\"https:\\\/\\\/theomm.com\\\/wp-content\\\/uploads\\\/2022\\\/10\\\/OG039-Buckle-20mm-Single-Simple.jpg\",\"width\":600,\"height\":600},{\"@type\":\"BreadcrumbList\",\"@id\":\"https:\\\/\\\/theomm.com\\\/product\\\/single-buckle-20mm\\\/#breadcrumb\",\"itemListElement\":[{\"@type\":\"ListItem\",\"position\":1,\"name\":\"Home\",\"item\":\"https:\\\/\\\/theomm.com\\\/sv\\\/original-mountain-marathon\\\/\"},{\"@type\":\"ListItem\",\"position\":2,\"name\":\"Produkter\",\"item\":\"https:\\\/\\\/theomm.com\\\/sv\\\/original-mountain-marathon\\\/produkter\\\/\"},{\"@type\":\"ListItem\",\"position\":3,\"name\":\"Single Buckle (20mm)\"}]},{\"@type\":\"WebSite\",\"@id\":\"https:\\\/\\\/theomm.com\\\/#website\",\"url\":\"https:\\\/\\\/theomm.com\\\/\",\"name\":\"OMM\",\"description\":\"OMM is Technical clothing and equipment made for running in the mountains. Designed to the specifications of Original Mountain Marathon.\",\"alternateName\":\"Original Mountain Marathon\",\"potentialAction\":[{\"@type\":\"SearchAction\",\"target\":{\"@type\":\"EntryPoint\",\"urlTemplate\":\"https:\\\/\\\/theomm.com\\\/?s={search_term_string}\"},\"query-input\":{\"@type\":\"PropertyValueSpecification\",\"valueRequired\":true,\"valueName\":\"search_term_string\"}}],\"inLanguage\":\"sv-SE\"}]}<\/script>\n<!-- \/ Yoast SEO plugin. -->","yoast_head_json":{"title":"Single Buckle (20mm) - OMM","description":"The Single Buckle (20Mm), Repair Or Customise Your OMM Clothing & Equipment. Easy To Fit. Lightweight & Compact Widely Compatible","robots":{"index":"index","follow":"follow","max-snippet":"max-snippet:-1","max-image-preview":"max-image-preview:large","max-video-preview":"max-video-preview:-1"},"canonical":"https:\/\/theomm.com\/product\/single-buckle-20mm\/","og_locale":"sv_SE","og_type":"article","og_title":"Single Buckle (20mm) - OMM","og_description":"The Single Buckle (20Mm), Repair Or Customise Your OMM Clothing & Equipment. Easy To Fit. Lightweight & Compact Widely Compatible","og_url":"https:\/\/theomm.com\/product\/single-buckle-20mm\/","og_site_name":"OMM","article_publisher":"https:\/\/www.facebook.com\/OMMrunning?_ga=2.203172945.1541616462.1665402953-280172632.1649426001","og_image":[{"width":600,"height":600,"url":"https:\/\/theomm.com\/wp-content\/uploads\/2022\/10\/OG039-Buckle-20mm-Single-Simple.jpg","type":"image\/jpeg"}],"twitter_card":"summary_large_image","twitter_misc":{"Ber\u00e4knad l\u00e4stid":"1 minute"},"schema":{"@context":"https:\/\/schema.org","@graph":[{"@type":"WebPage","@id":"https:\/\/theomm.com\/product\/single-buckle-20mm\/","url":"https:\/\/theomm.com\/product\/single-buckle-20mm\/","name":"Single Buckle (20mm) - OMM","isPartOf":{"@id":"https:\/\/theomm.com\/#website"},"primaryImageOfPage":{"@id":"https:\/\/theomm.com\/product\/single-buckle-20mm\/#primaryimage"},"image":{"@id":"https:\/\/theomm.com\/product\/single-buckle-20mm\/#primaryimage"},"thumbnailUrl":"https:\/\/theomm.com\/wp-content\/uploads\/2022\/10\/OG039-Buckle-20mm-Single-Simple.jpg","datePublished":"2020-03-16T10:49:06+00:00","description":"The Single Buckle (20Mm), Repair Or Customise Your OMM Clothing & Equipment. Easy To Fit. Lightweight & Compact Widely Compatible","breadcrumb":{"@id":"https:\/\/theomm.com\/product\/single-buckle-20mm\/#breadcrumb"},"inLanguage":"sv-SE","potentialAction":[{"@type":"ReadAction","target":["https:\/\/theomm.com\/product\/single-buckle-20mm\/"]}]},{"@type":"ImageObject","inLanguage":"sv-SE","@id":"https:\/\/theomm.com\/product\/single-buckle-20mm\/#primaryimage","url":"https:\/\/theomm.com\/wp-content\/uploads\/2022\/10\/OG039-Buckle-20mm-Single-Simple.jpg","contentUrl":"https:\/\/theomm.com\/wp-content\/uploads\/2022\/10\/OG039-Buckle-20mm-Single-Simple.jpg","width":600,"height":600},{"@type":"BreadcrumbList","@id":"https:\/\/theomm.com\/product\/single-buckle-20mm\/#breadcrumb","itemListElement":[{"@type":"ListItem","position":1,"name":"Home","item":"https:\/\/theomm.com\/sv\/original-mountain-marathon\/"},{"@type":"ListItem","position":2,"name":"Produkter","item":"https:\/\/theomm.com\/sv\/original-mountain-marathon\/produkter\/"},{"@type":"ListItem","position":3,"name":"Single Buckle (20mm)"}]},{"@type":"WebSite","@id":"https:\/\/theomm.com\/#website","url":"https:\/\/theomm.com\/","name":"OMM","description":"OMM is Technical clothing and equipment made for running in the mountains. Designed to the specifications of Original Mountain Marathon.","alternateName":"Original Mountain Marathon","potentialAction":[{"@type":"SearchAction","target":{"@type":"EntryPoint","urlTemplate":"https:\/\/theomm.com\/?s={search_term_string}"},"query-input":{"@type":"PropertyValueSpecification","valueRequired":true,"valueName":"search_term_string"}}],"inLanguage":"sv-SE"}]}},"_links":{"self":[{"href":"https:\/\/theomm.com\/sv\/wp-json\/wp\/v2\/product\/184366","targetHints":{"allow":["GET"]}}],"collection":[{"href":"https:\/\/theomm.com\/sv\/wp-json\/wp\/v2\/product"}],"about":[{"href":"https:\/\/theomm.com\/sv\/wp-json\/wp\/v2\/types\/product"}],"wp:featuredmedia":[{"embeddable":true,"href":"https:\/\/theomm.com\/sv\/wp-json\/wp\/v2\/media\/153923"}],"wp:attachment":[{"href":"https:\/\/theomm.com\/sv\/wp-json\/wp\/v2\/media?parent=184366"}],"wp:term":[{"taxonomy":"locations","embeddable":true,"href":"https:\/\/theomm.com\/sv\/wp-json\/wp\/v2\/locations?post=184366"},{"taxonomy":"product_brand","embeddable":true,"href":"https:\/\/theomm.com\/sv\/wp-json\/wp\/v2\/product_brand?post=184366"},{"taxonomy":"product_cat","embeddable":true,"href":"https:\/\/theomm.com\/sv\/wp-json\/wp\/v2\/product_cat?post=184366"},{"taxonomy":"product_tag","embeddable":true,"href":"https:\/\/theomm.com\/sv\/wp-json\/wp\/v2\/product_tag?post=184366"}],"curies":[{"name":"wp","href":"https:\/\/api.w.org\/{rel}","templated":true}]}}