{"id":184382,"date":"2020-03-16T10:43:50","date_gmt":"2020-03-16T10:43:50","guid":{"rendered":"https:\/\/theomm.com\/product\/waterproof-repair-patches-2\/"},"modified":"2020-03-16T10:43:50","modified_gmt":"2020-03-16T10:43:50","slug":"waterproof-repair-patches-2","status":"publish","type":"product","link":"https:\/\/theomm.com\/sv\/product\/waterproof-repair-patches-2\/","title":{"rendered":"Waterproof Repair Patches"},"content":{"rendered":"<p>Vattent\u00e4ta Reparationslappar &#8211; OMM-reparationstejp \u00e4r en sj\u00e4lvh\u00e4ftande transparent och flexibel reparationstejp som kommer i en serie vanliga f\u00f6rskurna former som kan ytterligare sk\u00e4ras f\u00f6r att passa m\u00e5nga former av revor och h\u00e5l. Den \u00e4r utm\u00e4rkt f\u00f6r reparationer p\u00e5 generellt platta tyg ytor som vattent\u00e4ta jackor och kl\u00e4der samt ryggs\u00e4ckar, t\u00e4lt och alla prestanda tyger.<\/p>\n<p>OMM-reparationstejp \u00e4r perfekt f\u00f6r snabba, enkla och l\u00e5ngvariga reparationer, den \u00e4r n\u00e4stan om\u00f6jlig att riva, motst\u00e5ndskraftig mot abrasion och bekv\u00e4m mot huden.<\/p>\n<p>Dessa reparationslappar tar upp ingen plats och v\u00e4ger n\u00e4stan ingenting, men l\u00e5ter dig forts\u00e4tta med ditt \u00e4ventyr trots eventuella olyckliga miss\u00f6den med taggtr\u00e5d eller steniga kanter. H\u00c5LLBARA \/ SJ\u00c4LVH\u00c4FTANDE \/ VATTENT\u00c4TA \/ FLEXIBLA REPARATIONSLAPPAR STEG 1 &#8211; RENG\u00d6R Se till att tyget \u00e4r rent, torrt och plant. Trimma eventuella \u00f6verskottsfibrer fr\u00e5n skadan. Platta ned eventuella tygfl\u00e4ckar genom att matcha dem med deras ursprungliga form. STEG 2 &#8211; TRIM Trimma lappen till \u00f6nskad storlek om det beh\u00f6vs. Dra av skyddspapperet och s\u00e4nk f\u00f6rsiktigt ned p\u00e5 det skadade omr\u00e5det. H\u00e5ll tyget plant och str\u00e4ckt och b\u00f6rja l\u00e5ta lappen fastna. STEG 3 &#8211; TRYCK Tryck ned p\u00e5 lappen och ta bort eventuella veck eller bubblor. Arbeta utifr\u00e5n och in. Anv\u00e4nd en j\u00e4mn platt f\u00f6rem\u00e5l eller din tumme, vars v\u00e4rme kommer att hj\u00e4lpa lappen att f\u00e4sta Vattent\u00e4t Flexibel Sj\u00e4lvh\u00e4ftande Transparent T\u00e5lig mot rivning Beh\u00f6ver inte strykas F\u00f6rskurna former Passar alla vattent\u00e4ta eller tekniska tyger utom silikoniserat tyg Inkluderar 4 x 2 cm diameter cirkel 1 x 5 cm diameter cirkel 1 x 8,5 cm x 3 cm rektangel<\/p>\n","protected":false},"excerpt":{"rendered":"<p>OMM reparationstejp \u00e4r en sj\u00e4lvh\u00e4ftande, transparent och flexibel reparationstejp som kommer i en serie vanliga f\u00f6rskurna former och som kan ytterligare sk\u00e4ras f\u00f6r att passa m\u00e5nga former av revor och h\u00e5l. Den \u00e4r utm\u00e4rkt f\u00f6r reparationer p\u00e5 generellt platta tygytor s\u00e5som vattent\u00e4ta jackor och kl\u00e4der samt ryggs\u00e4ckar, t\u00e4lt och alla prestandatyger.<\/p>\n<p>OMM reparationstejp \u00e4r perfekt f\u00f6r snabba, enkla och l\u00e5ngvariga reparationer. Den \u00e4r n\u00e4stan om\u00f6jlig att riva, motst\u00e5ndskraftig mot slitage och bekv\u00e4m mot huden.<\/p>\n<p>Dessa reparationslappar tar upp ingen plats och v\u00e4ger n\u00e4stan ingenting, men l\u00e5ter dig forts\u00e4tta med ditt \u00e4ventyr trots eventuella olyckliga miss\u00f6den med taggtr\u00e5d eller steniga kanter.<\/p>\n","protected":false},"featured_media":167003,"template":"","meta":{"_acf_changed":false,"_et_pb_use_builder":"","_et_pb_old_content":"","_et_gb_content_width":""},"locations":[1196],"product_brand":[],"product_cat":[1282,1285],"product_tag":[2286],"class_list":{"0":"post-184382","1":"product","2":"type-product","3":"status-publish","4":"has-post-thumbnail","6":"locations-uk","7":"product_cat-andra-saker","8":"product_cat-reparation-justering","9":"product_tag-sp-sv","10":"pa_colour-clear-sv","12":"first","13":"instock","14":"taxable","15":"shipping-taxable","16":"purchasable","17":"product-type-variable","18":"has-default-attributes","19":"wvs-archive-product-wrapper"},"acf":[],"yoast_head":"<!-- This site is optimized with the Yoast SEO plugin v27.3 - https:\/\/yoast.com\/product\/yoast-seo-wordpress\/ -->\n<title>Waterproof Repair Patches - OMM<\/title>\n<meta name=\"description\" content=\"OMM Waterproof Repair Patches, Durable \/ Self-Adhesive \/ Waterproof \/ Flexible Repair Patches. Step 1 - Clean. Step 2 - Trim Step 3 - Press\" \/>\n<meta name=\"robots\" content=\"index, follow, max-snippet:-1, max-image-preview:large, max-video-preview:-1\" \/>\n<link rel=\"canonical\" href=\"https:\/\/theomm.com\/product\/waterproof-repair-patches\/\" \/>\n<meta property=\"og:locale\" content=\"sv_SE\" \/>\n<meta property=\"og:type\" content=\"article\" \/>\n<meta property=\"og:title\" content=\"Waterproof Repair Patches - OMM\" \/>\n<meta property=\"og:description\" content=\"OMM Waterproof Repair Patches, Durable \/ Self-Adhesive \/ Waterproof \/ Flexible Repair Patches. Step 1 - Clean. Step 2 - Trim Step 3 - Press\" \/>\n<meta property=\"og:url\" content=\"https:\/\/theomm.com\/product\/waterproof-repair-patches\/\" \/>\n<meta property=\"og:site_name\" content=\"OMM\" \/>\n<meta property=\"article:publisher\" content=\"https:\/\/www.facebook.com\/OMMrunning?_ga=2.203172945.1541616462.1665402953-280172632.1649426001\" \/>\n<meta property=\"og:image\" content=\"https:\/\/theomm.com\/wp-content\/uploads\/2023\/07\/Waterproof_Repair_Patch_Front_Closed.png\" \/>\n\t<meta property=\"og:image:width\" content=\"600\" \/>\n\t<meta property=\"og:image:height\" content=\"600\" \/>\n\t<meta property=\"og:image:type\" content=\"image\/png\" \/>\n<meta name=\"twitter:card\" content=\"summary_large_image\" \/>\n<meta name=\"twitter:label1\" content=\"Ber\u00e4knad l\u00e4stid\" \/>\n\t<meta name=\"twitter:data1\" content=\"1 minute\" \/>\n<script type=\"application\/ld+json\" class=\"yoast-schema-graph\">{\"@context\":\"https:\\\/\\\/schema.org\",\"@graph\":[{\"@type\":\"WebPage\",\"@id\":\"https:\\\/\\\/theomm.com\\\/product\\\/waterproof-repair-patches\\\/\",\"url\":\"https:\\\/\\\/theomm.com\\\/product\\\/waterproof-repair-patches\\\/\",\"name\":\"Waterproof Repair Patches - OMM\",\"isPartOf\":{\"@id\":\"https:\\\/\\\/theomm.com\\\/#website\"},\"primaryImageOfPage\":{\"@id\":\"https:\\\/\\\/theomm.com\\\/product\\\/waterproof-repair-patches\\\/#primaryimage\"},\"image\":{\"@id\":\"https:\\\/\\\/theomm.com\\\/product\\\/waterproof-repair-patches\\\/#primaryimage\"},\"thumbnailUrl\":\"https:\\\/\\\/theomm.com\\\/wp-content\\\/uploads\\\/2023\\\/07\\\/Waterproof_Repair_Patch_Front_Closed.png\",\"datePublished\":\"2020-03-16T10:43:50+00:00\",\"description\":\"OMM Waterproof Repair Patches, Durable \\\/ Self-Adhesive \\\/ Waterproof \\\/ Flexible Repair Patches. Step 1 - Clean. Step 2 - Trim Step 3 - Press\",\"breadcrumb\":{\"@id\":\"https:\\\/\\\/theomm.com\\\/product\\\/waterproof-repair-patches\\\/#breadcrumb\"},\"inLanguage\":\"sv-SE\",\"potentialAction\":[{\"@type\":\"ReadAction\",\"target\":[\"https:\\\/\\\/theomm.com\\\/product\\\/waterproof-repair-patches\\\/\"]}]},{\"@type\":\"ImageObject\",\"inLanguage\":\"sv-SE\",\"@id\":\"https:\\\/\\\/theomm.com\\\/product\\\/waterproof-repair-patches\\\/#primaryimage\",\"url\":\"https:\\\/\\\/theomm.com\\\/wp-content\\\/uploads\\\/2023\\\/07\\\/Waterproof_Repair_Patch_Front_Closed.png\",\"contentUrl\":\"https:\\\/\\\/theomm.com\\\/wp-content\\\/uploads\\\/2023\\\/07\\\/Waterproof_Repair_Patch_Front_Closed.png\",\"width\":600,\"height\":600},{\"@type\":\"BreadcrumbList\",\"@id\":\"https:\\\/\\\/theomm.com\\\/product\\\/waterproof-repair-patches\\\/#breadcrumb\",\"itemListElement\":[{\"@type\":\"ListItem\",\"position\":1,\"name\":\"Home\",\"item\":\"https:\\\/\\\/theomm.com\\\/sv\\\/original-mountain-marathon\\\/\"},{\"@type\":\"ListItem\",\"position\":2,\"name\":\"Produkter\",\"item\":\"https:\\\/\\\/theomm.com\\\/sv\\\/original-mountain-marathon\\\/produkter\\\/\"},{\"@type\":\"ListItem\",\"position\":3,\"name\":\"Waterproof Repair Patches\"}]},{\"@type\":\"WebSite\",\"@id\":\"https:\\\/\\\/theomm.com\\\/#website\",\"url\":\"https:\\\/\\\/theomm.com\\\/\",\"name\":\"OMM\",\"description\":\"OMM is Technical clothing and equipment made for running in the mountains. Designed to the specifications of Original Mountain Marathon.\",\"alternateName\":\"Original Mountain Marathon\",\"potentialAction\":[{\"@type\":\"SearchAction\",\"target\":{\"@type\":\"EntryPoint\",\"urlTemplate\":\"https:\\\/\\\/theomm.com\\\/?s={search_term_string}\"},\"query-input\":{\"@type\":\"PropertyValueSpecification\",\"valueRequired\":true,\"valueName\":\"search_term_string\"}}],\"inLanguage\":\"sv-SE\"}]}<\/script>\n<!-- \/ Yoast SEO plugin. -->","yoast_head_json":{"title":"Waterproof Repair Patches - OMM","description":"OMM Waterproof Repair Patches, Durable \/ Self-Adhesive \/ Waterproof \/ Flexible Repair Patches. Step 1 - Clean. Step 2 - Trim Step 3 - Press","robots":{"index":"index","follow":"follow","max-snippet":"max-snippet:-1","max-image-preview":"max-image-preview:large","max-video-preview":"max-video-preview:-1"},"canonical":"https:\/\/theomm.com\/product\/waterproof-repair-patches\/","og_locale":"sv_SE","og_type":"article","og_title":"Waterproof Repair Patches - OMM","og_description":"OMM Waterproof Repair Patches, Durable \/ Self-Adhesive \/ Waterproof \/ Flexible Repair Patches. Step 1 - Clean. Step 2 - Trim Step 3 - Press","og_url":"https:\/\/theomm.com\/product\/waterproof-repair-patches\/","og_site_name":"OMM","article_publisher":"https:\/\/www.facebook.com\/OMMrunning?_ga=2.203172945.1541616462.1665402953-280172632.1649426001","og_image":[{"width":600,"height":600,"url":"https:\/\/theomm.com\/wp-content\/uploads\/2023\/07\/Waterproof_Repair_Patch_Front_Closed.png","type":"image\/png"}],"twitter_card":"summary_large_image","twitter_misc":{"Ber\u00e4knad l\u00e4stid":"1 minute"},"schema":{"@context":"https:\/\/schema.org","@graph":[{"@type":"WebPage","@id":"https:\/\/theomm.com\/product\/waterproof-repair-patches\/","url":"https:\/\/theomm.com\/product\/waterproof-repair-patches\/","name":"Waterproof Repair Patches - OMM","isPartOf":{"@id":"https:\/\/theomm.com\/#website"},"primaryImageOfPage":{"@id":"https:\/\/theomm.com\/product\/waterproof-repair-patches\/#primaryimage"},"image":{"@id":"https:\/\/theomm.com\/product\/waterproof-repair-patches\/#primaryimage"},"thumbnailUrl":"https:\/\/theomm.com\/wp-content\/uploads\/2023\/07\/Waterproof_Repair_Patch_Front_Closed.png","datePublished":"2020-03-16T10:43:50+00:00","description":"OMM Waterproof Repair Patches, Durable \/ Self-Adhesive \/ Waterproof \/ Flexible Repair Patches. Step 1 - Clean. Step 2 - Trim Step 3 - Press","breadcrumb":{"@id":"https:\/\/theomm.com\/product\/waterproof-repair-patches\/#breadcrumb"},"inLanguage":"sv-SE","potentialAction":[{"@type":"ReadAction","target":["https:\/\/theomm.com\/product\/waterproof-repair-patches\/"]}]},{"@type":"ImageObject","inLanguage":"sv-SE","@id":"https:\/\/theomm.com\/product\/waterproof-repair-patches\/#primaryimage","url":"https:\/\/theomm.com\/wp-content\/uploads\/2023\/07\/Waterproof_Repair_Patch_Front_Closed.png","contentUrl":"https:\/\/theomm.com\/wp-content\/uploads\/2023\/07\/Waterproof_Repair_Patch_Front_Closed.png","width":600,"height":600},{"@type":"BreadcrumbList","@id":"https:\/\/theomm.com\/product\/waterproof-repair-patches\/#breadcrumb","itemListElement":[{"@type":"ListItem","position":1,"name":"Home","item":"https:\/\/theomm.com\/sv\/original-mountain-marathon\/"},{"@type":"ListItem","position":2,"name":"Produkter","item":"https:\/\/theomm.com\/sv\/original-mountain-marathon\/produkter\/"},{"@type":"ListItem","position":3,"name":"Waterproof Repair Patches"}]},{"@type":"WebSite","@id":"https:\/\/theomm.com\/#website","url":"https:\/\/theomm.com\/","name":"OMM","description":"OMM is Technical clothing and equipment made for running in the mountains. Designed to the specifications of Original Mountain Marathon.","alternateName":"Original Mountain Marathon","potentialAction":[{"@type":"SearchAction","target":{"@type":"EntryPoint","urlTemplate":"https:\/\/theomm.com\/?s={search_term_string}"},"query-input":{"@type":"PropertyValueSpecification","valueRequired":true,"valueName":"search_term_string"}}],"inLanguage":"sv-SE"}]}},"_links":{"self":[{"href":"https:\/\/theomm.com\/sv\/wp-json\/wp\/v2\/product\/184382","targetHints":{"allow":["GET"]}}],"collection":[{"href":"https:\/\/theomm.com\/sv\/wp-json\/wp\/v2\/product"}],"about":[{"href":"https:\/\/theomm.com\/sv\/wp-json\/wp\/v2\/types\/product"}],"wp:featuredmedia":[{"embeddable":true,"href":"https:\/\/theomm.com\/sv\/wp-json\/wp\/v2\/media\/167003"}],"wp:attachment":[{"href":"https:\/\/theomm.com\/sv\/wp-json\/wp\/v2\/media?parent=184382"}],"wp:term":[{"taxonomy":"locations","embeddable":true,"href":"https:\/\/theomm.com\/sv\/wp-json\/wp\/v2\/locations?post=184382"},{"taxonomy":"product_brand","embeddable":true,"href":"https:\/\/theomm.com\/sv\/wp-json\/wp\/v2\/product_brand?post=184382"},{"taxonomy":"product_cat","embeddable":true,"href":"https:\/\/theomm.com\/sv\/wp-json\/wp\/v2\/product_cat?post=184382"},{"taxonomy":"product_tag","embeddable":true,"href":"https:\/\/theomm.com\/sv\/wp-json\/wp\/v2\/product_tag?post=184382"}],"curies":[{"name":"wp","href":"https:\/\/api.w.org\/{rel}","templated":true}]}}