{"id":184386,"date":"2018-03-16T10:41:21","date_gmt":"2018-03-16T10:41:21","guid":{"rendered":"https:\/\/theomm.com\/product\/ultra-12-2\/"},"modified":"2024-06-12T16:59:31","modified_gmt":"2024-06-12T16:59:31","slug":"ultra-12-2","status":"publish","type":"product","link":"https:\/\/theomm.com\/sv\/product\/ultra-12-2\/","title":{"rendered":"Ultra 12 (f\u00f6reg\u00e5ende generation)"},"content":{"rendered":"<p>Ultra 12 &#8211; Ultra 12 \u00e4r utformad f\u00f6r tr\u00e4ning och t\u00e4vling. Den 12 liters volym ger dig utrymme f\u00f6r dagligt bruk med kapacitet och komfort f\u00f6r ultra- och bergslopp. Enkelheten i designen och tillf\u00f6rlitligheten i konstruktionen har gjort Ultra-serien till en favorit bland b\u00e5de l\u00f6pare och cyklister.<\/p>\n<p>Utformad f\u00f6r att b\u00e4ra laster mellan 3-6 kg med en midjeb\u00e4lte f\u00f6r extra stabilitet. Ultra 12 har en enda stor dragkedja, airmesh axelharness och midjeb\u00e4ltesficka. Idealisk f\u00f6r flerdagarst\u00e4vlingar och dagsvandringar d\u00e4r extra utrustning kr\u00e4vs.<\/p>\n<p>12 LITER TR\u00c4NINGS- OCH T\u00c4VLINGSRYGGS\u00c4CK<\/p>\n<p>ENKEL DESIGN SPARAR VIKT OCH TID<\/p>\n<p>Ultra Range \u00e4r designad med enkelhet i centrum, vilket l\u00e5ter dig koncentrera dig p\u00e5 l\u00f6pningen.<\/p>\n<p>STOR DRAGKEDJA F\u00d6R L\u00c4TTILLG\u00c4NGLIGT \u00c5TKOMST<\/p>\n<p>Huvudfacket n\u00e5s via en stor dragkedja som g\u00f6r att du enkelt kan packa och packa upp.<\/p>\n<p>STABIL OCH BEKV\u00c4M<\/p>\n<p>Med Leanweight Chassis f\u00f6rblir lasten stabil p\u00e5 l\u00f6parens rygg utan skavpunkter eller heta punkter orsakade av \u00f6verdriven r\u00f6relse.<\/p>\n<p>LEANWEIGHT-chassi UGR Universal Gear Rail L\u00e4ttviktig mesh-harness Reflekterande detaljer Ficka med dragkedja fram En midjeficka med dragkedja Stretch-mesh sidofickor f\u00f6r flaskor Kompatibel med OMM Pack-tillbeh\u00f6r Justerbar br\u00f6strem med integrerad visselpipa Avtagbar ryggdyna f\u00f6r att uppn\u00e5 LEANWEIGHT Kompatibel med 2 liters v\u00e4tskebl\u00e5sa V\u00e4tskebl\u00e5sans r\u00f6r kan ruttnas \u00f6ver eller under axeln Ryggl\u00e4ngd: 45 cm<\/p>\n<p>F\u00e4rger: Bl\u00e5, Orange, Gr\u00e5 Material: EVA-skum, stretch-mesh, 3D-airmesh, polyester Vikt: 285\/270g<\/p>\n<p>V\u00e5r l\u00e4ttviktiga kl\u00e4der och utrustning \u00e4r specifikt designad f\u00f6r bergsl\u00f6paren, med specifikationer direkt h\u00e4mtade fr\u00e5n erfarenheter p\u00e5 Original Mountain Marathon.<\/p>\n<p>En 2-dagars resa genom n\u00e5gra av Storbritanniens tuffaste terr\u00e4ng, h\u00e5llen i slutet av varje oktober sedan 1968, f\u00f6r att s\u00e4kerst\u00e4lla utmanande v\u00e4der. Ett test av bergshantverk och uth\u00e5llighet, &#8216;The OMM&#8217;, \u00e4r erk\u00e4nt som guldstandarden inom bergsutmaningar.<\/p>\n<p>De h\u00f6ga kraven p\u00e5 evenemanget g\u00e5r vidare f\u00f6r att informera designen och funktionerna i v\u00e5ra kl\u00e4der, vilket i sin tur anv\u00e4nds i n\u00e5gra av de tuffaste evenemangen och sv\u00e5raste utmaningarna v\u00e4rlden \u00f6ver.<\/p>\n<p>F\u00f6rtrodd av bergsatleter och professionella i \u00e5rtionden \u00e4r OMM-sortimentet den perfekta f\u00f6ljeslagaren f\u00f6r ditt n\u00e4sta \u00e4ventyr.<\/p>\n","protected":false},"excerpt":{"rendered":"<p>Ultra 12 \u00e4r designad f\u00f6r tr\u00e4ning och t\u00e4vling. Med sina 12 liters volym ger den dig tillr\u00e4ckligt med utrymme f\u00f6r dagligt bruk samtidigt som den erbjuder kapacitet och komfort f\u00f6r ultral\u00f6pning och bergst\u00e4vlingar.<\/p>\n<p>Enkelheten i designen och tillf\u00f6rlitligheten i konstruktionen har gjort Ultra-serien till en favorit bland pendlare b\u00e5de inom l\u00f6pning och cykling.<\/p>\n<p>Den \u00e4r utformad f\u00f6r att b\u00e4ra laster mellan 3-6 kg och har ett midjeb\u00e4lte f\u00f6r extra stabilitet. Ultra 12 har en enda stor dragkedja f\u00f6r enkel \u00e5tkomst, airmesh axelharness och midjeb\u00e4ltesficka. Den \u00e4r idealisk f\u00f6r flerdagst\u00e4vlingar och bergsdagar d\u00e4r extra utrustning kr\u00e4vs.<\/p>\n","protected":false},"featured_media":153753,"template":"","meta":{"_acf_changed":false,"_et_pb_use_builder":"","_et_pb_old_content":"","_et_gb_content_width":""},"locations":[],"product_brand":[],"product_cat":[1287,1288],"product_tag":[2311,2476,2472,2477,2286],"class_list":{"0":"post-184386","1":"product","2":"type-product","3":"status-publish","4":"has-post-thumbnail","6":"product_cat-bara-forvara","7":"product_cat-ryggsackar","8":"product_tag-12-litre-hiking-pack-sv","9":"product_tag-12-litre-running-pack-sv","10":"product_tag-medium-running-pack-sv","11":"product_tag-omm-ultra-12-sv","12":"product_tag-sp-sv","13":"pa_color-bla-sv","14":"pa_color-gra-sv","15":"pa_color-orange-sv","16":"pa_colour-bla-sv","17":"pa_colour-gra-sv","18":"pa_colour-orange-sv","19":"pa_gender-mens-sv","20":"pa_gender-womens-sv","21":"pa_weight-200-300g","23":"first","24":"instock","25":"taxable","26":"shipping-taxable","27":"purchasable","28":"product-type-variable","29":"wvs-archive-product-wrapper"},"acf":[],"yoast_head":"<!-- This site is optimized with the Yoast SEO plugin v27.3 - https:\/\/yoast.com\/product\/yoast-seo-wordpress\/ -->\n<title>Ultra 12 - OMM<\/title>\n<meta name=\"description\" content=\"The Ultra 12, 12 Litre Training &amp; Race Pack. Simple Design Saves Weight And Time. Large Zip Opening For Ease Of Access Stable And Comfortable\" \/>\n<meta name=\"robots\" content=\"index, follow, max-snippet:-1, max-image-preview:large, max-video-preview:-1\" \/>\n<link rel=\"canonical\" href=\"https:\/\/theomm.com\/sv\/product\/ultra-12-2\/\" \/>\n<meta property=\"og:locale\" content=\"sv_SE\" \/>\n<meta property=\"og:type\" content=\"article\" \/>\n<meta property=\"og:title\" content=\"Ultra 12 - OMM\" \/>\n<meta property=\"og:description\" content=\"The Ultra 12, 12 Litre Training &amp; Race Pack. Simple Design Saves Weight And Time. Large Zip Opening For Ease Of Access Stable And Comfortable\" \/>\n<meta property=\"og:url\" content=\"https:\/\/theomm.com\/sv\/product\/ultra-12-2\/\" \/>\n<meta property=\"og:site_name\" content=\"OMM\" \/>\n<meta property=\"article:publisher\" content=\"https:\/\/www.facebook.com\/OMMrunning?_ga=2.203172945.1541616462.1665402953-280172632.1649426001\" \/>\n<meta property=\"article:modified_time\" content=\"2024-06-12T16:59:31+00:00\" \/>\n<meta property=\"og:image\" content=\"https:\/\/theomm.com\/wp-content\/uploads\/2022\/10\/OF013-Ultra-12-Simple_0009_OF013_Ultra_12_Blue_Back.jpg\" \/>\n\t<meta property=\"og:image:width\" content=\"600\" \/>\n\t<meta property=\"og:image:height\" content=\"600\" \/>\n\t<meta property=\"og:image:type\" content=\"image\/jpeg\" \/>\n<meta name=\"twitter:card\" content=\"summary_large_image\" \/>\n<meta name=\"twitter:label1\" content=\"Ber\u00e4knad l\u00e4stid\" \/>\n\t<meta name=\"twitter:data1\" content=\"2 minutes\" \/>\n<script type=\"application\/ld+json\" class=\"yoast-schema-graph\">{\"@context\":\"https:\\\/\\\/schema.org\",\"@graph\":[{\"@type\":\"WebPage\",\"@id\":\"https:\\\/\\\/theomm.com\\\/sv\\\/product\\\/ultra-12-2\\\/\",\"url\":\"https:\\\/\\\/theomm.com\\\/sv\\\/product\\\/ultra-12-2\\\/\",\"name\":\"Ultra 12 - OMM\",\"isPartOf\":{\"@id\":\"https:\\\/\\\/theomm.com\\\/#website\"},\"primaryImageOfPage\":{\"@id\":\"https:\\\/\\\/theomm.com\\\/sv\\\/product\\\/ultra-12-2\\\/#primaryimage\"},\"image\":{\"@id\":\"https:\\\/\\\/theomm.com\\\/sv\\\/product\\\/ultra-12-2\\\/#primaryimage\"},\"thumbnailUrl\":\"https:\\\/\\\/theomm.com\\\/wp-content\\\/uploads\\\/2022\\\/10\\\/OF013-Ultra-12-Simple_0009_OF013_Ultra_12_Blue_Back.jpg\",\"datePublished\":\"2018-03-16T10:41:21+00:00\",\"dateModified\":\"2024-06-12T16:59:31+00:00\",\"description\":\"The Ultra 12, 12 Litre Training & Race Pack. Simple Design Saves Weight And Time. Large Zip Opening For Ease Of Access Stable And Comfortable\",\"breadcrumb\":{\"@id\":\"https:\\\/\\\/theomm.com\\\/sv\\\/product\\\/ultra-12-2\\\/#breadcrumb\"},\"inLanguage\":\"sv-SE\",\"potentialAction\":[{\"@type\":\"ReadAction\",\"target\":[\"https:\\\/\\\/theomm.com\\\/sv\\\/product\\\/ultra-12-2\\\/\"]}]},{\"@type\":\"ImageObject\",\"inLanguage\":\"sv-SE\",\"@id\":\"https:\\\/\\\/theomm.com\\\/sv\\\/product\\\/ultra-12-2\\\/#primaryimage\",\"url\":\"https:\\\/\\\/theomm.com\\\/wp-content\\\/uploads\\\/2022\\\/10\\\/OF013-Ultra-12-Simple_0009_OF013_Ultra_12_Blue_Back.jpg\",\"contentUrl\":\"https:\\\/\\\/theomm.com\\\/wp-content\\\/uploads\\\/2022\\\/10\\\/OF013-Ultra-12-Simple_0009_OF013_Ultra_12_Blue_Back.jpg\",\"width\":600,\"height\":600},{\"@type\":\"BreadcrumbList\",\"@id\":\"https:\\\/\\\/theomm.com\\\/sv\\\/product\\\/ultra-12-2\\\/#breadcrumb\",\"itemListElement\":[{\"@type\":\"ListItem\",\"position\":1,\"name\":\"Home\",\"item\":\"https:\\\/\\\/theomm.com\\\/sv\\\/original-mountain-marathon\\\/\"},{\"@type\":\"ListItem\",\"position\":2,\"name\":\"Produkter\",\"item\":\"https:\\\/\\\/theomm.com\\\/sv\\\/original-mountain-marathon\\\/produkter\\\/\"},{\"@type\":\"ListItem\",\"position\":3,\"name\":\"Ultra 12 (f\u00f6reg\u00e5ende generation)\"}]},{\"@type\":\"WebSite\",\"@id\":\"https:\\\/\\\/theomm.com\\\/#website\",\"url\":\"https:\\\/\\\/theomm.com\\\/\",\"name\":\"OMM\",\"description\":\"OMM is Technical clothing and equipment made for running in the mountains. Designed to the specifications of Original Mountain Marathon.\",\"alternateName\":\"Original Mountain Marathon\",\"potentialAction\":[{\"@type\":\"SearchAction\",\"target\":{\"@type\":\"EntryPoint\",\"urlTemplate\":\"https:\\\/\\\/theomm.com\\\/?s={search_term_string}\"},\"query-input\":{\"@type\":\"PropertyValueSpecification\",\"valueRequired\":true,\"valueName\":\"search_term_string\"}}],\"inLanguage\":\"sv-SE\"}]}<\/script>\n<!-- \/ Yoast SEO plugin. -->","yoast_head_json":{"title":"Ultra 12 - OMM","description":"The Ultra 12, 12 Litre Training & Race Pack. Simple Design Saves Weight And Time. Large Zip Opening For Ease Of Access Stable And Comfortable","robots":{"index":"index","follow":"follow","max-snippet":"max-snippet:-1","max-image-preview":"max-image-preview:large","max-video-preview":"max-video-preview:-1"},"canonical":"https:\/\/theomm.com\/sv\/product\/ultra-12-2\/","og_locale":"sv_SE","og_type":"article","og_title":"Ultra 12 - OMM","og_description":"The Ultra 12, 12 Litre Training & Race Pack. Simple Design Saves Weight And Time. Large Zip Opening For Ease Of Access Stable And Comfortable","og_url":"https:\/\/theomm.com\/sv\/product\/ultra-12-2\/","og_site_name":"OMM","article_publisher":"https:\/\/www.facebook.com\/OMMrunning?_ga=2.203172945.1541616462.1665402953-280172632.1649426001","article_modified_time":"2024-06-12T16:59:31+00:00","og_image":[{"width":600,"height":600,"url":"https:\/\/theomm.com\/wp-content\/uploads\/2022\/10\/OF013-Ultra-12-Simple_0009_OF013_Ultra_12_Blue_Back.jpg","type":"image\/jpeg"}],"twitter_card":"summary_large_image","twitter_misc":{"Ber\u00e4knad l\u00e4stid":"2 minutes"},"schema":{"@context":"https:\/\/schema.org","@graph":[{"@type":"WebPage","@id":"https:\/\/theomm.com\/sv\/product\/ultra-12-2\/","url":"https:\/\/theomm.com\/sv\/product\/ultra-12-2\/","name":"Ultra 12 - OMM","isPartOf":{"@id":"https:\/\/theomm.com\/#website"},"primaryImageOfPage":{"@id":"https:\/\/theomm.com\/sv\/product\/ultra-12-2\/#primaryimage"},"image":{"@id":"https:\/\/theomm.com\/sv\/product\/ultra-12-2\/#primaryimage"},"thumbnailUrl":"https:\/\/theomm.com\/wp-content\/uploads\/2022\/10\/OF013-Ultra-12-Simple_0009_OF013_Ultra_12_Blue_Back.jpg","datePublished":"2018-03-16T10:41:21+00:00","dateModified":"2024-06-12T16:59:31+00:00","description":"The Ultra 12, 12 Litre Training & Race Pack. Simple Design Saves Weight And Time. Large Zip Opening For Ease Of Access Stable And Comfortable","breadcrumb":{"@id":"https:\/\/theomm.com\/sv\/product\/ultra-12-2\/#breadcrumb"},"inLanguage":"sv-SE","potentialAction":[{"@type":"ReadAction","target":["https:\/\/theomm.com\/sv\/product\/ultra-12-2\/"]}]},{"@type":"ImageObject","inLanguage":"sv-SE","@id":"https:\/\/theomm.com\/sv\/product\/ultra-12-2\/#primaryimage","url":"https:\/\/theomm.com\/wp-content\/uploads\/2022\/10\/OF013-Ultra-12-Simple_0009_OF013_Ultra_12_Blue_Back.jpg","contentUrl":"https:\/\/theomm.com\/wp-content\/uploads\/2022\/10\/OF013-Ultra-12-Simple_0009_OF013_Ultra_12_Blue_Back.jpg","width":600,"height":600},{"@type":"BreadcrumbList","@id":"https:\/\/theomm.com\/sv\/product\/ultra-12-2\/#breadcrumb","itemListElement":[{"@type":"ListItem","position":1,"name":"Home","item":"https:\/\/theomm.com\/sv\/original-mountain-marathon\/"},{"@type":"ListItem","position":2,"name":"Produkter","item":"https:\/\/theomm.com\/sv\/original-mountain-marathon\/produkter\/"},{"@type":"ListItem","position":3,"name":"Ultra 12 (f\u00f6reg\u00e5ende generation)"}]},{"@type":"WebSite","@id":"https:\/\/theomm.com\/#website","url":"https:\/\/theomm.com\/","name":"OMM","description":"OMM is Technical clothing and equipment made for running in the mountains. Designed to the specifications of Original Mountain Marathon.","alternateName":"Original Mountain Marathon","potentialAction":[{"@type":"SearchAction","target":{"@type":"EntryPoint","urlTemplate":"https:\/\/theomm.com\/?s={search_term_string}"},"query-input":{"@type":"PropertyValueSpecification","valueRequired":true,"valueName":"search_term_string"}}],"inLanguage":"sv-SE"}]}},"_links":{"self":[{"href":"https:\/\/theomm.com\/sv\/wp-json\/wp\/v2\/product\/184386","targetHints":{"allow":["GET"]}}],"collection":[{"href":"https:\/\/theomm.com\/sv\/wp-json\/wp\/v2\/product"}],"about":[{"href":"https:\/\/theomm.com\/sv\/wp-json\/wp\/v2\/types\/product"}],"wp:featuredmedia":[{"embeddable":true,"href":"https:\/\/theomm.com\/sv\/wp-json\/wp\/v2\/media\/153753"}],"wp:attachment":[{"href":"https:\/\/theomm.com\/sv\/wp-json\/wp\/v2\/media?parent=184386"}],"wp:term":[{"taxonomy":"locations","embeddable":true,"href":"https:\/\/theomm.com\/sv\/wp-json\/wp\/v2\/locations?post=184386"},{"taxonomy":"product_brand","embeddable":true,"href":"https:\/\/theomm.com\/sv\/wp-json\/wp\/v2\/product_brand?post=184386"},{"taxonomy":"product_cat","embeddable":true,"href":"https:\/\/theomm.com\/sv\/wp-json\/wp\/v2\/product_cat?post=184386"},{"taxonomy":"product_tag","embeddable":true,"href":"https:\/\/theomm.com\/sv\/wp-json\/wp\/v2\/product_tag?post=184386"}],"curies":[{"name":"wp","href":"https:\/\/api.w.org\/{rel}","templated":true}]}}