{"id":184418,"date":"2019-03-16T10:44:15","date_gmt":"2019-03-16T10:44:15","guid":{"rendered":"https:\/\/theomm.com\/product\/ultra-flexi-cup-200ml-2\/"},"modified":"2025-09-10T17:04:14","modified_gmt":"2025-09-10T17:04:14","slug":"ultra-flexi-cup-200ml-2","status":"publish","type":"product","link":"https:\/\/theomm.com\/sv\/product\/ultra-flexi-cup-200ml-2\/","title":{"rendered":"Ultra Flexi Cup 200ml"},"content":{"rendered":"<p>Ultra Flexi Cup 200ml &#8211; En flexibel kopp f\u00f6r anv\u00e4ndning p\u00e5 spr\u00e5ng f\u00f6r en snabb drink eller f\u00f6r anv\u00e4ndning vid en \u00f6vernattning p\u00e5 l\u00e4gerplatsen. Det h\u00e5llbara termoplastmaterialet g\u00f6r att koppen kan komprimeras sm\u00e5tt och enkelt f\u00f6rvaras medan den formade l\u00e4ppen g\u00f6r det l\u00e4tt att fylla p\u00e5 och dricka. F\u00c4LLBAR KOPP F\u00d6R DRICKNING P\u00c5 SPR\u00c5NG ELLER VID L\u00c4GERPLATSEN H\u00e5llbar termoplast Polyuretan (TPU) konstruktion f\u00e4stpunkter L\u00e4ttviktig och packas platt L\u00e4tt att fylla p\u00e5 och dricka fr\u00e5n Fri fr\u00e5n BPA, PVC och ftalater F\u00e4rg: Transparent Volym: 200 ml Tyg: TPU (Termoplastisk Polyuretan) Vikt: 15 g<\/p>\n<p>V\u00e5r l\u00e4ttviktiga kl\u00e4der och utrustning \u00e4r speciellt utformad f\u00f6r behoven hos bergsl\u00f6paren, med specifikationer direkt h\u00e4mtade fr\u00e5n erfarenheterna p\u00e5 Original Mountain Marathon.<\/p>\n<p>En 2-dagars resa genom n\u00e5gra av Storbritanniens tuffaste terr\u00e4ng, som h\u00e5lls i slutet av oktober varje \u00e5r sedan 1968, f\u00f6r att s\u00e4kerst\u00e4lla utmanande v\u00e4derf\u00f6rh\u00e5llanden. Ett test av bergshantverk och uth\u00e5llighet, &#8216;The OMM&#8217;, erk\u00e4nns som guldstandarden inom bergsutmaningar.<\/p>\n<p>De h\u00f6ga kraven p\u00e5 evenemanget forts\u00e4tter att p\u00e5verka designen och funktionerna i v\u00e5ra kl\u00e4der, vilket i sin tur anv\u00e4nds i n\u00e5gra av de tuffaste evenemangen och sv\u00e5raste utmaningarna v\u00e4rlden \u00f6ver.<\/p>\n<p>Lita p\u00e5 av bergs idrottare och yrkesverksamma i \u00e5rtionden, OMM-sortimentet \u00e4r den perfekta f\u00f6ljeslagaren f\u00f6r ditt n\u00e4sta \u00e4ventyr.<\/p>\n","protected":false},"excerpt":{"rendered":"<p>En flexibel kopp f\u00f6r anv\u00e4ndning p\u00e5 spr\u00e5ng f\u00f6r en snabb drink eller f\u00f6r anv\u00e4ndning vid en \u00f6vernattning p\u00e5 l\u00e4gerplatsen. Det h\u00e5llbara termoplastmaterialet g\u00f6r att koppen kan komprimeras sm\u00e5tt och enkelt f\u00f6rvaras medan den formade l\u00e4ppen g\u00f6r det l\u00e4tt att fylla p\u00e5 och dricka.<\/p>\n","protected":false},"featured_media":153865,"template":"","meta":{"_acf_changed":false,"_et_pb_use_builder":"","_et_pb_old_content":"","_et_gb_content_width":""},"locations":[],"product_brand":[],"product_cat":[1282,1283],"product_tag":[2286],"class_list":{"0":"post-184418","1":"product","2":"type-product","3":"status-publish","4":"has-post-thumbnail","6":"product_cat-andra-saker","7":"product_cat-hydrering-sv","8":"product_tag-sp-sv","9":"pa_color-clear-sv","10":"pa_colour-clear-sv","11":"pa_gender-mens-sv","12":"pa_gender-womens-sv","13":"pa_weight-0-50g","15":"first","16":"outofstock","17":"taxable","18":"shipping-taxable","19":"purchasable","20":"product-type-variable","21":"has-default-attributes","22":"wvs-archive-product-wrapper"},"acf":[],"yoast_head":"<!-- This site is optimized with the Yoast SEO plugin v27.3 - https:\/\/yoast.com\/product\/yoast-seo-wordpress\/ -->\n<title>Ultra Flexi Cup 200ml - OMM<\/title>\n<meta name=\"description\" content=\"The Ultra Flexi Cup 200Ml, Folding Cup For Drinking On The Go Or At Camp. Perfect for Ultra Marathons and Long Trail Races.\" \/>\n<meta name=\"robots\" content=\"index, follow, max-snippet:-1, max-image-preview:large, max-video-preview:-1\" \/>\n<link rel=\"canonical\" href=\"https:\/\/theomm.com\/product\/ultra-flexi-cup-200ml\/\" \/>\n<meta property=\"og:locale\" content=\"sv_SE\" \/>\n<meta property=\"og:type\" content=\"article\" \/>\n<meta property=\"og:title\" content=\"Ultra Flexi Cup 200ml - OMM\" \/>\n<meta property=\"og:description\" content=\"The Ultra Flexi Cup 200Ml, Folding Cup For Drinking On The Go Or At Camp. Perfect for Ultra Marathons and Long Trail Races.\" \/>\n<meta property=\"og:url\" content=\"https:\/\/theomm.com\/product\/ultra-flexi-cup-200ml\/\" \/>\n<meta property=\"og:site_name\" content=\"OMM\" \/>\n<meta property=\"article:publisher\" content=\"https:\/\/www.facebook.com\/OMMrunning?_ga=2.203172945.1541616462.1665402953-280172632.1649426001\" \/>\n<meta property=\"article:modified_time\" content=\"2025-09-10T17:04:14+00:00\" \/>\n<meta property=\"og:image\" content=\"https:\/\/theomm.com\/wp-content\/uploads\/2022\/10\/OG013-Ultra-Flexi-Cup-200ml-Simple-resized-for-web.jpg\" \/>\n\t<meta property=\"og:image:width\" content=\"600\" \/>\n\t<meta property=\"og:image:height\" content=\"600\" \/>\n\t<meta property=\"og:image:type\" content=\"image\/jpeg\" \/>\n<meta name=\"twitter:card\" content=\"summary_large_image\" \/>\n<meta name=\"twitter:label1\" content=\"Ber\u00e4knad l\u00e4stid\" \/>\n\t<meta name=\"twitter:data1\" content=\"1 minute\" \/>\n<script type=\"application\/ld+json\" class=\"yoast-schema-graph\">{\"@context\":\"https:\\\/\\\/schema.org\",\"@graph\":[{\"@type\":\"WebPage\",\"@id\":\"https:\\\/\\\/theomm.com\\\/product\\\/ultra-flexi-cup-200ml\\\/\",\"url\":\"https:\\\/\\\/theomm.com\\\/product\\\/ultra-flexi-cup-200ml\\\/\",\"name\":\"Ultra Flexi Cup 200ml - OMM\",\"isPartOf\":{\"@id\":\"https:\\\/\\\/theomm.com\\\/#website\"},\"primaryImageOfPage\":{\"@id\":\"https:\\\/\\\/theomm.com\\\/product\\\/ultra-flexi-cup-200ml\\\/#primaryimage\"},\"image\":{\"@id\":\"https:\\\/\\\/theomm.com\\\/product\\\/ultra-flexi-cup-200ml\\\/#primaryimage\"},\"thumbnailUrl\":\"https:\\\/\\\/theomm.com\\\/wp-content\\\/uploads\\\/2022\\\/10\\\/OG013-Ultra-Flexi-Cup-200ml-Simple-resized-for-web.jpg\",\"datePublished\":\"2019-03-16T10:44:15+00:00\",\"dateModified\":\"2025-09-10T17:04:14+00:00\",\"description\":\"The Ultra Flexi Cup 200Ml, Folding Cup For Drinking On The Go Or At Camp. Perfect for Ultra Marathons and Long Trail Races.\",\"breadcrumb\":{\"@id\":\"https:\\\/\\\/theomm.com\\\/product\\\/ultra-flexi-cup-200ml\\\/#breadcrumb\"},\"inLanguage\":\"sv-SE\",\"potentialAction\":[{\"@type\":\"ReadAction\",\"target\":[\"https:\\\/\\\/theomm.com\\\/product\\\/ultra-flexi-cup-200ml\\\/\"]}]},{\"@type\":\"ImageObject\",\"inLanguage\":\"sv-SE\",\"@id\":\"https:\\\/\\\/theomm.com\\\/product\\\/ultra-flexi-cup-200ml\\\/#primaryimage\",\"url\":\"https:\\\/\\\/theomm.com\\\/wp-content\\\/uploads\\\/2022\\\/10\\\/OG013-Ultra-Flexi-Cup-200ml-Simple-resized-for-web.jpg\",\"contentUrl\":\"https:\\\/\\\/theomm.com\\\/wp-content\\\/uploads\\\/2022\\\/10\\\/OG013-Ultra-Flexi-Cup-200ml-Simple-resized-for-web.jpg\",\"width\":600,\"height\":600},{\"@type\":\"BreadcrumbList\",\"@id\":\"https:\\\/\\\/theomm.com\\\/product\\\/ultra-flexi-cup-200ml\\\/#breadcrumb\",\"itemListElement\":[{\"@type\":\"ListItem\",\"position\":1,\"name\":\"Home\",\"item\":\"https:\\\/\\\/theomm.com\\\/sv\\\/original-mountain-marathon\\\/\"},{\"@type\":\"ListItem\",\"position\":2,\"name\":\"Produkter\",\"item\":\"https:\\\/\\\/theomm.com\\\/sv\\\/original-mountain-marathon\\\/produkter\\\/\"},{\"@type\":\"ListItem\",\"position\":3,\"name\":\"Ultra Flexi Cup 200ml\"}]},{\"@type\":\"WebSite\",\"@id\":\"https:\\\/\\\/theomm.com\\\/#website\",\"url\":\"https:\\\/\\\/theomm.com\\\/\",\"name\":\"OMM\",\"description\":\"OMM is Technical clothing and equipment made for running in the mountains. Designed to the specifications of Original Mountain Marathon.\",\"alternateName\":\"Original Mountain Marathon\",\"potentialAction\":[{\"@type\":\"SearchAction\",\"target\":{\"@type\":\"EntryPoint\",\"urlTemplate\":\"https:\\\/\\\/theomm.com\\\/?s={search_term_string}\"},\"query-input\":{\"@type\":\"PropertyValueSpecification\",\"valueRequired\":true,\"valueName\":\"search_term_string\"}}],\"inLanguage\":\"sv-SE\"}]}<\/script>\n<!-- \/ Yoast SEO plugin. -->","yoast_head_json":{"title":"Ultra Flexi Cup 200ml - OMM","description":"The Ultra Flexi Cup 200Ml, Folding Cup For Drinking On The Go Or At Camp. Perfect for Ultra Marathons and Long Trail Races.","robots":{"index":"index","follow":"follow","max-snippet":"max-snippet:-1","max-image-preview":"max-image-preview:large","max-video-preview":"max-video-preview:-1"},"canonical":"https:\/\/theomm.com\/product\/ultra-flexi-cup-200ml\/","og_locale":"sv_SE","og_type":"article","og_title":"Ultra Flexi Cup 200ml - OMM","og_description":"The Ultra Flexi Cup 200Ml, Folding Cup For Drinking On The Go Or At Camp. Perfect for Ultra Marathons and Long Trail Races.","og_url":"https:\/\/theomm.com\/product\/ultra-flexi-cup-200ml\/","og_site_name":"OMM","article_publisher":"https:\/\/www.facebook.com\/OMMrunning?_ga=2.203172945.1541616462.1665402953-280172632.1649426001","article_modified_time":"2025-09-10T17:04:14+00:00","og_image":[{"width":600,"height":600,"url":"https:\/\/theomm.com\/wp-content\/uploads\/2022\/10\/OG013-Ultra-Flexi-Cup-200ml-Simple-resized-for-web.jpg","type":"image\/jpeg"}],"twitter_card":"summary_large_image","twitter_misc":{"Ber\u00e4knad l\u00e4stid":"1 minute"},"schema":{"@context":"https:\/\/schema.org","@graph":[{"@type":"WebPage","@id":"https:\/\/theomm.com\/product\/ultra-flexi-cup-200ml\/","url":"https:\/\/theomm.com\/product\/ultra-flexi-cup-200ml\/","name":"Ultra Flexi Cup 200ml - OMM","isPartOf":{"@id":"https:\/\/theomm.com\/#website"},"primaryImageOfPage":{"@id":"https:\/\/theomm.com\/product\/ultra-flexi-cup-200ml\/#primaryimage"},"image":{"@id":"https:\/\/theomm.com\/product\/ultra-flexi-cup-200ml\/#primaryimage"},"thumbnailUrl":"https:\/\/theomm.com\/wp-content\/uploads\/2022\/10\/OG013-Ultra-Flexi-Cup-200ml-Simple-resized-for-web.jpg","datePublished":"2019-03-16T10:44:15+00:00","dateModified":"2025-09-10T17:04:14+00:00","description":"The Ultra Flexi Cup 200Ml, Folding Cup For Drinking On The Go Or At Camp. Perfect for Ultra Marathons and Long Trail Races.","breadcrumb":{"@id":"https:\/\/theomm.com\/product\/ultra-flexi-cup-200ml\/#breadcrumb"},"inLanguage":"sv-SE","potentialAction":[{"@type":"ReadAction","target":["https:\/\/theomm.com\/product\/ultra-flexi-cup-200ml\/"]}]},{"@type":"ImageObject","inLanguage":"sv-SE","@id":"https:\/\/theomm.com\/product\/ultra-flexi-cup-200ml\/#primaryimage","url":"https:\/\/theomm.com\/wp-content\/uploads\/2022\/10\/OG013-Ultra-Flexi-Cup-200ml-Simple-resized-for-web.jpg","contentUrl":"https:\/\/theomm.com\/wp-content\/uploads\/2022\/10\/OG013-Ultra-Flexi-Cup-200ml-Simple-resized-for-web.jpg","width":600,"height":600},{"@type":"BreadcrumbList","@id":"https:\/\/theomm.com\/product\/ultra-flexi-cup-200ml\/#breadcrumb","itemListElement":[{"@type":"ListItem","position":1,"name":"Home","item":"https:\/\/theomm.com\/sv\/original-mountain-marathon\/"},{"@type":"ListItem","position":2,"name":"Produkter","item":"https:\/\/theomm.com\/sv\/original-mountain-marathon\/produkter\/"},{"@type":"ListItem","position":3,"name":"Ultra Flexi Cup 200ml"}]},{"@type":"WebSite","@id":"https:\/\/theomm.com\/#website","url":"https:\/\/theomm.com\/","name":"OMM","description":"OMM is Technical clothing and equipment made for running in the mountains. Designed to the specifications of Original Mountain Marathon.","alternateName":"Original Mountain Marathon","potentialAction":[{"@type":"SearchAction","target":{"@type":"EntryPoint","urlTemplate":"https:\/\/theomm.com\/?s={search_term_string}"},"query-input":{"@type":"PropertyValueSpecification","valueRequired":true,"valueName":"search_term_string"}}],"inLanguage":"sv-SE"}]}},"_links":{"self":[{"href":"https:\/\/theomm.com\/sv\/wp-json\/wp\/v2\/product\/184418","targetHints":{"allow":["GET"]}}],"collection":[{"href":"https:\/\/theomm.com\/sv\/wp-json\/wp\/v2\/product"}],"about":[{"href":"https:\/\/theomm.com\/sv\/wp-json\/wp\/v2\/types\/product"}],"wp:featuredmedia":[{"embeddable":true,"href":"https:\/\/theomm.com\/sv\/wp-json\/wp\/v2\/media\/153865"}],"wp:attachment":[{"href":"https:\/\/theomm.com\/sv\/wp-json\/wp\/v2\/media?parent=184418"}],"wp:term":[{"taxonomy":"locations","embeddable":true,"href":"https:\/\/theomm.com\/sv\/wp-json\/wp\/v2\/locations?post=184418"},{"taxonomy":"product_brand","embeddable":true,"href":"https:\/\/theomm.com\/sv\/wp-json\/wp\/v2\/product_brand?post=184418"},{"taxonomy":"product_cat","embeddable":true,"href":"https:\/\/theomm.com\/sv\/wp-json\/wp\/v2\/product_cat?post=184418"},{"taxonomy":"product_tag","embeddable":true,"href":"https:\/\/theomm.com\/sv\/wp-json\/wp\/v2\/product_tag?post=184418"}],"curies":[{"name":"wp","href":"https:\/\/api.w.org\/{rel}","templated":true}]}}