{"id":184438,"date":"2018-03-16T10:41:12","date_gmt":"2018-03-16T10:41:12","guid":{"rendered":"https:\/\/theomm.com\/product\/swift-arm-warmers-2\/"},"modified":"2026-02-11T11:32:49","modified_gmt":"2026-02-11T11:32:49","slug":"swift-arm-warmers-2","status":"publish","type":"product","link":"https:\/\/theomm.com\/sv\/product\/swift-arm-warmers-2\/","title":{"rendered":"Swift Arm Warmers"},"content":{"rendered":"<p>Swift Arm Warmers &#8211; Stretchiga armv\u00e4rmare erbjuder ett l\u00e4tt alternativ f\u00f6r extra v\u00e4rme vid behov. Swift Arm Warmers kan snabbt l\u00e4ggas till p\u00e5 en kort\u00e4rmad tr\u00f6ja n\u00e4r du n\u00e5r en topp och stoppas undan n\u00e4r det \u00e4r varmare. Swift Arm Warmers har en tum\u00f6gla som ger extra skydd f\u00f6r knogarna och baksidan av handen. Stretch Polyamide (18% Lycra) garnv\u00e4v \u00e4r h\u00f6gveckande \u00e4ven om den inte k\u00e4nns sval med 4-v\u00e4gs stretch och god h\u00e5llbarhet.<\/p>\n<p>STRETCH ARMV\u00c4RMARE MED TUMRINGAR<\/p>\n<ul>\n<li>4-v\u00e4gs stretch<\/li>\n<li>Plattlocks\u00f6mmar<\/li>\n<li>Silikongreppremsa p\u00e5 armen<\/li>\n<li>H\u00f6gveckande<\/li>\n<li>Tum\u00f6gla<\/li>\n<li>Reflexlogotyp<\/li>\n<\/ul>\n<p>F\u00e4rger: Svart\/Orange Tyg: Stretch Polyamid Vikt: 60g (par) Storlekar: S\/M, L\/XL<\/p>\n<p>V\u00e5r l\u00e4tta kl\u00e4der och utrustning \u00e4r speciellt utformad f\u00f6r behoven hos bergs l\u00f6pare, med specifikationer direkt h\u00e4mtade fr\u00e5n erfarenheter p\u00e5 Original Mountain Marathon.<\/p>\n<p>En 2-dagars resa genom n\u00e5gra av Storbritanniens tuffaste terr\u00e4ng, h\u00e5llen i slutet av varje oktober sedan 1968, f\u00f6r att s\u00e4kerst\u00e4lla utmanande v\u00e4derf\u00f6rh\u00e5llanden. Ett test av bergs hantverk och motst\u00e5ndskraft, &#8216;The OMM&#8217; erk\u00e4nns som standarden f\u00f6r bergs utmaningar.<\/p>\n<p>De h\u00f6ga kraven p\u00e5 evenemanget forts\u00e4tter att p\u00e5verka designen och funktionerna i v\u00e5r kl\u00e4dsel, vilket i sin tur anv\u00e4nds i n\u00e5gra av de tuffaste evenemangen och sv\u00e5raste utmaningarna v\u00e4rlden \u00f6ver.<\/p>\n<p>Lita p\u00e5 av bergs idrottare och yrkesm\u00e4nniskor i decennier, OMM-sortimentet \u00e4r den perfekta f\u00f6ljeslagaren f\u00f6r ditt n\u00e4sta \u00e4ventyr.<\/p>\n","protected":false},"excerpt":{"rendered":"<p>Stretcharmv\u00e4rmare erbjuder ett l\u00e4tt alternativ f\u00f6r extra v\u00e4rme n\u00e4r det beh\u00f6vs. Swift Arm Warmers kan snabbt l\u00e4ggas till p\u00e5 en kort\u00e4rmad tr\u00f6ja n\u00e4r du n\u00e5r en topp och stoppas undan n\u00e4r det \u00e4r varmare. Swift Arm Warmers har en tum\u00f6gla som ger extra skydd f\u00f6r knogarna och baksidan av handen. Stretch Polyamide (18% Lycra) garnv\u00e4v \u00e4r h\u00f6gveckande \u00e4ven om den inte k\u00e4nns sval med 4-v\u00e4gs stretch och god h\u00e5llbarhet.<\/p>\n","protected":false},"featured_media":151485,"template":"","meta":{"_acf_changed":false,"_et_pb_use_builder":"","_et_pb_old_content":"","_et_gb_content_width":""},"locations":[],"product_brand":[],"product_cat":[1272],"product_tag":[2647],"class_list":{"0":"post-184438","1":"product","2":"type-product","3":"status-publish","4":"has-post-thumbnail","6":"product_cat-klader","7":"product_tag-running-arm-warmers-sv","8":"pa_color-svart","9":"pa_colour-svart","10":"pa_gender-mens-sv","11":"pa_gender-womens-sv","12":"pa_size-stor-sv","13":"pa_size-sma","14":"pa_weight-0-50g","16":"first","17":"instock","18":"taxable","19":"shipping-taxable","20":"purchasable","21":"product-type-variable","22":"wvs-archive-product-wrapper"},"acf":[],"yoast_head":"<!-- This site is optimized with the Yoast SEO plugin v27.3 - https:\/\/yoast.com\/product\/yoast-seo-wordpress\/ -->\n<title>Swift Arm Warmers - OMM<\/title>\n<meta name=\"description\" content=\"The Swift Arm Warmers, Stretch Arm Warmers With Thumbloops. Ideal For Those Cold Fell Runs\/ Races, Where A Little Bit More Is Required\" \/>\n<meta name=\"robots\" content=\"index, follow, max-snippet:-1, max-image-preview:large, max-video-preview:-1\" \/>\n<link rel=\"canonical\" href=\"https:\/\/theomm.com\/sv\/product\/swift-arm-warmers-2\/\" \/>\n<meta property=\"og:locale\" content=\"sv_SE\" \/>\n<meta property=\"og:type\" content=\"article\" \/>\n<meta property=\"og:title\" content=\"Swift Arm Warmers - OMM\" \/>\n<meta property=\"og:description\" content=\"The Swift Arm Warmers, Stretch Arm Warmers With Thumbloops. Ideal For Those Cold Fell Runs\/ Races, Where A Little Bit More Is Required\" \/>\n<meta property=\"og:url\" content=\"https:\/\/theomm.com\/sv\/product\/swift-arm-warmers-2\/\" \/>\n<meta property=\"og:site_name\" content=\"OMM\" \/>\n<meta property=\"article:publisher\" content=\"https:\/\/www.facebook.com\/OMMrunning?_ga=2.203172945.1541616462.1665402953-280172632.1649426001\" \/>\n<meta property=\"article:modified_time\" content=\"2026-02-11T11:32:49+00:00\" \/>\n<meta property=\"og:image\" content=\"https:\/\/theomm.com\/wp-content\/uploads\/2022\/09\/oc037-swift-arm-warmers-1.jpg\" \/>\n\t<meta property=\"og:image:width\" content=\"600\" \/>\n\t<meta property=\"og:image:height\" content=\"600\" \/>\n\t<meta property=\"og:image:type\" content=\"image\/jpeg\" \/>\n<meta name=\"twitter:card\" content=\"summary_large_image\" \/>\n<meta name=\"twitter:label1\" content=\"Ber\u00e4knad l\u00e4stid\" \/>\n\t<meta name=\"twitter:data1\" content=\"1 minute\" \/>\n<script type=\"application\/ld+json\" class=\"yoast-schema-graph\">{\"@context\":\"https:\\\/\\\/schema.org\",\"@graph\":[{\"@type\":\"WebPage\",\"@id\":\"https:\\\/\\\/theomm.com\\\/sv\\\/product\\\/swift-arm-warmers-2\\\/\",\"url\":\"https:\\\/\\\/theomm.com\\\/sv\\\/product\\\/swift-arm-warmers-2\\\/\",\"name\":\"Swift Arm Warmers - OMM\",\"isPartOf\":{\"@id\":\"https:\\\/\\\/theomm.com\\\/#website\"},\"primaryImageOfPage\":{\"@id\":\"https:\\\/\\\/theomm.com\\\/sv\\\/product\\\/swift-arm-warmers-2\\\/#primaryimage\"},\"image\":{\"@id\":\"https:\\\/\\\/theomm.com\\\/sv\\\/product\\\/swift-arm-warmers-2\\\/#primaryimage\"},\"thumbnailUrl\":\"https:\\\/\\\/theomm.com\\\/wp-content\\\/uploads\\\/2022\\\/09\\\/oc037-swift-arm-warmers-1.jpg\",\"datePublished\":\"2018-03-16T10:41:12+00:00\",\"dateModified\":\"2026-02-11T11:32:49+00:00\",\"description\":\"The Swift Arm Warmers, Stretch Arm Warmers With Thumbloops. Ideal For Those Cold Fell Runs\\\/ Races, Where A Little Bit More Is Required\",\"breadcrumb\":{\"@id\":\"https:\\\/\\\/theomm.com\\\/sv\\\/product\\\/swift-arm-warmers-2\\\/#breadcrumb\"},\"inLanguage\":\"sv-SE\",\"potentialAction\":[{\"@type\":\"ReadAction\",\"target\":[\"https:\\\/\\\/theomm.com\\\/sv\\\/product\\\/swift-arm-warmers-2\\\/\"]}]},{\"@type\":\"ImageObject\",\"inLanguage\":\"sv-SE\",\"@id\":\"https:\\\/\\\/theomm.com\\\/sv\\\/product\\\/swift-arm-warmers-2\\\/#primaryimage\",\"url\":\"https:\\\/\\\/theomm.com\\\/wp-content\\\/uploads\\\/2022\\\/09\\\/oc037-swift-arm-warmers-1.jpg\",\"contentUrl\":\"https:\\\/\\\/theomm.com\\\/wp-content\\\/uploads\\\/2022\\\/09\\\/oc037-swift-arm-warmers-1.jpg\",\"width\":600,\"height\":600},{\"@type\":\"BreadcrumbList\",\"@id\":\"https:\\\/\\\/theomm.com\\\/sv\\\/product\\\/swift-arm-warmers-2\\\/#breadcrumb\",\"itemListElement\":[{\"@type\":\"ListItem\",\"position\":1,\"name\":\"Home\",\"item\":\"https:\\\/\\\/theomm.com\\\/sv\\\/original-mountain-marathon\\\/\"},{\"@type\":\"ListItem\",\"position\":2,\"name\":\"Produkter\",\"item\":\"https:\\\/\\\/theomm.com\\\/sv\\\/original-mountain-marathon\\\/produkter\\\/\"},{\"@type\":\"ListItem\",\"position\":3,\"name\":\"Swift Arm Warmers\"}]},{\"@type\":\"WebSite\",\"@id\":\"https:\\\/\\\/theomm.com\\\/#website\",\"url\":\"https:\\\/\\\/theomm.com\\\/\",\"name\":\"OMM\",\"description\":\"OMM is Technical clothing and equipment made for running in the mountains. Designed to the specifications of Original Mountain Marathon.\",\"alternateName\":\"Original Mountain Marathon\",\"potentialAction\":[{\"@type\":\"SearchAction\",\"target\":{\"@type\":\"EntryPoint\",\"urlTemplate\":\"https:\\\/\\\/theomm.com\\\/?s={search_term_string}\"},\"query-input\":{\"@type\":\"PropertyValueSpecification\",\"valueRequired\":true,\"valueName\":\"search_term_string\"}}],\"inLanguage\":\"sv-SE\"}]}<\/script>\n<!-- \/ Yoast SEO plugin. -->","yoast_head_json":{"title":"Swift Arm Warmers - OMM","description":"The Swift Arm Warmers, Stretch Arm Warmers With Thumbloops. Ideal For Those Cold Fell Runs\/ Races, Where A Little Bit More Is Required","robots":{"index":"index","follow":"follow","max-snippet":"max-snippet:-1","max-image-preview":"max-image-preview:large","max-video-preview":"max-video-preview:-1"},"canonical":"https:\/\/theomm.com\/sv\/product\/swift-arm-warmers-2\/","og_locale":"sv_SE","og_type":"article","og_title":"Swift Arm Warmers - OMM","og_description":"The Swift Arm Warmers, Stretch Arm Warmers With Thumbloops. Ideal For Those Cold Fell Runs\/ Races, Where A Little Bit More Is Required","og_url":"https:\/\/theomm.com\/sv\/product\/swift-arm-warmers-2\/","og_site_name":"OMM","article_publisher":"https:\/\/www.facebook.com\/OMMrunning?_ga=2.203172945.1541616462.1665402953-280172632.1649426001","article_modified_time":"2026-02-11T11:32:49+00:00","og_image":[{"width":600,"height":600,"url":"https:\/\/theomm.com\/wp-content\/uploads\/2022\/09\/oc037-swift-arm-warmers-1.jpg","type":"image\/jpeg"}],"twitter_card":"summary_large_image","twitter_misc":{"Ber\u00e4knad l\u00e4stid":"1 minute"},"schema":{"@context":"https:\/\/schema.org","@graph":[{"@type":"WebPage","@id":"https:\/\/theomm.com\/sv\/product\/swift-arm-warmers-2\/","url":"https:\/\/theomm.com\/sv\/product\/swift-arm-warmers-2\/","name":"Swift Arm Warmers - OMM","isPartOf":{"@id":"https:\/\/theomm.com\/#website"},"primaryImageOfPage":{"@id":"https:\/\/theomm.com\/sv\/product\/swift-arm-warmers-2\/#primaryimage"},"image":{"@id":"https:\/\/theomm.com\/sv\/product\/swift-arm-warmers-2\/#primaryimage"},"thumbnailUrl":"https:\/\/theomm.com\/wp-content\/uploads\/2022\/09\/oc037-swift-arm-warmers-1.jpg","datePublished":"2018-03-16T10:41:12+00:00","dateModified":"2026-02-11T11:32:49+00:00","description":"The Swift Arm Warmers, Stretch Arm Warmers With Thumbloops. Ideal For Those Cold Fell Runs\/ Races, Where A Little Bit More Is Required","breadcrumb":{"@id":"https:\/\/theomm.com\/sv\/product\/swift-arm-warmers-2\/#breadcrumb"},"inLanguage":"sv-SE","potentialAction":[{"@type":"ReadAction","target":["https:\/\/theomm.com\/sv\/product\/swift-arm-warmers-2\/"]}]},{"@type":"ImageObject","inLanguage":"sv-SE","@id":"https:\/\/theomm.com\/sv\/product\/swift-arm-warmers-2\/#primaryimage","url":"https:\/\/theomm.com\/wp-content\/uploads\/2022\/09\/oc037-swift-arm-warmers-1.jpg","contentUrl":"https:\/\/theomm.com\/wp-content\/uploads\/2022\/09\/oc037-swift-arm-warmers-1.jpg","width":600,"height":600},{"@type":"BreadcrumbList","@id":"https:\/\/theomm.com\/sv\/product\/swift-arm-warmers-2\/#breadcrumb","itemListElement":[{"@type":"ListItem","position":1,"name":"Home","item":"https:\/\/theomm.com\/sv\/original-mountain-marathon\/"},{"@type":"ListItem","position":2,"name":"Produkter","item":"https:\/\/theomm.com\/sv\/original-mountain-marathon\/produkter\/"},{"@type":"ListItem","position":3,"name":"Swift Arm Warmers"}]},{"@type":"WebSite","@id":"https:\/\/theomm.com\/#website","url":"https:\/\/theomm.com\/","name":"OMM","description":"OMM is Technical clothing and equipment made for running in the mountains. Designed to the specifications of Original Mountain Marathon.","alternateName":"Original Mountain Marathon","potentialAction":[{"@type":"SearchAction","target":{"@type":"EntryPoint","urlTemplate":"https:\/\/theomm.com\/?s={search_term_string}"},"query-input":{"@type":"PropertyValueSpecification","valueRequired":true,"valueName":"search_term_string"}}],"inLanguage":"sv-SE"}]}},"_links":{"self":[{"href":"https:\/\/theomm.com\/sv\/wp-json\/wp\/v2\/product\/184438","targetHints":{"allow":["GET"]}}],"collection":[{"href":"https:\/\/theomm.com\/sv\/wp-json\/wp\/v2\/product"}],"about":[{"href":"https:\/\/theomm.com\/sv\/wp-json\/wp\/v2\/types\/product"}],"wp:featuredmedia":[{"embeddable":true,"href":"https:\/\/theomm.com\/sv\/wp-json\/wp\/v2\/media\/151485"}],"wp:attachment":[{"href":"https:\/\/theomm.com\/sv\/wp-json\/wp\/v2\/media?parent=184438"}],"wp:term":[{"taxonomy":"locations","embeddable":true,"href":"https:\/\/theomm.com\/sv\/wp-json\/wp\/v2\/locations?post=184438"},{"taxonomy":"product_brand","embeddable":true,"href":"https:\/\/theomm.com\/sv\/wp-json\/wp\/v2\/product_brand?post=184438"},{"taxonomy":"product_cat","embeddable":true,"href":"https:\/\/theomm.com\/sv\/wp-json\/wp\/v2\/product_cat?post=184438"},{"taxonomy":"product_tag","embeddable":true,"href":"https:\/\/theomm.com\/sv\/wp-json\/wp\/v2\/product_tag?post=184438"}],"curies":[{"name":"wp","href":"https:\/\/api.w.org\/{rel}","templated":true}]}}