{"id":184579,"date":"2021-03-16T10:40:55","date_gmt":"2021-03-16T10:40:55","guid":{"rendered":"https:\/\/theomm.com\/product\/rotor-vest-2\/"},"modified":"2025-12-16T14:20:12","modified_gmt":"2025-12-16T14:20:12","slug":"rotor-vest-2","status":"publish","type":"product","link":"https:\/\/theomm.com\/sv\/product\/rotor-vest-2\/","title":{"rendered":"Rotor Vest"},"content":{"rendered":"<p>The Rotor Vest anv\u00e4nder samma PrimaLoft\u00ae Gold-isolering som v\u00e5ra sovs\u00e4ckar, vilket ger en otrolig v\u00e4rme-till-viktf\u00f6rh\u00e5llande. Med sina 128 g \u00e4r Rotor Vest idealisk som ett lager att snabbt kasta p\u00e5 sig n\u00e4r du n\u00e5r topparna eller som en del av ett lager-system vid kallare temperaturer. Fylld med 40 g PrimaLoft\u00ae Gold med Cross Core med en vind- och vattenavvisande ytterskal och foder f\u00f6r f\u00f6rb\u00e4ttrad skydd. Med en halv dragkedja, integrerad packficka (med mesh-bakgrund s\u00e5 att den kan anv\u00e4ndas f\u00f6r f\u00f6rb\u00e4ttrad ventilation) och fantastisk packstorlek kan detta avskalade lager b\u00e4ras i de minsta ryggs\u00e4ckarna.<\/p>\n<p>ULTRA-L\u00c4TTV\u00c4GTS PRIMALOFT\u00ae ISOLERAD V\u00c4ST PRIMALOFT\u00ae H\u00d6GSTA KVALITET SYNTETISK ISOLERING PrimaLoft\u00ae Gold med Cross Core-teknik \u00e4r den h\u00f6gsta kvaliteten p\u00e5 syntetisk isolering som finns tillg\u00e4nglig. Genom att erbjuda v\u00e4rme utan bulk och isolera \u00e4ven n\u00e4r den \u00e4r bl\u00f6t, \u00e4r den idealisk f\u00f6r de typiskt blandade f\u00f6rh\u00e5llandena som finns i Storbritanniens kullar. VIND- &amp; VATTENRESISTENT OMM-isolering anv\u00e4nder samma yttertyg som v\u00e5ra vindstoppande Sonic Jackets f\u00f6r att ge vind- och vattenbest\u00e4ndighet samtidigt som v\u00e4rmen beh\u00e5lls. Genom att blockera vinden minskar vi den v\u00e4rmes\u00f6kande effekten som tar bort din h\u00e5rt f\u00f6rv\u00e4rvade v\u00e4rme fr\u00e5n kroppen. SUPERPACKBAR &amp; L\u00c4TTVIKTIG Packas in i sin egen ficka f\u00f6r kompakt f\u00f6rvaring. OMM-isolering har det h\u00f6gsta v\u00e4rme-till-viktf\u00f6rh\u00e5llandet f\u00f6r syntetisk isolering genom att anv\u00e4nda den b\u00e4sta kvaliteten PrimaLoft\u00ae kombinerat med v\u00e5rt ultral\u00e4tta ytterlager.<\/p>\n<p>Vindt\u00e4t Isolerar \u00e4ven om den \u00e4r v\u00e5t L\u00f6st ytterskal PrimaLoft\u00ae Gold med Cross Core 40 g\/m2 PrimaLoft\u00ae Luxe l\u00f6st fyllt kragefack f\u00f6r att skapa en effektiv t\u00e4tning YKK-br\u00f6st dragkedja med vindsl\u00e5 bakom Inlineficka med dragkedja Snodd i nederkant F\u00e4rger: Svart, Bl\u00e5, Gr\u00e5 Material: PointZero PrimaLoft\u00ae Gold 40g Vikt: 128 g Storlekar: XS \/ S \/ M \/ L \/ XL<\/p>\n","protected":false},"excerpt":{"rendered":"<p>Rotor Vest anv\u00e4nder samma PrimaLoft\u00ae Gold-isolering som v\u00e5ra sovs\u00e4ckar, vilket ger dig en otrolig v\u00e4rme-till-viktf\u00f6rh\u00e5llande. Vid 128 g \u00e4r Rotor Vest idealisk som ett lager att snabbt kasta p\u00e5 dig n\u00e4r du n\u00e5r topparna eller som en del av ett lager-system i kallare temperaturer. Fylld med 40 g PrimaLoft\u00ae Gold med Cross Core med ett ytter- och foder i vind- och vattenresistent material f\u00f6r f\u00f6rb\u00e4ttrat skydd. Med en halvl\u00e5ng dragkedja, integrerad packficka (med mesh bakgrund s\u00e5 att den kan anv\u00e4ndas f\u00f6r f\u00f6rb\u00e4ttrad ventilation) och en fantastisk packstorlek, kan detta avskalade lager b\u00e4ras i de minsta ryggs\u00e4ckarna.<\/p>\n","protected":false},"featured_media":152125,"template":"","meta":{"_acf_changed":false,"_et_pb_use_builder":"","_et_pb_old_content":"","_et_gb_content_width":""},"locations":[],"product_brand":[],"product_cat":[1275,1272],"product_tag":[2421,2995,2996,2997,2295,2998,2999,3000,2286],"class_list":{"0":"post-184579","1":"product","2":"type-product","3":"status-publish","4":"has-post-thumbnail","6":"product_cat-isolering-sv","7":"product_cat-klader","8":"product_tag-gilet-sv","9":"product_tag-insulated-gilet","10":"product_tag-insulated-vest","11":"product_tag-omm-rotor-vest","12":"product_tag-omm-vest-sv","13":"product_tag-primaloft-gillet","14":"product_tag-primaloft-vest","15":"product_tag-running-insulation-vest","16":"product_tag-sp-sv","17":"pa_color-bla-sv","18":"pa_color-gra-sv","19":"pa_color-svart","20":"pa_colour-bla-sv","21":"pa_colour-gra-sv","22":"pa_colour-svart","23":"pa_gender-mens-sv","24":"pa_size-stor-sv","25":"pa_size-medium-sv","26":"pa_size-sma","27":"pa_size-x-stor-sv","28":"pa_size-x-sma","29":"pa_technology-point-zero","30":"pa_technology-primaloft-cross-core-gold-eco","31":"pa_weight-100-200g","33":"first","34":"instock","35":"taxable","36":"shipping-taxable","37":"purchasable","38":"product-type-variable","39":"wvs-archive-product-wrapper"},"acf":[],"yoast_head":"<!-- This site is optimized with the Yoast SEO plugin v27.4 - https:\/\/yoast.com\/product\/yoast-seo-wordpress\/ -->\n<title>Rotor Vest - OMM<\/title>\n<meta name=\"description\" content=\"The Rotor Vest, Ultra-Lightweight Primaloft\u00ae Insulated Vest. Highest Quality Synthetic Insulation. Wind &amp; Water Resistant Super Packable &amp; Lightweight\" \/>\n<meta name=\"robots\" content=\"index, follow, max-snippet:-1, max-image-preview:large, max-video-preview:-1\" \/>\n<link rel=\"canonical\" href=\"https:\/\/theomm.com\/sv\/product\/rotor-vest-2\/\" \/>\n<meta property=\"og:locale\" content=\"sv_SE\" \/>\n<meta property=\"og:type\" content=\"article\" \/>\n<meta property=\"og:title\" content=\"Rotor Vest - OMM\" \/>\n<meta property=\"og:description\" content=\"The Rotor Vest, Ultra-Lightweight Primaloft\u00ae Insulated Vest. Highest Quality Synthetic Insulation. Wind &amp; Water Resistant Super Packable &amp; Lightweight\" \/>\n<meta property=\"og:url\" content=\"https:\/\/theomm.com\/sv\/product\/rotor-vest-2\/\" \/>\n<meta property=\"og:site_name\" content=\"OMM\" \/>\n<meta property=\"article:publisher\" content=\"https:\/\/www.facebook.com\/OMMrunning?_ga=2.203172945.1541616462.1665402953-280172632.1649426001\" \/>\n<meta property=\"article:modified_time\" content=\"2025-12-16T14:20:12+00:00\" \/>\n<meta property=\"og:image\" content=\"https:\/\/theomm.com\/wp-content\/uploads\/2022\/10\/AW19__Mens_Rotor_Vest_Update_Blue_Grey_Front.jpg\" \/>\n\t<meta property=\"og:image:width\" content=\"600\" \/>\n\t<meta property=\"og:image:height\" content=\"600\" \/>\n\t<meta property=\"og:image:type\" content=\"image\/jpeg\" \/>\n<meta name=\"twitter:card\" content=\"summary_large_image\" \/>\n<meta name=\"twitter:label1\" content=\"Ber\u00e4knad l\u00e4stid\" \/>\n\t<meta name=\"twitter:data1\" content=\"2 minutes\" \/>\n<script type=\"application\/ld+json\" class=\"yoast-schema-graph\">{\"@context\":\"https:\\\/\\\/schema.org\",\"@graph\":[{\"@type\":\"WebPage\",\"@id\":\"https:\\\/\\\/theomm.com\\\/sv\\\/product\\\/rotor-vest-2\\\/\",\"url\":\"https:\\\/\\\/theomm.com\\\/sv\\\/product\\\/rotor-vest-2\\\/\",\"name\":\"Rotor Vest - OMM\",\"isPartOf\":{\"@id\":\"https:\\\/\\\/theomm.com\\\/#website\"},\"primaryImageOfPage\":{\"@id\":\"https:\\\/\\\/theomm.com\\\/sv\\\/product\\\/rotor-vest-2\\\/#primaryimage\"},\"image\":{\"@id\":\"https:\\\/\\\/theomm.com\\\/sv\\\/product\\\/rotor-vest-2\\\/#primaryimage\"},\"thumbnailUrl\":\"https:\\\/\\\/theomm.com\\\/wp-content\\\/uploads\\\/2022\\\/10\\\/AW19__Mens_Rotor_Vest_Update_Blue_Grey_Front.jpg\",\"datePublished\":\"2021-03-16T10:40:55+00:00\",\"dateModified\":\"2025-12-16T14:20:12+00:00\",\"description\":\"The Rotor Vest, Ultra-Lightweight Primaloft\u00ae Insulated Vest. Highest Quality Synthetic Insulation. Wind & Water Resistant Super Packable & Lightweight\",\"breadcrumb\":{\"@id\":\"https:\\\/\\\/theomm.com\\\/sv\\\/product\\\/rotor-vest-2\\\/#breadcrumb\"},\"inLanguage\":\"sv-SE\",\"potentialAction\":[{\"@type\":\"ReadAction\",\"target\":[\"https:\\\/\\\/theomm.com\\\/sv\\\/product\\\/rotor-vest-2\\\/\"]}]},{\"@type\":\"ImageObject\",\"inLanguage\":\"sv-SE\",\"@id\":\"https:\\\/\\\/theomm.com\\\/sv\\\/product\\\/rotor-vest-2\\\/#primaryimage\",\"url\":\"https:\\\/\\\/theomm.com\\\/wp-content\\\/uploads\\\/2022\\\/10\\\/AW19__Mens_Rotor_Vest_Update_Blue_Grey_Front.jpg\",\"contentUrl\":\"https:\\\/\\\/theomm.com\\\/wp-content\\\/uploads\\\/2022\\\/10\\\/AW19__Mens_Rotor_Vest_Update_Blue_Grey_Front.jpg\",\"width\":600,\"height\":600},{\"@type\":\"BreadcrumbList\",\"@id\":\"https:\\\/\\\/theomm.com\\\/sv\\\/product\\\/rotor-vest-2\\\/#breadcrumb\",\"itemListElement\":[{\"@type\":\"ListItem\",\"position\":1,\"name\":\"Home\",\"item\":\"https:\\\/\\\/theomm.com\\\/sv\\\/original-mountain-marathon\\\/\"},{\"@type\":\"ListItem\",\"position\":2,\"name\":\"Produkter\",\"item\":\"https:\\\/\\\/theomm.com\\\/sv\\\/original-mountain-marathon\\\/produkter\\\/\"},{\"@type\":\"ListItem\",\"position\":3,\"name\":\"Rotor Vest\"}]},{\"@type\":\"WebSite\",\"@id\":\"https:\\\/\\\/theomm.com\\\/#website\",\"url\":\"https:\\\/\\\/theomm.com\\\/\",\"name\":\"OMM\",\"description\":\"OMM is Technical clothing and equipment made for running in the mountains. Designed to the specifications of Original Mountain Marathon.\",\"alternateName\":\"Original Mountain Marathon\",\"potentialAction\":[{\"@type\":\"SearchAction\",\"target\":{\"@type\":\"EntryPoint\",\"urlTemplate\":\"https:\\\/\\\/theomm.com\\\/?s={search_term_string}\"},\"query-input\":{\"@type\":\"PropertyValueSpecification\",\"valueRequired\":true,\"valueName\":\"search_term_string\"}}],\"inLanguage\":\"sv-SE\"}]}<\/script>\n<!-- \/ Yoast SEO plugin. -->","yoast_head_json":{"title":"Rotor Vest - OMM","description":"The Rotor Vest, Ultra-Lightweight Primaloft\u00ae Insulated Vest. Highest Quality Synthetic Insulation. Wind & Water Resistant Super Packable & Lightweight","robots":{"index":"index","follow":"follow","max-snippet":"max-snippet:-1","max-image-preview":"max-image-preview:large","max-video-preview":"max-video-preview:-1"},"canonical":"https:\/\/theomm.com\/sv\/product\/rotor-vest-2\/","og_locale":"sv_SE","og_type":"article","og_title":"Rotor Vest - OMM","og_description":"The Rotor Vest, Ultra-Lightweight Primaloft\u00ae Insulated Vest. Highest Quality Synthetic Insulation. Wind & Water Resistant Super Packable & Lightweight","og_url":"https:\/\/theomm.com\/sv\/product\/rotor-vest-2\/","og_site_name":"OMM","article_publisher":"https:\/\/www.facebook.com\/OMMrunning?_ga=2.203172945.1541616462.1665402953-280172632.1649426001","article_modified_time":"2025-12-16T14:20:12+00:00","og_image":[{"width":600,"height":600,"url":"https:\/\/theomm.com\/wp-content\/uploads\/2022\/10\/AW19__Mens_Rotor_Vest_Update_Blue_Grey_Front.jpg","type":"image\/jpeg"}],"twitter_card":"summary_large_image","twitter_misc":{"Ber\u00e4knad l\u00e4stid":"2 minutes"},"schema":{"@context":"https:\/\/schema.org","@graph":[{"@type":"WebPage","@id":"https:\/\/theomm.com\/sv\/product\/rotor-vest-2\/","url":"https:\/\/theomm.com\/sv\/product\/rotor-vest-2\/","name":"Rotor Vest - OMM","isPartOf":{"@id":"https:\/\/theomm.com\/#website"},"primaryImageOfPage":{"@id":"https:\/\/theomm.com\/sv\/product\/rotor-vest-2\/#primaryimage"},"image":{"@id":"https:\/\/theomm.com\/sv\/product\/rotor-vest-2\/#primaryimage"},"thumbnailUrl":"https:\/\/theomm.com\/wp-content\/uploads\/2022\/10\/AW19__Mens_Rotor_Vest_Update_Blue_Grey_Front.jpg","datePublished":"2021-03-16T10:40:55+00:00","dateModified":"2025-12-16T14:20:12+00:00","description":"The Rotor Vest, Ultra-Lightweight Primaloft\u00ae Insulated Vest. Highest Quality Synthetic Insulation. Wind & Water Resistant Super Packable & Lightweight","breadcrumb":{"@id":"https:\/\/theomm.com\/sv\/product\/rotor-vest-2\/#breadcrumb"},"inLanguage":"sv-SE","potentialAction":[{"@type":"ReadAction","target":["https:\/\/theomm.com\/sv\/product\/rotor-vest-2\/"]}]},{"@type":"ImageObject","inLanguage":"sv-SE","@id":"https:\/\/theomm.com\/sv\/product\/rotor-vest-2\/#primaryimage","url":"https:\/\/theomm.com\/wp-content\/uploads\/2022\/10\/AW19__Mens_Rotor_Vest_Update_Blue_Grey_Front.jpg","contentUrl":"https:\/\/theomm.com\/wp-content\/uploads\/2022\/10\/AW19__Mens_Rotor_Vest_Update_Blue_Grey_Front.jpg","width":600,"height":600},{"@type":"BreadcrumbList","@id":"https:\/\/theomm.com\/sv\/product\/rotor-vest-2\/#breadcrumb","itemListElement":[{"@type":"ListItem","position":1,"name":"Home","item":"https:\/\/theomm.com\/sv\/original-mountain-marathon\/"},{"@type":"ListItem","position":2,"name":"Produkter","item":"https:\/\/theomm.com\/sv\/original-mountain-marathon\/produkter\/"},{"@type":"ListItem","position":3,"name":"Rotor Vest"}]},{"@type":"WebSite","@id":"https:\/\/theomm.com\/#website","url":"https:\/\/theomm.com\/","name":"OMM","description":"OMM is Technical clothing and equipment made for running in the mountains. Designed to the specifications of Original Mountain Marathon.","alternateName":"Original Mountain Marathon","potentialAction":[{"@type":"SearchAction","target":{"@type":"EntryPoint","urlTemplate":"https:\/\/theomm.com\/?s={search_term_string}"},"query-input":{"@type":"PropertyValueSpecification","valueRequired":true,"valueName":"search_term_string"}}],"inLanguage":"sv-SE"}]}},"_links":{"self":[{"href":"https:\/\/theomm.com\/sv\/wp-json\/wp\/v2\/product\/184579","targetHints":{"allow":["GET"]}}],"collection":[{"href":"https:\/\/theomm.com\/sv\/wp-json\/wp\/v2\/product"}],"about":[{"href":"https:\/\/theomm.com\/sv\/wp-json\/wp\/v2\/types\/product"}],"wp:featuredmedia":[{"embeddable":true,"href":"https:\/\/theomm.com\/sv\/wp-json\/wp\/v2\/media\/152125"}],"wp:attachment":[{"href":"https:\/\/theomm.com\/sv\/wp-json\/wp\/v2\/media?parent=184579"}],"wp:term":[{"taxonomy":"locations","embeddable":true,"href":"https:\/\/theomm.com\/sv\/wp-json\/wp\/v2\/locations?post=184579"},{"taxonomy":"product_brand","embeddable":true,"href":"https:\/\/theomm.com\/sv\/wp-json\/wp\/v2\/product_brand?post=184579"},{"taxonomy":"product_cat","embeddable":true,"href":"https:\/\/theomm.com\/sv\/wp-json\/wp\/v2\/product_cat?post=184579"},{"taxonomy":"product_tag","embeddable":true,"href":"https:\/\/theomm.com\/sv\/wp-json\/wp\/v2\/product_tag?post=184579"}],"curies":[{"name":"wp","href":"https:\/\/api.w.org\/{rel}","templated":true}]}}