{"id":184654,"date":"2024-03-18T09:43:24","date_gmt":"2024-03-18T09:43:24","guid":{"rendered":"https:\/\/theomm.com\/product\/mountain-core-smock-2\/"},"modified":"2025-09-10T17:04:25","modified_gmt":"2025-09-10T17:04:25","slug":"mountain-core-smock-2","status":"publish","type":"product","link":"https:\/\/theomm.com\/sv\/product\/mountain-core-smock-2\/","title":{"rendered":"Mountain Core Smock"},"content":{"rendered":"<div class=\"et_pb_module et_pb_text et_pb_text_7_tb_body et_pb_text_align_left et_pb_bg_layout_light\">\n<div class=\"et_pb_text_inner\">\n<div class=\"woocommerce et-dynamic-content-woo et-dynamic-content-woo--product_short_description\">\n<h1 class=\"ewa-rteLine\">MOUNTAIN CORE SMOCK<\/h1>\n<p>Genom att kombinera den revolutionerande PrimaLoft\u00ae Active-isoleringen med v\u00e5rt eget l\u00e4tta och vindresistenta Flexile-skikt \u00e4r Mountain Core Smock en otroligt effektiv isolerande lager som fortfarande ger utm\u00e4rkt andningsf\u00f6rm\u00e5ga under aktiviteter med varierande intensitet. Den stora genomfickan \u00e4r perfekt f\u00f6r att v\u00e4rma h\u00e4nderna f\u00f6re och efter din tidiga morgonl\u00f6pning.<\/p>\n<p>Mountain Core Smock<\/p>\n<div class=\"ewa-rteLine\">\u00a0<\/div>\n<div class=\"ewa-rteLine\">\n<p>PrimaLoft\u00ae Active \u00e4r uppbyggd av ett syntetiskt dun v\u00e4vt genom en stickad mesh, vilket erbjuder v\u00e4rmen fr\u00e5n en fleecefilt men med mindre \u00e4n h\u00e4lften av vikten. Med alla f\u00f6rdelar med syntetisk isolering fungerar Core-produkterna i v\u00e5tt eller torrt med otroliga avledningsegenskaper f\u00f6r att s\u00e4kerst\u00e4lla att du inte f\u00f6rblir bl\u00f6t l\u00e4nge. Genom att anv\u00e4nda 125g\/m2 vikten av PrimaLoft\u00ae Active inneb\u00e4r att 65% av isoleringen \u00e4r h\u00e4mtad fr\u00e5n \u00e5tervunna k\u00e4llor.<\/p>\n<p>Det stretchiga nylon Flexile skalv\u00e4vet har en h\u00f6g grad av vind- och vattenbest\u00e4ndighet samtidigt som det beh\u00e5ller god andningsf\u00f6rm\u00e5ga, perfekt f\u00f6r blandade f\u00f6rh\u00e5llanden.<\/p>\n<p>Kombinera med ett skal i d\u00e5ligt v\u00e4der f\u00f6r att \u00f6ka de isolerande f\u00f6rdelarna och skyddet.<\/p>\n<\/div>\n<\/div>\n<\/div>\n<\/div>\n<div class=\"et_pb_code_inner\">\u00a0<\/div>\n<div>\n<div class=\"et_pb_row et_pb_row_11_tb_body et-show-more-content-2 et_pb_gutters1\">\n<div class=\"et_pb_column et_pb_column_3_5 et_pb_column_15_tb_body et_pb_css_mix_blend_mode_passthrough\">\n<div class=\"et_pb_module et_pb_text et_pb_text_8_tb_body et_pb_text_align_center et_pb_bg_layout_light\">\n<div class=\"et_pb_text_inner\">BREATHABLE INSULATION<\/div>\n<\/div>\n<div class=\"et_pb_module et_pb_text et_pb_text_9_tb_body et_pb_text_align_left et_pb_bg_layout_light\">\n<div class=\"et_pb_text_inner\">\n<p>PrimaLoft\u00ae ACTIVE Insulating Fabric v\u00e4ver PrimaLoft\u00ae-fibrer p\u00e5 en mesh, vilket ger en superh\u00f6g volym och \u00f6ppen struktur. Tyger isolerar genom att f\u00e5nga luftfickor som b\u00e4rarens v\u00e4rme inte kan passera genom. K\u00e4rnstrukturen \u00e4r exceptionell p\u00e5 att skapa dessa fickor. Men \u00f6ppenheten till\u00e5ter ocks\u00e5 en l\u00e4tt bris att st\u00f6ra dessa luftfickor och ta bort isoleringseffekten.<\/p>\n<\/div>\n<\/div>\n<div class=\"et_pb_module et_pb_code et_pb_code_2_tb_body\">\n<div class=\"et_pb_code_inner\">\u00a0<\/div>\n<\/div>\n<\/div>\n<\/div>\n<div class=\"et_pb_row et_pb_row_12_tb_body et-show-more-content-2 et_pb_gutters1\">\n<div class=\"et_pb_column et_pb_column_3_5 et_pb_column_18_tb_body et_pb_css_mix_blend_mode_passthrough et-last-child\">\n<div class=\"et_pb_module et_pb_text et_pb_text_10_tb_body et_pb_text_align_center et_pb_bg_layout_light\">\n<div class=\"et_pb_text_inner\">WARM EVEN WHEN WET<\/div>\n<\/div>\n<div class=\"et_pb_module et_pb_text et_pb_text_11_tb_body et_pb_text_align_left et_pb_bg_layout_light\">\n<div class=\"et_pb_text_inner\">\n<p>Vi v\u00e4ljer alltid syntetisk isolering framf\u00f6r dun f\u00f6r att vara s\u00e4kra p\u00e5 att vi kan h\u00e5lla oss varma \u00e4ven n\u00e4r allt \u00e4r bl\u00f6tt. Vi anser att PrimaLoft\u00ae g\u00f6r den b\u00e4sta syntetiska isoleringen och det \u00e4r d\u00e4rf\u00f6r ett enkelt val f\u00f6r oss. 125g\/m2 PrimaLoft\u00ae ACTIVE anv\u00e4nder 64% \u00e5tervunnet material fr\u00e5n konsumenter, det \u00e4r ocks\u00e5 bluesign- och Oeke-Tex-godk\u00e4nt.<\/p>\n<\/div>\n<\/div>\n<\/div>\n<\/div>\n<div class=\"et_pb_row et_pb_row_13_tb_body et-show-more-content-2 et_pb_gutters1\">\n<div class=\"et_pb_column et_pb_column_3_5 et_pb_column_19_tb_body et_pb_css_mix_blend_mode_passthrough\">\n<div class=\"et_pb_module et_pb_text et_pb_text_12_tb_body et_pb_text_align_center et_pb_bg_layout_light\">\n<div class=\"et_pb_text_inner\">COMFORT &amp; PERFORMANCE<\/div>\n<\/div>\n<div class=\"et_pb_module et_pb_text et_pb_text_13_tb_body et_pb_text_align_left et_pb_bg_layout_light\">\n<div class=\"et_pb_text_inner\">\n<p>Vi kan citera alla prestandasiffror vi vill, men det som verkligen utm\u00e4rker Mountain Core \u00e4r den rena mysigheten. Du kommer att flyga nerf\u00f6r de sista utf\u00f6rsbackarna, med vetskapen om att du f\u00e5r dra p\u00e5 dig den h\u00e4r i slutet av din l\u00f6ptur. Men varnas, det kan vara v\u00e4ldigt sv\u00e5rt att ta av den n\u00e4r du v\u00e4l har krypit ner i den!<\/p>\n<div class=\"et_pb_column et_pb_column_1_2 et_pb_column_22_tb_body pa-inline-text et_pb_css_mix_blend_mode_passthrough\">\n<div class=\"et_pb_module et_pb_text et_pb_text_14_tb_body et_pb_text_align_center et_pb_bg_layout_light\">\n<div class=\"et_pb_text_inner\">\n<p>FEATURES<\/p>\n<\/div>\n<\/div>\n<div class=\"et_pb_module et_pb_text et_pb_text_15_tb_body et_pb_text_align_left et_pb_text_align_center-tablet et_pb_bg_layout_light\">\n<div class=\"et_pb_text_inner\">\n<div class=\"ewa-rteLine\">Stretch-panel Vindresistent Varm n\u00e4r v\u00e5t Stor framficka med fleecefoder som kan v\u00e4ndas ut och anv\u00e4ndas som en fleecekudde Nyckelclip YKK\u00ae kvartsdragkedja<\/div>\n<\/div>\n<\/div>\n<div class=\"et_pb_module et_pb_code et_pb_code_3_tb_body\">\n<div class=\"et_pb_code_inner\">\u00a0<\/div>\n<\/div>\n<\/div>\n<div class=\"et_pb_column et_pb_column_1_2 et_pb_column_23_tb_body pa-inline-text et_pb_css_mix_blend_mode_passthrough et-last-child\">\n<div class=\"et_pb_module et_pb_text et_pb_text_16_tb_body et_pb_text_align_center et_pb_bg_layout_light\">\n<div class=\"et_pb_text_inner\">\n<p>TECHNICAL DETAILS<\/p>\n<\/div>\n<\/div>\n<div class=\"et_pb_module et_pb_text et_pb_text_17_tb_body et_pb_text_align_left et_pb_text_align_center-tablet et_pb_bg_layout_light\">\n<div class=\"et_pb_text_inner\">\n<div class=\"ewa-rteLine\">Stretchpanel Vindresistent V\u00e4rmande \u00e4ven n\u00e4r v\u00e5t Stor framficka med fleecefoder som kan v\u00e4ndas ut och anv\u00e4ndas som en fleecekudde Nyckelclip YKK\u00ae kvartsdragkedja<\/div>\n<\/div>\n<\/div>\n<\/div>\n<\/div>\n<\/div>\n<\/div>\n<\/div>\n<\/div>\n","protected":false},"excerpt":{"rendered":"<p>Genom att kombinera den revolutionerande PrimaLoft\u00ae Active-isoleringen med v\u00e5rt eget l\u00e4tta och vindresistenta Flexile-skikt \u00e4r Mountain Core Smock ett otroligt effektivt isolerande lager som fortfarande ger utm\u00e4rkt andningsf\u00f6rm\u00e5ga under aktiviteter med varierande intensitet. Den stora genomfickan \u00e4r den perfekta handv\u00e4rmaren f\u00f6re och efter din tidiga morgonl\u00f6pning.<\/p>\n<p>PrimaLoft\u00ae Active \u00e4r uppbyggt av ett syntetiskt dun v\u00e4vt genom en stickad mesh, vilket erbjuder v\u00e4rmen fr\u00e5n en fleecefilt men med mindre \u00e4n h\u00e4lften av vikten. Med alla f\u00f6rdelar med syntetisk isolering fungerar Core-produkterna i v\u00e5tt eller torrt med otroliga avledningsegenskaper f\u00f6r att s\u00e4kerst\u00e4lla att du inte f\u00f6rblir bl\u00f6t l\u00e4nge. Genom att anv\u00e4nda 125g\/m2 vikten av PrimaLoft\u00ae Active inneb\u00e4r att 65% av isoleringen \u00e4r h\u00e4mtad fr\u00e5n \u00e5tervunna k\u00e4llor.<\/p>\n<p>Det stretchiga nylon Flexile skalv\u00e4vet har en h\u00f6g grad av vind- och vattenbest\u00e4ndighet samtidigt som det beh\u00e5ller god andningsf\u00f6rm\u00e5ga, perfekt f\u00f6r blandade f\u00f6rh\u00e5llanden.<\/p>\n<p>Kombinera med ett skal i d\u00e5ligt v\u00e4der f\u00f6r att \u00f6ka de isolerande f\u00f6rdelarna och skyddet.<\/p>\n","protected":false},"featured_media":178851,"template":"","meta":{"_acf_changed":false,"_et_pb_use_builder":"","_et_pb_old_content":"","_et_gb_content_width":""},"locations":[1195,1196],"product_brand":[],"product_cat":[1279,1275,1272,2457],"product_tag":[2306,2377,2542,2378,2394,2543],"class_list":{"0":"post-184654","1":"product","2":"type-product","3":"status-publish","4":"has-post-thumbnail","6":"locations-eu","7":"locations-uk","8":"product_cat-core-sv","9":"product_cat-isolering-sv","10":"product_cat-klader","11":"product_cat-produkter-och-utrustning","12":"product_tag-core-sv","13":"product_tag-insulation-sv","14":"product_tag-mountain-marathon-sv","15":"product_tag-primaloft-sv","16":"product_tag-primaloft-active-sv","17":"product_tag-winter-running-sv","18":"pa_color-bla-sv","19":"pa_color-morkrod","20":"pa_color-rod-sv","21":"pa_color-svart","22":"pa_colour-bla-sv","23":"pa_colour-morkrod","24":"pa_colour-svart","25":"pa_gender-mens-sv","26":"pa_size-stor-sv","27":"pa_size-medium-sv","28":"pa_size-sma","29":"pa_size-x-stor-sv","30":"pa_size-x-sma","31":"pa_technology-primaloft-active","32":"pa_weight-300-400g","34":"first","35":"instock","36":"taxable","37":"shipping-taxable","38":"purchasable","39":"product-type-variable","40":"wvs-archive-product-wrapper"},"acf":[],"yoast_head":"<!-- This site is optimized with the Yoast SEO plugin v27.4 - https:\/\/yoast.com\/product\/yoast-seo-wordpress\/ -->\n<title>Mountain Core Smock - OMM<\/title>\n<meta name=\"description\" content=\"Combining revolutionary PrimaLoft\u00ae Active insulation with a lightweight and wind-resistant shell, the Mountain Core Smock is your new favourite warm piece\" \/>\n<meta name=\"robots\" content=\"index, follow, max-snippet:-1, max-image-preview:large, max-video-preview:-1\" \/>\n<link rel=\"canonical\" href=\"https:\/\/theomm.com\/sv\/product\/mountain-core-smock-2\/\" \/>\n<meta property=\"og:locale\" content=\"sv_SE\" \/>\n<meta property=\"og:type\" content=\"article\" \/>\n<meta property=\"og:title\" content=\"Mountain Core Smock - OMM\" \/>\n<meta property=\"og:description\" content=\"Combining revolutionary PrimaLoft\u00ae Active insulation with a lightweight and wind-resistant shell, the Mountain Core Smock is your new favourite warm piece\" \/>\n<meta property=\"og:url\" content=\"https:\/\/theomm.com\/sv\/product\/mountain-core-smock-2\/\" \/>\n<meta property=\"og:site_name\" content=\"OMM\" \/>\n<meta property=\"article:publisher\" content=\"https:\/\/www.facebook.com\/OMMrunning?_ga=2.203172945.1541616462.1665402953-280172632.1649426001\" \/>\n<meta property=\"article:modified_time\" content=\"2025-09-10T17:04:25+00:00\" \/>\n<meta property=\"og:image\" content=\"https:\/\/theomm.com\/wp-content\/uploads\/2024\/01\/OC192_Mountain_Core_Smock_Dark_Red_Front.jpg\" \/>\n\t<meta property=\"og:image:width\" content=\"1000\" \/>\n\t<meta property=\"og:image:height\" content=\"1000\" \/>\n\t<meta property=\"og:image:type\" content=\"image\/jpeg\" \/>\n<meta name=\"twitter:card\" content=\"summary_large_image\" \/>\n<meta name=\"twitter:label1\" content=\"Ber\u00e4knad l\u00e4stid\" \/>\n\t<meta name=\"twitter:data1\" content=\"2 minutes\" \/>\n<script type=\"application\/ld+json\" class=\"yoast-schema-graph\">{\"@context\":\"https:\\\/\\\/schema.org\",\"@graph\":[{\"@type\":\"WebPage\",\"@id\":\"https:\\\/\\\/theomm.com\\\/sv\\\/product\\\/mountain-core-smock-2\\\/\",\"url\":\"https:\\\/\\\/theomm.com\\\/sv\\\/product\\\/mountain-core-smock-2\\\/\",\"name\":\"Mountain Core Smock - OMM\",\"isPartOf\":{\"@id\":\"https:\\\/\\\/theomm.com\\\/#website\"},\"primaryImageOfPage\":{\"@id\":\"https:\\\/\\\/theomm.com\\\/sv\\\/product\\\/mountain-core-smock-2\\\/#primaryimage\"},\"image\":{\"@id\":\"https:\\\/\\\/theomm.com\\\/sv\\\/product\\\/mountain-core-smock-2\\\/#primaryimage\"},\"thumbnailUrl\":\"https:\\\/\\\/theomm.com\\\/wp-content\\\/uploads\\\/2024\\\/01\\\/OC192_Mountain_Core_Smock_Dark_Red_Front.jpg\",\"datePublished\":\"2024-03-18T09:43:24+00:00\",\"dateModified\":\"2025-09-10T17:04:25+00:00\",\"description\":\"Combining revolutionary PrimaLoft\u00ae Active insulation with a lightweight and wind-resistant shell, the Mountain Core Smock is your new favourite warm piece\",\"breadcrumb\":{\"@id\":\"https:\\\/\\\/theomm.com\\\/sv\\\/product\\\/mountain-core-smock-2\\\/#breadcrumb\"},\"inLanguage\":\"sv-SE\",\"potentialAction\":[{\"@type\":\"ReadAction\",\"target\":[\"https:\\\/\\\/theomm.com\\\/sv\\\/product\\\/mountain-core-smock-2\\\/\"]}]},{\"@type\":\"ImageObject\",\"inLanguage\":\"sv-SE\",\"@id\":\"https:\\\/\\\/theomm.com\\\/sv\\\/product\\\/mountain-core-smock-2\\\/#primaryimage\",\"url\":\"https:\\\/\\\/theomm.com\\\/wp-content\\\/uploads\\\/2024\\\/01\\\/OC192_Mountain_Core_Smock_Dark_Red_Front.jpg\",\"contentUrl\":\"https:\\\/\\\/theomm.com\\\/wp-content\\\/uploads\\\/2024\\\/01\\\/OC192_Mountain_Core_Smock_Dark_Red_Front.jpg\",\"width\":1000,\"height\":1000},{\"@type\":\"BreadcrumbList\",\"@id\":\"https:\\\/\\\/theomm.com\\\/sv\\\/product\\\/mountain-core-smock-2\\\/#breadcrumb\",\"itemListElement\":[{\"@type\":\"ListItem\",\"position\":1,\"name\":\"Home\",\"item\":\"https:\\\/\\\/theomm.com\\\/sv\\\/original-mountain-marathon\\\/\"},{\"@type\":\"ListItem\",\"position\":2,\"name\":\"Produkter\",\"item\":\"https:\\\/\\\/theomm.com\\\/sv\\\/original-mountain-marathon\\\/produkter\\\/\"},{\"@type\":\"ListItem\",\"position\":3,\"name\":\"Mountain Core Smock\"}]},{\"@type\":\"WebSite\",\"@id\":\"https:\\\/\\\/theomm.com\\\/#website\",\"url\":\"https:\\\/\\\/theomm.com\\\/\",\"name\":\"OMM\",\"description\":\"OMM is Technical clothing and equipment made for running in the mountains. Designed to the specifications of Original Mountain Marathon.\",\"alternateName\":\"Original Mountain Marathon\",\"potentialAction\":[{\"@type\":\"SearchAction\",\"target\":{\"@type\":\"EntryPoint\",\"urlTemplate\":\"https:\\\/\\\/theomm.com\\\/?s={search_term_string}\"},\"query-input\":{\"@type\":\"PropertyValueSpecification\",\"valueRequired\":true,\"valueName\":\"search_term_string\"}}],\"inLanguage\":\"sv-SE\"}]}<\/script>\n<!-- \/ Yoast SEO plugin. -->","yoast_head_json":{"title":"Mountain Core Smock - OMM","description":"Combining revolutionary PrimaLoft\u00ae Active insulation with a lightweight and wind-resistant shell, the Mountain Core Smock is your new favourite warm piece","robots":{"index":"index","follow":"follow","max-snippet":"max-snippet:-1","max-image-preview":"max-image-preview:large","max-video-preview":"max-video-preview:-1"},"canonical":"https:\/\/theomm.com\/sv\/product\/mountain-core-smock-2\/","og_locale":"sv_SE","og_type":"article","og_title":"Mountain Core Smock - OMM","og_description":"Combining revolutionary PrimaLoft\u00ae Active insulation with a lightweight and wind-resistant shell, the Mountain Core Smock is your new favourite warm piece","og_url":"https:\/\/theomm.com\/sv\/product\/mountain-core-smock-2\/","og_site_name":"OMM","article_publisher":"https:\/\/www.facebook.com\/OMMrunning?_ga=2.203172945.1541616462.1665402953-280172632.1649426001","article_modified_time":"2025-09-10T17:04:25+00:00","og_image":[{"width":1000,"height":1000,"url":"https:\/\/theomm.com\/wp-content\/uploads\/2024\/01\/OC192_Mountain_Core_Smock_Dark_Red_Front.jpg","type":"image\/jpeg"}],"twitter_card":"summary_large_image","twitter_misc":{"Ber\u00e4knad l\u00e4stid":"2 minutes"},"schema":{"@context":"https:\/\/schema.org","@graph":[{"@type":"WebPage","@id":"https:\/\/theomm.com\/sv\/product\/mountain-core-smock-2\/","url":"https:\/\/theomm.com\/sv\/product\/mountain-core-smock-2\/","name":"Mountain Core Smock - OMM","isPartOf":{"@id":"https:\/\/theomm.com\/#website"},"primaryImageOfPage":{"@id":"https:\/\/theomm.com\/sv\/product\/mountain-core-smock-2\/#primaryimage"},"image":{"@id":"https:\/\/theomm.com\/sv\/product\/mountain-core-smock-2\/#primaryimage"},"thumbnailUrl":"https:\/\/theomm.com\/wp-content\/uploads\/2024\/01\/OC192_Mountain_Core_Smock_Dark_Red_Front.jpg","datePublished":"2024-03-18T09:43:24+00:00","dateModified":"2025-09-10T17:04:25+00:00","description":"Combining revolutionary PrimaLoft\u00ae Active insulation with a lightweight and wind-resistant shell, the Mountain Core Smock is your new favourite warm piece","breadcrumb":{"@id":"https:\/\/theomm.com\/sv\/product\/mountain-core-smock-2\/#breadcrumb"},"inLanguage":"sv-SE","potentialAction":[{"@type":"ReadAction","target":["https:\/\/theomm.com\/sv\/product\/mountain-core-smock-2\/"]}]},{"@type":"ImageObject","inLanguage":"sv-SE","@id":"https:\/\/theomm.com\/sv\/product\/mountain-core-smock-2\/#primaryimage","url":"https:\/\/theomm.com\/wp-content\/uploads\/2024\/01\/OC192_Mountain_Core_Smock_Dark_Red_Front.jpg","contentUrl":"https:\/\/theomm.com\/wp-content\/uploads\/2024\/01\/OC192_Mountain_Core_Smock_Dark_Red_Front.jpg","width":1000,"height":1000},{"@type":"BreadcrumbList","@id":"https:\/\/theomm.com\/sv\/product\/mountain-core-smock-2\/#breadcrumb","itemListElement":[{"@type":"ListItem","position":1,"name":"Home","item":"https:\/\/theomm.com\/sv\/original-mountain-marathon\/"},{"@type":"ListItem","position":2,"name":"Produkter","item":"https:\/\/theomm.com\/sv\/original-mountain-marathon\/produkter\/"},{"@type":"ListItem","position":3,"name":"Mountain Core Smock"}]},{"@type":"WebSite","@id":"https:\/\/theomm.com\/#website","url":"https:\/\/theomm.com\/","name":"OMM","description":"OMM is Technical clothing and equipment made for running in the mountains. Designed to the specifications of Original Mountain Marathon.","alternateName":"Original Mountain Marathon","potentialAction":[{"@type":"SearchAction","target":{"@type":"EntryPoint","urlTemplate":"https:\/\/theomm.com\/?s={search_term_string}"},"query-input":{"@type":"PropertyValueSpecification","valueRequired":true,"valueName":"search_term_string"}}],"inLanguage":"sv-SE"}]}},"_links":{"self":[{"href":"https:\/\/theomm.com\/sv\/wp-json\/wp\/v2\/product\/184654","targetHints":{"allow":["GET"]}}],"collection":[{"href":"https:\/\/theomm.com\/sv\/wp-json\/wp\/v2\/product"}],"about":[{"href":"https:\/\/theomm.com\/sv\/wp-json\/wp\/v2\/types\/product"}],"wp:featuredmedia":[{"embeddable":true,"href":"https:\/\/theomm.com\/sv\/wp-json\/wp\/v2\/media\/178851"}],"wp:attachment":[{"href":"https:\/\/theomm.com\/sv\/wp-json\/wp\/v2\/media?parent=184654"}],"wp:term":[{"taxonomy":"locations","embeddable":true,"href":"https:\/\/theomm.com\/sv\/wp-json\/wp\/v2\/locations?post=184654"},{"taxonomy":"product_brand","embeddable":true,"href":"https:\/\/theomm.com\/sv\/wp-json\/wp\/v2\/product_brand?post=184654"},{"taxonomy":"product_cat","embeddable":true,"href":"https:\/\/theomm.com\/sv\/wp-json\/wp\/v2\/product_cat?post=184654"},{"taxonomy":"product_tag","embeddable":true,"href":"https:\/\/theomm.com\/sv\/wp-json\/wp\/v2\/product_tag?post=184654"}],"curies":[{"name":"wp","href":"https:\/\/api.w.org\/{rel}","templated":true}]}}