{"id":184670,"date":"2019-03-16T10:43:10","date_gmt":"2019-03-16T10:43:10","guid":{"rendered":"https:\/\/theomm.com\/product\/ultra-bottle-750ml-straw-2\/"},"modified":"2019-03-16T10:43:10","modified_gmt":"2019-03-16T10:43:10","slug":"ultra-bottle-750ml-straw-2","status":"publish","type":"product","link":"https:\/\/theomm.com\/sv\/product\/ultra-bottle-750ml-straw-2\/","title":{"rendered":"Ultra + Bottle 750ml Straw"},"content":{"rendered":"<p>Ultra + Bottle 750ml Straw &#8211; Ultraflaskan \u00e4r utformad f\u00f6r prestanda. Har den nya OMM-bite-ventilen med stort munstycke f\u00f6r en utm\u00e4rkt vattenfl\u00f6deshastighet. Det g\u00f6r det m\u00f6jligt f\u00f6r dig att hydrera omedelbart utan att beh\u00f6va \u00f6ppna eller st\u00e4nga n\u00e5gra ventiler. Lock och bite-ventiler \u00e4r kompatibla \u00f6ver hela OMM-hydreringsintervallet. DRYCKSFLASKA MED SUGR\u00d6R F\u00d6R L\u00c5NGDISTANSHYDRERING Interchangeable lock och bite-ventil BPA, PVC och ftalatfri Krage f\u00f6r att minska skvalpning Sugr\u00f6r f\u00f6r enkel \u00e5tkomst F\u00e4rg: Genomskinlig Volym: 750 ml Vikt: 95g<\/p>\n","protected":false},"excerpt":{"rendered":"<div class=\"flex-1 overflow-hidden\">\n<div class=\"react-scroll-to-bottom--css-pbmku-79elbk h-full\">\n<div class=\"react-scroll-to-bottom--css-pbmku-1n7m0yu\">\n<div>\n<div class=\"flex flex-col text-sm pb-9\">\n<div class=\"w-full text-token-text-primary\" dir=\"auto\" data-testid=\"conversation-turn-111\" data-scroll-anchor=\"true\">\n<div class=\"px-4 py-2 justify-center text-base md:gap-6 m-auto\">\n<div class=\"flex flex-1 text-base mx-auto gap-3 juice:gap-4 juice:md:gap-6 md:px-5 lg:px-1 xl:px-5 md:max-w-3xl lg:max-w-[40rem] xl:max-w-[48rem]\">\n<div class=\"relative flex w-full min-w-0 flex-col agent-turn\">\n<div class=\"flex-col gap-1 md:gap-3\">\n<div class=\"flex flex-grow flex-col max-w-full\">\n<div class=\"min-h-[20px] text-message flex flex-col items-start gap-3 whitespace-pre-wrap break-words [.text-message+&amp;]:mt-5 overflow-x-auto\" dir=\"auto\" data-message-author-role=\"assistant\" data-message-id=\"c3275dbf-5ed5-4a8f-b190-b12f05a8faa4\">\n<div class=\"result-streaming markdown prose w-full break-words dark:prose-invert light\">\n<p>Ultraflaskan \u00e4r designad f\u00f6r prestanda. Den har den nya OMM-biten med stort \u00f6ppningsmunstycke f\u00f6r en utm\u00e4rkt vattenfl\u00f6deshastighet. Det g\u00f6r att du kan hydrera omedelbart utan att beh\u00f6va \u00f6ppna eller st\u00e4nga n\u00e5gra ventiler. Lock och bitventiler \u00e4r kompatibla \u00f6ver hela OMM-hydreringsintervallet.<\/p>\n<\/div>\n<\/div>\n<\/div>\n<div class=\"mt-1 flex gap-3 empty:hidden\">\n<div class=\"text-gray-400 flex self-end lg:self-center items-center justify-center lg:justify-start mt-0 -ml-1 h-7 gap-[2px] invisible\">\u00a0<\/div>\n<\/div>\n<\/div>\n<\/div>\n<\/div>\n<\/div>\n<\/div>\n<\/div>\n<\/div>\n<\/div>\n<\/div>\n<\/div>\n<div class=\"w-full pt-2 md:pt-0 dark:border-white\/20 md:border-transparent md:dark:border-transparent md:w-[calc(100%-.5rem)]\">\n<form class=\"stretch mx-2 flex flex-row gap-3 last:mb-2 md:mx-4 md:last:mb-6 lg:mx-auto lg:max-w-2xl xl:max-w-3xl\">\n<div class=\"relative flex h-full max-w-full flex-1 flex-col\">\n<div class=\"absolute bottom-full left-0 right-0\">\u00a0<\/div>\n<div class=\"flex w-full items-center\">\u00a0<\/div>\n<\/div>\n<\/form>\n<\/div>\n","protected":false},"featured_media":153877,"template":"","meta":{"_acf_changed":false,"_et_pb_use_builder":"","_et_pb_old_content":"","_et_gb_content_width":""},"locations":[],"product_brand":[],"product_cat":[1282,1283],"product_tag":[2290,2286],"class_list":{"0":"post-184670","1":"product","2":"type-product","3":"status-publish","4":"has-post-thumbnail","6":"product_cat-andra-saker","7":"product_cat-hydrering-sv","8":"product_tag-omm-bottle-sv","9":"product_tag-sp-sv","10":"pa_colour-clear-sv","11":"pa_weight-100-200g","13":"first","14":"instock","15":"taxable","16":"shipping-taxable","17":"product-type-variable","18":"wvs-archive-product-wrapper"},"acf":[],"yoast_head":"<!-- This site is optimized with the Yoast SEO plugin v27.3 - https:\/\/yoast.com\/product\/yoast-seo-wordpress\/ -->\n<title>Ultra + Bottle 750ml Straw - OMM<\/title>\n<meta name=\"description\" content=\"The Ultra + Bottle 750Ml Straw, Drinks Bottle With Straw For Long Distance Hydration. .\" \/>\n<meta name=\"robots\" content=\"index, follow, max-snippet:-1, max-image-preview:large, max-video-preview:-1\" \/>\n<link rel=\"canonical\" href=\"https:\/\/theomm.com\/product\/ultra-bottle-750ml-straw\/\" \/>\n<meta property=\"og:locale\" content=\"sv_SE\" \/>\n<meta property=\"og:type\" content=\"article\" \/>\n<meta property=\"og:title\" content=\"Ultra + Bottle 750ml Straw - OMM\" \/>\n<meta property=\"og:description\" content=\"The Ultra + Bottle 750Ml Straw, Drinks Bottle With Straw For Long Distance Hydration. .\" \/>\n<meta property=\"og:url\" content=\"https:\/\/theomm.com\/product\/ultra-bottle-750ml-straw\/\" \/>\n<meta property=\"og:site_name\" content=\"OMM\" \/>\n<meta property=\"article:publisher\" content=\"https:\/\/www.facebook.com\/OMMrunning?_ga=2.203172945.1541616462.1665402953-280172632.1649426001\" \/>\n<meta property=\"og:image\" content=\"https:\/\/theomm.com\/wp-content\/uploads\/2022\/10\/Simple_OG0016_Ultra-Bottle-750ml-Straw-Front.jpg\" \/>\n\t<meta property=\"og:image:width\" content=\"600\" \/>\n\t<meta property=\"og:image:height\" content=\"600\" \/>\n\t<meta property=\"og:image:type\" content=\"image\/jpeg\" \/>\n<meta name=\"twitter:card\" content=\"summary_large_image\" \/>\n<script type=\"application\/ld+json\" class=\"yoast-schema-graph\">{\"@context\":\"https:\\\/\\\/schema.org\",\"@graph\":[{\"@type\":\"WebPage\",\"@id\":\"https:\\\/\\\/theomm.com\\\/product\\\/ultra-bottle-750ml-straw\\\/\",\"url\":\"https:\\\/\\\/theomm.com\\\/product\\\/ultra-bottle-750ml-straw\\\/\",\"name\":\"Ultra + Bottle 750ml Straw - OMM\",\"isPartOf\":{\"@id\":\"https:\\\/\\\/theomm.com\\\/#website\"},\"primaryImageOfPage\":{\"@id\":\"https:\\\/\\\/theomm.com\\\/product\\\/ultra-bottle-750ml-straw\\\/#primaryimage\"},\"image\":{\"@id\":\"https:\\\/\\\/theomm.com\\\/product\\\/ultra-bottle-750ml-straw\\\/#primaryimage\"},\"thumbnailUrl\":\"https:\\\/\\\/theomm.com\\\/wp-content\\\/uploads\\\/2022\\\/10\\\/Simple_OG0016_Ultra-Bottle-750ml-Straw-Front.jpg\",\"datePublished\":\"2019-03-16T10:43:10+00:00\",\"description\":\"The Ultra + Bottle 750Ml Straw, Drinks Bottle With Straw For Long Distance Hydration. .\",\"breadcrumb\":{\"@id\":\"https:\\\/\\\/theomm.com\\\/product\\\/ultra-bottle-750ml-straw\\\/#breadcrumb\"},\"inLanguage\":\"sv-SE\",\"potentialAction\":[{\"@type\":\"ReadAction\",\"target\":[\"https:\\\/\\\/theomm.com\\\/product\\\/ultra-bottle-750ml-straw\\\/\"]}]},{\"@type\":\"ImageObject\",\"inLanguage\":\"sv-SE\",\"@id\":\"https:\\\/\\\/theomm.com\\\/product\\\/ultra-bottle-750ml-straw\\\/#primaryimage\",\"url\":\"https:\\\/\\\/theomm.com\\\/wp-content\\\/uploads\\\/2022\\\/10\\\/Simple_OG0016_Ultra-Bottle-750ml-Straw-Front.jpg\",\"contentUrl\":\"https:\\\/\\\/theomm.com\\\/wp-content\\\/uploads\\\/2022\\\/10\\\/Simple_OG0016_Ultra-Bottle-750ml-Straw-Front.jpg\",\"width\":600,\"height\":600},{\"@type\":\"BreadcrumbList\",\"@id\":\"https:\\\/\\\/theomm.com\\\/product\\\/ultra-bottle-750ml-straw\\\/#breadcrumb\",\"itemListElement\":[{\"@type\":\"ListItem\",\"position\":1,\"name\":\"Home\",\"item\":\"https:\\\/\\\/theomm.com\\\/sv\\\/original-mountain-marathon\\\/\"},{\"@type\":\"ListItem\",\"position\":2,\"name\":\"Produkter\",\"item\":\"https:\\\/\\\/theomm.com\\\/sv\\\/original-mountain-marathon\\\/produkter\\\/\"},{\"@type\":\"ListItem\",\"position\":3,\"name\":\"Ultra + Bottle 750ml Straw\"}]},{\"@type\":\"WebSite\",\"@id\":\"https:\\\/\\\/theomm.com\\\/#website\",\"url\":\"https:\\\/\\\/theomm.com\\\/\",\"name\":\"OMM\",\"description\":\"OMM is Technical clothing and equipment made for running in the mountains. Designed to the specifications of Original Mountain Marathon.\",\"alternateName\":\"Original Mountain Marathon\",\"potentialAction\":[{\"@type\":\"SearchAction\",\"target\":{\"@type\":\"EntryPoint\",\"urlTemplate\":\"https:\\\/\\\/theomm.com\\\/?s={search_term_string}\"},\"query-input\":{\"@type\":\"PropertyValueSpecification\",\"valueRequired\":true,\"valueName\":\"search_term_string\"}}],\"inLanguage\":\"sv-SE\"}]}<\/script>\n<!-- \/ Yoast SEO plugin. -->","yoast_head_json":{"title":"Ultra + Bottle 750ml Straw - OMM","description":"The Ultra + Bottle 750Ml Straw, Drinks Bottle With Straw For Long Distance Hydration. .","robots":{"index":"index","follow":"follow","max-snippet":"max-snippet:-1","max-image-preview":"max-image-preview:large","max-video-preview":"max-video-preview:-1"},"canonical":"https:\/\/theomm.com\/product\/ultra-bottle-750ml-straw\/","og_locale":"sv_SE","og_type":"article","og_title":"Ultra + Bottle 750ml Straw - OMM","og_description":"The Ultra + Bottle 750Ml Straw, Drinks Bottle With Straw For Long Distance Hydration. .","og_url":"https:\/\/theomm.com\/product\/ultra-bottle-750ml-straw\/","og_site_name":"OMM","article_publisher":"https:\/\/www.facebook.com\/OMMrunning?_ga=2.203172945.1541616462.1665402953-280172632.1649426001","og_image":[{"width":600,"height":600,"url":"https:\/\/theomm.com\/wp-content\/uploads\/2022\/10\/Simple_OG0016_Ultra-Bottle-750ml-Straw-Front.jpg","type":"image\/jpeg"}],"twitter_card":"summary_large_image","schema":{"@context":"https:\/\/schema.org","@graph":[{"@type":"WebPage","@id":"https:\/\/theomm.com\/product\/ultra-bottle-750ml-straw\/","url":"https:\/\/theomm.com\/product\/ultra-bottle-750ml-straw\/","name":"Ultra + Bottle 750ml Straw - OMM","isPartOf":{"@id":"https:\/\/theomm.com\/#website"},"primaryImageOfPage":{"@id":"https:\/\/theomm.com\/product\/ultra-bottle-750ml-straw\/#primaryimage"},"image":{"@id":"https:\/\/theomm.com\/product\/ultra-bottle-750ml-straw\/#primaryimage"},"thumbnailUrl":"https:\/\/theomm.com\/wp-content\/uploads\/2022\/10\/Simple_OG0016_Ultra-Bottle-750ml-Straw-Front.jpg","datePublished":"2019-03-16T10:43:10+00:00","description":"The Ultra + Bottle 750Ml Straw, Drinks Bottle With Straw For Long Distance Hydration. .","breadcrumb":{"@id":"https:\/\/theomm.com\/product\/ultra-bottle-750ml-straw\/#breadcrumb"},"inLanguage":"sv-SE","potentialAction":[{"@type":"ReadAction","target":["https:\/\/theomm.com\/product\/ultra-bottle-750ml-straw\/"]}]},{"@type":"ImageObject","inLanguage":"sv-SE","@id":"https:\/\/theomm.com\/product\/ultra-bottle-750ml-straw\/#primaryimage","url":"https:\/\/theomm.com\/wp-content\/uploads\/2022\/10\/Simple_OG0016_Ultra-Bottle-750ml-Straw-Front.jpg","contentUrl":"https:\/\/theomm.com\/wp-content\/uploads\/2022\/10\/Simple_OG0016_Ultra-Bottle-750ml-Straw-Front.jpg","width":600,"height":600},{"@type":"BreadcrumbList","@id":"https:\/\/theomm.com\/product\/ultra-bottle-750ml-straw\/#breadcrumb","itemListElement":[{"@type":"ListItem","position":1,"name":"Home","item":"https:\/\/theomm.com\/sv\/original-mountain-marathon\/"},{"@type":"ListItem","position":2,"name":"Produkter","item":"https:\/\/theomm.com\/sv\/original-mountain-marathon\/produkter\/"},{"@type":"ListItem","position":3,"name":"Ultra + Bottle 750ml Straw"}]},{"@type":"WebSite","@id":"https:\/\/theomm.com\/#website","url":"https:\/\/theomm.com\/","name":"OMM","description":"OMM is Technical clothing and equipment made for running in the mountains. Designed to the specifications of Original Mountain Marathon.","alternateName":"Original Mountain Marathon","potentialAction":[{"@type":"SearchAction","target":{"@type":"EntryPoint","urlTemplate":"https:\/\/theomm.com\/?s={search_term_string}"},"query-input":{"@type":"PropertyValueSpecification","valueRequired":true,"valueName":"search_term_string"}}],"inLanguage":"sv-SE"}]}},"_links":{"self":[{"href":"https:\/\/theomm.com\/sv\/wp-json\/wp\/v2\/product\/184670","targetHints":{"allow":["GET"]}}],"collection":[{"href":"https:\/\/theomm.com\/sv\/wp-json\/wp\/v2\/product"}],"about":[{"href":"https:\/\/theomm.com\/sv\/wp-json\/wp\/v2\/types\/product"}],"wp:featuredmedia":[{"embeddable":true,"href":"https:\/\/theomm.com\/sv\/wp-json\/wp\/v2\/media\/153877"}],"wp:attachment":[{"href":"https:\/\/theomm.com\/sv\/wp-json\/wp\/v2\/media?parent=184670"}],"wp:term":[{"taxonomy":"locations","embeddable":true,"href":"https:\/\/theomm.com\/sv\/wp-json\/wp\/v2\/locations?post=184670"},{"taxonomy":"product_brand","embeddable":true,"href":"https:\/\/theomm.com\/sv\/wp-json\/wp\/v2\/product_brand?post=184670"},{"taxonomy":"product_cat","embeddable":true,"href":"https:\/\/theomm.com\/sv\/wp-json\/wp\/v2\/product_cat?post=184670"},{"taxonomy":"product_tag","embeddable":true,"href":"https:\/\/theomm.com\/sv\/wp-json\/wp\/v2\/product_tag?post=184670"}],"curies":[{"name":"wp","href":"https:\/\/api.w.org\/{rel}","templated":true}]}}