{"id":184703,"date":"2022-08-29T10:41:47","date_gmt":"2022-08-29T10:41:47","guid":{"rendered":"https:\/\/theomm.com\/product\/pace-short\/"},"modified":"2026-01-03T00:03:55","modified_gmt":"2026-01-03T00:03:55","slug":"pace-short","status":"publish","type":"product","link":"https:\/\/theomm.com\/sv\/product\/pace-short\/","title":{"rendered":"Pace Short"},"content":{"rendered":"<p>Pace Shorts &#8211; Mjuka, stretchiga och l\u00e4tta; Pace Shorts erbjuder komfort och st\u00f6d f\u00f6r de mest kr\u00e4vande bergsloppen. Meshfickor ger tillr\u00e4ckligt med f\u00f6rvaring f\u00f6r v\u00e4sentligheter och en bred, elastisk midjeres\u00e5r med dragsko ger en bra passform utan tryckpunkter.<\/p>\n<p>TWIN LAYER RUNNING SHORT MED FICKOR<\/p>\n<p>TWIN LAYER: En stretchig liner ger komfort och st\u00f6d medan en l\u00f6st yttre r\u00f6r sig med dig.<\/p>\n<p>F\u00d6RVARING: Tv\u00e5 meshfickor ger kapacitet f\u00f6r v\u00e4sentligheter som gel, kompass eller en vindjacka.<\/p>\n<p>L\u00c4NGD: En innerbensl\u00e4ngd p\u00e5 7 tum h\u00e5ller shortsen p\u00e5 plats \u00e4ven under de brantaste stigningarna och utf\u00f6rsl\u00f6pningarna.<\/p>\n<p>Perfekt f\u00f6r terr\u00e4ng- och bergslopp \u00f6ver blandad terr\u00e4ng. H\u00e5llbar men \u00e4nd\u00e5 l\u00e4tt med bra skydd mot sol och vind samt en vattenavvisande finish p\u00e5 den yttre shortsen. Den idealiska tv\u00e5lags-shortsen f\u00f6r terr\u00e4ngl\u00f6pning med fickor och elastisk midja.<\/p>\n<p>Twin layer 4-v\u00e4gs stretchmaterial 7&#8243; Innerbensl\u00e4ngd Meshfickor Nyckelhake Bred, elastisk midjeres\u00e5r med dragsko L\u00e4tt och ventilerande<\/p>\n<p>F\u00e4rger: Svart\/Orange, Svart\/Bl\u00e5, Bl\u00e5\/Orange Material: Inner: AirFlex (Nylon) Yttre: Flexile (Nylon\/Spandex) Vikt: 170g Storlekar: XS \/ S \/ M \/ L \/ XL<\/p>\n","protected":false},"excerpt":{"rendered":"<p>Mjuka, stretchiga och l\u00e4tta; Pace Shorts erbjuder komfort och st\u00f6d f\u00f6r de mest kr\u00e4vande bergsloppen. Meshfickor ger precis tillr\u00e4ckligt med f\u00f6rvaring f\u00f6r v\u00e4sentliga saker, och en bred, elastisk midjeres\u00e5r med dragsko ger en perfekt passform utan tryckpunkter.<\/p>\n","protected":false},"featured_media":152083,"template":"","meta":{"_acf_changed":false,"_et_pb_use_builder":"","_et_pb_old_content":"","_et_gb_content_width":""},"locations":[],"product_brand":[],"product_cat":[1276,1272,2603],"product_tag":[],"class_list":{"0":"post-184703","1":"product","2":"type-product","3":"status-publish","4":"has-post-thumbnail","6":"product_cat-byxor","7":"product_cat-klader","8":"product_cat-rea","9":"pa_color-bla-sv","10":"pa_color-orange-sv","11":"pa_color-svart","12":"pa_colour-bla-orange-sv","13":"pa_colour-svart-bla","14":"pa_colour-svart-orange","15":"pa_gender-mens-sv","16":"pa_size-stor-sv","17":"pa_size-medium-sv","18":"pa_size-sma","19":"pa_size-x-stor-sv","20":"pa_size-x-sma","21":"pa_technology-airflex","22":"pa_technology-flexile","23":"pa_weight-100-200g","25":"first","26":"instock","27":"taxable","28":"shipping-taxable","29":"purchasable","30":"product-type-variable","31":"wvs-archive-product-wrapper"},"acf":[],"yoast_head":"<!-- This site is optimized with the Yoast SEO plugin v27.3 - https:\/\/yoast.com\/product\/yoast-seo-wordpress\/ -->\n<title>Pace Shorts - OMM<\/title>\n<meta name=\"description\" content=\"The Pace Shorts, soft, stretchy and light; the Pace Shorts offer comfort and support for the most demanding mountain runs.\" \/>\n<meta name=\"robots\" content=\"index, follow, max-snippet:-1, max-image-preview:large, max-video-preview:-1\" \/>\n<link rel=\"canonical\" href=\"https:\/\/theomm.com\/sv\/product\/pace-short\/\" \/>\n<meta property=\"og:locale\" content=\"sv_SE\" \/>\n<meta property=\"og:type\" content=\"article\" \/>\n<meta property=\"og:title\" content=\"Pace Shorts - OMM\" \/>\n<meta property=\"og:description\" content=\"The Pace Shorts, soft, stretchy and light; the Pace Shorts offer comfort and support for the most demanding mountain runs.\" \/>\n<meta property=\"og:url\" content=\"https:\/\/theomm.com\/sv\/product\/pace-short\/\" \/>\n<meta property=\"og:site_name\" content=\"OMM\" \/>\n<meta property=\"article:publisher\" content=\"https:\/\/www.facebook.com\/OMMrunning?_ga=2.203172945.1541616462.1665402953-280172632.1649426001\" \/>\n<meta property=\"article:modified_time\" content=\"2026-01-03T00:03:55+00:00\" \/>\n<meta property=\"og:image\" content=\"https:\/\/theomm.com\/wp-content\/uploads\/2022\/10\/SS19_OC120_Mens_Pace_Shorts_Black_Blue_Front.jpg\" \/>\n\t<meta property=\"og:image:width\" content=\"600\" \/>\n\t<meta property=\"og:image:height\" content=\"600\" \/>\n\t<meta property=\"og:image:type\" content=\"image\/jpeg\" \/>\n<meta name=\"twitter:card\" content=\"summary_large_image\" \/>\n<meta name=\"twitter:label1\" content=\"Ber\u00e4knad l\u00e4stid\" \/>\n\t<meta name=\"twitter:data1\" content=\"1 minute\" \/>\n<script type=\"application\/ld+json\" class=\"yoast-schema-graph\">{\"@context\":\"https:\\\/\\\/schema.org\",\"@graph\":[{\"@type\":\"WebPage\",\"@id\":\"https:\\\/\\\/theomm.com\\\/sv\\\/product\\\/pace-short\\\/\",\"url\":\"https:\\\/\\\/theomm.com\\\/sv\\\/product\\\/pace-short\\\/\",\"name\":\"Pace Shorts - OMM\",\"isPartOf\":{\"@id\":\"https:\\\/\\\/theomm.com\\\/#website\"},\"primaryImageOfPage\":{\"@id\":\"https:\\\/\\\/theomm.com\\\/sv\\\/product\\\/pace-short\\\/#primaryimage\"},\"image\":{\"@id\":\"https:\\\/\\\/theomm.com\\\/sv\\\/product\\\/pace-short\\\/#primaryimage\"},\"thumbnailUrl\":\"https:\\\/\\\/theomm.com\\\/wp-content\\\/uploads\\\/2022\\\/10\\\/SS19_OC120_Mens_Pace_Shorts_Black_Blue_Front.jpg\",\"datePublished\":\"2022-08-29T10:41:47+00:00\",\"dateModified\":\"2026-01-03T00:03:55+00:00\",\"description\":\"The Pace Shorts, soft, stretchy and light; the Pace Shorts offer comfort and support for the most demanding mountain runs.\",\"breadcrumb\":{\"@id\":\"https:\\\/\\\/theomm.com\\\/sv\\\/product\\\/pace-short\\\/#breadcrumb\"},\"inLanguage\":\"sv-SE\",\"potentialAction\":[{\"@type\":\"ReadAction\",\"target\":[\"https:\\\/\\\/theomm.com\\\/sv\\\/product\\\/pace-short\\\/\"]}]},{\"@type\":\"ImageObject\",\"inLanguage\":\"sv-SE\",\"@id\":\"https:\\\/\\\/theomm.com\\\/sv\\\/product\\\/pace-short\\\/#primaryimage\",\"url\":\"https:\\\/\\\/theomm.com\\\/wp-content\\\/uploads\\\/2022\\\/10\\\/SS19_OC120_Mens_Pace_Shorts_Black_Blue_Front.jpg\",\"contentUrl\":\"https:\\\/\\\/theomm.com\\\/wp-content\\\/uploads\\\/2022\\\/10\\\/SS19_OC120_Mens_Pace_Shorts_Black_Blue_Front.jpg\",\"width\":600,\"height\":600},{\"@type\":\"BreadcrumbList\",\"@id\":\"https:\\\/\\\/theomm.com\\\/sv\\\/product\\\/pace-short\\\/#breadcrumb\",\"itemListElement\":[{\"@type\":\"ListItem\",\"position\":1,\"name\":\"Home\",\"item\":\"https:\\\/\\\/theomm.com\\\/sv\\\/original-mountain-marathon\\\/\"},{\"@type\":\"ListItem\",\"position\":2,\"name\":\"Produkter\",\"item\":\"https:\\\/\\\/theomm.com\\\/sv\\\/original-mountain-marathon\\\/produkter\\\/\"},{\"@type\":\"ListItem\",\"position\":3,\"name\":\"Pace Short\"}]},{\"@type\":\"WebSite\",\"@id\":\"https:\\\/\\\/theomm.com\\\/#website\",\"url\":\"https:\\\/\\\/theomm.com\\\/\",\"name\":\"OMM\",\"description\":\"OMM is Technical clothing and equipment made for running in the mountains. Designed to the specifications of Original Mountain Marathon.\",\"alternateName\":\"Original Mountain Marathon\",\"potentialAction\":[{\"@type\":\"SearchAction\",\"target\":{\"@type\":\"EntryPoint\",\"urlTemplate\":\"https:\\\/\\\/theomm.com\\\/?s={search_term_string}\"},\"query-input\":{\"@type\":\"PropertyValueSpecification\",\"valueRequired\":true,\"valueName\":\"search_term_string\"}}],\"inLanguage\":\"sv-SE\"}]}<\/script>\n<!-- \/ Yoast SEO plugin. -->","yoast_head_json":{"title":"Pace Shorts - OMM","description":"The Pace Shorts, soft, stretchy and light; the Pace Shorts offer comfort and support for the most demanding mountain runs.","robots":{"index":"index","follow":"follow","max-snippet":"max-snippet:-1","max-image-preview":"max-image-preview:large","max-video-preview":"max-video-preview:-1"},"canonical":"https:\/\/theomm.com\/sv\/product\/pace-short\/","og_locale":"sv_SE","og_type":"article","og_title":"Pace Shorts - OMM","og_description":"The Pace Shorts, soft, stretchy and light; the Pace Shorts offer comfort and support for the most demanding mountain runs.","og_url":"https:\/\/theomm.com\/sv\/product\/pace-short\/","og_site_name":"OMM","article_publisher":"https:\/\/www.facebook.com\/OMMrunning?_ga=2.203172945.1541616462.1665402953-280172632.1649426001","article_modified_time":"2026-01-03T00:03:55+00:00","og_image":[{"width":600,"height":600,"url":"https:\/\/theomm.com\/wp-content\/uploads\/2022\/10\/SS19_OC120_Mens_Pace_Shorts_Black_Blue_Front.jpg","type":"image\/jpeg"}],"twitter_card":"summary_large_image","twitter_misc":{"Ber\u00e4knad l\u00e4stid":"1 minute"},"schema":{"@context":"https:\/\/schema.org","@graph":[{"@type":"WebPage","@id":"https:\/\/theomm.com\/sv\/product\/pace-short\/","url":"https:\/\/theomm.com\/sv\/product\/pace-short\/","name":"Pace Shorts - OMM","isPartOf":{"@id":"https:\/\/theomm.com\/#website"},"primaryImageOfPage":{"@id":"https:\/\/theomm.com\/sv\/product\/pace-short\/#primaryimage"},"image":{"@id":"https:\/\/theomm.com\/sv\/product\/pace-short\/#primaryimage"},"thumbnailUrl":"https:\/\/theomm.com\/wp-content\/uploads\/2022\/10\/SS19_OC120_Mens_Pace_Shorts_Black_Blue_Front.jpg","datePublished":"2022-08-29T10:41:47+00:00","dateModified":"2026-01-03T00:03:55+00:00","description":"The Pace Shorts, soft, stretchy and light; the Pace Shorts offer comfort and support for the most demanding mountain runs.","breadcrumb":{"@id":"https:\/\/theomm.com\/sv\/product\/pace-short\/#breadcrumb"},"inLanguage":"sv-SE","potentialAction":[{"@type":"ReadAction","target":["https:\/\/theomm.com\/sv\/product\/pace-short\/"]}]},{"@type":"ImageObject","inLanguage":"sv-SE","@id":"https:\/\/theomm.com\/sv\/product\/pace-short\/#primaryimage","url":"https:\/\/theomm.com\/wp-content\/uploads\/2022\/10\/SS19_OC120_Mens_Pace_Shorts_Black_Blue_Front.jpg","contentUrl":"https:\/\/theomm.com\/wp-content\/uploads\/2022\/10\/SS19_OC120_Mens_Pace_Shorts_Black_Blue_Front.jpg","width":600,"height":600},{"@type":"BreadcrumbList","@id":"https:\/\/theomm.com\/sv\/product\/pace-short\/#breadcrumb","itemListElement":[{"@type":"ListItem","position":1,"name":"Home","item":"https:\/\/theomm.com\/sv\/original-mountain-marathon\/"},{"@type":"ListItem","position":2,"name":"Produkter","item":"https:\/\/theomm.com\/sv\/original-mountain-marathon\/produkter\/"},{"@type":"ListItem","position":3,"name":"Pace Short"}]},{"@type":"WebSite","@id":"https:\/\/theomm.com\/#website","url":"https:\/\/theomm.com\/","name":"OMM","description":"OMM is Technical clothing and equipment made for running in the mountains. Designed to the specifications of Original Mountain Marathon.","alternateName":"Original Mountain Marathon","potentialAction":[{"@type":"SearchAction","target":{"@type":"EntryPoint","urlTemplate":"https:\/\/theomm.com\/?s={search_term_string}"},"query-input":{"@type":"PropertyValueSpecification","valueRequired":true,"valueName":"search_term_string"}}],"inLanguage":"sv-SE"}]}},"_links":{"self":[{"href":"https:\/\/theomm.com\/sv\/wp-json\/wp\/v2\/product\/184703","targetHints":{"allow":["GET"]}}],"collection":[{"href":"https:\/\/theomm.com\/sv\/wp-json\/wp\/v2\/product"}],"about":[{"href":"https:\/\/theomm.com\/sv\/wp-json\/wp\/v2\/types\/product"}],"wp:featuredmedia":[{"embeddable":true,"href":"https:\/\/theomm.com\/sv\/wp-json\/wp\/v2\/media\/152083"}],"wp:attachment":[{"href":"https:\/\/theomm.com\/sv\/wp-json\/wp\/v2\/media?parent=184703"}],"wp:term":[{"taxonomy":"locations","embeddable":true,"href":"https:\/\/theomm.com\/sv\/wp-json\/wp\/v2\/locations?post=184703"},{"taxonomy":"product_brand","embeddable":true,"href":"https:\/\/theomm.com\/sv\/wp-json\/wp\/v2\/product_brand?post=184703"},{"taxonomy":"product_cat","embeddable":true,"href":"https:\/\/theomm.com\/sv\/wp-json\/wp\/v2\/product_cat?post=184703"},{"taxonomy":"product_tag","embeddable":true,"href":"https:\/\/theomm.com\/sv\/wp-json\/wp\/v2\/product_tag?post=184703"}],"curies":[{"name":"wp","href":"https:\/\/api.w.org\/{rel}","templated":true}]}}