{"id":184758,"date":"2019-03-16T10:42:23","date_gmt":"2019-03-16T10:42:23","guid":{"rendered":"https:\/\/theomm.com\/product\/kamleika-overmitt\/"},"modified":"2026-02-11T00:54:20","modified_gmt":"2026-02-11T00:54:20","slug":"kamleika-overmitt","status":"publish","type":"product","link":"https:\/\/theomm.com\/sv\/product\/kamleika-overmitt\/","title":{"rendered":"Kamleika Overmitt"},"content":{"rendered":"<p>Kamleika Overmitt &#8211; Vattent\u00e4t \u00f6vervante f\u00f6r skydd mot d\u00e5ligt v\u00e4der. Kan b\u00e4ras mot huden eller \u00f6ver en handske eller isolerande vante. Tillverkad av samma stretchvattent\u00e4ta tyg som Kamleika Jacket-sortimentet f\u00f6r o\u00f6vertr\u00e4ffat skydd och andningsf\u00f6rm\u00e5ga i utmanande f\u00f6rh\u00e5llanden.<\/p>\n<p>SUPER STRETCH VATTENT\u00c4T \u00d6VERVANTE BERGSKALSSKYDD Designad och testad f\u00f6r att klara de obevekliga f\u00f6rh\u00e5llandena som OMM-deltagare st\u00e5r inf\u00f6r. 20 000 mm vattenpelare och 20 000 gsm\/24 timmars andningsf\u00f6rm\u00e5ga tillsammans med slitstyrkan hos ett nylonansiktsmaterial.<\/p>\n<p>AKTIV TEMPERATUR FUKTHANTERING 37,5-teknik har lagts till Kamleika-tyget f\u00f6r att f\u00f6rb\u00e4ttra \u00e5ngvattenhantering och bibeh\u00e5lla en bekv\u00e4m aktiv temperatur. Under tester kunde l\u00f6pare som bar Kamleika med 37,5-teknik beh\u00e5lla en stabil temperatur och reglera intern fukt n\u00e4r de v\u00e4xlade mellan plan l\u00f6pning och stigningar.<\/p>\n<p>ANPASSAT SKYDD Att anv\u00e4nda en \u00f6vervante g\u00f6r att du enkelt kan v\u00e4xla mellan v\u00e4rmen och skyddet fr\u00e5n en vante och smidigheten eller v\u00e4rmeavledningen fr\u00e5n en tunnare handske under.<\/p>\n<p>Kamleika Overmitt<\/p>\n<p>Vattent\u00e4t Vindt\u00e4t Mjukt och tyst ytmaterial Reflekterande logotyp Stretch passform F\u00f6rl\u00e4ngda manschetter L\u00e5g bulkkonstruktion F\u00e4rger: M\u00f6rkgr\u00e5, Gr\u00f6n Tyg: Kamleika Vikt: 30 g (par) Storlekar S \/ M \/ L<\/p>\n","protected":false},"excerpt":{"rendered":"<p>Vattent\u00e4t \u00f6vervante f\u00f6r skydd mot d\u00e5ligt v\u00e4der. Kan b\u00e4ras mot huden eller \u00f6ver en handske eller isolerande vante. Tillverkad av samma stretchvattent\u00e4ta tyg som Kamleika Jacket-sortimentet f\u00f6r o\u00f6vertr\u00e4ffat skydd och andningsf\u00f6rm\u00e5ga i utmanande f\u00f6rh\u00e5llanden.<\/p>\n","protected":false},"featured_media":151801,"template":"","meta":{"_acf_changed":false,"_et_pb_use_builder":"","_et_pb_old_content":"","_et_gb_content_width":""},"locations":[1195,1196],"product_brand":[],"product_cat":[1446,1280,1272,1274,1278],"product_tag":[2555],"class_list":{"0":"post-184758","1":"product","2":"type-product","3":"status-publish","4":"has-post-thumbnail","6":"locations-eu","7":"locations-uk","8":"product_cat-kamleika-sv","9":"product_cat-kit-listar","10":"product_cat-klader","11":"product_cat-mossor-och-handskar","12":"product_cat-yttre-lager","13":"product_tag-running-glove-sv","14":"pa_color-gra-sv","15":"pa_color-gron-sv","16":"pa_colour-gra-sv","17":"pa_colour-gron-sv","18":"pa_gender-mens-sv","19":"pa_gender-womens-sv","20":"pa_size-stor-sv","21":"pa_size-medium-sv","22":"pa_size-sma","23":"pa_technology-37-5-technology","24":"pa_technology-kamleika-4-way-stretch","25":"pa_weight-0-50g","27":"first","28":"instock","29":"taxable","30":"shipping-taxable","31":"purchasable","32":"product-type-variable","33":"wvs-archive-product-wrapper"},"acf":[],"yoast_head":"<!-- This site is optimized with the Yoast SEO plugin v27.3 - https:\/\/yoast.com\/product\/yoast-seo-wordpress\/ -->\n<title>Kamleika Overmitt - OMM<\/title>\n<meta name=\"description\" content=\"The Kamleika Overmitt, Super Stretch Waterproof Overmitt. Mountain Shell Protection. Active Temperature Moisture Management Adaptive Protection\" \/>\n<meta name=\"robots\" content=\"index, follow, max-snippet:-1, max-image-preview:large, max-video-preview:-1\" \/>\n<link rel=\"canonical\" href=\"https:\/\/theomm.com\/product\/kamleika-overmitt-2\/\" \/>\n<meta property=\"og:locale\" content=\"sv_SE\" \/>\n<meta property=\"og:type\" content=\"article\" \/>\n<meta property=\"og:title\" content=\"Kamleika Overmitt - OMM\" \/>\n<meta property=\"og:description\" content=\"The Kamleika Overmitt, Super Stretch Waterproof Overmitt. Mountain Shell Protection. Active Temperature Moisture Management Adaptive Protection\" \/>\n<meta property=\"og:url\" content=\"https:\/\/theomm.com\/product\/kamleika-overmitt-2\/\" \/>\n<meta property=\"og:site_name\" content=\"OMM\" \/>\n<meta property=\"article:publisher\" content=\"https:\/\/www.facebook.com\/OMMrunning?_ga=2.203172945.1541616462.1665402953-280172632.1649426001\" \/>\n<meta property=\"article:modified_time\" content=\"2026-02-11T00:54:20+00:00\" \/>\n<meta property=\"og:image\" content=\"https:\/\/theomm.com\/wp-content\/uploads\/2022\/09\/OC103_Kamleika-Mitt_GreenPair.jpg\" \/>\n\t<meta property=\"og:image:width\" content=\"600\" \/>\n\t<meta property=\"og:image:height\" content=\"600\" \/>\n\t<meta property=\"og:image:type\" content=\"image\/jpeg\" \/>\n<meta name=\"twitter:card\" content=\"summary_large_image\" \/>\n<meta name=\"twitter:label1\" content=\"Ber\u00e4knad l\u00e4stid\" \/>\n\t<meta name=\"twitter:data1\" content=\"1 minute\" \/>\n<script type=\"application\/ld+json\" class=\"yoast-schema-graph\">{\"@context\":\"https:\\\/\\\/schema.org\",\"@graph\":[{\"@type\":\"WebPage\",\"@id\":\"https:\\\/\\\/theomm.com\\\/product\\\/kamleika-overmitt-2\\\/\",\"url\":\"https:\\\/\\\/theomm.com\\\/product\\\/kamleika-overmitt-2\\\/\",\"name\":\"Kamleika Overmitt - OMM\",\"isPartOf\":{\"@id\":\"https:\\\/\\\/theomm.com\\\/#website\"},\"primaryImageOfPage\":{\"@id\":\"https:\\\/\\\/theomm.com\\\/product\\\/kamleika-overmitt-2\\\/#primaryimage\"},\"image\":{\"@id\":\"https:\\\/\\\/theomm.com\\\/product\\\/kamleika-overmitt-2\\\/#primaryimage\"},\"thumbnailUrl\":\"https:\\\/\\\/theomm.com\\\/wp-content\\\/uploads\\\/2022\\\/09\\\/OC103_Kamleika-Mitt_GreenPair.jpg\",\"datePublished\":\"2019-03-16T10:42:23+00:00\",\"dateModified\":\"2026-02-11T00:54:20+00:00\",\"description\":\"The Kamleika Overmitt, Super Stretch Waterproof Overmitt. Mountain Shell Protection. Active Temperature Moisture Management Adaptive Protection\",\"breadcrumb\":{\"@id\":\"https:\\\/\\\/theomm.com\\\/product\\\/kamleika-overmitt-2\\\/#breadcrumb\"},\"inLanguage\":\"sv-SE\",\"potentialAction\":[{\"@type\":\"ReadAction\",\"target\":[\"https:\\\/\\\/theomm.com\\\/product\\\/kamleika-overmitt-2\\\/\"]}]},{\"@type\":\"ImageObject\",\"inLanguage\":\"sv-SE\",\"@id\":\"https:\\\/\\\/theomm.com\\\/product\\\/kamleika-overmitt-2\\\/#primaryimage\",\"url\":\"https:\\\/\\\/theomm.com\\\/wp-content\\\/uploads\\\/2022\\\/09\\\/OC103_Kamleika-Mitt_GreenPair.jpg\",\"contentUrl\":\"https:\\\/\\\/theomm.com\\\/wp-content\\\/uploads\\\/2022\\\/09\\\/OC103_Kamleika-Mitt_GreenPair.jpg\",\"width\":600,\"height\":600},{\"@type\":\"BreadcrumbList\",\"@id\":\"https:\\\/\\\/theomm.com\\\/product\\\/kamleika-overmitt-2\\\/#breadcrumb\",\"itemListElement\":[{\"@type\":\"ListItem\",\"position\":1,\"name\":\"Home\",\"item\":\"https:\\\/\\\/theomm.com\\\/sv\\\/original-mountain-marathon\\\/\"},{\"@type\":\"ListItem\",\"position\":2,\"name\":\"Produkter\",\"item\":\"https:\\\/\\\/theomm.com\\\/sv\\\/original-mountain-marathon\\\/produkter\\\/\"},{\"@type\":\"ListItem\",\"position\":3,\"name\":\"Kamleika Overmitt\"}]},{\"@type\":\"WebSite\",\"@id\":\"https:\\\/\\\/theomm.com\\\/#website\",\"url\":\"https:\\\/\\\/theomm.com\\\/\",\"name\":\"OMM\",\"description\":\"OMM is Technical clothing and equipment made for running in the mountains. Designed to the specifications of Original Mountain Marathon.\",\"alternateName\":\"Original Mountain Marathon\",\"potentialAction\":[{\"@type\":\"SearchAction\",\"target\":{\"@type\":\"EntryPoint\",\"urlTemplate\":\"https:\\\/\\\/theomm.com\\\/?s={search_term_string}\"},\"query-input\":{\"@type\":\"PropertyValueSpecification\",\"valueRequired\":true,\"valueName\":\"search_term_string\"}}],\"inLanguage\":\"sv-SE\"}]}<\/script>\n<!-- \/ Yoast SEO plugin. -->","yoast_head_json":{"title":"Kamleika Overmitt - OMM","description":"The Kamleika Overmitt, Super Stretch Waterproof Overmitt. Mountain Shell Protection. Active Temperature Moisture Management Adaptive Protection","robots":{"index":"index","follow":"follow","max-snippet":"max-snippet:-1","max-image-preview":"max-image-preview:large","max-video-preview":"max-video-preview:-1"},"canonical":"https:\/\/theomm.com\/product\/kamleika-overmitt-2\/","og_locale":"sv_SE","og_type":"article","og_title":"Kamleika Overmitt - OMM","og_description":"The Kamleika Overmitt, Super Stretch Waterproof Overmitt. Mountain Shell Protection. Active Temperature Moisture Management Adaptive Protection","og_url":"https:\/\/theomm.com\/product\/kamleika-overmitt-2\/","og_site_name":"OMM","article_publisher":"https:\/\/www.facebook.com\/OMMrunning?_ga=2.203172945.1541616462.1665402953-280172632.1649426001","article_modified_time":"2026-02-11T00:54:20+00:00","og_image":[{"width":600,"height":600,"url":"https:\/\/theomm.com\/wp-content\/uploads\/2022\/09\/OC103_Kamleika-Mitt_GreenPair.jpg","type":"image\/jpeg"}],"twitter_card":"summary_large_image","twitter_misc":{"Ber\u00e4knad l\u00e4stid":"1 minute"},"schema":{"@context":"https:\/\/schema.org","@graph":[{"@type":"WebPage","@id":"https:\/\/theomm.com\/product\/kamleika-overmitt-2\/","url":"https:\/\/theomm.com\/product\/kamleika-overmitt-2\/","name":"Kamleika Overmitt - OMM","isPartOf":{"@id":"https:\/\/theomm.com\/#website"},"primaryImageOfPage":{"@id":"https:\/\/theomm.com\/product\/kamleika-overmitt-2\/#primaryimage"},"image":{"@id":"https:\/\/theomm.com\/product\/kamleika-overmitt-2\/#primaryimage"},"thumbnailUrl":"https:\/\/theomm.com\/wp-content\/uploads\/2022\/09\/OC103_Kamleika-Mitt_GreenPair.jpg","datePublished":"2019-03-16T10:42:23+00:00","dateModified":"2026-02-11T00:54:20+00:00","description":"The Kamleika Overmitt, Super Stretch Waterproof Overmitt. Mountain Shell Protection. Active Temperature Moisture Management Adaptive Protection","breadcrumb":{"@id":"https:\/\/theomm.com\/product\/kamleika-overmitt-2\/#breadcrumb"},"inLanguage":"sv-SE","potentialAction":[{"@type":"ReadAction","target":["https:\/\/theomm.com\/product\/kamleika-overmitt-2\/"]}]},{"@type":"ImageObject","inLanguage":"sv-SE","@id":"https:\/\/theomm.com\/product\/kamleika-overmitt-2\/#primaryimage","url":"https:\/\/theomm.com\/wp-content\/uploads\/2022\/09\/OC103_Kamleika-Mitt_GreenPair.jpg","contentUrl":"https:\/\/theomm.com\/wp-content\/uploads\/2022\/09\/OC103_Kamleika-Mitt_GreenPair.jpg","width":600,"height":600},{"@type":"BreadcrumbList","@id":"https:\/\/theomm.com\/product\/kamleika-overmitt-2\/#breadcrumb","itemListElement":[{"@type":"ListItem","position":1,"name":"Home","item":"https:\/\/theomm.com\/sv\/original-mountain-marathon\/"},{"@type":"ListItem","position":2,"name":"Produkter","item":"https:\/\/theomm.com\/sv\/original-mountain-marathon\/produkter\/"},{"@type":"ListItem","position":3,"name":"Kamleika Overmitt"}]},{"@type":"WebSite","@id":"https:\/\/theomm.com\/#website","url":"https:\/\/theomm.com\/","name":"OMM","description":"OMM is Technical clothing and equipment made for running in the mountains. Designed to the specifications of Original Mountain Marathon.","alternateName":"Original Mountain Marathon","potentialAction":[{"@type":"SearchAction","target":{"@type":"EntryPoint","urlTemplate":"https:\/\/theomm.com\/?s={search_term_string}"},"query-input":{"@type":"PropertyValueSpecification","valueRequired":true,"valueName":"search_term_string"}}],"inLanguage":"sv-SE"}]}},"_links":{"self":[{"href":"https:\/\/theomm.com\/sv\/wp-json\/wp\/v2\/product\/184758","targetHints":{"allow":["GET"]}}],"collection":[{"href":"https:\/\/theomm.com\/sv\/wp-json\/wp\/v2\/product"}],"about":[{"href":"https:\/\/theomm.com\/sv\/wp-json\/wp\/v2\/types\/product"}],"wp:featuredmedia":[{"embeddable":true,"href":"https:\/\/theomm.com\/sv\/wp-json\/wp\/v2\/media\/151801"}],"wp:attachment":[{"href":"https:\/\/theomm.com\/sv\/wp-json\/wp\/v2\/media?parent=184758"}],"wp:term":[{"taxonomy":"locations","embeddable":true,"href":"https:\/\/theomm.com\/sv\/wp-json\/wp\/v2\/locations?post=184758"},{"taxonomy":"product_brand","embeddable":true,"href":"https:\/\/theomm.com\/sv\/wp-json\/wp\/v2\/product_brand?post=184758"},{"taxonomy":"product_cat","embeddable":true,"href":"https:\/\/theomm.com\/sv\/wp-json\/wp\/v2\/product_cat?post=184758"},{"taxonomy":"product_tag","embeddable":true,"href":"https:\/\/theomm.com\/sv\/wp-json\/wp\/v2\/product_tag?post=184758"}],"curies":[{"name":"wp","href":"https:\/\/api.w.org\/{rel}","templated":true}]}}