{"id":184789,"date":"2019-03-16T10:42:43","date_gmt":"2019-03-16T10:42:43","guid":{"rendered":"https:\/\/theomm.com\/product\/halo-smock-2\/"},"modified":"2026-02-03T15:44:24","modified_gmt":"2026-02-03T15:44:24","slug":"wisp-smock-2","status":"publish","type":"product","link":"https:\/\/theomm.com\/sv\/product\/wisp-smock-2\/","title":{"rendered":"Wisp Smock"},"content":{"rendered":"<p>Wisp Smock &#8211; En ultral\u00e4tt och ventilerande vattent\u00e4t smocka som packas ner till storleken av en tennisboll. Idealisk f\u00f6r blandade f\u00f6rh\u00e5llanden och konstruerad med smala, fullt tejpade s\u00f6mmar i ett tv\u00e5skikts vattent\u00e4tt tyg. Minimalistisk design med halv dragkedja, elastiska avslut p\u00e5 huva och handleder samt justerbar dynamisk bakdel f\u00f6r att f\u00f6rhindra att smockan \u00e5ker upp n\u00e4r den b\u00e4rs under en ryggs\u00e4ck eller n\u00e4r man kl\u00e4ttrar. 95G ULTRAL\u00c4TT VATTENT\u00c4T MOUNTAIN SHELL MOUNTAIN SKYDD Ultral\u00e4tt mountain shell tillverkad av ett tv\u00e5skikts statiskt tyg med en vattenpelare p\u00e5 10 000 mm och andningsf\u00f6rm\u00e5ga p\u00e5 10 000gsm\/24h. SUPER-PACKABLE Designad f\u00f6r blandade f\u00f6rh\u00e5llanden n\u00e4r jackan beh\u00f6ver dras p\u00e5 eller packas ner snabbt. Wisp Smock packas ner till storleken av en tennisboll och uppfyller alla FRA- och andra t\u00e4vlingskrav p\u00e5 utrustning. PRISBEL\u00d6NAD ST\u00c4NGNING Funktion kommer alltid f\u00f6re viktsparande. Wisp har v\u00e5ra prisbel\u00f6nta st\u00e4ngningar och huvudesign som ger dig fullt skydd mot elementen.<\/p>\n<p>Vattent\u00e4t Vindt\u00e4t Smala helt tejpade s\u00f6mmar Huva med spets Halv YKK Aquaguard dragkedja Reflekterande logotyper F\u00f6rl\u00e4ngd manschett med tumh\u00e5l Dynamisk bakdel F\u00e4rger: Bl\u00e5\/Gr\u00e5, Marinbl\u00e5\/Orange, Gul Tyg: PointZero H20 Vikt: 95g Storlekar: XS \/ S \/ M \/ L \/ XL<\/p>\n","protected":false},"excerpt":{"rendered":"<p>En ultral\u00e4tt och ventilerande vattent\u00e4t smocka som packas ner till storleken av en tennisboll. Idealisk f\u00f6r blandade f\u00f6rh\u00e5llanden och konstruerad med smala, fullt tejpade s\u00f6mmar i ett tv\u00e5skikts vattent\u00e4tt tyg. Minimalistisk design med halv dragkedja, elastiska avslut p\u00e5 huva och handleder samt justerbar dynamisk bakdel f\u00f6r att f\u00f6rhindra att smockan \u00e5ker upp n\u00e4r den b\u00e4rs under en ryggs\u00e4ck eller n\u00e4r man kl\u00e4ttrar.<\/p>\n","protected":false},"featured_media":151613,"template":"","meta":{"_acf_changed":false,"_et_pb_use_builder":"","_et_pb_old_content":"","_et_gb_content_width":""},"locations":[],"product_brand":[],"product_cat":[1272,1278],"product_tag":[2341,2344],"class_list":{"0":"post-184789","1":"product","2":"type-product","3":"status-publish","4":"has-post-thumbnail","6":"product_cat-klader","7":"product_cat-yttre-lager","8":"product_tag-lightweight-running-jacket-sv","9":"product_tag-waterproof-running-jacket-sv","10":"pa_color-bla-sv","11":"pa_color-gra-sv","12":"pa_color-gron-sv","13":"pa_color-navy-sv","14":"pa_color-orange-sv","15":"pa_colour-bla-gra-sv","16":"pa_colour-gra-sv","17":"pa_colour-gra-gron","18":"pa_colour-gul-sv","19":"pa_colour-orange-navy-sv","20":"pa_gender-mens-sv","21":"pa_gender-womens-sv","22":"pa_size-stor-sv","23":"pa_size-medium-sv","24":"pa_size-sma","25":"pa_size-x-stor-sv","26":"pa_size-x-sma","27":"pa_technology-point-zero-h2o","28":"pa_weight-50-100g","30":"first","31":"instock","32":"taxable","33":"shipping-taxable","34":"purchasable","35":"product-type-variable","36":"wvs-archive-product-wrapper"},"acf":[],"yoast_head":"<!-- This site is optimized with the Yoast SEO plugin v27.3 - https:\/\/yoast.com\/product\/yoast-seo-wordpress\/ -->\n<title>Wisp Smock - OMM<\/title>\n<meta name=\"description\" content=\"The Wisp Smock, 95G Ultra Lightweight Waterproof Mountain Shell. Mountain Shell Protection. Super-Packable Award Winning Closures\" \/>\n<meta name=\"robots\" content=\"index, follow, max-snippet:-1, max-image-preview:large, max-video-preview:-1\" \/>\n<link rel=\"canonical\" href=\"https:\/\/theomm.com\/sv\/product\/wisp-smock-2\/\" \/>\n<meta property=\"og:locale\" content=\"sv_SE\" \/>\n<meta property=\"og:type\" content=\"article\" \/>\n<meta property=\"og:title\" content=\"Wisp Smock - OMM\" \/>\n<meta property=\"og:description\" content=\"The Wisp Smock, 95G Ultra Lightweight Waterproof Mountain Shell. Mountain Shell Protection. Super-Packable Award Winning Closures\" \/>\n<meta property=\"og:url\" content=\"https:\/\/theomm.com\/sv\/product\/wisp-smock-2\/\" \/>\n<meta property=\"og:site_name\" content=\"OMM\" \/>\n<meta property=\"article:publisher\" content=\"https:\/\/www.facebook.com\/OMMrunning?_ga=2.203172945.1541616462.1665402953-280172632.1649426001\" \/>\n<meta property=\"article:modified_time\" content=\"2026-02-03T15:44:24+00:00\" \/>\n<meta property=\"og:image\" content=\"https:\/\/theomm.com\/wp-content\/uploads\/2022\/09\/OC091_Halo_Smock_OrangeNavy_Front_hood_down.jpg\" \/>\n\t<meta property=\"og:image:width\" content=\"600\" \/>\n\t<meta property=\"og:image:height\" content=\"600\" \/>\n\t<meta property=\"og:image:type\" content=\"image\/jpeg\" \/>\n<meta name=\"twitter:card\" content=\"summary_large_image\" \/>\n<meta name=\"twitter:label1\" content=\"Ber\u00e4knad l\u00e4stid\" \/>\n\t<meta name=\"twitter:data1\" content=\"1 minute\" \/>\n<script type=\"application\/ld+json\" class=\"yoast-schema-graph\">{\"@context\":\"https:\\\/\\\/schema.org\",\"@graph\":[{\"@type\":\"WebPage\",\"@id\":\"https:\\\/\\\/theomm.com\\\/sv\\\/product\\\/wisp-smock-2\\\/\",\"url\":\"https:\\\/\\\/theomm.com\\\/sv\\\/product\\\/wisp-smock-2\\\/\",\"name\":\"Wisp Smock - OMM\",\"isPartOf\":{\"@id\":\"https:\\\/\\\/theomm.com\\\/#website\"},\"primaryImageOfPage\":{\"@id\":\"https:\\\/\\\/theomm.com\\\/sv\\\/product\\\/wisp-smock-2\\\/#primaryimage\"},\"image\":{\"@id\":\"https:\\\/\\\/theomm.com\\\/sv\\\/product\\\/wisp-smock-2\\\/#primaryimage\"},\"thumbnailUrl\":\"https:\\\/\\\/theomm.com\\\/wp-content\\\/uploads\\\/2022\\\/09\\\/OC091_Halo_Smock_OrangeNavy_Front_hood_down.jpg\",\"datePublished\":\"2019-03-16T10:42:43+00:00\",\"dateModified\":\"2026-02-03T15:44:24+00:00\",\"description\":\"The Wisp Smock, 95G Ultra Lightweight Waterproof Mountain Shell. Mountain Shell Protection. Super-Packable Award Winning Closures\",\"breadcrumb\":{\"@id\":\"https:\\\/\\\/theomm.com\\\/sv\\\/product\\\/wisp-smock-2\\\/#breadcrumb\"},\"inLanguage\":\"sv-SE\",\"potentialAction\":[{\"@type\":\"ReadAction\",\"target\":[\"https:\\\/\\\/theomm.com\\\/sv\\\/product\\\/wisp-smock-2\\\/\"]}]},{\"@type\":\"ImageObject\",\"inLanguage\":\"sv-SE\",\"@id\":\"https:\\\/\\\/theomm.com\\\/sv\\\/product\\\/wisp-smock-2\\\/#primaryimage\",\"url\":\"https:\\\/\\\/theomm.com\\\/wp-content\\\/uploads\\\/2022\\\/09\\\/OC091_Halo_Smock_OrangeNavy_Front_hood_down.jpg\",\"contentUrl\":\"https:\\\/\\\/theomm.com\\\/wp-content\\\/uploads\\\/2022\\\/09\\\/OC091_Halo_Smock_OrangeNavy_Front_hood_down.jpg\",\"width\":600,\"height\":600},{\"@type\":\"BreadcrumbList\",\"@id\":\"https:\\\/\\\/theomm.com\\\/sv\\\/product\\\/wisp-smock-2\\\/#breadcrumb\",\"itemListElement\":[{\"@type\":\"ListItem\",\"position\":1,\"name\":\"Home\",\"item\":\"https:\\\/\\\/theomm.com\\\/sv\\\/original-mountain-marathon\\\/\"},{\"@type\":\"ListItem\",\"position\":2,\"name\":\"Produkter\",\"item\":\"https:\\\/\\\/theomm.com\\\/sv\\\/original-mountain-marathon\\\/produkter\\\/\"},{\"@type\":\"ListItem\",\"position\":3,\"name\":\"Wisp Smock\"}]},{\"@type\":\"WebSite\",\"@id\":\"https:\\\/\\\/theomm.com\\\/#website\",\"url\":\"https:\\\/\\\/theomm.com\\\/\",\"name\":\"OMM\",\"description\":\"OMM is Technical clothing and equipment made for running in the mountains. Designed to the specifications of Original Mountain Marathon.\",\"alternateName\":\"Original Mountain Marathon\",\"potentialAction\":[{\"@type\":\"SearchAction\",\"target\":{\"@type\":\"EntryPoint\",\"urlTemplate\":\"https:\\\/\\\/theomm.com\\\/?s={search_term_string}\"},\"query-input\":{\"@type\":\"PropertyValueSpecification\",\"valueRequired\":true,\"valueName\":\"search_term_string\"}}],\"inLanguage\":\"sv-SE\"}]}<\/script>\n<!-- \/ Yoast SEO plugin. -->","yoast_head_json":{"title":"Wisp Smock - OMM","description":"The Wisp Smock, 95G Ultra Lightweight Waterproof Mountain Shell. Mountain Shell Protection. Super-Packable Award Winning Closures","robots":{"index":"index","follow":"follow","max-snippet":"max-snippet:-1","max-image-preview":"max-image-preview:large","max-video-preview":"max-video-preview:-1"},"canonical":"https:\/\/theomm.com\/sv\/product\/wisp-smock-2\/","og_locale":"sv_SE","og_type":"article","og_title":"Wisp Smock - OMM","og_description":"The Wisp Smock, 95G Ultra Lightweight Waterproof Mountain Shell. Mountain Shell Protection. Super-Packable Award Winning Closures","og_url":"https:\/\/theomm.com\/sv\/product\/wisp-smock-2\/","og_site_name":"OMM","article_publisher":"https:\/\/www.facebook.com\/OMMrunning?_ga=2.203172945.1541616462.1665402953-280172632.1649426001","article_modified_time":"2026-02-03T15:44:24+00:00","og_image":[{"width":600,"height":600,"url":"https:\/\/theomm.com\/wp-content\/uploads\/2022\/09\/OC091_Halo_Smock_OrangeNavy_Front_hood_down.jpg","type":"image\/jpeg"}],"twitter_card":"summary_large_image","twitter_misc":{"Ber\u00e4knad l\u00e4stid":"1 minute"},"schema":{"@context":"https:\/\/schema.org","@graph":[{"@type":"WebPage","@id":"https:\/\/theomm.com\/sv\/product\/wisp-smock-2\/","url":"https:\/\/theomm.com\/sv\/product\/wisp-smock-2\/","name":"Wisp Smock - OMM","isPartOf":{"@id":"https:\/\/theomm.com\/#website"},"primaryImageOfPage":{"@id":"https:\/\/theomm.com\/sv\/product\/wisp-smock-2\/#primaryimage"},"image":{"@id":"https:\/\/theomm.com\/sv\/product\/wisp-smock-2\/#primaryimage"},"thumbnailUrl":"https:\/\/theomm.com\/wp-content\/uploads\/2022\/09\/OC091_Halo_Smock_OrangeNavy_Front_hood_down.jpg","datePublished":"2019-03-16T10:42:43+00:00","dateModified":"2026-02-03T15:44:24+00:00","description":"The Wisp Smock, 95G Ultra Lightweight Waterproof Mountain Shell. Mountain Shell Protection. Super-Packable Award Winning Closures","breadcrumb":{"@id":"https:\/\/theomm.com\/sv\/product\/wisp-smock-2\/#breadcrumb"},"inLanguage":"sv-SE","potentialAction":[{"@type":"ReadAction","target":["https:\/\/theomm.com\/sv\/product\/wisp-smock-2\/"]}]},{"@type":"ImageObject","inLanguage":"sv-SE","@id":"https:\/\/theomm.com\/sv\/product\/wisp-smock-2\/#primaryimage","url":"https:\/\/theomm.com\/wp-content\/uploads\/2022\/09\/OC091_Halo_Smock_OrangeNavy_Front_hood_down.jpg","contentUrl":"https:\/\/theomm.com\/wp-content\/uploads\/2022\/09\/OC091_Halo_Smock_OrangeNavy_Front_hood_down.jpg","width":600,"height":600},{"@type":"BreadcrumbList","@id":"https:\/\/theomm.com\/sv\/product\/wisp-smock-2\/#breadcrumb","itemListElement":[{"@type":"ListItem","position":1,"name":"Home","item":"https:\/\/theomm.com\/sv\/original-mountain-marathon\/"},{"@type":"ListItem","position":2,"name":"Produkter","item":"https:\/\/theomm.com\/sv\/original-mountain-marathon\/produkter\/"},{"@type":"ListItem","position":3,"name":"Wisp Smock"}]},{"@type":"WebSite","@id":"https:\/\/theomm.com\/#website","url":"https:\/\/theomm.com\/","name":"OMM","description":"OMM is Technical clothing and equipment made for running in the mountains. Designed to the specifications of Original Mountain Marathon.","alternateName":"Original Mountain Marathon","potentialAction":[{"@type":"SearchAction","target":{"@type":"EntryPoint","urlTemplate":"https:\/\/theomm.com\/?s={search_term_string}"},"query-input":{"@type":"PropertyValueSpecification","valueRequired":true,"valueName":"search_term_string"}}],"inLanguage":"sv-SE"}]}},"_links":{"self":[{"href":"https:\/\/theomm.com\/sv\/wp-json\/wp\/v2\/product\/184789","targetHints":{"allow":["GET"]}}],"collection":[{"href":"https:\/\/theomm.com\/sv\/wp-json\/wp\/v2\/product"}],"about":[{"href":"https:\/\/theomm.com\/sv\/wp-json\/wp\/v2\/types\/product"}],"wp:featuredmedia":[{"embeddable":true,"href":"https:\/\/theomm.com\/sv\/wp-json\/wp\/v2\/media\/151613"}],"wp:attachment":[{"href":"https:\/\/theomm.com\/sv\/wp-json\/wp\/v2\/media?parent=184789"}],"wp:term":[{"taxonomy":"locations","embeddable":true,"href":"https:\/\/theomm.com\/sv\/wp-json\/wp\/v2\/locations?post=184789"},{"taxonomy":"product_brand","embeddable":true,"href":"https:\/\/theomm.com\/sv\/wp-json\/wp\/v2\/product_brand?post=184789"},{"taxonomy":"product_cat","embeddable":true,"href":"https:\/\/theomm.com\/sv\/wp-json\/wp\/v2\/product_cat?post=184789"},{"taxonomy":"product_tag","embeddable":true,"href":"https:\/\/theomm.com\/sv\/wp-json\/wp\/v2\/product_tag?post=184789"}],"curies":[{"name":"wp","href":"https:\/\/api.w.org\/{rel}","templated":true}]}}