{"id":185184,"date":"2020-03-16T10:43:50","date_gmt":"2020-03-16T10:43:50","guid":{"rendered":"https:\/\/theomm.com\/product\/rosa-vest-w-2\/"},"modified":"2025-09-10T17:04:32","modified_gmt":"2025-09-10T17:04:32","slug":"rosa-vest-w-2","status":"publish","type":"product","link":"https:\/\/theomm.com\/sv\/product\/rosa-vest-w-2\/","title":{"rendered":"Rosa Vest (W)"},"content":{"rendered":"<p>Rosa Vest (W) &#8211; Rosa Vest (W) anv\u00e4nder samma PrimaLoft\u00ae Gold-isolering som v\u00e5ra sovs\u00e4ckar, vilket ger en otrolig v\u00e4rme-vikt-f\u00f6rh\u00e5llande. Vid 125 g \u00e4r Rosa Vest idealisk som ett lager att snabbt dra p\u00e5 n\u00e4r du n\u00e5r topparna eller som en del av ett skiktsystem vid kallare temperaturer. Fylld med 40 g PrimaLoft\u00ae Gold med Cross Core med en vind- och vattenavvisande ytterskal och foder f\u00f6r f\u00f6rb\u00e4ttrat skydd, allt i en kvinnospecifik passform. Med en hel l\u00e4ngd dragkedja, integrerad packficka p\u00e5 h\u00f6ften och fantastisk packstorlek kan detta avskalade lager b\u00e4ras i de minsta ryggs\u00e4ckarna. ULTRA L\u00c4TT PRIMALOFT\u00ae CROSS-CORE GOLD-ISOLERING PRIMALOFT\u00ae H\u00d6GKVALITATIV SYNTETISK ISOLERING PrimaLoft\u00ae Gold med Cross Core Technology \u00e4r den h\u00f6gsta kvaliteten p\u00e5 syntetisk isolering som finns tillg\u00e4nglig. Genom att ge v\u00e4rme utan bulk och isolering \u00e4ven n\u00e4r det \u00e4r bl\u00f6tt \u00e4r det fyllningen idealisk f\u00f6r de typiskt blandade f\u00f6rh\u00e5llandena som finns i de brittiska kullarna. VIND- &amp; VATTENAVVISANDE OMM-isolering anv\u00e4nder samma yttertyg som v\u00e5ra vindstoppande Sonic-jackor f\u00f6r att ge vind- och vattenbest\u00e4ndighet samtidigt som v\u00e4rmen beh\u00e5lls. Genom att blockera vinden minskar vi den v\u00e4rmesk\u00f6ljande effekten som strippar bort din h\u00e5rt vunna v\u00e4rme fr\u00e5n kroppen. SUPERPACKBART &amp; L\u00c4TT Viks ihop i sin egen ficka f\u00f6r kompakt f\u00f6rvaring. OMM-isolering har den h\u00f6gsta v\u00e4rme-till-vikt-f\u00f6rh\u00e5llandet f\u00f6r syntetisk isolering genom att anv\u00e4nda den b\u00e4sta kvaliteten p\u00e5 PrimaLoft\u00ae kombinerat med v\u00e5rt ultral\u00e4tta ytterlager. Vindt\u00e4t Isolerar \u00e4ven om det \u00e4r bl\u00f6tt L\u00f6st yttre skal PrimaLoft\u00ae Gold med Cross Core 40g\/m2 PrimaLoft\u00ae Luxe l\u00f6st fyllningskrageb\u00e5ge f\u00f6r att skapa en effektiv t\u00e4tning Kvinnospecifik passform Hel l\u00e4ngd YKK-dragkedja med dragl\u00e5s bakom Dragkord i f\u00e5llen F\u00e4rger: Svart, Rosa Tyger: PointZero PrimaLoft\u00ae Gold 40g Vikt: 125g Storlekar: XS \/ S \/ M \/ L \/ XL<\/p>\n<p>Idealiskt lager f\u00f6r trailrunning p\u00e5 vintern<\/p>\n","protected":false},"excerpt":{"rendered":"<p>Rosa-vesten bruker samme PrimaLoft\u00ae Gold-isolasjon som v\u00e5re soveposer, noe som gir deg en utrolig varme-til-vekt-forhold. Ved 125 g er Rosa-vesten ideell som et lag \u00e5 raskt ta p\u00e5 seg n\u00e5r du n\u00e5r toppene eller som en del av et lag-p\u00e5-lag-system i kaldere temperaturer. Fylt med 40 g PrimaLoft\u00ae Gold med Cross Core med en vind- og vannbestandig ytterskal og f\u00f4r for forbedret beskyttelse, alt i en spesifikk passform for kvinner. Med en hel lengde glidel\u00e5s, integrert oppbevaringslomme p\u00e5 hoften og en fantastisk pakkest\u00f8rrelse kan dette avskallede laget b\u00e6res i de minste ryggsekkene.<\/p>\n","protected":false},"featured_media":152163,"template":"","meta":{"_acf_changed":false,"_et_pb_use_builder":"","_et_pb_old_content":"","_et_gb_content_width":""},"locations":[1195,1196],"product_brand":[],"product_cat":[1275,1272],"product_tag":[3013,2295,2419],"class_list":{"0":"post-185184","1":"product","2":"type-product","3":"status-publish","4":"has-post-thumbnail","6":"locations-eu","7":"locations-uk","8":"product_cat-isolering-sv","9":"product_cat-klader","10":"product_tag-insulation-vest","11":"product_tag-omm-vest-sv","12":"product_tag-thermal-running-vest-sv","13":"pa_color-aqua-sv","14":"pa_color-pink-sv","15":"pa_color-svart","16":"pa_colour-pink-sv","17":"pa_colour-svart","18":"pa_colour-svart-aqua","19":"pa_gender-womens-sv","20":"pa_size-stor-sv","21":"pa_size-medium-sv","22":"pa_size-sma","23":"pa_size-x-stor-sv","24":"pa_size-x-sma","25":"pa_technology-point-zero","26":"pa_technology-primaloft-cross-core-gold-eco","27":"pa_weight-100-200g","29":"first","30":"outofstock","31":"taxable","32":"shipping-taxable","33":"purchasable","34":"product-type-variable","35":"wvs-archive-product-wrapper"},"acf":[],"yoast_head":"<!-- This site is optimized with the Yoast SEO plugin v27.3 - https:\/\/yoast.com\/product\/yoast-seo-wordpress\/ -->\n<title>Rosa Vest (W) - OMM<\/title>\n<meta name=\"description\" content=\"The Rosa Vest (W), Ultra Lightweight Primaloft\u00ae Cross-Core Gold Insulation. Primaloft\u00ae Highest Quality Synthetic Insulation.\" \/>\n<meta name=\"robots\" content=\"index, follow, max-snippet:-1, max-image-preview:large, max-video-preview:-1\" \/>\n<link rel=\"canonical\" href=\"https:\/\/theomm.com\/product\/rosa-vest-w\/\" \/>\n<meta property=\"og:locale\" content=\"sv_SE\" \/>\n<meta property=\"og:type\" content=\"article\" \/>\n<meta property=\"og:title\" content=\"Rosa Vest (W) - OMM\" \/>\n<meta property=\"og:description\" content=\"The Rosa Vest (W), Ultra Lightweight Primaloft\u00ae Cross-Core Gold Insulation. Primaloft\u00ae Highest Quality Synthetic Insulation.\" \/>\n<meta property=\"og:url\" content=\"https:\/\/theomm.com\/product\/rosa-vest-w\/\" \/>\n<meta property=\"og:site_name\" content=\"OMM\" \/>\n<meta property=\"article:publisher\" content=\"https:\/\/www.facebook.com\/OMMrunning?_ga=2.203172945.1541616462.1665402953-280172632.1649426001\" \/>\n<meta property=\"article:modified_time\" content=\"2025-09-10T17:04:32+00:00\" \/>\n<meta property=\"og:image\" content=\"https:\/\/theomm.com\/wp-content\/uploads\/2022\/10\/OC129-rosa-vest-front-purple.jpg\" \/>\n\t<meta property=\"og:image:width\" content=\"600\" \/>\n\t<meta property=\"og:image:height\" content=\"600\" \/>\n\t<meta property=\"og:image:type\" content=\"image\/jpeg\" \/>\n<meta name=\"twitter:card\" content=\"summary_large_image\" \/>\n<meta name=\"twitter:label1\" content=\"Ber\u00e4knad l\u00e4stid\" \/>\n\t<meta name=\"twitter:data1\" content=\"2 minutes\" \/>\n<script type=\"application\/ld+json\" class=\"yoast-schema-graph\">{\"@context\":\"https:\\\/\\\/schema.org\",\"@graph\":[{\"@type\":\"WebPage\",\"@id\":\"https:\\\/\\\/theomm.com\\\/product\\\/rosa-vest-w\\\/\",\"url\":\"https:\\\/\\\/theomm.com\\\/product\\\/rosa-vest-w\\\/\",\"name\":\"Rosa Vest (W) - OMM\",\"isPartOf\":{\"@id\":\"https:\\\/\\\/theomm.com\\\/#website\"},\"primaryImageOfPage\":{\"@id\":\"https:\\\/\\\/theomm.com\\\/product\\\/rosa-vest-w\\\/#primaryimage\"},\"image\":{\"@id\":\"https:\\\/\\\/theomm.com\\\/product\\\/rosa-vest-w\\\/#primaryimage\"},\"thumbnailUrl\":\"https:\\\/\\\/theomm.com\\\/wp-content\\\/uploads\\\/2022\\\/10\\\/OC129-rosa-vest-front-purple.jpg\",\"datePublished\":\"2020-03-16T10:43:50+00:00\",\"dateModified\":\"2025-09-10T17:04:32+00:00\",\"description\":\"The Rosa Vest (W), Ultra Lightweight Primaloft\u00ae Cross-Core Gold Insulation. Primaloft\u00ae Highest Quality Synthetic Insulation.\",\"breadcrumb\":{\"@id\":\"https:\\\/\\\/theomm.com\\\/product\\\/rosa-vest-w\\\/#breadcrumb\"},\"inLanguage\":\"sv-SE\",\"potentialAction\":[{\"@type\":\"ReadAction\",\"target\":[\"https:\\\/\\\/theomm.com\\\/product\\\/rosa-vest-w\\\/\"]}]},{\"@type\":\"ImageObject\",\"inLanguage\":\"sv-SE\",\"@id\":\"https:\\\/\\\/theomm.com\\\/product\\\/rosa-vest-w\\\/#primaryimage\",\"url\":\"https:\\\/\\\/theomm.com\\\/wp-content\\\/uploads\\\/2022\\\/10\\\/OC129-rosa-vest-front-purple.jpg\",\"contentUrl\":\"https:\\\/\\\/theomm.com\\\/wp-content\\\/uploads\\\/2022\\\/10\\\/OC129-rosa-vest-front-purple.jpg\",\"width\":600,\"height\":600},{\"@type\":\"BreadcrumbList\",\"@id\":\"https:\\\/\\\/theomm.com\\\/product\\\/rosa-vest-w\\\/#breadcrumb\",\"itemListElement\":[{\"@type\":\"ListItem\",\"position\":1,\"name\":\"Home\",\"item\":\"https:\\\/\\\/theomm.com\\\/sv\\\/original-mountain-marathon\\\/\"},{\"@type\":\"ListItem\",\"position\":2,\"name\":\"Produkter\",\"item\":\"https:\\\/\\\/theomm.com\\\/sv\\\/original-mountain-marathon\\\/produkter\\\/\"},{\"@type\":\"ListItem\",\"position\":3,\"name\":\"Rosa Vest (W)\"}]},{\"@type\":\"WebSite\",\"@id\":\"https:\\\/\\\/theomm.com\\\/#website\",\"url\":\"https:\\\/\\\/theomm.com\\\/\",\"name\":\"OMM\",\"description\":\"OMM is Technical clothing and equipment made for running in the mountains. Designed to the specifications of Original Mountain Marathon.\",\"alternateName\":\"Original Mountain Marathon\",\"potentialAction\":[{\"@type\":\"SearchAction\",\"target\":{\"@type\":\"EntryPoint\",\"urlTemplate\":\"https:\\\/\\\/theomm.com\\\/?s={search_term_string}\"},\"query-input\":{\"@type\":\"PropertyValueSpecification\",\"valueRequired\":true,\"valueName\":\"search_term_string\"}}],\"inLanguage\":\"sv-SE\"}]}<\/script>\n<!-- \/ Yoast SEO plugin. -->","yoast_head_json":{"title":"Rosa Vest (W) - OMM","description":"The Rosa Vest (W), Ultra Lightweight Primaloft\u00ae Cross-Core Gold Insulation. Primaloft\u00ae Highest Quality Synthetic Insulation.","robots":{"index":"index","follow":"follow","max-snippet":"max-snippet:-1","max-image-preview":"max-image-preview:large","max-video-preview":"max-video-preview:-1"},"canonical":"https:\/\/theomm.com\/product\/rosa-vest-w\/","og_locale":"sv_SE","og_type":"article","og_title":"Rosa Vest (W) - OMM","og_description":"The Rosa Vest (W), Ultra Lightweight Primaloft\u00ae Cross-Core Gold Insulation. Primaloft\u00ae Highest Quality Synthetic Insulation.","og_url":"https:\/\/theomm.com\/product\/rosa-vest-w\/","og_site_name":"OMM","article_publisher":"https:\/\/www.facebook.com\/OMMrunning?_ga=2.203172945.1541616462.1665402953-280172632.1649426001","article_modified_time":"2025-09-10T17:04:32+00:00","og_image":[{"width":600,"height":600,"url":"https:\/\/theomm.com\/wp-content\/uploads\/2022\/10\/OC129-rosa-vest-front-purple.jpg","type":"image\/jpeg"}],"twitter_card":"summary_large_image","twitter_misc":{"Ber\u00e4knad l\u00e4stid":"2 minutes"},"schema":{"@context":"https:\/\/schema.org","@graph":[{"@type":"WebPage","@id":"https:\/\/theomm.com\/product\/rosa-vest-w\/","url":"https:\/\/theomm.com\/product\/rosa-vest-w\/","name":"Rosa Vest (W) - OMM","isPartOf":{"@id":"https:\/\/theomm.com\/#website"},"primaryImageOfPage":{"@id":"https:\/\/theomm.com\/product\/rosa-vest-w\/#primaryimage"},"image":{"@id":"https:\/\/theomm.com\/product\/rosa-vest-w\/#primaryimage"},"thumbnailUrl":"https:\/\/theomm.com\/wp-content\/uploads\/2022\/10\/OC129-rosa-vest-front-purple.jpg","datePublished":"2020-03-16T10:43:50+00:00","dateModified":"2025-09-10T17:04:32+00:00","description":"The Rosa Vest (W), Ultra Lightweight Primaloft\u00ae Cross-Core Gold Insulation. Primaloft\u00ae Highest Quality Synthetic Insulation.","breadcrumb":{"@id":"https:\/\/theomm.com\/product\/rosa-vest-w\/#breadcrumb"},"inLanguage":"sv-SE","potentialAction":[{"@type":"ReadAction","target":["https:\/\/theomm.com\/product\/rosa-vest-w\/"]}]},{"@type":"ImageObject","inLanguage":"sv-SE","@id":"https:\/\/theomm.com\/product\/rosa-vest-w\/#primaryimage","url":"https:\/\/theomm.com\/wp-content\/uploads\/2022\/10\/OC129-rosa-vest-front-purple.jpg","contentUrl":"https:\/\/theomm.com\/wp-content\/uploads\/2022\/10\/OC129-rosa-vest-front-purple.jpg","width":600,"height":600},{"@type":"BreadcrumbList","@id":"https:\/\/theomm.com\/product\/rosa-vest-w\/#breadcrumb","itemListElement":[{"@type":"ListItem","position":1,"name":"Home","item":"https:\/\/theomm.com\/sv\/original-mountain-marathon\/"},{"@type":"ListItem","position":2,"name":"Produkter","item":"https:\/\/theomm.com\/sv\/original-mountain-marathon\/produkter\/"},{"@type":"ListItem","position":3,"name":"Rosa Vest (W)"}]},{"@type":"WebSite","@id":"https:\/\/theomm.com\/#website","url":"https:\/\/theomm.com\/","name":"OMM","description":"OMM is Technical clothing and equipment made for running in the mountains. Designed to the specifications of Original Mountain Marathon.","alternateName":"Original Mountain Marathon","potentialAction":[{"@type":"SearchAction","target":{"@type":"EntryPoint","urlTemplate":"https:\/\/theomm.com\/?s={search_term_string}"},"query-input":{"@type":"PropertyValueSpecification","valueRequired":true,"valueName":"search_term_string"}}],"inLanguage":"sv-SE"}]}},"_links":{"self":[{"href":"https:\/\/theomm.com\/sv\/wp-json\/wp\/v2\/product\/185184","targetHints":{"allow":["GET"]}}],"collection":[{"href":"https:\/\/theomm.com\/sv\/wp-json\/wp\/v2\/product"}],"about":[{"href":"https:\/\/theomm.com\/sv\/wp-json\/wp\/v2\/types\/product"}],"wp:featuredmedia":[{"embeddable":true,"href":"https:\/\/theomm.com\/sv\/wp-json\/wp\/v2\/media\/152163"}],"wp:attachment":[{"href":"https:\/\/theomm.com\/sv\/wp-json\/wp\/v2\/media?parent=185184"}],"wp:term":[{"taxonomy":"locations","embeddable":true,"href":"https:\/\/theomm.com\/sv\/wp-json\/wp\/v2\/locations?post=185184"},{"taxonomy":"product_brand","embeddable":true,"href":"https:\/\/theomm.com\/sv\/wp-json\/wp\/v2\/product_brand?post=185184"},{"taxonomy":"product_cat","embeddable":true,"href":"https:\/\/theomm.com\/sv\/wp-json\/wp\/v2\/product_cat?post=185184"},{"taxonomy":"product_tag","embeddable":true,"href":"https:\/\/theomm.com\/sv\/wp-json\/wp\/v2\/product_tag?post=185184"}],"curies":[{"name":"wp","href":"https:\/\/api.w.org\/{rel}","templated":true}]}}